{"id":999,"date":"2025-06-02T08:25:57","date_gmt":"2025-06-02T08:25:57","guid":{"rendered":"http:\/\/167.235.1.82\/~sloengel\/nyside\/?page_id=999"},"modified":"2026-05-06T10:43:29","modified_gmt":"2026-05-06T10:43:29","slug":"kontakt","status":"publish","type":"page","link":"https:\/\/sloengeldage.dk\/index.php\/kontakt\/","title":{"rendered":"Kontakt"},"content":{"rendered":"<div class=\"brz brz-root__container brz-reset-all brz-root__container-page\">\n<section id=\"hxTurFBKdaVn_hxTurFBKdaVn\" class=\"brz-section brz-css-d-section brz-css-1heb4fe\">\n<div class=\"brz-section__content brz-section--boxed brz-css-d-sectionitem-bg brz-css-w9jai4\" data-brz-custom-id=\"i65Zic280UAv\">\n<div class=\"brz-bg\">\n<div class=\"brz-bg-color\"><\/div>\n<\/div>\n<div class=\"brz-container brz-css-d-sectionitem-container brz-css-1w9pfeo\">\n<div class=\"brz-row__container brz-css-d-row-row brz-css-rj77dy\" data-brz-custom-id=\"d0ojqeVil6qK\">\n<div class=\"brz-row brz-css-d-row-container brz-css-r-row-container brz-css-y4c750\">\n<div class=\"brz-columns brz-css-d-column-column brz-css-1lf26es\" data-brz-custom-id=\"e5eYccx9VXu7\">\n<div class=\"brz-column__items brz-css-d-column-bg brz-css-1njacgq\">\n<div id=\"\" class=\"brz-css-d-wrapper brz-css-13ovmao brz-wrapper\">\n<div class=\"brz-menu__container brz-css-d-menu-menu-container brz-css-194h1nr\" data-mmenu-id=\"#e8gXAh9IB9_P_7fcd7b2e8f3ad65db8c5\" data-mmenu-position=\"position-left\" data-mmenu-title=\"Menu\" data-mmenu-stickytitle=\"off\" data-mmenu-isslider=\"false\" data-mmenu-closingicon=\"%7B%22desktop%22%3A%22off%22%2C%22tablet%22%3A%22off%22%2C%22mobile%22%3A%22off%22%7D\" data-brz-custom-id=\"e8gXAh9IB9_P\">\n<nav data-mods=\"%7B%22desktop%22%3A%22vertical%22%2C%22tablet%22%3A%22vertical%22%2C%22mobile%22%3A%22vertical%22%7D\" class=\"brz-menu brz-menu__preview brz-css-d-menu-menu brz-css-1o5glv7\">\n<ul class=\"brz-menu__ul\" data-menu-items-active=\"\">\n<li data-menu-item-id=\"ee415c3d77d2a5e1cf869d49cddb253c\" class=\"brz-menu__item menu-item menu-item-type-post_type menu-item-object-page\"><a class=\"brz-a\" target=\"\" href=\"https:\/\/sloengeldage.dk\/index.php\/om-sloengeldage\/\" title=\"\"><span class=\"brz-span\">Om Sl\u00f8ngeldage<\/span><\/a><\/li>\n<li data-menu-item-id=\"ecdcc53f05febbfc4fa9075fa39e97c0\" class=\"brz-menu__item menu-item menu-item-type-post_type menu-item-object-page\"><a class=\"brz-a\" target=\"\" href=\"https:\/\/sloengeldage.dk\/index.php\/kontakt\/\" title=\"\"><span class=\"brz-span\">Kontakt<\/span><\/a><\/li>\n<li data-menu-item-id=\"17b6cd06a5bdc0558843161aaf504389\" class=\"brz-menu__item menu-item menu-item-type-post_type menu-item-object-page\"><a class=\"brz-a\" target=\"\" href=\"https:\/\/sloengeldage.dk\/index.php\/medie\/\" title=\"\"><span class=\"brz-span\">Medied\u00e6kning<\/span><\/a><\/li>\n<li data-menu-item-id=\"7ae7aead269602d370fe3507e2fdf8ba\" class=\"brz-menu__item menu-item menu-item-type-post_type menu-item-object-page\"><a class=\"brz-a\" target=\"\" href=\"https:\/\/sloengeldage.dk\/index.php\/programmer\/\" title=\"\"><span class=\"brz-span\">Programmer<\/span><\/a><\/li>\n<li data-menu-item-id=\"b91a9f3f142962d99a639b596deb6ea2\" class=\"brz-menu__item menu-item menu-item-type-post_type menu-item-object-page\"><a class=\"brz-a\" target=\"\" href=\"https:\/\/sloengeldage.dk\/index.php\/andet-om-sloengelkluppen\/\" title=\"\"><span class=\"brz-span\">Andet om Sl\u00f8ngelkluppen<\/span><\/a><\/li>\n<li data-menu-item-id=\"2ecb317ebfd827597ff6acced66f357e\" class=\"brz-menu__item menu-item menu-item-type-post_type menu-item-object-page\"><a class=\"brz-a\" target=\"\" href=\"https:\/\/sloengeldage.dk\/index.php\/bestyrelsen\/\" title=\"\"><span class=\"brz-span\">Bestyrelsen<\/span><\/a><\/li>\n<\/ul>\n<\/nav>\n<div class=\"brz-mm-menu__icon\" data-brz-brz-mmenu-icon=\"off\"><\/div>\n<nav data-mods=\"%7B%22desktop%22%3A%22vertical%22%2C%22tablet%22%3A%22vertical%22%2C%22mobile%22%3A%22vertical%22%7D\" id=\"e8gXAh9IB9_P_7fcd7b2e8f3ad65db8c5\" class=\"brz-menu brz-menu__preview brz-menu__mmenu brz-css-d-menu-mmenu brz-css-1fjv03n\">\n<ul class=\"brz-menu__ul\" data-menu-items-active=\"\">\n<li data-menu-item-id=\"ee415c3d77d2a5e1cf869d49cddb253c\" class=\"brz-menu__item menu-item menu-item-type-post_type menu-item-object-page\"><a class=\"brz-a\" target=\"\" href=\"https:\/\/sloengeldage.dk\/index.php\/om-sloengeldage\/\" title=\"\"><span class=\"brz-span\">Om Sl\u00f8ngeldage<\/span><\/a><\/li>\n<li data-menu-item-id=\"ecdcc53f05febbfc4fa9075fa39e97c0\" class=\"brz-menu__item menu-item menu-item-type-post_type menu-item-object-page\"><a class=\"brz-a\" target=\"\" href=\"https:\/\/sloengeldage.dk\/index.php\/kontakt\/\" title=\"\"><span class=\"brz-span\">Kontakt<\/span><\/a><\/li>\n<li data-menu-item-id=\"17b6cd06a5bdc0558843161aaf504389\" class=\"brz-menu__item menu-item menu-item-type-post_type menu-item-object-page\"><a class=\"brz-a\" target=\"\" href=\"https:\/\/sloengeldage.dk\/index.php\/medie\/\" title=\"\"><span class=\"brz-span\">Medied\u00e6kning<\/span><\/a><\/li>\n<li data-menu-item-id=\"7ae7aead269602d370fe3507e2fdf8ba\" class=\"brz-menu__item menu-item menu-item-type-post_type menu-item-object-page\"><a class=\"brz-a\" target=\"\" href=\"https:\/\/sloengeldage.dk\/index.php\/programmer\/\" title=\"\"><span class=\"brz-span\">Programmer<\/span><\/a><\/li>\n<li data-menu-item-id=\"b91a9f3f142962d99a639b596deb6ea2\" class=\"brz-menu__item menu-item menu-item-type-post_type menu-item-object-page\"><a class=\"brz-a\" target=\"\" href=\"https:\/\/sloengeldage.dk\/index.php\/andet-om-sloengelkluppen\/\" title=\"\"><span class=\"brz-span\">Andet om Sl\u00f8ngelkluppen<\/span><\/a><\/li>\n<li data-menu-item-id=\"2ecb317ebfd827597ff6acced66f357e\" class=\"brz-menu__item menu-item menu-item-type-post_type menu-item-object-page\"><a class=\"brz-a\" target=\"\" href=\"https:\/\/sloengeldage.dk\/index.php\/bestyrelsen\/\" title=\"\"><span class=\"brz-span\">Bestyrelsen<\/span><\/a><\/li>\n<\/ul>\n<\/nav>\n<\/div>\n<\/div>\n<\/div>\n<\/div>\n<div class=\"brz-columns brz-css-d-column-column brz-css-115m36f\" data-brz-custom-id=\"gac6WKTaD83q\">\n<div class=\"brz-column__items brz-css-d-column-bg brz-css-lxl377\">\n<div id=\"\" class=\"brz-css-d-wrapper brz-css-isbev6 brz-wrapper\">\n<div class=\"brz-embed-code brz-css-d-embedcode brz-css-1huxxcd\" data-brz-custom-id=\"nTTovDYLjqxb\">\n<div class=\"brz-embed-content\">\n<div>Indl\u00e6ser\u2026<\/div>\n<\/div>\n<\/div>\n<\/div>\n<\/div>\n<\/div>\n<div class=\"brz-columns brz-css-d-column-column brz-css-1eekdfi\" data-brz-custom-id=\"pi3Fp1iSbJhT\">\n<div class=\"brz-column__items brz-css-d-column-bg brz-css-jim8w2\">\n<div id=\"\" class=\"brz-css-d-wrapper brz-css-g8ptl2 brz-wrapper\">\n<div class=\"brz-image brz-css-d-image-ltbkwus9wr8u-parent brz-css-9xxmap\" data-brz-custom-id=\"ltBKWUs9Wr8u\"><img decoding=\"async\" class=\"brz-img\" src=\"https:\/\/sloengeldage.dk\/wp-content\/uploads\/Gavl.jpeg\" loading=\"lazy\" title=\"\"><\/div>\n<\/div>\n<\/div>\n<\/div>\n<\/div>\n<\/div>\n<\/div>\n<\/div>\n<\/section><\/div>\n<p><!-- version:1763996555 --><\/p>\n","protected":false},"excerpt":{"rendered":"<p>Om Sl\u00f8ngeldage Kontakt Medied\u00e6kning Programmer Andet om Sl\u00f8ngelkluppen Bestyrelsen Om Sl\u00f8ngeldage Kontakt Medied\u00e6kning Programmer Andet om Sl\u00f8ngelkluppen Bestyrelsen Indl\u00e6ser\u2026<\/p>\n","protected":false},"author":1,"featured_media":0,"parent":0,"menu_order":0,"comment_status":"closed","ping_status":"closed","template":"brizy-blank-template.php","meta":{"footnotes":""},"folder":[35],"class_list":["post-999","page","type-page","status-publish","hentry","entry"],"brizy_media":[{"id":1003,"url":"https:\/\/sloengeldage.dk\/wp-content\/uploads\/Gavl.jpeg","name":"Gavl.jpeg","meta":{"brizy_attachment_uid":"wp-ad7998596771fcde11e5ca004e9a5905.jpeg","brizy_post_uid":["f913192b7e2fd629064f0d005f0ea7e7","b0b5165ab2d2be8592c22070735c2047","6d227a1bae91fa73cc221ff7e925360f"]}}],"_links":{"self":[{"href":"https:\/\/sloengeldage.dk\/index.php\/wp-json\/wp\/v2\/pages\/999","targetHints":{"allow":["GET"]}}],"collection":[{"href":"https:\/\/sloengeldage.dk\/index.php\/wp-json\/wp\/v2\/pages"}],"about":[{"href":"https:\/\/sloengeldage.dk\/index.php\/wp-json\/wp\/v2\/types\/page"}],"author":[{"embeddable":true,"href":"https:\/\/sloengeldage.dk\/index.php\/wp-json\/wp\/v2\/users\/1"}],"replies":[{"embeddable":true,"href":"https:\/\/sloengeldage.dk\/index.php\/wp-json\/wp\/v2\/comments?post=999"}],"version-history":[{"count":18,"href":"https:\/\/sloengeldage.dk\/index.php\/wp-json\/wp\/v2\/pages\/999\/revisions"}],"predecessor-version":[{"id":2851,"href":"https:\/\/sloengeldage.dk\/index.php\/wp-json\/wp\/v2\/pages\/999\/revisions\/2851"}],"wp:attachment":[{"href":"https:\/\/sloengeldage.dk\/index.php\/wp-json\/wp\/v2\/media?parent=999"}],"wp:term":[{"taxonomy":"folder","embeddable":true,"href":"https:\/\/sloengeldage.dk\/index.php\/wp-json\/wp\/v2\/folder?post=999"}],"curies":[{"name":"wp","href":"https:\/\/api.w.org\/{rel}","templated":true}]}}