{"id":980,"date":"2025-06-02T07:56:22","date_gmt":"2025-06-02T07:56:22","guid":{"rendered":"http:\/\/167.235.1.82\/~sloengel\/nyside\/?page_id=980"},"modified":"2026-04-08T21:33:21","modified_gmt":"2026-04-08T21:33:21","slug":"klods-hans","status":"publish","type":"page","link":"https:\/\/sloengeldage.dk\/index.php\/klods-hans\/","title":{"rendered":"Klods Hans Prisen"},"content":{"rendered":"<div class=\"brz brz-root__container brz-reset-all brz-root__container-page\">\n<section id=\"olKG1fIRRyRu_olKG1fIRRyRu\" class=\"brz-section brz-css-d-section brz-css-1aytyjf\">\n<div class=\"brz-section__content brz-section--boxed brz-css-d-sectionitem-bg brz-css-1vuuatv\" data-brz-custom-id=\"sYauqH9VDVj4\">\n<div class=\"brz-bg\">\n<div class=\"brz-bg-color\"><\/div>\n<\/div>\n<div class=\"brz-container brz-css-d-sectionitem-container brz-css-154xjxz\">\n<div class=\"brz-row__container brz-css-d-row-row brz-css-1pk8rqh\" data-brz-custom-id=\"dDSagZ4pXvob\">\n<div class=\"brz-row brz-css-d-row-container brz-css-r-row-container brz-css-1apv97a\">\n<div class=\"brz-columns brz-css-d-column-column brz-css-p9r84y\" data-brz-custom-id=\"fZbP4VAft_6s\">\n<div class=\"brz-column__items brz-css-d-column-bg brz-css-1ah8ygy\">\n<div id=\"\" class=\"brz-css-d-wrapper brz-css-9c98c8 brz-wrapper\">\n<div class=\"brz-menu__container brz-css-d-menu-menu-container brz-css-6mewjv\" data-mmenu-id=\"#t_Zs9064YHz3_0360d47f6b647a0a1f78\" data-mmenu-position=\"position-left\" data-mmenu-title=\"Menu\" data-mmenu-stickytitle=\"off\" data-mmenu-isslider=\"false\" data-mmenu-closingicon=\"%7B%22desktop%22%3A%22off%22%2C%22tablet%22%3A%22off%22%2C%22mobile%22%3A%22off%22%7D\" data-brz-custom-id=\"t_Zs9064YHz3\">\n<nav data-mods=\"%7B%22desktop%22%3A%22vertical%22%2C%22tablet%22%3A%22vertical%22%2C%22mobile%22%3A%22vertical%22%7D\" class=\"brz-menu brz-menu__preview brz-css-d-menu-menu brz-css-x511ma\">\n<ul class=\"brz-menu__ul\" data-menu-items-active=\"\">\n<li data-menu-item-id=\"ee415c3d77d2a5e1cf869d49cddb253c\" class=\"brz-menu__item menu-item menu-item-type-post_type menu-item-object-page\"><a class=\"brz-a\" target=\"\" href=\"https:\/\/sloengeldage.dk\/index.php\/om-sloengeldage\/\" title=\"\"><span class=\"brz-span\">Om Sl\u00f8ngeldage<\/span><\/a><\/li>\n<li data-menu-item-id=\"ecdcc53f05febbfc4fa9075fa39e97c0\" class=\"brz-menu__item menu-item menu-item-type-post_type menu-item-object-page\"><a class=\"brz-a\" target=\"\" href=\"https:\/\/sloengeldage.dk\/index.php\/kontakt\/\" title=\"\"><span class=\"brz-span\">Kontakt<\/span><\/a><\/li>\n<li data-menu-item-id=\"17b6cd06a5bdc0558843161aaf504389\" class=\"brz-menu__item menu-item menu-item-type-post_type menu-item-object-page\"><a class=\"brz-a\" target=\"\" href=\"https:\/\/sloengeldage.dk\/index.php\/medie\/\" title=\"\"><span class=\"brz-span\">Medied\u00e6kning<\/span><\/a><\/li>\n<li data-menu-item-id=\"7ae7aead269602d370fe3507e2fdf8ba\" class=\"brz-menu__item menu-item menu-item-type-post_type menu-item-object-page\"><a class=\"brz-a\" target=\"\" href=\"https:\/\/sloengeldage.dk\/index.php\/programmer\/\" title=\"\"><span class=\"brz-span\">Programmer<\/span><\/a><\/li>\n<li data-menu-item-id=\"b91a9f3f142962d99a639b596deb6ea2\" class=\"brz-menu__item menu-item menu-item-type-post_type menu-item-object-page\"><a class=\"brz-a\" target=\"\" href=\"https:\/\/sloengeldage.dk\/index.php\/andet-om-sloengelkluppen\/\" title=\"\"><span class=\"brz-span\">Andet om Sl\u00f8ngelkluppen<\/span><\/a><\/li>\n<li data-menu-item-id=\"2ecb317ebfd827597ff6acced66f357e\" class=\"brz-menu__item menu-item menu-item-type-post_type menu-item-object-page\"><a class=\"brz-a\" target=\"\" href=\"https:\/\/sloengeldage.dk\/index.php\/bestyrelsen\/\" title=\"\"><span class=\"brz-span\">Bestyrelsen<\/span><\/a><\/li>\n<\/ul>\n<\/nav>\n<div class=\"brz-mm-menu__icon\" data-brz-brz-mmenu-icon=\"off\"><\/div>\n<nav data-mods=\"%7B%22desktop%22%3A%22vertical%22%2C%22tablet%22%3A%22vertical%22%2C%22mobile%22%3A%22vertical%22%7D\" id=\"t_Zs9064YHz3_0360d47f6b647a0a1f78\" class=\"brz-menu brz-menu__preview brz-menu__mmenu brz-css-d-menu-mmenu brz-css-1r39eeb\">\n<ul class=\"brz-menu__ul\" data-menu-items-active=\"\">\n<li data-menu-item-id=\"ee415c3d77d2a5e1cf869d49cddb253c\" class=\"brz-menu__item menu-item menu-item-type-post_type menu-item-object-page\"><a class=\"brz-a\" target=\"\" href=\"https:\/\/sloengeldage.dk\/index.php\/om-sloengeldage\/\" title=\"\"><span class=\"brz-span\">Om Sl\u00f8ngeldage<\/span><\/a><\/li>\n<li data-menu-item-id=\"ecdcc53f05febbfc4fa9075fa39e97c0\" class=\"brz-menu__item menu-item menu-item-type-post_type menu-item-object-page\"><a class=\"brz-a\" target=\"\" href=\"https:\/\/sloengeldage.dk\/index.php\/kontakt\/\" title=\"\"><span class=\"brz-span\">Kontakt<\/span><\/a><\/li>\n<li data-menu-item-id=\"17b6cd06a5bdc0558843161aaf504389\" class=\"brz-menu__item menu-item menu-item-type-post_type menu-item-object-page\"><a class=\"brz-a\" target=\"\" href=\"https:\/\/sloengeldage.dk\/index.php\/medie\/\" title=\"\"><span class=\"brz-span\">Medied\u00e6kning<\/span><\/a><\/li>\n<li data-menu-item-id=\"7ae7aead269602d370fe3507e2fdf8ba\" class=\"brz-menu__item menu-item menu-item-type-post_type menu-item-object-page\"><a class=\"brz-a\" target=\"\" href=\"https:\/\/sloengeldage.dk\/index.php\/programmer\/\" title=\"\"><span class=\"brz-span\">Programmer<\/span><\/a><\/li>\n<li data-menu-item-id=\"b91a9f3f142962d99a639b596deb6ea2\" class=\"brz-menu__item menu-item menu-item-type-post_type menu-item-object-page\"><a class=\"brz-a\" target=\"\" href=\"https:\/\/sloengeldage.dk\/index.php\/andet-om-sloengelkluppen\/\" title=\"\"><span class=\"brz-span\">Andet om Sl\u00f8ngelkluppen<\/span><\/a><\/li>\n<li data-menu-item-id=\"2ecb317ebfd827597ff6acced66f357e\" class=\"brz-menu__item menu-item menu-item-type-post_type menu-item-object-page\"><a class=\"brz-a\" target=\"\" href=\"https:\/\/sloengeldage.dk\/index.php\/bestyrelsen\/\" title=\"\"><span class=\"brz-span\">Bestyrelsen<\/span><\/a><\/li>\n<\/ul>\n<\/nav>\n<\/div>\n<\/div>\n<\/div>\n<\/div>\n<div class=\"brz-columns brz-css-d-column-column brz-css-jcci1v\" data-brz-custom-id=\"a4tz50ANKm2x\">\n<div class=\"brz-column__items brz-css-d-column-bg brz-css-1ol86ts\">\n<div id=\"\" class=\"brz-css-d-wrapper brz-css-mnbmez brz-wrapper\">\n<div class=\"brz-rich-text brz-rich-text__custom brz-css-d-richtext brz-css-hary7u\" data-brz-custom-id=\"tq3hkOExuo9l\">\n<div data-brz-translate-text=\"1\">\n<h1 data-uniq-id=\"w1Lz4\" data-generated-css=\"brz-css-cDx2X\" class=\"brz-fw-lg-700 brz-fss-lg-px brz-fs-lg-36 brz-ft-upload brz-ff-eLfcc0Y4jS0p brz-tp-lg-heading1 brz-fsft-lg-0 brz-fwdth-lg-100 brz-vfw-lg-400 brz-lh-lg-1_3 brz-ls-lg-m_1_5 brz-text-lg-center ql-align-center brz-css-uehXf\"><span class=\"brz-cp-color4 brz-span\">Klods Hans-prisen<\/span><\/h1>\n<\/div>\n<\/div>\n<\/div>\n<div id=\"\" class=\"brz-css-d-wrapper brz-css-lyb2v2 brz-wrapper\">\n<div class=\"brz-rich-text brz-rich-text__custom brz-css-d-richtext brz-css-183fli5\" data-brz-custom-id=\"gpd_TjqFOOMz\">\n<div data-brz-translate-text=\"1\">\n<p class=\"brz-fsft-lg-0 brz-fwdth-lg-100 brz-vfw-lg-400 brz-lh-lg-1_7 brz-ls-lg-0_5 brz-fw-lg-400 brz-fss-lg-px brz-fs-lg-18 brz-ft-google brz-ff-roboto brz-tp-lg-paragraph brz-css-jCrNl\" data-generated-css=\"brz-css-aVtwE\" data-uniq-id=\"zN2YE\"><span class=\"brz-cp-color1\">I 2018 vandt Di Heslige Sl\u00f8nglers Klup Klods Hans-prisen.<\/span><\/p>\n<p class=\"brz-fsft-lg-0 brz-fwdth-lg-100 brz-vfw-lg-400 brz-lh-lg-1_7 brz-ls-lg-0_5 brz-fw-lg-400 brz-fss-lg-px brz-fs-lg-18 brz-ft-google brz-ff-roboto brz-tp-lg-paragraph brz-css-z_TFP\" data-generated-css=\"brz-css-dlasy\" data-uniq-id=\"s4erB\"><span class=\"brz-cp-color1\">F\u00f8rste billede: De Heslige Sl\u00f8nglers Klub p\u00e5 Bella Scenen. <\/span><a class=\"link--external brz-cp-color1\" href=\"http:\/\/ibby.dk\/\" data-brz-link-type=\"external\">Foto l\u00e5nt fra Ibbys hjemmeside<\/a><span class=\"brz-cp-color1\">. <\/span><a class=\"link--external brz-cp-color1\" href=\"http:\/\/ibby.dk\/klods-hans-prisen\/\" data-brz-link-type=\"external\">Se alle modtagere af Klodshans prisen her.<\/a><a class=\"link--external brz-cp-color1\" href=\"http:\/\/ibby.dk\/klods-hans-prisen\/\" data-brz-link-type=\"external\"><strong> <\/strong><\/a><\/p>\n<\/div>\n<\/div>\n<\/div>\n<div id=\"\" class=\"brz-css-d-wrapper brz-css-luagoi brz-wrapper\">\n<div class=\"brz-image__gallery\" data-brz-custom-id=\"d1Z8xsoKCo6c\">\n<div class=\"brz-image__gallery-container\">\n<div class=\"brz-image__gallery-wrapper brz-d-xs-flex brz-flex-xs-wrap brz-image__gallery-masonry brz-css-d-imagegallery-gallery brz-css-1k6al2u\" data-settings=\"%7B%22type%22%3A%22masonry%22%2C%22settings%22%3A%7B%22itemSelector%22%3A%22.brz-image__gallery-item%22%2C%22masonry%22%3A%7B%22columnWidth%22%3A%22.brz-image__gallery-item%22%7D%7D%7D\">\n<div class=\"brz-image__gallery-item\">\n<div class=\"brz-image brz-css-d-image-lppmqgn7wtjb-parent brz-css-d2xbgg\" data-brz-custom-id=\"lppmQGn7wtJb\"><img decoding=\"async\" class=\"brz-img\" src=\"https:\/\/sloengeldage.dk\/wp-content\/uploads\/brizy\/imgs\/20181027-Di-Haeslige-Sloenglers-Klup-modtager-Klods-Hans-prisen-2018-32-1024x6831-1-441x294x24x0x392x294x1748852075.jpg\" loading=\"lazy\" title=\"\"><\/div>\n<\/div>\n<div class=\"brz-image__gallery-item\">\n<div class=\"brz-image brz-css-d-image-peydjkr4j_ic-parent brz-css-wrjuf4\" data-brz-custom-id=\"peYDJkr4J_Ic\"><img decoding=\"async\" class=\"brz-img\" src=\"https:\/\/sloengeldage.dk\/wp-content\/uploads\/brizy\/imgs\/20181027-Di-Haeslige-Sloenglers-Klup-modtager-Klods-Hans-prisen-2018-9-1024x683-1-441x294x24x0x392x294x1748852078.jpg\" loading=\"lazy\" title=\"\"><\/div>\n<\/div>\n<div class=\"brz-image__gallery-item\">\n<div class=\"brz-image brz-css-d-image-r7igamwrsrpt-parent brz-css-4ei1nx\" data-brz-custom-id=\"r7IgamwRSrPT\"><img decoding=\"async\" class=\"brz-img\" src=\"https:\/\/sloengeldage.dk\/wp-content\/uploads\/brizy\/imgs\/20181027-Di-Haeslige-Sloenglers-Klup-modtager-Klods-Hans-prisen-2018-13-1024x6831-1-441x294x49x0x392x294x1748852078.jpg\" loading=\"lazy\" title=\"\"><\/div>\n<\/div>\n<div class=\"brz-image__gallery-item\">\n<div class=\"brz-image brz-css-d-image-wtcefc2q3cva-parent brz-css-mp575b\" data-brz-custom-id=\"wtcEfc2Q3CVA\"><img decoding=\"async\" class=\"brz-img\" src=\"https:\/\/sloengeldage.dk\/wp-content\/uploads\/brizy\/imgs\/20181027-Di-Haeslige-Sloenglers-Klup-modtager-Klods-Hans-prisen-2018-17-1024x683-1-441x294x24x0x392x294x1748852077.jpg\" loading=\"lazy\" title=\"\"><\/div>\n<\/div>\n<div class=\"brz-image__gallery-item\">\n<div class=\"brz-image brz-css-d-image-hzx4zcvddkwo-parent brz-css-lnnnjj\" data-brz-custom-id=\"hZX4ZCvdDkWO\"><img decoding=\"async\" class=\"brz-img\" src=\"https:\/\/sloengeldage.dk\/wp-content\/uploads\/brizy\/imgs\/20181027-Di-Haeslige-Sloenglers-Klup-modtager-Klods-Hans-prisen-2018-18-1024x683-1-441x294x24x0x392x294x1748852077.jpg\" loading=\"lazy\" title=\"\"><\/div>\n<\/div>\n<div class=\"brz-image__gallery-item\">\n<div class=\"brz-image brz-css-d-image-shkgjqhx2ke8-parent brz-css-6md1j5\" data-brz-custom-id=\"sHKgJqhX2ke8\"><img decoding=\"async\" class=\"brz-img\" src=\"https:\/\/sloengeldage.dk\/wp-content\/uploads\/brizy\/imgs\/20181027-Di-Haeslige-Sloenglers-Klup-modtager-Klods-Hans-prisen-2018-25-1024x683-1-441x294x24x0x392x294x1748852076.jpg\" loading=\"lazy\" title=\"\"><\/div>\n<\/div>\n<div class=\"brz-image__gallery-item\">\n<div class=\"brz-image brz-css-d-image-yb9y6ibauqeh-parent brz-css-l1bkc8\" data-brz-custom-id=\"yB9Y6ibAUQeh\"><img decoding=\"async\" class=\"brz-img\" src=\"https:\/\/sloengeldage.dk\/wp-content\/uploads\/brizy\/imgs\/20181027-Di-Haeslige-Sloenglers-Klup-modtager-Klods-Hans-prisen-2018-24-1024x683-1-441x294x24x0x392x294x1748852077.jpg\" loading=\"lazy\" title=\"\"><\/div>\n<\/div>\n<div class=\"brz-image__gallery-item\">\n<div class=\"brz-image brz-css-d-image-y8junwjzwp5x-parent brz-css-1ran24c\" data-brz-custom-id=\"y8jUnWjZwp5x\"><img decoding=\"async\" class=\"brz-img\" src=\"https:\/\/sloengeldage.dk\/wp-content\/uploads\/brizy\/imgs\/20181027-Di-Haeslige-Sloenglers-Klup-modtager-Klods-Hans-prisen-2018-29-1024x683-1-441x294x24x0x392x294x1748852076.jpg\" loading=\"lazy\" title=\"\"><\/div>\n<\/div>\n<\/div>\n<\/div>\n<\/div>\n<\/div>\n<div id=\"\" class=\"brz-css-d-wrapper brz-css-lldlfu brz-wrapper\">\n<div class=\"brz-rich-text brz-rich-text__custom brz-css-d-richtext brz-css-cy8brx\" data-brz-custom-id=\"qHqx58Qnv9yK\">\n<div data-brz-translate-text=\"1\">\n<p class=\"brz-css-ya7e4\"><\/p>\n<\/div>\n<\/div>\n<\/div>\n<\/div>\n<\/div>\n<\/div>\n<\/div>\n<\/div>\n<\/div>\n<\/section><\/div>\n<p><!-- version:1764010463 --><\/p>\n","protected":false},"excerpt":{"rendered":"<p>Om Sl\u00f8ngeldage Kontakt Medied\u00e6kning Programmer Andet om Sl\u00f8ngelkluppen Bestyrelsen Om Sl\u00f8ngeldage Kontakt Medied\u00e6kning Programmer Andet om Sl\u00f8ngelkluppen Bestyrelsen Klods Hans-prisen I 2018 vandt Di Heslige Sl\u00f8nglers Klup Klods Hans-prisen. F\u00f8rste billede: De Heslige Sl\u00f8nglers Klub p\u00e5 Bella Scenen. Foto l\u00e5nt fra Ibbys hjemmeside. Se alle modtagere af Klodshans prisen her.<\/p>\n","protected":false},"author":1,"featured_media":0,"parent":0,"menu_order":0,"comment_status":"closed","ping_status":"closed","template":"brizy-blank-template.php","meta":{"footnotes":""},"folder":[35],"class_list":["post-980","page","type-page","status-publish","hentry","entry"],"brizy_media":[{"id":985,"url":"https:\/\/sloengeldage.dk\/wp-content\/uploads\/20181027-Di-Haeslige-Sloenglers-Klup-modtager-Klods-Hans-prisen-2018-32-1024x6831-1.jpg","name":"20181027-Di-Haeslige-Sloenglers-Klup-modtager-Klods-Hans-prisen-2018-32-1024x6831-1.jpg","meta":{"brizy_attachment_uid":"wp-d3b26523e4f10225bba9042dc0df9351.jpg","brizy_post_uid":["42d6b92dd5bbf7ae700a8045c5cab2d1"]}},{"id":986,"url":"https:\/\/sloengeldage.dk\/wp-content\/uploads\/20181027-Di-Haeslige-Sloenglers-Klup-modtager-Klods-Hans-prisen-2018-29-1024x683-1.jpg","name":"20181027-Di-Haeslige-Sloenglers-Klup-modtager-Klods-Hans-prisen-2018-29-1024x683-1.jpg","meta":{"brizy_attachment_uid":"wp-13595f7ca9d2ee3250d2c12b5a383371.jpg","brizy_post_uid":["42d6b92dd5bbf7ae700a8045c5cab2d1"]}},{"id":987,"url":"https:\/\/sloengeldage.dk\/wp-content\/uploads\/20181027-Di-Haeslige-Sloenglers-Klup-modtager-Klods-Hans-prisen-2018-25-1024x683-1.jpg","name":"20181027-Di-Haeslige-Sloenglers-Klup-modtager-Klods-Hans-prisen-2018-25-1024x683-1.jpg","meta":{"brizy_attachment_uid":"wp-a7e4a4103b9eac56a445381023547029.jpg","brizy_post_uid":["42d6b92dd5bbf7ae700a8045c5cab2d1"]}},{"id":988,"url":"https:\/\/sloengeldage.dk\/wp-content\/uploads\/20181027-Di-Haeslige-Sloenglers-Klup-modtager-Klods-Hans-prisen-2018-24-1024x683-1.jpg","name":"20181027-Di-Haeslige-Sloenglers-Klup-modtager-Klods-Hans-prisen-2018-24-1024x683-1.jpg","meta":{"brizy_attachment_uid":"wp-ae912ee1db3c6cd2799d0a0706ab3ab2.jpg","brizy_post_uid":["42d6b92dd5bbf7ae700a8045c5cab2d1"]}},{"id":989,"url":"https:\/\/sloengeldage.dk\/wp-content\/uploads\/20181027-Di-Haeslige-Sloenglers-Klup-modtager-Klods-Hans-prisen-2018-18-1024x683-1.jpg","name":"20181027-Di-Haeslige-Sloenglers-Klup-modtager-Klods-Hans-prisen-2018-18-1024x683-1.jpg","meta":{"brizy_attachment_uid":"wp-0af8e523e16b63578baae41923ef6e64.jpg","brizy_post_uid":["42d6b92dd5bbf7ae700a8045c5cab2d1"]}},{"id":990,"url":"https:\/\/sloengeldage.dk\/wp-content\/uploads\/20181027-Di-Haeslige-Sloenglers-Klup-modtager-Klods-Hans-prisen-2018-17-1024x683-1.jpg","name":"20181027-Di-Haeslige-Sloenglers-Klup-modtager-Klods-Hans-prisen-2018-17-1024x683-1.jpg","meta":{"brizy_attachment_uid":"wp-956a861def2b1d30d508a1b4b33062a8.jpg","brizy_post_uid":["42d6b92dd5bbf7ae700a8045c5cab2d1"]}},{"id":991,"url":"https:\/\/sloengeldage.dk\/wp-content\/uploads\/20181027-Di-Haeslige-Sloenglers-Klup-modtager-Klods-Hans-prisen-2018-13-1024x6831-1.jpg","name":"20181027-Di-Haeslige-Sloenglers-Klup-modtager-Klods-Hans-prisen-2018-13-1024x6831-1.jpg","meta":{"brizy_attachment_uid":"wp-b489d3a296a062ea3edf68c7259a58e4.jpg","brizy_post_uid":["42d6b92dd5bbf7ae700a8045c5cab2d1"]}},{"id":992,"url":"https:\/\/sloengeldage.dk\/wp-content\/uploads\/20181027-Di-Haeslige-Sloenglers-Klup-modtager-Klods-Hans-prisen-2018-9-1024x683-1.jpg","name":"20181027-Di-Haeslige-Sloenglers-Klup-modtager-Klods-Hans-prisen-2018-9-1024x683-1.jpg","meta":{"brizy_attachment_uid":"wp-091bc8c58bb24061a4ceeaedbdf1228d.jpg","brizy_post_uid":["42d6b92dd5bbf7ae700a8045c5cab2d1"]}}],"_links":{"self":[{"href":"https:\/\/sloengeldage.dk\/index.php\/wp-json\/wp\/v2\/pages\/980","targetHints":{"allow":["GET"]}}],"collection":[{"href":"https:\/\/sloengeldage.dk\/index.php\/wp-json\/wp\/v2\/pages"}],"about":[{"href":"https:\/\/sloengeldage.dk\/index.php\/wp-json\/wp\/v2\/types\/page"}],"author":[{"embeddable":true,"href":"https:\/\/sloengeldage.dk\/index.php\/wp-json\/wp\/v2\/users\/1"}],"replies":[{"embeddable":true,"href":"https:\/\/sloengeldage.dk\/index.php\/wp-json\/wp\/v2\/comments?post=980"}],"version-history":[{"count":20,"href":"https:\/\/sloengeldage.dk\/index.php\/wp-json\/wp\/v2\/pages\/980\/revisions"}],"predecessor-version":[{"id":2863,"href":"https:\/\/sloengeldage.dk\/index.php\/wp-json\/wp\/v2\/pages\/980\/revisions\/2863"}],"wp:attachment":[{"href":"https:\/\/sloengeldage.dk\/index.php\/wp-json\/wp\/v2\/media?parent=980"}],"wp:term":[{"taxonomy":"folder","embeddable":true,"href":"https:\/\/sloengeldage.dk\/index.php\/wp-json\/wp\/v2\/folder?post=980"}],"curies":[{"name":"wp","href":"https:\/\/api.w.org\/{rel}","templated":true}]}}