{"id":892,"date":"2025-06-01T14:34:09","date_gmt":"2025-06-01T14:34:09","guid":{"rendered":"http:\/\/167.235.1.82\/~sloengel\/nyside\/?page_id=892"},"modified":"2026-04-07T12:56:12","modified_gmt":"2026-04-07T12:56:12","slug":"programmer","status":"publish","type":"page","link":"https:\/\/sloengeldage.dk\/index.php\/programmer\/","title":{"rendered":"Programmer"},"content":{"rendered":"<div class=\"brz brz-root__container brz-reset-all brz-root__container-page\">\n<section id=\"lM9qAzTLoQJX_lM9qAzTLoQJX\" class=\"brz-section brz-css-142f1yj brz-css-69zjim\">\n<div class=\"brz-section__content brz-section--boxed brz-css-rbpmf1 brz-css-1hfxkcp\" data-brz-custom-id=\"lXDuGHXMJysE\">\n<div class=\"brz-bg\">\n<div class=\"brz-bg-color\"><\/div>\n<\/div>\n<div class=\"brz-container brz-css-rup970 brz-css-725gwb\">\n<div class=\"brz-row__container brz-css-3ilo2w brz-css-1w4vprw\" data-brz-custom-id=\"hxcdlnoKPK7G\">\n<div class=\"brz-row brz-css-1yji7hi brz-css-fphskc brz-css-17vemml\">\n<div class=\"brz-columns brz-css-w8858k brz-css-tykeoy\" data-brz-custom-id=\"iPWUhKZdbz80\">\n<div class=\"brz-column__items brz-css-h2n9zd brz-css-ushm9m\">\n<div id=\"\" class=\"brz-css-1agrev3 brz-css-6cqmzx brz-wrapper\">\n<div class=\"brz-menu__container brz-css-13cvxmg brz-css-1ahd7w4\" data-mmenu-id=\"#kOYsnDn1ncSh_6fcadba9b1928772d218\" data-mmenu-position=\"position-left\" data-mmenu-title=\"Menu\" data-mmenu-stickytitle=\"off\" data-mmenu-isslider=\"false\" data-mmenu-closingicon=\"%7B%22desktop%22%3A%22off%22%2C%22tablet%22%3A%22off%22%2C%22mobile%22%3A%22off%22%7D\" data-brz-custom-id=\"kOYsnDn1ncSh\">\n<nav data-mods=\"%7B%22desktop%22%3A%22vertical%22%2C%22tablet%22%3A%22vertical%22%2C%22mobile%22%3A%22vertical%22%7D\" class=\"brz-menu brz-menu__preview brz-css-iopse1 brz-css-17el5et\">\n<ul class=\"brz-menu__ul\" data-menu-items-active=\"\">\n<li data-menu-item-id=\"ee415c3d77d2a5e1cf869d49cddb253c\" class=\"brz-menu__item menu-item menu-item-type-post_type menu-item-object-page\"><a class=\"brz-a\" target=\"\" href=\"https:\/\/sloengeldage.dk\/index.php\/om-sloengeldage\/\" title=\"\"><span class=\"brz-span\">Om Sl\u00f8ngeldage<\/span><\/a><\/li>\n<li data-menu-item-id=\"ecdcc53f05febbfc4fa9075fa39e97c0\" class=\"brz-menu__item menu-item menu-item-type-post_type menu-item-object-page\"><a class=\"brz-a\" target=\"\" href=\"https:\/\/sloengeldage.dk\/index.php\/kontakt\/\" title=\"\"><span class=\"brz-span\">Kontakt<\/span><\/a><\/li>\n<li data-menu-item-id=\"17b6cd06a5bdc0558843161aaf504389\" class=\"brz-menu__item menu-item menu-item-type-post_type menu-item-object-page\"><a class=\"brz-a\" target=\"\" href=\"https:\/\/sloengeldage.dk\/index.php\/medie\/\" title=\"\"><span class=\"brz-span\">Medied\u00e6kning<\/span><\/a><\/li>\n<li data-menu-item-id=\"7ae7aead269602d370fe3507e2fdf8ba\" class=\"brz-menu__item menu-item menu-item-type-post_type menu-item-object-page\"><a class=\"brz-a\" target=\"\" href=\"https:\/\/sloengeldage.dk\/index.php\/programmer\/\" title=\"\"><span class=\"brz-span\">Programmer<\/span><\/a><\/li>\n<li data-menu-item-id=\"b91a9f3f142962d99a639b596deb6ea2\" class=\"brz-menu__item menu-item menu-item-type-post_type menu-item-object-page\"><a class=\"brz-a\" target=\"\" href=\"https:\/\/sloengeldage.dk\/index.php\/andet-om-sloengelkluppen\/\" title=\"\"><span class=\"brz-span\">Andet om Sl\u00f8ngelkluppen<\/span><\/a><\/li>\n<li data-menu-item-id=\"2ecb317ebfd827597ff6acced66f357e\" class=\"brz-menu__item menu-item menu-item-type-post_type menu-item-object-page\"><a class=\"brz-a\" target=\"\" href=\"https:\/\/sloengeldage.dk\/index.php\/bestyrelsen\/\" title=\"\"><span class=\"brz-span\">Bestyrelsen<\/span><\/a><\/li>\n<\/ul>\n<\/nav>\n<div class=\"brz-mm-menu__icon\" data-brz-brz-mmenu-icon=\"off\"><\/div>\n<nav data-mods=\"%7B%22desktop%22%3A%22vertical%22%2C%22tablet%22%3A%22vertical%22%2C%22mobile%22%3A%22vertical%22%7D\" id=\"kOYsnDn1ncSh_6fcadba9b1928772d218\" class=\"brz-menu brz-menu__preview brz-menu__mmenu brz-css-1ly5lr1 brz-css-xylh1u\">\n<ul class=\"brz-menu__ul\" data-menu-items-active=\"\">\n<li data-menu-item-id=\"ee415c3d77d2a5e1cf869d49cddb253c\" class=\"brz-menu__item menu-item menu-item-type-post_type menu-item-object-page\"><a class=\"brz-a\" target=\"\" href=\"https:\/\/sloengeldage.dk\/index.php\/om-sloengeldage\/\" title=\"\"><span class=\"brz-span\">Om Sl\u00f8ngeldage<\/span><\/a><\/li>\n<li data-menu-item-id=\"ecdcc53f05febbfc4fa9075fa39e97c0\" class=\"brz-menu__item menu-item menu-item-type-post_type menu-item-object-page\"><a class=\"brz-a\" target=\"\" href=\"https:\/\/sloengeldage.dk\/index.php\/kontakt\/\" title=\"\"><span class=\"brz-span\">Kontakt<\/span><\/a><\/li>\n<li data-menu-item-id=\"17b6cd06a5bdc0558843161aaf504389\" class=\"brz-menu__item menu-item menu-item-type-post_type menu-item-object-page\"><a class=\"brz-a\" target=\"\" href=\"https:\/\/sloengeldage.dk\/index.php\/medie\/\" title=\"\"><span class=\"brz-span\">Medied\u00e6kning<\/span><\/a><\/li>\n<li data-menu-item-id=\"7ae7aead269602d370fe3507e2fdf8ba\" class=\"brz-menu__item menu-item menu-item-type-post_type menu-item-object-page\"><a class=\"brz-a\" target=\"\" href=\"https:\/\/sloengeldage.dk\/index.php\/programmer\/\" title=\"\"><span class=\"brz-span\">Programmer<\/span><\/a><\/li>\n<li data-menu-item-id=\"b91a9f3f142962d99a639b596deb6ea2\" class=\"brz-menu__item menu-item menu-item-type-post_type menu-item-object-page\"><a class=\"brz-a\" target=\"\" href=\"https:\/\/sloengeldage.dk\/index.php\/andet-om-sloengelkluppen\/\" title=\"\"><span class=\"brz-span\">Andet om Sl\u00f8ngelkluppen<\/span><\/a><\/li>\n<li data-menu-item-id=\"2ecb317ebfd827597ff6acced66f357e\" class=\"brz-menu__item menu-item menu-item-type-post_type menu-item-object-page\"><a class=\"brz-a\" target=\"\" href=\"https:\/\/sloengeldage.dk\/index.php\/bestyrelsen\/\" title=\"\"><span class=\"brz-span\">Bestyrelsen<\/span><\/a><\/li>\n<\/ul>\n<\/nav>\n<\/div>\n<\/div>\n<\/div>\n<\/div>\n<div class=\"brz-columns brz-css-w8858k brz-css-1v7xya9\" data-brz-custom-id=\"eMmewbHxDH1G\">\n<div class=\"brz-column__items brz-css-h2n9zd brz-css-pxunfv\">\n<div id=\"\" class=\"brz-css-1agrev3 brz-css-1kgbipr brz-wrapper\">\n<div class=\"brz-rich-text brz-rich-text__custom brz-css-98auqb brz-css-1ki9pjs\" data-brz-custom-id=\"dtZ7mqJ4zA0E\">\n<div data-brz-translate-text=\"1\">\n<h1 class=\"brz-fs-lg-40 brz-ft-google brz-ff-roboto ql-align-center brz-fsft-lg-0 brz-fwdth-lg-100 brz-vfw-lg-400 brz-lh-lg-1_3 brz-ls-lg-m_1_5 brz-fw-lg-700 brz-fss-lg-px brz-text-lg-center brz-tp-lg-heading1 brz-css-vpXIm\" data-uniq-id=\"kdXLF\" data-generated-css=\"brz-css-scGTJ\"><span class=\"brz-cp-color4\">Programmer for Sl\u00f8ngeldage (2015\u2013)<\/span><\/h1>\n<\/div>\n<\/div>\n<\/div>\n<div id=\"\" class=\"brz-css-1agrev3 brz-css-ry3p3t brz-wrapper\">\n<div class=\"brz-rich-text brz-rich-text__custom brz-css-98auqb brz-css-l936zo\" data-brz-custom-id=\"oPYEFVy986L3\">\n<div data-brz-translate-text=\"1\">\n<h2 class=\"brz-ff-roboto brz-ft-google brz-fs-lg-25 brz-fss-lg-px brz-fw-lg-700 brz-ls-lg-m_1_5 brz-lh-lg-1_3 brz-vfw-lg-400 brz-fwdth-lg-100 brz-fsft-lg-0 brz-tp-lg-heading2 brz-css-uJKy4\" data-generated-css=\"brz-css-wSjpg\" data-uniq-id=\"yhnWE\"><span class=\"brz-cp-color5\">Se programmer fra de tidligere \u00e5r:<\/span><\/h2>\n<\/div>\n<\/div>\n<\/div>\n<div class=\"brz-row__container brz-css-3ilo2w brz-css-1pwop2x\" data-brz-custom-id=\"mHXZLYF9fGQd\">\n<div class=\"brz-row brz-row--inner brz-css-1yji7hi brz-css-fphskc brz-css-137mo51\">\n<div class=\"brz-columns brz-css-w8858k brz-css-1r3ijsh\" data-brz-custom-id=\"tZ0UNByAo9A9\">\n<div class=\"brz-column__items brz-css-h2n9zd brz-css-o5c5g9\">\n<div id=\"\" class=\"brz-css-1agrev3 brz-css-1xb6bv3 brz-wrapper\">\n<div class=\"brz-image brz-css-135t5lk brz-css-14g0fx9\" data-brz-custom-id=\"c11e47Usq45m\"><a class=\"brz-a\" href=\"https:\/\/sloengeldage.dk\/wp-content\/uploads\/SLOeNGELDAGE-PROGRAM-A5-2025-TRYKSAG.pdf\" target=\"_blank\" rel=\"noopener noreferrer\" data-brz-link-type=\"upload\"><img decoding=\"async\" class=\"brz-img\" src=\"https:\/\/sloengeldage.dk\/wp-content\/uploads\/1-1.png\" loading=\"lazy\" alt=\"\" title=\"1\"><\/a><\/div>\n<\/div>\n<\/div>\n<\/div>\n<div class=\"brz-columns brz-css-w8858k brz-css-1pm6k51\" data-brz-custom-id=\"qN9OI3NzKFHB\">\n<div class=\"brz-column__items brz-css-h2n9zd brz-css-ygk2ci\">\n<div id=\"\" class=\"brz-css-1agrev3 brz-css-1pzx4q brz-wrapper\">\n<div class=\"brz-image brz-css-13rhk7x brz-css-5k6jeo\" data-brz-custom-id=\"gLuPDOaQuclR\"><a class=\"brz-a\" href=\"https:\/\/sloengeldage.dk\/wp-content\/uploads\/ogram2025.pdf\" target=\"_blank\" rel=\"noopener noreferrer\" data-brz-link-type=\"upload\"><img decoding=\"async\" class=\"brz-img\" src=\"https:\/\/sloengeldage.dk\/wp-content\/uploads\/2-1.png\" loading=\"lazy\" alt=\"\" title=\"2 (1)\"><\/a><\/div>\n<\/div>\n<\/div>\n<\/div>\n<div class=\"brz-columns brz-css-w8858k brz-css-1mrm9u3\" data-brz-custom-id=\"zY0tK17HNkFl\">\n<div class=\"brz-column__items brz-css-h2n9zd brz-css-cngc1o\">\n<div id=\"\" class=\"brz-css-1agrev3 brz-css-1o7hohp brz-wrapper\">\n<div class=\"brz-image brz-css-1sfx7f0 brz-css-1yo4mm9\" data-brz-custom-id=\"vRq3ApAxI3jf\"><a class=\"brz-a\" href=\"https:\/\/sloengeldage.dk\/wp-content\/uploads\/SLOeNGELDAGEPROGRAMA52023.pdf\" target=\"_blank\" rel=\"noopener noreferrer\" data-brz-link-type=\"upload\"><img decoding=\"async\" class=\"brz-img\" src=\"https:\/\/sloengeldage.dk\/wp-content\/uploads\/2023Cover.png\" loading=\"lazy\" alt=\"\" title=\"2023+Cover\"><\/a><\/div>\n<\/div>\n<\/div>\n<\/div>\n<div class=\"brz-columns brz-css-w8858k brz-css-s6eux0\" data-brz-custom-id=\"hwQ8X_IXDDmi\">\n<div class=\"brz-column__items brz-css-h2n9zd brz-css-pmgb9c\">\n<div id=\"\" class=\"brz-css-1agrev3 brz-css-41vwdm brz-wrapper\">\n<div class=\"brz-image brz-css-1cxdyd5 brz-css-7k1plv\" data-brz-custom-id=\"pbcd0uCM3Hov\"><a class=\"brz-a\" href=\"https:\/\/sloengeldage.dk\/wp-content\/uploads\/Sloengeldage-program2022.pdf\" target=\"_blank\" rel=\"noopener noreferrer\" data-brz-link-type=\"upload\"><img decoding=\"async\" class=\"brz-img\" src=\"https:\/\/sloengeldage.dk\/wp-content\/uploads\/1.png\" loading=\"lazy\" alt=\"\" title=\"1\"><\/a><\/div>\n<\/div>\n<\/div>\n<\/div>\n<\/div>\n<\/div>\n<div class=\"brz-row__container brz-css-3ilo2w brz-css-pvzvdc\" data-brz-custom-id=\"fmKqSQcnxYaG\">\n<div class=\"brz-row brz-row--inner brz-css-1yji7hi brz-css-1e98xmp\">\n<div class=\"brz-columns brz-css-w8858k brz-css-13ljaxs\" data-brz-custom-id=\"sz4szAg6rxgC\">\n<div class=\"brz-column__items brz-css-h2n9zd brz-css-rdtsdl\">\n<div id=\"\" class=\"brz-css-1agrev3 brz-css-1330h5b brz-wrapper\">\n<div class=\"brz-image brz-css-bxoyro brz-css-190uryw\" data-brz-custom-id=\"eal6dOR_9dS0\"><a class=\"brz-a\" href=\"https:\/\/sloengeldage.dk\/wp-content\/uploads\/SLOeNGELDAGEPROGRAMA52021PLANOPRINT.pdf\" target=\"_blank\" rel=\"noopener noreferrer\" data-brz-link-type=\"upload\"><img decoding=\"async\" class=\"brz-img\" src=\"https:\/\/sloengeldage.dk\/wp-content\/uploads\/2.png\" loading=\"lazy\" alt=\"\" title=\"2\"><\/a><\/div>\n<\/div>\n<\/div>\n<\/div>\n<div class=\"brz-columns brz-css-w8858k brz-css-12uzzyk\" data-brz-custom-id=\"dvRsWdNDMpNp\">\n<div class=\"brz-column__items brz-css-h2n9zd brz-css-fxjz0x\">\n<div id=\"\" class=\"brz-css-1agrev3 brz-css-x2ermy brz-wrapper\">\n<div class=\"brz-image brz-css-193mc5z brz-css-1t5oqa9\" data-brz-custom-id=\"tBe4mFdqqcrr\"><a class=\"brz-a\" href=\"https:\/\/sloengeldage.dk\/wp-content\/uploads\/Sloenglerdage_2019_PROGRAM.pdf\" target=\"_blank\" rel=\"noopener noreferrer\" data-brz-link-type=\"upload\"><img decoding=\"async\" class=\"brz-img\" src=\"https:\/\/sloengeldage.dk\/wp-content\/uploads\/3.png\" loading=\"lazy\" alt=\"\" title=\"3\"><\/a><\/div>\n<\/div>\n<\/div>\n<\/div>\n<div class=\"brz-columns brz-css-w8858k brz-css-1184ggh\" data-brz-custom-id=\"tQNHPFTA_ibw\">\n<div class=\"brz-column__items brz-css-h2n9zd brz-css-164t9we\">\n<div id=\"\" class=\"brz-css-1agrev3 brz-css-1oodblq brz-wrapper\">\n<div class=\"brz-image brz-css-wtfnp6 brz-css-m1z787\" data-brz-custom-id=\"vS9bpxID0Idj\"><a class=\"brz-a\" href=\"https:\/\/sloengeldage.dk\/wp-content\/uploads\/Sloengeldage_PROGRAM_e-Version_opslag.pdf\" target=\"_blank\" rel=\"noopener noreferrer\" data-brz-link-type=\"upload\"><img decoding=\"async\" class=\"brz-img\" src=\"https:\/\/sloengeldage.dk\/wp-content\/uploads\/4.png\" loading=\"lazy\" alt=\"\" title=\"4\"><\/a><\/div>\n<\/div>\n<\/div>\n<\/div>\n<div class=\"brz-columns brz-css-w8858k brz-css-1q5hj0y\" data-brz-custom-id=\"uZtODw_T4ArI\">\n<div class=\"brz-column__items brz-css-h2n9zd brz-css-1q5xmi8\">\n<div id=\"\" class=\"brz-css-1agrev3 brz-css-7ydi1e brz-wrapper\">\n<div class=\"brz-image brz-css-1v5paw4 brz-css-5e1s91\" data-brz-custom-id=\"o4E25TplZ1hy\"><a class=\"brz-a\" href=\"https:\/\/sloengeldage.dk\/wp-content\/uploads\/WebPROGRAMB517x24cm8SFINAL.pdf\" target=\"_blank\" rel=\"noopener noreferrer\" data-brz-link-type=\"upload\"><img decoding=\"async\" class=\"brz-img\" src=\"https:\/\/sloengeldage.dk\/wp-content\/uploads\/5.png\" loading=\"lazy\" alt=\"\" title=\"5\"><\/a><\/div>\n<\/div>\n<\/div>\n<\/div>\n<\/div>\n<\/div>\n<div class=\"brz-row__container brz-css-3ilo2w brz-css-qlvwg6\" data-brz-custom-id=\"e3Jm4oA_Z3Zt\">\n<div class=\"brz-row brz-row--inner brz-css-1yji7hi brz-css-sj9udk\">\n<div class=\"brz-columns brz-css-w8858k brz-css-18lu3cj\" data-brz-custom-id=\"qguFf0MuRXh1\">\n<div class=\"brz-column__items brz-css-h2n9zd brz-css-1coxvsg\">\n<div id=\"\" class=\"brz-css-1agrev3 brz-css-1huta5j brz-wrapper\">\n<div class=\"brz-image brz-css-1cidyyo brz-css-11dsvwa\" data-brz-custom-id=\"pKKagERWG9DO\"><a class=\"brz-a\" href=\"https:\/\/sloengeldage.dk\/wp-content\/uploads\/Program2016.pdf\" target=\"_blank\" rel=\"noopener noreferrer\" data-brz-link-type=\"upload\"><img decoding=\"async\" class=\"brz-img\" src=\"https:\/\/sloengeldage.dk\/wp-content\/uploads\/6.png\" loading=\"lazy\" alt=\"\" title=\"6\"><\/a><\/div>\n<\/div>\n<\/div>\n<\/div>\n<div class=\"brz-columns brz-css-w8858k brz-css-10iukgj\" data-brz-custom-id=\"gTnpiLYtmsqu\">\n<div class=\"brz-column__items brz-css-h2n9zd brz-css-m433td\">\n<div id=\"\" class=\"brz-css-1agrev3 brz-css-4uq7ki brz-wrapper\">\n<div class=\"brz-image brz-css-jonxiz brz-css-3m1ybw\" data-brz-custom-id=\"zAlq6dXsiyqh\"><a class=\"brz-a\" href=\"https:\/\/sloengeldage.dk\/wp-content\/uploads\/Sloengeldageprogram2015.pdf\" target=\"_blank\" rel=\"noopener noreferrer\" data-brz-link-type=\"upload\"><img decoding=\"async\" class=\"brz-img\" src=\"https:\/\/sloengeldage.dk\/wp-content\/uploads\/7.png\" loading=\"lazy\" alt=\"\" title=\"7\"><\/a><\/div>\n<\/div>\n<\/div>\n<\/div>\n<div class=\"brz-columns brz-css-w8858k brz-css-5oxoh6\" data-brz-custom-id=\"au7Ys6rPDZDj\">\n<div class=\"brz-column__items brz-css-h2n9zd brz-css-ci5rx5\"><\/div>\n<\/div>\n<div class=\"brz-columns brz-css-w8858k brz-css-1sala08\" data-brz-custom-id=\"eeZmfwSEZH6q\">\n<div class=\"brz-column__items brz-css-h2n9zd brz-css-174mows\"><\/div>\n<\/div>\n<\/div>\n<\/div>\n<\/div>\n<\/div>\n<\/div>\n<\/div>\n<\/div>\n<\/div>\n<\/section><\/div>\n<p><!-- version:1759130074 --><\/p>\n","protected":false},"excerpt":{"rendered":"<p>Om Sl\u00f8ngeldage Kontakt Medied\u00e6kning Programmer Andet om Sl\u00f8ngelkluppen Bestyrelsen Om Sl\u00f8ngeldage Kontakt Medied\u00e6kning Programmer Andet om Sl\u00f8ngelkluppen Bestyrelsen Programmer for Sl\u00f8ngeldage (2015\u2013) Se programmer fra de tidligere \u00e5r:<\/p>\n","protected":false},"author":1,"featured_media":0,"parent":0,"menu_order":0,"comment_status":"closed","ping_status":"closed","template":"brizy-blank-template.php","meta":{"footnotes":""},"folder":[35],"class_list":["post-892","page","type-page","status-publish","hentry","entry"],"brizy_media":[{"id":899,"url":"https:\/\/sloengeldage.dk\/wp-content\/uploads\/Program24-2.jpg","name":"Program24-2.jpg","meta":{"brizy_attachment_uid":"wp-e4fc1b4ffb47b3a8e4d116b2f1db9338.jpg","brizy_post_uid":["4807713c7927d35f468da6db5a087e1f"]}},{"id":900,"url":"https:\/\/sloengeldage.dk\/wp-content\/uploads\/7.png","name":"7.png","meta":{"brizy_attachment_uid":"wp-d4b6c39e6628cfdbc54565e1c7a008f9.png","brizy_post_uid":["4807713c7927d35f468da6db5a087e1f"]}},{"id":901,"url":"https:\/\/sloengeldage.dk\/wp-content\/uploads\/6.png","name":"6.png","meta":{"brizy_attachment_uid":"wp-d5467db3a1a4a8df90f0b98a1ad32911.png","brizy_post_uid":["4807713c7927d35f468da6db5a087e1f"]}},{"id":902,"url":"https:\/\/sloengeldage.dk\/wp-content\/uploads\/5.png","name":"5.png","meta":{"brizy_attachment_uid":"wp-42ae00912739ec2bd8c16cf7efe1e2a9.png","brizy_post_uid":["4807713c7927d35f468da6db5a087e1f"]}},{"id":903,"url":"https:\/\/sloengeldage.dk\/wp-content\/uploads\/4.png","name":"4.png","meta":{"brizy_attachment_uid":"wp-eb7cc380ca710d89836eed25fa8a831f.png","brizy_post_uid":["4807713c7927d35f468da6db5a087e1f"]}},{"id":904,"url":"https:\/\/sloengeldage.dk\/wp-content\/uploads\/3.png","name":"3.png","meta":{"brizy_attachment_uid":"wp-45186ad52a7781c3ead7c5802d1f1737.png","brizy_post_uid":["4807713c7927d35f468da6db5a087e1f"]}},{"id":905,"url":"https:\/\/sloengeldage.dk\/wp-content\/uploads\/2.png","name":"2.png","meta":{"brizy_attachment_uid":"wp-cb24e43c47aa029b2b9c2acd8549f120.png","brizy_post_uid":["4807713c7927d35f468da6db5a087e1f"]}},{"id":906,"url":"https:\/\/sloengeldage.dk\/wp-content\/uploads\/1.png","name":"1.png","meta":{"brizy_attachment_uid":"wp-0273cf5e4f4863b9639631d06d05052b.png","brizy_post_uid":["4807713c7927d35f468da6db5a087e1f"]}},{"id":907,"url":"https:\/\/sloengeldage.dk\/wp-content\/uploads\/2023Cover.png","name":"2023Cover.png","meta":{"brizy_attachment_uid":"wp-3c07597e372ea424954e43e249135b2e.png","brizy_post_uid":["4807713c7927d35f468da6db5a087e1f"]}},{"id":922,"url":"https:\/\/sloengeldage.dk\/wp-content\/uploads\/Program25.jpg","name":"Program25.jpg","meta":{"brizy_attachment_uid":"wp-191c4008f4660c6d9b36ed8d004709e5.jpg","brizy_post_uid":["4807713c7927d35f468da6db5a087e1f"]}},{"id":1647,"url":"https:\/\/sloengeldage.dk\/wp-content\/uploads\/2-1.png","name":"2-1.png","meta":{"brizy_attachment_uid":"wp-89e6ef0399b19e514a831d42bd126185.png","brizy_post_uid":["4807713c7927d35f468da6db5a087e1f"]}},{"id":1648,"url":"https:\/\/sloengeldage.dk\/wp-content\/uploads\/1-1.png","name":"1-1.png","meta":{"brizy_attachment_uid":"wp-1ad467539ae5757a16f6ab64598cf673.png","brizy_post_uid":["4807713c7927d35f468da6db5a087e1f"]}}],"_links":{"self":[{"href":"https:\/\/sloengeldage.dk\/index.php\/wp-json\/wp\/v2\/pages\/892","targetHints":{"allow":["GET"]}}],"collection":[{"href":"https:\/\/sloengeldage.dk\/index.php\/wp-json\/wp\/v2\/pages"}],"about":[{"href":"https:\/\/sloengeldage.dk\/index.php\/wp-json\/wp\/v2\/types\/page"}],"author":[{"embeddable":true,"href":"https:\/\/sloengeldage.dk\/index.php\/wp-json\/wp\/v2\/users\/1"}],"replies":[{"embeddable":true,"href":"https:\/\/sloengeldage.dk\/index.php\/wp-json\/wp\/v2\/comments?post=892"}],"version-history":[{"count":20,"href":"https:\/\/sloengeldage.dk\/index.php\/wp-json\/wp\/v2\/pages\/892\/revisions"}],"predecessor-version":[{"id":2595,"href":"https:\/\/sloengeldage.dk\/index.php\/wp-json\/wp\/v2\/pages\/892\/revisions\/2595"}],"wp:attachment":[{"href":"https:\/\/sloengeldage.dk\/index.php\/wp-json\/wp\/v2\/media?parent=892"}],"wp:term":[{"taxonomy":"folder","embeddable":true,"href":"https:\/\/sloengeldage.dk\/index.php\/wp-json\/wp\/v2\/folder?post=892"}],"curies":[{"name":"wp","href":"https:\/\/api.w.org\/{rel}","templated":true}]}}