{"id":721,"date":"2025-05-28T19:46:51","date_gmt":"2025-05-28T19:46:51","guid":{"rendered":"https:\/\/167.235.1.82\/~sloengel\/nyside\/?page_id=721"},"modified":"2026-04-07T10:05:32","modified_gmt":"2026-04-07T10:05:32","slug":"bliv-frivillig","status":"publish","type":"page","link":"https:\/\/sloengeldage.dk\/index.php\/bliv-frivillig\/","title":{"rendered":"Bliv frivillig"},"content":{"rendered":"<div class=\"brz brz-root__container brz-reset-all brz-root__container-page\">\n<section id=\"o_XzL1cHDncB_o_XzL1cHDncB\" class=\"brz-section brz-css-d-section brz-css-14lunzy\">\n<div class=\"brz-section__content brz-section--boxed brz-css-d-sectionitem-bg brz-css-15rv67\" data-brz-custom-id=\"oZk2ij7jl2Jn\">\n<div class=\"brz-bg\">\n<div class=\"brz-bg-image\"><\/div>\n<\/div>\n<div class=\"brz-container brz-css-d-sectionitem-container brz-css-13avndl\">\n<div id=\"\" class=\"brz-css-d-wrapper brz-css-afbffo brz-wrapper\">\n<div class=\"brz-rich-text brz-rich-text__custom brz-css-d-richtext brz-css-15aa6ar\" data-brz-custom-id=\"zpaJ8FHunxjG\">\n<div data-brz-translate-text=\"1\">\n<p class=\"brz-fw-lg-700 brz-fss-lg-px brz-fs-lg-56 brz-ft-upload brz-ff-eLfcc0Y4jS0p brz-fsft-lg-0 brz-fwdth-lg-100 brz-vfw-lg-400 brz-lh-lg-1_3 brz-ls-lg-m_1_5 brz-text-lg-center brz-mb-lg-100 brz-tp-lg-p6v2dfHnW29e brz-css-jzL3y\" data-uniq-id=\"bQrbL\" data-generated-css=\"brz-css-pf81l\"><span class=\"brz-cp-color5\">Bliv frivillig eller medlem<\/span><\/p>\n<\/div>\n<\/div>\n<\/div>\n<\/div>\n<\/div>\n<\/section>\n<section id=\"fNvB42Fk7gQJ_fNvB42Fk7gQJ\" class=\"brz-section brz-css-d-section brz-css-1j1h5qp\">\n<div class=\"brz-section__content brz-section--boxed brz-css-d-sectionitem-bg brz-css-abuiow\" data-brz-custom-id=\"n86_UlLc4jdC\">\n<div class=\"brz-bg\">\n<div class=\"brz-bg-color\"><\/div>\n<\/div>\n<div class=\"brz-container brz-css-d-sectionitem-container brz-css-112p6ew\">\n<div class=\"brz-wrapper-clone brz-flex-xs-wrap brz-css-d-cloneable brz-css-u3afq1\" data-brz-custom-id=\"qkuocS1Xz97U\"><a class=\"brz-a brz-btn brz-css-d-button brz-css-d6hmm2 brz-css-d-button-bg brz-css-hnunqe\" target=\"_self\" rel=\"noopener\" href=\"history.go(-1)\" data-brz-link-type=\"external\" data-brz-custom-id=\"zU88IV91Al45\"><span data-brz-translate-text=\"1\" class=\"brz-span brz-text__editor\">Tilbage<\/span><\/a><\/div>\n<div id=\"\" class=\"brz-css-d-wrapper brz-css-1yafjm6 brz-wrapper\">\n<div class=\"brz-rich-text brz-rich-text__custom brz-css-d-richtext brz-css-qkxz5z\" data-brz-custom-id=\"co8vJ5dDTOPJ\">\n<div data-brz-translate-text=\"1\">\n<h1 class=\"brz-fsft-lg-0 brz-fwdth-lg-100 brz-vfw-lg-400 brz-lh-lg-1_3 brz-ls-lg-m_1_5 brz-fw-lg-700 brz-fss-lg-px brz-fs-lg-44 brz-ft-upload brz-ff-eLfcc0Y4jS0p ql-align-center brz-text-lg-center brz-tp-lg-heading1 brz-css-oBwLi\" data-generated-css=\"brz-css-lubGD\" data-uniq-id=\"g_Qca\"><span class=\"brz-cp-color4\">Sl\u00f8ngeldage s\u00f8ger frivillige og medlemmer<\/span><\/h1>\n<h2 data-generated-css=\"brz-css-kQAiF\" data-uniq-id=\"xzBrw\" class=\"brz-ft-upload brz-ff-eLfcc0Y4jS0p ql-align-center brz-text-lg-center brz-fss-lg-px brz-fw-lg-700 brz-ls-lg-m_1_5 brz-lh-lg-1_3 brz-vfw-lg-400 brz-fwdth-lg-100 brz-fsft-lg-0 brz-fs-lg-25 brz-tp-lg-heading2 brz-css-uLfjn\"><span class=\"brz-cp-color5\">Bliv frivillig hos Sl\u00f8ngeldage<\/span><\/h2>\n<p class=\"brz-tp-lg-paragraph brz-text-lg-center brz-css-s9ZyV\" data-generated-css=\"brz-css-rm5xL\" data-uniq-id=\"t4vvX\"><\/p>\n<\/div>\n<\/div>\n<\/div>\n<div class=\"brz-wrapper-clone brz-flex-xs-wrap brz-css-d-cloneable brz-css-12krltm\" data-brz-custom-id=\"nt8RmChdh00p\"><a class=\"brz-a brz-btn brz-css-d-button brz-css-19k0usz brz-css-d-button-bg brz-css-1h0uqpn\" target=\"_self\" rel=\"noopener\" href=\"https:\/\/sloengeldage.dk\/index.php\/kontakt\/\" data-brz-link-type=\"page\" data-brz-custom-id=\"rlL7iRgZRHSY\"><span data-brz-translate-text=\"1\" class=\"brz-span brz-text__editor\">Kontakt os<\/span><\/a><\/div>\n<\/div>\n<\/div>\n<\/section>\n<section id=\"g__wJnr5Upzq_g__wJnr5Upzq\" class=\"brz-section brz-css-d-section brz-css-1kuojwz\">\n<div class=\"brz-section__content brz-section--boxed brz-css-d-sectionitem-bg brz-css-1l2ewat\" data-brz-custom-id=\"o9MUXASQK8zy\">\n<div class=\"brz-bg\">\n<div class=\"brz-bg-color\"><\/div>\n<\/div>\n<div class=\"brz-container brz-css-d-sectionitem-container brz-css-lle46f\">\n<div id=\"\" class=\"brz-css-d-wrapper brz-css-19ttbqm brz-wrapper\">\n<div class=\"brz-rich-text brz-rich-text__custom brz-css-d-richtext brz-css-bt6k4u\" data-brz-custom-id=\"fIgMlNpkEeEe\">\n<div data-brz-translate-text=\"1\">\n<h2 class=\"brz-ft-upload brz-ff-eLfcc0Y4jS0p brz-text-lg-center ql-align-center brz-fs-lg-25 brz-fss-lg-px brz-fw-lg-700 brz-ls-lg-m_1_5 brz-lh-lg-1_3 brz-vfw-lg-400 brz-fwdth-lg-100 brz-fsft-lg-0 brz-tp-lg-heading2 brz-css-wowp3\" data-uniq-id=\"ebC_8\" data-generated-css=\"brz-css-d75Fs\"><span class=\"brz-cp-color7\">Meld dig som frivillig til Sl\u00f8ngeldagene 2026<\/span><\/h2>\n<\/div>\n<\/div>\n<\/div>\n<div class=\"brz-wrapper-clone brz-flex-xs-wrap brz-css-d-cloneable brz-css-ppjv8o\" data-brz-custom-id=\"wwvs7mFM3M4_\"><a class=\"brz-a brz-btn brz-css-d-button brz-css-ah7684 brz-css-d-button-bg brz-css-11rc1pi\" target=\"_self\" rel=\"noopener\" href=\"https:\/\/forms.gle\/e2HhLuS6LTpokF5X6\" data-brz-link-type=\"external\" data-brz-custom-id=\"ipI5o8Xf74WJ\"><span data-brz-translate-text=\"1\" class=\"brz-span brz-text__editor\">Frivillig 2026<\/span><\/a><\/div>\n<\/div>\n<\/div>\n<\/section>\n<section id=\"ilqN1nlJyddF_ilqN1nlJyddF\" class=\"brz-section brz-css-d-section brz-css-2wav6l\">\n<div class=\"brz-section__content brz-section--boxed brz-css-d-sectionitem-bg brz-css-9xvw0r\" data-brz-custom-id=\"wncOdO2GH24T\">\n<div class=\"brz-bg\">\n<div class=\"brz-bg-color\"><\/div>\n<\/div>\n<div class=\"brz-container brz-css-d-sectionitem-container brz-css-99b96y\">\n<div id=\"\" class=\"brz-css-d-wrapper brz-css-lepgmf brz-wrapper\">\n<div class=\"brz-rich-text brz-rich-text__custom brz-css-d-richtext brz-css-13pirta\" data-brz-custom-id=\"z8Om0AkGPQ6E\">\n<div data-brz-translate-text=\"1\">\n<h2 class=\"brz-fsft-lg-0 brz-fwdth-lg-100 brz-vfw-lg-400 brz-lh-lg-1_3 brz-ls-lg-m_1_5 brz-fw-lg-700 brz-fss-lg-px brz-fs-lg-25 brz-ft-upload brz-ff-eLfcc0Y4jS0p brz-text-lg-center ql-align-center brz-tp-lg-heading2 brz-css-imiFq\" data-uniq-id=\"gSqDd\" data-generated-css=\"brz-css-rQ0RX\"><span class=\"brz-cp-color7\">Hvordan er det at v\u00e6re frivillig?<\/span><\/h2>\n<p class=\"brz-ft-upload brz-ff-eLfcc0Y4jS0p brz-text-lg-left ql-align-center brz-lh-lg-1_3 brz-vfw-lg-400 brz-fwdth-lg-100 brz-fsft-lg-0 brz-fs-lg-20 brz-fss-lg-px brz-fw-lg-400 brz-ls-lg-0 brz-tp-lg-paragraph brz-css-sBk0y\" data-uniq-id=\"sDocG\" data-generated-css=\"brz-css-mwP_T\"><span class=\"brz-cp-color7\">Se videoen herunder om at v\u00e6re frivillig i Sl\u00f8ngelf\u00e6llesskabet. I den m\u00f8der du frivillige med forskellige roller. Lad dig inspirere af deres sk\u00f8nne historier, og skriv til os hvis du ogs\u00e5 \u00f8nsker at blive en del af f\u00e6llesskabet.<\/span><span class=\"brz-cp-color7\"> <\/span><\/p>\n<\/div>\n<\/div>\n<\/div>\n<\/div>\n<\/div>\n<\/section>\n<section id=\"uCumiQUgxtC4_uCumiQUgxtC4\" class=\"brz-section brz-css-d-section brz-css-1o3hmsu\">\n<div class=\"brz-section__content brz-section--boxed brz-css-d-sectionitem-bg brz-css-1bqs36n\" data-brz-custom-id=\"liilyp0kf9oc\">\n<div class=\"brz-bg\">\n<div class=\"brz-bg-color\"><\/div>\n<\/div>\n<div class=\"brz-container brz-css-d-sectionitem-container brz-css-1ow40mv\">\n<div id=\"\" class=\"brz-css-d-wrapper brz-css-1kz892j brz-wrapper\">\n<div class=\"brz-video brz-youtube-video brz-video-on-controls-hidden brz-css-d-video\" data-brz-custom-id=\"wtGbkV14izpE\">\n<div class=\"brz-video-content\" data-loop=\"false\" data-muted=\"false\" data-autoplay=\"off\">\n<div class=\"video-wrapper brz-image-fix-16-9\">\n<div class=\"brz-video-data brz-hidden\" data-src=\"https:\/\/www.youtube.com\/embed\/lFCACgOwfhI?autoplay=0&amp;controls=1&amp;start=0&amp;end=0&amp;modestbranding=0&amp;wmode=transparent&amp;enablejsapi=1&amp;loop=0&amp;rel=0&amp;mute=0\" data-population=\"\" data-controls=\"true\" data-branding=\"true\" data-intro=\"true\" data-start=\"0\" data-end=\"0\" data-loop=\"false\" data-autoplay=\"off\"><\/div>\n<\/div>\n<\/div>\n<\/div>\n<\/div>\n<\/div>\n<\/div>\n<\/section>\n<section id=\"hoV2cJq03eGQ_hoV2cJq03eGQ\" class=\"brz-section brz-css-d-section brz-css-9yn60r\">\n<div class=\"brz-section__content brz-section--boxed brz-css-d-sectionitem-bg brz-css-l440ar\" data-brz-custom-id=\"kK89kQf0_838\">\n<div class=\"brz-bg\">\n<div class=\"brz-bg-color\"><\/div>\n<\/div>\n<div class=\"brz-container brz-css-d-sectionitem-container brz-css-4brmgs\">\n<div id=\"\" class=\"brz-css-d-wrapper brz-css-14mg9au brz-wrapper\">\n<div class=\"brz-rich-text brz-rich-text__custom brz-css-d-richtext brz-css-1cv26vp\" data-brz-custom-id=\"iruMQkZIHJr5\">\n<div data-brz-translate-text=\"1\">\n<p class=\"brz-ft-upload brz-ff-eLfcc0Y4jS0p ql-align-center brz-ls-lg-0 brz-lh-lg-1_7 brz-vfw-lg-400 brz-fwdth-lg-100 brz-fsft-lg-0 brz-fs-lg-20 brz-fss-lg-px brz-fw-lg-400 brz-tp-lg-paragraph brz-css-xO5WQ\" data-generated-css=\"brz-css-odMwU\" data-uniq-id=\"l73Hi\"><span>Som frivillig har du mulighed for at s\u00e6tte dit pr\u00e6g p\u00e5 Sl\u00f8ngeldage og v\u00e6re med til at fastl\u00e6gge de forskellige aktiviteter.<\/span><\/p>\n<p class=\"brz-fsft-lg-0 brz-fwdth-lg-100 brz-vfw-lg-400 brz-lh-lg-1_7 brz-ls-lg-0 brz-fw-lg-400 brz-fss-lg-px brz-fs-lg-20 brz-ft-upload brz-ff-eLfcc0Y4jS0p ql-align-center brz-tp-lg-paragraph brz-css-ocTyd\" data-generated-css=\"brz-css-pcWaK\" data-uniq-id=\"jFWCt\"><span>Vi mangler hj\u00e6lpe-sl\u00f8ngler til at hj\u00e6lpe med klarg\u00f8ring, afvikling eller nedtagning af vores mange sjove aktiviteter &#8211; s\u00e6rligt til de \u00e5rlige Sl\u00f8ngeldage. Om du er st\u00e6rk, klog, smuk, h\u00f8j, lav eller hurtig er ikke vigtigt &#8211; kom og v\u00e6r med i vores dejlige f\u00e6llesskab.<\/span><\/p>\n<p class=\"brz-tp-lg-paragraph brz-css-oUP_p\" data-generated-css=\"brz-css-iNhT0\" data-uniq-id=\"wFrg4\"><\/p>\n<\/div>\n<\/div>\n<\/div>\n<\/div>\n<\/div>\n<\/section>\n<section id=\"uv8r9Xs62mHy_uv8r9Xs62mHy\" class=\"brz-section brz-css-d-section brz-css-1pg9d0i\">\n<div class=\"brz-section__content brz-section--boxed brz-css-d-sectionitem-bg brz-css-1ax2thc\" data-brz-custom-id=\"mDEBA9aWq7AQ\">\n<div class=\"brz-bg\">\n<div class=\"brz-bg-color\"><\/div>\n<\/div>\n<div class=\"brz-container brz-css-d-sectionitem-container brz-css-kihh4w\">\n<div id=\"\" class=\"brz-css-d-wrapper brz-css-14bph5a brz-wrapper\">\n<div class=\"brz-rich-text brz-rich-text__custom brz-css-d-richtext brz-css-a3jme5\" data-brz-custom-id=\"sXHEaCOHtBXO\">\n<div data-brz-translate-text=\"1\">\n<h2 class=\"brz-fsft-lg-0 brz-fwdth-lg-100 brz-vfw-lg-400 brz-lh-lg-1_3 brz-ls-lg-m_1_5 brz-fw-lg-700 brz-fss-lg-px brz-fs-lg-25 brz-ft-google brz-ff-montserrat brz-text-lg-center ql-align-center brz-tp-lg-heading2 brz-css-uqQ1L\" data-uniq-id=\"bTHj8\" data-generated-css=\"brz-css-hlUpF\"><span class=\"brz-cp-color5\">Bliv medlem<\/span><\/h2>\n<p class=\"brz-text-lg-center brz-fsft-lg-0 brz-fwdth-lg-100 brz-vfw-lg-400 brz-lh-lg-1_7 brz-ls-lg-0 brz-fw-lg-400 brz-fss-lg-px brz-fs-lg-16 brz-ft-google brz-ff-roboto ql-align-center brz-tp-lg-paragraph brz-css-ufp5Z\" data-uniq-id=\"z_LpY\" data-generated-css=\"brz-css-icExZ\">Hvis du har lyst til at st\u00f8tte klubben ved at blive medlem, koster et medlemskab 100 kr. om \u00e5ret.<\/p>\n<p class=\"brz-text-lg-center brz-fsft-lg-0 brz-fwdth-lg-100 brz-vfw-lg-400 brz-lh-lg-1_7 brz-ls-lg-0 brz-fw-lg-400 brz-fss-lg-px brz-fs-lg-16 brz-ft-google brz-ff-roboto ql-align-center brz-tp-lg-paragraph brz-css-p598b\" data-uniq-id=\"tV9Le\" data-generated-css=\"brz-css-sbpgt\"><strong>BETALING<\/strong><\/p>\n<p class=\"brz-fsft-lg-0 brz-fwdth-lg-100 brz-vfw-lg-400 brz-lh-lg-1_7 brz-ls-lg-0 brz-fw-lg-400 brz-fss-lg-px brz-fs-lg-16 brz-ft-google brz-ff-roboto brz-text-lg-center ql-align-center brz-tp-lg-paragraph brz-css-xHGZX\" data-uniq-id=\"jcU7N\" data-generated-css=\"brz-css-wzaY4\">Du bliver medlem ved enten at indbetale bel\u00f8bet p\u00e5:<\/p>\n<ol>\n<li class=\"brz-fsft-lg-0 brz-fwdth-lg-100 brz-vfw-lg-400 brz-lh-lg-1_7 brz-ls-lg-0 brz-fw-lg-400 brz-fss-lg-px brz-fs-lg-16 brz-ft-google brz-ff-roboto brz-text-lg-center ql-align-center brz-tp-lg-paragraph brz-css-xKZ3c\" data-uniq-id=\"gOzRZ\" data-generated-css=\"brz-css-rd7zp\">Vores konto med reg.nr. 2640 og kontonummer 5499214997<\/li>\n<li class=\"brz-fsft-lg-0 brz-fwdth-lg-100 brz-vfw-lg-400 brz-lh-lg-1_7 brz-ls-lg-0 brz-fw-lg-400 brz-fss-lg-px brz-fs-lg-16 brz-ft-google brz-ff-roboto brz-text-lg-center ql-align-center brz-tp-lg-paragraph brz-css-uD1lg\" data-uniq-id=\"lGAaM\" data-generated-css=\"brz-css-uxfeP\">Eller p\u00e5 vores Mobilepay 886253.<\/li>\n<\/ol>\n<p class=\"brz-tp-lg-paragraph brz-css-veBEx\" data-uniq-id=\"k8b0B\" data-generated-css=\"brz-css-z481K\"><\/p>\n<\/div>\n<\/div>\n<\/div>\n<\/div>\n<\/div>\n<\/section>\n<section id=\"bTOsl085ZRFI_bTOsl085ZRFI\" class=\"brz-section brz-css-d-section brz-css-1716ggq\">\n<div class=\"brz-section__content brz-section--boxed brz-css-d-sectionitem-bg brz-css-1yxcobp\" data-brz-custom-id=\"mWUlneOvQOsO\">\n<div class=\"brz-bg\">\n<div class=\"brz-bg-color\"><\/div>\n<\/div>\n<div class=\"brz-container brz-css-d-sectionitem-container brz-css-fjtj1y\">\n<div id=\"\" class=\"brz-css-d-wrapper brz-css-1yermk brz-wrapper\">\n<div class=\"brz-image__gallery\" data-brz-custom-id=\"yg5YEUybzpXu\">\n<div class=\"brz-image__gallery-container\">\n<div class=\"brz-image__gallery-wrapper brz-d-xs-flex brz-flex-xs-wrap brz-image__gallery-masonry brz-css-d-imagegallery-gallery brz-css-1iyf29z\" data-settings=\"%7B%22type%22%3A%22masonry%22%2C%22settings%22%3A%7B%22itemSelector%22%3A%22.brz-image__gallery-item%22%2C%22masonry%22%3A%7B%22columnWidth%22%3A%22.brz-image__gallery-item%22%7D%7D%7D\">\n<div class=\"brz-image__gallery-item\">\n<div class=\"brz-image brz-css-d-image-oyxg48oszjh7-parent brz-css-d7n4fr\" data-brz-custom-id=\"oYxG48OsZjh7\"><img decoding=\"async\" class=\"brz-img\" src=\"https:\/\/sloengeldage.dk\/wp-content\/uploads\/brizy\/imgs\/Frivillige5-583x437x0x0x583x437x1769868329.jpg\" loading=\"lazy\" alt=\"\" title=\"Frivillige5\"><\/div>\n<\/div>\n<div class=\"brz-image__gallery-item\">\n<div class=\"brz-image brz-css-d-image-v1rgnoa_ekiv-parent brz-css-1l93qb4\" data-brz-custom-id=\"v1rGnOa_ekIV\"><img decoding=\"async\" class=\"brz-img\" src=\"https:\/\/sloengeldage.dk\/wp-content\/uploads\/brizy\/imgs\/Frivillige3-583x777x0x170x583x437x1769868328.jpg\" loading=\"lazy\" alt=\"\" title=\"Frivillige3\"><\/div>\n<\/div>\n<div class=\"brz-image__gallery-item\">\n<div class=\"brz-image brz-css-d-image-v8a55f7jiizz-parent brz-css-mqsjiu\" data-brz-custom-id=\"v8a55F7JIiZz\"><img decoding=\"async\" class=\"brz-img\" src=\"https:\/\/sloengeldage.dk\/wp-content\/uploads\/brizy\/imgs\/Frivillige2-583x777x0x170x583x437x1769868328.jpg\" loading=\"lazy\" alt=\"\" title=\"Frivillige2\"><\/div>\n<\/div>\n<div class=\"brz-image__gallery-item\">\n<div class=\"brz-image brz-css-d-image-fdqxe03dsa25-parent brz-css-1g5kxxk\" data-brz-custom-id=\"fDQXe03dsa25\"><img decoding=\"async\" class=\"brz-img\" src=\"https:\/\/sloengeldage.dk\/wp-content\/uploads\/brizy\/imgs\/Frivillige1-583x777x0x170x583x437x1769868329.jpg\" loading=\"lazy\" alt=\"\" title=\"Frivillige1\"><\/div>\n<\/div>\n<div class=\"brz-image__gallery-item\">\n<div class=\"brz-image brz-css-d-image-bw4_ygquyjnx-parent brz-css-1qol5q1\" data-brz-custom-id=\"bw4_YgquyJNx\"><img decoding=\"async\" class=\"brz-img\" src=\"https:\/\/sloengeldage.dk\/wp-content\/uploads\/brizy\/imgs\/Anne-frivillig-583x558x0x61x583x437x1769868328.png\" loading=\"lazy\" alt=\"\" title=\"Anne+-+frivillig\"><\/div>\n<\/div>\n<div class=\"brz-image__gallery-item\">\n<div class=\"brz-image brz-css-d-image-g06kwhryu2xz-parent brz-css-w3x8w8\" data-brz-custom-id=\"g06kwHRYU2XZ\"><img decoding=\"async\" class=\"brz-img\" src=\"https:\/\/sloengeldage.dk\/wp-content\/uploads\/brizy\/imgs\/Frivillige16-655x437x36x0x583x437x1769868327.jpg\" loading=\"lazy\" alt=\"\" title=\"Frivillige16\"><\/div>\n<\/div>\n<div class=\"brz-image__gallery-item\">\n<div class=\"brz-image brz-css-d-image-akgzogp3m0zp-parent brz-css-jasyfx\" data-brz-custom-id=\"aKgzOgP3m0zp\"><img decoding=\"async\" class=\"brz-img\" src=\"https:\/\/sloengeldage.dk\/wp-content\/uploads\/brizy\/imgs\/Bager-584x437x1x0x583x437x1769868327.jpg\" loading=\"lazy\" alt=\"\" title=\"Bager\"><\/div>\n<\/div>\n<div class=\"brz-image__gallery-item\">\n<div class=\"brz-image brz-css-d-image-vmwpoy36ywa0-parent brz-css-1comw4p\" data-brz-custom-id=\"vMWPOy36yWa0\"><img decoding=\"async\" class=\"brz-img\" src=\"https:\/\/sloengeldage.dk\/wp-content\/uploads\/brizy\/imgs\/Frivillige17-583x437x0x0x583x437x1769868326.jpg\" loading=\"lazy\" alt=\"\" title=\"Frivillige17\"><\/div>\n<\/div>\n<div class=\"brz-image__gallery-item\">\n<div class=\"brz-image brz-css-d-image-gxxvhgbjj0wx-parent brz-css-11mscy5\" data-brz-custom-id=\"gxxVHgBJj0WX\"><img decoding=\"async\" class=\"brz-img\" src=\"https:\/\/sloengeldage.dk\/wp-content\/uploads\/brizy\/imgs\/Rengoering-583x777x0x170x583x437x1769868326.jpg\" loading=\"lazy\" alt=\"\" title=\"Reng\u00f8ring\"><\/div>\n<\/div>\n<div class=\"brz-image__gallery-item\">\n<div class=\"brz-image brz-css-d-image-fvkaagkn1ant-parent brz-css-1kv4k2e\" data-brz-custom-id=\"fVkaaGkn1ant\"><img decoding=\"async\" class=\"brz-img\" src=\"https:\/\/sloengeldage.dk\/wp-content\/uploads\/brizy\/imgs\/Maling1-583x777x0x170x583x437x1769868325.jpg\" loading=\"lazy\" alt=\"\" title=\"Maling1\"><\/div>\n<\/div>\n<div class=\"brz-image__gallery-item\">\n<div class=\"brz-image brz-css-d-image-kh31beocexs1-parent brz-css-1fd15ga\" data-brz-custom-id=\"kh31beOCexS1\"><img decoding=\"async\" class=\"brz-img\" src=\"https:\/\/sloengeldage.dk\/wp-content\/uploads\/brizy\/imgs\/Frivilligeholderpause-583x437x0x0x583x437x1769868325.jpg\" loading=\"lazy\" alt=\"\" title=\"Frivillige+holder+pause\"><\/div>\n<\/div>\n<div class=\"brz-image__gallery-item\">\n<div class=\"brz-image brz-css-d-image-dpxtzeeaxmrk-parent brz-css-jaaqep\" data-brz-custom-id=\"dpxtzEeaxMRK\"><img decoding=\"async\" class=\"brz-img\" src=\"https:\/\/sloengeldage.dk\/wp-content\/uploads\/brizy\/imgs\/Maling2-583x777x0x170x583x437x1769868325.jpg\" loading=\"lazy\" alt=\"\" title=\"Maling2\"><\/div>\n<\/div>\n<\/div>\n<\/div>\n<\/div>\n<\/div>\n<\/div>\n<\/div>\n<\/section><\/div>\n<p><!-- version:1774534991 --><\/p>\n","protected":false},"excerpt":{"rendered":"<p>Bliv frivillig eller medlem Tilbage Sl\u00f8ngeldage s\u00f8ger frivillige og medlemmer Bliv frivillig hos Sl\u00f8ngeldage Kontakt os Meld dig som frivillig til Sl\u00f8ngeldagene 2026 Frivillig 2026 Hvordan er det at v\u00e6re frivillig? Se videoen herunder om at v\u00e6re frivillig i Sl\u00f8ngelf\u00e6llesskabet. I den m\u00f8der du frivillige med forskellige roller. Lad dig inspirere af deres sk\u00f8nne historier, &hellip; <\/p>\n<p class=\"link-more\"><a href=\"https:\/\/sloengeldage.dk\/index.php\/bliv-frivillig\/\" class=\"more-link\">Continue reading<span class=\"screen-reader-text\"> &#8220;Bliv frivillig&#8221;<\/span><\/a><\/p>\n","protected":false},"author":1,"featured_media":0,"parent":0,"menu_order":0,"comment_status":"closed","ping_status":"closed","template":"brizy-blank-template.php","meta":{"footnotes":""},"folder":[36],"class_list":["post-721","page","type-page","status-publish","hentry","entry"],"brizy_media":[{"id":818,"url":"https:\/\/sloengeldage.dk\/wp-content\/uploads\/Frivillig.jpg","name":"Frivillig.jpg","meta":{"brizy_attachment_uid":"wp-0cf5462a84d0e78594b4d6aadde5389c.jpg","brizy_post_uid":["96bf3e50c476054d8e77e0cb6994f116"]}},{"id":819,"url":"https:\/\/sloengeldage.dk\/wp-content\/uploads\/Frivilligeforanslottet.jpg","name":"Frivilligeforanslottet.jpg","meta":{"brizy_attachment_uid":"wp-bf0ef6e8d19b3afe511a82990def4c7b.jpg","brizy_post_uid":["96bf3e50c476054d8e77e0cb6994f116"]}},{"id":828,"url":"https:\/\/sloengeldage.dk\/wp-content\/uploads\/Maling2.jpg","name":"Maling2.jpg","meta":{"brizy_attachment_uid":"wp-306b9139d5d493ff7419f29d54b42196.jpg","brizy_post_uid":["96bf3e50c476054d8e77e0cb6994f116"]}},{"id":829,"url":"https:\/\/sloengeldage.dk\/wp-content\/uploads\/Frivilligeholderpause.jpg","name":"Frivilligeholderpause.jpg","meta":{"brizy_attachment_uid":"wp-0f1b98c27af32b4af3bd96068e4af895.jpg","brizy_post_uid":["96bf3e50c476054d8e77e0cb6994f116"]}},{"id":830,"url":"https:\/\/sloengeldage.dk\/wp-content\/uploads\/Maling1.jpg","name":"Maling1.jpg","meta":{"brizy_attachment_uid":"wp-ede62d59d7f6063f954ac2fb7432934f.jpg","brizy_post_uid":["96bf3e50c476054d8e77e0cb6994f116"]}},{"id":831,"url":"https:\/\/sloengeldage.dk\/wp-content\/uploads\/Rengoering.jpg","name":"Rengoering.jpg","meta":{"brizy_attachment_uid":"wp-670c858469e53dcb762f0eb24b1fa220.jpg","brizy_post_uid":["96bf3e50c476054d8e77e0cb6994f116"]}},{"id":832,"url":"https:\/\/sloengeldage.dk\/wp-content\/uploads\/Frivillige17.jpg","name":"Frivillige17.jpg","meta":{"brizy_attachment_uid":"wp-733f012c6c067ede2d6f61ca1a5d2244.jpg","brizy_post_uid":["96bf3e50c476054d8e77e0cb6994f116"]}},{"id":833,"url":"https:\/\/sloengeldage.dk\/wp-content\/uploads\/Bager.jpg","name":"Bager.jpg","meta":{"brizy_attachment_uid":"wp-4c3f7f2c0c3deac6628a62da40b361f1.jpg","brizy_post_uid":["96bf3e50c476054d8e77e0cb6994f116"]}},{"id":834,"url":"https:\/\/sloengeldage.dk\/wp-content\/uploads\/Frivillige16.jpg","name":"Frivillige16.jpg","meta":{"brizy_attachment_uid":"wp-49fa1a319691a844230638f4d207414e.jpg","brizy_post_uid":["96bf3e50c476054d8e77e0cb6994f116"]}},{"id":835,"url":"https:\/\/sloengeldage.dk\/wp-content\/uploads\/Frivillige2.jpg","name":"Frivillige2.jpg","meta":{"brizy_attachment_uid":"wp-0200efe6ab3aa965643f08fc3fde5a1f.jpg","brizy_post_uid":["96bf3e50c476054d8e77e0cb6994f116"]}},{"id":836,"url":"https:\/\/sloengeldage.dk\/wp-content\/uploads\/Anne-frivillig.png","name":"Anne-frivillig.png","meta":{"brizy_attachment_uid":"wp-368d3f2cb0ec37d01f5bda313cff7738.png","brizy_post_uid":["96bf3e50c476054d8e77e0cb6994f116"]}},{"id":837,"url":"https:\/\/sloengeldage.dk\/wp-content\/uploads\/Frivillige3.jpg","name":"Frivillige3.jpg","meta":{"brizy_attachment_uid":"wp-f45823f19111b1e0565847ae8cdb2cbd.jpg","brizy_post_uid":["96bf3e50c476054d8e77e0cb6994f116"]}},{"id":838,"url":"https:\/\/sloengeldage.dk\/wp-content\/uploads\/Frivillige1.jpg","name":"Frivillige1.jpg","meta":{"brizy_attachment_uid":"wp-61bbeab8ea0633ce272bd22365dd6650.jpg","brizy_post_uid":["96bf3e50c476054d8e77e0cb6994f116"]}},{"id":839,"url":"https:\/\/sloengeldage.dk\/wp-content\/uploads\/Frivillige5.jpg","name":"Frivillige5.jpg","meta":{"brizy_attachment_uid":"wp-d37894b1e555bce72a4cda0cb8b181f3.jpg","brizy_post_uid":["96bf3e50c476054d8e77e0cb6994f116"]}}],"_links":{"self":[{"href":"https:\/\/sloengeldage.dk\/index.php\/wp-json\/wp\/v2\/pages\/721","targetHints":{"allow":["GET"]}}],"collection":[{"href":"https:\/\/sloengeldage.dk\/index.php\/wp-json\/wp\/v2\/pages"}],"about":[{"href":"https:\/\/sloengeldage.dk\/index.php\/wp-json\/wp\/v2\/types\/page"}],"author":[{"embeddable":true,"href":"https:\/\/sloengeldage.dk\/index.php\/wp-json\/wp\/v2\/users\/1"}],"replies":[{"embeddable":true,"href":"https:\/\/sloengeldage.dk\/index.php\/wp-json\/wp\/v2\/comments?post=721"}],"version-history":[{"count":19,"href":"https:\/\/sloengeldage.dk\/index.php\/wp-json\/wp\/v2\/pages\/721\/revisions"}],"predecessor-version":[{"id":5459,"href":"https:\/\/sloengeldage.dk\/index.php\/wp-json\/wp\/v2\/pages\/721\/revisions\/5459"}],"wp:attachment":[{"href":"https:\/\/sloengeldage.dk\/index.php\/wp-json\/wp\/v2\/media?parent=721"}],"wp:term":[{"taxonomy":"folder","embeddable":true,"href":"https:\/\/sloengeldage.dk\/index.php\/wp-json\/wp\/v2\/folder?post=721"}],"curies":[{"name":"wp","href":"https:\/\/api.w.org\/{rel}","templated":true}]}}