{"id":6,"date":"2024-12-11T15:23:54","date_gmt":"2024-12-11T15:23:54","guid":{"rendered":"https:\/\/websitebuilder-demo.net\/leadr\/?page_id=6"},"modified":"2026-05-06T05:12:38","modified_gmt":"2026-05-06T05:12:38","slug":"hjem","status":"publish","type":"page","link":"https:\/\/sloengeldage.dk\/","title":{"rendered":"Forside"},"content":{"rendered":"<div class=\"brz brz-root__container brz-reset-all brz-root__container-page\">\n<section id=\"xtkQOlcTk6o6_xtkQOlcTk6o6\" class=\"brz-section brz-css-d-section brz-css-1nkr387\">\n<div class=\"brz-section__content brz-section--boxed brz-css-d-sectionitem-bg brz-css-kf77hk\" data-brz-custom-id=\"e9LYB00lbYpE\">\n<div class=\"brz-bg\">\n<div class=\"brz-bg-color\"><\/div>\n<\/div>\n<div class=\"brz-container brz-css-d-sectionitem-container brz-css-1rrr268\">\n<div id=\"\" class=\"brz-css-d-wrapper brz-css-2anzb5 brz-wrapper\">\n<div class=\"brz-rich-text brz-rich-text__custom brz-css-d-richtext brz-css-17fawdc\" data-brz-custom-id=\"sKtxm2_enFAM\">\n<div data-brz-translate-text=\"1\">\n<h1 class=\"brz-fsft-xs-0 brz-fwdth-xs-100 brz-vfw-xs-400 brz-lh-xs-1_3 brz-ls-xs-m_1 brz-fw-xs-700 brz-fss-xs-px brz-fs-xs-34 brz-tp-xs-empty brz-fsft-sm-0 brz-fwdth-sm-100 brz-vfw-sm-400 brz-lh-sm-1_3 brz-ls-sm-m_1 brz-fw-sm-700 brz-fss-sm-px brz-fs-sm-40 brz-tp-sm-empty brz-ls-lg-1_5 brz-fs-lg-40 brz-ff-y0gaF530ilv7 brz-fsft-lg-0 brz-fwdth-lg-100 brz-vfw-lg-400 brz-lh-lg-1_3 brz-fw-lg-700 brz-fss-lg-px brz-ft-upload brz-mt-lg-9 brz-text-lg-center ql-align-center brz-tp-lg-heading1 brz-css-iUb9_\" data-generated-css=\"brz-css-wddhT\" data-uniq-id=\"qNe1m\"><span class=\"brz-cp-color5\">Vi ses til Store Sl\u00f8ngeldag l\u00f8rdag d. 9. maj 2026<\/span><\/h1>\n<h2 class=\"brz-mt-lg-9 brz-text-lg-center ql-align-center brz-ff-eLfcc0Y4jS0p brz-ft-upload brz-fs-lg-42 brz-fss-lg-px brz-fw-lg-700 brz-ls-lg-m_1_5 brz-lh-lg-1_3 brz-vfw-lg-400 brz-fwdth-lg-100 brz-fsft-lg-0 brz-tp-lg-heading2 brz-css-xg1VM\" data-generated-css=\"brz-css-qG1OT\" data-uniq-id=\"iLo6b\"><\/h2>\n<p class=\"brz-fsft-lg-0 brz-fwdth-lg-100 brz-vfw-lg-400 brz-lh-lg-1_3 brz-ls-lg-1_5 brz-fw-lg-400 brz-fss-lg-px brz-fs-lg-20 brz-ft-upload brz-ff-eLfcc0Y4jS0p brz-tp-lg-empty brz-mt-lg-0 brz-text-lg-center ql-align-center brz-css-qEPHC\" data-generated-css=\"brz-css-buPQn\" data-uniq-id=\"jvavJ\"><strong class=\"brz-bold-true brz-cp-color3\">Kulturhuset, Byparken og Kulturtorvet i Skanderborg<\/strong><\/p>\n<p class=\"brz-fsft-lg-0 brz-fwdth-lg-100 brz-vfw-lg-400 brz-lh-lg-1_3 brz-ls-lg-1_5 brz-fw-lg-400 brz-fss-lg-px brz-fs-lg-20 brz-ft-upload brz-ff-eLfcc0Y4jS0p brz-tp-lg-empty brz-mt-lg-0 brz-text-lg-center ql-align-center brz-css-xBkfb\" data-generated-css=\"brz-css-wGeu8\" data-uniq-id=\"y572L\"><strong class=\"brz-bold-true brz-cp-color3\"> <\/strong><\/p>\n<\/div>\n<\/div>\n<\/div>\n<\/div>\n<\/div>\n<\/section>\n<section id=\"hQU7YQ2SiiXB_hQU7YQ2SiiXB\" class=\"brz-section brz-css-d-section brz-css-16sn2gm\">\n<div class=\"brz-section__content brz-section--boxed brz-css-d-sectionitem-bg brz-css-54539b\" data-brz-custom-id=\"gzS7q7gui1PN\">\n<div class=\"brz-bg\">\n<div data-type=\"youtube\" data-key=\"5ucYpAVjOjQ\" data-loop=\"true\" data-start=\"0\" class=\"brz-bg-video\"><\/div>\n<\/div>\n<div class=\"brz-container brz-css-d-sectionitem-container brz-css-cdtisf\">\n<div id=\"\" class=\"brz-css-d-wrapper brz-css-1egnkvi brz-wrapper\">\n<div class=\"brz-rich-text brz-rich-text__custom brz-css-d-richtext brz-css-4vxmq2\" data-brz-custom-id=\"gYOlL5x83j9g\">\n<div data-brz-translate-text=\"1\">\n<h2 class=\"ql-align-center brz-tp-lg-heading2 brz-text-lg-center brz-css-mieUO\" data-generated-css=\"brz-css-a18Fl\" data-uniq-id=\"vDX44\"><\/h2>\n<p class=\"brz-tp-lg-paragraph brz-text-lg-center brz-css-yLnxC\" data-generated-css=\"brz-css-eZpfi\" data-uniq-id=\"mRo5t\"><\/p>\n<p class=\"brz-tp-lg-paragraph brz-text-lg-center brz-css-d9yS7\" data-generated-css=\"brz-css-fq9BH\" data-uniq-id=\"kFTHQ\"><\/p>\n<p class=\"brz-tp-lg-paragraph brz-text-lg-center brz-css-j1pyh\" data-generated-css=\"brz-css-rPFyA\" data-uniq-id=\"qaTkH\"><\/p>\n<p class=\"brz-tp-lg-paragraph brz-text-lg-center brz-css-r2QQL\" data-generated-css=\"brz-css-blEI4\" data-uniq-id=\"n6Goo\"><\/p>\n<p class=\"brz-tp-lg-paragraph brz-text-lg-center brz-css-bzjYT\" data-generated-css=\"brz-css-efAHF\" data-uniq-id=\"xrhg7\"><\/p>\n<p class=\"brz-tp-lg-paragraph brz-text-lg-center brz-css-dATU1\" data-generated-css=\"brz-css-efAHF\" data-uniq-id=\"xrhg7\">\n<p class=\"brz-tp-lg-paragraph brz-text-lg-center brz-css-rORPg\" data-generated-css=\"brz-css-efAHF\" data-uniq-id=\"xrhg7\">\n<p class=\"brz-tp-lg-paragraph brz-text-lg-center brz-css-m6zuI\" data-generated-css=\"brz-css-efAHF\" data-uniq-id=\"xrhg7\">\n<p class=\"brz-tp-lg-paragraph brz-text-lg-center brz-css-he8kG\" data-generated-css=\"brz-css-vN5N6\" data-uniq-id=\"ytVMh\"><\/p>\n<p class=\"brz-tp-lg-paragraph brz-text-lg-center brz-css-i9Ejw\" data-generated-css=\"brz-css-szE3V\" data-uniq-id=\"alidC\"><\/p>\n<p class=\"brz-tp-lg-paragraph brz-text-lg-center brz-css-txuqr\" data-generated-css=\"brz-css-snUM2\" data-uniq-id=\"tlDRy\"><\/p>\n<p class=\"brz-tp-lg-paragraph brz-text-lg-center brz-css-aTOyJ\" data-generated-css=\"brz-css-wTb8e\" data-uniq-id=\"eCdSo\"><\/p>\n<p class=\"brz-tp-lg-paragraph brz-text-lg-center brz-css-aYGal\" data-generated-css=\"brz-css-bQavf\" data-uniq-id=\"u3c9n\"><\/p>\n<p class=\"brz-tp-lg-paragraph brz-text-lg-center brz-css-bDwRD\" data-generated-css=\"brz-css-qCl27\" data-uniq-id=\"pF5s8\"><\/p>\n<\/div>\n<\/div>\n<\/div>\n<\/div>\n<\/div>\n<\/section>\n<section id=\"ss6DaNZEaXsD_ss6DaNZEaXsD\" class=\"brz-section brz-css-d-section brz-css-1tiqpt9\">\n<div class=\"brz-section__content brz-section--boxed brz-css-d-sectionitem-bg brz-css-aadno2\" data-brz-custom-id=\"s3nYbCWhIBRq\">\n<div class=\"brz-bg\">\n<div class=\"brz-bg-color\"><\/div>\n<\/div>\n<div class=\"brz-container brz-css-d-sectionitem-container brz-css-1xh7yg9\">\n<div id=\"\" class=\"brz-css-d-wrapper brz-css-j6zy33 brz-wrapper\">\n<div class=\"brz-rich-text brz-rich-text__custom brz-css-d-richtext brz-css-1mqt2g6\" data-brz-custom-id=\"bg64HqLXmF7D\">\n<div data-brz-translate-text=\"1\">\n<p class=\"brz-fss-lg-px brz-fw-lg-400 brz-ls-lg-0 brz-lh-lg-1_7 brz-vfw-lg-400 brz-fwdth-lg-100 brz-fsft-lg-0 brz-ff-roboto brz-ft-google brz-fs-lg-18 brz-tp-lg-paragraph brz-css-dFQW_\" data-uniq-id=\"rzQpC\" data-generated-css=\"brz-css-dF0TU\"><span class=\"brz-cp-color1\">Store Sl\u00f8ngeldag er en sjov, oplevelsesrig og l\u00e6rerig dag for hele familien.<\/span><\/p>\n<p class=\"brz-ft-upload brz-ff-eLfcc0Y4jS0p brz-tp-lg-empty brz-fss-lg-px brz-fw-lg-400 brz-ls-lg-0 brz-lh-lg-1_7 brz-vfw-lg-400 brz-fwdth-lg-100 brz-fsft-lg-0 brz-fs-lg-18 brz-css-zmAv4\" data-uniq-id=\"fjh98\" data-generated-css=\"brz-css-pm0M1\"><span class=\"brz-cp-color1\"> <\/span><\/p>\n<p class=\"brz-fss-lg-px brz-fw-lg-400 brz-ls-lg-0 brz-lh-lg-1_7 brz-vfw-lg-400 brz-fwdth-lg-100 brz-fsft-lg-0 brz-ff-roboto brz-ft-google brz-fs-lg-18 brz-tp-lg-paragraph brz-css-kd5ON\" data-uniq-id=\"eKzZT\" data-generated-css=\"brz-css-tiveE\"><span class=\"brz-cp-color1\">I Kulturhuset kan hele familien tage med p\u00e5 en rejse i b\u00f8rneb\u00f8gernes verden og m\u00f8de sp\u00e6ndende b\u00f8rnebogsforfattere, illustratorer og musik. Udenfor p\u00e5 torv og i park kan I m\u00f8de l\u00f8mler, cirkusartister og deltage i aktiviteter fra Ole Lund Kirkegaards fantastiske univers.<\/span><\/p>\n<\/div>\n<\/div>\n<\/div>\n<\/div>\n<\/div>\n<\/section>\n<section id=\"h0SU0g_qbVjz_h0SU0g_qbVjz\" class=\"brz-section brz-css-d-section brz-css-1lwlcho\">\n<div class=\"brz-section__content brz-section--boxed brz-css-d-sectionitem-bg brz-css-1t616mq\" data-brz-custom-id=\"s8QcoqjUGbxR\">\n<div class=\"brz-container brz-css-d-sectionitem-container brz-css-199hqjy\">\n<div class=\"brz-row__container brz-css-d-row-row brz-css-1m1pdsm\" data-brz-custom-id=\"rktTVlUfST37\">\n<div class=\"brz-row brz-css-d-row-container brz-css-r-row-container brz-css-cdnzci\">\n<div class=\"brz-columns brz-css-d-column-column brz-css-138dk5b\" data-brz-custom-id=\"ssXGJkOJHdXT\">\n<div class=\"brz-bg\">\n<div class=\"brz-bg-color\"><\/div>\n<\/div>\n<div class=\"brz-column__items brz-css-d-column-bg brz-css-1kb8det\">\n<div id=\"\" class=\"brz-css-d-wrapper brz-css-1hzv4c4 brz-wrapper\">\n<div class=\"brz-rich-text brz-rich-text__custom brz-css-d-richtext brz-css-5wsram\" data-brz-custom-id=\"yj809x1nCyBo\">\n<div data-brz-translate-text=\"1\">\n<h2 class=\"brz-tp-lg-heading2 brz-text-lg-center brz-css-wZGWz\" data-uniq-id=\"fUWlc\" data-generated-css=\"brz-css-zyw_j\"><strong class=\"brz-cp-color4\">&#8220;K\u00e6re arrang\u00f8rer af Sl\u00f8ngeldag<\/strong><\/h2>\n<p class=\"brz-tp-lg-paragraph brz-css-lSJy7\" data-uniq-id=\"nXRGq\" data-generated-css=\"brz-css-jtYQi\"><\/p>\n<p class=\"brz-tp-lg-paragraph brz-css-wtdFS\" data-uniq-id=\"ignFJ\" data-generated-css=\"brz-css-oC_vn\"><span class=\"brz-cp-color7\">Tusind tak for en dejlig sl\u00f8ngeldag, hvor b\u00e5de b\u00f8rn og voksne hyggede sig. Arrangementet var utrolig gennemf\u00f8rt og man skal lede l\u00e6nge efter s\u00e5 s\u00f8de og hj\u00e6lpsomme frivillige.<\/span><\/p>\n<p class=\"brz-tp-lg-paragraph brz-css-r0XPs\" data-uniq-id=\"xQ6Ys\" data-generated-css=\"brz-css-dcRla\"><span class=\"brz-cp-color7\">Mine b\u00f8rn p\u00e5 6 og 9 \u00e5r har talt meget om dagen og at de allerede gl\u00e6der sig til n\u00e6ste \u00e5r. De synes ogs\u00e5 det var flot med alle de gratis ting man kunne pr\u00f8ve, s\u00e5 b\u00f8rn der ikke har s\u00e5 mange penge ogs\u00e5 kan v\u00e6re med.<\/span><\/p>\n<p class=\"brz-tp-lg-paragraph brz-css-jgeQ_\" data-uniq-id=\"bJL4F\" data-generated-css=\"brz-css-jOxTg\"><\/p>\n<p class=\"brz-tp-lg-paragraph brz-text-lg-center brz-css-hygJZ\" data-uniq-id=\"wPVMj\" data-generated-css=\"brz-css-sO60V\"><span class=\"brz-cp-color7\">Tak for en sk\u00f8n dag, vh Ditlev, Regitze og Michael&#8221;<\/span><\/p>\n<p class=\"brz-tp-lg-paragraph brz-css-bEB_w\" data-uniq-id=\"fhAU2\" data-generated-css=\"brz-css-v97EB\"><\/p>\n<\/div>\n<\/div>\n<\/div>\n<\/div>\n<\/div>\n<\/div>\n<\/div>\n<\/div>\n<\/div>\n<\/section>\n<section id=\"fzAsOZXcLxH8_fzAsOZXcLxH8\" class=\"brz-section brz-css-d-section brz-css-haemde\">\n<div class=\"brz-section__content brz-section--boxed brz-css-d-sectionitem-bg brz-css-kj2jhg\" data-brz-custom-id=\"fs5DOHmX08Ei\">\n<div class=\"brz-bg\">\n<div class=\"brz-bg-map\"><\/div>\n<\/div>\n<div class=\"brz-container brz-css-d-sectionitem-container brz-css-awvus4\">\n<div id=\"\" class=\"brz-css-d-wrapper brz-css-mzwwgz brz-wrapper\">\n<div class=\"brz-rich-text brz-rich-text__custom brz-css-d-richtext brz-css-m4iov5\" data-brz-custom-id=\"wGtRKorgW77J\">\n<div data-brz-translate-text=\"1\">\n<p class=\"brz-fsft-lg-0 brz-fwdth-lg-100 brz-vfw-lg-400 brz-lh-lg-1_7 brz-ls-lg-0 brz-tp-lg-empty brz-ff-eLfcc0Y4jS0p brz-ft-upload brz-fs-lg-29 brz-fss-lg-px brz-fw-lg-400 brz-css-l5U9f\" data-generated-css=\"brz-css-szAOM\" data-uniq-id=\"eVEB0\"><span class=\"brz-cp-color4\">Vi ses om:<\/span><\/p>\n<\/div>\n<\/div>\n<\/div>\n<div id=\"\" class=\"brz-css-d-wrapper brz-css-cjafuj brz-wrapper\">\n<div data-brz-end=\"9\/5\/2026\" data-brz-hours=\"10 am\" data-brz-minutes=\"0\" data-brz-timezone=\"-60\" data-brz-link-type=\"redirect\" data-brz-redirect=\"\" data-brz-translatable-message=\"Congratulation!\" data-brz-action=\"none\" class=\"brz-countdown2 brz-countdown2-style1 brz-css-d-countdown2-container brz-css-1sg89w2\" data-brz-custom-id=\"ponIuA8K2R7P\">\n<div class=\"brz-countdown2-parts\">\n<div class=\"brz-countdown2__item brz-countdown2__days\">\n<div class=\"brz-countdown2__number\">00<\/div>\n<div class=\"brz-countdown2__label\"><span data-brz-translate-text=\"1\" class=\"brz-span brz-text__editor\">dage<\/span><\/div>\n<\/div>\n<div class=\"brz-countdown2__item brz-countdown2__hours\">\n<div class=\"brz-countdown2__number\">00<\/div>\n<div class=\"brz-countdown2__label\"><span data-brz-translate-text=\"1\" class=\"brz-span brz-text__editor\">timer<\/span><\/div>\n<\/div>\n<div class=\"brz-countdown2__item brz-countdown2__minutes\">\n<div class=\"brz-countdown2__number\">00<\/div>\n<div class=\"brz-countdown2__label\"><span data-brz-translate-text=\"1\" class=\"brz-span brz-text__editor\">minutter<\/span><\/div>\n<\/div>\n<\/div>\n<\/div>\n<\/div>\n<div id=\"\" class=\"brz-css-d-wrapper brz-css-1ae5jwb brz-wrapper\">\n<div class=\"brz-rich-text brz-rich-text__custom brz-css-d-richtext brz-css-5t0w7q\" data-brz-custom-id=\"ip8qikltWp71\">\n<div data-brz-translate-text=\"1\">\n<p data-uniq-id=\"zvOp1\" data-generated-css=\"brz-css-xvCLg\" class=\"brz-tp-lg-empty brz-ff-roboto brz-ft-google brz-fs-lg-16 brz-fss-lg-px brz-fw-lg-500 brz-ls-lg-0 brz-lh-lg-1_7 brz-vfw-lg-400 brz-fwdth-lg-100 brz-fsft-lg-0 brz-css-iQfZQ\"><\/p>\n<\/div>\n<\/div>\n<\/div>\n<\/div>\n<\/div>\n<\/section>\n<section id=\"cTIqps_nyiHQ_cTIqps_nyiHQ\" class=\"brz-section brz-css-d-section brz-css-bx2hi0\">\n<div class=\"brz-section__content brz-section--boxed brz-css-d-sectionitem-bg brz-css-19n55l3\" data-brz-custom-id=\"eG2QM1ik4HGK\">\n<div class=\"brz-container brz-css-d-sectionitem-container brz-css-1w7v3wx\">\n<div id=\"\" class=\"brz-css-d-wrapper brz-css-tkvayv brz-wrapper\">\n<div class=\"brz-wp-shortcode brz-css-d-wpcustomshortcode brz-css-1arnlrs\" data-brz-custom-id=\"mruWKChY20nv\">\n<div><div class=\"efbl_feed_wraper efbl_skin_2674\" >\n\n\t\t\t\t\t\t<p class=\"efbl_error_msg\"> Error validating access token: The session has been invalidated because the user changed their password or Facebook has changed the session for security reasons. <\/p>\n\t\t\t\t\n\t\t<\/div>\n\n<\/div>\n<\/div>\n<\/div>\n<\/div>\n<\/div>\n<\/section><\/div>\n<p><!-- version:1774514943 --><\/p>\n","protected":false},"excerpt":{"rendered":"<p>Vi ses til Store Sl\u00f8ngeldag l\u00f8rdag d. 9. maj 2026 Kulturhuset, Byparken og Kulturtorvet i Skanderborg Store Sl\u00f8ngeldag er en sjov, oplevelsesrig og l\u00e6rerig dag for hele familien. I Kulturhuset kan hele familien tage med p\u00e5 en rejse i b\u00f8rneb\u00f8gernes verden og m\u00f8de sp\u00e6ndende b\u00f8rnebogsforfattere, illustratorer og musik. Udenfor p\u00e5 torv og i park kan &hellip; <\/p>\n<p class=\"link-more\"><a href=\"https:\/\/sloengeldage.dk\/\" class=\"more-link\">Continue reading<span class=\"screen-reader-text\"> &#8220;Forside&#8221;<\/span><\/a><\/p>\n","protected":false},"author":1,"featured_media":0,"parent":0,"menu_order":0,"comment_status":"closed","ping_status":"closed","template":"brizy-blank-template.php","meta":{"footnotes":""},"folder":[33],"class_list":["post-6","page","type-page","status-publish","hentry","entry"],"brizy_media":[{"id":662,"url":"https:\/\/sloengeldage.dk\/wp-content\/uploads\/sloengeldage_nyt_logo.png","name":"sloengeldage_nyt_logo.png","meta":{"brizy_attachment_uid":"wp-df3cf1e31ac0220a553d0655d4973ef5.png","brizy_post_uid":["8d6de09dec3af4e33c2b509278625066","c6b87f3569faba4004b93f9ea00cb254","85bb1268c86672eb16ecc65494edb8fe"]}},{"id":1242,"url":"https:\/\/sloengeldage.dk\/wp-content\/uploads\/Sloengeldage-24-web-Fotograf-Per-Bille-20240525DSC00960.jpg","name":"Sloengeldage-24-web-Fotograf-Per-Bille-20240525DSC00960.jpg","meta":{"brizy_attachment_uid":"wp-a46c65a2bc3cdd5d9d3c6f4e5578614a.jpg","brizy_post_uid":["9be1c736802318713b19dfcea16bf880","c6b87f3569faba4004b93f9ea00cb254"]}},{"id":1794,"url":"https:\/\/sloengeldage.dk\/wp-content\/uploads\/SB_Sigurd-fortaeller-om-Rummet.jpg","name":"SB_Sigurd-fortaeller-om-Rummet.jpg","meta":{"brizy_attachment_uid":"wp-7a9b8a38722d703f22fa3030cf08f895.jpg","brizy_post_uid":["bc14acae54e3aea3130c1a34f9364120","a5ac2a14150c9ddf743b9eedf0cb1807","c6b87f3569faba4004b93f9ea00cb254","8188b2cae34aeb45536f747697c7511f","5554cc041f8759477609c1e7723d9013","c01d2e30a9326151559940b52cf26a89","01535875b694cabb84a3e7e5cebf38e9","b1db65effdd867fba92448bfc41bd833"]}},{"id":3117,"url":"https:\/\/sloengeldage.dk\/wp-content\/uploads\/Play-logo.png","name":"Play-logo.png","meta":{"brizy_attachment_uid":"wp-ff3ae163ad9485163d4b44a9f2b79e06.png","brizy_post_uid":["c6b87f3569faba4004b93f9ea00cb254"]}},{"id":3165,"url":"https:\/\/sloengeldage.dk\/wp-content\/uploads\/0-1.jpg","name":"0-1.jpg","meta":{"brizy_attachment_uid":"wp-baf6fcc21445db621bc8f2c085e0dd85.jpg","brizy_post_uid":["60e67fbd505f862f61b0e26a1c36f098","c6b87f3569faba4004b93f9ea00cb254"]}},{"id":4640,"url":"https:\/\/sloengeldage.dk\/wp-content\/uploads\/Download_on_the_App_Store_Badge_DK_RGB_blk_100217.svg","name":"Download_on_the_App_Store_Badge_DK_RGB_blk_100217.svg","meta":{"brizy_attachment_uid":"wp-136184dd6540e102e0c6149d4863a9f4.svg","brizy_post_uid":["4b87d37b0f84c6ddfc2e1e5790590d11","c6b87f3569faba4004b93f9ea00cb254"]}},{"id":5056,"url":"https:\/\/sloengeldage.dk\/wp-content\/uploads\/OLKs-barndomshjem.jpg","name":"OLKs-barndomshjem.jpg","meta":{"brizy_attachment_uid":"wp-be16440b60a2a6b7015816b0f21d25e8.jpg","brizy_post_uid":["9b5f29d05a2c519c2e0b5d9eee63fd66","c6b87f3569faba4004b93f9ea00cb254"]}}],"_links":{"self":[{"href":"https:\/\/sloengeldage.dk\/index.php\/wp-json\/wp\/v2\/pages\/6","targetHints":{"allow":["GET"]}}],"collection":[{"href":"https:\/\/sloengeldage.dk\/index.php\/wp-json\/wp\/v2\/pages"}],"about":[{"href":"https:\/\/sloengeldage.dk\/index.php\/wp-json\/wp\/v2\/types\/page"}],"author":[{"embeddable":true,"href":"https:\/\/sloengeldage.dk\/index.php\/wp-json\/wp\/v2\/users\/1"}],"replies":[{"embeddable":true,"href":"https:\/\/sloengeldage.dk\/index.php\/wp-json\/wp\/v2\/comments?post=6"}],"version-history":[{"count":30,"href":"https:\/\/sloengeldage.dk\/index.php\/wp-json\/wp\/v2\/pages\/6\/revisions"}],"predecessor-version":[{"id":5297,"href":"https:\/\/sloengeldage.dk\/index.php\/wp-json\/wp\/v2\/pages\/6\/revisions\/5297"}],"wp:attachment":[{"href":"https:\/\/sloengeldage.dk\/index.php\/wp-json\/wp\/v2\/media?parent=6"}],"wp:term":[{"taxonomy":"folder","embeddable":true,"href":"https:\/\/sloengeldage.dk\/index.php\/wp-json\/wp\/v2\/folder?post=6"}],"curies":[{"name":"wp","href":"https:\/\/api.w.org\/{rel}","templated":true}]}}