{"id":4534,"date":"2026-03-09T13:54:02","date_gmt":"2026-03-09T13:54:02","guid":{"rendered":"https:\/\/sloengeldage.dk\/index.php\/byvandring-i-ole-lund-kirkegaards-fodspor-mobil\/"},"modified":"2026-05-08T12:36:21","modified_gmt":"2026-05-08T12:36:21","slug":"byvandring-i-ole-lund-kirkegaards-fodspor-mobil","status":"publish","type":"page","link":"https:\/\/sloengeldage.dk\/index.php\/byvandring-i-ole-lund-kirkegaards-fodspor-mobil\/","title":{"rendered":"Byvandring i Ole Lund Kirkegaards fodspor mobil"},"content":{"rendered":"<div class=\"brz brz-root__container brz-reset-all brz-root__container-page\">\n<section id=\"wHFq_EsDPUaE_wHFq_EsDPUaE\" class=\"brz-section brz-css-d-section brz-css-1wo0ojn\">\n<div class=\"brz-section__content brz-section--boxed brz-css-d-sectionitem-bg brz-css-kwp437\" data-brz-custom-id=\"wku_pFjDrTrT\">\n<div class=\"brz-container brz-css-d-sectionitem-container brz-css-t74ez9\">\n<div class=\"brz-row__container brz-css-d-row-row brz-css-98164s\" data-brz-custom-id=\"qZ9UvTPC0Re2\">\n<div class=\"brz-row brz-css-d-row-container brz-css-r-row-container brz-css-qpd6hr\">\n<div class=\"brz-columns brz-css-d-column-column brz-css-3misa9\" data-brz-custom-id=\"f7qgZbT4lRzm\">\n<div class=\"brz-column__items brz-css-d-column-bg brz-css-zcjeny\">\n<div id=\"\" class=\"brz-css-d-wrapper brz-css-1i6yfbs brz-wrapper\">\n<div class=\"brz-image brz-css-d-image-pg8cp16s7bhh-parent brz-css-s31f51\" data-brz-custom-id=\"pG8cp16S7BhH\"><a class=\"brz-a\" target=\"_self\" rel=\"noopener\" href=\"https:\/\/sloengeldage.dk\/index.php\/mobilforside\/\" data-brz-link-type=\"page\"><img decoding=\"async\" class=\"brz-img\" src=\"https:\/\/sloengeldage.dk\/wp-content\/uploads\/cropped-Gummi-Tarzan-2_512x512-1.png\" loading=\"lazy\" alt=\"\" title=\"cropped-Gummi-Tarzan-2_512x512-1.png\"><\/a><\/div>\n<\/div>\n<\/div>\n<\/div>\n<div class=\"brz-columns brz-css-d-column-column brz-css-1ydgfxh\" data-brz-custom-id=\"jgK7m49oQULn\">\n<div class=\"brz-column__items brz-css-d-column-bg brz-css-5mmfuh\">\n<div id=\"\" class=\"brz-css-d-wrapper brz-css-1r2do9u brz-wrapper\">\n<div class=\"brz-image brz-css-d-image-azymw9k0m1qt-parent brz-css-1keru15\" data-brz-custom-id=\"azyMW9k0m1Qt\"><a class=\"brz-a\" target=\"_self\" rel=\"noopener\" href=\"https:\/\/sloengeldage.dk\/index.php\/mobilforside\/\" data-brz-link-type=\"page\"><img decoding=\"async\" class=\"brz-img\" src=\"https:\/\/sloengeldage.dk\/wp-content\/uploads\/sloengeldage_nyt_logo.png\" loading=\"lazy\" alt=\"\" title=\"sloengeldage_nyt_logo\"><\/a><\/div>\n<\/div>\n<\/div>\n<\/div>\n<\/div>\n<\/div>\n<div class=\"brz-row__container brz-css-d-row-row brz-css-6fwcgf\" data-brz-custom-id=\"hgvfNebTw6US\">\n<div class=\"brz-row brz-css-d-row-container brz-css-r-row-container brz-css-1kxw8a5\">\n<div class=\"brz-columns brz-css-d-column-column brz-css-1xwz5s4\" data-brz-custom-id=\"a5BB3zHX2RL5\">\n<div class=\"brz-column__items brz-css-d-column-bg brz-css-13htdoa\">\n<div class=\"brz-wrapper-clone brz-flex-xs-wrap brz-css-d-cloneable brz-css-xg8r96\" data-brz-custom-id=\"uj7vowqffzjY\">\n<div class=\"brz-icon__container\" data-brz-custom-id=\"yFQUUwZYhzxv\"><a class=\"brz-a\" target=\"_self\" rel=\"noopener\" href=\"history.go(-1)\" data-brz-link-type=\"external\"><span class=\"brz-icon brz-span brz-css-d-icon-icon brz-css-1a28oy5\" data-brz-tooltip-wrapper-id=\"yFQUUwZYhzxv\"><\/span><\/a><\/div>\n<p><span class=\"brz-tooltip brz-css-d-icon-tooltip brz-css-3hyrvw\" data-brz-tooltip-offset=\"10\" data-brz-tooltip-trigger=\"hover\" data-brz-tooltip-placement=\"top\" data-brz-element-id=\"yFQUUwZYhzxv\">Tilbage<span class=\"brz-tooltip--arrow\"><\/span><\/span><\/div>\n<\/div>\n<\/div>\n<div class=\"brz-columns brz-css-d-column-column brz-css-17cao3r\" data-brz-custom-id=\"nZIgLsr4HwSs\">\n<div class=\"brz-column__items brz-css-d-column-bg brz-css-6z0kv7\">\n<div class=\"brz-wrapper-clone brz-flex-xs-wrap brz-css-d-cloneable brz-css-361pld\" data-brz-custom-id=\"o4ehIQX6kqrU\">\n<div class=\"brz-icon__container\" data-brz-custom-id=\"d2Wf7cHTF_4H\"><a class=\"brz-a\" target=\"_self\" rel=\"noopener\" href=\"https:\/\/sloengeldage.dk\/index.php\/mobilforside\/\" data-brz-link-type=\"page\"><span class=\"brz-icon brz-span brz-css-d-icon-icon brz-css-esgo3m\" data-brz-tooltip-wrapper-id=\"d2Wf7cHTF_4H\"><\/span><\/a><\/div>\n<p><span class=\"brz-tooltip brz-css-d-icon-tooltip brz-css-602s4n\" data-brz-tooltip-offset=\"10\" data-brz-tooltip-trigger=\"hover\" data-brz-tooltip-placement=\"top\" data-brz-element-id=\"d2Wf7cHTF_4H\">Forside<span class=\"brz-tooltip--arrow\"><\/span><\/span><\/div>\n<\/div>\n<\/div>\n<div class=\"brz-columns brz-css-d-column-column brz-css-xtrow2\" data-brz-custom-id=\"firS4LegRFRe\">\n<div class=\"brz-column__items brz-css-d-column-bg brz-css-c0p5t3\">\n<div id=\"\" class=\"brz-css-d-wrapper brz-css-1g50oge brz-wrapper\">\n<div class=\"brz-rich-text brz-rich-text__custom brz-css-d-richtext brz-css-zsbdhu\" data-brz-custom-id=\"gN3LIekd_U9Q\">\n<div data-brz-translate-text=\"1\">\n<p data-uniq-id=\"jHlMU\" data-generated-css=\"brz-css-slCbq\" class=\"brz-tp-lg-empty brz-ff-y0gaF530ilv7 brz-ft-upload brz-fs-lg-30 brz-fss-lg-px brz-fw-lg-700 brz-ls-lg-1_5 brz-lh-lg-1_3 brz-vfw-lg-400 brz-fwdth-lg-100 brz-fsft-lg-0 brz-text-lg-center brz-tp-xs-heading4 brz-css-symAx\"><a class=\"link--page brz-cp-color3\" href=\"https:\/\/sloengeldage.dk\/index.php\/program-kulturhuset-mobil\/\" data-brz-link-type=\"page\">Kultur-huset<\/a><\/p>\n<\/div>\n<\/div>\n<\/div>\n<\/div>\n<\/div>\n<div class=\"brz-columns brz-css-d-column-column brz-css-gisfz3\" data-brz-custom-id=\"zMWUtCM9xF8f\">\n<div class=\"brz-column__items brz-css-d-column-bg brz-css-10xl61v\">\n<div id=\"\" class=\"brz-css-d-wrapper brz-css-18l2mjd brz-wrapper\">\n<div class=\"brz-rich-text brz-rich-text__custom brz-css-d-richtext brz-css-5xsnfe\" data-brz-custom-id=\"osFxXKSPrPgL\">\n<div data-brz-translate-text=\"1\">\n<p class=\"brz-fsft-lg-0 brz-fwdth-lg-100 brz-vfw-lg-400 brz-lh-lg-1_3 brz-ls-lg-1_5 brz-fw-lg-700 brz-fss-lg-px brz-fs-lg-30 brz-ft-upload brz-ff-y0gaF530ilv7 brz-tp-lg-empty brz-text-lg-center brz-tp-xs-heading4 brz-css-idmQs\" data-generated-css=\"brz-css-q_ItY\" data-uniq-id=\"qCoJa\"><a class=\"link--page brz-cp-color3\" href=\"https:\/\/sloengeldage.dk\/index.php\/program-byparken-mobil\/\" data-brz-link-type=\"page\">By-parken<\/a><\/p>\n<\/div>\n<\/div>\n<\/div>\n<\/div>\n<\/div>\n<div class=\"brz-columns brz-css-d-column-column brz-css-152sej3\" data-brz-custom-id=\"lyu3iXce1Q1c\">\n<div class=\"brz-column__items brz-css-d-column-bg brz-css-9c7fag\">\n<div id=\"\" class=\"brz-css-d-wrapper brz-css-99crw7 brz-wrapper\">\n<div class=\"brz-rich-text brz-rich-text__custom brz-css-d-richtext brz-css-177ujif\" data-brz-custom-id=\"g_dqH7TCp0l1\">\n<div data-brz-translate-text=\"1\">\n<p class=\"brz-fsft-lg-0 brz-fwdth-lg-100 brz-vfw-lg-400 brz-lh-lg-1_3 brz-ls-lg-1_5 brz-fw-lg-700 brz-fss-lg-px brz-fs-lg-30 brz-ft-upload brz-ff-y0gaF530ilv7 brz-tp-lg-empty brz-text-lg-center brz-tp-xs-heading4 brz-css-cSJry\" data-generated-css=\"brz-css-gu8_M\" data-uniq-id=\"jPlWQ\"><a class=\"link--page brz-cp-color3\" href=\"https:\/\/sloengeldage.dk\/index.php\/program-kulturtorv-mobil\/\" data-brz-link-type=\"page\">Kultur-torvet<\/a><\/p>\n<\/div>\n<\/div>\n<\/div>\n<\/div>\n<\/div>\n<\/div>\n<\/div>\n<\/div>\n<\/div>\n<\/section>\n<section id=\"troDAOq4MTXM_troDAOq4MTXM\" class=\"brz-section brz-css-d-section brz-css-8uk8v2\">\n<div class=\"brz-section__content brz-section--boxed brz-css-d-sectionitem-bg brz-css-16a72vi\" data-brz-custom-id=\"yFTDQNBvpUSO\">\n<div class=\"brz-container brz-css-d-sectionitem-container brz-css-b354xh\">\n<div id=\"\" class=\"brz-css-d-wrapper brz-css-mre87l brz-wrapper\">\n<div class=\"brz-rich-text brz-rich-text__custom brz-css-d-richtext brz-css-1bqb3hj\" data-brz-custom-id=\"oQhPD6SpDLge\">\n<div data-brz-translate-text=\"1\">\n<h1 class=\"brz-text-lg-center brz-tp-lg-heading1 brz-fsft-lg-0 brz-fwdth-lg-100 brz-vfw-lg-400 brz-lh-lg-1_7 brz-ls-lg-0 brz-fw-lg-700 brz-fss-lg-px brz-fs-lg-25 brz-ft-google brz-ff-roboto brz-css-egHVi\" data-generated-css=\"brz-css-ceDPI\" data-uniq-id=\"bm7RR\"><span class=\"brz-cp-color5\">Orla Fr\u00f8snapper boede da i Skanderborg <\/span><\/h1>\n<h2 class=\"brz-tp-lg-heading2 brz-text-lg-center brz-fsft-lg-0 brz-fwdth-lg-100 brz-vfw-lg-400 brz-lh-lg-1_7 brz-ls-lg-0 brz-fw-lg-700 brz-fss-lg-px brz-fs-lg-25 brz-ft-google brz-ff-roboto brz-css-zIY36\" data-generated-css=\"brz-css-lqYQ_\" data-uniq-id=\"qA19e\"><span class=\"brz-cp-color3\">Byvandring i Ole Lund Kirkegaards fodspor<\/span><span class=\"brz-cp-color5\"> <\/span><\/h2>\n<p class=\"brz-tp-lg-paragraph brz-fsft-lg-0 brz-fwdth-lg-100 brz-vfw-lg-400 brz-lh-lg-1_7 brz-ls-lg-0 brz-fw-lg-700 brz-fss-lg-px brz-fs-lg-25 brz-ft-google brz-ff-roboto brz-css-uLWKf\" data-generated-css=\"brz-css-otoF5\" data-uniq-id=\"d2YOw\"><span class=\"brz-cp-color1\">Kom med p\u00e5 en byvandring og h\u00f8r om Ole&nbsp;Lund Kirkegaards barndom i Skanderborg og de mange personer, der blev inspiration til de sjove fort\u00e6llinger.<\/span><\/p>\n<p class=\"brz-tp-lg-paragraph brz-fsft-lg-0 brz-fwdth-lg-100 brz-vfw-lg-400 brz-lh-lg-1_7 brz-ls-lg-0 brz-fw-lg-700 brz-fss-lg-px brz-fs-lg-25 brz-ft-google brz-ff-roboto brz-css-oLEEm\" data-generated-css=\"brz-css-qmUZl\" data-uniq-id=\"dOWI4\"><span class=\"brz-cp-color1\">Museumsinspekt\u00f8r Charlotte Abildgaard Paulsen fra Museum Skanderborg er aftenens guide.<\/span><\/p>\n<p class=\"brz-tp-lg-paragraph brz-fsft-lg-0 brz-fwdth-lg-100 brz-vfw-lg-400 brz-lh-lg-1_7 brz-ls-lg-0 brz-fw-lg-700 brz-fss-lg-px brz-fs-lg-25 brz-ft-google brz-ff-roboto brz-css-sVigI\" data-generated-css=\"brz-css-b8SbB\" data-uniq-id=\"u8ksQ\"><span class=\"brz-cp-color1\">Vi m\u00f8des i det store m\u00f8delokale i Kulturhuset, hvor vi starter med en kop kaffe.<\/span><\/p>\n<p class=\"brz-tp-lg-paragraph brz-fsft-lg-0 brz-fwdth-lg-100 brz-vfw-lg-400 brz-lh-lg-1_7 brz-ls-lg-0 brz-fw-lg-700 brz-fss-lg-px brz-fs-lg-25 brz-ft-google brz-ff-roboto brz-css-rIizB\" data-generated-css=\"brz-css-m_rof\" data-uniq-id=\"am1VZ\"><span class=\"brz-cp-color1\">Tid: 7. maj 2026, klokken 19<\/span><\/p>\n<p class=\"brz-tp-lg-paragraph brz-fsft-lg-0 brz-fwdth-lg-100 brz-vfw-lg-400 brz-lh-lg-1_7 brz-ls-lg-0 brz-fw-lg-700 brz-fss-lg-px brz-fs-lg-25 brz-ft-google brz-ff-roboto brz-css-muwBp\" data-generated-css=\"brz-css-liwsR\" data-uniq-id=\"dIGEb\"><span class=\"brz-cp-color1\">Varighed: Kaffe 15 min, vandring \u00e9n time. <\/span><\/p>\n<p class=\"brz-tp-lg-paragraph brz-fsft-lg-0 brz-fwdth-lg-100 brz-vfw-lg-400 brz-lh-lg-1_7 brz-ls-lg-0 brz-fw-lg-700 brz-fss-lg-px brz-fs-lg-25 brz-ft-google brz-ff-roboto brz-css-vh7sY\" data-generated-css=\"brz-css-e7A4u\" data-uniq-id=\"hDyd8\"><span class=\"brz-cp-color1\">Billetpris gratis.<\/span><\/p>\n<\/div>\n<\/div>\n<\/div>\n<div class=\"brz-wrapper-clone brz-flex-xs-wrap brz-css-d-cloneable brz-css-1esq2vy\" data-brz-custom-id=\"rQHixKoWnCSR\"><a class=\"brz-a brz-btn brz-css-d-button brz-css-qlww6 brz-css-d-button-bg brz-css-13h9ilu\" target=\"_blank\" rel=\"noopener noreferrer\" href=\"https:\/\/billet.kulturhuset-skanderborg.dk\/115468\/Byvandring\" data-brz-link-type=\"external\" data-brz-custom-id=\"yHI6NIsPM0sY\"><span data-brz-translate-text=\"1\" class=\"brz-span brz-text__editor\">Bestil billet<\/span><\/a><\/div>\n<div id=\"\" class=\"brz-css-d-wrapper brz-css-10arm4d brz-wrapper\">\n<div class=\"brz-rich-text brz-rich-text__custom brz-css-d-richtext brz-css-r5mx1w\" data-brz-custom-id=\"jrXzsC0K2Ghc\">\n<div data-brz-translate-text=\"1\">\n<p data-uniq-id=\"xB9si\" data-generated-css=\"brz-css-neC6T\" class=\"brz-tp-lg-paragraph brz-css-oEhKM\"><span class=\"brz-cp-color1\">I forbindelse med Store Sl\u00f8ngeldag holder Museum Skanderborg et opl\u00e6g p\u00e5 Biblioteksscenen om Oles legepladser i Skanderborg.<\/span><\/p>\n<\/div>\n<\/div>\n<\/div>\n<div class=\"brz-wrapper-clone brz-flex-xs-wrap brz-css-d-cloneable brz-css-1r1uyo7\" data-brz-custom-id=\"gurCclSPY5uX\"><a class=\"brz-a brz-btn brz-css-d-button brz-css-5783ij brz-css-d-button-bg brz-css-1a5h0rh\" target=\"_self\" rel=\"noopener\" href=\"https:\/\/sloengeldage.dk\/index.php\/oles-legepladser-mobil\/\" data-brz-link-type=\"page\" data-brz-custom-id=\"n5Ty3QEo7C1M\"><span data-brz-translate-text=\"1\" class=\"brz-span brz-text__editor\">Oles legepladser i Skanderborg<\/span><\/a><\/div>\n<div id=\"\" class=\"brz-css-d-wrapper brz-css-uz9jtp brz-wrapper\">\n<div class=\"brz-image brz-css-d-image-zxtncjjkq0rd-parent brz-css-tnuapq\" data-brz-custom-id=\"zXTncJJkq0rd\"><img decoding=\"async\" class=\"brz-img\" src=\"https:\/\/sloengeldage.dk\/wp-content\/uploads\/Museum-Skanderborg-BRUG-denne-barndomshjem-m.-paeretrae-scaled.jpg\" loading=\"lazy\" alt=\"\" title=\"Museum Skanderborg, (BRUG denne) barndomshjem m. p\u00e6retr\u00e6\"><\/div>\n<\/div>\n<\/div>\n<\/div>\n<\/section>\n<section id=\"dYop66LfuJj__dYop66LfuJj_\" class=\"brz-section brz-css-d-section brz-css-gizcf5\">\n<div class=\"brz-section__content brz-section--boxed brz-css-d-sectionitem-bg brz-css-aranen\" data-brz-custom-id=\"j809UbqBZ3dB\">\n<div class=\"brz-bg\">\n<div class=\"brz-bg-color\"><\/div>\n<\/div>\n<div class=\"brz-container brz-css-d-sectionitem-container brz-css-tk3s8j\">\n<div class=\"brz-row__container brz-css-d-row-row brz-css-101y1l3\" data-brz-custom-id=\"ppAuQMgTzKkf\">\n<div class=\"brz-row brz-css-d-row-container brz-css-r-row-container brz-css-98bt08\">\n<div class=\"brz-columns brz-css-d-column-column brz-css-1y8sxsn\" data-brz-custom-id=\"zHKWFH6EZ4Gt\">\n<div class=\"brz-column__items brz-css-d-column-bg brz-css-v0yb1f\">\n<div id=\"\" class=\"brz-css-d-wrapper brz-css-15kn2s2 brz-wrapper\">\n<div class=\"brz-rich-text brz-rich-text__custom brz-css-d-richtext brz-css-k2qs4\" data-brz-custom-id=\"u2sFpBSb6GUd\">\n<div data-brz-translate-text=\"1\">\n<p class=\"brz-tp-lg-paragraph brz-text-lg-center brz-css-arMWU\" data-uniq-id=\"ojPnU\" data-generated-css=\"brz-css-v_9Gl\"><a class=\"link--page brz-cp-color1 brz-bgp-color8\" href=\"https:\/\/sloengeldage.dk\/index.php\/kontakt\/\" data-brz-link-type=\"page\">Kontakt Di Heslige Sl\u00f8nglers Klup<\/a><\/p>\n<\/div>\n<\/div>\n<\/div>\n<\/div>\n<\/div>\n<div class=\"brz-columns brz-css-d-column-column brz-css-1wsbm6b\" data-brz-custom-id=\"mCnEGDCbLnOv\">\n<div class=\"brz-column__items brz-css-d-column-bg brz-css-1x579yl\">\n<div id=\"\" class=\"brz-css-d-wrapper brz-css-1l2po2p brz-wrapper\">\n<div class=\"brz-rich-text brz-rich-text__custom brz-css-d-richtext brz-css-zasyfc\" data-brz-custom-id=\"h0bLyUTnSWN7\">\n<div data-brz-translate-text=\"1\">\n<p class=\"brz-tp-lg-paragraph brz-text-lg-center brz-css-t1pTO\" data-uniq-id=\"zIrET\" data-generated-css=\"brz-css-mSOvL\"><a class=\"link--page brz-cp-color1 brz-bgp-color8\" href=\"https:\/\/sloengeldage.dk\/index.php\/privatslivserklaering\/\" data-brz-link-type=\"page\">Privatlivserkl\u00e6ring<\/a><\/p>\n<\/div>\n<\/div>\n<\/div>\n<\/div>\n<\/div>\n<\/div>\n<\/div>\n<\/div>\n<\/div>\n<\/section><\/div>\n<p><!-- version:1775554179 --><\/p>\n","protected":false},"excerpt":{"rendered":"<p>Tilbage Forside Kultur-huset By-parken Kultur-torvet Orla Fr\u00f8snapper boede da i Skanderborg Byvandring i Ole Lund Kirkegaards fodspor Kom med p\u00e5 en byvandring og h\u00f8r om Ole&nbsp;Lund Kirkegaards barndom i Skanderborg og de mange personer, der blev inspiration til de sjove fort\u00e6llinger. Museumsinspekt\u00f8r Charlotte Abildgaard Paulsen fra Museum Skanderborg er aftenens guide. Vi m\u00f8des i det &hellip; <\/p>\n<p class=\"link-more\"><a href=\"https:\/\/sloengeldage.dk\/index.php\/byvandring-i-ole-lund-kirkegaards-fodspor-mobil\/\" class=\"more-link\">Continue reading<span class=\"screen-reader-text\"> &#8220;Byvandring i Ole Lund Kirkegaards fodspor mobil&#8221;<\/span><\/a><\/p>\n","protected":false},"author":1,"featured_media":0,"parent":0,"menu_order":0,"comment_status":"closed","ping_status":"closed","template":"brizy-blank-template.php","meta":{"footnotes":""},"folder":[113],"class_list":["post-4534","page","type-page","status-publish","hentry","entry"],"brizy_media":[{"id":3856,"url":"https:\/\/sloengeldage.dk\/wp-content\/uploads\/Museum-Skanderborg-BRUG-denne-barndomshjem-m.-paeretrae-scaled.jpg","name":"Museum-Skanderborg-BRUG-denne-barndomshjem-m.-paeretrae.jpg","meta":{"brizy_attachment_uid":"wp-8d46fcfb6b29041d78fb9f53996f5237.jpg","brizy_post_uid":["583c923eed38b04f44000e2ff3593cd9","781e13e2064d7be674709e6998502d2c"]}}],"_links":{"self":[{"href":"https:\/\/sloengeldage.dk\/index.php\/wp-json\/wp\/v2\/pages\/4534","targetHints":{"allow":["GET"]}}],"collection":[{"href":"https:\/\/sloengeldage.dk\/index.php\/wp-json\/wp\/v2\/pages"}],"about":[{"href":"https:\/\/sloengeldage.dk\/index.php\/wp-json\/wp\/v2\/types\/page"}],"author":[{"embeddable":true,"href":"https:\/\/sloengeldage.dk\/index.php\/wp-json\/wp\/v2\/users\/1"}],"replies":[{"embeddable":true,"href":"https:\/\/sloengeldage.dk\/index.php\/wp-json\/wp\/v2\/comments?post=4534"}],"version-history":[{"count":10,"href":"https:\/\/sloengeldage.dk\/index.php\/wp-json\/wp\/v2\/pages\/4534\/revisions"}],"predecessor-version":[{"id":5657,"href":"https:\/\/sloengeldage.dk\/index.php\/wp-json\/wp\/v2\/pages\/4534\/revisions\/5657"}],"wp:attachment":[{"href":"https:\/\/sloengeldage.dk\/index.php\/wp-json\/wp\/v2\/media?parent=4534"}],"wp:term":[{"taxonomy":"folder","embeddable":true,"href":"https:\/\/sloengeldage.dk\/index.php\/wp-json\/wp\/v2\/folder?post=4534"}],"curies":[{"name":"wp","href":"https:\/\/api.w.org\/{rel}","templated":true}]}}