{"id":4529,"date":"2026-03-09T13:49:09","date_gmt":"2026-03-09T13:49:09","guid":{"rendered":"https:\/\/sloengeldage.dk\/?page_id=4529"},"modified":"2026-04-07T09:20:45","modified_gmt":"2026-04-07T09:20:45","slug":"byvandring-i-ole-lund-kirkegaards-fodspor","status":"publish","type":"page","link":"https:\/\/sloengeldage.dk\/index.php\/byvandring-i-ole-lund-kirkegaards-fodspor\/","title":{"rendered":"Byvandring i Ole Lund Kirkegaards fodspor"},"content":{"rendered":"<div class=\"brz brz-root__container brz-reset-all brz-root__container-page\" >\n<section id=\"b9Ulha2TWrba_b9Ulha2TWrba\" class=\"brz-section brz-css-d-section brz-css-kgyukb\">\n<div class=\"brz-section__content brz-section--boxed brz-css-d-sectionitem-bg brz-css-1w7ztfw\" data-brz-custom-id=\"eXMFK2fAl5nJ\">\n<div class=\"brz-bg\">\n<div class=\"brz-bg-color\"><\/div>\n<\/div>\n<div class=\"brz-container brz-css-d-sectionitem-container brz-css-1wsoq0e\">\n<div class=\"brz-row__container brz-css-d-row-row brz-css-sztdqm\" data-brz-custom-id=\"klsUXoH4pWig\">\n<div class=\"brz-row brz-css-d-row-container brz-css-r-row-container brz-css-193vh00\">\n<div class=\"brz-columns brz-css-d-column-column brz-css-kcxsv7\" data-brz-custom-id=\"hoxcOEatpvkE\">\n<div class=\"brz-column__items brz-css-d-column-bg brz-css-8xdd5j\">\n<div id=\"\" class=\"brz-css-d-wrapper brz-css-8u30qg brz-wrapper\">\n<div class=\"brz-menu__container brz-css-d-menu-menu-container brz-css-h8w6hq\" data-mmenu-id=\"#sQ4RHVt9OJRu_58bf30d33e1ab789dad2\" data-mmenu-position=\"position-left\" data-mmenu-title=\"Menu\" data-mmenu-stickytitle=\"off\" data-mmenu-isslider=\"false\" data-mmenu-closingicon=\"%7B%22desktop%22%3A%22off%22%2C%22tablet%22%3A%22off%22%2C%22mobile%22%3A%22off%22%7D\" data-brz-menu-accessible=\"true\" data-brz-custom-id=\"sQ4RHVt9OJRu\">\n<nav data-mods=\"%7B%22desktop%22%3A%22vertical%22%2C%22tablet%22%3A%22vertical%22%2C%22mobile%22%3A%22vertical%22%7D\" class=\"brz-menu brz-menu__preview brz-css-d-menu-menu brz-css-c0q6u3\">\n<ul class=\"brz-menu__ul\" data-menu-items-active=\"\">\n<li data-menu-item-id=\"c268f39a38b885fd7bdeb18b932983dd\" class=\"brz-menu__item menu-item menu-item-type-post_type menu-item-object-page\"><a class=\"brz-a\" target=\"\" href=\"https:\/\/sloengeldage.dk\/index.php\/program-byparken\/\"><span class=\"brz-span\">Program Byparken<\/span><\/a><\/li>\n<li data-menu-item-id=\"03e573b58f92f17791441f24321ce81c\" class=\"brz-menu__item menu-item menu-item-type-post_type menu-item-object-page\"><a class=\"brz-a\" target=\"\" href=\"https:\/\/sloengeldage.dk\/index.php\/progam-kulturhuset\/\"><span class=\"brz-span\">Program Kulturhuset<\/span><\/a><\/li>\n<li data-menu-item-id=\"f54606aa7439ecf690ff1672e0ad09a2\" class=\"brz-menu__item menu-item menu-item-type-post_type menu-item-object-page\"><a class=\"brz-a\" target=\"\" href=\"https:\/\/sloengeldage.dk\/index.php\/program-kulturtorv\/\"><span class=\"brz-span\">Program Kulturtorv<\/span><\/a><\/li>\n<li data-menu-item-id=\"9d484c839893af08d6ee6a94ebf1dcb1\" class=\"brz-menu__item menu-item menu-item-type-post_type menu-item-object-page\"><a class=\"brz-a\" target=\"\" href=\"https:\/\/sloengeldage.dk\/index.php\/udstillinger-og-stande\/\"><span class=\"brz-span\">Udstillinger og stande<\/span><\/a><\/li>\n<li data-menu-item-id=\"cb236096e3ff0bedd74d03946a33eac7\" class=\"brz-menu__item menu-item menu-item-type-post_type menu-item-object-page\"><a class=\"brz-a\" target=\"\" href=\"https:\/\/sloengeldage.dk\/index.php\/mad-drikke-og-parkering\/\"><span class=\"brz-span\">Mad, drikke og parkering<\/span><\/a><\/li>\n<li data-menu-item-id=\"41167c07c36a38ddd5b33dccac07ba53\" class=\"brz-menu__item menu-item menu-item-type-post_type menu-item-object-page\"><a class=\"brz-a\" target=\"\" href=\"https:\/\/sloengeldage.dk\/index.php\/byvandring-i-ole-lund-kirkegaards-fodspor\/\"><span class=\"brz-span\">Byvandring i Ole Lund Kirkegaards fodspor<\/span><\/a><\/li>\n<\/ul>\n<\/nav>\n<div class=\"brz-mm-menu__icon\" data-brz-brz-mmenu-icon=\"off\" aria-label=\"Open navigation menu\"><\/div>\n<nav data-mods=\"%7B%22desktop%22%3A%22vertical%22%2C%22tablet%22%3A%22vertical%22%2C%22mobile%22%3A%22vertical%22%7D\" id=\"sQ4RHVt9OJRu_58bf30d33e1ab789dad2\" class=\"brz-menu brz-menu__preview brz-menu__mmenu brz-css-d-menu-mmenu brz-css-bmvkrp\">\n<ul class=\"brz-menu__ul\" data-menu-items-active=\"\">\n<li data-menu-item-id=\"c268f39a38b885fd7bdeb18b932983dd\" class=\"brz-menu__item menu-item menu-item-type-post_type menu-item-object-page\"><a class=\"brz-a\" target=\"\" href=\"https:\/\/sloengeldage.dk\/index.php\/program-byparken\/\"><span class=\"brz-span\">Program Byparken<\/span><\/a><\/li>\n<li data-menu-item-id=\"03e573b58f92f17791441f24321ce81c\" class=\"brz-menu__item menu-item menu-item-type-post_type menu-item-object-page\"><a class=\"brz-a\" target=\"\" href=\"https:\/\/sloengeldage.dk\/index.php\/progam-kulturhuset\/\"><span class=\"brz-span\">Program Kulturhuset<\/span><\/a><\/li>\n<li data-menu-item-id=\"f54606aa7439ecf690ff1672e0ad09a2\" class=\"brz-menu__item menu-item menu-item-type-post_type menu-item-object-page\"><a class=\"brz-a\" target=\"\" href=\"https:\/\/sloengeldage.dk\/index.php\/program-kulturtorv\/\"><span class=\"brz-span\">Program Kulturtorv<\/span><\/a><\/li>\n<li data-menu-item-id=\"9d484c839893af08d6ee6a94ebf1dcb1\" class=\"brz-menu__item menu-item menu-item-type-post_type menu-item-object-page\"><a class=\"brz-a\" target=\"\" href=\"https:\/\/sloengeldage.dk\/index.php\/udstillinger-og-stande\/\"><span class=\"brz-span\">Udstillinger og stande<\/span><\/a><\/li>\n<li data-menu-item-id=\"cb236096e3ff0bedd74d03946a33eac7\" class=\"brz-menu__item menu-item menu-item-type-post_type menu-item-object-page\"><a class=\"brz-a\" target=\"\" href=\"https:\/\/sloengeldage.dk\/index.php\/mad-drikke-og-parkering\/\"><span class=\"brz-span\">Mad, drikke og parkering<\/span><\/a><\/li>\n<li data-menu-item-id=\"41167c07c36a38ddd5b33dccac07ba53\" class=\"brz-menu__item menu-item menu-item-type-post_type menu-item-object-page\"><a class=\"brz-a\" target=\"\" href=\"https:\/\/sloengeldage.dk\/index.php\/byvandring-i-ole-lund-kirkegaards-fodspor\/\"><span class=\"brz-span\">Byvandring i Ole Lund Kirkegaards fodspor<\/span><\/a><\/li>\n<\/ul>\n<\/nav>\n<\/div>\n<\/div>\n<\/div>\n<\/div>\n<div class=\"brz-columns brz-css-d-column-column brz-css-1wrxj2v\" data-brz-custom-id=\"cmYQRwPWR5pD\">\n<div class=\"brz-column__items brz-css-d-column-bg brz-css-1bip1wc\">\n<div id=\"\" class=\"brz-css-d-wrapper brz-css-5ouv9v brz-wrapper\">\n<div class=\"brz-rich-text brz-rich-text__custom brz-css-d-richtext brz-css-f2bhnl\" data-brz-custom-id=\"fgTxG6U3w7qI\">\n<div data-brz-translate-text=\"1\">\n<h1 class=\"brz-tp-lg-heading1 brz-ft-google brz-ff-roboto ql-align-center brz-fss-lg-px brz-fw-lg-700 brz-vfw-lg-400 brz-fwdth-lg-100 brz-fsft-lg-0 brz-fs-lg-25 brz-ls-lg-0 brz-lh-lg-1_7 brz-text-lg-center brz-css-l37cK\" data-generated-css=\"brz-css-xRxLX\" data-uniq-id=\"xiFEO\"><span class=\"brz-cp-color5 brz-span\" style=\"color: rgba(var(--brz-global-color5),1);\"><strong>Orla Fr\u00f8snapper boede da i Skanderborg<\/strong><\/span><strong style=\"color: rgba(var(--brz-global-color5),1);\" class=\"brz-cp-color5\"> <\/strong><\/h1>\n<h2 data-generated-css=\"brz-css-b4Lcn\" data-uniq-id=\"xAKcE\" class=\"brz-ft-google brz-ff-roboto ql-align-center brz-fss-lg-px brz-fw-lg-700 brz-vfw-lg-400 brz-fwdth-lg-100 brz-fsft-lg-0 brz-fs-lg-25 brz-ls-lg-0 brz-lh-lg-1_7 brz-text-lg-center brz-bcp-color5 brz-tp-lg-heading2 brz-css-nzMUw\" style=\"color: rgb(85, 181, 181);\"><span style=\"color: rgba(var(--brz-global-color3),1);\" class=\"brz-cp-color3\">Byvandring i <\/span><\/h2>\n<h2 data-generated-css=\"brz-css-j_Vyk\" data-uniq-id=\"xv_pC\" class=\"brz-ft-google brz-ff-roboto ql-align-center brz-fss-lg-px brz-fw-lg-700 brz-vfw-lg-400 brz-fwdth-lg-100 brz-fsft-lg-0 brz-fs-lg-25 brz-ls-lg-0 brz-lh-lg-1_7 brz-text-lg-center brz-bcp-color5 brz-tp-lg-heading2 brz-css-u05VM\" style=\"color: rgb(85, 181, 181);\"><span style=\"color: rgba(var(--brz-global-color3),1);\" class=\"brz-cp-color3\">Ole Lund Kirkegaards fodspor<\/span><\/h2>\n<\/div>\n<\/div>\n<\/div>\n<div class=\"brz-wrapper-clone brz-flex-xs-wrap brz-css-d-cloneable brz-css-1nczcnr\" data-brz-custom-id=\"hkIjte4sjYrw\"><a class=\"brz-a brz-btn brz-css-d-button brz-css-w3rmf6 brz-css-d-button-bg brz-css-dw4auo\" target=\"_self\" rel=\"noopener\" href=\"javascript:history.go(-1)\" data-brz-link-type=\"external\" data-brz-custom-id=\"j4AU3I2vNUkF\"><svg class=\"brz-icon-svg align-[initial] brz-css-d-button-icon brz-css-1psu3tw\"><use href=\"\/wp-content\/plugins\/brizy\/public\/editor-build\/prod\/editor\/icons\/glyph\/tail-triangle-left.svg#nc_icon\"><\/use><\/svg><span data-brz-translate-text=\"1\" class=\"brz-span brz-text__editor\">Tilbage<\/span><\/a><\/div>\n<div id=\"\" class=\"brz-css-d-wrapper brz-css-1d91cv7 brz-wrapper\">\n<div class=\"brz-rich-text brz-rich-text__custom brz-css-d-richtext brz-css-1opl20\" data-brz-custom-id=\"mwpdfV4RSOsO\">\n<div data-brz-translate-text=\"1\">\n<p class=\"brz-text-lg-justify brz-tp-lg-paragraph brz-fs-lg-25 brz-fw-lg-700 brz-ff-roboto brz-ft-google brz-fss-lg-px brz-ls-lg-0 brz-lh-lg-1_7 brz-vfw-lg-400 brz-fwdth-lg-100 brz-fsft-lg-0 brz-css-banfw\" data-uniq-id=\"dBwLA\" data-generated-css=\"brz-css-t5YAy\"><span class=\"brz-cp-color1 brz-span\" style=\"background-color: transparent; color: rgb(0, 0, 0);\">Kom med p\u00e5 byvandring og h\u00f8r om Ole&nbsp;Lund Kirkegaards barndom i Skanderborg og de mange personer, der blev inspiration til de sjove fort\u00e6llinger.<\/span><\/p>\n<p class=\"brz-tp-lg-paragraph brz-fs-lg-25 brz-fw-lg-700 brz-ff-roboto brz-ft-google brz-fss-lg-px brz-ls-lg-0 brz-lh-lg-1_7 brz-vfw-lg-400 brz-fwdth-lg-100 brz-fsft-lg-0 brz-css-fAepd\" data-uniq-id=\"v61Pd\" data-generated-css=\"brz-css-dL5au\"><span class=\"brz-cp-color1 brz-span\" style=\"background-color: transparent; color: rgb(0, 0, 0);\">Museumsinspekt\u00f8r Charlotte Abildgaard Paulsen fra Museum Skanderborg er aftenens guide.<\/span><\/p>\n<p class=\"brz-tp-lg-paragraph brz-fs-lg-25 brz-fw-lg-700 brz-ff-roboto brz-ft-google brz-fss-lg-px brz-ls-lg-0 brz-lh-lg-1_7 brz-vfw-lg-400 brz-fwdth-lg-100 brz-fsft-lg-0 brz-css-mdTQr\" data-uniq-id=\"a_2ld\" data-generated-css=\"brz-css-zmPE0\"><span class=\"brz-cp-color1 brz-span\" style=\"background-color: transparent; color: rgb(0, 0, 0);\">Vi m\u00f8des i det store m\u00f8delokale i Kulturhuset, hvor vi starter med en kop kaffe.<\/span><\/p>\n<p class=\"brz-tp-lg-paragraph brz-fs-lg-25 brz-fw-lg-700 brz-ff-roboto brz-ft-google brz-fss-lg-px brz-ls-lg-0 brz-lh-lg-1_7 brz-vfw-lg-400 brz-fwdth-lg-100 brz-fsft-lg-0 brz-css-xYPxI\" data-uniq-id=\"qX04B\" data-generated-css=\"brz-css-aYoSn\"><span class=\"brz-cp-color1 brz-span\" style=\"background-color: transparent; color: rgb(0, 0, 0);\">Tid: 7. maj 2026, klokken 19<\/span><\/p>\n<p class=\"brz-tp-lg-paragraph brz-fs-lg-25 brz-fw-lg-700 brz-ff-roboto brz-ft-google brz-fss-lg-px brz-ls-lg-0 brz-lh-lg-1_7 brz-vfw-lg-400 brz-fwdth-lg-100 brz-fsft-lg-0 brz-css-q0gES\" data-uniq-id=\"qtCUW\" data-generated-css=\"brz-css-euLjh\"><span class=\"brz-cp-color1 brz-span\" style=\"background-color: transparent; color: rgb(0, 0, 0);\">Varighed: Kaffe 15 min, vandring \u00e9n time. <\/span><\/p>\n<p class=\"brz-ff-roboto brz-ft-google brz-fss-lg-px brz-ls-lg-0 brz-lh-lg-1_7 brz-vfw-lg-400 brz-fwdth-lg-100 brz-fsft-lg-0 brz-tp-lg-paragraph brz-fs-lg-25 brz-fw-lg-700 brz-css-rvMZw\" data-uniq-id=\"l2Px9\" data-generated-css=\"brz-css-oCmQl\"><span class=\"brz-cp-color1 brz-span\" style=\"background-color: transparent; color: rgb(0, 0, 0);\">Billetpris gratis<\/span><\/p>\n<\/div>\n<\/div>\n<\/div>\n<div class=\"brz-wrapper-clone brz-flex-xs-wrap brz-css-d-cloneable brz-css-1wj2upp\" data-brz-custom-id=\"hR7mDQpq2zVe\"><a class=\"brz-a brz-btn brz-css-d-button brz-css-1iqct4n brz-css-d-button-bg brz-css-1awbn48\" target=\"_blank\" rel=\"noopener noreferrer\" href=\"https:\/\/billet.kulturhuset-skanderborg.dk\/115468\/Byvandring\" data-brz-link-type=\"external\" data-brz-custom-id=\"i4imc8RpstFr\"><svg class=\"brz-icon-svg align-[initial] brz-css-d-button-icon brz-css-1tqrugp\"><use href=\"\/wp-content\/plugins\/brizy\/public\/editor-build\/prod\/editor\/icons\/glyph\/tail-right.svg#nc_icon\"><\/use><\/svg><span data-brz-translate-text=\"1\" class=\"brz-span brz-text__editor\">Bestil billet<\/span><\/a><\/div>\n<div id=\"\" class=\"brz-css-d-wrapper brz-css-121dsmt brz-wrapper\">\n<div class=\"brz-rich-text brz-rich-text__custom brz-css-d-richtext brz-css-dnjkyr\" data-brz-custom-id=\"r3YUbtEbI2xr\">\n<div data-brz-translate-text=\"1\">\n<p class=\"brz-tp-lg-paragraph brz-css-wmWOm\" data-generated-css=\"brz-css-fWyFB\" data-uniq-id=\"u578D\"><span style=\"color: rgba(var(--brz-global-color1),1);\" class=\"brz-cp-color1\">I forbindelse med Store Sl\u00f8ngeldag holder Museum Skanderborg et opl\u00e6g p\u00e5 Biblioteksscenen om Oles legepladser i Skanderborg.<\/span><\/p>\n<\/div>\n<\/div>\n<\/div>\n<div class=\"brz-wrapper-clone brz-flex-xs-wrap brz-css-d-cloneable brz-css-l1jwy1\" data-brz-custom-id=\"xCSHHPuOvthY\"><a class=\"brz-a brz-btn brz-css-d-button brz-css-1k9qpcc brz-css-d-button-bg brz-css-m13vk2\" target=\"_self\" rel=\"noopener\" data-brz-link-type=\"page\" data-brz-custom-id=\"h7Frcd6yX0Mp\"><svg class=\"brz-icon-svg align-[initial] brz-css-d-button-icon brz-css-177mfzq\"><use href=\"\/wp-content\/plugins\/brizy\/public\/editor-build\/prod\/editor\/icons\/glyph\/tail-right.svg#nc_icon\"><\/use><\/svg><span data-brz-translate-text=\"1\" class=\"brz-span brz-text__editor\">Oles legepladser i Skanderborg<\/span><\/a><\/div>\n<div id=\"\" class=\"brz-css-d-wrapper brz-css-pvd0wx brz-wrapper\">\n<div class=\"brz-image brz-css-d-image-mvwxhgnwmcxd-parent brz-css-8rvtea\" data-brz-custom-id=\"mVwXHGNWmcxd\"><picture class=\"brz-picture brz-d-block brz-p-relative brz-css-d-image-mvwxhgnwmcxd-picture brz-css-tqdsud\"><source srcset=\"https:\/\/sloengeldage.dk\/wp-content\/uploads\/Museum-Skanderborg-BRUG-denne-barndomshjem-m.-paeretrae-scaled.jpg 1x, https:\/\/sloengeldage.dk\/wp-content\/uploads\/Museum-Skanderborg-BRUG-denne-barndomshjem-m.-paeretrae-scaled.jpg 2x\" media=\"(min-width: 992px)\"><source srcset=\"https:\/\/sloengeldage.dk\/wp-content\/uploads\/Museum-Skanderborg-BRUG-denne-barndomshjem-m.-paeretrae-scaled.jpg 1x, https:\/\/sloengeldage.dk\/wp-content\/uploads\/Museum-Skanderborg-BRUG-denne-barndomshjem-m.-paeretrae-scaled.jpg 2x\" media=\"(min-width: 768px)\"><img decoding=\"async\" class=\"brz-img\" srcset=\"https:\/\/sloengeldage.dk\/wp-content\/uploads\/Museum-Skanderborg-BRUG-denne-barndomshjem-m.-paeretrae-scaled.jpg 1x, https:\/\/sloengeldage.dk\/wp-content\/uploads\/Museum-Skanderborg-BRUG-denne-barndomshjem-m.-paeretrae-scaled.jpg 2x\" src=\"https:\/\/sloengeldage.dk\/wp-content\/uploads\/Museum-Skanderborg-BRUG-denne-barndomshjem-m.-paeretrae-scaled.jpg\" loading=\"lazy\" alt=\"\" title=\"Museum Skanderborg, (BRUG denne) barndomshjem m. p\u00e6retr\u00e6\" draggable=\"false\"><\/picture><\/div>\n<\/div>\n<\/div>\n<\/div>\n<\/div>\n<\/div>\n<\/div>\n<\/div>\n<\/section><\/div>\n<p><!-- version:1775553645 --><\/p>\n","protected":false},"excerpt":{"rendered":"<p>Program Byparken Program Kulturhuset Program Kulturtorv Udstillinger og stande Mad, drikke og parkering Byvandring i Ole Lund Kirkegaards fodspor Program Byparken Program Kulturhuset Program Kulturtorv Udstillinger og stande Mad, drikke og parkering Byvandring i Ole Lund Kirkegaards fodspor Orla Fr\u00f8snapper boede da i Skanderborg Byvandring i Ole Lund Kirkegaards fodspor Tilbage Kom med p\u00e5 byvandring &hellip; <\/p>\n<p class=\"link-more\"><a href=\"https:\/\/sloengeldage.dk\/index.php\/byvandring-i-ole-lund-kirkegaards-fodspor\/\" class=\"more-link\">Continue reading<span class=\"screen-reader-text\"> &#8220;Byvandring i Ole Lund Kirkegaards fodspor&#8221;<\/span><\/a><\/p>\n","protected":false},"author":1,"featured_media":0,"parent":0,"menu_order":0,"comment_status":"closed","ping_status":"closed","template":"brizy-blank-template.php","meta":{"footnotes":""},"folder":[43],"class_list":["post-4529","page","type-page","status-publish","hentry","entry"],"brizy_media":[{"id":3856,"url":"https:\/\/sloengeldage.dk\/wp-content\/uploads\/Museum-Skanderborg-BRUG-denne-barndomshjem-m.-paeretrae-scaled.jpg","name":"Museum-Skanderborg-BRUG-denne-barndomshjem-m.-paeretrae.jpg","meta":{"brizy_attachment_uid":"wp-8d46fcfb6b29041d78fb9f53996f5237.jpg","brizy_post_uid":["583c923eed38b04f44000e2ff3593cd9","781e13e2064d7be674709e6998502d2c"]}}],"_links":{"self":[{"href":"https:\/\/sloengeldage.dk\/index.php\/wp-json\/wp\/v2\/pages\/4529","targetHints":{"allow":["GET"]}}],"collection":[{"href":"https:\/\/sloengeldage.dk\/index.php\/wp-json\/wp\/v2\/pages"}],"about":[{"href":"https:\/\/sloengeldage.dk\/index.php\/wp-json\/wp\/v2\/types\/page"}],"author":[{"embeddable":true,"href":"https:\/\/sloengeldage.dk\/index.php\/wp-json\/wp\/v2\/users\/1"}],"replies":[{"embeddable":true,"href":"https:\/\/sloengeldage.dk\/index.php\/wp-json\/wp\/v2\/comments?post=4529"}],"version-history":[{"count":10,"href":"https:\/\/sloengeldage.dk\/index.php\/wp-json\/wp\/v2\/pages\/4529\/revisions"}],"predecessor-version":[{"id":5631,"href":"https:\/\/sloengeldage.dk\/index.php\/wp-json\/wp\/v2\/pages\/4529\/revisions\/5631"}],"wp:attachment":[{"href":"https:\/\/sloengeldage.dk\/index.php\/wp-json\/wp\/v2\/media?parent=4529"}],"wp:term":[{"taxonomy":"folder","embeddable":true,"href":"https:\/\/sloengeldage.dk\/index.php\/wp-json\/wp\/v2\/folder?post=4529"}],"curies":[{"name":"wp","href":"https:\/\/api.w.org\/{rel}","templated":true}]}}