{"id":4216,"date":"2026-03-04T10:01:37","date_gmt":"2026-03-04T10:01:37","guid":{"rendered":"https:\/\/sloengeldage.dk\/index.php\/blerov-mobil\/"},"modified":"2026-05-07T05:38:54","modified_gmt":"2026-05-07T05:38:54","slug":"blerov-mobil","status":"publish","type":"page","link":"https:\/\/sloengeldage.dk\/index.php\/blerov-mobil\/","title":{"rendered":"\u00c6blerov mobil"},"content":{"rendered":"<div class=\"brz brz-root__container brz-reset-all brz-root__container-page\">\n<section id=\"hoJ6TOL9fc9x_hoJ6TOL9fc9x\" class=\"brz-section brz-css-d-section brz-css-11ph2bx\">\n<div class=\"brz-section__content brz-section--boxed brz-css-d-sectionitem-bg brz-css-1hnh9zv\" data-brz-custom-id=\"w5mj65Sx7hvS\">\n<div class=\"brz-container brz-css-d-sectionitem-container brz-css-77lwzb\">\n<div class=\"brz-row__container brz-css-d-row-row brz-css-1145jrh\" data-brz-custom-id=\"lYhBoSQrUMCz\">\n<div class=\"brz-row brz-css-d-row-container brz-css-r-row-container brz-css-10bbksm\">\n<div class=\"brz-columns brz-css-d-column-column brz-css-adkgwb\" data-brz-custom-id=\"m9P5YZJnhUi0\">\n<div class=\"brz-column__items brz-css-d-column-bg brz-css-ndxb1e\">\n<div id=\"\" class=\"brz-css-d-wrapper brz-css-kmcgpc brz-wrapper\">\n<div class=\"brz-image brz-css-d-image-wkcy9ar8epwi-parent brz-css-h542p5\" data-brz-custom-id=\"wkCY9ar8ePwI\"><a class=\"brz-a\" target=\"_self\" rel=\"noopener\" href=\"https:\/\/sloengeldage.dk\/index.php\/mobilforside\/\" data-brz-link-type=\"page\"><img decoding=\"async\" class=\"brz-img\" src=\"https:\/\/sloengeldage.dk\/wp-content\/uploads\/cropped-Gummi-Tarzan-2_512x512-1.png\" loading=\"lazy\" alt=\"\" title=\"cropped-Gummi-Tarzan-2_512x512-1.png\"><\/a><\/div>\n<\/div>\n<\/div>\n<\/div>\n<div class=\"brz-columns brz-css-d-column-column brz-css-qyskcz\" data-brz-custom-id=\"qIG4XBsjBhZ5\">\n<div class=\"brz-column__items brz-css-d-column-bg brz-css-tiz2tx\">\n<div id=\"\" class=\"brz-css-d-wrapper brz-css-11qmdbt brz-wrapper\">\n<div class=\"brz-image brz-css-d-image-azjxchg5wf4z-parent brz-css-1glzo1z\" data-brz-custom-id=\"azjxcHG5wf4Z\"><a class=\"brz-a\" target=\"_self\" rel=\"noopener\" href=\"https:\/\/sloengeldage.dk\/index.php\/mobilforside\/\" data-brz-link-type=\"page\"><img decoding=\"async\" class=\"brz-img\" src=\"https:\/\/sloengeldage.dk\/wp-content\/uploads\/sloengeldage_nyt_logo.png\" loading=\"lazy\" alt=\"\" title=\"sloengeldage_nyt_logo\"><\/a><\/div>\n<\/div>\n<\/div>\n<\/div>\n<\/div>\n<\/div>\n<div class=\"brz-row__container brz-css-d-row-row brz-css-ydr1kd\" data-brz-custom-id=\"nK1xnQvgI0sx\">\n<div class=\"brz-row brz-css-d-row-container brz-css-r-row-container brz-css-1unut2d\">\n<div class=\"brz-columns brz-css-d-column-column brz-css-v1oip0\" data-brz-custom-id=\"j3b7iy3mtrIj\">\n<div class=\"brz-column__items brz-css-d-column-bg brz-css-1s9r155\">\n<div class=\"brz-wrapper-clone brz-flex-xs-wrap brz-css-d-cloneable brz-css-1sl3d9d\" data-brz-custom-id=\"ugDHqcqNJlCU\">\n<div class=\"brz-icon__container\" data-brz-custom-id=\"rTA5MbXk8emQ\"><a class=\"brz-a\" target=\"_self\" rel=\"noopener\" href=\"history.go(-1)\" data-brz-link-type=\"external\"><span class=\"brz-icon brz-span brz-css-d-icon-icon brz-css-67lck9\" data-brz-tooltip-wrapper-id=\"rTA5MbXk8emQ\"><\/span><\/a><\/div>\n<p><span class=\"brz-tooltip brz-css-d-icon-tooltip brz-css-1ccplf\" data-brz-tooltip-offset=\"10\" data-brz-tooltip-trigger=\"hover\" data-brz-tooltip-placement=\"top\" data-brz-element-id=\"rTA5MbXk8emQ\">Tilbage<span class=\"brz-tooltip--arrow\"><\/span><\/span><\/div>\n<\/div>\n<\/div>\n<div class=\"brz-columns brz-css-d-column-column brz-css-a1rmyk\" data-brz-custom-id=\"rtG6o_x7hTZg\">\n<div class=\"brz-column__items brz-css-d-column-bg brz-css-9by51s\">\n<div class=\"brz-wrapper-clone brz-flex-xs-wrap brz-css-d-cloneable brz-css-wnfy4n\" data-brz-custom-id=\"tJa189tVf_6k\">\n<div class=\"brz-icon__container\" data-brz-custom-id=\"jys9IeAl3ysM\"><a class=\"brz-a\" target=\"_self\" rel=\"noopener\" href=\"https:\/\/sloengeldage.dk\/index.php\/mobilforside\/\" data-brz-link-type=\"page\"><span class=\"brz-icon brz-span brz-css-d-icon-icon brz-css-uvwwfj\" data-brz-tooltip-wrapper-id=\"jys9IeAl3ysM\"><\/span><\/a><\/div>\n<p><span class=\"brz-tooltip brz-css-d-icon-tooltip brz-css-813rf0\" data-brz-tooltip-offset=\"10\" data-brz-tooltip-trigger=\"hover\" data-brz-tooltip-placement=\"top\" data-brz-element-id=\"jys9IeAl3ysM\">Forside<span class=\"brz-tooltip--arrow\"><\/span><\/span><\/div>\n<\/div>\n<\/div>\n<div class=\"brz-columns brz-css-d-column-column brz-css-1ngrlpf\" data-brz-custom-id=\"whFxdHXmT6KB\">\n<div class=\"brz-column__items brz-css-d-column-bg brz-css-16h9ai4\">\n<div id=\"\" class=\"brz-css-d-wrapper brz-css-de28x7 brz-wrapper\">\n<div class=\"brz-rich-text brz-rich-text__custom brz-css-d-richtext brz-css-i8q78t\" data-brz-custom-id=\"rhnPT28YY1JN\">\n<div data-brz-translate-text=\"1\">\n<p data-uniq-id=\"jHlMU\" data-generated-css=\"brz-css-slCbq\" class=\"brz-tp-lg-empty brz-ff-y0gaF530ilv7 brz-ft-upload brz-fs-lg-30 brz-fss-lg-px brz-fw-lg-700 brz-ls-lg-1_5 brz-lh-lg-1_3 brz-vfw-lg-400 brz-fwdth-lg-100 brz-fsft-lg-0 brz-text-lg-center brz-tp-xs-heading4 brz-css-tZxSU\"><a class=\"link--page brz-cp-color3\" href=\"https:\/\/sloengeldage.dk\/index.php\/program-kulturhuset-mobil\/\" data-brz-link-type=\"page\">Kultur-huset<\/a><\/p>\n<\/div>\n<\/div>\n<\/div>\n<\/div>\n<\/div>\n<div class=\"brz-columns brz-css-d-column-column brz-css-21yg7r\" data-brz-custom-id=\"x6E1GdppElIf\">\n<div class=\"brz-column__items brz-css-d-column-bg brz-css-590vfd\">\n<div id=\"\" class=\"brz-css-d-wrapper brz-css-18azw1v brz-wrapper\">\n<div class=\"brz-rich-text brz-rich-text__custom brz-css-d-richtext brz-css-1cwtdac\" data-brz-custom-id=\"zEXZSYUFpAGb\">\n<div data-brz-translate-text=\"1\">\n<p class=\"brz-fsft-lg-0 brz-fwdth-lg-100 brz-vfw-lg-400 brz-lh-lg-1_3 brz-ls-lg-1_5 brz-fw-lg-700 brz-fss-lg-px brz-fs-lg-30 brz-ft-upload brz-ff-y0gaF530ilv7 brz-tp-lg-empty brz-text-lg-center brz-tp-xs-heading4 brz-css-pb2q9\" data-generated-css=\"brz-css-q_ItY\" data-uniq-id=\"qCoJa\"><a class=\"link--page brz-cp-color3\" href=\"https:\/\/sloengeldage.dk\/index.php\/program-byparken-mobil\/\" data-brz-link-type=\"page\">By-parken<\/a><\/p>\n<\/div>\n<\/div>\n<\/div>\n<\/div>\n<\/div>\n<div class=\"brz-columns brz-css-d-column-column brz-css-1l2jvww\" data-brz-custom-id=\"c2v3Nvx4zmXP\">\n<div class=\"brz-column__items brz-css-d-column-bg brz-css-1lirtfn\">\n<div id=\"\" class=\"brz-css-d-wrapper brz-css-16gjr3p brz-wrapper\">\n<div class=\"brz-rich-text brz-rich-text__custom brz-css-d-richtext brz-css-1ydv7xx\" data-brz-custom-id=\"klr0l8Ybv_mt\">\n<div data-brz-translate-text=\"1\">\n<p class=\"brz-fsft-lg-0 brz-fwdth-lg-100 brz-vfw-lg-400 brz-lh-lg-1_3 brz-ls-lg-1_5 brz-fw-lg-700 brz-fss-lg-px brz-fs-lg-30 brz-ft-upload brz-ff-y0gaF530ilv7 brz-tp-lg-empty brz-text-lg-center brz-tp-xs-heading4 brz-css-yS112\" data-generated-css=\"brz-css-gu8_M\" data-uniq-id=\"jPlWQ\"><a class=\"link--page brz-cp-color3\" href=\"https:\/\/sloengeldage.dk\/index.php\/program-kulturtorv-mobil\/\" data-brz-link-type=\"page\">Kultur-torvet<\/a><\/p>\n<\/div>\n<\/div>\n<\/div>\n<\/div>\n<\/div>\n<\/div>\n<\/div>\n<\/div>\n<\/div>\n<\/section>\n<section id=\"pRrMLMqf7PNu_pRrMLMqf7PNu\" class=\"brz-section brz-css-d-section brz-css-g0gttk\">\n<div class=\"brz-section__content brz-section--boxed brz-css-d-sectionitem-bg brz-css-jot3ex\" data-brz-custom-id=\"cvpYUjIt2p2o\">\n<div class=\"brz-bg\">\n<div class=\"brz-bg-color\"><\/div>\n<\/div>\n<div class=\"brz-container brz-css-d-sectionitem-container brz-css-191qqb1\">\n<div class=\"brz-row__container brz-css-d-row-row brz-css-1oabxtu\" data-brz-custom-id=\"atyw7W4cP0YR\">\n<div class=\"brz-row brz-css-d-row-container brz-css-r-row-container brz-css-1ggyyc3\">\n<div class=\"brz-columns brz-css-d-column-column brz-css-ktfdx1\" data-brz-custom-id=\"mv6vzYokeiMC\">\n<div class=\"brz-column__items brz-css-d-column-bg brz-css-1gkp4jm\">\n<div id=\"\" class=\"brz-css-d-wrapper brz-css-dogc67 brz-wrapper\">\n<div class=\"brz-rich-text brz-rich-text__custom brz-css-d-richtext brz-css-klx5cw\" data-brz-custom-id=\"ro7cXBJLknrK\">\n<div data-brz-translate-text=\"1\">\n<h1 class=\"brz-fsft-lg-0 brz-fwdth-lg-100 brz-vfw-lg-400 brz-lh-lg-1_3 brz-ls-lg-m_1_5 brz-fw-lg-700 brz-fss-lg-px brz-fs-lg-36 brz-ft-google brz-ff-roboto brz-tp-lg-heading1 brz-text-lg-center brz-css-rEQMT\" data-uniq-id=\"ioIqv\" data-generated-css=\"brz-css-kAWjS\"><span class=\"brz-cp-color5\">\u00c6blerov med FDF<\/span><\/h1>\n<\/div>\n<\/div>\n<\/div>\n<div id=\"\" class=\"brz-css-d-wrapper brz-css-hhuuk8 brz-wrapper\">\n<div class=\"brz-rich-text brz-rich-text__custom brz-css-d-richtext brz-css-eznckr\" data-brz-custom-id=\"iAhLhAL7kENL\">\n<div data-brz-translate-text=\"1\">\n<p class=\"brz-tp-lg-paragraph brz-ff-roboto brz-ft-google brz-fs-lg-20 brz-fss-lg-px brz-fw-lg-400 brz-ls-lg-0 brz-lh-lg-1_7 brz-vfw-lg-400 brz-fwdth-lg-100 brz-fsft-lg-0 brz-css-wVVVn\" data-uniq-id=\"lvj3z\" data-generated-css=\"brz-css-g5AVW\"><span class=\"brz-cp-color3 brz-span\"><strong>Kl. 10.30-16.00, <\/strong><\/span><span class=\"brz-cp-color3 brz-span\"><strong>Byparken<\/strong><\/span><span class=\"brz-cp-color1 brz-span\"> <\/span><\/p>\n<p class=\"brz-tp-lg-paragraph brz-ff-roboto brz-ft-google brz-fs-lg-20 brz-fss-lg-px brz-fw-lg-400 brz-ls-lg-0 brz-lh-lg-1_7 brz-vfw-lg-400 brz-fwdth-lg-100 brz-fsft-lg-0 brz-css-twzTJ\" data-uniq-id=\"ePtWm\" data-generated-css=\"brz-css-wBLzY\"><span class=\"brz-cp-color1 brz-span\" style=\"background-color: transparent\">Tag p\u00e5 \u00e6blerov med FDF i det bedste klatretr\u00e6 i Byparken. M\u00e5ske n\u00e5r du til tops p\u00e5 rebstigen og bliver \u00e6bletyv for en dag?<\/span><\/p>\n<p class=\"brz-tp-lg-paragraph brz-ff-roboto brz-ft-google brz-fs-lg-20 brz-fss-lg-px brz-fw-lg-400 brz-ls-lg-0 brz-lh-lg-1_7 brz-vfw-lg-400 brz-fwdth-lg-100 brz-fsft-lg-0 brz-css-mnhdf\" data-uniq-id=\"xT1Zj\" data-generated-css=\"brz-css-otEKz\"><span class=\"brz-cp-color1 brz-span\" style=\"background-color: transparent\">v. FDF Skanderborg-Stilling<\/span><\/p>\n<\/div>\n<\/div>\n<\/div>\n<div class=\"brz-wrapper-clone brz-flex-xs-wrap brz-css-d-cloneable brz-css-rkmgxa\" data-brz-custom-id=\"u4vyU6x_FUCx\"><a class=\"brz-a brz-btn brz-css-d-button brz-css-vukqij brz-css-d-button-bg brz-css-1u5cyc2\" target=\"_self\" rel=\"noopener\" href=\"https:\/\/fdf.dk\/skanderborgstilling\/\" data-brz-link-type=\"external\" data-brz-custom-id=\"tuRwCStalSIl\"><span data-brz-translate-text=\"1\" class=\"brz-span brz-text__editor\">FDF Stilling<\/span><\/a><\/div>\n<div id=\"\" class=\"brz-css-d-wrapper brz-css-1gcznh6 brz-wrapper\">\n<div class=\"brz-image brz-css-d-image-aqr7qivoqgo4-parent brz-css-2nqnja\" data-brz-custom-id=\"aqr7QivoQgO4\"><img decoding=\"async\" class=\"brz-img\" src=\"https:\/\/sloengeldage.dk\/wp-content\/uploads\/FDFaeblerov.webp\" loading=\"lazy\" alt=\"\" title=\"FDF+\u00e6blerov\"><\/div>\n<\/div>\n<\/div>\n<\/div>\n<\/div>\n<\/div>\n<\/div>\n<\/div>\n<\/section>\n<section id=\"rKVtaJuJNICM_rKVtaJuJNICM\" class=\"brz-section brz-css-d-section brz-css-622wtt\">\n<div class=\"brz-section__content brz-section--boxed brz-css-d-sectionitem-bg brz-css-1lx587d\" data-brz-custom-id=\"sioGWtudBStM\">\n<div class=\"brz-bg\">\n<div class=\"brz-bg-color\"><\/div>\n<\/div>\n<div class=\"brz-container brz-css-d-sectionitem-container brz-css-1c6rfbm\">\n<div class=\"brz-row__container brz-css-d-row-row brz-css-vbmy7i\" data-brz-custom-id=\"ezsgOiVYq_u5\">\n<div class=\"brz-row brz-css-d-row-container brz-css-r-row-container brz-css-2n85c1\">\n<div class=\"brz-columns brz-css-d-column-column brz-css-1rzhsz0\" data-brz-custom-id=\"qk_HKJh291TU\">\n<div class=\"brz-column__items brz-css-d-column-bg brz-css-1ppucu3\">\n<div id=\"\" class=\"brz-css-d-wrapper brz-css-gt78j9 brz-wrapper\">\n<div class=\"brz-rich-text brz-rich-text__custom brz-css-d-richtext brz-css-1e6ehgj\" data-brz-custom-id=\"murjuTx0Ez1_\">\n<div data-brz-translate-text=\"1\">\n<p class=\"brz-tp-lg-paragraph brz-text-lg-center brz-css-yrWmO\" data-uniq-id=\"ojPnU\" data-generated-css=\"brz-css-v_9Gl\"><a class=\"link--page brz-cp-color1 brz-bgp-color8\" href=\"https:\/\/sloengeldage.dk\/index.php\/kontakt\/\" data-brz-link-type=\"page\">Kontakt Di Heslige Sl\u00f8nglers Klup<\/a><\/p>\n<\/div>\n<\/div>\n<\/div>\n<\/div>\n<\/div>\n<div class=\"brz-columns brz-css-d-column-column brz-css-7mw6if\" data-brz-custom-id=\"mmtnt5WH4xss\">\n<div class=\"brz-column__items brz-css-d-column-bg brz-css-1y4vi98\">\n<div id=\"\" class=\"brz-css-d-wrapper brz-css-res02j brz-wrapper\">\n<div class=\"brz-rich-text brz-rich-text__custom brz-css-d-richtext brz-css-e2axy3\" data-brz-custom-id=\"ynG9e8oaadgP\">\n<div data-brz-translate-text=\"1\">\n<p class=\"brz-tp-lg-paragraph brz-text-lg-center brz-css-vr0RV\" data-uniq-id=\"zIrET\" data-generated-css=\"brz-css-mSOvL\"><a class=\"link--page brz-cp-color1 brz-bgp-color8\" href=\"https:\/\/sloengeldage.dk\/index.php\/privatslivserklaering\/\" data-brz-link-type=\"page\">Privatlivserkl\u00e6ring<\/a><\/p>\n<\/div>\n<\/div>\n<\/div>\n<\/div>\n<\/div>\n<\/div>\n<\/div>\n<\/div>\n<\/div>\n<\/section><\/div>\n<p><!-- version:1775555921 --><\/p>\n","protected":false},"excerpt":{"rendered":"<p>Tilbage Forside Kultur-huset By-parken Kultur-torvet \u00c6blerov med FDF Kl. 10.30-16.00, Byparken Tag p\u00e5 \u00e6blerov med FDF i det bedste klatretr\u00e6 i Byparken. M\u00e5ske n\u00e5r du til tops p\u00e5 rebstigen og bliver \u00e6bletyv for en dag? v. FDF Skanderborg-Stilling FDF Stilling Kontakt Di Heslige Sl\u00f8nglers Klup Privatlivserkl\u00e6ring<\/p>\n","protected":false},"author":1,"featured_media":0,"parent":0,"menu_order":0,"comment_status":"closed","ping_status":"closed","template":"brizy-blank-template.php","meta":{"footnotes":""},"folder":[115],"class_list":["post-4216","page","type-page","status-publish","hentry","entry"],"brizy_media":[{"id":1935,"url":"https:\/\/sloengeldage.dk\/wp-content\/uploads\/FDFaeblerov.webp","name":"FDFaeblerov.webp","meta":{"brizy_attachment_uid":"wp-963e2dd2aefa86a3ccec9dde13c13f4b.webp","brizy_post_uid":["ec1d8e4c7100f517f392bb6c83617dd9"]}},{"id":2228,"url":"https:\/\/sloengeldage.dk\/wp-content\/uploads\/23-24.webp","name":"23-24.webp","meta":{"brizy_attachment_uid":"wp-212a96f5fa37ee7bf043bf5f0452ca4b.webp","brizy_post_uid":["dcea96e3e28cd6a03924c8ae1b3f640f","ec1d8e4c7100f517f392bb6c83617dd9"]}}],"_links":{"self":[{"href":"https:\/\/sloengeldage.dk\/index.php\/wp-json\/wp\/v2\/pages\/4216","targetHints":{"allow":["GET"]}}],"collection":[{"href":"https:\/\/sloengeldage.dk\/index.php\/wp-json\/wp\/v2\/pages"}],"about":[{"href":"https:\/\/sloengeldage.dk\/index.php\/wp-json\/wp\/v2\/types\/page"}],"author":[{"embeddable":true,"href":"https:\/\/sloengeldage.dk\/index.php\/wp-json\/wp\/v2\/users\/1"}],"replies":[{"embeddable":true,"href":"https:\/\/sloengeldage.dk\/index.php\/wp-json\/wp\/v2\/comments?post=4216"}],"version-history":[{"count":7,"href":"https:\/\/sloengeldage.dk\/index.php\/wp-json\/wp\/v2\/pages\/4216\/revisions"}],"predecessor-version":[{"id":5731,"href":"https:\/\/sloengeldage.dk\/index.php\/wp-json\/wp\/v2\/pages\/4216\/revisions\/5731"}],"wp:attachment":[{"href":"https:\/\/sloengeldage.dk\/index.php\/wp-json\/wp\/v2\/media?parent=4216"}],"wp:term":[{"taxonomy":"folder","embeddable":true,"href":"https:\/\/sloengeldage.dk\/index.php\/wp-json\/wp\/v2\/folder?post=4216"}],"curies":[{"name":"wp","href":"https:\/\/api.w.org\/{rel}","templated":true}]}}