{"id":4121,"date":"2026-03-04T08:46:48","date_gmt":"2026-03-04T08:46:48","guid":{"rendered":"https:\/\/sloengeldage.dk\/index.php\/wulffmorgenthaler-mobil\/"},"modified":"2026-05-08T18:10:15","modified_gmt":"2026-05-08T18:10:15","slug":"wulffmorgenthaler-mobil","status":"publish","type":"page","link":"https:\/\/sloengeldage.dk\/index.php\/wulffmorgenthaler-mobil\/","title":{"rendered":"Wulffmorgenthaler mobil"},"content":{"rendered":"<div class=\"brz brz-root__container brz-reset-all brz-root__container-page\">\n<section id=\"dRCOJg2oX0Qz_dRCOJg2oX0Qz\" class=\"brz-section brz-css-d-section brz-css-o99e41\">\n<div class=\"brz-section__content brz-section--boxed brz-css-d-sectionitem-bg brz-css-vnn1fq\" data-brz-custom-id=\"ywnIYSd06mXk\">\n<div class=\"brz-container brz-css-d-sectionitem-container brz-css-1o82wag\">\n<div class=\"brz-row__container brz-css-d-row-row brz-css-ooz174\" data-brz-custom-id=\"u6ZPvxGOClm2\">\n<div class=\"brz-row brz-css-d-row-container brz-css-r-row-container brz-css-10ar0ja\">\n<div class=\"brz-columns brz-css-d-column-column brz-css-f97zuh\" data-brz-custom-id=\"otdoh4FLQi2b\">\n<div class=\"brz-column__items brz-css-d-column-bg brz-css-1b3884j\">\n<div id=\"\" class=\"brz-css-d-wrapper brz-css-avmj9c brz-wrapper\">\n<div class=\"brz-image brz-css-d-image-o09fwpzbohmf-parent brz-css-1ouzukw\" data-brz-custom-id=\"o09FWpZbohmF\"><a class=\"brz-a\" target=\"_self\" rel=\"noopener\" href=\"https:\/\/sloengeldage.dk\/index.php\/mobilforside\/\" data-brz-link-type=\"page\"><img decoding=\"async\" class=\"brz-img\" src=\"https:\/\/sloengeldage.dk\/wp-content\/uploads\/cropped-Gummi-Tarzan-2_512x512-1.png\" loading=\"lazy\" alt=\"\" title=\"cropped-Gummi-Tarzan-2_512x512-1.png\"><\/a><\/div>\n<\/div>\n<\/div>\n<\/div>\n<div class=\"brz-columns brz-css-d-column-column brz-css-1fgggo9\" data-brz-custom-id=\"vgspDq9kM7MP\">\n<div class=\"brz-column__items brz-css-d-column-bg brz-css-4534a7\">\n<div id=\"\" class=\"brz-css-d-wrapper brz-css-1a214l2 brz-wrapper\">\n<div class=\"brz-image brz-css-d-image-xycn83d87yqb-parent brz-css-15vkh89\" data-brz-custom-id=\"xYcn83D87yqb\"><a class=\"brz-a\" target=\"_self\" rel=\"noopener\" href=\"https:\/\/sloengeldage.dk\/index.php\/mobilforside\/\" data-brz-link-type=\"page\"><img decoding=\"async\" class=\"brz-img\" src=\"https:\/\/sloengeldage.dk\/wp-content\/uploads\/sloengeldage_nyt_logo.png\" loading=\"lazy\" alt=\"\" title=\"sloengeldage_nyt_logo\"><\/a><\/div>\n<\/div>\n<\/div>\n<\/div>\n<\/div>\n<\/div>\n<div class=\"brz-row__container brz-css-d-row-row brz-css-1bw9ssq\" data-brz-custom-id=\"yOZ26F4oY3iB\">\n<div class=\"brz-row brz-css-d-row-container brz-css-r-row-container brz-css-1wshi0c\">\n<div class=\"brz-columns brz-css-d-column-column brz-css-6jo98a\" data-brz-custom-id=\"n6kfHpUqqbQq\">\n<div class=\"brz-column__items brz-css-d-column-bg brz-css-1at8yha\">\n<div class=\"brz-wrapper-clone brz-flex-xs-wrap brz-css-d-cloneable brz-css-16clnb6\" data-brz-custom-id=\"wAO_Q8LRAX48\">\n<div class=\"brz-icon__container\" data-brz-custom-id=\"aX0MX4VTIk9i\"><a class=\"brz-a\" target=\"_self\" rel=\"noopener\" href=\"history.go(-1)\" data-brz-link-type=\"external\"><span class=\"brz-icon brz-span brz-css-d-icon-icon brz-css-1jnemn0\" data-brz-tooltip-wrapper-id=\"aX0MX4VTIk9i\"><\/span><\/a><\/div>\n<p><span class=\"brz-tooltip brz-css-d-icon-tooltip brz-css-1bhkd1z\" data-brz-tooltip-offset=\"10\" data-brz-tooltip-trigger=\"hover\" data-brz-tooltip-placement=\"top\" data-brz-element-id=\"aX0MX4VTIk9i\">Tilbage<span class=\"brz-tooltip--arrow\"><\/span><\/span><\/div>\n<\/div>\n<\/div>\n<div class=\"brz-columns brz-css-d-column-column brz-css-w392cu\" data-brz-custom-id=\"kvktdxDOnj1w\">\n<div class=\"brz-column__items brz-css-d-column-bg brz-css-13mzqnq\">\n<div class=\"brz-wrapper-clone brz-flex-xs-wrap brz-css-d-cloneable brz-css-1cyp5a\" data-brz-custom-id=\"wvhTPIyzWSgy\">\n<div class=\"brz-icon__container\" data-brz-custom-id=\"xiCc2gu7CERl\"><a class=\"brz-a\" target=\"_self\" rel=\"noopener\" href=\"https:\/\/sloengeldage.dk\/index.php\/mobilforside\/\" data-brz-link-type=\"page\"><span class=\"brz-icon brz-span brz-css-d-icon-icon brz-css-31ljf8\" data-brz-tooltip-wrapper-id=\"xiCc2gu7CERl\"><\/span><\/a><\/div>\n<p><span class=\"brz-tooltip brz-css-d-icon-tooltip brz-css-1l4jz8k\" data-brz-tooltip-offset=\"10\" data-brz-tooltip-trigger=\"hover\" data-brz-tooltip-placement=\"top\" data-brz-element-id=\"xiCc2gu7CERl\">Forside<span class=\"brz-tooltip--arrow\"><\/span><\/span><\/div>\n<\/div>\n<\/div>\n<div class=\"brz-columns brz-css-d-column-column brz-css-1mqf0ar\" data-brz-custom-id=\"fZrhs6EbSsOt\">\n<div class=\"brz-column__items brz-css-d-column-bg brz-css-d7j5kz\">\n<div id=\"\" class=\"brz-css-d-wrapper brz-css-14zrd1j brz-wrapper\">\n<div class=\"brz-rich-text brz-rich-text__custom brz-css-d-richtext brz-css-15oxfja\" data-brz-custom-id=\"sdLoxSquayUw\">\n<div data-brz-translate-text=\"1\">\n<p data-uniq-id=\"jHlMU\" data-generated-css=\"brz-css-slCbq\" class=\"brz-tp-lg-empty brz-ff-y0gaF530ilv7 brz-ft-upload brz-fs-lg-30 brz-fss-lg-px brz-fw-lg-700 brz-ls-lg-1_5 brz-lh-lg-1_3 brz-vfw-lg-400 brz-fwdth-lg-100 brz-fsft-lg-0 brz-text-lg-center brz-tp-xs-heading4 brz-css-dMaet\"><a class=\"link--page brz-cp-color3\" href=\"https:\/\/sloengeldage.dk\/index.php\/program-kulturhuset-mobil\/\" data-brz-link-type=\"page\">Kultur-huset<\/a><\/p>\n<\/div>\n<\/div>\n<\/div>\n<\/div>\n<\/div>\n<div class=\"brz-columns brz-css-d-column-column brz-css-1yoog5\" data-brz-custom-id=\"tKMu0GfEBmhO\">\n<div class=\"brz-column__items brz-css-d-column-bg brz-css-v6xvxy\">\n<div id=\"\" class=\"brz-css-d-wrapper brz-css-1com6f4 brz-wrapper\">\n<div class=\"brz-rich-text brz-rich-text__custom brz-css-d-richtext brz-css-1dz1ljd\" data-brz-custom-id=\"sV3px_yZAnCx\">\n<div data-brz-translate-text=\"1\">\n<p class=\"brz-fsft-lg-0 brz-fwdth-lg-100 brz-vfw-lg-400 brz-lh-lg-1_3 brz-ls-lg-1_5 brz-fw-lg-700 brz-fss-lg-px brz-fs-lg-30 brz-ft-upload brz-ff-y0gaF530ilv7 brz-tp-lg-empty brz-text-lg-center brz-tp-xs-heading4 brz-css-kCpZx\" data-generated-css=\"brz-css-q_ItY\" data-uniq-id=\"qCoJa\"><a class=\"link--page brz-cp-color3\" href=\"https:\/\/sloengeldage.dk\/index.php\/program-byparken-mobil\/\" data-brz-link-type=\"page\">By-parken<\/a><\/p>\n<\/div>\n<\/div>\n<\/div>\n<\/div>\n<\/div>\n<div class=\"brz-columns brz-css-d-column-column brz-css-xnv794\" data-brz-custom-id=\"eKLM00bCJYtz\">\n<div class=\"brz-column__items brz-css-d-column-bg brz-css-y5zywf\">\n<div id=\"\" class=\"brz-css-d-wrapper brz-css-12kstg6 brz-wrapper\">\n<div class=\"brz-rich-text brz-rich-text__custom brz-css-d-richtext brz-css-v85swr\" data-brz-custom-id=\"nnQMKVnRHxJk\">\n<div data-brz-translate-text=\"1\">\n<p class=\"brz-fsft-lg-0 brz-fwdth-lg-100 brz-vfw-lg-400 brz-lh-lg-1_3 brz-ls-lg-1_5 brz-fw-lg-700 brz-fss-lg-px brz-fs-lg-30 brz-ft-upload brz-ff-y0gaF530ilv7 brz-tp-lg-empty brz-text-lg-center brz-tp-xs-heading4 brz-css-tiRD8\" data-generated-css=\"brz-css-gu8_M\" data-uniq-id=\"jPlWQ\"><a class=\"link--page brz-cp-color3\" href=\"https:\/\/sloengeldage.dk\/index.php\/program-kulturtorv-mobil\/\" data-brz-link-type=\"page\">Kultur-torvet<\/a><\/p>\n<\/div>\n<\/div>\n<\/div>\n<\/div>\n<\/div>\n<\/div>\n<\/div>\n<\/div>\n<\/div>\n<\/section>\n<section id=\"mlc1IIQDbQ8F_mlc1IIQDbQ8F\" class=\"brz-section brz-css-d-section brz-css-1g3pktz\">\n<div class=\"brz-section__content brz-section--boxed brz-css-d-sectionitem-bg brz-css-ykza2c\" data-brz-custom-id=\"rfzbNymCoYXZ\">\n<div class=\"brz-bg\">\n<div class=\"brz-bg-color\"><\/div>\n<\/div>\n<div class=\"brz-container brz-css-d-sectionitem-container brz-css-112vjw9\">\n<div class=\"brz-row__container brz-css-d-row-row brz-css-1bmexwm\" data-brz-custom-id=\"scChC6ezOlKb\">\n<div class=\"brz-row brz-css-d-row-container brz-css-r-row-container brz-css-reqo6d\">\n<div class=\"brz-columns brz-css-d-column-column brz-css-62s2za\" data-brz-custom-id=\"tMOepZlYS2ew\">\n<div class=\"brz-column__items brz-css-d-column-bg brz-css-1ha7dx0\">\n<div id=\"\" class=\"brz-css-d-wrapper brz-css-yjampn brz-wrapper\">\n<div class=\"brz-rich-text brz-rich-text__custom brz-css-d-richtext brz-css-yu4cq0\" data-brz-custom-id=\"xSHO6tdh9pid\">\n<div data-brz-translate-text=\"1\">\n<h1 class=\"brz-tp-lg-heading1 brz-fsft-lg-0 brz-fwdth-lg-100 brz-vfw-lg-400 brz-lh-lg-1_3 ql-align-center brz-ff-y0gaF530ilv7 brz-ft-upload brz-fs-lg-30 brz-fss-lg-px brz-fw-lg-700 brz-ls-lg-1_5 brz-text-lg-center brz-css-v9DyL\" data-uniq-id=\"veHnr\" data-generated-css=\"brz-css-dZHQl\"><span class=\"brz-cp-color5\">Wulffmorgenthaler<\/span><\/h1>\n<\/div>\n<\/div>\n<\/div>\n<div id=\"\" class=\"brz-css-d-wrapper brz-css-q0041n brz-wrapper\">\n<div class=\"brz-rich-text brz-rich-text__custom brz-css-d-richtext brz-css-h8b3r\" data-brz-custom-id=\"wFjfpA0q4dpW\">\n<div data-brz-translate-text=\"1\">\n<h3 class=\"brz-tp-lg-heading3 brz-fsft-lg-0 brz-fwdth-lg-100 brz-vfw-lg-400 brz-lh-lg-1_3 brz-ls-lg-m_1 brz-fw-lg-400 brz-fss-lg-px brz-fs-lg-20 brz-ft-google brz-ff-roboto brz-css-bEugx\" data-generated-css=\"brz-css-fk1aU\" data-uniq-id=\"ccEAt\"><span class=\"brz-bgp-color8 brz-cp-color3 brz-span\" style=\"background-color: transparent\">Kl. 13.00-13.45, Store Sal, Billet 65 kr.<\/span><span class=\"brz-bgp-color8 brz-cp-color1\" style=\"background-color: transparent\"> <\/span><\/h3>\n<p class=\"brz-tp-lg-paragraph brz-fsft-lg-0 brz-fwdth-lg-100 brz-vfw-lg-400 brz-lh-lg-1_7 brz-ls-lg-0 brz-fw-lg-400 brz-fss-lg-px brz-fs-lg-20 brz-ft-google brz-ff-roboto brz-css-p_fXe\" data-generated-css=\"brz-css-lRCQQ\" data-uniq-id=\"pfvcx\"><span class=\"brz-bgp-color8 brz-cp-color1\" style=\"background-color: transparent\">Gl\u00e6d jer til et familie-comedyshow, hvor Mikael Wulff og Anders Morgenthaler v\u00e6kker l\u00e6segl\u00e6den til live gennem humor, tegninger og vilde historier. Sammen inviterer de publikum ind i et fantasifuldt univers, hvor de tegner live, fyrer hundredvis af jokes af og skaber en helt ny historie med Mugge og Femlingerne &#8211; lige for \u00f8jnene af jer.<\/span><\/p>\n<p class=\"brz-tp-lg-paragraph brz-fsft-lg-0 brz-fwdth-lg-100 brz-vfw-lg-400 brz-lh-lg-1_7 brz-ls-lg-0 brz-fw-lg-400 brz-fss-lg-px brz-fs-lg-20 brz-ft-google brz-ff-roboto brz-css-soFet\" data-generated-css=\"brz-css-lRCQQ\" data-uniq-id=\"pfvcx\"><span class=\"brz-bgp-color8 brz-cp-color1\" style=\"background-color: transparent\"> <\/span><\/p>\n<p class=\"brz-tp-lg-paragraph brz-fsft-lg-0 brz-fwdth-lg-100 brz-vfw-lg-400 brz-lh-lg-1_7 brz-ls-lg-0 brz-fw-lg-400 brz-fss-lg-px brz-fs-lg-20 brz-ft-google brz-ff-roboto brz-css-a2em3\" data-generated-css=\"brz-css-rKZ1B\" data-uniq-id=\"xUUuE\"><span class=\"brz-bgp-color8 brz-cp-color1\" style=\"background-color: transparent\">Showet er en legende blanding af stand-up, tegninger, fort\u00e6lling og masser af interaktivitet. Publikum bliver en aktiv del af showet, n\u00e5r Anders og Mikael improviserer, reagerer p\u00e5 salen og lader id\u00e9erne flyve frit. Her kan alt ske &#8211; og det g\u00f8r det ofte! Resultatet er et energifyldt show, der b\u00e5de underholder og inspirerer b\u00f8rn til at l\u00e6se, fort\u00e6lle og bruge deres fantasi.<\/span><\/p>\n<p class=\"brz-tp-lg-paragraph brz-fsft-lg-0 brz-fwdth-lg-100 brz-vfw-lg-400 brz-lh-lg-1_7 brz-ls-lg-0 brz-fw-lg-400 brz-fss-lg-px brz-fs-lg-20 brz-ft-google brz-ff-roboto brz-css-lQ8oi\" data-generated-css=\"brz-css-rKZ1B\" data-uniq-id=\"xUUuE\"><span class=\"brz-bgp-color8 brz-cp-color1\" style=\"background-color: transparent\"> <\/span><\/p>\n<p class=\"brz-tp-lg-paragraph brz-fsft-lg-0 brz-fwdth-lg-100 brz-vfw-lg-400 brz-lh-lg-1_7 brz-ls-lg-0 brz-fw-lg-400 brz-fss-lg-px brz-fs-lg-20 brz-ft-google brz-ff-roboto brz-css-s300G\" data-generated-css=\"brz-css-kRapj\" data-uniq-id=\"tie0e\"><span class=\"brz-bgp-color8 brz-cp-color1\" style=\"background-color: transparent\">Mugge og Femlingerne fra Wulffmorgenthalers univers er kendt og elsket af hele Danmark. De popul\u00e6re figurer har allerede begejstret publikum i b\u00e5de biografer og p\u00e5 tv, og nu kan I opleve dem i et helt nyt liveformat, hvor historien opst\u00e5r i \u00f8jeblikket &#8211; fuld af sk\u00f8r humor, varme og fantasi.&nbsp;<\/span><\/p>\n<\/div>\n<\/div>\n<\/div>\n<div class=\"brz-wrapper-clone brz-flex-xs-wrap brz-css-d-cloneable brz-css-htfyah\" data-brz-custom-id=\"bBLEFQq1gWEy\"><a class=\"brz-a brz-btn brz-css-d-button brz-css-1oonqd7 brz-css-d-button-bg brz-css-4yhkll\" target=\"_self\" rel=\"noopener\" href=\"https:\/\/billet.kulturhuset-skanderborg.dk\/115472\/Wulffmorgenthaler\" data-brz-link-type=\"external\" data-brz-custom-id=\"xfUECUCmVQnG\"><span data-brz-translate-text=\"1\" class=\"brz-span brz-text__editor\">K\u00f8b billet<\/span><\/a><\/div>\n<div class=\"brz-wrapper-clone brz-flex-xs-wrap brz-css-d-cloneable brz-css-1dqtzv2\" data-brz-custom-id=\"ameWo_i8YohF\"><a class=\"brz-a brz-btn brz-css-d-button brz-css-1vzj4yx brz-css-d-button-bg brz-css-6a6jxw\" target=\"_blank\" rel=\"noopener noreferrer\" href=\"https:\/\/www.gyldendal.dk\/forfattere\/wulffmorgenthaler-f52400\" data-brz-link-type=\"external\" data-brz-custom-id=\"eZAOJaaLXh9f\"><span data-brz-translate-text=\"1\" class=\"brz-span brz-text__editor\">L\u00e6s mere om Wulffmorgenthaler<\/span><\/a><\/div>\n<div id=\"\" class=\"brz-css-d-wrapper brz-css-1f0odpk brz-wrapper\">\n<div class=\"brz-image brz-css-d-image-nhmm8qlbv2dk-parent brz-css-xjapbv\" data-brz-custom-id=\"nhMm8qlbv2Dk\"><img decoding=\"async\" class=\"brz-img\" src=\"https:\/\/sloengeldage.dk\/wp-content\/uploads\/WulffMorgenthaler-scaled.jpg\" loading=\"lazy\" alt=\"\" title=\"WulffMorgenthaler\"><\/div>\n<\/div>\n<\/div>\n<\/div>\n<\/div>\n<\/div>\n<\/div>\n<\/div>\n<\/section>\n<section id=\"wqPBcOGDeFHX_wqPBcOGDeFHX\" class=\"brz-section brz-css-d-section brz-css-vq96ci\">\n<div class=\"brz-section__content brz-section--boxed brz-css-d-sectionitem-bg brz-css-1n8euvn\" data-brz-custom-id=\"gVWgHE9nlab_\">\n<div class=\"brz-bg\">\n<div class=\"brz-bg-color\"><\/div>\n<\/div>\n<div class=\"brz-container brz-css-d-sectionitem-container brz-css-uw6kpw\">\n<div class=\"brz-row__container brz-css-d-row-row brz-css-4fwfbt\" data-brz-custom-id=\"lB4BWIeeFeuI\">\n<div class=\"brz-row brz-css-d-row-container brz-css-r-row-container brz-css-1w8bxyh\">\n<div class=\"brz-columns brz-css-d-column-column brz-css-1mllr44\" data-brz-custom-id=\"aFfSDzt2YKFQ\">\n<div class=\"brz-column__items brz-css-d-column-bg brz-css-cxfa9a\">\n<div id=\"\" class=\"brz-css-d-wrapper brz-css-1wdkdyg brz-wrapper\">\n<div class=\"brz-rich-text brz-rich-text__custom brz-css-d-richtext brz-css-cfqx0d\" data-brz-custom-id=\"k53fZg1EXG29\">\n<div data-brz-translate-text=\"1\">\n<p class=\"brz-tp-lg-paragraph brz-text-lg-center brz-css-fKSvO\" data-uniq-id=\"ojPnU\" data-generated-css=\"brz-css-v_9Gl\"><a class=\"link--page brz-cp-color1 brz-bgp-color8\" href=\"https:\/\/sloengeldage.dk\/index.php\/kontakt\/\" data-brz-link-type=\"page\">Kontakt Di Heslige Sl\u00f8nglers Klup<\/a><\/p>\n<\/div>\n<\/div>\n<\/div>\n<\/div>\n<\/div>\n<div class=\"brz-columns brz-css-d-column-column brz-css-1hx8zwt\" data-brz-custom-id=\"jI13DYrtP1wS\">\n<div class=\"brz-column__items brz-css-d-column-bg brz-css-ahshr3\">\n<div id=\"\" class=\"brz-css-d-wrapper brz-css-m5jj6f brz-wrapper\">\n<div class=\"brz-rich-text brz-rich-text__custom brz-css-d-richtext brz-css-1nr86m8\" data-brz-custom-id=\"qQcVddmTqBQC\">\n<div data-brz-translate-text=\"1\">\n<p class=\"brz-tp-lg-paragraph brz-text-lg-center brz-css-hVEbt\" data-uniq-id=\"zIrET\" data-generated-css=\"brz-css-mSOvL\"><a class=\"link--page brz-cp-color1 brz-bgp-color8\" href=\"https:\/\/sloengeldage.dk\/index.php\/privatslivserklaering\/\" data-brz-link-type=\"page\">Privatlivserkl\u00e6ring<\/a><\/p>\n<\/div>\n<\/div>\n<\/div>\n<\/div>\n<\/div>\n<\/div>\n<\/div>\n<\/div>\n<\/div>\n<\/section><\/div>\n<p><!-- version:1775555832 --><\/p>\n","protected":false},"excerpt":{"rendered":"<p>Tilbage Forside Kultur-huset By-parken Kultur-torvet Wulffmorgenthaler Kl. 13.00-13.45, Store Sal, Billet 65 kr. Gl\u00e6d jer til et familie-comedyshow, hvor Mikael Wulff og Anders Morgenthaler v\u00e6kker l\u00e6segl\u00e6den til live gennem humor, tegninger og vilde historier. Sammen inviterer de publikum ind i et fantasifuldt univers, hvor de tegner live, fyrer hundredvis af jokes af og skaber en &hellip; <\/p>\n<p class=\"link-more\"><a href=\"https:\/\/sloengeldage.dk\/index.php\/wulffmorgenthaler-mobil\/\" class=\"more-link\">Continue reading<span class=\"screen-reader-text\"> &#8220;Wulffmorgenthaler mobil&#8221;<\/span><\/a><\/p>\n","protected":false},"author":1,"featured_media":0,"parent":0,"menu_order":0,"comment_status":"closed","ping_status":"closed","template":"brizy-blank-template.php","meta":{"footnotes":""},"folder":[116],"class_list":["post-4121","page","type-page","status-publish","hentry","entry"],"brizy_media":[{"id":3185,"url":"https:\/\/sloengeldage.dk\/wp-content\/uploads\/Hunden-Ib-fortaellerkoncert-Ib_billede_rektangle_01-1536x614-1.jpg","name":"Hunden-Ib-fortaellerkoncert-Ib_billede_rektangle_01-1536x614-1.jpg","meta":{"brizy_attachment_uid":"wp-c929e0acac3a27d3c9854d474654c331.jpg","brizy_post_uid":["04d9a7811be6c06f96cd3c04be2f7db9"]}},{"id":3244,"url":"https:\/\/sloengeldage.dk\/wp-content\/uploads\/Wulffmorgenthaler_03-1536x1024-1.jpg","name":"Wulffmorgenthaler_03-1536x1024-1.jpg","meta":{"brizy_attachment_uid":"wp-27e02ea65abb258caf4815d0dbd3b93d.jpg","brizy_post_uid":["04d9a7811be6c06f96cd3c04be2f7db9"]}},{"id":3781,"url":"https:\/\/sloengeldage.dk\/wp-content\/uploads\/Hunden-Ib-fortaellerkoncert_billede_kvadratisk_01.jpg","name":"Hunden-Ib-fortaellerkoncert_billede_kvadratisk_01.jpg","meta":{"brizy_attachment_uid":"wp-3d969b5c7e563bbb9efec6e6541aa977.jpg","brizy_post_uid":["9b5f29d05a2c519c2e0b5d9eee63fd66","04d9a7811be6c06f96cd3c04be2f7db9"]}},{"id":3784,"url":"https:\/\/sloengeldage.dk\/wp-content\/uploads\/Thomas-Knappe-scaled.png","name":"Thomas-Knappe.png","meta":{"brizy_attachment_uid":"wp-2857f3a7e520ee8a415efca655020d21.png","brizy_post_uid":["9b5f29d05a2c519c2e0b5d9eee63fd66","583c923eed38b04f44000e2ff3593cd9","04d9a7811be6c06f96cd3c04be2f7db9","4222ffb1a7654431728ebf24c370d792"]}},{"id":3786,"url":"https:\/\/sloengeldage.dk\/wp-content\/uploads\/Billede-Radionauterne-scaled.jpg","name":"Billede-Radionauterne.jpg","meta":{"brizy_attachment_uid":"wp-6e95ec5307ed465004d10701d8a28913.jpg","brizy_post_uid":["9b5f29d05a2c519c2e0b5d9eee63fd66","04d9a7811be6c06f96cd3c04be2f7db9"]}},{"id":3787,"url":"https:\/\/sloengeldage.dk\/wp-content\/uploads\/WulffMorgenthaler-scaled.jpg","name":"WulffMorgenthaler.jpg","meta":{"brizy_attachment_uid":"wp-6be80e39e2f8d9118117ea603c746745.jpg","brizy_post_uid":["9b5f29d05a2c519c2e0b5d9eee63fd66","04d9a7811be6c06f96cd3c04be2f7db9"]}},{"id":3827,"url":"https:\/\/sloengeldage.dk\/wp-content\/uploads\/Farveskyen-tegneworkshop-BRUG-denne.jpeg","name":"Farveskyen-tegneworkshop-BRUG-denne.jpeg","meta":{"brizy_attachment_uid":"wp-b13bd3e900c0b21710361812100497a5.jpeg","brizy_post_uid":["9b5f29d05a2c519c2e0b5d9eee63fd66","04d9a7811be6c06f96cd3c04be2f7db9"]}}],"_links":{"self":[{"href":"https:\/\/sloengeldage.dk\/index.php\/wp-json\/wp\/v2\/pages\/4121","targetHints":{"allow":["GET"]}}],"collection":[{"href":"https:\/\/sloengeldage.dk\/index.php\/wp-json\/wp\/v2\/pages"}],"about":[{"href":"https:\/\/sloengeldage.dk\/index.php\/wp-json\/wp\/v2\/types\/page"}],"author":[{"embeddable":true,"href":"https:\/\/sloengeldage.dk\/index.php\/wp-json\/wp\/v2\/users\/1"}],"replies":[{"embeddable":true,"href":"https:\/\/sloengeldage.dk\/index.php\/wp-json\/wp\/v2\/comments?post=4121"}],"version-history":[{"count":5,"href":"https:\/\/sloengeldage.dk\/index.php\/wp-json\/wp\/v2\/pages\/4121\/revisions"}],"predecessor-version":[{"id":5725,"href":"https:\/\/sloengeldage.dk\/index.php\/wp-json\/wp\/v2\/pages\/4121\/revisions\/5725"}],"wp:attachment":[{"href":"https:\/\/sloengeldage.dk\/index.php\/wp-json\/wp\/v2\/media?parent=4121"}],"wp:term":[{"taxonomy":"folder","embeddable":true,"href":"https:\/\/sloengeldage.dk\/index.php\/wp-json\/wp\/v2\/folder?post=4121"}],"curies":[{"name":"wp","href":"https:\/\/api.w.org\/{rel}","templated":true}]}}