{"id":4028,"date":"2026-03-04T08:17:45","date_gmt":"2026-03-04T08:17:45","guid":{"rendered":"https:\/\/sloengeldage.dk\/index.php\/monsterjger-tegneworkshop-mobil\/"},"modified":"2026-05-08T18:10:12","modified_gmt":"2026-05-08T18:10:12","slug":"monsterjger-tegneworkshop-mobil","status":"publish","type":"page","link":"https:\/\/sloengeldage.dk\/index.php\/monsterjger-tegneworkshop-mobil\/","title":{"rendered":"Monsterj\u00e6ger tegneworkshop mobil"},"content":{"rendered":"<div class=\"brz brz-root__container brz-reset-all brz-root__container-page\">\n<section id=\"fHKomIRmfx1X_fHKomIRmfx1X\" class=\"brz-section brz-css-d-section brz-css-8sz4x7\">\n<div class=\"brz-section__content brz-section--boxed brz-css-d-sectionitem-bg brz-css-141a12r\" data-brz-custom-id=\"s96uBfvbjR8Q\">\n<div class=\"brz-container brz-css-d-sectionitem-container brz-css-pj1fzt\">\n<div class=\"brz-row__container brz-css-d-row-row brz-css-uprrhd\" data-brz-custom-id=\"tAn9rNWhWtTO\">\n<div class=\"brz-row brz-css-d-row-container brz-css-r-row-container brz-css-1ogx8r0\">\n<div class=\"brz-columns brz-css-d-column-column brz-css-2zgqiv\" data-brz-custom-id=\"hbSHlyeJ4Fgs\">\n<div class=\"brz-column__items brz-css-d-column-bg brz-css-gq61rv\">\n<div id=\"\" class=\"brz-css-d-wrapper brz-css-6upjgc brz-wrapper\">\n<div class=\"brz-image brz-css-d-image-jd4sfv1jgyfz-parent brz-css-18s64sw\" data-brz-custom-id=\"jD4Sfv1JgyFz\"><a class=\"brz-a\" target=\"_self\" rel=\"noopener\" href=\"https:\/\/sloengeldage.dk\/index.php\/mobilforside\/\" data-brz-link-type=\"page\"><img decoding=\"async\" class=\"brz-img\" src=\"https:\/\/sloengeldage.dk\/wp-content\/uploads\/cropped-Gummi-Tarzan-2_512x512-1.png\" loading=\"lazy\" alt=\"\" title=\"cropped-Gummi-Tarzan-2_512x512-1.png\"><\/a><\/div>\n<\/div>\n<\/div>\n<\/div>\n<div class=\"brz-columns brz-css-d-column-column brz-css-h9fl9j\" data-brz-custom-id=\"awBdFNxat1bl\">\n<div class=\"brz-column__items brz-css-d-column-bg brz-css-115hl8b\">\n<div id=\"\" class=\"brz-css-d-wrapper brz-css-sxlrd6 brz-wrapper\">\n<div class=\"brz-image brz-css-d-image-gkzvtfb5rhg6-parent brz-css-lp8wc4\" data-brz-custom-id=\"gKZVTFB5RhG6\"><a class=\"brz-a\" target=\"_self\" rel=\"noopener\" href=\"https:\/\/sloengeldage.dk\/index.php\/mobilforside\/\" data-brz-link-type=\"page\"><img decoding=\"async\" class=\"brz-img\" src=\"https:\/\/sloengeldage.dk\/wp-content\/uploads\/sloengeldage_nyt_logo.png\" loading=\"lazy\" alt=\"\" title=\"sloengeldage_nyt_logo\"><\/a><\/div>\n<\/div>\n<\/div>\n<\/div>\n<\/div>\n<\/div>\n<div class=\"brz-row__container brz-css-d-row-row brz-css-7yi0q3\" data-brz-custom-id=\"fy7MJVidMIts\">\n<div class=\"brz-row brz-css-d-row-container brz-css-r-row-container brz-css-10tcjse\">\n<div class=\"brz-columns brz-css-d-column-column brz-css-eaerhz\" data-brz-custom-id=\"lWubZdGcDG_I\">\n<div class=\"brz-column__items brz-css-d-column-bg brz-css-1aeqmsk\">\n<div class=\"brz-wrapper-clone brz-flex-xs-wrap brz-css-d-cloneable brz-css-14yd21c\" data-brz-custom-id=\"kXIkRdami_UT\">\n<div class=\"brz-icon__container\" data-brz-custom-id=\"cBFueSwIhDxK\"><a class=\"brz-a\" target=\"_self\" rel=\"noopener\" href=\"history.go(-1)\" data-brz-link-type=\"external\"><span class=\"brz-icon brz-span brz-css-d-icon-icon brz-css-5ull9j\" data-brz-tooltip-wrapper-id=\"cBFueSwIhDxK\"><\/span><\/a><\/div>\n<p><span class=\"brz-tooltip brz-css-d-icon-tooltip brz-css-1dxif2z\" data-brz-tooltip-offset=\"10\" data-brz-tooltip-trigger=\"hover\" data-brz-tooltip-placement=\"top\" data-brz-element-id=\"cBFueSwIhDxK\">Tilbage<span class=\"brz-tooltip--arrow\"><\/span><\/span><\/div>\n<\/div>\n<\/div>\n<div class=\"brz-columns brz-css-d-column-column brz-css-1o3w41s\" data-brz-custom-id=\"haxzCk8ylNDu\">\n<div class=\"brz-column__items brz-css-d-column-bg brz-css-1n0tix4\">\n<div class=\"brz-wrapper-clone brz-flex-xs-wrap brz-css-d-cloneable brz-css-15gsxyu\" data-brz-custom-id=\"cMbkZleMBaZ2\">\n<div class=\"brz-icon__container\" data-brz-custom-id=\"aNP2yYuGZioD\"><a class=\"brz-a\" target=\"_self\" rel=\"noopener\" href=\"https:\/\/sloengeldage.dk\/index.php\/mobilforside\/\" data-brz-link-type=\"page\"><span class=\"brz-icon brz-span brz-css-d-icon-icon brz-css-ybtuqv\" data-brz-tooltip-wrapper-id=\"aNP2yYuGZioD\"><\/span><\/a><\/div>\n<p><span class=\"brz-tooltip brz-css-d-icon-tooltip brz-css-4l3i3l\" data-brz-tooltip-offset=\"10\" data-brz-tooltip-trigger=\"hover\" data-brz-tooltip-placement=\"top\" data-brz-element-id=\"aNP2yYuGZioD\">Forside<span class=\"brz-tooltip--arrow\"><\/span><\/span><\/div>\n<\/div>\n<\/div>\n<div class=\"brz-columns brz-css-d-column-column brz-css-1qbcuk3\" data-brz-custom-id=\"lfanvw4AMkGM\">\n<div class=\"brz-column__items brz-css-d-column-bg brz-css-1hkrd8a\">\n<div id=\"\" class=\"brz-css-d-wrapper brz-css-ppqzss brz-wrapper\">\n<div class=\"brz-rich-text brz-rich-text__custom brz-css-d-richtext brz-css-1biu4ao\" data-brz-custom-id=\"rFouvJTdlOdY\">\n<div data-brz-translate-text=\"1\">\n<p data-uniq-id=\"jHlMU\" data-generated-css=\"brz-css-slCbq\" class=\"brz-tp-lg-empty brz-ff-y0gaF530ilv7 brz-ft-upload brz-fs-lg-30 brz-fss-lg-px brz-fw-lg-700 brz-ls-lg-1_5 brz-lh-lg-1_3 brz-vfw-lg-400 brz-fwdth-lg-100 brz-fsft-lg-0 brz-text-lg-center brz-tp-xs-heading4 brz-css-dEX1O\"><a class=\"link--page brz-cp-color3\" href=\"https:\/\/sloengeldage.dk\/index.php\/program-kulturhuset-mobil\/\" data-brz-link-type=\"page\">Kultur-huset<\/a><\/p>\n<\/div>\n<\/div>\n<\/div>\n<\/div>\n<\/div>\n<div class=\"brz-columns brz-css-d-column-column brz-css-nlt8dz\" data-brz-custom-id=\"sXC_fU8Mfdsk\">\n<div class=\"brz-column__items brz-css-d-column-bg brz-css-5hgq2o\">\n<div id=\"\" class=\"brz-css-d-wrapper brz-css-sj98se brz-wrapper\">\n<div class=\"brz-rich-text brz-rich-text__custom brz-css-d-richtext brz-css-cydzqp\" data-brz-custom-id=\"v5kMg5a_rmDF\">\n<div data-brz-translate-text=\"1\">\n<p class=\"brz-fsft-lg-0 brz-fwdth-lg-100 brz-vfw-lg-400 brz-lh-lg-1_3 brz-ls-lg-1_5 brz-fw-lg-700 brz-fss-lg-px brz-fs-lg-30 brz-ft-upload brz-ff-y0gaF530ilv7 brz-tp-lg-empty brz-text-lg-center brz-tp-xs-heading4 brz-css-q6_Fz\" data-generated-css=\"brz-css-q_ItY\" data-uniq-id=\"qCoJa\"><a class=\"link--page brz-cp-color3\" href=\"https:\/\/sloengeldage.dk\/index.php\/program-byparken-mobil\/\" data-brz-link-type=\"page\">By-parken<\/a><\/p>\n<\/div>\n<\/div>\n<\/div>\n<\/div>\n<\/div>\n<div class=\"brz-columns brz-css-d-column-column brz-css-1hj7pxm\" data-brz-custom-id=\"yfZNNxUI10JR\">\n<div class=\"brz-column__items brz-css-d-column-bg brz-css-c2n57l\">\n<div id=\"\" class=\"brz-css-d-wrapper brz-css-1kore4t brz-wrapper\">\n<div class=\"brz-rich-text brz-rich-text__custom brz-css-d-richtext brz-css-r8qnz4\" data-brz-custom-id=\"k6RlbJpYEgtD\">\n<div data-brz-translate-text=\"1\">\n<p class=\"brz-fsft-lg-0 brz-fwdth-lg-100 brz-vfw-lg-400 brz-lh-lg-1_3 brz-ls-lg-1_5 brz-fw-lg-700 brz-fss-lg-px brz-fs-lg-30 brz-ft-upload brz-ff-y0gaF530ilv7 brz-tp-lg-empty brz-text-lg-center brz-tp-xs-heading4 brz-css-ucqAP\" data-generated-css=\"brz-css-gu8_M\" data-uniq-id=\"jPlWQ\"><a class=\"link--page brz-cp-color3\" href=\"https:\/\/sloengeldage.dk\/index.php\/program-kulturtorv-mobil\/\" data-brz-link-type=\"page\">Kultur-torvet<\/a><\/p>\n<\/div>\n<\/div>\n<\/div>\n<\/div>\n<\/div>\n<\/div>\n<\/div>\n<\/div>\n<\/div>\n<\/section>\n<section id=\"mlc1IIQDbQ8F_mlc1IIQDbQ8F\" class=\"brz-section brz-css-d-section brz-css-1g3pktz\">\n<div class=\"brz-section__content brz-section--boxed brz-css-d-sectionitem-bg brz-css-ykza2c\" data-brz-custom-id=\"rfzbNymCoYXZ\">\n<div class=\"brz-bg\">\n<div class=\"brz-bg-color\"><\/div>\n<\/div>\n<div class=\"brz-container brz-css-d-sectionitem-container brz-css-112vjw9\">\n<div class=\"brz-row__container brz-css-d-row-row brz-css-1bmexwm\" data-brz-custom-id=\"scChC6ezOlKb\">\n<div class=\"brz-row brz-css-d-row-container brz-css-r-row-container brz-css-reqo6d\">\n<div class=\"brz-columns brz-css-d-column-column brz-css-62s2za\" data-brz-custom-id=\"tMOepZlYS2ew\">\n<div class=\"brz-column__items brz-css-d-column-bg brz-css-1ha7dx0\">\n<div id=\"\" class=\"brz-css-d-wrapper brz-css-yjampn brz-wrapper\">\n<div class=\"brz-rich-text brz-rich-text__custom brz-css-d-richtext brz-css-yu4cq0\" data-brz-custom-id=\"xSHO6tdh9pid\">\n<div data-brz-translate-text=\"1\">\n<p class=\"brz-text-lg-center brz-bcp-color5 brz-ls-lg-1_5 brz-fw-lg-700 brz-fss-lg-px brz-fs-lg-30 brz-ft-upload brz-ff-y0gaF530ilv7 ql-align-center brz-lh-lg-1_3 brz-vfw-lg-400 brz-fwdth-lg-100 brz-fsft-lg-0 brz-tp-lg-heading1 brz-css-qmbxI\" data-generated-css=\"brz-css-h4Jey\" data-uniq-id=\"vXq0R\"><strong class=\"brz-cp-color5\" style=\"background-color: transparent\">Monsterj\u00e6ger, tegneworkshop <\/strong><\/p>\n<\/div>\n<\/div>\n<\/div>\n<div id=\"\" class=\"brz-css-d-wrapper brz-css-q0041n brz-wrapper\">\n<div class=\"brz-rich-text brz-rich-text__custom brz-css-d-richtext brz-css-h8b3r\" data-brz-custom-id=\"wFjfpA0q4dpW\">\n<div data-brz-translate-text=\"1\">\n<h3 class=\"brz-ff-roboto brz-ft-google brz-fs-lg-20 brz-fss-lg-px brz-fw-lg-400 brz-ls-lg-m_1 brz-lh-lg-1_3 brz-vfw-lg-400 brz-fwdth-lg-100 brz-fsft-lg-0 brz-tp-lg-heading3 brz-css-loGuF\" data-uniq-id=\"y_Q55\" data-generated-css=\"brz-css-wWYIl\"><span class=\"brz-cp-color3 brz-bgp-color8 brz-span\" style=\"background-color: transparent\">Kl. 13.00-14.15, Sl\u00f8ngelsalen<\/span><\/h3>\n<p class=\"brz-ff-roboto brz-ft-google brz-fs-lg-20 brz-fss-lg-px brz-fw-lg-400 brz-ls-lg-0 brz-lh-lg-1_7 brz-vfw-lg-400 brz-fwdth-lg-100 brz-fsft-lg-0 brz-tp-lg-paragraph brz-css-kslwd\" data-uniq-id=\"ynkkv\" data-generated-css=\"brz-css-jxBae\"><span class=\"brz-cp-color1 brz-bgp-color8\" style=\"background-color: transparent\">Monstre terroriserer landet og det er jeres opgave at g\u00f8re monsterj\u00e6geren klar til at stoppe dem. V\u00e6lg f\u00f8rst hvilket monster, der skal jages, og v\u00e6lg derefter hvilke v\u00e5ben og udstyr monsterj\u00e6geren skal have med.&nbsp;<\/span><\/p>\n<p class=\"brz-ff-roboto brz-ft-google brz-fs-lg-20 brz-fss-lg-px brz-fw-lg-400 brz-ls-lg-0 brz-lh-lg-1_7 brz-vfw-lg-400 brz-fwdth-lg-100 brz-fsft-lg-0 brz-tp-lg-paragraph brz-css-rz5id\" data-uniq-id=\"qDfLP\" data-generated-css=\"brz-css-sqY_G\"><span class=\"brz-cp-color1 brz-bgp-color8\" style=\"background-color: transparent\">Tegn og farvel\u00e6g monstre og monsterj\u00e6gere sammen med forfatter og illustrator Thomas Knappe.<\/span><\/p>\n<p class=\"brz-ff-roboto brz-ft-google brz-fs-lg-20 brz-fss-lg-px brz-fw-lg-400 brz-ls-lg-0 brz-lh-lg-1_7 brz-vfw-lg-400 brz-fwdth-lg-100 brz-fsft-lg-0 brz-tp-lg-paragraph brz-css-uMzIZ\" data-uniq-id=\"uAhhg\" data-generated-css=\"brz-css-iRrMw\"><span class=\"brz-cp-color1 brz-bgp-color8\" style=\"background-color: transparent\">H\u00f8r ogs\u00e5 om Monsterj\u00e6gerne b\u00f8gerne ved Thomas Knappe p\u00e5 Biblioteksscenen kl. 12.15<\/span><\/p>\n<\/div>\n<\/div>\n<\/div>\n<div class=\"brz-wrapper-clone brz-flex-xs-wrap brz-css-d-cloneable brz-css-89bh72\" data-brz-custom-id=\"lLAaDYUQQpdO\"><a class=\"brz-a brz-btn brz-css-d-button brz-css-bqe19q brz-css-d-button-bg brz-css-rep2du\" target=\"_self\" rel=\"noopener\" href=\"https:\/\/sloengeldage.dk\/index.php\/monsterjger-mobil\/\" data-brz-link-type=\"page\" data-brz-custom-id=\"ricek3GOKjlb\"><span data-brz-translate-text=\"1\" class=\"brz-span brz-text__editor\">Monsterj\u00e6ger<\/span><\/a><\/div>\n<div id=\"\" class=\"brz-css-d-wrapper brz-css-c4218w brz-wrapper\">\n<div class=\"brz-image brz-css-d-image-g_g2wdpc2doo-parent brz-css-z586dt\" data-brz-custom-id=\"g_G2wdpC2doO\"><img decoding=\"async\" class=\"brz-img\" src=\"https:\/\/sloengeldage.dk\/wp-content\/uploads\/Thomas-Knappe-scaled.png\" loading=\"lazy\" alt=\"\" title=\"Thomas Knappe\"><\/div>\n<\/div>\n<\/div>\n<\/div>\n<\/div>\n<\/div>\n<\/div>\n<\/div>\n<\/section>\n<section id=\"eeHepF68fXLR_eeHepF68fXLR\" class=\"brz-section brz-css-d-section brz-css-j53of0\">\n<div class=\"brz-section__content brz-section--boxed brz-css-d-sectionitem-bg brz-css-1ojm1vw\" data-brz-custom-id=\"nUOi8phm9g6u\">\n<div class=\"brz-bg\">\n<div class=\"brz-bg-color\"><\/div>\n<\/div>\n<div class=\"brz-container brz-css-d-sectionitem-container brz-css-1jd066h\">\n<div class=\"brz-row__container brz-css-d-row-row brz-css-pkzz37\" data-brz-custom-id=\"kTkW5RpAGdWt\">\n<div class=\"brz-row brz-css-d-row-container brz-css-r-row-container brz-css-k36rpc\">\n<div class=\"brz-columns brz-css-d-column-column brz-css-13crozl\" data-brz-custom-id=\"hgvWOYGDXYoS\">\n<div class=\"brz-column__items brz-css-d-column-bg brz-css-1t9a134\">\n<div id=\"\" class=\"brz-css-d-wrapper brz-css-1bhczzw brz-wrapper\">\n<div class=\"brz-rich-text brz-rich-text__custom brz-css-d-richtext brz-css-vxr8fp\" data-brz-custom-id=\"uP2PDFj5QmxG\">\n<div data-brz-translate-text=\"1\">\n<p class=\"brz-tp-lg-paragraph brz-text-lg-center brz-css-uj9hs\" data-uniq-id=\"ojPnU\" data-generated-css=\"brz-css-v_9Gl\"><a class=\"link--page brz-cp-color1 brz-bgp-color8\" href=\"https:\/\/sloengeldage.dk\/index.php\/kontakt\/\" data-brz-link-type=\"page\">Kontakt Di Heslige Sl\u00f8nglers Klup<\/a><\/p>\n<\/div>\n<\/div>\n<\/div>\n<\/div>\n<\/div>\n<div class=\"brz-columns brz-css-d-column-column brz-css-xe2ur5\" data-brz-custom-id=\"w_eY4qRUkVfp\">\n<div class=\"brz-column__items brz-css-d-column-bg brz-css-ojbykm\">\n<div id=\"\" class=\"brz-css-d-wrapper brz-css-fqz19f brz-wrapper\">\n<div class=\"brz-rich-text brz-rich-text__custom brz-css-d-richtext brz-css-10c9eer\" data-brz-custom-id=\"eCNiGReu8o_V\">\n<div data-brz-translate-text=\"1\">\n<p class=\"brz-tp-lg-paragraph brz-text-lg-center brz-css-oIEIA\" data-uniq-id=\"zIrET\" data-generated-css=\"brz-css-mSOvL\"><a class=\"link--page brz-cp-color1 brz-bgp-color8\" href=\"https:\/\/sloengeldage.dk\/index.php\/privatslivserklaering\/\" data-brz-link-type=\"page\">Privatlivserkl\u00e6ring<\/a><\/p>\n<\/div>\n<\/div>\n<\/div>\n<\/div>\n<\/div>\n<\/div>\n<\/div>\n<\/div>\n<\/div>\n<\/section><\/div>\n<p><!-- version:1775555317 --><\/p>\n","protected":false},"excerpt":{"rendered":"<p>Tilbage Forside Kultur-huset By-parken Kultur-torvet Monsterj\u00e6ger, tegneworkshop Kl. 13.00-14.15, Sl\u00f8ngelsalen Monstre terroriserer landet og det er jeres opgave at g\u00f8re monsterj\u00e6geren klar til at stoppe dem. V\u00e6lg f\u00f8rst hvilket monster, der skal jages, og v\u00e6lg derefter hvilke v\u00e5ben og udstyr monsterj\u00e6geren skal have med.&nbsp; Tegn og farvel\u00e6g monstre og monsterj\u00e6gere sammen med forfatter og illustrator &hellip; <\/p>\n<p class=\"link-more\"><a href=\"https:\/\/sloengeldage.dk\/index.php\/monsterjger-tegneworkshop-mobil\/\" class=\"more-link\">Continue reading<span class=\"screen-reader-text\"> &#8220;Monsterj\u00e6ger tegneworkshop mobil&#8221;<\/span><\/a><\/p>\n","protected":false},"author":1,"featured_media":0,"parent":0,"menu_order":0,"comment_status":"closed","ping_status":"closed","template":"brizy-blank-template.php","meta":{"footnotes":""},"folder":[116],"class_list":["post-4028","page","type-page","status-publish","hentry","entry"],"brizy_media":[{"id":3185,"url":"https:\/\/sloengeldage.dk\/wp-content\/uploads\/Hunden-Ib-fortaellerkoncert-Ib_billede_rektangle_01-1536x614-1.jpg","name":"Hunden-Ib-fortaellerkoncert-Ib_billede_rektangle_01-1536x614-1.jpg","meta":{"brizy_attachment_uid":"wp-c929e0acac3a27d3c9854d474654c331.jpg","brizy_post_uid":["04d9a7811be6c06f96cd3c04be2f7db9"]}},{"id":3244,"url":"https:\/\/sloengeldage.dk\/wp-content\/uploads\/Wulffmorgenthaler_03-1536x1024-1.jpg","name":"Wulffmorgenthaler_03-1536x1024-1.jpg","meta":{"brizy_attachment_uid":"wp-27e02ea65abb258caf4815d0dbd3b93d.jpg","brizy_post_uid":["04d9a7811be6c06f96cd3c04be2f7db9"]}},{"id":3781,"url":"https:\/\/sloengeldage.dk\/wp-content\/uploads\/Hunden-Ib-fortaellerkoncert_billede_kvadratisk_01.jpg","name":"Hunden-Ib-fortaellerkoncert_billede_kvadratisk_01.jpg","meta":{"brizy_attachment_uid":"wp-3d969b5c7e563bbb9efec6e6541aa977.jpg","brizy_post_uid":["9b5f29d05a2c519c2e0b5d9eee63fd66","04d9a7811be6c06f96cd3c04be2f7db9"]}},{"id":3784,"url":"https:\/\/sloengeldage.dk\/wp-content\/uploads\/Thomas-Knappe-scaled.png","name":"Thomas-Knappe.png","meta":{"brizy_attachment_uid":"wp-2857f3a7e520ee8a415efca655020d21.png","brizy_post_uid":["9b5f29d05a2c519c2e0b5d9eee63fd66","583c923eed38b04f44000e2ff3593cd9","04d9a7811be6c06f96cd3c04be2f7db9","4222ffb1a7654431728ebf24c370d792"]}},{"id":3786,"url":"https:\/\/sloengeldage.dk\/wp-content\/uploads\/Billede-Radionauterne-scaled.jpg","name":"Billede-Radionauterne.jpg","meta":{"brizy_attachment_uid":"wp-6e95ec5307ed465004d10701d8a28913.jpg","brizy_post_uid":["9b5f29d05a2c519c2e0b5d9eee63fd66","04d9a7811be6c06f96cd3c04be2f7db9"]}},{"id":3787,"url":"https:\/\/sloengeldage.dk\/wp-content\/uploads\/WulffMorgenthaler-scaled.jpg","name":"WulffMorgenthaler.jpg","meta":{"brizy_attachment_uid":"wp-6be80e39e2f8d9118117ea603c746745.jpg","brizy_post_uid":["9b5f29d05a2c519c2e0b5d9eee63fd66","04d9a7811be6c06f96cd3c04be2f7db9"]}},{"id":3827,"url":"https:\/\/sloengeldage.dk\/wp-content\/uploads\/Farveskyen-tegneworkshop-BRUG-denne.jpeg","name":"Farveskyen-tegneworkshop-BRUG-denne.jpeg","meta":{"brizy_attachment_uid":"wp-b13bd3e900c0b21710361812100497a5.jpeg","brizy_post_uid":["9b5f29d05a2c519c2e0b5d9eee63fd66","04d9a7811be6c06f96cd3c04be2f7db9"]}}],"_links":{"self":[{"href":"https:\/\/sloengeldage.dk\/index.php\/wp-json\/wp\/v2\/pages\/4028","targetHints":{"allow":["GET"]}}],"collection":[{"href":"https:\/\/sloengeldage.dk\/index.php\/wp-json\/wp\/v2\/pages"}],"about":[{"href":"https:\/\/sloengeldage.dk\/index.php\/wp-json\/wp\/v2\/types\/page"}],"author":[{"embeddable":true,"href":"https:\/\/sloengeldage.dk\/index.php\/wp-json\/wp\/v2\/users\/1"}],"replies":[{"embeddable":true,"href":"https:\/\/sloengeldage.dk\/index.php\/wp-json\/wp\/v2\/comments?post=4028"}],"version-history":[{"count":5,"href":"https:\/\/sloengeldage.dk\/index.php\/wp-json\/wp\/v2\/pages\/4028\/revisions"}],"predecessor-version":[{"id":5697,"href":"https:\/\/sloengeldage.dk\/index.php\/wp-json\/wp\/v2\/pages\/4028\/revisions\/5697"}],"wp:attachment":[{"href":"https:\/\/sloengeldage.dk\/index.php\/wp-json\/wp\/v2\/media?parent=4028"}],"wp:term":[{"taxonomy":"folder","embeddable":true,"href":"https:\/\/sloengeldage.dk\/index.php\/wp-json\/wp\/v2\/folder?post=4028"}],"curies":[{"name":"wp","href":"https:\/\/api.w.org\/{rel}","templated":true}]}}