{"id":3993,"date":"2026-03-04T08:11:37","date_gmt":"2026-03-04T08:11:37","guid":{"rendered":"https:\/\/sloengeldage.dk\/index.php\/frk-pingelpot-mobil\/"},"modified":"2026-05-07T20:29:33","modified_gmt":"2026-05-07T20:29:33","slug":"frk-pingelpot-mobil","status":"publish","type":"page","link":"https:\/\/sloengeldage.dk\/index.php\/frk-pingelpot-mobil\/","title":{"rendered":"Frk Pingelpot mobil"},"content":{"rendered":"<div class=\"brz brz-root__container brz-reset-all brz-root__container-page\">\n<section id=\"yS7XHNA2monx_yS7XHNA2monx\" class=\"brz-section brz-css-d-section brz-css-n92u1w\">\n<div class=\"brz-section__content brz-section--boxed brz-css-d-sectionitem-bg brz-css-ofdmq6\" data-brz-custom-id=\"dBw7yqhKhH4W\">\n<div class=\"brz-container brz-css-d-sectionitem-container brz-css-g8jobe\">\n<div class=\"brz-row__container brz-css-d-row-row brz-css-13vlbmn\" data-brz-custom-id=\"cBuHFuYi8Qxu\">\n<div class=\"brz-row brz-css-d-row-container brz-css-r-row-container brz-css-jk5yvr\">\n<div class=\"brz-columns brz-css-d-column-column brz-css-1slb9hi\" data-brz-custom-id=\"gQZ3yPsqKLUL\">\n<div class=\"brz-column__items brz-css-d-column-bg brz-css-1jeqnwa\">\n<div id=\"\" class=\"brz-css-d-wrapper brz-css-1sp6sys brz-wrapper\">\n<div class=\"brz-image brz-css-d-image-o2rkaghlcycp-parent brz-css-1kkrmw0\" data-brz-custom-id=\"o2RKaGHlcYcP\"><a class=\"brz-a\" target=\"_self\" rel=\"noopener\" href=\"https:\/\/sloengeldage.dk\/index.php\/mobilforside\/\" data-brz-link-type=\"page\"><img decoding=\"async\" class=\"brz-img\" src=\"https:\/\/sloengeldage.dk\/wp-content\/uploads\/cropped-Gummi-Tarzan-2_512x512-1.png\" loading=\"lazy\" alt=\"\" title=\"cropped-Gummi-Tarzan-2_512x512-1.png\"><\/a><\/div>\n<\/div>\n<\/div>\n<\/div>\n<div class=\"brz-columns brz-css-d-column-column brz-css-1q0enrk\" data-brz-custom-id=\"xD9joBz82Of0\">\n<div class=\"brz-column__items brz-css-d-column-bg brz-css-1i9ynhi\">\n<div id=\"\" class=\"brz-css-d-wrapper brz-css-5mrymn brz-wrapper\">\n<div class=\"brz-image brz-css-d-image-w_5xqess_wfx-parent brz-css-1ajhbrf\" data-brz-custom-id=\"w_5xqESS_Wfx\"><a class=\"brz-a\" target=\"_self\" rel=\"noopener\" href=\"https:\/\/sloengeldage.dk\/index.php\/mobilforside\/\" data-brz-link-type=\"page\"><img decoding=\"async\" class=\"brz-img\" src=\"https:\/\/sloengeldage.dk\/wp-content\/uploads\/sloengeldage_nyt_logo.png\" loading=\"lazy\" alt=\"\" title=\"sloengeldage_nyt_logo\"><\/a><\/div>\n<\/div>\n<\/div>\n<\/div>\n<\/div>\n<\/div>\n<div class=\"brz-row__container brz-css-d-row-row brz-css-1a02g0d\" data-brz-custom-id=\"mvMwZiSyV6JW\">\n<div class=\"brz-row brz-css-d-row-container brz-css-r-row-container brz-css-16eezbs\">\n<div class=\"brz-columns brz-css-d-column-column brz-css-1ruvp2g\" data-brz-custom-id=\"sTI1I7QHPjND\">\n<div class=\"brz-column__items brz-css-d-column-bg brz-css-16zpwpa\">\n<div class=\"brz-wrapper-clone brz-flex-xs-wrap brz-css-d-cloneable brz-css-1adullp\" data-brz-custom-id=\"jzsr0LTQlUnO\">\n<div class=\"brz-icon__container\" data-brz-custom-id=\"ab7IvBaWqaHW\"><a class=\"brz-a\" target=\"_self\" rel=\"noopener\" href=\"history.go(-1)\" data-brz-link-type=\"external\"><span class=\"brz-icon brz-span brz-css-d-icon-icon brz-css-1oeq444\" data-brz-tooltip-wrapper-id=\"ab7IvBaWqaHW\"><\/span><\/a><\/div>\n<p><span class=\"brz-tooltip brz-css-d-icon-tooltip brz-css-1u9vulf\" data-brz-tooltip-offset=\"10\" data-brz-tooltip-trigger=\"hover\" data-brz-tooltip-placement=\"top\" data-brz-element-id=\"ab7IvBaWqaHW\">Tilbage<span class=\"brz-tooltip--arrow\"><\/span><\/span><\/div>\n<\/div>\n<\/div>\n<div class=\"brz-columns brz-css-d-column-column brz-css-11qpfpf\" data-brz-custom-id=\"s8QZZrBR5iRO\">\n<div class=\"brz-column__items brz-css-d-column-bg brz-css-4mq2wd\">\n<div class=\"brz-wrapper-clone brz-flex-xs-wrap brz-css-d-cloneable brz-css-pcs9i1\" data-brz-custom-id=\"zRXbq_6GKLyR\">\n<div class=\"brz-icon__container\" data-brz-custom-id=\"ad9jTX1q4dBM\"><a class=\"brz-a\" target=\"_self\" rel=\"noopener\" href=\"https:\/\/sloengeldage.dk\/index.php\/mobilforside\/\" data-brz-link-type=\"page\"><span class=\"brz-icon brz-span brz-css-d-icon-icon brz-css-1lm8r0n\" data-brz-tooltip-wrapper-id=\"ad9jTX1q4dBM\"><\/span><\/a><\/div>\n<p><span class=\"brz-tooltip brz-css-d-icon-tooltip brz-css-1gsqzaq\" data-brz-tooltip-offset=\"10\" data-brz-tooltip-trigger=\"hover\" data-brz-tooltip-placement=\"top\" data-brz-element-id=\"ad9jTX1q4dBM\">Forside<span class=\"brz-tooltip--arrow\"><\/span><\/span><\/div>\n<\/div>\n<\/div>\n<div class=\"brz-columns brz-css-d-column-column brz-css-s1y7mh\" data-brz-custom-id=\"cwT5LPQxhAn5\">\n<div class=\"brz-column__items brz-css-d-column-bg brz-css-1utoa7a\">\n<div id=\"\" class=\"brz-css-d-wrapper brz-css-ejlzo2 brz-wrapper\">\n<div class=\"brz-rich-text brz-rich-text__custom brz-css-d-richtext brz-css-1cf4lik\" data-brz-custom-id=\"zHegeEUQDt5u\">\n<div data-brz-translate-text=\"1\">\n<p data-uniq-id=\"jHlMU\" data-generated-css=\"brz-css-slCbq\" class=\"brz-tp-lg-empty brz-ff-y0gaF530ilv7 brz-ft-upload brz-fs-lg-30 brz-fss-lg-px brz-fw-lg-700 brz-ls-lg-1_5 brz-lh-lg-1_3 brz-vfw-lg-400 brz-fwdth-lg-100 brz-fsft-lg-0 brz-text-lg-center brz-tp-xs-heading4 brz-css-oyOrZ\"><a class=\"link--page brz-cp-color3\" href=\"https:\/\/sloengeldage.dk\/index.php\/program-kulturhuset-mobil\/\" data-brz-link-type=\"page\">Kultur-huset<\/a><\/p>\n<\/div>\n<\/div>\n<\/div>\n<\/div>\n<\/div>\n<div class=\"brz-columns brz-css-d-column-column brz-css-1lj7uz8\" data-brz-custom-id=\"oR5UoDZ1dIHQ\">\n<div class=\"brz-column__items brz-css-d-column-bg brz-css-1yzwpdf\">\n<div id=\"\" class=\"brz-css-d-wrapper brz-css-1b7eg3m brz-wrapper\">\n<div class=\"brz-rich-text brz-rich-text__custom brz-css-d-richtext brz-css-em4l0\" data-brz-custom-id=\"loAg5UHsI6Zs\">\n<div data-brz-translate-text=\"1\">\n<p class=\"brz-fsft-lg-0 brz-fwdth-lg-100 brz-vfw-lg-400 brz-lh-lg-1_3 brz-ls-lg-1_5 brz-fw-lg-700 brz-fss-lg-px brz-fs-lg-30 brz-ft-upload brz-ff-y0gaF530ilv7 brz-tp-lg-empty brz-text-lg-center brz-tp-xs-heading4 brz-css-hI_fq\" data-generated-css=\"brz-css-q_ItY\" data-uniq-id=\"qCoJa\"><a class=\"link--page brz-cp-color3\" href=\"https:\/\/sloengeldage.dk\/index.php\/program-byparken-mobil\/\" data-brz-link-type=\"page\">By-parken<\/a><\/p>\n<\/div>\n<\/div>\n<\/div>\n<\/div>\n<\/div>\n<div class=\"brz-columns brz-css-d-column-column brz-css-1wua8y5\" data-brz-custom-id=\"pnZAo_EN8r5H\">\n<div class=\"brz-column__items brz-css-d-column-bg brz-css-1cxsy7x\">\n<div id=\"\" class=\"brz-css-d-wrapper brz-css-o7zng6 brz-wrapper\">\n<div class=\"brz-rich-text brz-rich-text__custom brz-css-d-richtext brz-css-1iir9qo\" data-brz-custom-id=\"g2MDvqmL8LPE\">\n<div data-brz-translate-text=\"1\">\n<p class=\"brz-fsft-lg-0 brz-fwdth-lg-100 brz-vfw-lg-400 brz-lh-lg-1_3 brz-ls-lg-1_5 brz-fw-lg-700 brz-fss-lg-px brz-fs-lg-30 brz-ft-upload brz-ff-y0gaF530ilv7 brz-tp-lg-empty brz-text-lg-center brz-tp-xs-heading4 brz-css-zrmoA\" data-generated-css=\"brz-css-gu8_M\" data-uniq-id=\"jPlWQ\"><a class=\"link--page brz-cp-color3\" href=\"https:\/\/sloengeldage.dk\/index.php\/program-kulturtorv-mobil\/\" data-brz-link-type=\"page\">Kultur-torvet<\/a><\/p>\n<\/div>\n<\/div>\n<\/div>\n<\/div>\n<\/div>\n<\/div>\n<\/div>\n<\/div>\n<\/div>\n<\/section>\n<section id=\"i2qUwVoqw2cl_i2qUwVoqw2cl\" class=\"brz-section brz-css-d-section brz-css-1b7kwhy\">\n<div class=\"brz-section__content brz-section--boxed brz-css-d-sectionitem-bg brz-css-rkgwdq\" data-brz-custom-id=\"xgAvWq6QSTbk\">\n<div class=\"brz-bg\">\n<div class=\"brz-bg-color\"><\/div>\n<\/div>\n<div class=\"brz-container brz-css-d-sectionitem-container brz-css-1yyapzw\">\n<div class=\"brz-row__container brz-css-d-row-row brz-css-1et51uz\" data-brz-custom-id=\"xStdC5O2BQbX\">\n<div class=\"brz-row brz-css-d-row-container brz-css-r-row-container brz-css-4yyncr\">\n<div class=\"brz-columns brz-css-d-column-column brz-css-1toefai\" data-brz-custom-id=\"nK8UEdYMrnek\">\n<div class=\"brz-column__items brz-css-d-column-bg brz-css-zx3jeo\">\n<div id=\"\" class=\"brz-css-d-wrapper brz-css-16zdoeb brz-wrapper\">\n<div class=\"brz-rich-text brz-rich-text__custom brz-css-d-richtext brz-css-jaaojf\" data-brz-custom-id=\"etBbMkp9fU_m\">\n<div data-brz-translate-text=\"1\">\n<p class=\"brz-text-lg-center brz-fs-lg-31 brz-ft-google brz-ff-roboto brz-tp-lg-empty brz-fsft-lg-0 brz-fwdth-lg-100 brz-vfw-lg-400 brz-lh-lg-1_3 brz-ls-lg-m_1_5 brz-fw-lg-700 brz-fss-lg-px ql-align-center brz-css-dd4BV\" data-generated-css=\"brz-css-h748b\" data-uniq-id=\"a5Vmp\"><span class=\"brz-cp-color5 brz-span\" style=\"background-color: transparent\"><strong>Frk Pingelpot &#8211; fang fort\u00e6llingen<\/strong><\/span><\/p>\n<p class=\"brz-lh-lg-1_3 brz-ls-lg-m_1 brz-fw-lg-400 brz-fss-lg-px brz-fs-lg-20 brz-ft-google brz-ff-roboto brz-tp-lg-empty brz-fsft-lg-0 brz-fwdth-lg-100 brz-vfw-lg-400 brz-css-eCFFj\" data-generated-css=\"brz-css-rRYRR\" data-uniq-id=\"ttYsY\"><span class=\"brz-cp-color3 brz-span\"> <\/span><\/p>\n<p class=\"brz-lh-lg-1_3 brz-ls-lg-m_1 brz-fw-lg-400 brz-fss-lg-px brz-fs-lg-20 brz-ft-google brz-ff-roboto brz-tp-lg-empty brz-fsft-lg-0 brz-fwdth-lg-100 brz-vfw-lg-400 brz-css-sjS3g\" data-generated-css=\"brz-css-y38v8\" data-uniq-id=\"vJ9dW\"><span class=\"brz-cp-color3 brz-span\">Kl. 10.30-16.00, Biblioteket<\/span><\/p>\n<p class=\"brz-tp-lg-paragraph brz-fsft-lg-0 brz-fwdth-lg-100 brz-vfw-lg-400 brz-lh-lg-1_7 brz-ls-lg-0 brz-fw-lg-400 brz-fss-lg-px brz-fs-lg-20 brz-ft-google brz-ff-roboto brz-css-cNLzp\" data-generated-css=\"brz-css-sWXpp\" data-uniq-id=\"trqJu\"><span style=\"background-color: transparent\">Velkommen i en h\u00f8nseg\u00e5rd, som er helt almindelig og s\u00e5 alligevel ikke. Faktisk er den ret ualmindelig og helt sin egen. Med en masse store, bl\u00f8de h\u00f8ns og kyllinger, sk\u00f8re rekvisitter og kostumer kan b\u00f8rnene skabe deres egne fort\u00e6llinger og historier. Gennem de sjove legesituationer baserer udstillingen sig p\u00e5 rolleleg og interaktion og giver bogens blik p\u00e5, hvordan det f\u00f8les at v\u00e6re anderledes set fra et b\u00f8rneperspektiv.<\/span><\/p>\n<\/div>\n<\/div>\n<\/div>\n<div id=\"\" class=\"brz-css-d-wrapper brz-css-stw7ro brz-wrapper\">\n<div class=\"brz-image brz-css-d-image-uc0oq5jsq4rc-parent brz-css-1n4qlx2\" data-brz-custom-id=\"uc0oq5jsQ4rc\"><img decoding=\"async\" class=\"brz-img\" src=\"https:\/\/sloengeldage.dk\/wp-content\/uploads\/Lille-froeken-Pingelpot-med-boern-scaled.jpg\" loading=\"lazy\" alt=\"\" title=\"Fang Fort\u00e6llingen\"><\/div>\n<\/div>\n<\/div>\n<\/div>\n<\/div>\n<\/div>\n<\/div>\n<\/div>\n<\/section>\n<section id=\"uKc7DQcTH3Dl_uKc7DQcTH3Dl\" class=\"brz-section brz-css-d-section brz-css-1spw2m9\">\n<div class=\"brz-section__content brz-section--boxed brz-css-d-sectionitem-bg brz-css-sqgm8e\" data-brz-custom-id=\"u0GJGwvO0Nzz\">\n<div class=\"brz-bg\">\n<div class=\"brz-bg-color\"><\/div>\n<\/div>\n<div class=\"brz-container brz-css-d-sectionitem-container brz-css-aicfnd\">\n<div class=\"brz-row__container brz-css-d-row-row brz-css-1kmbd87\" data-brz-custom-id=\"oqsv04CmM5cb\">\n<div class=\"brz-row brz-css-d-row-container brz-css-r-row-container brz-css-jbx1ue\">\n<div class=\"brz-columns brz-css-d-column-column brz-css-1o06em8\" data-brz-custom-id=\"fjNb_V70vIoQ\">\n<div class=\"brz-column__items brz-css-d-column-bg brz-css-oqvaj5\">\n<div id=\"\" class=\"brz-css-d-wrapper brz-css-llvkz5 brz-wrapper\">\n<div class=\"brz-rich-text brz-rich-text__custom brz-css-d-richtext brz-css-fzx1g5\" data-brz-custom-id=\"gNOf5mjaGf2l\">\n<div data-brz-translate-text=\"1\">\n<p class=\"brz-tp-lg-paragraph brz-text-lg-center brz-css-fz0jb\" data-uniq-id=\"ojPnU\" data-generated-css=\"brz-css-v_9Gl\"><a class=\"link--page brz-cp-color1 brz-bgp-color8\" href=\"https:\/\/sloengeldage.dk\/index.php\/kontakt\/\" data-brz-link-type=\"page\">Kontakt Di Heslige Sl\u00f8nglers Klup<\/a><\/p>\n<\/div>\n<\/div>\n<\/div>\n<\/div>\n<\/div>\n<div class=\"brz-columns brz-css-d-column-column brz-css-1khsq4e\" data-brz-custom-id=\"dvtpFLMsjiLo\">\n<div class=\"brz-column__items brz-css-d-column-bg brz-css-1e3z7j6\">\n<div id=\"\" class=\"brz-css-d-wrapper brz-css-1v2lfgv brz-wrapper\">\n<div class=\"brz-rich-text brz-rich-text__custom brz-css-d-richtext brz-css-3pwt5\" data-brz-custom-id=\"v66aH736k4eF\">\n<div data-brz-translate-text=\"1\">\n<p class=\"brz-tp-lg-paragraph brz-text-lg-center brz-css-yqoJZ\" data-uniq-id=\"zIrET\" data-generated-css=\"brz-css-mSOvL\"><a class=\"link--page brz-cp-color1 brz-bgp-color8\" href=\"https:\/\/sloengeldage.dk\/index.php\/privatslivserklaering\/\" data-brz-link-type=\"page\">Privatlivserkl\u00e6ring<\/a><\/p>\n<\/div>\n<\/div>\n<\/div>\n<\/div>\n<\/div>\n<\/div>\n<\/div>\n<\/div>\n<\/div>\n<\/section><\/div>\n<p><!-- version:1775555172 --><\/p>\n","protected":false},"excerpt":{"rendered":"<p>Tilbage Forside Kultur-huset By-parken Kultur-torvet Frk Pingelpot &#8211; fang fort\u00e6llingen Kl. 10.30-16.00, Biblioteket Velkommen i en h\u00f8nseg\u00e5rd, som er helt almindelig og s\u00e5 alligevel ikke. Faktisk er den ret ualmindelig og helt sin egen. Med en masse store, bl\u00f8de h\u00f8ns og kyllinger, sk\u00f8re rekvisitter og kostumer kan b\u00f8rnene skabe deres egne fort\u00e6llinger og historier. Gennem &hellip; <\/p>\n<p class=\"link-more\"><a href=\"https:\/\/sloengeldage.dk\/index.php\/frk-pingelpot-mobil\/\" class=\"more-link\">Continue reading<span class=\"screen-reader-text\"> &#8220;Frk Pingelpot mobil&#8221;<\/span><\/a><\/p>\n","protected":false},"author":1,"featured_media":0,"parent":0,"menu_order":0,"comment_status":"closed","ping_status":"closed","template":"brizy-blank-template.php","meta":{"footnotes":""},"folder":[116],"class_list":["post-3993","page","type-page","status-publish","hentry","entry"],"brizy_media":[{"id":1410,"url":"https:\/\/sloengeldage.dk\/wp-content\/uploads\/LasseBotegnerzombier.webp","name":"LasseBotegnerzombier.webp","meta":{"brizy_attachment_uid":"wp-455d17dd395fe8ccaf5f38a052d4fe16.webp","brizy_post_uid":["4222ffb1a7654431728ebf24c370d792","583c923eed38b04f44000e2ff3593cd9"]}},{"id":2224,"url":"https:\/\/sloengeldage.dk\/wp-content\/uploads\/23-28.webp","name":"23-28.webp","meta":{"brizy_attachment_uid":"wp-cbf1c31791f00e704b0db7f70a066e78.webp","brizy_post_uid":["dcea96e3e28cd6a03924c8ae1b3f640f","583c923eed38b04f44000e2ff3593cd9"]}},{"id":2944,"url":"https:\/\/sloengeldage.dk\/wp-content\/uploads\/Stomp.jpg","name":"Stomp.jpg","meta":{"brizy_attachment_uid":"wp-16c44c79f463af462a678d0466ac820c.jpg","brizy_post_uid":["dab9dd26ac9865dcf3e113c0cdce6cfa","583c923eed38b04f44000e2ff3593cd9","5b4cd7c710be89d80008f661b59a849d"]}},{"id":3049,"url":"https:\/\/sloengeldage.dk\/wp-content\/uploads\/1000024277-scaled.jpg","name":"1000024277.jpg","meta":{"brizy_attachment_uid":"wp-3a7cf7356c6c6fd81342df773af933de.jpg","brizy_post_uid":["20fc8a6b52197bce370ed92991148215","583c923eed38b04f44000e2ff3593cd9"]}},{"id":3050,"url":"https:\/\/sloengeldage.dk\/wp-content\/uploads\/1000023583-scaled.jpg","name":"1000023583.jpg","meta":{"brizy_attachment_uid":"wp-0c4f9c53c10bce0cfb1fb249ca9fa034.jpg","brizy_post_uid":["20fc8a6b52197bce370ed92991148215","583c923eed38b04f44000e2ff3593cd9"]}},{"id":3511,"url":"https:\/\/sloengeldage.dk\/wp-content\/uploads\/Filtekongen.webp","name":"Filtekongen.webp","meta":{"brizy_attachment_uid":"wp-639eb488572d415ade6705967a3a06d4.webp","brizy_post_uid":["583c923eed38b04f44000e2ff3593cd9","9b5f29d05a2c519c2e0b5d9eee63fd66"]}},{"id":3512,"url":"https:\/\/sloengeldage.dk\/wp-content\/uploads\/ByggehyggemedPlusPlus.webp","name":"ByggehyggemedPlusPlus.webp","meta":{"brizy_attachment_uid":"wp-1074a7d4ed02eca45c12f22da8a4fa3c.webp","brizy_post_uid":["583c923eed38b04f44000e2ff3593cd9","9b5f29d05a2c519c2e0b5d9eee63fd66"]}},{"id":3533,"url":"https:\/\/sloengeldage.dk\/wp-content\/uploads\/LasseBoAndersen_tegner_zombier.webp","name":"LasseBoAndersen_tegner_zombier.webp","meta":{"brizy_attachment_uid":"wp-2a2d365c148eb59e48ff83fd47125a08.webp","brizy_post_uid":["583c923eed38b04f44000e2ff3593cd9"]}},{"id":3702,"url":"https:\/\/sloengeldage.dk\/wp-content\/uploads\/Lasse-Bo-Zombietegning.jpg","name":"Lasse-Bo-Zombietegning.jpg","meta":{"brizy_attachment_uid":"wp-2c846817b2169839e55c94da22815303.jpg","brizy_post_uid":["583c923eed38b04f44000e2ff3593cd9"]}},{"id":3782,"url":"https:\/\/sloengeldage.dk\/wp-content\/uploads\/Museum-Skanderborg-Mathilde-scaled.jpg","name":"Museum-Skanderborg-Mathilde.jpg","meta":{"brizy_attachment_uid":"wp-1845abd125071aaa8ee41d05d496b020.jpg","brizy_post_uid":["9b5f29d05a2c519c2e0b5d9eee63fd66","583c923eed38b04f44000e2ff3593cd9"]}},{"id":3783,"url":"https:\/\/sloengeldage.dk\/wp-content\/uploads\/Billede-Troels-Gollander.png","name":"Billede-Troels-Gollander.png","meta":{"brizy_attachment_uid":"wp-2707aabc0fe5dd30945ce0265f36d84f.png","brizy_post_uid":["9b5f29d05a2c519c2e0b5d9eee63fd66","583c923eed38b04f44000e2ff3593cd9"]}},{"id":3784,"url":"https:\/\/sloengeldage.dk\/wp-content\/uploads\/Thomas-Knappe-scaled.png","name":"Thomas-Knappe.png","meta":{"brizy_attachment_uid":"wp-2857f3a7e520ee8a415efca655020d21.png","brizy_post_uid":["9b5f29d05a2c519c2e0b5d9eee63fd66","583c923eed38b04f44000e2ff3593cd9","04d9a7811be6c06f96cd3c04be2f7db9","4222ffb1a7654431728ebf24c370d792"]}},{"id":3785,"url":"https:\/\/sloengeldage.dk\/wp-content\/uploads\/Stine-Sillesen-bogforside-bog-foldet-ud.jpg","name":"Stine-Sillesen-bogforside-bog-foldet-ud.jpg","meta":{"brizy_attachment_uid":"wp-9efa4182bec159c2be26fa0e9b339406.jpg","brizy_post_uid":["9b5f29d05a2c519c2e0b5d9eee63fd66","583c923eed38b04f44000e2ff3593cd9"]}},{"id":3801,"url":"https:\/\/sloengeldage.dk\/wp-content\/uploads\/Ole-Lund-Kirkegaard-Skattejagt-Lille-Virgil-bogforside.jpg","name":"Ole-Lund-Kirkegaard-Skattejagt-Lille-Virgil-bogforside.jpg","meta":{"brizy_attachment_uid":"wp-676045774bc51eeee8329dbe464ab6a9.jpg","brizy_post_uid":["9b5f29d05a2c519c2e0b5d9eee63fd66","583c923eed38b04f44000e2ff3593cd9"]}},{"id":3802,"url":"https:\/\/sloengeldage.dk\/wp-content\/uploads\/Zombietegninger-Lasse-Bo-Andersen.jpg","name":"Zombietegninger-Lasse-Bo-Andersen.jpg","meta":{"brizy_attachment_uid":"wp-fd8383d70b1752164e67386bcad16bab.jpg","brizy_post_uid":["9b5f29d05a2c519c2e0b5d9eee63fd66","583c923eed38b04f44000e2ff3593cd9"]}},{"id":3820,"url":"https:\/\/sloengeldage.dk\/wp-content\/uploads\/Pimp-din-blyant.jpg","name":"Pimp-din-blyant.jpg","meta":{"brizy_attachment_uid":"wp-176dfd09e91f0ea9a95eee1c29b7bc6a.jpg","brizy_post_uid":["9b5f29d05a2c519c2e0b5d9eee63fd66","583c923eed38b04f44000e2ff3593cd9"]}},{"id":3821,"url":"https:\/\/sloengeldage.dk\/wp-content\/uploads\/Verdens-skaeveste-by.jpg","name":"Verdens-skaeveste-by.jpg","meta":{"brizy_attachment_uid":"wp-76ce1f3331ae9fd7c9a28d6669bc64f0.jpg","brizy_post_uid":["9b5f29d05a2c519c2e0b5d9eee63fd66","583c923eed38b04f44000e2ff3593cd9"]}},{"id":3822,"url":"https:\/\/sloengeldage.dk\/wp-content\/uploads\/Skab-ro-paa-glas.jpg","name":"Skab-ro-paa-glas.jpg","meta":{"brizy_attachment_uid":"wp-3141886f6b110ac5bd5d068c09b05b05.jpg","brizy_post_uid":["9b5f29d05a2c519c2e0b5d9eee63fd66","583c923eed38b04f44000e2ff3593cd9"]}},{"id":3823,"url":"https:\/\/sloengeldage.dk\/wp-content\/uploads\/UdeUnger.jpg","name":"UdeUnger.jpg","meta":{"brizy_attachment_uid":"wp-76a48365b4a3d0f7605dafe196d7f89a.jpg","brizy_post_uid":["9b5f29d05a2c519c2e0b5d9eee63fd66","583c923eed38b04f44000e2ff3593cd9"]}},{"id":3824,"url":"https:\/\/sloengeldage.dk\/wp-content\/uploads\/Bogmaerkevaerksted.jpg","name":"Bogmaerkevaerksted.jpg","meta":{"brizy_attachment_uid":"wp-bbb5ed68f26fa07888ae5379d5249089.jpg","brizy_post_uid":["583c923eed38b04f44000e2ff3593cd9","9b5f29d05a2c519c2e0b5d9eee63fd66"]}},{"id":3825,"url":"https:\/\/sloengeldage.dk\/wp-content\/uploads\/Kaj-og-Karla-paa-eventyr-dreng-BRUG-denne-scaled.jpg","name":"Kaj-og-Karla-paa-eventyr-dreng-BRUG-denne.jpg","meta":{"brizy_attachment_uid":"wp-d738c1c7dff70a335795b29707dbe027.jpg","brizy_post_uid":["9b5f29d05a2c519c2e0b5d9eee63fd66","583c923eed38b04f44000e2ff3593cd9"]}},{"id":3826,"url":"https:\/\/sloengeldage.dk\/wp-content\/uploads\/Hodjas-Boghule.jpg","name":"Hodjas-Boghule.jpg","meta":{"brizy_attachment_uid":"wp-5ec87e76458e8abd55eac3870b1837ce.jpg","brizy_post_uid":["9b5f29d05a2c519c2e0b5d9eee63fd66","583c923eed38b04f44000e2ff3593cd9","5c4c2fe80e24f8622762bac90259db7e"]}},{"id":3829,"url":"https:\/\/sloengeldage.dk\/wp-content\/uploads\/Lille-froeken-Pingelpot-med-boern-scaled.jpg","name":"Lille-froeken-Pingelpot-med-boern.jpg","meta":{"brizy_attachment_uid":"wp-7d7b4aa574557311a6e086b052c1c2cc.jpg","brizy_post_uid":["583c923eed38b04f44000e2ff3593cd9","4222ffb1a7654431728ebf24c370d792"]}},{"id":3830,"url":"https:\/\/sloengeldage.dk\/wp-content\/uploads\/Askeriet-Askebjoern.jpg","name":"Askeriet-Askebjoern.jpg","meta":{"brizy_attachment_uid":"wp-7f72398c0faa52307804473958acd15a.jpg","brizy_post_uid":["9b5f29d05a2c519c2e0b5d9eee63fd66","583c923eed38b04f44000e2ff3593cd9"]}},{"id":3831,"url":"https:\/\/sloengeldage.dk\/wp-content\/uploads\/Monstermagi.jpg","name":"Monstermagi.jpg","meta":{"brizy_attachment_uid":"wp-deb0ce577ee991c2501f4f19c9e3def1.jpg","brizy_post_uid":["9b5f29d05a2c519c2e0b5d9eee63fd66","583c923eed38b04f44000e2ff3593cd9"]}},{"id":3835,"url":"https:\/\/sloengeldage.dk\/wp-content\/uploads\/ternet-ninja-3.jpg","name":"ternet-ninja-3.jpg","meta":{"brizy_attachment_uid":"wp-58acaf298f2591dde721148c9a69aeae.jpg","brizy_post_uid":["9b5f29d05a2c519c2e0b5d9eee63fd66","583c923eed38b04f44000e2ff3593cd9"]}},{"id":3856,"url":"https:\/\/sloengeldage.dk\/wp-content\/uploads\/Museum-Skanderborg-BRUG-denne-barndomshjem-m.-paeretrae-scaled.jpg","name":"Museum-Skanderborg-BRUG-denne-barndomshjem-m.-paeretrae.jpg","meta":{"brizy_attachment_uid":"wp-8d46fcfb6b29041d78fb9f53996f5237.jpg","brizy_post_uid":["583c923eed38b04f44000e2ff3593cd9","781e13e2064d7be674709e6998502d2c"]}},{"id":4143,"url":"https:\/\/sloengeldage.dk\/wp-content\/uploads\/Farveskyen-salgsstand.jpg","name":"Farveskyen-salgsstand.jpg","meta":{"brizy_attachment_uid":"wp-a73dc361df87848dbd983c0d0329c08f.jpg","brizy_post_uid":["583c923eed38b04f44000e2ff3593cd9","4222ffb1a7654431728ebf24c370d792"]}},{"id":4271,"url":"https:\/\/sloengeldage.dk\/wp-content\/uploads\/sSloengeldage-web-230513-DSC00066.jpg","name":"sSloengeldage-web-230513-DSC00066.jpg","meta":{"brizy_attachment_uid":"wp-c05b0c29799b4ef694cb36dd11668102.jpg","brizy_post_uid":["583c923eed38b04f44000e2ff3593cd9","9b5f29d05a2c519c2e0b5d9eee63fd66"]}},{"id":4273,"url":"https:\/\/sloengeldage.dk\/wp-content\/uploads\/Sloengeldage-web-fotograf-Per-Bille-20250524AAA08523.jpg","name":"Sloengeldage-web-fotograf-Per-Bille-20250524AAA08523.jpg","meta":{"brizy_attachment_uid":"wp-d8601d50ff3339f6eee816e80e4befdf.jpg","brizy_post_uid":["583c923eed38b04f44000e2ff3593cd9","9b5f29d05a2c519c2e0b5d9eee63fd66"]}},{"id":4307,"url":"https:\/\/sloengeldage.dk\/wp-content\/uploads\/Pusterummet.jpg","name":"Pusterummet.jpg","meta":{"brizy_attachment_uid":"wp-94dbb2103c37ac72a59c3dc561f64869.jpg","brizy_post_uid":["583c923eed38b04f44000e2ff3593cd9","9b5f29d05a2c519c2e0b5d9eee63fd66"]}},{"id":4395,"url":"https:\/\/sloengeldage.dk\/wp-content\/uploads\/Tankestreger-paa-en-farvesky.jpg","name":"Tankestreger-paa-en-farvesky.jpg","meta":{"brizy_attachment_uid":"wp-f5088e1898d8a7ec95cd6a336f5eed68.jpg","brizy_post_uid":["583c923eed38b04f44000e2ff3593cd9","4222ffb1a7654431728ebf24c370d792"]}},{"id":5032,"url":"https:\/\/sloengeldage.dk\/wp-content\/uploads\/Stine-Sillesen-portraet-1.jpg","name":"Stine-Sillesen-portraet-1.jpg","meta":{"brizy_attachment_uid":"wp-d22a7769e2f58d462b51aa946dd48583.jpg","brizy_post_uid":["583c923eed38b04f44000e2ff3593cd9"]}},{"id":5041,"url":"https:\/\/sloengeldage.dk\/wp-content\/uploads\/Bogmaerke-kreavaerksted.jpg","name":"Bogmaerke-kreavaerksted.jpg","meta":{"brizy_attachment_uid":"wp-c3faa40c65c2e8e619aac87aef7d3da9.jpg","brizy_post_uid":["583c923eed38b04f44000e2ff3593cd9","9b5f29d05a2c519c2e0b5d9eee63fd66"]}},{"id":5050,"url":"https:\/\/sloengeldage.dk\/wp-content\/uploads\/Udeunger2-scaled.jpg","name":"Udeunger2.jpg","meta":{"brizy_attachment_uid":"wp-7b19fb60ea25d304b27641db6841b469.jpg","brizy_post_uid":["583c923eed38b04f44000e2ff3593cd9","9b5f29d05a2c519c2e0b5d9eee63fd66"]}},{"id":5051,"url":"https:\/\/sloengeldage.dk\/wp-content\/uploads\/Udeunger1.jpg","name":"Udeunger1.jpg","meta":{"brizy_attachment_uid":"wp-4911ec8c0a87d308e674492d78350467.jpg","brizy_post_uid":["9b5f29d05a2c519c2e0b5d9eee63fd66","583c923eed38b04f44000e2ff3593cd9"]}},{"id":5074,"url":"https:\/\/sloengeldage.dk\/wp-content\/uploads\/Pimp-din-blyant-bredformat-scaled.jpg","name":"Pimp-din-blyant-bredformat.jpg","meta":{"brizy_attachment_uid":"wp-6a3df3126bfc4c498e2ef628acc906d0.jpg","brizy_post_uid":["583c923eed38b04f44000e2ff3593cd9","9b5f29d05a2c519c2e0b5d9eee63fd66"]}},{"id":5076,"url":"https:\/\/sloengeldage.dk\/wp-content\/uploads\/Papkasseby.jpg","name":"Papkasseby.jpg","meta":{"brizy_attachment_uid":"wp-2c8cdfd935ee4a0ddde652a6c0c4bec8.jpg","brizy_post_uid":["583c923eed38b04f44000e2ff3593cd9"]}},{"id":5077,"url":"https:\/\/sloengeldage.dk\/wp-content\/uploads\/Pimp-din-blyant-hoejformat-scaled.jpg","name":"Pimp-din-blyant-hoejformat.jpg","meta":{"brizy_attachment_uid":"wp-855c44e38e21992a69c04d249bfb73e1.jpg","brizy_post_uid":["583c923eed38b04f44000e2ff3593cd9"]}}],"_links":{"self":[{"href":"https:\/\/sloengeldage.dk\/index.php\/wp-json\/wp\/v2\/pages\/3993","targetHints":{"allow":["GET"]}}],"collection":[{"href":"https:\/\/sloengeldage.dk\/index.php\/wp-json\/wp\/v2\/pages"}],"about":[{"href":"https:\/\/sloengeldage.dk\/index.php\/wp-json\/wp\/v2\/types\/page"}],"author":[{"embeddable":true,"href":"https:\/\/sloengeldage.dk\/index.php\/wp-json\/wp\/v2\/users\/1"}],"replies":[{"embeddable":true,"href":"https:\/\/sloengeldage.dk\/index.php\/wp-json\/wp\/v2\/comments?post=3993"}],"version-history":[{"count":4,"href":"https:\/\/sloengeldage.dk\/index.php\/wp-json\/wp\/v2\/pages\/3993\/revisions"}],"predecessor-version":[{"id":5687,"href":"https:\/\/sloengeldage.dk\/index.php\/wp-json\/wp\/v2\/pages\/3993\/revisions\/5687"}],"wp:attachment":[{"href":"https:\/\/sloengeldage.dk\/index.php\/wp-json\/wp\/v2\/media?parent=3993"}],"wp:term":[{"taxonomy":"folder","embeddable":true,"href":"https:\/\/sloengeldage.dk\/index.php\/wp-json\/wp\/v2\/folder?post=3993"}],"curies":[{"name":"wp","href":"https:\/\/api.w.org\/{rel}","templated":true}]}}