{"id":3972,"date":"2026-03-04T08:08:04","date_gmt":"2026-03-04T08:08:04","guid":{"rendered":"https:\/\/sloengeldage.dk\/index.php\/byg-din-egen-historie-med-limpistol-mobil\/"},"modified":"2026-05-08T18:02:48","modified_gmt":"2026-05-08T18:02:48","slug":"byg-din-egen-historie-med-limpistol-mobil","status":"publish","type":"page","link":"https:\/\/sloengeldage.dk\/index.php\/byg-din-egen-historie-med-limpistol-mobil\/","title":{"rendered":"Byg din egen historie med limpistol mobil"},"content":{"rendered":"<div class=\"brz brz-root__container brz-reset-all brz-root__container-page\">\n<section id=\"acZoxWqq3oac_acZoxWqq3oac\" class=\"brz-section brz-css-d-section brz-css-1ien98c\">\n<div class=\"brz-section__content brz-section--boxed brz-css-d-sectionitem-bg brz-css-oe72fy\" data-brz-custom-id=\"jBDW56dcOAqh\">\n<div class=\"brz-container brz-css-d-sectionitem-container brz-css-jyzq3d\">\n<div class=\"brz-row__container brz-css-d-row-row brz-css-1ra3tz6\" data-brz-custom-id=\"ct_1d6FiSqmP\">\n<div class=\"brz-row brz-css-d-row-container brz-css-r-row-container brz-css-1ia0a7w\">\n<div class=\"brz-columns brz-css-d-column-column brz-css-a8l3f9\" data-brz-custom-id=\"qjGnC24lYCal\">\n<div class=\"brz-column__items brz-css-d-column-bg brz-css-1y02an4\">\n<div id=\"\" class=\"brz-css-d-wrapper brz-css-1njaoi1 brz-wrapper\">\n<div class=\"brz-image brz-css-d-image-ggfp8kepjb1l-parent brz-css-4ulcpu\" data-brz-custom-id=\"gGFP8KEpJb1L\"><a class=\"brz-a\" target=\"_self\" rel=\"noopener\" href=\"https:\/\/sloengeldage.dk\/index.php\/mobilforside\/\" data-brz-link-type=\"page\"><img decoding=\"async\" class=\"brz-img\" src=\"https:\/\/sloengeldage.dk\/wp-content\/uploads\/cropped-Gummi-Tarzan-2_512x512-1.png\" loading=\"lazy\" alt=\"\" title=\"cropped-Gummi-Tarzan-2_512x512-1.png\"><\/a><\/div>\n<\/div>\n<\/div>\n<\/div>\n<div class=\"brz-columns brz-css-d-column-column brz-css-d2qyxw\" data-brz-custom-id=\"wi0EGCES1ZwU\">\n<div class=\"brz-column__items brz-css-d-column-bg brz-css-p9ipir\">\n<div id=\"\" class=\"brz-css-d-wrapper brz-css-sprasg brz-wrapper\">\n<div class=\"brz-image brz-css-d-image-y6ltnrxjbvoa-parent brz-css-1p5uzhz\" data-brz-custom-id=\"y6lTnrxJBVOa\"><a class=\"brz-a\" target=\"_self\" rel=\"noopener\" href=\"https:\/\/sloengeldage.dk\/index.php\/mobilforside\/\" data-brz-link-type=\"page\"><img decoding=\"async\" class=\"brz-img\" src=\"https:\/\/sloengeldage.dk\/wp-content\/uploads\/sloengeldage_nyt_logo.png\" loading=\"lazy\" alt=\"\" title=\"sloengeldage_nyt_logo\"><\/a><\/div>\n<\/div>\n<\/div>\n<\/div>\n<\/div>\n<\/div>\n<div class=\"brz-row__container brz-css-d-row-row brz-css-1s6gix\" data-brz-custom-id=\"mXYPJIXH6cRM\">\n<div class=\"brz-row brz-css-d-row-container brz-css-r-row-container brz-css-1985wek\">\n<div class=\"brz-columns brz-css-d-column-column brz-css-1lodcw6\" data-brz-custom-id=\"ysAiWAiLn_7_\">\n<div class=\"brz-column__items brz-css-d-column-bg brz-css-fnlclp\">\n<div class=\"brz-wrapper-clone brz-flex-xs-wrap brz-css-d-cloneable brz-css-vtvw50\" data-brz-custom-id=\"i69_lNSx_b7m\">\n<div class=\"brz-icon__container\" data-brz-custom-id=\"n0JPpxUuL8_b\"><a class=\"brz-a\" target=\"_self\" rel=\"noopener\" href=\"history.go(-1)\" data-brz-link-type=\"external\"><span class=\"brz-icon brz-span brz-css-d-icon-icon brz-css-1g2r3o5\" data-brz-tooltip-wrapper-id=\"n0JPpxUuL8_b\"><\/span><\/a><\/div>\n<p><span class=\"brz-tooltip brz-css-d-icon-tooltip brz-css-iyly34\" data-brz-tooltip-offset=\"10\" data-brz-tooltip-trigger=\"hover\" data-brz-tooltip-placement=\"top\" data-brz-element-id=\"n0JPpxUuL8_b\">Tilbage<span class=\"brz-tooltip--arrow\"><\/span><\/span><\/div>\n<\/div>\n<\/div>\n<div class=\"brz-columns brz-css-d-column-column brz-css-1az6k1\" data-brz-custom-id=\"pBQlt0o4iH9k\">\n<div class=\"brz-column__items brz-css-d-column-bg brz-css-18d0fao\">\n<div class=\"brz-wrapper-clone brz-flex-xs-wrap brz-css-d-cloneable brz-css-3cepp9\" data-brz-custom-id=\"fiQFlM72PXP6\">\n<div class=\"brz-icon__container\" data-brz-custom-id=\"t43RQ9mM6lBR\"><a class=\"brz-a\" target=\"_self\" rel=\"noopener\" href=\"https:\/\/sloengeldage.dk\/index.php\/mobilforside\/\" data-brz-link-type=\"page\"><span class=\"brz-icon brz-span brz-css-d-icon-icon brz-css-1y0io9e\" data-brz-tooltip-wrapper-id=\"t43RQ9mM6lBR\"><\/span><\/a><\/div>\n<p><span class=\"brz-tooltip brz-css-d-icon-tooltip brz-css-1qf73tf\" data-brz-tooltip-offset=\"10\" data-brz-tooltip-trigger=\"hover\" data-brz-tooltip-placement=\"top\" data-brz-element-id=\"t43RQ9mM6lBR\">Forside<span class=\"brz-tooltip--arrow\"><\/span><\/span><\/div>\n<\/div>\n<\/div>\n<div class=\"brz-columns brz-css-d-column-column brz-css-1nwqwuq\" data-brz-custom-id=\"wjx4cjqfmmZA\">\n<div class=\"brz-column__items brz-css-d-column-bg brz-css-ajpekn\">\n<div id=\"\" class=\"brz-css-d-wrapper brz-css-i13ejf brz-wrapper\">\n<div class=\"brz-rich-text brz-rich-text__custom brz-css-d-richtext brz-css-zdrbyz\" data-brz-custom-id=\"r6X7cpiMB59C\">\n<div data-brz-translate-text=\"1\">\n<p data-uniq-id=\"jHlMU\" data-generated-css=\"brz-css-slCbq\" class=\"brz-tp-lg-empty brz-ff-y0gaF530ilv7 brz-ft-upload brz-fs-lg-30 brz-fss-lg-px brz-fw-lg-700 brz-ls-lg-1_5 brz-lh-lg-1_3 brz-vfw-lg-400 brz-fwdth-lg-100 brz-fsft-lg-0 brz-text-lg-center brz-tp-xs-heading4 brz-css-akGlL\"><a class=\"link--page brz-cp-color3\" href=\"https:\/\/sloengeldage.dk\/index.php\/program-kulturhuset-mobil\/\" data-brz-link-type=\"page\">Kultur-huset<\/a><\/p>\n<\/div>\n<\/div>\n<\/div>\n<\/div>\n<\/div>\n<div class=\"brz-columns brz-css-d-column-column brz-css-1sgaik1\" data-brz-custom-id=\"fyQ2dmJy4_FL\">\n<div class=\"brz-column__items brz-css-d-column-bg brz-css-1anhy1h\">\n<div id=\"\" class=\"brz-css-d-wrapper brz-css-inzl49 brz-wrapper\">\n<div class=\"brz-rich-text brz-rich-text__custom brz-css-d-richtext brz-css-16em5zm\" data-brz-custom-id=\"ssYmKtJM86hY\">\n<div data-brz-translate-text=\"1\">\n<p class=\"brz-fsft-lg-0 brz-fwdth-lg-100 brz-vfw-lg-400 brz-lh-lg-1_3 brz-ls-lg-1_5 brz-fw-lg-700 brz-fss-lg-px brz-fs-lg-30 brz-ft-upload brz-ff-y0gaF530ilv7 brz-tp-lg-empty brz-text-lg-center brz-tp-xs-heading4 brz-css-fT5bS\" data-generated-css=\"brz-css-q_ItY\" data-uniq-id=\"qCoJa\"><a class=\"link--page brz-cp-color3\" href=\"https:\/\/sloengeldage.dk\/index.php\/program-byparken-mobil\/\" data-brz-link-type=\"page\">By-parken<\/a><\/p>\n<\/div>\n<\/div>\n<\/div>\n<\/div>\n<\/div>\n<div class=\"brz-columns brz-css-d-column-column brz-css-1nkd6ig\" data-brz-custom-id=\"aK5iCTlAgPJy\">\n<div class=\"brz-column__items brz-css-d-column-bg brz-css-1nniwfl\">\n<div id=\"\" class=\"brz-css-d-wrapper brz-css-ukqzfg brz-wrapper\">\n<div class=\"brz-rich-text brz-rich-text__custom brz-css-d-richtext brz-css-1oc25tv\" data-brz-custom-id=\"yBcZMZRIZfgo\">\n<div data-brz-translate-text=\"1\">\n<p class=\"brz-fsft-lg-0 brz-fwdth-lg-100 brz-vfw-lg-400 brz-lh-lg-1_3 brz-ls-lg-1_5 brz-fw-lg-700 brz-fss-lg-px brz-fs-lg-30 brz-ft-upload brz-ff-y0gaF530ilv7 brz-tp-lg-empty brz-text-lg-center brz-tp-xs-heading4 brz-css-n6pUE\" data-generated-css=\"brz-css-gu8_M\" data-uniq-id=\"jPlWQ\"><a class=\"link--page brz-cp-color3\" href=\"https:\/\/sloengeldage.dk\/index.php\/program-kulturtorv-mobil\/\" data-brz-link-type=\"page\">Kultur-torvet<\/a><\/p>\n<\/div>\n<\/div>\n<\/div>\n<\/div>\n<\/div>\n<\/div>\n<\/div>\n<\/div>\n<\/div>\n<\/section>\n<section id=\"i2qUwVoqw2cl_i2qUwVoqw2cl\" class=\"brz-section brz-css-d-section brz-css-1b7kwhy\">\n<div class=\"brz-section__content brz-section--boxed brz-css-d-sectionitem-bg brz-css-rkgwdq\" data-brz-custom-id=\"xgAvWq6QSTbk\">\n<div class=\"brz-bg\">\n<div class=\"brz-bg-color\"><\/div>\n<\/div>\n<div class=\"brz-container brz-css-d-sectionitem-container brz-css-1yyapzw\">\n<div class=\"brz-row__container brz-css-d-row-row brz-css-1et51uz\" data-brz-custom-id=\"xStdC5O2BQbX\">\n<div class=\"brz-row brz-css-d-row-container brz-css-r-row-container brz-css-4yyncr\">\n<div class=\"brz-columns brz-css-d-column-column brz-css-1toefai\" data-brz-custom-id=\"nK8UEdYMrnek\">\n<div class=\"brz-column__items brz-css-d-column-bg brz-css-zx3jeo\">\n<div id=\"\" class=\"brz-css-d-wrapper brz-css-16zdoeb brz-wrapper\">\n<div class=\"brz-rich-text brz-rich-text__custom brz-css-d-richtext brz-css-jaaojf\" data-brz-custom-id=\"etBbMkp9fU_m\">\n<div data-brz-translate-text=\"1\">\n<h1 class=\"brz-tp-lg-heading1 brz-fs-lg-31 brz-ft-google brz-ff-roboto brz-fsft-lg-0 brz-fwdth-lg-100 brz-vfw-lg-400 brz-lh-lg-1_3 brz-ls-lg-m_1_5 brz-fw-lg-700 brz-fss-lg-px ql-align-center brz-text-lg-center brz-css-vJL0B\" data-generated-css=\"brz-css-r0rqV\" data-uniq-id=\"xsEkn\"><span class=\"brz-cp-color5 brz-span\" style=\"background-color: transparent\">Byg kreative eventyr med Kaj og Karla<\/span><\/h1>\n<p class=\"brz-lh-lg-1_3 brz-ls-lg-m_1 brz-fw-lg-400 brz-fss-lg-px brz-fs-lg-20 brz-ft-google brz-ff-roboto brz-tp-lg-empty brz-fsft-lg-0 brz-fwdth-lg-100 brz-vfw-lg-400 brz-css-f6ceT\" data-generated-css=\"brz-css-hN_Qe\" data-uniq-id=\"bmTFC\"><span class=\"brz-cp-color3 brz-span\"> <\/span><\/p>\n<h3 class=\"brz-tp-lg-heading3 brz-lh-lg-1_3 brz-ls-lg-m_1 brz-fw-lg-400 brz-fss-lg-px brz-fs-lg-20 brz-ft-google brz-ff-roboto brz-fsft-lg-0 brz-fwdth-lg-100 brz-vfw-lg-400 brz-css-edAFy\" data-generated-css=\"brz-css-bmfJc\" data-uniq-id=\"hJssB\"><span class=\"brz-cp-color3 brz-span\">Kl. 10.30-16.00, Nedre Foyer<\/span><\/h3>\n<p class=\"brz-tp-lg-paragraph brz-fsft-lg-0 brz-fwdth-lg-100 brz-vfw-lg-400 brz-lh-lg-1_7 brz-ls-lg-0 brz-fw-lg-400 brz-fss-lg-px brz-fs-lg-20 brz-ft-google brz-ff-roboto brz-css-a3MTt\" data-generated-css=\"brz-css-rtjLM\" data-uniq-id=\"xOwA5\"><span class=\"brz-cp-color1 brz-span\" style=\"background-color: transparent\">V\u00e6r med n\u00e5r vi digter historier gennem kreativ leg med limpistoler og genbrugsmaterialer.&nbsp;<\/span><\/p>\n<p class=\"brz-tp-lg-paragraph brz-fsft-lg-0 brz-fwdth-lg-100 brz-vfw-lg-400 brz-lh-lg-1_7 brz-ls-lg-0 brz-fw-lg-400 brz-fss-lg-px brz-fs-lg-20 brz-ft-google brz-ff-roboto brz-css-lMKfi\" data-generated-css=\"brz-css-y1Lmn\" data-uniq-id=\"w_Zgx\"><span class=\"brz-cp-color1 brz-span\" style=\"background-color: transparent\">Her kan du bygge din helt egen fort\u00e6lling om Kaj og Karla. De er nemlig b\u00e5de til vilde eventyr og til at bygge og konstruere. Kreativisten Mads Nielsen sidder klar med gode r\u00e5d og et k\u00e6mpe udvalg af dimsedutter og dingenoter.&nbsp;<\/span><\/p>\n<p class=\"brz-fsft-lg-0 brz-fwdth-lg-100 brz-vfw-lg-400 brz-lh-lg-1_7 brz-ls-lg-0 brz-fw-lg-400 brz-fss-lg-px brz-fs-lg-20 brz-ft-google brz-ff-roboto brz-tp-lg-paragraph brz-css-lPdyv\" data-generated-css=\"brz-css-uF5M_\" data-uniq-id=\"jhXgl\"><span class=\"brz-cp-color1 brz-span\" style=\"background-color: transparent\">For alle fra 3 \u00e5r og op sammen med deres for\u00e6ldre..<\/span><\/p>\n<\/div>\n<\/div>\n<\/div>\n<div class=\"brz-wrapper-clone brz-flex-xs-wrap brz-css-d-cloneable brz-css-wz9au6\" data-brz-custom-id=\"vr8NjHDs2ro8\"><a class=\"brz-a brz-btn brz-css-d-button brz-css-r0f4x4 brz-css-d-button-bg brz-css-199twm8\" target=\"_blank\" rel=\"noopener noreferrer\" href=\"http:\/\/www.legmedskrot.dk\" data-brz-link-type=\"external\" data-brz-custom-id=\"bMYVUqfXNLVf\"><span data-brz-translate-text=\"1\" class=\"brz-span brz-text__editor\">L\u00e6s mere om Legmedskrot<\/span><\/a><\/div>\n<div id=\"\" class=\"brz-css-d-wrapper brz-css-14qn2vz brz-wrapper\">\n<div class=\"brz-image brz-css-d-image-qfsunm3k2ky5-parent brz-css-1cx3wte\" data-brz-custom-id=\"qFsunM3K2kY5\"><img decoding=\"async\" class=\"brz-img\" src=\"https:\/\/sloengeldage.dk\/wp-content\/uploads\/Kaj-og-Karla-paa-eventyr-dreng-BRUG-denne-scaled.jpg\" loading=\"lazy\" alt=\"\" title=\"Kaj og Karla p\u00e5 eventyr, dreng, BRUG denne\"><\/div>\n<\/div>\n<\/div>\n<\/div>\n<\/div>\n<\/div>\n<\/div>\n<\/div>\n<\/section>\n<section id=\"kCfjNgJ0W__Y_kCfjNgJ0W__Y\" class=\"brz-section brz-css-d-section brz-css-wyebcg\">\n<div class=\"brz-section__content brz-section--boxed brz-css-d-sectionitem-bg brz-css-ue87gx\" data-brz-custom-id=\"iSwLh82SNfZD\">\n<div class=\"brz-bg\">\n<div class=\"brz-bg-color\"><\/div>\n<\/div>\n<div class=\"brz-container brz-css-d-sectionitem-container brz-css-1r32wm6\">\n<div class=\"brz-row__container brz-css-d-row-row brz-css-hv0ase\" data-brz-custom-id=\"cUI4sDCgkYsh\">\n<div class=\"brz-row brz-css-d-row-container brz-css-r-row-container brz-css-61wmgx\">\n<div class=\"brz-columns brz-css-d-column-column brz-css-eackjs\" data-brz-custom-id=\"noUxB_br3q8S\">\n<div class=\"brz-column__items brz-css-d-column-bg brz-css-1fspc9j\">\n<div id=\"\" class=\"brz-css-d-wrapper brz-css-1ebzl6 brz-wrapper\">\n<div class=\"brz-rich-text brz-rich-text__custom brz-css-d-richtext brz-css-x23eam\" data-brz-custom-id=\"e_ByrrWqmGZb\">\n<div data-brz-translate-text=\"1\">\n<p class=\"brz-tp-lg-paragraph brz-text-lg-center brz-css-u8AgO\" data-uniq-id=\"ojPnU\" data-generated-css=\"brz-css-v_9Gl\"><a class=\"link--page brz-cp-color1 brz-bgp-color8\" href=\"https:\/\/sloengeldage.dk\/index.php\/kontakt\/\" data-brz-link-type=\"page\">Kontakt Di Heslige Sl\u00f8nglers Klup<\/a><\/p>\n<\/div>\n<\/div>\n<\/div>\n<\/div>\n<\/div>\n<div class=\"brz-columns brz-css-d-column-column brz-css-clvvcc\" data-brz-custom-id=\"libXuvuWv_bd\">\n<div class=\"brz-column__items brz-css-d-column-bg brz-css-bze29d\">\n<div id=\"\" class=\"brz-css-d-wrapper brz-css-kwkyfv brz-wrapper\">\n<div class=\"brz-rich-text brz-rich-text__custom brz-css-d-richtext brz-css-1ahotwj\" data-brz-custom-id=\"lgwNPpgyIvPx\">\n<div data-brz-translate-text=\"1\">\n<p class=\"brz-tp-lg-paragraph brz-text-lg-center brz-css-qteHV\" data-uniq-id=\"zIrET\" data-generated-css=\"brz-css-mSOvL\"><a class=\"link--page brz-cp-color1 brz-bgp-color8\" href=\"https:\/\/sloengeldage.dk\/index.php\/privatslivserklaering\/\" data-brz-link-type=\"page\">Privatlivserkl\u00e6ring<\/a><\/p>\n<\/div>\n<\/div>\n<\/div>\n<\/div>\n<\/div>\n<\/div>\n<\/div>\n<\/div>\n<\/div>\n<\/section><\/div>\n<p><!-- version:1775555111 --><\/p>\n","protected":false},"excerpt":{"rendered":"<p>Tilbage Forside Kultur-huset By-parken Kultur-torvet Byg kreative eventyr med Kaj og Karla Kl. 10.30-16.00, Nedre Foyer V\u00e6r med n\u00e5r vi digter historier gennem kreativ leg med limpistoler og genbrugsmaterialer.&nbsp; Her kan du bygge din helt egen fort\u00e6lling om Kaj og Karla. De er nemlig b\u00e5de til vilde eventyr og til at bygge og konstruere. Kreativisten &hellip; <\/p>\n<p class=\"link-more\"><a href=\"https:\/\/sloengeldage.dk\/index.php\/byg-din-egen-historie-med-limpistol-mobil\/\" class=\"more-link\">Continue reading<span class=\"screen-reader-text\"> &#8220;Byg din egen historie med limpistol mobil&#8221;<\/span><\/a><\/p>\n","protected":false},"author":1,"featured_media":0,"parent":0,"menu_order":0,"comment_status":"closed","ping_status":"closed","template":"brizy-blank-template.php","meta":{"footnotes":""},"folder":[116],"class_list":["post-3972","page","type-page","status-publish","hentry","entry"],"brizy_media":[{"id":1410,"url":"https:\/\/sloengeldage.dk\/wp-content\/uploads\/LasseBotegnerzombier.webp","name":"LasseBotegnerzombier.webp","meta":{"brizy_attachment_uid":"wp-455d17dd395fe8ccaf5f38a052d4fe16.webp","brizy_post_uid":["4222ffb1a7654431728ebf24c370d792","583c923eed38b04f44000e2ff3593cd9"]}},{"id":2224,"url":"https:\/\/sloengeldage.dk\/wp-content\/uploads\/23-28.webp","name":"23-28.webp","meta":{"brizy_attachment_uid":"wp-cbf1c31791f00e704b0db7f70a066e78.webp","brizy_post_uid":["dcea96e3e28cd6a03924c8ae1b3f640f","583c923eed38b04f44000e2ff3593cd9"]}},{"id":2944,"url":"https:\/\/sloengeldage.dk\/wp-content\/uploads\/Stomp.jpg","name":"Stomp.jpg","meta":{"brizy_attachment_uid":"wp-16c44c79f463af462a678d0466ac820c.jpg","brizy_post_uid":["dab9dd26ac9865dcf3e113c0cdce6cfa","583c923eed38b04f44000e2ff3593cd9","5b4cd7c710be89d80008f661b59a849d"]}},{"id":3049,"url":"https:\/\/sloengeldage.dk\/wp-content\/uploads\/1000024277-scaled.jpg","name":"1000024277.jpg","meta":{"brizy_attachment_uid":"wp-3a7cf7356c6c6fd81342df773af933de.jpg","brizy_post_uid":["20fc8a6b52197bce370ed92991148215","583c923eed38b04f44000e2ff3593cd9"]}},{"id":3050,"url":"https:\/\/sloengeldage.dk\/wp-content\/uploads\/1000023583-scaled.jpg","name":"1000023583.jpg","meta":{"brizy_attachment_uid":"wp-0c4f9c53c10bce0cfb1fb249ca9fa034.jpg","brizy_post_uid":["20fc8a6b52197bce370ed92991148215","583c923eed38b04f44000e2ff3593cd9"]}},{"id":3511,"url":"https:\/\/sloengeldage.dk\/wp-content\/uploads\/Filtekongen.webp","name":"Filtekongen.webp","meta":{"brizy_attachment_uid":"wp-639eb488572d415ade6705967a3a06d4.webp","brizy_post_uid":["583c923eed38b04f44000e2ff3593cd9","9b5f29d05a2c519c2e0b5d9eee63fd66"]}},{"id":3512,"url":"https:\/\/sloengeldage.dk\/wp-content\/uploads\/ByggehyggemedPlusPlus.webp","name":"ByggehyggemedPlusPlus.webp","meta":{"brizy_attachment_uid":"wp-1074a7d4ed02eca45c12f22da8a4fa3c.webp","brizy_post_uid":["583c923eed38b04f44000e2ff3593cd9","9b5f29d05a2c519c2e0b5d9eee63fd66"]}},{"id":3533,"url":"https:\/\/sloengeldage.dk\/wp-content\/uploads\/LasseBoAndersen_tegner_zombier.webp","name":"LasseBoAndersen_tegner_zombier.webp","meta":{"brizy_attachment_uid":"wp-2a2d365c148eb59e48ff83fd47125a08.webp","brizy_post_uid":["583c923eed38b04f44000e2ff3593cd9"]}},{"id":3702,"url":"https:\/\/sloengeldage.dk\/wp-content\/uploads\/Lasse-Bo-Zombietegning.jpg","name":"Lasse-Bo-Zombietegning.jpg","meta":{"brizy_attachment_uid":"wp-2c846817b2169839e55c94da22815303.jpg","brizy_post_uid":["583c923eed38b04f44000e2ff3593cd9"]}},{"id":3782,"url":"https:\/\/sloengeldage.dk\/wp-content\/uploads\/Museum-Skanderborg-Mathilde-scaled.jpg","name":"Museum-Skanderborg-Mathilde.jpg","meta":{"brizy_attachment_uid":"wp-1845abd125071aaa8ee41d05d496b020.jpg","brizy_post_uid":["9b5f29d05a2c519c2e0b5d9eee63fd66","583c923eed38b04f44000e2ff3593cd9"]}},{"id":3783,"url":"https:\/\/sloengeldage.dk\/wp-content\/uploads\/Billede-Troels-Gollander.png","name":"Billede-Troels-Gollander.png","meta":{"brizy_attachment_uid":"wp-2707aabc0fe5dd30945ce0265f36d84f.png","brizy_post_uid":["9b5f29d05a2c519c2e0b5d9eee63fd66","583c923eed38b04f44000e2ff3593cd9"]}},{"id":3784,"url":"https:\/\/sloengeldage.dk\/wp-content\/uploads\/Thomas-Knappe-scaled.png","name":"Thomas-Knappe.png","meta":{"brizy_attachment_uid":"wp-2857f3a7e520ee8a415efca655020d21.png","brizy_post_uid":["9b5f29d05a2c519c2e0b5d9eee63fd66","583c923eed38b04f44000e2ff3593cd9","04d9a7811be6c06f96cd3c04be2f7db9","4222ffb1a7654431728ebf24c370d792"]}},{"id":3785,"url":"https:\/\/sloengeldage.dk\/wp-content\/uploads\/Stine-Sillesen-bogforside-bog-foldet-ud.jpg","name":"Stine-Sillesen-bogforside-bog-foldet-ud.jpg","meta":{"brizy_attachment_uid":"wp-9efa4182bec159c2be26fa0e9b339406.jpg","brizy_post_uid":["9b5f29d05a2c519c2e0b5d9eee63fd66","583c923eed38b04f44000e2ff3593cd9"]}},{"id":3801,"url":"https:\/\/sloengeldage.dk\/wp-content\/uploads\/Ole-Lund-Kirkegaard-Skattejagt-Lille-Virgil-bogforside.jpg","name":"Ole-Lund-Kirkegaard-Skattejagt-Lille-Virgil-bogforside.jpg","meta":{"brizy_attachment_uid":"wp-676045774bc51eeee8329dbe464ab6a9.jpg","brizy_post_uid":["9b5f29d05a2c519c2e0b5d9eee63fd66","583c923eed38b04f44000e2ff3593cd9"]}},{"id":3802,"url":"https:\/\/sloengeldage.dk\/wp-content\/uploads\/Zombietegninger-Lasse-Bo-Andersen.jpg","name":"Zombietegninger-Lasse-Bo-Andersen.jpg","meta":{"brizy_attachment_uid":"wp-fd8383d70b1752164e67386bcad16bab.jpg","brizy_post_uid":["9b5f29d05a2c519c2e0b5d9eee63fd66","583c923eed38b04f44000e2ff3593cd9"]}},{"id":3820,"url":"https:\/\/sloengeldage.dk\/wp-content\/uploads\/Pimp-din-blyant.jpg","name":"Pimp-din-blyant.jpg","meta":{"brizy_attachment_uid":"wp-176dfd09e91f0ea9a95eee1c29b7bc6a.jpg","brizy_post_uid":["9b5f29d05a2c519c2e0b5d9eee63fd66","583c923eed38b04f44000e2ff3593cd9"]}},{"id":3821,"url":"https:\/\/sloengeldage.dk\/wp-content\/uploads\/Verdens-skaeveste-by.jpg","name":"Verdens-skaeveste-by.jpg","meta":{"brizy_attachment_uid":"wp-76ce1f3331ae9fd7c9a28d6669bc64f0.jpg","brizy_post_uid":["9b5f29d05a2c519c2e0b5d9eee63fd66","583c923eed38b04f44000e2ff3593cd9"]}},{"id":3822,"url":"https:\/\/sloengeldage.dk\/wp-content\/uploads\/Skab-ro-paa-glas.jpg","name":"Skab-ro-paa-glas.jpg","meta":{"brizy_attachment_uid":"wp-3141886f6b110ac5bd5d068c09b05b05.jpg","brizy_post_uid":["9b5f29d05a2c519c2e0b5d9eee63fd66","583c923eed38b04f44000e2ff3593cd9"]}},{"id":3823,"url":"https:\/\/sloengeldage.dk\/wp-content\/uploads\/UdeUnger.jpg","name":"UdeUnger.jpg","meta":{"brizy_attachment_uid":"wp-76a48365b4a3d0f7605dafe196d7f89a.jpg","brizy_post_uid":["9b5f29d05a2c519c2e0b5d9eee63fd66","583c923eed38b04f44000e2ff3593cd9"]}},{"id":3824,"url":"https:\/\/sloengeldage.dk\/wp-content\/uploads\/Bogmaerkevaerksted.jpg","name":"Bogmaerkevaerksted.jpg","meta":{"brizy_attachment_uid":"wp-bbb5ed68f26fa07888ae5379d5249089.jpg","brizy_post_uid":["583c923eed38b04f44000e2ff3593cd9","9b5f29d05a2c519c2e0b5d9eee63fd66"]}},{"id":3825,"url":"https:\/\/sloengeldage.dk\/wp-content\/uploads\/Kaj-og-Karla-paa-eventyr-dreng-BRUG-denne-scaled.jpg","name":"Kaj-og-Karla-paa-eventyr-dreng-BRUG-denne.jpg","meta":{"brizy_attachment_uid":"wp-d738c1c7dff70a335795b29707dbe027.jpg","brizy_post_uid":["9b5f29d05a2c519c2e0b5d9eee63fd66","583c923eed38b04f44000e2ff3593cd9"]}},{"id":3826,"url":"https:\/\/sloengeldage.dk\/wp-content\/uploads\/Hodjas-Boghule.jpg","name":"Hodjas-Boghule.jpg","meta":{"brizy_attachment_uid":"wp-5ec87e76458e8abd55eac3870b1837ce.jpg","brizy_post_uid":["9b5f29d05a2c519c2e0b5d9eee63fd66","583c923eed38b04f44000e2ff3593cd9","5c4c2fe80e24f8622762bac90259db7e"]}},{"id":3829,"url":"https:\/\/sloengeldage.dk\/wp-content\/uploads\/Lille-froeken-Pingelpot-med-boern-scaled.jpg","name":"Lille-froeken-Pingelpot-med-boern.jpg","meta":{"brizy_attachment_uid":"wp-7d7b4aa574557311a6e086b052c1c2cc.jpg","brizy_post_uid":["583c923eed38b04f44000e2ff3593cd9","4222ffb1a7654431728ebf24c370d792"]}},{"id":3830,"url":"https:\/\/sloengeldage.dk\/wp-content\/uploads\/Askeriet-Askebjoern.jpg","name":"Askeriet-Askebjoern.jpg","meta":{"brizy_attachment_uid":"wp-7f72398c0faa52307804473958acd15a.jpg","brizy_post_uid":["9b5f29d05a2c519c2e0b5d9eee63fd66","583c923eed38b04f44000e2ff3593cd9"]}},{"id":3831,"url":"https:\/\/sloengeldage.dk\/wp-content\/uploads\/Monstermagi.jpg","name":"Monstermagi.jpg","meta":{"brizy_attachment_uid":"wp-deb0ce577ee991c2501f4f19c9e3def1.jpg","brizy_post_uid":["9b5f29d05a2c519c2e0b5d9eee63fd66","583c923eed38b04f44000e2ff3593cd9"]}},{"id":3835,"url":"https:\/\/sloengeldage.dk\/wp-content\/uploads\/ternet-ninja-3.jpg","name":"ternet-ninja-3.jpg","meta":{"brizy_attachment_uid":"wp-58acaf298f2591dde721148c9a69aeae.jpg","brizy_post_uid":["9b5f29d05a2c519c2e0b5d9eee63fd66","583c923eed38b04f44000e2ff3593cd9"]}},{"id":3856,"url":"https:\/\/sloengeldage.dk\/wp-content\/uploads\/Museum-Skanderborg-BRUG-denne-barndomshjem-m.-paeretrae-scaled.jpg","name":"Museum-Skanderborg-BRUG-denne-barndomshjem-m.-paeretrae.jpg","meta":{"brizy_attachment_uid":"wp-8d46fcfb6b29041d78fb9f53996f5237.jpg","brizy_post_uid":["583c923eed38b04f44000e2ff3593cd9","781e13e2064d7be674709e6998502d2c"]}},{"id":4143,"url":"https:\/\/sloengeldage.dk\/wp-content\/uploads\/Farveskyen-salgsstand.jpg","name":"Farveskyen-salgsstand.jpg","meta":{"brizy_attachment_uid":"wp-a73dc361df87848dbd983c0d0329c08f.jpg","brizy_post_uid":["583c923eed38b04f44000e2ff3593cd9","4222ffb1a7654431728ebf24c370d792"]}},{"id":4271,"url":"https:\/\/sloengeldage.dk\/wp-content\/uploads\/sSloengeldage-web-230513-DSC00066.jpg","name":"sSloengeldage-web-230513-DSC00066.jpg","meta":{"brizy_attachment_uid":"wp-c05b0c29799b4ef694cb36dd11668102.jpg","brizy_post_uid":["583c923eed38b04f44000e2ff3593cd9","9b5f29d05a2c519c2e0b5d9eee63fd66"]}},{"id":4273,"url":"https:\/\/sloengeldage.dk\/wp-content\/uploads\/Sloengeldage-web-fotograf-Per-Bille-20250524AAA08523.jpg","name":"Sloengeldage-web-fotograf-Per-Bille-20250524AAA08523.jpg","meta":{"brizy_attachment_uid":"wp-d8601d50ff3339f6eee816e80e4befdf.jpg","brizy_post_uid":["583c923eed38b04f44000e2ff3593cd9","9b5f29d05a2c519c2e0b5d9eee63fd66"]}},{"id":4307,"url":"https:\/\/sloengeldage.dk\/wp-content\/uploads\/Pusterummet.jpg","name":"Pusterummet.jpg","meta":{"brizy_attachment_uid":"wp-94dbb2103c37ac72a59c3dc561f64869.jpg","brizy_post_uid":["583c923eed38b04f44000e2ff3593cd9","9b5f29d05a2c519c2e0b5d9eee63fd66"]}},{"id":4395,"url":"https:\/\/sloengeldage.dk\/wp-content\/uploads\/Tankestreger-paa-en-farvesky.jpg","name":"Tankestreger-paa-en-farvesky.jpg","meta":{"brizy_attachment_uid":"wp-f5088e1898d8a7ec95cd6a336f5eed68.jpg","brizy_post_uid":["583c923eed38b04f44000e2ff3593cd9","4222ffb1a7654431728ebf24c370d792"]}},{"id":5032,"url":"https:\/\/sloengeldage.dk\/wp-content\/uploads\/Stine-Sillesen-portraet-1.jpg","name":"Stine-Sillesen-portraet-1.jpg","meta":{"brizy_attachment_uid":"wp-d22a7769e2f58d462b51aa946dd48583.jpg","brizy_post_uid":["583c923eed38b04f44000e2ff3593cd9"]}},{"id":5041,"url":"https:\/\/sloengeldage.dk\/wp-content\/uploads\/Bogmaerke-kreavaerksted.jpg","name":"Bogmaerke-kreavaerksted.jpg","meta":{"brizy_attachment_uid":"wp-c3faa40c65c2e8e619aac87aef7d3da9.jpg","brizy_post_uid":["583c923eed38b04f44000e2ff3593cd9","9b5f29d05a2c519c2e0b5d9eee63fd66"]}},{"id":5050,"url":"https:\/\/sloengeldage.dk\/wp-content\/uploads\/Udeunger2-scaled.jpg","name":"Udeunger2.jpg","meta":{"brizy_attachment_uid":"wp-7b19fb60ea25d304b27641db6841b469.jpg","brizy_post_uid":["583c923eed38b04f44000e2ff3593cd9","9b5f29d05a2c519c2e0b5d9eee63fd66"]}},{"id":5051,"url":"https:\/\/sloengeldage.dk\/wp-content\/uploads\/Udeunger1.jpg","name":"Udeunger1.jpg","meta":{"brizy_attachment_uid":"wp-4911ec8c0a87d308e674492d78350467.jpg","brizy_post_uid":["9b5f29d05a2c519c2e0b5d9eee63fd66","583c923eed38b04f44000e2ff3593cd9"]}},{"id":5074,"url":"https:\/\/sloengeldage.dk\/wp-content\/uploads\/Pimp-din-blyant-bredformat-scaled.jpg","name":"Pimp-din-blyant-bredformat.jpg","meta":{"brizy_attachment_uid":"wp-6a3df3126bfc4c498e2ef628acc906d0.jpg","brizy_post_uid":["583c923eed38b04f44000e2ff3593cd9","9b5f29d05a2c519c2e0b5d9eee63fd66"]}},{"id":5076,"url":"https:\/\/sloengeldage.dk\/wp-content\/uploads\/Papkasseby.jpg","name":"Papkasseby.jpg","meta":{"brizy_attachment_uid":"wp-2c8cdfd935ee4a0ddde652a6c0c4bec8.jpg","brizy_post_uid":["583c923eed38b04f44000e2ff3593cd9"]}},{"id":5077,"url":"https:\/\/sloengeldage.dk\/wp-content\/uploads\/Pimp-din-blyant-hoejformat-scaled.jpg","name":"Pimp-din-blyant-hoejformat.jpg","meta":{"brizy_attachment_uid":"wp-855c44e38e21992a69c04d249bfb73e1.jpg","brizy_post_uid":["583c923eed38b04f44000e2ff3593cd9"]}}],"_links":{"self":[{"href":"https:\/\/sloengeldage.dk\/index.php\/wp-json\/wp\/v2\/pages\/3972","targetHints":{"allow":["GET"]}}],"collection":[{"href":"https:\/\/sloengeldage.dk\/index.php\/wp-json\/wp\/v2\/pages"}],"about":[{"href":"https:\/\/sloengeldage.dk\/index.php\/wp-json\/wp\/v2\/types\/page"}],"author":[{"embeddable":true,"href":"https:\/\/sloengeldage.dk\/index.php\/wp-json\/wp\/v2\/users\/1"}],"replies":[{"embeddable":true,"href":"https:\/\/sloengeldage.dk\/index.php\/wp-json\/wp\/v2\/comments?post=3972"}],"version-history":[{"count":5,"href":"https:\/\/sloengeldage.dk\/index.php\/wp-json\/wp\/v2\/pages\/3972\/revisions"}],"predecessor-version":[{"id":5682,"href":"https:\/\/sloengeldage.dk\/index.php\/wp-json\/wp\/v2\/pages\/3972\/revisions\/5682"}],"wp:attachment":[{"href":"https:\/\/sloengeldage.dk\/index.php\/wp-json\/wp\/v2\/media?parent=3972"}],"wp:term":[{"taxonomy":"folder","embeddable":true,"href":"https:\/\/sloengeldage.dk\/index.php\/wp-json\/wp\/v2\/folder?post=3972"}],"curies":[{"name":"wp","href":"https:\/\/api.w.org\/{rel}","templated":true}]}}