{"id":3953,"date":"2026-03-04T07:59:40","date_gmt":"2026-03-04T07:59:40","guid":{"rendered":"https:\/\/sloengeldage.dk\/index.php\/repinen-mobil\/"},"modified":"2026-05-07T05:45:27","modified_gmt":"2026-05-07T05:45:27","slug":"repinen-mobil","status":"publish","type":"page","link":"https:\/\/sloengeldage.dk\/index.php\/repinen-mobil\/","title":{"rendered":"\u00d8repinen Mobil"},"content":{"rendered":"<div class=\"brz brz-root__container brz-reset-all brz-root__container-page\">\n<section id=\"i4ELcRhAWXaQ_i4ELcRhAWXaQ\" class=\"brz-section brz-css-d-section brz-css-w9lsxm\">\n<div class=\"brz-section__content brz-section--boxed brz-css-d-sectionitem-bg brz-css-1g4fnzn\" data-brz-custom-id=\"m5Cn0OPa6RXC\">\n<div class=\"brz-container brz-css-d-sectionitem-container brz-css-gex2nl\">\n<div class=\"brz-row__container brz-css-d-row-row brz-css-1r5aray\" data-brz-custom-id=\"qbh6MYoBKHzk\">\n<div class=\"brz-row brz-css-d-row-container brz-css-r-row-container brz-css-g5ufvk\">\n<div class=\"brz-columns brz-css-d-column-column brz-css-tfmmcn\" data-brz-custom-id=\"bZsrRjoaUjHQ\">\n<div class=\"brz-column__items brz-css-d-column-bg brz-css-16zbozh\">\n<div id=\"\" class=\"brz-css-d-wrapper brz-css-vec6zm brz-wrapper\">\n<div class=\"brz-image brz-css-d-image-ujpstz93dab3-parent brz-css-1urv066\" data-brz-custom-id=\"ujpsTz93DAb3\"><a class=\"brz-a\" target=\"_self\" rel=\"noopener\" href=\"https:\/\/sloengeldage.dk\/index.php\/mobilforside\/\" data-brz-link-type=\"page\"><img decoding=\"async\" class=\"brz-img\" src=\"https:\/\/sloengeldage.dk\/wp-content\/uploads\/cropped-Gummi-Tarzan-2_512x512-1.png\" loading=\"lazy\" alt=\"\" title=\"cropped-Gummi-Tarzan-2_512x512-1.png\"><\/a><\/div>\n<\/div>\n<\/div>\n<\/div>\n<div class=\"brz-columns brz-css-d-column-column brz-css-1vs79bh\" data-brz-custom-id=\"qfot6MV8rQtg\">\n<div class=\"brz-column__items brz-css-d-column-bg brz-css-1sza81l\">\n<div id=\"\" class=\"brz-css-d-wrapper brz-css-71d1it brz-wrapper\">\n<div class=\"brz-image brz-css-d-image-zgc16y6ccstx-parent brz-css-1bo1w52\" data-brz-custom-id=\"zGc16y6CCstx\"><a class=\"brz-a\" target=\"_self\" rel=\"noopener\" href=\"https:\/\/sloengeldage.dk\/index.php\/mobilforside\/\" data-brz-link-type=\"page\"><img decoding=\"async\" class=\"brz-img\" src=\"https:\/\/sloengeldage.dk\/wp-content\/uploads\/sloengeldage_nyt_logo.png\" loading=\"lazy\" alt=\"\" title=\"sloengeldage_nyt_logo\"><\/a><\/div>\n<\/div>\n<\/div>\n<\/div>\n<\/div>\n<\/div>\n<div class=\"brz-row__container brz-css-d-row-row brz-css-x4ry3k\" data-brz-custom-id=\"rN9ajY5XqaTd\">\n<div class=\"brz-row brz-css-d-row-container brz-css-r-row-container brz-css-u8q283\">\n<div class=\"brz-columns brz-css-d-column-column brz-css-12lov4l\" data-brz-custom-id=\"dv2ChUtfRjaq\">\n<div class=\"brz-column__items brz-css-d-column-bg brz-css-1ujjwxi\">\n<div class=\"brz-wrapper-clone brz-flex-xs-wrap brz-css-d-cloneable brz-css-2v4kn1\" data-brz-custom-id=\"lG3P2aztj2ct\">\n<div class=\"brz-icon__container\" data-brz-custom-id=\"zN2fbszIO71f\"><a class=\"brz-a\" target=\"_self\" rel=\"noopener\" href=\"history.go(-1)\" data-brz-link-type=\"external\"><span class=\"brz-icon brz-span brz-css-d-icon-icon brz-css-12cizhk\" data-brz-tooltip-wrapper-id=\"zN2fbszIO71f\"><\/span><\/a><\/div>\n<p><span class=\"brz-tooltip brz-css-d-icon-tooltip brz-css-18kqfnm\" data-brz-tooltip-offset=\"10\" data-brz-tooltip-trigger=\"hover\" data-brz-tooltip-placement=\"top\" data-brz-element-id=\"zN2fbszIO71f\">Tilbage<span class=\"brz-tooltip--arrow\"><\/span><\/span><\/div>\n<\/div>\n<\/div>\n<div class=\"brz-columns brz-css-d-column-column brz-css-8ogti\" data-brz-custom-id=\"wp3f4SVeGFbY\">\n<div class=\"brz-column__items brz-css-d-column-bg brz-css-1onv89c\">\n<div class=\"brz-wrapper-clone brz-flex-xs-wrap brz-css-d-cloneable brz-css-17led0j\" data-brz-custom-id=\"u_veS5xfSR4J\">\n<div class=\"brz-icon__container\" data-brz-custom-id=\"zhMpkP9H2Z14\"><a class=\"brz-a\" target=\"_self\" rel=\"noopener\" href=\"https:\/\/sloengeldage.dk\/index.php\/mobilforside\/\" data-brz-link-type=\"page\"><span class=\"brz-icon brz-span brz-css-d-icon-icon brz-css-ixu1u8\" data-brz-tooltip-wrapper-id=\"zhMpkP9H2Z14\"><\/span><\/a><\/div>\n<p><span class=\"brz-tooltip brz-css-d-icon-tooltip brz-css-12umewx\" data-brz-tooltip-offset=\"10\" data-brz-tooltip-trigger=\"hover\" data-brz-tooltip-placement=\"top\" data-brz-element-id=\"zhMpkP9H2Z14\">Forside<span class=\"brz-tooltip--arrow\"><\/span><\/span><\/div>\n<\/div>\n<\/div>\n<div class=\"brz-columns brz-css-d-column-column brz-css-1ejhgps\" data-brz-custom-id=\"i_Ho4BQNZhiQ\">\n<div class=\"brz-column__items brz-css-d-column-bg brz-css-1n0tsgv\">\n<div id=\"\" class=\"brz-css-d-wrapper brz-css-t6gw4d brz-wrapper\">\n<div class=\"brz-rich-text brz-rich-text__custom brz-css-d-richtext brz-css-18hcs4s\" data-brz-custom-id=\"pCsskp4WyBv0\">\n<div data-brz-translate-text=\"1\">\n<p data-uniq-id=\"jHlMU\" data-generated-css=\"brz-css-slCbq\" class=\"brz-tp-lg-empty brz-ff-y0gaF530ilv7 brz-ft-upload brz-fs-lg-30 brz-fss-lg-px brz-fw-lg-700 brz-ls-lg-1_5 brz-lh-lg-1_3 brz-vfw-lg-400 brz-fwdth-lg-100 brz-fsft-lg-0 brz-text-lg-center brz-tp-xs-heading4 brz-css-tg98N\"><a class=\"link--page brz-cp-color3\" href=\"https:\/\/sloengeldage.dk\/index.php\/program-kulturhuset-mobil\/\" data-brz-link-type=\"page\">Kultur-huset<\/a><\/p>\n<\/div>\n<\/div>\n<\/div>\n<\/div>\n<\/div>\n<div class=\"brz-columns brz-css-d-column-column brz-css-1n1kpxc\" data-brz-custom-id=\"zg68eJNWDm8D\">\n<div class=\"brz-column__items brz-css-d-column-bg brz-css-1gxcpco\">\n<div id=\"\" class=\"brz-css-d-wrapper brz-css-8ciazs brz-wrapper\">\n<div class=\"brz-rich-text brz-rich-text__custom brz-css-d-richtext brz-css-ttz39o\" data-brz-custom-id=\"ojZuETiEgvRQ\">\n<div data-brz-translate-text=\"1\">\n<p class=\"brz-fsft-lg-0 brz-fwdth-lg-100 brz-vfw-lg-400 brz-lh-lg-1_3 brz-ls-lg-1_5 brz-fw-lg-700 brz-fss-lg-px brz-fs-lg-30 brz-ft-upload brz-ff-y0gaF530ilv7 brz-tp-lg-empty brz-text-lg-center brz-tp-xs-heading4 brz-css-hsNd1\" data-generated-css=\"brz-css-q_ItY\" data-uniq-id=\"qCoJa\"><a class=\"link--page brz-cp-color3\" href=\"https:\/\/sloengeldage.dk\/index.php\/program-byparken-mobil\/\" data-brz-link-type=\"page\">By-parken<\/a><\/p>\n<\/div>\n<\/div>\n<\/div>\n<\/div>\n<\/div>\n<div class=\"brz-columns brz-css-d-column-column brz-css-1vgqh9u\" data-brz-custom-id=\"jIM4_T9ejF01\">\n<div class=\"brz-column__items brz-css-d-column-bg brz-css-1979jkq\">\n<div id=\"\" class=\"brz-css-d-wrapper brz-css-8mubj5 brz-wrapper\">\n<div class=\"brz-rich-text brz-rich-text__custom brz-css-d-richtext brz-css-ets7ha\" data-brz-custom-id=\"nVBvfsg4Q5Ta\">\n<div data-brz-translate-text=\"1\">\n<p class=\"brz-fsft-lg-0 brz-fwdth-lg-100 brz-vfw-lg-400 brz-lh-lg-1_3 brz-ls-lg-1_5 brz-fw-lg-700 brz-fss-lg-px brz-fs-lg-30 brz-ft-upload brz-ff-y0gaF530ilv7 brz-tp-lg-empty brz-text-lg-center brz-tp-xs-heading4 brz-css-cz_yN\" data-generated-css=\"brz-css-gu8_M\" data-uniq-id=\"jPlWQ\"><a class=\"link--page brz-cp-color3\" href=\"https:\/\/sloengeldage.dk\/index.php\/program-kulturtorv-mobil\/\" data-brz-link-type=\"page\">Kultur-torvet<\/a><\/p>\n<\/div>\n<\/div>\n<\/div>\n<\/div>\n<\/div>\n<\/div>\n<\/div>\n<\/div>\n<\/div>\n<\/section>\n<section id=\"eNkyTYqdaudU_eNkyTYqdaudU\" class=\"brz-section brz-css-d-section brz-css-c2z76o\">\n<div class=\"brz-section__content brz-section--boxed brz-css-d-sectionitem-bg brz-css-qdrcun\" data-brz-custom-id=\"auJqmmN9ah_0\">\n<div class=\"brz-bg\">\n<div class=\"brz-bg-color\"><\/div>\n<\/div>\n<div class=\"brz-container brz-css-d-sectionitem-container brz-css-qgc83m\">\n<div class=\"brz-row__container brz-css-d-row-row brz-css-ly8fgw\" data-brz-custom-id=\"jBrZpDOxpeSb\">\n<div class=\"brz-row brz-css-d-row-container brz-css-r-row-container brz-css-1qbnvuj\">\n<div class=\"brz-columns brz-css-d-column-column brz-css-r11c8w\" data-brz-custom-id=\"kWmuPCMbLS1Q\">\n<div class=\"brz-column__items brz-css-d-column-bg brz-css-19y9ga6\">\n<div id=\"\" class=\"brz-css-d-wrapper brz-css-c9mcsz brz-wrapper\">\n<div class=\"brz-rich-text brz-rich-text__custom brz-css-d-richtext brz-css-pby06c\" data-brz-custom-id=\"up97tZpBXQ_D\">\n<div data-brz-translate-text=\"1\">\n<h1 class=\"brz-fsft-lg-0 brz-fwdth-lg-100 brz-vfw-lg-400 brz-lh-lg-1_3 brz-ls-lg-m_1_5 brz-fw-lg-700 brz-fss-lg-px ql-align-center brz-ff-roboto brz-ft-google brz-fs-lg-40 brz-tp-lg-heading1 brz-text-lg-center brz-css-z6Fs8\" data-uniq-id=\"nLznD\" data-generated-css=\"brz-css-qs2ZS\"><strong class=\"brz-cp-color5\" style=\"background-color: transparent\">\u00d8repinen &#8211; din musikalske luftfrisker<\/strong><\/h1>\n<\/div>\n<\/div>\n<\/div>\n<div id=\"\" class=\"brz-css-d-wrapper brz-css-1sadizh brz-wrapper\">\n<div class=\"brz-rich-text brz-rich-text__custom brz-css-d-richtext brz-css-18cjns7\" data-brz-custom-id=\"h7btI3eTAzOF\">\n<div data-brz-translate-text=\"1\">\n<p class=\"brz-tp-lg-empty brz-ff-roboto brz-ft-google brz-fs-lg-20 brz-fss-lg-px brz-fw-lg-400 brz-ls-lg-0 brz-lh-lg-1_7 brz-vfw-lg-400 brz-fwdth-lg-100 brz-fsft-lg-0 brz-css-uFoWG\" data-uniq-id=\"mIw3I\" data-generated-css=\"brz-css-uTyjc\"><span class=\"brz-cp-color1 brz-span\" style=\"background-color: transparent\"> <\/span><span class=\"brz-cp-color3 brz-span\"><strong>Kl. 12.00-16.00, <\/strong><\/span><span class=\"brz-cp-color3 brz-span\" style=\"background-color: transparent\"><strong>Kulturtorvet<\/strong><\/span><\/p>\n<p class=\"brz-tp-lg-paragraph brz-ff-roboto brz-ft-google brz-fs-lg-20 brz-fss-lg-px brz-fw-lg-400 brz-ls-lg-0 brz-lh-lg-1_7 brz-vfw-lg-400 brz-fwdth-lg-100 brz-fsft-lg-0 brz-css-pkg1m\" data-uniq-id=\"eqVrO\" data-generated-css=\"brz-css-p_eRK\"><span class=\"brz-cp-color1\" style=\"background-color: transparent\">Tag et hvil p\u00e5 en halmballe og fork\u00e6l dine \u00f8regange med en bred vifte af musikalske indslag.<\/span><\/p>\n<p class=\"brz-tp-lg-paragraph brz-ff-roboto brz-ft-google brz-fs-lg-20 brz-fss-lg-px brz-fw-lg-400 brz-ls-lg-0 brz-lh-lg-1_7 brz-vfw-lg-400 brz-fwdth-lg-100 brz-fsft-lg-0 brz-css-c4iSD\" data-uniq-id=\"eJGhY\" data-generated-css=\"brz-css-lilsV\"><span class=\"brz-cp-color1\" style=\"background-color: transparent\">Du kan gl\u00e6de dig til lyden af solister fra Kulturskolen Skanderborg eller give den gas p\u00e5 luftguitaren til nogle af de mange bands fra Skanderborg og omegn, der kigger forbi i l\u00f8bet af dagen.&nbsp;<\/span><\/p>\n<\/div>\n<\/div>\n<\/div>\n<div id=\"\" class=\"brz-css-d-wrapper brz-css-etff05 brz-wrapper\">\n<div class=\"brz-image brz-css-d-image-oqn1bjbzphet-parent brz-css-9a48se\" data-brz-custom-id=\"oQn1bJBZPhEt\"><img decoding=\"async\" class=\"brz-img\" src=\"https:\/\/sloengeldage.dk\/wp-content\/uploads\/Oerepinen.jpg\" loading=\"lazy\" alt=\"\" title=\"\u00d8repinen\"><\/div>\n<\/div>\n<\/div>\n<\/div>\n<\/div>\n<\/div>\n<\/div>\n<\/div>\n<\/section>\n<section id=\"eoxcpXpSPITO_eoxcpXpSPITO\" class=\"brz-section brz-css-d-section brz-css-5j5c3u\">\n<div class=\"brz-section__content brz-section--boxed brz-css-d-sectionitem-bg brz-css-11kaxdb\" data-brz-custom-id=\"q9WUovbkXgt7\">\n<div class=\"brz-bg\">\n<div class=\"brz-bg-color\"><\/div>\n<\/div>\n<div class=\"brz-container brz-css-d-sectionitem-container brz-css-xgitk9\">\n<div class=\"brz-row__container brz-css-d-row-row brz-css-1e925gi\" data-brz-custom-id=\"z0MACd9N09oy\">\n<div class=\"brz-row brz-css-d-row-container brz-css-r-row-container brz-css-17e3mft\">\n<div class=\"brz-columns brz-css-d-column-column brz-css-jx1a51\" data-brz-custom-id=\"c2cur3LpyH_0\">\n<div class=\"brz-column__items brz-css-d-column-bg brz-css-zd80t7\">\n<div id=\"\" class=\"brz-css-d-wrapper brz-css-nii2gu brz-wrapper\">\n<div class=\"brz-rich-text brz-rich-text__custom brz-css-d-richtext brz-css-1gofdsh\" data-brz-custom-id=\"aw5ARfpXxVMv\">\n<div data-brz-translate-text=\"1\">\n<p class=\"brz-tp-lg-paragraph brz-text-lg-center brz-css-d7_xT\" data-uniq-id=\"ojPnU\" data-generated-css=\"brz-css-v_9Gl\"><a class=\"link--page brz-cp-color1 brz-bgp-color8\" href=\"https:\/\/sloengeldage.dk\/index.php\/kontakt\/\" data-brz-link-type=\"page\">Kontakt Di Heslige Sl\u00f8nglers Klup<\/a><\/p>\n<\/div>\n<\/div>\n<\/div>\n<\/div>\n<\/div>\n<div class=\"brz-columns brz-css-d-column-column brz-css-at48xn\" data-brz-custom-id=\"fcSHRFDV1xIs\">\n<div class=\"brz-column__items brz-css-d-column-bg brz-css-4a2l5x\">\n<div id=\"\" class=\"brz-css-d-wrapper brz-css-11w8e3x brz-wrapper\">\n<div class=\"brz-rich-text brz-rich-text__custom brz-css-d-richtext brz-css-20ivi7\" data-brz-custom-id=\"mX_AJjhUJe8g\">\n<div data-brz-translate-text=\"1\">\n<p class=\"brz-tp-lg-paragraph brz-text-lg-center brz-css-dAIu_\" data-uniq-id=\"zIrET\" data-generated-css=\"brz-css-mSOvL\"><a class=\"link--page brz-cp-color1 brz-bgp-color8\" href=\"https:\/\/sloengeldage.dk\/index.php\/privatslivserklaering\/\" data-brz-link-type=\"page\">Privatlivserkl\u00e6ring<\/a><\/p>\n<\/div>\n<\/div>\n<\/div>\n<\/div>\n<\/div>\n<\/div>\n<\/div>\n<\/div>\n<\/div>\n<\/section><\/div>\n<p><!-- version:1775554861 --><\/p>\n","protected":false},"excerpt":{"rendered":"<p>Tilbage Forside Kultur-huset By-parken Kultur-torvet \u00d8repinen &#8211; din musikalske luftfrisker Kl. 12.00-16.00, Kulturtorvet Tag et hvil p\u00e5 en halmballe og fork\u00e6l dine \u00f8regange med en bred vifte af musikalske indslag. Du kan gl\u00e6de dig til lyden af solister fra Kulturskolen Skanderborg eller give den gas p\u00e5 luftguitaren til nogle af de mange bands fra Skanderborg &hellip; <\/p>\n<p class=\"link-more\"><a href=\"https:\/\/sloengeldage.dk\/index.php\/repinen-mobil\/\" class=\"more-link\">Continue reading<span class=\"screen-reader-text\"> &#8220;\u00d8repinen Mobil&#8221;<\/span><\/a><\/p>\n","protected":false},"author":1,"featured_media":0,"parent":0,"menu_order":0,"comment_status":"closed","ping_status":"closed","template":"brizy-blank-template.php","meta":{"footnotes":""},"folder":[117],"class_list":["post-3953","page","type-page","status-publish","hentry","entry"],"brizy_media":[{"id":1240,"url":"https:\/\/sloengeldage.dk\/wp-content\/uploads\/Sloengeldage-24-web-Fotograf-Per-Bille-20240525DSC01391.jpg","name":"Sloengeldage-24-web-Fotograf-Per-Bille-20240525DSC01391.jpg","meta":{"brizy_attachment_uid":"wp-d044353696956aa285ead38787058019.jpg","brizy_post_uid":["9be1c736802318713b19dfcea16bf880","5c4c2fe80e24f8622762bac90259db7e","c0282ee2214458f75df994ec1c4812cf","5b4cd7c710be89d80008f661b59a849d"]}},{"id":1258,"url":"https:\/\/sloengeldage.dk\/wp-content\/uploads\/Sloengeldage-24-web-Fotograf-Per-Bille-20240525DSC07836.jpg","name":"Sloengeldage-24-web-Fotograf-Per-Bille-20240525DSC07836.jpg","meta":{"brizy_attachment_uid":"wp-4341e5efdeee99ae03bdd32cc939a54f.jpg","brizy_post_uid":["9be1c736802318713b19dfcea16bf880","5c4c2fe80e24f8622762bac90259db7e","4b87d37b0f84c6ddfc2e1e5790590d11"]}},{"id":1422,"url":"https:\/\/sloengeldage.dk\/wp-content\/uploads\/sSloengeldage-web-230513-DSC06234.webp","name":"sSloengeldage-web-230513-DSC06234.webp","meta":{"brizy_attachment_uid":"wp-23fc8cf183c76475a7240c990e40757b.webp","brizy_post_uid":["c0bc46f0eb763ff5fc4850249079d91c","ed9ce3ec8bcc4f9e0040ecf37cfa12b5","5c4c2fe80e24f8622762bac90259db7e"]}},{"id":2235,"url":"https:\/\/sloengeldage.dk\/wp-content\/uploads\/23-17.webp","name":"23-17.webp","meta":{"brizy_attachment_uid":"wp-521970815952543d26441bf4f778bc83.webp","brizy_post_uid":["dcea96e3e28cd6a03924c8ae1b3f640f","5c4c2fe80e24f8622762bac90259db7e"]}},{"id":2236,"url":"https:\/\/sloengeldage.dk\/wp-content\/uploads\/23-16.webp","name":"23-16.webp","meta":{"brizy_attachment_uid":"wp-8bb4be9d3bec952e5e320292e8a564b3.webp","brizy_post_uid":["dcea96e3e28cd6a03924c8ae1b3f640f","5c4c2fe80e24f8622762bac90259db7e"]}},{"id":2384,"url":"https:\/\/sloengeldage.dk\/wp-content\/uploads\/21-12.webp","name":"21-12.webp","meta":{"brizy_attachment_uid":"wp-db278f6ae8b8b9492ade63d62c430b8a.webp","brizy_post_uid":["15e9c4fa431a9ae42154e22b82134bc8","5c4c2fe80e24f8622762bac90259db7e"]}},{"id":2914,"url":"https:\/\/sloengeldage.dk\/wp-content\/uploads\/Tombola.jpg","name":"Tombola.jpg","meta":{"brizy_attachment_uid":"wp-1a7d04cb9e02b0d1bf8644de8a663a1c.jpg","brizy_post_uid":["dab9dd26ac9865dcf3e113c0cdce6cfa","5c4c2fe80e24f8622762bac90259db7e","c0282ee2214458f75df994ec1c4812cf"]}},{"id":2919,"url":"https:\/\/sloengeldage.dk\/wp-content\/uploads\/Moelle.jpg","name":"Moelle.jpg","meta":{"brizy_attachment_uid":"wp-29fc1945e865cee6e3b878f9dd6aa587.jpg","brizy_post_uid":["dab9dd26ac9865dcf3e113c0cdce6cfa","5c4c2fe80e24f8622762bac90259db7e","4b87d37b0f84c6ddfc2e1e5790590d11"]}},{"id":2922,"url":"https:\/\/sloengeldage.dk\/wp-content\/uploads\/torv-bro.jpg","name":"torv-bro.jpg","meta":{"brizy_attachment_uid":"wp-b1225fcc6e3f9e5f7a2b618840b4030e.jpg","brizy_post_uid":["dab9dd26ac9865dcf3e113c0cdce6cfa","5c4c2fe80e24f8622762bac90259db7e","4b87d37b0f84c6ddfc2e1e5790590d11"]}},{"id":2929,"url":"https:\/\/sloengeldage.dk\/wp-content\/uploads\/Skrallebang-Orla.jpg","name":"Skrallebang-Orla.jpg","meta":{"brizy_attachment_uid":"wp-b44064878e4294ac8fd33168f6ca9d0b.jpg","brizy_post_uid":["dab9dd26ac9865dcf3e113c0cdce6cfa","4b87d37b0f84c6ddfc2e1e5790590d11","c0282ee2214458f75df994ec1c4812cf","5c4c2fe80e24f8622762bac90259db7e"]}},{"id":2931,"url":"https:\/\/sloengeldage.dk\/wp-content\/uploads\/Oerepinen.jpg","name":"Oerepinen.jpg","meta":{"brizy_attachment_uid":"wp-781e84090171c1d0c1ad558fa52be131.jpg","brizy_post_uid":["dab9dd26ac9865dcf3e113c0cdce6cfa","5c4c2fe80e24f8622762bac90259db7e","c0282ee2214458f75df994ec1c4812cf"]}},{"id":2940,"url":"https:\/\/sloengeldage.dk\/wp-content\/uploads\/Skrallebang.jpg","name":"Skrallebang.jpg","meta":{"brizy_attachment_uid":"wp-b369af4e8409f26800dae5907da6a770.jpg","brizy_post_uid":["dab9dd26ac9865dcf3e113c0cdce6cfa","5c4c2fe80e24f8622762bac90259db7e"]}},{"id":3724,"url":"https:\/\/sloengeldage.dk\/wp-content\/uploads\/fodbold.jpg","name":"fodbold.jpg","meta":{"brizy_attachment_uid":"wp-a7306fdacdb6f4592f6b5561d209c434.jpg","brizy_post_uid":["c0282ee2214458f75df994ec1c4812cf","5c4c2fe80e24f8622762bac90259db7e"]}},{"id":3806,"url":"https:\/\/sloengeldage.dk\/wp-content\/uploads\/Tombola-lykkehjul-m.-Heidi-scaled.jpg","name":"Tombola-lykkehjul-m.-Heidi.jpg","meta":{"brizy_attachment_uid":"wp-b043d22d41d42b9b0e70e7cf25cece8f.jpg","brizy_post_uid":["c0282ee2214458f75df994ec1c4812cf","5c4c2fe80e24f8622762bac90259db7e"]}},{"id":3826,"url":"https:\/\/sloengeldage.dk\/wp-content\/uploads\/Hodjas-Boghule.jpg","name":"Hodjas-Boghule.jpg","meta":{"brizy_attachment_uid":"wp-5ec87e76458e8abd55eac3870b1837ce.jpg","brizy_post_uid":["9b5f29d05a2c519c2e0b5d9eee63fd66","583c923eed38b04f44000e2ff3593cd9","5c4c2fe80e24f8622762bac90259db7e"]}},{"id":3892,"url":"https:\/\/sloengeldage.dk\/wp-content\/uploads\/Basseralle-front.jpg","name":"Basseralle-front.jpg","meta":{"brizy_attachment_uid":"wp-155931c0f9c5a1e2ce9da1e74d7f5303.jpg","brizy_post_uid":["5c4c2fe80e24f8622762bac90259db7e"]}},{"id":4507,"url":"https:\/\/sloengeldage.dk\/wp-content\/uploads\/Kulturtorvet-Fc-Skanderborg.jpg","name":"Kulturtorvet-Fc-Skanderborg.jpg","meta":{"brizy_attachment_uid":"wp-d03500a8a3f93c0c9d25e5f92839c841.jpg","brizy_post_uid":["5c4c2fe80e24f8622762bac90259db7e","c0282ee2214458f75df994ec1c4812cf"]}},{"id":4762,"url":"https:\/\/sloengeldage.dk\/wp-content\/uploads\/Basseralle-tre-paa-stribe-BRUG-denne.jpg","name":"Basseralle-tre-paa-stribe-BRUG-denne.jpg","meta":{"brizy_attachment_uid":"wp-ce0973c8f754727dadb63c8ad9f3f368.jpg","brizy_post_uid":["5c4c2fe80e24f8622762bac90259db7e","c0282ee2214458f75df994ec1c4812cf"]}}],"_links":{"self":[{"href":"https:\/\/sloengeldage.dk\/index.php\/wp-json\/wp\/v2\/pages\/3953","targetHints":{"allow":["GET"]}}],"collection":[{"href":"https:\/\/sloengeldage.dk\/index.php\/wp-json\/wp\/v2\/pages"}],"about":[{"href":"https:\/\/sloengeldage.dk\/index.php\/wp-json\/wp\/v2\/types\/page"}],"author":[{"embeddable":true,"href":"https:\/\/sloengeldage.dk\/index.php\/wp-json\/wp\/v2\/users\/1"}],"replies":[{"embeddable":true,"href":"https:\/\/sloengeldage.dk\/index.php\/wp-json\/wp\/v2\/comments?post=3953"}],"version-history":[{"count":4,"href":"https:\/\/sloengeldage.dk\/index.php\/wp-json\/wp\/v2\/pages\/3953\/revisions"}],"predecessor-version":[{"id":5672,"href":"https:\/\/sloengeldage.dk\/index.php\/wp-json\/wp\/v2\/pages\/3953\/revisions\/5672"}],"wp:attachment":[{"href":"https:\/\/sloengeldage.dk\/index.php\/wp-json\/wp\/v2\/media?parent=3953"}],"wp:term":[{"taxonomy":"folder","embeddable":true,"href":"https:\/\/sloengeldage.dk\/index.php\/wp-json\/wp\/v2\/folder?post=3953"}],"curies":[{"name":"wp","href":"https:\/\/api.w.org\/{rel}","templated":true}]}}