{"id":3943,"date":"2026-03-04T07:55:59","date_gmt":"2026-03-04T07:55:59","guid":{"rendered":"https:\/\/sloengeldage.dk\/index.php\/lykkehjulet-mobil-2\/"},"modified":"2026-05-07T05:44:18","modified_gmt":"2026-05-07T05:44:18","slug":"lykkehjulet-mobil-2","status":"publish","type":"page","link":"https:\/\/sloengeldage.dk\/index.php\/lykkehjulet-mobil-2\/","title":{"rendered":"Lykkehjulet Mobil"},"content":{"rendered":"<div class=\"brz brz-root__container brz-reset-all brz-root__container-page\">\n<section id=\"oSpZEHJKPJt3_oSpZEHJKPJt3\" class=\"brz-section brz-css-d-section brz-css-1advs3r\">\n<div class=\"brz-section__content brz-section--boxed brz-css-d-sectionitem-bg brz-css-p3rgwi\" data-brz-custom-id=\"zAoPPXTvS0TO\">\n<div class=\"brz-container brz-css-d-sectionitem-container brz-css-86n9bt\">\n<div class=\"brz-row__container brz-css-d-row-row brz-css-1k3osxk\" data-brz-custom-id=\"u1I4_3KEOJnZ\">\n<div class=\"brz-row brz-css-d-row-container brz-css-r-row-container brz-css-1nh7ks7\">\n<div class=\"brz-columns brz-css-d-column-column brz-css-18iyf75\" data-brz-custom-id=\"bieSd8_BeZDD\">\n<div class=\"brz-column__items brz-css-d-column-bg brz-css-ejv5nj\">\n<div id=\"\" class=\"brz-css-d-wrapper brz-css-p04ilj brz-wrapper\">\n<div class=\"brz-image brz-css-d-image-rbupiujvb7vz-parent brz-css-emcecn\" data-brz-custom-id=\"rBupIUjvb7Vz\"><a class=\"brz-a\" target=\"_self\" rel=\"noopener\" href=\"https:\/\/sloengeldage.dk\/index.php\/mobilforside\/\" data-brz-link-type=\"page\"><img decoding=\"async\" class=\"brz-img\" src=\"https:\/\/sloengeldage.dk\/wp-content\/uploads\/cropped-Gummi-Tarzan-2_512x512-1.png\" loading=\"lazy\" alt=\"\" title=\"cropped-Gummi-Tarzan-2_512x512-1.png\"><\/a><\/div>\n<\/div>\n<\/div>\n<\/div>\n<div class=\"brz-columns brz-css-d-column-column brz-css-mv26jg\" data-brz-custom-id=\"ioaiQf68S32p\">\n<div class=\"brz-column__items brz-css-d-column-bg brz-css-qctfu9\">\n<div id=\"\" class=\"brz-css-d-wrapper brz-css-cm83z9 brz-wrapper\">\n<div class=\"brz-image brz-css-d-image-dgxg2yudzvwh-parent brz-css-c648fg\" data-brz-custom-id=\"dGXg2yUDZVWh\"><a class=\"brz-a\" target=\"_self\" rel=\"noopener\" href=\"https:\/\/sloengeldage.dk\/index.php\/mobilforside\/\" data-brz-link-type=\"page\"><img decoding=\"async\" class=\"brz-img\" src=\"https:\/\/sloengeldage.dk\/wp-content\/uploads\/sloengeldage_nyt_logo.png\" loading=\"lazy\" alt=\"\" title=\"sloengeldage_nyt_logo\"><\/a><\/div>\n<\/div>\n<\/div>\n<\/div>\n<\/div>\n<\/div>\n<div class=\"brz-row__container brz-css-d-row-row brz-css-rhfa8q\" data-brz-custom-id=\"ma6ZXD_Cteis\">\n<div class=\"brz-row brz-css-d-row-container brz-css-r-row-container brz-css-cbgkjj\">\n<div class=\"brz-columns brz-css-d-column-column brz-css-1k9pzz9\" data-brz-custom-id=\"abrLC1QdSIyZ\">\n<div class=\"brz-column__items brz-css-d-column-bg brz-css-1dmj95h\">\n<div class=\"brz-wrapper-clone brz-flex-xs-wrap brz-css-d-cloneable brz-css-8wh6ng\" data-brz-custom-id=\"kqFgc5YYIAJC\">\n<div class=\"brz-icon__container\" data-brz-custom-id=\"yNMWgEJ2ICny\"><a class=\"brz-a\" target=\"_self\" rel=\"noopener\" href=\"history.go(-1)\" data-brz-link-type=\"external\"><span class=\"brz-icon brz-span brz-css-d-icon-icon brz-css-jglhdv\" data-brz-tooltip-wrapper-id=\"yNMWgEJ2ICny\"><\/span><\/a><\/div>\n<p><span class=\"brz-tooltip brz-css-d-icon-tooltip brz-css-1p865gr\" data-brz-tooltip-offset=\"10\" data-brz-tooltip-trigger=\"hover\" data-brz-tooltip-placement=\"top\" data-brz-element-id=\"yNMWgEJ2ICny\">Tilbage<span class=\"brz-tooltip--arrow\"><\/span><\/span><\/div>\n<\/div>\n<\/div>\n<div class=\"brz-columns brz-css-d-column-column brz-css-1qrxch9\" data-brz-custom-id=\"k0qol37_7atV\">\n<div class=\"brz-column__items brz-css-d-column-bg brz-css-1usw5bi\">\n<div class=\"brz-wrapper-clone brz-flex-xs-wrap brz-css-d-cloneable brz-css-1x2u384\" data-brz-custom-id=\"q4M97agAtaEU\">\n<div class=\"brz-icon__container\" data-brz-custom-id=\"eNLJTn1tqX9j\"><a class=\"brz-a\" target=\"_self\" rel=\"noopener\" href=\"https:\/\/sloengeldage.dk\/index.php\/mobilforside\/\" data-brz-link-type=\"page\"><span class=\"brz-icon brz-span brz-css-d-icon-icon brz-css-f2ke0l\" data-brz-tooltip-wrapper-id=\"eNLJTn1tqX9j\"><\/span><\/a><\/div>\n<p><span class=\"brz-tooltip brz-css-d-icon-tooltip brz-css-jkcykj\" data-brz-tooltip-offset=\"10\" data-brz-tooltip-trigger=\"hover\" data-brz-tooltip-placement=\"top\" data-brz-element-id=\"eNLJTn1tqX9j\">Forside<span class=\"brz-tooltip--arrow\"><\/span><\/span><\/div>\n<\/div>\n<\/div>\n<div class=\"brz-columns brz-css-d-column-column brz-css-1jrlmhd\" data-brz-custom-id=\"vlffXa10I5vT\">\n<div class=\"brz-column__items brz-css-d-column-bg brz-css-1roxjr\">\n<div id=\"\" class=\"brz-css-d-wrapper brz-css-1p49zpz brz-wrapper\">\n<div class=\"brz-rich-text brz-rich-text__custom brz-css-d-richtext brz-css-vohzoe\" data-brz-custom-id=\"dpyw1dHbWkG5\">\n<div data-brz-translate-text=\"1\">\n<p data-uniq-id=\"jHlMU\" data-generated-css=\"brz-css-slCbq\" class=\"brz-tp-lg-empty brz-ff-y0gaF530ilv7 brz-ft-upload brz-fs-lg-30 brz-fss-lg-px brz-fw-lg-700 brz-ls-lg-1_5 brz-lh-lg-1_3 brz-vfw-lg-400 brz-fwdth-lg-100 brz-fsft-lg-0 brz-text-lg-center brz-tp-xs-heading4 brz-css-xGBcu\"><a class=\"link--page brz-cp-color3\" href=\"https:\/\/sloengeldage.dk\/index.php\/program-kulturhuset-mobil\/\" data-brz-link-type=\"page\">Kultur-huset<\/a><\/p>\n<\/div>\n<\/div>\n<\/div>\n<\/div>\n<\/div>\n<div class=\"brz-columns brz-css-d-column-column brz-css-5287hx\" data-brz-custom-id=\"fo3RIvxvq1C3\">\n<div class=\"brz-column__items brz-css-d-column-bg brz-css-1kigd8\">\n<div id=\"\" class=\"brz-css-d-wrapper brz-css-1wppu94 brz-wrapper\">\n<div class=\"brz-rich-text brz-rich-text__custom brz-css-d-richtext brz-css-nz0yt1\" data-brz-custom-id=\"ynV7t4v6NKQO\">\n<div data-brz-translate-text=\"1\">\n<p class=\"brz-fsft-lg-0 brz-fwdth-lg-100 brz-vfw-lg-400 brz-lh-lg-1_3 brz-ls-lg-1_5 brz-fw-lg-700 brz-fss-lg-px brz-fs-lg-30 brz-ft-upload brz-ff-y0gaF530ilv7 brz-tp-lg-empty brz-text-lg-center brz-tp-xs-heading4 brz-css-vIMjN\" data-generated-css=\"brz-css-q_ItY\" data-uniq-id=\"qCoJa\"><a class=\"link--page brz-cp-color3\" href=\"https:\/\/sloengeldage.dk\/index.php\/program-byparken-mobil\/\" data-brz-link-type=\"page\">By-parken<\/a><\/p>\n<\/div>\n<\/div>\n<\/div>\n<\/div>\n<\/div>\n<div class=\"brz-columns brz-css-d-column-column brz-css-dioxf4\" data-brz-custom-id=\"jx3oN64Lk14R\">\n<div class=\"brz-column__items brz-css-d-column-bg brz-css-ofwmae\">\n<div id=\"\" class=\"brz-css-d-wrapper brz-css-10fquri brz-wrapper\">\n<div class=\"brz-rich-text brz-rich-text__custom brz-css-d-richtext brz-css-tyvf44\" data-brz-custom-id=\"bn1k6TWa_wQT\">\n<div data-brz-translate-text=\"1\">\n<p class=\"brz-fsft-lg-0 brz-fwdth-lg-100 brz-vfw-lg-400 brz-lh-lg-1_3 brz-ls-lg-1_5 brz-fw-lg-700 brz-fss-lg-px brz-fs-lg-30 brz-ft-upload brz-ff-y0gaF530ilv7 brz-tp-lg-empty brz-text-lg-center brz-tp-xs-heading4 brz-css-mFHh8\" data-generated-css=\"brz-css-gu8_M\" data-uniq-id=\"jPlWQ\"><a class=\"link--page brz-cp-color3\" href=\"https:\/\/sloengeldage.dk\/index.php\/program-kulturtorv-mobil\/\" data-brz-link-type=\"page\">Kultur-torvet<\/a><\/p>\n<\/div>\n<\/div>\n<\/div>\n<\/div>\n<\/div>\n<\/div>\n<\/div>\n<\/div>\n<\/div>\n<\/section>\n<section id=\"eNkyTYqdaudU_eNkyTYqdaudU\" class=\"brz-section brz-css-d-section brz-css-c2z76o\">\n<div class=\"brz-section__content brz-section--boxed brz-css-d-sectionitem-bg brz-css-qdrcun\" data-brz-custom-id=\"auJqmmN9ah_0\">\n<div class=\"brz-bg\">\n<div class=\"brz-bg-color\"><\/div>\n<\/div>\n<div class=\"brz-container brz-css-d-sectionitem-container brz-css-qgc83m\">\n<div class=\"brz-row__container brz-css-d-row-row brz-css-ly8fgw\" data-brz-custom-id=\"jBrZpDOxpeSb\">\n<div class=\"brz-row brz-css-d-row-container brz-css-r-row-container brz-css-1qbnvuj\">\n<div class=\"brz-columns brz-css-d-column-column brz-css-r11c8w\" data-brz-custom-id=\"kWmuPCMbLS1Q\">\n<div class=\"brz-column__items brz-css-d-column-bg brz-css-19y9ga6\">\n<div id=\"\" class=\"brz-css-d-wrapper brz-css-c9mcsz brz-wrapper\">\n<div class=\"brz-rich-text brz-rich-text__custom brz-css-d-richtext brz-css-pby06c\" data-brz-custom-id=\"up97tZpBXQ_D\">\n<div data-brz-translate-text=\"1\">\n<h1 class=\"brz-tp-lg-heading1 brz-text-lg-justify brz-fs-lg-40 brz-ft-google brz-ff-roboto ql-align-center brz-fss-lg-px brz-fw-lg-700 brz-ls-lg-m_1_5 brz-lh-lg-1_3 brz-vfw-lg-400 brz-fwdth-lg-100 brz-fsft-lg-0 brz-text-xs-center brz-css-xcg_L\" data-generated-css=\"brz-css-moY8r\" data-uniq-id=\"r4cT4\"><span class=\"brz-cp-color5\" style=\"background-color: transparent\">Lykkehjulet med fede pr\u00e6mier<\/span><\/h1>\n<\/div>\n<\/div>\n<\/div>\n<div id=\"\" class=\"brz-css-d-wrapper brz-css-1sadizh brz-wrapper\">\n<div class=\"brz-rich-text brz-rich-text__custom brz-css-d-richtext brz-css-18cjns7\" data-brz-custom-id=\"h7btI3eTAzOF\">\n<div data-brz-translate-text=\"1\">\n<p class=\"brz-fsft-lg-0 brz-fwdth-lg-100 brz-vfw-lg-400 brz-lh-lg-1_7 brz-ls-lg-0 brz-fw-lg-400 brz-fss-lg-px brz-fs-lg-20 brz-ft-google brz-ff-roboto brz-tp-lg-empty brz-css-r1deB\" data-generated-css=\"brz-css-iQtI2\" data-uniq-id=\"p6ef6\"><span class=\"brz-cp-color1 brz-span\" style=\"background-color: transparent\"> <\/span><span class=\"brz-cp-color3 brz-span\"><strong>Kl. 10.30-16.00, <\/strong><\/span><span class=\"brz-cp-color3 brz-span\" style=\"background-color: transparent\"><strong>Kulturtorvet<\/strong><\/span><\/p>\n<p class=\"brz-fsft-lg-0 brz-fwdth-lg-100 brz-vfw-lg-400 brz-lh-lg-1_7 brz-ls-lg-0 brz-fw-lg-400 brz-fss-lg-px brz-fs-lg-20 brz-ft-google brz-ff-roboto brz-tp-lg-paragraph brz-css-zULm4\" data-generated-css=\"brz-css-p1cI1\" data-uniq-id=\"qvwtn\"><span class=\"brz-cp-color1\" style=\"background-color: transparent\">Pr\u00f8v lykken! M\u00e5ske er du den heldige vinder af fede bogpr\u00e6mier eller andet sjovt. <\/span><\/p>\n<p class=\"brz-fsft-lg-0 brz-fwdth-lg-100 brz-vfw-lg-400 brz-lh-lg-1_7 brz-ls-lg-0 brz-fw-lg-400 brz-fss-lg-px brz-fs-lg-20 brz-ft-google brz-ff-roboto brz-tp-lg-paragraph brz-css-oZ7Gi\" data-generated-css=\"brz-css-p1cI1\" data-uniq-id=\"qvwtn\"><span class=\"brz-cp-color1\" style=\"background-color: transparent\">I \u00e5r gemmer lykkehjulet p\u00e5 hundredvis af sm\u00e5, fantastiske bogpr\u00e6mier. <\/span><\/p>\n<\/div>\n<\/div>\n<\/div>\n<div id=\"\" class=\"brz-css-d-wrapper brz-css-1ew5fmr brz-wrapper\">\n<div class=\"brz-image brz-css-d-image-bzrwq6_1d_gg-parent brz-css-1xul3bd\" data-brz-custom-id=\"bZRwq6_1D_gg\"><img decoding=\"async\" class=\"brz-img\" src=\"https:\/\/sloengeldage.dk\/wp-content\/uploads\/Tombola-lykkehjul-m.-Heidi-scaled.jpg\" loading=\"lazy\" alt=\"\" title=\"Tombola, lykkehjul m. Heidi\"><\/div>\n<\/div>\n<\/div>\n<\/div>\n<\/div>\n<\/div>\n<\/div>\n<\/div>\n<\/section>\n<section id=\"lLlRg6FGn_R8_lLlRg6FGn_R8\" class=\"brz-section brz-css-d-section brz-css-u3ie39\">\n<div class=\"brz-section__content brz-section--boxed brz-css-d-sectionitem-bg brz-css-1j2u5rx\" data-brz-custom-id=\"hujX0NZ2tWbL\">\n<div class=\"brz-bg\">\n<div class=\"brz-bg-color\"><\/div>\n<\/div>\n<div class=\"brz-container brz-css-d-sectionitem-container brz-css-mpfrh4\">\n<div class=\"brz-row__container brz-css-d-row-row brz-css-17erqm2\" data-brz-custom-id=\"gTDrcMP6dljD\">\n<div class=\"brz-row brz-css-d-row-container brz-css-r-row-container brz-css-378bvt\">\n<div class=\"brz-columns brz-css-d-column-column brz-css-86ka3u\" data-brz-custom-id=\"djwreTHgV6JE\">\n<div class=\"brz-column__items brz-css-d-column-bg brz-css-1vb58yg\">\n<div id=\"\" class=\"brz-css-d-wrapper brz-css-1nmsfh2 brz-wrapper\">\n<div class=\"brz-rich-text brz-rich-text__custom brz-css-d-richtext brz-css-1w5ns2m\" data-brz-custom-id=\"ruRmRupbNDyg\">\n<div data-brz-translate-text=\"1\">\n<p class=\"brz-tp-lg-paragraph brz-text-lg-center brz-css-tXCo5\" data-uniq-id=\"ojPnU\" data-generated-css=\"brz-css-v_9Gl\"><a class=\"link--page brz-cp-color1 brz-bgp-color8\" href=\"https:\/\/sloengeldage.dk\/index.php\/kontakt\/\" data-brz-link-type=\"page\">Kontakt Di Heslige Sl\u00f8nglers Klup<\/a><\/p>\n<\/div>\n<\/div>\n<\/div>\n<\/div>\n<\/div>\n<div class=\"brz-columns brz-css-d-column-column brz-css-1dbc9i0\" data-brz-custom-id=\"rQCKZMvx5mYi\">\n<div class=\"brz-column__items brz-css-d-column-bg brz-css-1qreq6i\">\n<div id=\"\" class=\"brz-css-d-wrapper brz-css-3b4t44 brz-wrapper\">\n<div class=\"brz-rich-text brz-rich-text__custom brz-css-d-richtext brz-css-14jy457\" data-brz-custom-id=\"jpNJ4TPSQ31i\">\n<div data-brz-translate-text=\"1\">\n<p class=\"brz-tp-lg-paragraph brz-text-lg-center brz-css-ksQxW\" data-uniq-id=\"zIrET\" data-generated-css=\"brz-css-mSOvL\"><a class=\"link--page brz-cp-color1 brz-bgp-color8\" href=\"https:\/\/sloengeldage.dk\/index.php\/privatslivserklaering\/\" data-brz-link-type=\"page\">Privatlivserkl\u00e6ring<\/a><\/p>\n<\/div>\n<\/div>\n<\/div>\n<\/div>\n<\/div>\n<\/div>\n<\/div>\n<\/div>\n<\/div>\n<\/section><\/div>\n<p><!-- version:1775554825 --><\/p>\n","protected":false},"excerpt":{"rendered":"<p>Tilbage Forside Kultur-huset By-parken Kultur-torvet Lykkehjulet med fede pr\u00e6mier Kl. 10.30-16.00, Kulturtorvet Pr\u00f8v lykken! M\u00e5ske er du den heldige vinder af fede bogpr\u00e6mier eller andet sjovt. I \u00e5r gemmer lykkehjulet p\u00e5 hundredvis af sm\u00e5, fantastiske bogpr\u00e6mier. Kontakt Di Heslige Sl\u00f8nglers Klup Privatlivserkl\u00e6ring<\/p>\n","protected":false},"author":1,"featured_media":0,"parent":0,"menu_order":0,"comment_status":"closed","ping_status":"closed","template":"brizy-blank-template.php","meta":{"footnotes":""},"folder":[117],"class_list":["post-3943","page","type-page","status-publish","hentry","entry"],"brizy_media":[{"id":1240,"url":"https:\/\/sloengeldage.dk\/wp-content\/uploads\/Sloengeldage-24-web-Fotograf-Per-Bille-20240525DSC01391.jpg","name":"Sloengeldage-24-web-Fotograf-Per-Bille-20240525DSC01391.jpg","meta":{"brizy_attachment_uid":"wp-d044353696956aa285ead38787058019.jpg","brizy_post_uid":["9be1c736802318713b19dfcea16bf880","5c4c2fe80e24f8622762bac90259db7e","c0282ee2214458f75df994ec1c4812cf","5b4cd7c710be89d80008f661b59a849d"]}},{"id":1258,"url":"https:\/\/sloengeldage.dk\/wp-content\/uploads\/Sloengeldage-24-web-Fotograf-Per-Bille-20240525DSC07836.jpg","name":"Sloengeldage-24-web-Fotograf-Per-Bille-20240525DSC07836.jpg","meta":{"brizy_attachment_uid":"wp-4341e5efdeee99ae03bdd32cc939a54f.jpg","brizy_post_uid":["9be1c736802318713b19dfcea16bf880","5c4c2fe80e24f8622762bac90259db7e","4b87d37b0f84c6ddfc2e1e5790590d11"]}},{"id":1422,"url":"https:\/\/sloengeldage.dk\/wp-content\/uploads\/sSloengeldage-web-230513-DSC06234.webp","name":"sSloengeldage-web-230513-DSC06234.webp","meta":{"brizy_attachment_uid":"wp-23fc8cf183c76475a7240c990e40757b.webp","brizy_post_uid":["c0bc46f0eb763ff5fc4850249079d91c","ed9ce3ec8bcc4f9e0040ecf37cfa12b5","5c4c2fe80e24f8622762bac90259db7e"]}},{"id":2235,"url":"https:\/\/sloengeldage.dk\/wp-content\/uploads\/23-17.webp","name":"23-17.webp","meta":{"brizy_attachment_uid":"wp-521970815952543d26441bf4f778bc83.webp","brizy_post_uid":["dcea96e3e28cd6a03924c8ae1b3f640f","5c4c2fe80e24f8622762bac90259db7e"]}},{"id":2236,"url":"https:\/\/sloengeldage.dk\/wp-content\/uploads\/23-16.webp","name":"23-16.webp","meta":{"brizy_attachment_uid":"wp-8bb4be9d3bec952e5e320292e8a564b3.webp","brizy_post_uid":["dcea96e3e28cd6a03924c8ae1b3f640f","5c4c2fe80e24f8622762bac90259db7e"]}},{"id":2384,"url":"https:\/\/sloengeldage.dk\/wp-content\/uploads\/21-12.webp","name":"21-12.webp","meta":{"brizy_attachment_uid":"wp-db278f6ae8b8b9492ade63d62c430b8a.webp","brizy_post_uid":["15e9c4fa431a9ae42154e22b82134bc8","5c4c2fe80e24f8622762bac90259db7e"]}},{"id":2914,"url":"https:\/\/sloengeldage.dk\/wp-content\/uploads\/Tombola.jpg","name":"Tombola.jpg","meta":{"brizy_attachment_uid":"wp-1a7d04cb9e02b0d1bf8644de8a663a1c.jpg","brizy_post_uid":["dab9dd26ac9865dcf3e113c0cdce6cfa","5c4c2fe80e24f8622762bac90259db7e","c0282ee2214458f75df994ec1c4812cf"]}},{"id":2919,"url":"https:\/\/sloengeldage.dk\/wp-content\/uploads\/Moelle.jpg","name":"Moelle.jpg","meta":{"brizy_attachment_uid":"wp-29fc1945e865cee6e3b878f9dd6aa587.jpg","brizy_post_uid":["dab9dd26ac9865dcf3e113c0cdce6cfa","5c4c2fe80e24f8622762bac90259db7e","4b87d37b0f84c6ddfc2e1e5790590d11"]}},{"id":2922,"url":"https:\/\/sloengeldage.dk\/wp-content\/uploads\/torv-bro.jpg","name":"torv-bro.jpg","meta":{"brizy_attachment_uid":"wp-b1225fcc6e3f9e5f7a2b618840b4030e.jpg","brizy_post_uid":["dab9dd26ac9865dcf3e113c0cdce6cfa","5c4c2fe80e24f8622762bac90259db7e","4b87d37b0f84c6ddfc2e1e5790590d11"]}},{"id":2929,"url":"https:\/\/sloengeldage.dk\/wp-content\/uploads\/Skrallebang-Orla.jpg","name":"Skrallebang-Orla.jpg","meta":{"brizy_attachment_uid":"wp-b44064878e4294ac8fd33168f6ca9d0b.jpg","brizy_post_uid":["dab9dd26ac9865dcf3e113c0cdce6cfa","4b87d37b0f84c6ddfc2e1e5790590d11","c0282ee2214458f75df994ec1c4812cf","5c4c2fe80e24f8622762bac90259db7e"]}},{"id":2931,"url":"https:\/\/sloengeldage.dk\/wp-content\/uploads\/Oerepinen.jpg","name":"Oerepinen.jpg","meta":{"brizy_attachment_uid":"wp-781e84090171c1d0c1ad558fa52be131.jpg","brizy_post_uid":["dab9dd26ac9865dcf3e113c0cdce6cfa","5c4c2fe80e24f8622762bac90259db7e","c0282ee2214458f75df994ec1c4812cf"]}},{"id":2940,"url":"https:\/\/sloengeldage.dk\/wp-content\/uploads\/Skrallebang.jpg","name":"Skrallebang.jpg","meta":{"brizy_attachment_uid":"wp-b369af4e8409f26800dae5907da6a770.jpg","brizy_post_uid":["dab9dd26ac9865dcf3e113c0cdce6cfa","5c4c2fe80e24f8622762bac90259db7e"]}},{"id":3724,"url":"https:\/\/sloengeldage.dk\/wp-content\/uploads\/fodbold.jpg","name":"fodbold.jpg","meta":{"brizy_attachment_uid":"wp-a7306fdacdb6f4592f6b5561d209c434.jpg","brizy_post_uid":["c0282ee2214458f75df994ec1c4812cf","5c4c2fe80e24f8622762bac90259db7e"]}},{"id":3806,"url":"https:\/\/sloengeldage.dk\/wp-content\/uploads\/Tombola-lykkehjul-m.-Heidi-scaled.jpg","name":"Tombola-lykkehjul-m.-Heidi.jpg","meta":{"brizy_attachment_uid":"wp-b043d22d41d42b9b0e70e7cf25cece8f.jpg","brizy_post_uid":["c0282ee2214458f75df994ec1c4812cf","5c4c2fe80e24f8622762bac90259db7e"]}},{"id":3826,"url":"https:\/\/sloengeldage.dk\/wp-content\/uploads\/Hodjas-Boghule.jpg","name":"Hodjas-Boghule.jpg","meta":{"brizy_attachment_uid":"wp-5ec87e76458e8abd55eac3870b1837ce.jpg","brizy_post_uid":["9b5f29d05a2c519c2e0b5d9eee63fd66","583c923eed38b04f44000e2ff3593cd9","5c4c2fe80e24f8622762bac90259db7e"]}},{"id":3892,"url":"https:\/\/sloengeldage.dk\/wp-content\/uploads\/Basseralle-front.jpg","name":"Basseralle-front.jpg","meta":{"brizy_attachment_uid":"wp-155931c0f9c5a1e2ce9da1e74d7f5303.jpg","brizy_post_uid":["5c4c2fe80e24f8622762bac90259db7e"]}},{"id":4507,"url":"https:\/\/sloengeldage.dk\/wp-content\/uploads\/Kulturtorvet-Fc-Skanderborg.jpg","name":"Kulturtorvet-Fc-Skanderborg.jpg","meta":{"brizy_attachment_uid":"wp-d03500a8a3f93c0c9d25e5f92839c841.jpg","brizy_post_uid":["5c4c2fe80e24f8622762bac90259db7e","c0282ee2214458f75df994ec1c4812cf"]}},{"id":4762,"url":"https:\/\/sloengeldage.dk\/wp-content\/uploads\/Basseralle-tre-paa-stribe-BRUG-denne.jpg","name":"Basseralle-tre-paa-stribe-BRUG-denne.jpg","meta":{"brizy_attachment_uid":"wp-ce0973c8f754727dadb63c8ad9f3f368.jpg","brizy_post_uid":["5c4c2fe80e24f8622762bac90259db7e","c0282ee2214458f75df994ec1c4812cf"]}}],"_links":{"self":[{"href":"https:\/\/sloengeldage.dk\/index.php\/wp-json\/wp\/v2\/pages\/3943","targetHints":{"allow":["GET"]}}],"collection":[{"href":"https:\/\/sloengeldage.dk\/index.php\/wp-json\/wp\/v2\/pages"}],"about":[{"href":"https:\/\/sloengeldage.dk\/index.php\/wp-json\/wp\/v2\/types\/page"}],"author":[{"embeddable":true,"href":"https:\/\/sloengeldage.dk\/index.php\/wp-json\/wp\/v2\/users\/1"}],"replies":[{"embeddable":true,"href":"https:\/\/sloengeldage.dk\/index.php\/wp-json\/wp\/v2\/comments?post=3943"}],"version-history":[{"count":6,"href":"https:\/\/sloengeldage.dk\/index.php\/wp-json\/wp\/v2\/pages\/3943\/revisions"}],"predecessor-version":[{"id":5670,"href":"https:\/\/sloengeldage.dk\/index.php\/wp-json\/wp\/v2\/pages\/3943\/revisions\/5670"}],"wp:attachment":[{"href":"https:\/\/sloengeldage.dk\/index.php\/wp-json\/wp\/v2\/media?parent=3943"}],"wp:term":[{"taxonomy":"folder","embeddable":true,"href":"https:\/\/sloengeldage.dk\/index.php\/wp-json\/wp\/v2\/folder?post=3943"}],"curies":[{"name":"wp","href":"https:\/\/api.w.org\/{rel}","templated":true}]}}