{"id":3888,"date":"2026-03-03T16:01:22","date_gmt":"2026-03-03T16:01:22","guid":{"rendered":"https:\/\/sloengeldage.dk\/index.php\/basseralle-mobil\/"},"modified":"2026-05-07T05:41:03","modified_gmt":"2026-05-07T05:41:03","slug":"basseralle-mobil","status":"publish","type":"page","link":"https:\/\/sloengeldage.dk\/index.php\/basseralle-mobil\/","title":{"rendered":"Basseralle Mobil"},"content":{"rendered":"<div class=\"brz brz-root__container brz-reset-all brz-root__container-page\">\n<section id=\"iu2smvmUO0dn_iu2smvmUO0dn\" class=\"brz-section brz-css-d-section brz-css-1n9saqc\">\n<div class=\"brz-section__content brz-section--boxed brz-css-d-sectionitem-bg brz-css-avqic8\" data-brz-custom-id=\"rdQiigBbj3Le\">\n<div class=\"brz-container brz-css-d-sectionitem-container brz-css-11s4iyu\">\n<div class=\"brz-row__container brz-css-d-row-row brz-css-vf39jg\" data-brz-custom-id=\"qOFdAgDELhzj\">\n<div class=\"brz-row brz-css-d-row-container brz-css-r-row-container brz-css-1f8u31j\">\n<div class=\"brz-columns brz-css-d-column-column brz-css-n712n2\" data-brz-custom-id=\"ubkWLZiBtGSm\">\n<div class=\"brz-column__items brz-css-d-column-bg brz-css-yrghh0\">\n<div id=\"\" class=\"brz-css-d-wrapper brz-css-5qjgce brz-wrapper\">\n<div class=\"brz-image brz-css-d-image-q4eke7heeehj-parent brz-css-1cv46gn\" data-brz-custom-id=\"q4Eke7heeEhj\"><a class=\"brz-a\" target=\"_self\" rel=\"noopener\" href=\"https:\/\/sloengeldage.dk\/index.php\/mobilforside\/\" data-brz-link-type=\"page\"><img decoding=\"async\" class=\"brz-img\" src=\"https:\/\/sloengeldage.dk\/wp-content\/uploads\/cropped-Gummi-Tarzan-2_512x512-1.png\" loading=\"lazy\" alt=\"\" title=\"cropped-Gummi-Tarzan-2_512x512-1.png\"><\/a><\/div>\n<\/div>\n<\/div>\n<\/div>\n<div class=\"brz-columns brz-css-d-column-column brz-css-13y9axg\" data-brz-custom-id=\"j60jqUmoDX99\">\n<div class=\"brz-column__items brz-css-d-column-bg brz-css-13cy7wl\">\n<div id=\"\" class=\"brz-css-d-wrapper brz-css-1u2umo2 brz-wrapper\">\n<div class=\"brz-image brz-css-d-image-ywk8ljqroaqo-parent brz-css-qctuj8\" data-brz-custom-id=\"ywk8lJQroaQO\"><a class=\"brz-a\" target=\"_self\" rel=\"noopener\" href=\"https:\/\/sloengeldage.dk\/index.php\/mobilforside\/\" data-brz-link-type=\"page\"><img decoding=\"async\" class=\"brz-img\" src=\"https:\/\/sloengeldage.dk\/wp-content\/uploads\/sloengeldage_nyt_logo.png\" loading=\"lazy\" alt=\"\" title=\"sloengeldage_nyt_logo\"><\/a><\/div>\n<\/div>\n<\/div>\n<\/div>\n<\/div>\n<\/div>\n<div class=\"brz-row__container brz-css-d-row-row brz-css-1f5r6ab\" data-brz-custom-id=\"xo1vXe_8hgOW\">\n<div class=\"brz-row brz-css-d-row-container brz-css-r-row-container brz-css-azur7s\">\n<div class=\"brz-columns brz-css-d-column-column brz-css-1bbi4io\" data-brz-custom-id=\"cN38WKVhZfeW\">\n<div class=\"brz-column__items brz-css-d-column-bg brz-css-10a01q9\">\n<div class=\"brz-wrapper-clone brz-flex-xs-wrap brz-css-d-cloneable brz-css-1arig2a\" data-brz-custom-id=\"zvyt621f_798\">\n<div class=\"brz-icon__container\" data-brz-custom-id=\"e9gVW4XIfOzA\"><a class=\"brz-a\" target=\"_self\" rel=\"noopener\" href=\"history.go(-1)\" data-brz-link-type=\"external\"><span class=\"brz-icon brz-span brz-css-d-icon-icon brz-css-1xmg4sp\" data-brz-tooltip-wrapper-id=\"e9gVW4XIfOzA\"><\/span><\/a><\/div>\n<p><span class=\"brz-tooltip brz-css-d-icon-tooltip brz-css-1jvmhml\" data-brz-tooltip-offset=\"10\" data-brz-tooltip-trigger=\"hover\" data-brz-tooltip-placement=\"top\" data-brz-element-id=\"e9gVW4XIfOzA\">Tilbage<span class=\"brz-tooltip--arrow\"><\/span><\/span><\/div>\n<\/div>\n<\/div>\n<div class=\"brz-columns brz-css-d-column-column brz-css-103c2pe\" data-brz-custom-id=\"oI4q1b1zsQ23\">\n<div class=\"brz-column__items brz-css-d-column-bg brz-css-1kkiwom\">\n<div class=\"brz-wrapper-clone brz-flex-xs-wrap brz-css-d-cloneable brz-css-1h5ehsx\" data-brz-custom-id=\"d0M8GTNOuvZm\">\n<div class=\"brz-icon__container\" data-brz-custom-id=\"x6f_5VXorwFw\"><a class=\"brz-a\" target=\"_self\" rel=\"noopener\" href=\"https:\/\/sloengeldage.dk\/index.php\/mobilforside\/\" data-brz-link-type=\"page\"><span class=\"brz-icon brz-span brz-css-d-icon-icon brz-css-4oc26\" data-brz-tooltip-wrapper-id=\"x6f_5VXorwFw\"><\/span><\/a><\/div>\n<p><span class=\"brz-tooltip brz-css-d-icon-tooltip brz-css-5ba7gl\" data-brz-tooltip-offset=\"10\" data-brz-tooltip-trigger=\"hover\" data-brz-tooltip-placement=\"top\" data-brz-element-id=\"x6f_5VXorwFw\">Forside<span class=\"brz-tooltip--arrow\"><\/span><\/span><\/div>\n<\/div>\n<\/div>\n<div class=\"brz-columns brz-css-d-column-column brz-css-12wxgnp\" data-brz-custom-id=\"dmk1qED2h59c\">\n<div class=\"brz-column__items brz-css-d-column-bg brz-css-1o1cks9\">\n<div id=\"\" class=\"brz-css-d-wrapper brz-css-jinbbv brz-wrapper\">\n<div class=\"brz-rich-text brz-rich-text__custom brz-css-d-richtext brz-css-xqxip9\" data-brz-custom-id=\"o6ln3_a7C0d4\">\n<div data-brz-translate-text=\"1\">\n<p data-uniq-id=\"jHlMU\" data-generated-css=\"brz-css-slCbq\" class=\"brz-tp-lg-empty brz-ff-y0gaF530ilv7 brz-ft-upload brz-fs-lg-30 brz-fss-lg-px brz-fw-lg-700 brz-ls-lg-1_5 brz-lh-lg-1_3 brz-vfw-lg-400 brz-fwdth-lg-100 brz-fsft-lg-0 brz-text-lg-center brz-tp-xs-heading4 brz-css-rPIhh\"><a class=\"link--page brz-cp-color3\" href=\"https:\/\/sloengeldage.dk\/index.php\/program-kulturhuset-mobil\/\" data-brz-link-type=\"page\">Kultur-huset<\/a><\/p>\n<\/div>\n<\/div>\n<\/div>\n<\/div>\n<\/div>\n<div class=\"brz-columns brz-css-d-column-column brz-css-5l1sga\" data-brz-custom-id=\"hd22EC_0IgNr\">\n<div class=\"brz-column__items brz-css-d-column-bg brz-css-ia89fr\">\n<div id=\"\" class=\"brz-css-d-wrapper brz-css-1u0ntxe brz-wrapper\">\n<div class=\"brz-rich-text brz-rich-text__custom brz-css-d-richtext brz-css-16p1y2p\" data-brz-custom-id=\"rNX5p2uutJ8b\">\n<div data-brz-translate-text=\"1\">\n<p class=\"brz-fsft-lg-0 brz-fwdth-lg-100 brz-vfw-lg-400 brz-lh-lg-1_3 brz-ls-lg-1_5 brz-fw-lg-700 brz-fss-lg-px brz-fs-lg-30 brz-ft-upload brz-ff-y0gaF530ilv7 brz-tp-lg-empty brz-text-lg-center brz-tp-xs-heading4 brz-css-zXi4J\" data-generated-css=\"brz-css-q_ItY\" data-uniq-id=\"qCoJa\"><a class=\"link--page brz-cp-color3\" href=\"https:\/\/sloengeldage.dk\/index.php\/program-byparken-mobil\/\" data-brz-link-type=\"page\">By-parken<\/a><\/p>\n<\/div>\n<\/div>\n<\/div>\n<\/div>\n<\/div>\n<div class=\"brz-columns brz-css-d-column-column brz-css-1wvt4ax\" data-brz-custom-id=\"syG1SISjwEZ5\">\n<div class=\"brz-column__items brz-css-d-column-bg brz-css-1kbi7n4\">\n<div id=\"\" class=\"brz-css-d-wrapper brz-css-1xl4zar brz-wrapper\">\n<div class=\"brz-rich-text brz-rich-text__custom brz-css-d-richtext brz-css-1gctb0a\" data-brz-custom-id=\"pQK0M4tv96oi\">\n<div data-brz-translate-text=\"1\">\n<p class=\"brz-fsft-lg-0 brz-fwdth-lg-100 brz-vfw-lg-400 brz-lh-lg-1_3 brz-ls-lg-1_5 brz-fw-lg-700 brz-fss-lg-px brz-fs-lg-30 brz-ft-upload brz-ff-y0gaF530ilv7 brz-tp-lg-empty brz-text-lg-center brz-tp-xs-heading4 brz-css-lqJCG\" data-generated-css=\"brz-css-gu8_M\" data-uniq-id=\"jPlWQ\"><a class=\"link--page brz-cp-color3\" href=\"https:\/\/sloengeldage.dk\/index.php\/program-kulturtorv-mobil\/\" data-brz-link-type=\"page\">Kultur-torvet<\/a><\/p>\n<\/div>\n<\/div>\n<\/div>\n<\/div>\n<\/div>\n<\/div>\n<\/div>\n<\/div>\n<\/div>\n<\/section>\n<section id=\"eNkyTYqdaudU_eNkyTYqdaudU\" class=\"brz-section brz-css-d-section brz-css-c2z76o\">\n<div class=\"brz-section__content brz-section--boxed brz-css-d-sectionitem-bg brz-css-qdrcun\" data-brz-custom-id=\"auJqmmN9ah_0\">\n<div class=\"brz-bg\">\n<div class=\"brz-bg-color\"><\/div>\n<\/div>\n<div class=\"brz-container brz-css-d-sectionitem-container brz-css-qgc83m\">\n<div class=\"brz-row__container brz-css-d-row-row brz-css-ly8fgw\" data-brz-custom-id=\"jBrZpDOxpeSb\">\n<div class=\"brz-row brz-css-d-row-container brz-css-r-row-container brz-css-1qbnvuj\">\n<div class=\"brz-columns brz-css-d-column-column brz-css-r11c8w\" data-brz-custom-id=\"kWmuPCMbLS1Q\">\n<div class=\"brz-column__items brz-css-d-column-bg brz-css-19y9ga6\">\n<div id=\"\" class=\"brz-css-d-wrapper brz-css-c9mcsz brz-wrapper\">\n<div class=\"brz-rich-text brz-rich-text__custom brz-css-d-richtext brz-css-pby06c\" data-brz-custom-id=\"up97tZpBXQ_D\">\n<div data-brz-translate-text=\"1\">\n<h1 data-uniq-id=\"rOSDh\" data-generated-css=\"brz-css-dmu28\" class=\"brz-fsft-lg-0 brz-fwdth-lg-100 brz-vfw-lg-400 brz-lh-lg-1_3 brz-ls-lg-m_1_5 brz-fw-lg-700 brz-fss-lg-px ql-align-center brz-ff-roboto brz-ft-google brz-fs-lg-40 brz-text-lg-justify brz-tp-lg-heading1 brz-css-qERqX\"><span class=\"brz-cp-color5\">Basseralle<\/span><\/h1>\n<\/div>\n<\/div>\n<\/div>\n<div id=\"\" class=\"brz-css-d-wrapper brz-css-1sadizh brz-wrapper\">\n<div class=\"brz-rich-text brz-rich-text__custom brz-css-d-richtext brz-css-18cjns7\" data-brz-custom-id=\"h7btI3eTAzOF\">\n<div data-brz-translate-text=\"1\">\n<h3 data-generated-css=\"brz-css-pvONo\" data-uniq-id=\"r55Dn\" class=\"brz-fsft-lg-0 brz-fwdth-lg-100 brz-vfw-lg-400 brz-lh-lg-1_7 brz-ls-lg-0 brz-fw-lg-400 brz-fss-lg-px brz-fs-lg-20 brz-ft-google brz-ff-roboto brz-tp-lg-heading3 brz-css-zNu3K\"><span class=\"brz-cp-color3 brz-span\" style=\"background-color: transparent\">Kl. 11.30-12.00 Kulturtorvet, \u00d8repinen <\/span><\/h3>\n<h3 data-generated-css=\"brz-css-sWRte\" data-uniq-id=\"m54FH\" class=\"brz-fsft-lg-0 brz-fwdth-lg-100 brz-vfw-lg-400 brz-lh-lg-1_7 brz-ls-lg-0 brz-fw-lg-400 brz-fss-lg-px brz-fs-lg-20 brz-ft-google brz-ff-roboto brz-tp-lg-heading3 brz-css-mjkWX\"><span class=\"brz-cp-color3 brz-span\">Kl. 12.30-15.30,<\/span><span class=\"brz-cp-color3\" style=\"background-color: transparent\"> Byparken, Hist og pist<\/span><\/h3>\n<p class=\"brz-fsft-lg-0 brz-fwdth-lg-100 brz-vfw-lg-400 brz-lh-lg-1_7 brz-ls-lg-0 brz-fw-lg-400 brz-fss-lg-px brz-fs-lg-20 brz-ft-google brz-ff-roboto brz-tp-lg-empty brz-css-wjAZS\" data-generated-css=\"brz-css-wuDOq\" data-uniq-id=\"ydsk2\"><span class=\"brz-cp-color1 brz-span\" style=\"background-color: transparent\">Basseralle er g\u00e5rdsangere og spillem\u00e6nd, hvis musik er \u201dslidt til\u201d i bagg\u00e5rde og v\u00e6rtshuse gennem mange \u00e5r. Med glimt i \u00f8jet og smittende hum\u00f8r bydes der op til lystigt gilde. Kom og oplev den festlige trio bringe gl\u00e6de rundt i Byparken.<\/span><\/p>\n<p class=\"brz-fsft-lg-0 brz-fwdth-lg-100 brz-vfw-lg-400 brz-lh-lg-1_7 brz-ls-lg-0 brz-fw-lg-400 brz-fss-lg-px brz-fs-lg-20 brz-ft-google brz-ff-roboto brz-tp-lg-empty brz-css-tGAS3\" data-generated-css=\"brz-css-eTSxf\" data-uniq-id=\"pD_Nf\"><span class=\"brz-cp-color1 brz-span\" style=\"background-color: transparent\"> <\/span><\/p>\n<p class=\"brz-fsft-lg-0 brz-fwdth-lg-100 brz-vfw-lg-400 brz-lh-lg-1_7 brz-ls-lg-0 brz-fw-lg-400 brz-fss-lg-px brz-fs-lg-20 brz-ft-google brz-ff-roboto brz-tp-lg-empty brz-css-j9z9B\" data-generated-css=\"brz-css-k1ct1\" data-uniq-id=\"s_eWp\"><span class=\"brz-cp-color1 brz-span\" style=\"background-color: transparent\">Basseralle best\u00e5r af Ole Spillemand (sang, guitar, violin, sav). Stefan Groot (sang, kontrabas, guitar, ukulele, harmonika) og Lene Riis (sang, harmonika, bas).<\/span><\/p>\n<\/div>\n<\/div>\n<\/div>\n<div class=\"brz-wrapper-clone brz-flex-xs-wrap brz-css-d-cloneable brz-css-seqcro\" data-brz-custom-id=\"rgrdMeY6WsMh\"><a class=\"brz-a brz-btn brz-css-d-button brz-css-ysbq5i brz-css-d-button-bg brz-css-6vzs8f\" target=\"_self\" rel=\"noopener\" href=\"https:\/\/basseralle.dk\/\" data-brz-link-type=\"external\" data-brz-custom-id=\"eA_R4JPxrTp4\"><span data-brz-translate-text=\"1\" class=\"brz-span brz-text__editor\">L\u00e6s mere om Basseralle<\/span><\/a><\/div>\n<\/div>\n<\/div>\n<\/div>\n<\/div>\n<div id=\"\" class=\"brz-css-d-wrapper brz-css-o0n3pz brz-wrapper\">\n<div class=\"brz-image brz-css-d-image-mg0hu8kmly3f-parent brz-css-dga65i\" data-brz-custom-id=\"mG0Hu8KMLY3f\"><img decoding=\"async\" class=\"brz-img\" src=\"https:\/\/sloengeldage.dk\/wp-content\/uploads\/Basseralle-front.jpg\" loading=\"lazy\" alt=\"\" title=\"Basseralle front\"><\/div>\n<\/div>\n<\/div>\n<\/div>\n<\/section>\n<section id=\"slXRt905vNbd_slXRt905vNbd\" class=\"brz-section brz-css-d-section brz-css-15sv2de\">\n<div class=\"brz-section__content brz-section--boxed brz-css-d-sectionitem-bg brz-css-yenib3\" data-brz-custom-id=\"r4zKAGShymG5\">\n<div class=\"brz-bg\">\n<div class=\"brz-bg-color\"><\/div>\n<\/div>\n<div class=\"brz-container brz-css-d-sectionitem-container brz-css-v59an9\">\n<div class=\"brz-row__container brz-css-d-row-row brz-css-bvhbik\" data-brz-custom-id=\"xrmrNBqtXuv5\">\n<div class=\"brz-row brz-css-d-row-container brz-css-r-row-container brz-css-zz4lae\">\n<div class=\"brz-columns brz-css-d-column-column brz-css-wh623s\" data-brz-custom-id=\"cAw0QG4rISsE\">\n<div class=\"brz-column__items brz-css-d-column-bg brz-css-iqeyec\">\n<div id=\"\" class=\"brz-css-d-wrapper brz-css-br432m brz-wrapper\">\n<div class=\"brz-rich-text brz-rich-text__custom brz-css-d-richtext brz-css-f192i1\" data-brz-custom-id=\"dQ7KR2F6gjuD\">\n<div data-brz-translate-text=\"1\">\n<p class=\"brz-tp-lg-paragraph brz-text-lg-center brz-css-wYU2Q\" data-uniq-id=\"ojPnU\" data-generated-css=\"brz-css-v_9Gl\"><a class=\"link--page brz-cp-color1 brz-bgp-color8\" href=\"https:\/\/sloengeldage.dk\/index.php\/kontakt\/\" data-brz-link-type=\"page\">Kontakt Di Heslige Sl\u00f8nglers Klup<\/a><\/p>\n<\/div>\n<\/div>\n<\/div>\n<\/div>\n<\/div>\n<div class=\"brz-columns brz-css-d-column-column brz-css-1xjv9pn\" data-brz-custom-id=\"o03jrkR5WvWi\">\n<div class=\"brz-column__items brz-css-d-column-bg brz-css-hlcujr\">\n<div id=\"\" class=\"brz-css-d-wrapper brz-css-1owke5g brz-wrapper\">\n<div class=\"brz-rich-text brz-rich-text__custom brz-css-d-richtext brz-css-ei5eq9\" data-brz-custom-id=\"bU2pYQjdFLPc\">\n<div data-brz-translate-text=\"1\">\n<p class=\"brz-tp-lg-paragraph brz-text-lg-center brz-css-hb1iH\" data-uniq-id=\"zIrET\" data-generated-css=\"brz-css-mSOvL\"><a class=\"link--page brz-cp-color1 brz-bgp-color8\" href=\"https:\/\/sloengeldage.dk\/index.php\/privatslivserklaering\/\" data-brz-link-type=\"page\">Privatlivserkl\u00e6ring<\/a><\/p>\n<\/div>\n<\/div>\n<\/div>\n<\/div>\n<\/div>\n<\/div>\n<\/div>\n<\/div>\n<\/div>\n<\/section><\/div>\n<p><!-- version:1775555948 --><\/p>\n","protected":false},"excerpt":{"rendered":"<p>Tilbage Forside Kultur-huset By-parken Kultur-torvet Basseralle Kl. 11.30-12.00 Kulturtorvet, \u00d8repinen Kl. 12.30-15.30, Byparken, Hist og pist Basseralle er g\u00e5rdsangere og spillem\u00e6nd, hvis musik er \u201dslidt til\u201d i bagg\u00e5rde og v\u00e6rtshuse gennem mange \u00e5r. Med glimt i \u00f8jet og smittende hum\u00f8r bydes der op til lystigt gilde. Kom og oplev den festlige trio bringe gl\u00e6de rundt &hellip; <\/p>\n<p class=\"link-more\"><a href=\"https:\/\/sloengeldage.dk\/index.php\/basseralle-mobil\/\" class=\"more-link\">Continue reading<span class=\"screen-reader-text\"> &#8220;Basseralle Mobil&#8221;<\/span><\/a><\/p>\n","protected":false},"author":1,"featured_media":0,"parent":0,"menu_order":0,"comment_status":"closed","ping_status":"closed","template":"brizy-blank-template.php","meta":{"footnotes":""},"folder":[115],"class_list":["post-3888","page","type-page","status-publish","hentry","entry"],"brizy_media":[{"id":1240,"url":"https:\/\/sloengeldage.dk\/wp-content\/uploads\/Sloengeldage-24-web-Fotograf-Per-Bille-20240525DSC01391.jpg","name":"Sloengeldage-24-web-Fotograf-Per-Bille-20240525DSC01391.jpg","meta":{"brizy_attachment_uid":"wp-d044353696956aa285ead38787058019.jpg","brizy_post_uid":["9be1c736802318713b19dfcea16bf880","5c4c2fe80e24f8622762bac90259db7e","c0282ee2214458f75df994ec1c4812cf","5b4cd7c710be89d80008f661b59a849d"]}},{"id":1258,"url":"https:\/\/sloengeldage.dk\/wp-content\/uploads\/Sloengeldage-24-web-Fotograf-Per-Bille-20240525DSC07836.jpg","name":"Sloengeldage-24-web-Fotograf-Per-Bille-20240525DSC07836.jpg","meta":{"brizy_attachment_uid":"wp-4341e5efdeee99ae03bdd32cc939a54f.jpg","brizy_post_uid":["9be1c736802318713b19dfcea16bf880","5c4c2fe80e24f8622762bac90259db7e","4b87d37b0f84c6ddfc2e1e5790590d11"]}},{"id":1422,"url":"https:\/\/sloengeldage.dk\/wp-content\/uploads\/sSloengeldage-web-230513-DSC06234.webp","name":"sSloengeldage-web-230513-DSC06234.webp","meta":{"brizy_attachment_uid":"wp-23fc8cf183c76475a7240c990e40757b.webp","brizy_post_uid":["c0bc46f0eb763ff5fc4850249079d91c","ed9ce3ec8bcc4f9e0040ecf37cfa12b5","5c4c2fe80e24f8622762bac90259db7e"]}},{"id":2235,"url":"https:\/\/sloengeldage.dk\/wp-content\/uploads\/23-17.webp","name":"23-17.webp","meta":{"brizy_attachment_uid":"wp-521970815952543d26441bf4f778bc83.webp","brizy_post_uid":["dcea96e3e28cd6a03924c8ae1b3f640f","5c4c2fe80e24f8622762bac90259db7e"]}},{"id":2236,"url":"https:\/\/sloengeldage.dk\/wp-content\/uploads\/23-16.webp","name":"23-16.webp","meta":{"brizy_attachment_uid":"wp-8bb4be9d3bec952e5e320292e8a564b3.webp","brizy_post_uid":["dcea96e3e28cd6a03924c8ae1b3f640f","5c4c2fe80e24f8622762bac90259db7e"]}},{"id":2384,"url":"https:\/\/sloengeldage.dk\/wp-content\/uploads\/21-12.webp","name":"21-12.webp","meta":{"brizy_attachment_uid":"wp-db278f6ae8b8b9492ade63d62c430b8a.webp","brizy_post_uid":["15e9c4fa431a9ae42154e22b82134bc8","5c4c2fe80e24f8622762bac90259db7e"]}},{"id":2914,"url":"https:\/\/sloengeldage.dk\/wp-content\/uploads\/Tombola.jpg","name":"Tombola.jpg","meta":{"brizy_attachment_uid":"wp-1a7d04cb9e02b0d1bf8644de8a663a1c.jpg","brizy_post_uid":["dab9dd26ac9865dcf3e113c0cdce6cfa","5c4c2fe80e24f8622762bac90259db7e","c0282ee2214458f75df994ec1c4812cf"]}},{"id":2919,"url":"https:\/\/sloengeldage.dk\/wp-content\/uploads\/Moelle.jpg","name":"Moelle.jpg","meta":{"brizy_attachment_uid":"wp-29fc1945e865cee6e3b878f9dd6aa587.jpg","brizy_post_uid":["dab9dd26ac9865dcf3e113c0cdce6cfa","5c4c2fe80e24f8622762bac90259db7e","4b87d37b0f84c6ddfc2e1e5790590d11"]}},{"id":2922,"url":"https:\/\/sloengeldage.dk\/wp-content\/uploads\/torv-bro.jpg","name":"torv-bro.jpg","meta":{"brizy_attachment_uid":"wp-b1225fcc6e3f9e5f7a2b618840b4030e.jpg","brizy_post_uid":["dab9dd26ac9865dcf3e113c0cdce6cfa","5c4c2fe80e24f8622762bac90259db7e","4b87d37b0f84c6ddfc2e1e5790590d11"]}},{"id":2929,"url":"https:\/\/sloengeldage.dk\/wp-content\/uploads\/Skrallebang-Orla.jpg","name":"Skrallebang-Orla.jpg","meta":{"brizy_attachment_uid":"wp-b44064878e4294ac8fd33168f6ca9d0b.jpg","brizy_post_uid":["dab9dd26ac9865dcf3e113c0cdce6cfa","4b87d37b0f84c6ddfc2e1e5790590d11","c0282ee2214458f75df994ec1c4812cf","5c4c2fe80e24f8622762bac90259db7e"]}},{"id":2931,"url":"https:\/\/sloengeldage.dk\/wp-content\/uploads\/Oerepinen.jpg","name":"Oerepinen.jpg","meta":{"brizy_attachment_uid":"wp-781e84090171c1d0c1ad558fa52be131.jpg","brizy_post_uid":["dab9dd26ac9865dcf3e113c0cdce6cfa","5c4c2fe80e24f8622762bac90259db7e","c0282ee2214458f75df994ec1c4812cf"]}},{"id":2940,"url":"https:\/\/sloengeldage.dk\/wp-content\/uploads\/Skrallebang.jpg","name":"Skrallebang.jpg","meta":{"brizy_attachment_uid":"wp-b369af4e8409f26800dae5907da6a770.jpg","brizy_post_uid":["dab9dd26ac9865dcf3e113c0cdce6cfa","5c4c2fe80e24f8622762bac90259db7e"]}},{"id":3724,"url":"https:\/\/sloengeldage.dk\/wp-content\/uploads\/fodbold.jpg","name":"fodbold.jpg","meta":{"brizy_attachment_uid":"wp-a7306fdacdb6f4592f6b5561d209c434.jpg","brizy_post_uid":["c0282ee2214458f75df994ec1c4812cf","5c4c2fe80e24f8622762bac90259db7e"]}},{"id":3806,"url":"https:\/\/sloengeldage.dk\/wp-content\/uploads\/Tombola-lykkehjul-m.-Heidi-scaled.jpg","name":"Tombola-lykkehjul-m.-Heidi.jpg","meta":{"brizy_attachment_uid":"wp-b043d22d41d42b9b0e70e7cf25cece8f.jpg","brizy_post_uid":["c0282ee2214458f75df994ec1c4812cf","5c4c2fe80e24f8622762bac90259db7e"]}},{"id":3826,"url":"https:\/\/sloengeldage.dk\/wp-content\/uploads\/Hodjas-Boghule.jpg","name":"Hodjas-Boghule.jpg","meta":{"brizy_attachment_uid":"wp-5ec87e76458e8abd55eac3870b1837ce.jpg","brizy_post_uid":["9b5f29d05a2c519c2e0b5d9eee63fd66","583c923eed38b04f44000e2ff3593cd9","5c4c2fe80e24f8622762bac90259db7e"]}},{"id":3892,"url":"https:\/\/sloengeldage.dk\/wp-content\/uploads\/Basseralle-front.jpg","name":"Basseralle-front.jpg","meta":{"brizy_attachment_uid":"wp-155931c0f9c5a1e2ce9da1e74d7f5303.jpg","brizy_post_uid":["5c4c2fe80e24f8622762bac90259db7e"]}},{"id":4507,"url":"https:\/\/sloengeldage.dk\/wp-content\/uploads\/Kulturtorvet-Fc-Skanderborg.jpg","name":"Kulturtorvet-Fc-Skanderborg.jpg","meta":{"brizy_attachment_uid":"wp-d03500a8a3f93c0c9d25e5f92839c841.jpg","brizy_post_uid":["5c4c2fe80e24f8622762bac90259db7e","c0282ee2214458f75df994ec1c4812cf"]}},{"id":4762,"url":"https:\/\/sloengeldage.dk\/wp-content\/uploads\/Basseralle-tre-paa-stribe-BRUG-denne.jpg","name":"Basseralle-tre-paa-stribe-BRUG-denne.jpg","meta":{"brizy_attachment_uid":"wp-ce0973c8f754727dadb63c8ad9f3f368.jpg","brizy_post_uid":["5c4c2fe80e24f8622762bac90259db7e","c0282ee2214458f75df994ec1c4812cf"]}}],"_links":{"self":[{"href":"https:\/\/sloengeldage.dk\/index.php\/wp-json\/wp\/v2\/pages\/3888","targetHints":{"allow":["GET"]}}],"collection":[{"href":"https:\/\/sloengeldage.dk\/index.php\/wp-json\/wp\/v2\/pages"}],"about":[{"href":"https:\/\/sloengeldage.dk\/index.php\/wp-json\/wp\/v2\/types\/page"}],"author":[{"embeddable":true,"href":"https:\/\/sloengeldage.dk\/index.php\/wp-json\/wp\/v2\/users\/1"}],"replies":[{"embeddable":true,"href":"https:\/\/sloengeldage.dk\/index.php\/wp-json\/wp\/v2\/comments?post=3888"}],"version-history":[{"count":5,"href":"https:\/\/sloengeldage.dk\/index.php\/wp-json\/wp\/v2\/pages\/3888\/revisions"}],"predecessor-version":[{"id":5733,"href":"https:\/\/sloengeldage.dk\/index.php\/wp-json\/wp\/v2\/pages\/3888\/revisions\/5733"}],"wp:attachment":[{"href":"https:\/\/sloengeldage.dk\/index.php\/wp-json\/wp\/v2\/media?parent=3888"}],"wp:term":[{"taxonomy":"folder","embeddable":true,"href":"https:\/\/sloengeldage.dk\/index.php\/wp-json\/wp\/v2\/folder?post=3888"}],"curies":[{"name":"wp","href":"https:\/\/api.w.org\/{rel}","templated":true}]}}