{"id":3676,"date":"2026-02-27T08:32:36","date_gmt":"2026-02-27T08:32:36","guid":{"rendered":"https:\/\/sloengeldage.dk\/index.php\/skrallebang-2\/"},"modified":"2026-04-07T14:27:36","modified_gmt":"2026-04-07T14:27:36","slug":"skrallebang-2","status":"publish","type":"page","link":"https:\/\/sloengeldage.dk\/index.php\/skrallebang-2\/","title":{"rendered":"Skrallebang"},"content":{"rendered":"<div class=\"brz brz-root__container brz-reset-all brz-root__container-page\">\n<section id=\"pJmhNWK5hHY1_pJmhNWK5hHY1\" class=\"brz-section brz-css-d-section brz-css-13pk1kw\">\n<div class=\"brz-section__content brz-section--boxed brz-css-d-sectionitem-bg brz-css-ygb6zk\" data-brz-custom-id=\"et1Jq_rptUXM\">\n<div class=\"brz-container brz-css-d-sectionitem-container brz-css-10a2pxn\">\n<div class=\"brz-row__container brz-css-d-row-row brz-css-hjb9r5\" data-brz-custom-id=\"s90dcITQs3es\">\n<div class=\"brz-row brz-css-d-row-container brz-css-r-row-container brz-css-1bgdlbm\">\n<div class=\"brz-columns brz-css-d-column-column brz-css-1krxu9d\" data-brz-custom-id=\"h3NWcESgga9Q\">\n<div class=\"brz-bg\">\n<div class=\"brz-bg-color\"><\/div>\n<\/div>\n<div class=\"brz-column__items brz-css-d-column-bg brz-css-17b1uh6\">\n<div id=\"\" class=\"brz-css-d-wrapper brz-css-14p613f brz-wrapper\">\n<div class=\"brz-image brz-css-d-image-uzcwbx8anv73-parent brz-css-ww0nv2\" data-brz-custom-id=\"uzcwbX8anv73\"><img decoding=\"async\" class=\"brz-img\" src=\"https:\/\/sloengeldage.dk\/wp-content\/uploads\/Skrallebang.jpg\" loading=\"lazy\" alt=\"\" title=\"Skrallebang\"><\/div>\n<\/div>\n<\/div>\n<\/div>\n<div class=\"brz-columns brz-css-d-column-column brz-css-4th1j0\" data-brz-custom-id=\"y9qtXdTbVX3M\">\n<div class=\"brz-bg\">\n<div class=\"brz-bg-color\"><\/div>\n<\/div>\n<div class=\"brz-column__items brz-css-d-column-bg brz-css-1fjylnk\">\n<div id=\"\" class=\"brz-css-d-wrapper brz-css-1vf29l7 brz-wrapper\">\n<div class=\"brz-rich-text brz-rich-text__custom brz-css-d-richtext brz-css-fzvlbx\" data-brz-custom-id=\"v4RB17qCNQ18\">\n<div data-brz-translate-text=\"1\">\n<p class=\"brz-tp-lg-p6v2dfHnW29e brz-text-lg-center brz-css-bkfX5\" data-uniq-id=\"yDDel\" data-generated-css=\"brz-css-asEvm\"><span class=\"brz-cp-color5\">Skrallebang<\/span><\/p>\n<\/div>\n<\/div>\n<\/div>\n<\/div>\n<\/div>\n<div class=\"brz-columns brz-css-d-column-column brz-css-agjih0\" data-brz-custom-id=\"yniJGlfIUfel\">\n<div class=\"brz-bg\">\n<div class=\"brz-bg-color\"><\/div>\n<\/div>\n<div class=\"brz-column__items brz-css-d-column-bg brz-css-t7f1ys\">\n<div id=\"\" class=\"brz-css-d-wrapper brz-css-1eq69p5 brz-wrapper\">\n<div class=\"brz-image brz-css-d-image-l8b8kfn5zezt-parent brz-css-antii5\" data-brz-custom-id=\"l8B8KFN5ZeZt\"><img decoding=\"async\" class=\"brz-img\" src=\"https:\/\/sloengeldage.dk\/wp-content\/uploads\/23-17.webp\" loading=\"lazy\" alt=\"\" title=\"23-17\"><\/div>\n<\/div>\n<\/div>\n<\/div>\n<\/div>\n<\/div>\n<\/div>\n<\/div>\n<\/section>\n<section id=\"eNkyTYqdaudU_eNkyTYqdaudU\" class=\"brz-section brz-css-d-section brz-css-c2z76o\">\n<div class=\"brz-section__content brz-section--boxed brz-css-d-sectionitem-bg brz-css-qdrcun\" data-brz-custom-id=\"auJqmmN9ah_0\">\n<div class=\"brz-bg\">\n<div class=\"brz-bg-color\"><\/div>\n<\/div>\n<div class=\"brz-container brz-css-d-sectionitem-container brz-css-qgc83m\">\n<div class=\"brz-row__container brz-css-d-row-row brz-css-ly8fgw\" data-brz-custom-id=\"jBrZpDOxpeSb\">\n<div class=\"brz-row brz-css-d-row-container brz-css-r-row-container brz-css-1qbnvuj\">\n<div class=\"brz-columns brz-css-d-column-column brz-css-s9kz28\" data-brz-custom-id=\"xcfIrTYoZlgu\">\n<div class=\"brz-column__items brz-css-d-column-bg brz-css-gle19f\">\n<div id=\"\" class=\"brz-css-d-wrapper brz-css-7596eb brz-wrapper\">\n<div class=\"brz-menu__container brz-css-d-menu-menu-container brz-css-uzvscv\" data-mmenu-id=\"#vuMW5tMdBrlr_eb4adccac1b07159947c\" data-mmenu-position=\"position-left\" data-mmenu-title=\"Menu\" data-mmenu-stickytitle=\"off\" data-mmenu-isslider=\"false\" data-mmenu-closingicon=\"%7B%22desktop%22%3A%22off%22%2C%22tablet%22%3A%22off%22%2C%22mobile%22%3A%22off%22%7D\" data-brz-menu-accessible=\"true\" data-brz-custom-id=\"vuMW5tMdBrlr\">\n<nav data-mods=\"%7B%22desktop%22%3A%22vertical%22%2C%22tablet%22%3A%22vertical%22%2C%22mobile%22%3A%22vertical%22%7D\" class=\"brz-menu brz-menu__preview brz-css-d-menu-menu brz-css-108eqxo\">\n<ul class=\"brz-menu__ul\" data-menu-items-active=\"\">\n<li data-menu-item-id=\"69ddd8c6ddca2d3743a724f7877ca2c3\" class=\"brz-menu__item menu-item menu-item-type-post_type menu-item-object-page\"><a class=\"brz-a\" target=\"\" href=\"https:\/\/sloengeldage.dk\/index.php\/basseralle\/\"><span class=\"brz-span\">Basseralle<\/span><\/a><\/li>\n<li data-menu-item-id=\"8898aa1c326b2022ee1bd51ed5b6c5af\" class=\"brz-menu__item menu-item menu-item-type-post_type menu-item-object-page\"><a class=\"brz-a\" target=\"\" href=\"https:\/\/sloengeldage.dk\/index.php\/fodbold-som-i-gamle-dage\/\"><span class=\"brz-span\">Fodbold som i gamle dage<\/span><\/a><\/li>\n<li data-menu-item-id=\"8c00c2f92ac3c0a5e231aa3ec0fa5ed3\" class=\"brz-menu__item menu-item menu-item-type-post_type menu-item-object-page\"><a class=\"brz-a\" target=\"\" href=\"https:\/\/sloengeldage.dk\/index.php\/lykkehjulet\/\"><span class=\"brz-span\">Lykkehjulet<\/span><\/a><\/li>\n<li data-menu-item-id=\"78737cb703c52af689bd6b85f4fcdf25\" class=\"brz-menu__item menu-item menu-item-type-post_type menu-item-object-page\"><a class=\"brz-a\" target=\"\" href=\"https:\/\/sloengeldage.dk\/index.php\/skrallebang-2\/\"><span class=\"brz-span\">Skrallebang<\/span><\/a><\/li>\n<li data-menu-item-id=\"fb4ec513b92d9ed36ced5f326fc3951c\" class=\"brz-menu__item menu-item menu-item-type-post_type menu-item-object-page\"><a class=\"brz-a\" target=\"\" href=\"https:\/\/sloengeldage.dk\/index.php\/oerepinen-2\/\"><span class=\"brz-span\">\u00d8repinen<\/span><\/a><\/li>\n<\/ul>\n<\/nav>\n<div class=\"brz-mm-menu__icon\" data-brz-brz-mmenu-icon=\"off\"><\/div>\n<nav data-mods=\"%7B%22desktop%22%3A%22vertical%22%2C%22tablet%22%3A%22vertical%22%2C%22mobile%22%3A%22vertical%22%7D\" id=\"vuMW5tMdBrlr_eb4adccac1b07159947c\" class=\"brz-menu brz-menu__preview brz-menu__mmenu brz-css-d-menu-mmenu brz-css-ifrnpf\">\n<ul class=\"brz-menu__ul\" data-menu-items-active=\"\">\n<li data-menu-item-id=\"69ddd8c6ddca2d3743a724f7877ca2c3\" class=\"brz-menu__item menu-item menu-item-type-post_type menu-item-object-page\"><a class=\"brz-a\" target=\"\" href=\"https:\/\/sloengeldage.dk\/index.php\/basseralle\/\"><span class=\"brz-span\">Basseralle<\/span><\/a><\/li>\n<li data-menu-item-id=\"8898aa1c326b2022ee1bd51ed5b6c5af\" class=\"brz-menu__item menu-item menu-item-type-post_type menu-item-object-page\"><a class=\"brz-a\" target=\"\" href=\"https:\/\/sloengeldage.dk\/index.php\/fodbold-som-i-gamle-dage\/\"><span class=\"brz-span\">Fodbold som i gamle dage<\/span><\/a><\/li>\n<li data-menu-item-id=\"8c00c2f92ac3c0a5e231aa3ec0fa5ed3\" class=\"brz-menu__item menu-item menu-item-type-post_type menu-item-object-page\"><a class=\"brz-a\" target=\"\" href=\"https:\/\/sloengeldage.dk\/index.php\/lykkehjulet\/\"><span class=\"brz-span\">Lykkehjulet<\/span><\/a><\/li>\n<li data-menu-item-id=\"78737cb703c52af689bd6b85f4fcdf25\" class=\"brz-menu__item menu-item menu-item-type-post_type menu-item-object-page\"><a class=\"brz-a\" target=\"\" href=\"https:\/\/sloengeldage.dk\/index.php\/skrallebang-2\/\"><span class=\"brz-span\">Skrallebang<\/span><\/a><\/li>\n<li data-menu-item-id=\"fb4ec513b92d9ed36ced5f326fc3951c\" class=\"brz-menu__item menu-item menu-item-type-post_type menu-item-object-page\"><a class=\"brz-a\" target=\"\" href=\"https:\/\/sloengeldage.dk\/index.php\/oerepinen-2\/\"><span class=\"brz-span\">\u00d8repinen<\/span><\/a><\/li>\n<\/ul>\n<\/nav>\n<\/div>\n<\/div>\n<\/div>\n<\/div>\n<div class=\"brz-columns brz-css-d-column-column brz-css-r11c8w\" data-brz-custom-id=\"kWmuPCMbLS1Q\">\n<div class=\"brz-column__items brz-css-d-column-bg brz-css-19y9ga6\">\n<div class=\"brz-wrapper-clone brz-flex-xs-wrap brz-css-d-cloneable brz-css-1j4n9nx\" data-brz-custom-id=\"eV38UfJw4dJ3\"><a class=\"brz-a brz-btn brz-css-d-button brz-css-1adr0h8 brz-css-d-button-bg brz-css-lcefre\" target=\"_self\" rel=\"noopener\" href=\"history.go(-1)\" data-brz-link-type=\"external\" data-brz-custom-id=\"hd3aWDxH2LOC\"><span data-brz-translate-text=\"1\" class=\"brz-span brz-text__editor\">Tilbage<\/span><\/a><\/div>\n<div id=\"\" class=\"brz-css-d-wrapper brz-css-c9mcsz brz-wrapper\">\n<div class=\"brz-rich-text brz-rich-text__custom brz-css-d-richtext brz-css-pby06c\" data-brz-custom-id=\"up97tZpBXQ_D\">\n<div data-brz-translate-text=\"1\">\n<h1 class=\"brz-tp-lg-heading1 brz-text-lg-justify brz-fs-lg-40 brz-ft-google brz-ff-roboto ql-align-center brz-fss-lg-px brz-fw-lg-700 brz-ls-lg-m_1_5 brz-lh-lg-1_3 brz-vfw-lg-400 brz-fwdth-lg-100 brz-fsft-lg-0 brz-css-wjMno\" data-generated-css=\"brz-css-fzXCw\" data-uniq-id=\"jSmJH\"><span class=\"brz-cp-color5\" style=\"background-color: transparent\">Skrallebang &#8211; koncert<\/span><\/h1>\n<\/div>\n<\/div>\n<\/div>\n<div id=\"\" class=\"brz-css-d-wrapper brz-css-1sadizh brz-wrapper\">\n<div class=\"brz-rich-text brz-rich-text__custom brz-css-d-richtext brz-css-18cjns7\" data-brz-custom-id=\"h7btI3eTAzOF\">\n<div data-brz-translate-text=\"1\">\n<p class=\"brz-fsft-lg-0 brz-fwdth-lg-100 brz-vfw-lg-400 brz-lh-lg-1_7 brz-ls-lg-0 brz-fw-lg-400 brz-fss-lg-px brz-fs-lg-20 brz-ft-google brz-ff-roboto brz-tp-lg-empty brz-css-jQ1P0\" data-generated-css=\"brz-css-r6fHh\" data-uniq-id=\"y1yAS\"><span class=\"brz-cp-color1 brz-span\" style=\"background-color: transparent\"> <\/span><span class=\"brz-cp-color3 brz-span\"><strong>Kl. 10.45-11.30, <\/strong><\/span><span class=\"brz-cp-color3 brz-span\" style=\"background-color: transparent\"><strong>Kulturtorvet, \u00d8repinen<\/strong><\/span><\/p>\n<p class=\"brz-fsft-lg-0 brz-fwdth-lg-100 brz-vfw-lg-400 brz-lh-lg-1_7 brz-ls-lg-0 brz-fw-lg-400 brz-fss-lg-px brz-fs-lg-20 brz-ft-google brz-ff-roboto brz-tp-lg-paragraph brz-css-zNg8Z\" data-generated-css=\"brz-css-wVYK4\" data-uniq-id=\"bB0_T\"><span class=\"brz-cp-color1\" style=\"background-color: transparent\">Heldigvis g\u00e6ster Skrallebang igen Sl\u00f8ngeldage \u2013 i \u00e5r med koncerten <\/span><strong class=\"brz-cp-color1\" style=\"background-color: transparent\">Ivan og den etbenede hane <\/strong><span class=\"brz-cp-color1\" style=\"background-color: transparent\">inspireret af Ole Lund Kirkegaards b\u00f8ger og figurer.<\/span><strong class=\"brz-cp-color1\" style=\"background-color: transparent\">&nbsp;<\/strong><\/p>\n<p class=\"brz-fsft-lg-0 brz-fwdth-lg-100 brz-vfw-lg-400 brz-lh-lg-1_7 brz-ls-lg-0 brz-fw-lg-400 brz-fss-lg-px brz-fs-lg-20 brz-ft-google brz-ff-roboto brz-tp-lg-paragraph brz-css-xsN3W\" data-generated-css=\"brz-css-nWeqS\" data-uniq-id=\"dETJb\"><strong class=\"brz-cp-color1\" style=\"background-color: transparent\"> <\/strong><\/p>\n<p class=\"brz-fsft-lg-0 brz-fwdth-lg-100 brz-vfw-lg-400 brz-lh-lg-1_7 brz-ls-lg-0 brz-fw-lg-400 brz-fss-lg-px brz-fs-lg-20 brz-ft-google brz-ff-roboto brz-tp-lg-paragraph brz-css-weH5g\" data-generated-css=\"brz-css-sCoxo\" data-uniq-id=\"pEpV9\"><span class=\"brz-cp-color1\" style=\"background-color: transparent\">Det er musik, sang, bev\u00e6gelse, leg og ikke mindst de gode fort\u00e6llinger i et dejligt fantasifuldt univers. Kom og dans med.&nbsp;<\/span><\/p>\n<p class=\"brz-fsft-lg-0 brz-fwdth-lg-100 brz-vfw-lg-400 brz-lh-lg-1_7 brz-ls-lg-0 brz-fw-lg-400 brz-fss-lg-px brz-fs-lg-20 brz-ft-google brz-ff-roboto brz-tp-lg-paragraph brz-css-z13CT\" data-generated-css=\"brz-css-dB_bR\" data-uniq-id=\"xZDYB\"><span class=\"brz-cp-color1\" style=\"background-color: transparent\"> <\/span><\/p>\n<p class=\"brz-fsft-lg-0 brz-fwdth-lg-100 brz-vfw-lg-400 brz-lh-lg-1_7 brz-ls-lg-0 brz-fw-lg-400 brz-fss-lg-px brz-fs-lg-20 brz-ft-google brz-ff-roboto brz-tp-lg-paragraph brz-css-w2nU8\" data-generated-css=\"brz-css-h88Gq\" data-uniq-id=\"kmTwA\"><span class=\"brz-cp-color1\" style=\"background-color: transparent\">Skrallebang best\u00e5r af Nana Bang Kirkegaard &amp; S\u00f8ren Jensen.<\/span><\/p>\n<\/div>\n<\/div>\n<\/div>\n<\/div>\n<\/div>\n<\/div>\n<\/div>\n<\/div>\n<\/div>\n<\/section><\/div>\n<p><!-- version:1774532114 --><\/p>\n","protected":false},"excerpt":{"rendered":"<p>Skrallebang Basseralle Fodbold som i gamle dage Lykkehjulet Skrallebang \u00d8repinen Basseralle Fodbold som i gamle dage Lykkehjulet Skrallebang \u00d8repinen Tilbage Skrallebang &#8211; koncert Kl. 10.45-11.30, Kulturtorvet, \u00d8repinen Heldigvis g\u00e6ster Skrallebang igen Sl\u00f8ngeldage \u2013 i \u00e5r med koncerten Ivan og den etbenede hane inspireret af Ole Lund Kirkegaards b\u00f8ger og figurer.&nbsp; Det er musik, sang, bev\u00e6gelse, &hellip; <\/p>\n<p class=\"link-more\"><a href=\"https:\/\/sloengeldage.dk\/index.php\/skrallebang-2\/\" class=\"more-link\">Continue reading<span class=\"screen-reader-text\"> &#8220;Skrallebang&#8221;<\/span><\/a><\/p>\n","protected":false},"author":1,"featured_media":0,"parent":0,"menu_order":0,"comment_status":"closed","ping_status":"closed","template":"brizy-blank-template.php","meta":{"footnotes":""},"folder":[121],"class_list":["post-3676","page","type-page","status-publish","hentry","entry"],"brizy_media":[{"id":1240,"url":"https:\/\/sloengeldage.dk\/wp-content\/uploads\/Sloengeldage-24-web-Fotograf-Per-Bille-20240525DSC01391.jpg","name":"Sloengeldage-24-web-Fotograf-Per-Bille-20240525DSC01391.jpg","meta":{"brizy_attachment_uid":"wp-d044353696956aa285ead38787058019.jpg","brizy_post_uid":["9be1c736802318713b19dfcea16bf880","5c4c2fe80e24f8622762bac90259db7e","c0282ee2214458f75df994ec1c4812cf","5b4cd7c710be89d80008f661b59a849d"]}},{"id":1258,"url":"https:\/\/sloengeldage.dk\/wp-content\/uploads\/Sloengeldage-24-web-Fotograf-Per-Bille-20240525DSC07836.jpg","name":"Sloengeldage-24-web-Fotograf-Per-Bille-20240525DSC07836.jpg","meta":{"brizy_attachment_uid":"wp-4341e5efdeee99ae03bdd32cc939a54f.jpg","brizy_post_uid":["9be1c736802318713b19dfcea16bf880","5c4c2fe80e24f8622762bac90259db7e","4b87d37b0f84c6ddfc2e1e5790590d11"]}},{"id":1422,"url":"https:\/\/sloengeldage.dk\/wp-content\/uploads\/sSloengeldage-web-230513-DSC06234.webp","name":"sSloengeldage-web-230513-DSC06234.webp","meta":{"brizy_attachment_uid":"wp-23fc8cf183c76475a7240c990e40757b.webp","brizy_post_uid":["c0bc46f0eb763ff5fc4850249079d91c","ed9ce3ec8bcc4f9e0040ecf37cfa12b5","5c4c2fe80e24f8622762bac90259db7e"]}},{"id":2235,"url":"https:\/\/sloengeldage.dk\/wp-content\/uploads\/23-17.webp","name":"23-17.webp","meta":{"brizy_attachment_uid":"wp-521970815952543d26441bf4f778bc83.webp","brizy_post_uid":["dcea96e3e28cd6a03924c8ae1b3f640f","5c4c2fe80e24f8622762bac90259db7e"]}},{"id":2236,"url":"https:\/\/sloengeldage.dk\/wp-content\/uploads\/23-16.webp","name":"23-16.webp","meta":{"brizy_attachment_uid":"wp-8bb4be9d3bec952e5e320292e8a564b3.webp","brizy_post_uid":["dcea96e3e28cd6a03924c8ae1b3f640f","5c4c2fe80e24f8622762bac90259db7e"]}},{"id":2384,"url":"https:\/\/sloengeldage.dk\/wp-content\/uploads\/21-12.webp","name":"21-12.webp","meta":{"brizy_attachment_uid":"wp-db278f6ae8b8b9492ade63d62c430b8a.webp","brizy_post_uid":["15e9c4fa431a9ae42154e22b82134bc8","5c4c2fe80e24f8622762bac90259db7e"]}},{"id":2914,"url":"https:\/\/sloengeldage.dk\/wp-content\/uploads\/Tombola.jpg","name":"Tombola.jpg","meta":{"brizy_attachment_uid":"wp-1a7d04cb9e02b0d1bf8644de8a663a1c.jpg","brizy_post_uid":["dab9dd26ac9865dcf3e113c0cdce6cfa","5c4c2fe80e24f8622762bac90259db7e","c0282ee2214458f75df994ec1c4812cf"]}},{"id":2919,"url":"https:\/\/sloengeldage.dk\/wp-content\/uploads\/Moelle.jpg","name":"Moelle.jpg","meta":{"brizy_attachment_uid":"wp-29fc1945e865cee6e3b878f9dd6aa587.jpg","brizy_post_uid":["dab9dd26ac9865dcf3e113c0cdce6cfa","5c4c2fe80e24f8622762bac90259db7e","4b87d37b0f84c6ddfc2e1e5790590d11"]}},{"id":2922,"url":"https:\/\/sloengeldage.dk\/wp-content\/uploads\/torv-bro.jpg","name":"torv-bro.jpg","meta":{"brizy_attachment_uid":"wp-b1225fcc6e3f9e5f7a2b618840b4030e.jpg","brizy_post_uid":["dab9dd26ac9865dcf3e113c0cdce6cfa","5c4c2fe80e24f8622762bac90259db7e","4b87d37b0f84c6ddfc2e1e5790590d11"]}},{"id":2929,"url":"https:\/\/sloengeldage.dk\/wp-content\/uploads\/Skrallebang-Orla.jpg","name":"Skrallebang-Orla.jpg","meta":{"brizy_attachment_uid":"wp-b44064878e4294ac8fd33168f6ca9d0b.jpg","brizy_post_uid":["dab9dd26ac9865dcf3e113c0cdce6cfa","4b87d37b0f84c6ddfc2e1e5790590d11","c0282ee2214458f75df994ec1c4812cf","5c4c2fe80e24f8622762bac90259db7e"]}},{"id":2931,"url":"https:\/\/sloengeldage.dk\/wp-content\/uploads\/Oerepinen.jpg","name":"Oerepinen.jpg","meta":{"brizy_attachment_uid":"wp-781e84090171c1d0c1ad558fa52be131.jpg","brizy_post_uid":["dab9dd26ac9865dcf3e113c0cdce6cfa","5c4c2fe80e24f8622762bac90259db7e","c0282ee2214458f75df994ec1c4812cf"]}},{"id":2940,"url":"https:\/\/sloengeldage.dk\/wp-content\/uploads\/Skrallebang.jpg","name":"Skrallebang.jpg","meta":{"brizy_attachment_uid":"wp-b369af4e8409f26800dae5907da6a770.jpg","brizy_post_uid":["dab9dd26ac9865dcf3e113c0cdce6cfa","5c4c2fe80e24f8622762bac90259db7e"]}},{"id":3724,"url":"https:\/\/sloengeldage.dk\/wp-content\/uploads\/fodbold.jpg","name":"fodbold.jpg","meta":{"brizy_attachment_uid":"wp-a7306fdacdb6f4592f6b5561d209c434.jpg","brizy_post_uid":["c0282ee2214458f75df994ec1c4812cf","5c4c2fe80e24f8622762bac90259db7e"]}},{"id":3806,"url":"https:\/\/sloengeldage.dk\/wp-content\/uploads\/Tombola-lykkehjul-m.-Heidi-scaled.jpg","name":"Tombola-lykkehjul-m.-Heidi.jpg","meta":{"brizy_attachment_uid":"wp-b043d22d41d42b9b0e70e7cf25cece8f.jpg","brizy_post_uid":["c0282ee2214458f75df994ec1c4812cf","5c4c2fe80e24f8622762bac90259db7e"]}},{"id":3826,"url":"https:\/\/sloengeldage.dk\/wp-content\/uploads\/Hodjas-Boghule.jpg","name":"Hodjas-Boghule.jpg","meta":{"brizy_attachment_uid":"wp-5ec87e76458e8abd55eac3870b1837ce.jpg","brizy_post_uid":["9b5f29d05a2c519c2e0b5d9eee63fd66","583c923eed38b04f44000e2ff3593cd9","5c4c2fe80e24f8622762bac90259db7e"]}},{"id":3892,"url":"https:\/\/sloengeldage.dk\/wp-content\/uploads\/Basseralle-front.jpg","name":"Basseralle-front.jpg","meta":{"brizy_attachment_uid":"wp-155931c0f9c5a1e2ce9da1e74d7f5303.jpg","brizy_post_uid":["5c4c2fe80e24f8622762bac90259db7e"]}},{"id":4507,"url":"https:\/\/sloengeldage.dk\/wp-content\/uploads\/Kulturtorvet-Fc-Skanderborg.jpg","name":"Kulturtorvet-Fc-Skanderborg.jpg","meta":{"brizy_attachment_uid":"wp-d03500a8a3f93c0c9d25e5f92839c841.jpg","brizy_post_uid":["5c4c2fe80e24f8622762bac90259db7e","c0282ee2214458f75df994ec1c4812cf"]}},{"id":4762,"url":"https:\/\/sloengeldage.dk\/wp-content\/uploads\/Basseralle-tre-paa-stribe-BRUG-denne.jpg","name":"Basseralle-tre-paa-stribe-BRUG-denne.jpg","meta":{"brizy_attachment_uid":"wp-ce0973c8f754727dadb63c8ad9f3f368.jpg","brizy_post_uid":["5c4c2fe80e24f8622762bac90259db7e","c0282ee2214458f75df994ec1c4812cf"]}}],"_links":{"self":[{"href":"https:\/\/sloengeldage.dk\/index.php\/wp-json\/wp\/v2\/pages\/3676","targetHints":{"allow":["GET"]}}],"collection":[{"href":"https:\/\/sloengeldage.dk\/index.php\/wp-json\/wp\/v2\/pages"}],"about":[{"href":"https:\/\/sloengeldage.dk\/index.php\/wp-json\/wp\/v2\/types\/page"}],"author":[{"embeddable":true,"href":"https:\/\/sloengeldage.dk\/index.php\/wp-json\/wp\/v2\/users\/1"}],"replies":[{"embeddable":true,"href":"https:\/\/sloengeldage.dk\/index.php\/wp-json\/wp\/v2\/comments?post=3676"}],"version-history":[{"count":6,"href":"https:\/\/sloengeldage.dk\/index.php\/wp-json\/wp\/v2\/pages\/3676\/revisions"}],"predecessor-version":[{"id":5390,"href":"https:\/\/sloengeldage.dk\/index.php\/wp-json\/wp\/v2\/pages\/3676\/revisions\/5390"}],"wp:attachment":[{"href":"https:\/\/sloengeldage.dk\/index.php\/wp-json\/wp\/v2\/media?parent=3676"}],"wp:term":[{"taxonomy":"folder","embeddable":true,"href":"https:\/\/sloengeldage.dk\/index.php\/wp-json\/wp\/v2\/folder?post=3676"}],"curies":[{"name":"wp","href":"https:\/\/api.w.org\/{rel}","templated":true}]}}