{"id":3415,"date":"2026-02-18T11:29:33","date_gmt":"2026-02-18T11:29:33","guid":{"rendered":"https:\/\/sloengeldage.dk\/index.php\/skanderborg-amatrteater-mobil\/"},"modified":"2026-05-08T03:53:05","modified_gmt":"2026-05-08T03:53:05","slug":"skanderborg-amatrteater-mobil","status":"publish","type":"page","link":"https:\/\/sloengeldage.dk\/index.php\/skanderborg-amatrteater-mobil\/","title":{"rendered":"Skanderborg Amat\u00f8rteater Mobil"},"content":{"rendered":"<div class=\"brz brz-root__container brz-reset-all brz-root__container-page\">\n<section id=\"x_Zs9qgAGPCy_x_Zs9qgAGPCy\" class=\"brz-section brz-css-d-section brz-css-17w0rke\">\n<div class=\"brz-section__content brz-section--boxed brz-css-d-sectionitem-bg brz-css-18rjwpw\" data-brz-custom-id=\"mXxCS2H1igph\">\n<div class=\"brz-container brz-css-d-sectionitem-container brz-css-qc5f95\">\n<div class=\"brz-row__container brz-css-d-row-row brz-css-1m2txfx\" data-brz-custom-id=\"eV4U8qpJhBX_\">\n<div class=\"brz-row brz-css-d-row-container brz-css-r-row-container brz-css-ywqluf\">\n<div class=\"brz-columns brz-css-d-column-column brz-css-jhdngc\" data-brz-custom-id=\"sGF18jR4T6Sv\">\n<div class=\"brz-column__items brz-css-d-column-bg brz-css-6lpr2\">\n<div id=\"\" class=\"brz-css-d-wrapper brz-css-xpyw5x brz-wrapper\">\n<div class=\"brz-image brz-css-d-image-pkhpldsije97-parent brz-css-14dy3ux\" data-brz-custom-id=\"pKhpLDSiJe97\"><a class=\"brz-a\" target=\"_self\" rel=\"noopener\" href=\"https:\/\/sloengeldage.dk\/index.php\/mobilforside\/\" data-brz-link-type=\"page\"><img decoding=\"async\" class=\"brz-img\" src=\"https:\/\/sloengeldage.dk\/wp-content\/uploads\/cropped-Gummi-Tarzan-2_512x512-1.png\" loading=\"lazy\" alt=\"\" title=\"cropped-Gummi-Tarzan-2_512x512-1.png\"><\/a><\/div>\n<\/div>\n<\/div>\n<\/div>\n<div class=\"brz-columns brz-css-d-column-column brz-css-y5ogwx\" data-brz-custom-id=\"bL9LitCphCE_\">\n<div class=\"brz-column__items brz-css-d-column-bg brz-css-18nzhg8\">\n<div id=\"\" class=\"brz-css-d-wrapper brz-css-vt8d1c brz-wrapper\">\n<div class=\"brz-image brz-css-d-image-osetgbakckuf-parent brz-css-59fiio\" data-brz-custom-id=\"oseTgbaKckUf\"><a class=\"brz-a\" target=\"_self\" rel=\"noopener\" href=\"https:\/\/sloengeldage.dk\/index.php\/mobilforside\/\" data-brz-link-type=\"page\"><img decoding=\"async\" class=\"brz-img\" src=\"https:\/\/sloengeldage.dk\/wp-content\/uploads\/sloengeldage_nyt_logo.png\" loading=\"lazy\" alt=\"\" title=\"sloengeldage_nyt_logo\"><\/a><\/div>\n<\/div>\n<\/div>\n<\/div>\n<\/div>\n<\/div>\n<div class=\"brz-row__container brz-css-d-row-row brz-css-1g4feag\" data-brz-custom-id=\"aYIXcXObgw3X\">\n<div class=\"brz-row brz-css-d-row-container brz-css-r-row-container brz-css-144l9dw\">\n<div class=\"brz-columns brz-css-d-column-column brz-css-17je8c4\" data-brz-custom-id=\"w8PQy7KvPk_r\">\n<div class=\"brz-column__items brz-css-d-column-bg brz-css-ttgwz7\">\n<div class=\"brz-wrapper-clone brz-flex-xs-wrap brz-css-d-cloneable brz-css-1cfasi6\" data-brz-custom-id=\"z4q5UmcOLYHm\">\n<div class=\"brz-icon__container\" data-brz-custom-id=\"zZCxNMMgeDxF\"><a class=\"brz-a\" target=\"_self\" rel=\"noopener\" href=\"history.go(-1)\" data-brz-link-type=\"external\"><span class=\"brz-icon brz-span brz-css-d-icon-icon brz-css-1nne2tx\" data-brz-tooltip-wrapper-id=\"zZCxNMMgeDxF\"><\/span><\/a><\/div>\n<p><span class=\"brz-tooltip brz-css-d-icon-tooltip brz-css-ft1a7w\" data-brz-tooltip-offset=\"10\" data-brz-tooltip-trigger=\"hover\" data-brz-tooltip-placement=\"top\" data-brz-element-id=\"zZCxNMMgeDxF\">Tilbage<span class=\"brz-tooltip--arrow\"><\/span><\/span><\/div>\n<\/div>\n<\/div>\n<div class=\"brz-columns brz-css-d-column-column brz-css-kxd25s\" data-brz-custom-id=\"ma_NWobS00y8\">\n<div class=\"brz-column__items brz-css-d-column-bg brz-css-1h795le\">\n<div class=\"brz-wrapper-clone brz-flex-xs-wrap brz-css-d-cloneable brz-css-anoxc0\" data-brz-custom-id=\"e0YBKyUdwk28\">\n<div class=\"brz-icon__container\" data-brz-custom-id=\"mSHZuwl4pnQ4\"><a class=\"brz-a\" target=\"_self\" rel=\"noopener\" href=\"https:\/\/sloengeldage.dk\/index.php\/mobilforside\/\" data-brz-link-type=\"page\"><span class=\"brz-icon brz-span brz-css-d-icon-icon brz-css-5i5chq\" data-brz-tooltip-wrapper-id=\"mSHZuwl4pnQ4\"><\/span><\/a><\/div>\n<p><span class=\"brz-tooltip brz-css-d-icon-tooltip brz-css-poucn5\" data-brz-tooltip-offset=\"10\" data-brz-tooltip-trigger=\"hover\" data-brz-tooltip-placement=\"top\" data-brz-element-id=\"mSHZuwl4pnQ4\">Forside<span class=\"brz-tooltip--arrow\"><\/span><\/span><\/div>\n<\/div>\n<\/div>\n<div class=\"brz-columns brz-css-d-column-column brz-css-3f82cx\" data-brz-custom-id=\"tDk481_nq3cy\">\n<div class=\"brz-column__items brz-css-d-column-bg brz-css-159mcky\">\n<div id=\"\" class=\"brz-css-d-wrapper brz-css-uy5ael brz-wrapper\">\n<div class=\"brz-rich-text brz-rich-text__custom brz-css-d-richtext brz-css-1teog1x\" data-brz-custom-id=\"dd4uKzmgBLh0\">\n<div data-brz-translate-text=\"1\">\n<p data-uniq-id=\"jHlMU\" data-generated-css=\"brz-css-slCbq\" class=\"brz-tp-lg-empty brz-ff-y0gaF530ilv7 brz-ft-upload brz-fs-lg-30 brz-fss-lg-px brz-fw-lg-700 brz-ls-lg-1_5 brz-lh-lg-1_3 brz-vfw-lg-400 brz-fwdth-lg-100 brz-fsft-lg-0 brz-text-lg-center brz-tp-xs-heading4 brz-css-ocNDA\"><a class=\"link--page brz-cp-color3\" href=\"https:\/\/sloengeldage.dk\/index.php\/program-kulturhuset-mobil\/\" data-brz-link-type=\"page\">Kultur-huset<\/a><\/p>\n<\/div>\n<\/div>\n<\/div>\n<\/div>\n<\/div>\n<div class=\"brz-columns brz-css-d-column-column brz-css-1dyz6r8\" data-brz-custom-id=\"stV0WeOH169N\">\n<div class=\"brz-column__items brz-css-d-column-bg brz-css-18ldf0k\">\n<div id=\"\" class=\"brz-css-d-wrapper brz-css-7014gv brz-wrapper\">\n<div class=\"brz-rich-text brz-rich-text__custom brz-css-d-richtext brz-css-1suua54\" data-brz-custom-id=\"dXXOcqCNNRSE\">\n<div data-brz-translate-text=\"1\">\n<p class=\"brz-fsft-lg-0 brz-fwdth-lg-100 brz-vfw-lg-400 brz-lh-lg-1_3 brz-ls-lg-1_5 brz-fw-lg-700 brz-fss-lg-px brz-fs-lg-30 brz-ft-upload brz-ff-y0gaF530ilv7 brz-tp-lg-empty brz-text-lg-center brz-tp-xs-heading4 brz-css-oAHko\" data-generated-css=\"brz-css-q_ItY\" data-uniq-id=\"qCoJa\"><a class=\"link--page brz-cp-color3\" href=\"https:\/\/sloengeldage.dk\/index.php\/program-byparken-mobil\/\" data-brz-link-type=\"page\">By-parken<\/a><\/p>\n<\/div>\n<\/div>\n<\/div>\n<\/div>\n<\/div>\n<div class=\"brz-columns brz-css-d-column-column brz-css-1su3xo8\" data-brz-custom-id=\"gFznJrUAjI9Q\">\n<div class=\"brz-column__items brz-css-d-column-bg brz-css-4rf4ud\">\n<div id=\"\" class=\"brz-css-d-wrapper brz-css-buljj brz-wrapper\">\n<div class=\"brz-rich-text brz-rich-text__custom brz-css-d-richtext brz-css-1rt06be\" data-brz-custom-id=\"qiX0wCd6ecFj\">\n<div data-brz-translate-text=\"1\">\n<p class=\"brz-fsft-lg-0 brz-fwdth-lg-100 brz-vfw-lg-400 brz-lh-lg-1_3 brz-ls-lg-1_5 brz-fw-lg-700 brz-fss-lg-px brz-fs-lg-30 brz-ft-upload brz-ff-y0gaF530ilv7 brz-tp-lg-empty brz-text-lg-center brz-tp-xs-heading4 brz-css-n_gcU\" data-generated-css=\"brz-css-gu8_M\" data-uniq-id=\"jPlWQ\"><a class=\"link--page brz-cp-color3\" href=\"https:\/\/sloengeldage.dk\/index.php\/program-kulturtorv-mobil\/\" data-brz-link-type=\"page\">Kultur-torvet<\/a><\/p>\n<\/div>\n<\/div>\n<\/div>\n<\/div>\n<\/div>\n<\/div>\n<\/div>\n<\/div>\n<\/div>\n<\/section>\n<section id=\"fDMVc4tW3MHZ_fDMVc4tW3MHZ\" class=\"brz-section brz-css-d-section brz-css-1xt89cq\">\n<div class=\"brz-section__content brz-section--boxed brz-css-d-sectionitem-bg brz-css-8li831\" data-brz-custom-id=\"knwGyulpCMhb\">\n<div class=\"brz-bg\">\n<div class=\"brz-bg-color\"><\/div>\n<\/div>\n<div class=\"brz-container brz-css-d-sectionitem-container brz-css-1hx1vtz\">\n<div class=\"brz-row__container brz-css-d-row-row brz-css-1chv4e1\" data-brz-custom-id=\"drGqS0wFcQiX\">\n<div class=\"brz-row brz-css-d-row-container brz-css-r-row-container brz-css-xrpqzr\">\n<div class=\"brz-columns brz-css-d-column-column brz-css-12zx8d\" data-brz-custom-id=\"xBqWNPj20W5B\">\n<div class=\"brz-column__items brz-css-d-column-bg brz-css-1dycf6b\">\n<div id=\"\" class=\"brz-css-d-wrapper brz-css-yaxmd4 brz-wrapper\">\n<div class=\"brz-rich-text brz-rich-text__custom brz-css-d-richtext brz-css-8p9e63\" data-brz-custom-id=\"v2593QlaDqtP\">\n<div data-brz-translate-text=\"1\">\n<h1 data-generated-css=\"brz-css-skQZI\" data-uniq-id=\"v5ol9\" class=\"brz-fs-lg-40 brz-ft-google brz-ff-roboto ql-align-center brz-text-lg-center brz-fss-lg-px brz-fw-lg-700 brz-ls-lg-m_1_5 brz-lh-lg-1_3 brz-vfw-lg-400 brz-fwdth-lg-100 brz-fsft-lg-0 brz-tp-lg-heading1 brz-css-hkhES\"><span class=\"brz-cp-color5\">Skanderborg Amat\u00f8rteater<\/span><\/h1>\n<\/div>\n<\/div>\n<\/div>\n<div id=\"\" class=\"brz-css-d-wrapper brz-css-ytu7x4 brz-wrapper\">\n<div class=\"brz-rich-text brz-rich-text__custom brz-css-d-richtext brz-css-1a81jfg\" data-brz-custom-id=\"k3VXVsrSlnf6\">\n<div data-brz-translate-text=\"1\">\n<p class=\"brz-tp-lg-empty brz-ff-roboto brz-ft-google brz-fs-lg-20 brz-fss-lg-px brz-fw-lg-400 brz-ls-lg-0 brz-lh-lg-1_7 brz-vfw-lg-400 brz-fwdth-lg-100 brz-fsft-lg-0 brz-css-q7bsT\" data-uniq-id=\"r8Ec7\" data-generated-css=\"brz-css-x_KeV\"><span class=\"brz-cp-color1 brz-span\" style=\"background-color: transparent\">Skanderborg Amat\u00f8rteater har gennem \u00e5rene dramatiseret mange af Ole Lund Kirkegaards b\u00f8ger. Til optoget og i l\u00f8bet af dagen kan du m\u00f8de et udvalg af de sk\u00f8nne karakterer fra b\u00f8gerne. M\u00e5ske kan du hilse p\u00e5 Hodja fra Pjort med b\u00e5de haremsdamer og kamel? <\/span><\/p>\n<p class=\"brz-tp-lg-empty brz-ff-roboto brz-ft-google brz-fs-lg-20 brz-fss-lg-px brz-fw-lg-400 brz-ls-lg-0 brz-lh-lg-1_7 brz-vfw-lg-400 brz-fwdth-lg-100 brz-fsft-lg-0 brz-css-gmfdp\" data-uniq-id=\"r8Ec7\" data-generated-css=\"brz-css-x_KeV\"><span class=\"brz-cp-color1 brz-span\" style=\"background-color: transparent\"> <\/span><\/p>\n<p class=\"brz-tp-lg-empty brz-ff-roboto brz-ft-google brz-fs-lg-20 brz-fss-lg-px brz-fw-lg-400 brz-ls-lg-0 brz-lh-lg-1_7 brz-vfw-lg-400 brz-fwdth-lg-100 brz-fsft-lg-0 brz-css-wFFln\" data-uniq-id=\"r8Ec7\" data-generated-css=\"brz-css-x_KeV\"><span class=\"brz-cp-color1 brz-span\" style=\"background-color: transparent\">Hvis du er modig, kan du pr\u00f8ve at snuppe en radise fra smedens have eller f\u00e5 skudt et billede af dig selv i kanonen hos kanonkongen.<\/span><\/p>\n<\/div>\n<\/div>\n<\/div>\n<div class=\"brz-wrapper-clone brz-flex-xs-wrap brz-css-d-cloneable brz-css-1ymbshh\" data-brz-custom-id=\"jdRyWT8DyG9R\"><a class=\"brz-a brz-btn brz-css-d-button brz-css-1nb3b7m brz-css-d-button-bg brz-css-4bmcdw\" target=\"_self\" rel=\"noopener\" href=\"https:\/\/www.skanderborgamatoerteater.dk\/\" data-brz-link-type=\"external\" data-brz-custom-id=\"seIRF10TY9QC\"><span data-brz-translate-text=\"1\" class=\"brz-span brz-text__editor\">L\u00e6s mere om Skanderborg Amat\u00f8rteater<\/span><\/a><\/div>\n<\/div>\n<\/div>\n<\/div>\n<\/div>\n<\/div>\n<\/div>\n<\/section>\n<section id=\"p9LLOFwQe1pt_p9LLOFwQe1pt\" class=\"brz-section brz-css-d-section brz-css-khanq3\">\n<div class=\"brz-section__content brz-section--boxed brz-css-d-sectionitem-bg brz-css-5gtac\" data-brz-custom-id=\"iifJkUYhOZaW\">\n<div class=\"brz-container brz-css-d-sectionitem-container brz-css-1r487d3\">\n<div class=\"brz-row__container brz-css-d-row-row brz-css-1c87349\" data-brz-custom-id=\"liVsZW_wiFMQ\">\n<div class=\"brz-row brz-css-d-row-container brz-css-r-row-container brz-css-o52frb\">\n<div class=\"brz-columns brz-css-d-column-column brz-css-7dchhg\" data-brz-custom-id=\"eD5W4iyYbYqg\">\n<div class=\"brz-bg\">\n<div class=\"brz-bg-color\"><\/div>\n<\/div>\n<div class=\"brz-column__items brz-css-d-column-bg brz-css-sw5ej9\">\n<div id=\"\" class=\"brz-css-d-wrapper brz-css-g8l7o4 brz-wrapper\">\n<div class=\"brz-image brz-css-d-image-y2zeneyugiup-parent brz-css-x6qza4\" data-brz-custom-id=\"y2ZENeyugIuP\"><img decoding=\"async\" class=\"brz-img\" src=\"https:\/\/sloengeldage.dk\/wp-content\/uploads\/Sloengeldage-24-web-Fotograf-Per-Bille-20240525DSC07766.jpg\" loading=\"lazy\" alt=\"\" title=\"Sl\u00f8ngeldage 24-web-Kanonkongen\"><\/div>\n<\/div>\n<\/div>\n<\/div>\n<\/div>\n<\/div>\n<\/div>\n<\/div>\n<\/section>\n<section id=\"wiObmBHEXkTw_wiObmBHEXkTw\" class=\"brz-section brz-css-d-section brz-css-ilcu4i\">\n<div class=\"brz-section__content brz-section--boxed brz-css-d-sectionitem-bg brz-css-m3rrzt\" data-brz-custom-id=\"qnTIlWyUo7f6\">\n<div class=\"brz-bg\">\n<div class=\"brz-bg-color\"><\/div>\n<\/div>\n<div class=\"brz-container brz-css-d-sectionitem-container brz-css-12jkkfv\">\n<div class=\"brz-row__container brz-css-d-row-row brz-css-1l39uy6\" data-brz-custom-id=\"gLNYCPrTY2xG\">\n<div class=\"brz-row brz-css-d-row-container brz-css-r-row-container brz-css-1c7l4u1\">\n<div class=\"brz-columns brz-css-d-column-column brz-css-1j24zxo\" data-brz-custom-id=\"iy547tz4gTZ3\">\n<div class=\"brz-column__items brz-css-d-column-bg brz-css-101qw9v\">\n<div id=\"\" class=\"brz-css-d-wrapper brz-css-h46lzj brz-wrapper\">\n<div class=\"brz-rich-text brz-rich-text__custom brz-css-d-richtext brz-css-1hccfke\" data-brz-custom-id=\"a0O1RMYKqq05\">\n<div data-brz-translate-text=\"1\">\n<p class=\"brz-tp-lg-paragraph brz-text-lg-center brz-css-gz_wL\" data-uniq-id=\"ojPnU\" data-generated-css=\"brz-css-v_9Gl\"><a class=\"link--page brz-cp-color1 brz-bgp-color8\" href=\"https:\/\/sloengeldage.dk\/index.php\/kontakt\/\" data-brz-link-type=\"page\">Kontakt Di Heslige Sl\u00f8nglers Klup<\/a><\/p>\n<\/div>\n<\/div>\n<\/div>\n<\/div>\n<\/div>\n<div class=\"brz-columns brz-css-d-column-column brz-css-eymwjk\" data-brz-custom-id=\"mP00YU397mfy\">\n<div class=\"brz-column__items brz-css-d-column-bg brz-css-qowrlw\">\n<div id=\"\" class=\"brz-css-d-wrapper brz-css-16alwl brz-wrapper\">\n<div class=\"brz-rich-text brz-rich-text__custom brz-css-d-richtext brz-css-1p4tsry\" data-brz-custom-id=\"aVZE2018PTDm\">\n<div data-brz-translate-text=\"1\">\n<p class=\"brz-tp-lg-paragraph brz-text-lg-center brz-css-c0HoZ\" data-uniq-id=\"zIrET\" data-generated-css=\"brz-css-mSOvL\"><a class=\"link--page brz-cp-color1 brz-bgp-color8\" href=\"https:\/\/sloengeldage.dk\/index.php\/privatslivserklaering\/\" data-brz-link-type=\"page\">Privatlivserkl\u00e6ring<\/a><\/p>\n<\/div>\n<\/div>\n<\/div>\n<\/div>\n<\/div>\n<\/div>\n<\/div>\n<\/div>\n<\/div>\n<\/section><\/div>\n<p><!-- version:1775556259 --><\/p>\n","protected":false},"excerpt":{"rendered":"<p>Tilbage Forside Kultur-huset By-parken Kultur-torvet Skanderborg Amat\u00f8rteater Skanderborg Amat\u00f8rteater har gennem \u00e5rene dramatiseret mange af Ole Lund Kirkegaards b\u00f8ger. Til optoget og i l\u00f8bet af dagen kan du m\u00f8de et udvalg af de sk\u00f8nne karakterer fra b\u00f8gerne. M\u00e5ske kan du hilse p\u00e5 Hodja fra Pjort med b\u00e5de haremsdamer og kamel? Hvis du er modig, kan &hellip; <\/p>\n<p class=\"link-more\"><a href=\"https:\/\/sloengeldage.dk\/index.php\/skanderborg-amatrteater-mobil\/\" class=\"more-link\">Continue reading<span class=\"screen-reader-text\"> &#8220;Skanderborg Amat\u00f8rteater Mobil&#8221;<\/span><\/a><\/p>\n","protected":false},"author":1,"featured_media":0,"parent":0,"menu_order":0,"comment_status":"closed","ping_status":"closed","template":"brizy-blank-template.php","meta":{"footnotes":""},"folder":[115],"class_list":["post-3415","page","type-page","status-publish","hentry","entry"],"brizy_media":[{"id":1256,"url":"https:\/\/sloengeldage.dk\/wp-content\/uploads\/Sloengeldage-24-web-Fotograf-Per-Bille-20240525DSC07766.jpg","name":"Sloengeldage-24-web-Fotograf-Per-Bille-20240525DSC07766.jpg","meta":{"brizy_attachment_uid":"wp-5a006a281d6e91a0e9df3383c803c24c.jpg","brizy_post_uid":["9be1c736802318713b19dfcea16bf880","ba26084534758070cf7e1e01ba58729e"]}},{"id":2811,"url":"https:\/\/sloengeldage.dk\/wp-content\/uploads\/SkanderborgAmatoerteater-1.webp","name":"SkanderborgAmatoerteater-1.webp","meta":{"brizy_attachment_uid":"wp-6d606a27836eaf37102de9f1752aa5ac.webp","brizy_post_uid":["ba26084534758070cf7e1e01ba58729e"]}}],"_links":{"self":[{"href":"https:\/\/sloengeldage.dk\/index.php\/wp-json\/wp\/v2\/pages\/3415","targetHints":{"allow":["GET"]}}],"collection":[{"href":"https:\/\/sloengeldage.dk\/index.php\/wp-json\/wp\/v2\/pages"}],"about":[{"href":"https:\/\/sloengeldage.dk\/index.php\/wp-json\/wp\/v2\/types\/page"}],"author":[{"embeddable":true,"href":"https:\/\/sloengeldage.dk\/index.php\/wp-json\/wp\/v2\/users\/1"}],"replies":[{"embeddable":true,"href":"https:\/\/sloengeldage.dk\/index.php\/wp-json\/wp\/v2\/comments?post=3415"}],"version-history":[{"count":8,"href":"https:\/\/sloengeldage.dk\/index.php\/wp-json\/wp\/v2\/pages\/3415\/revisions"}],"predecessor-version":[{"id":5749,"href":"https:\/\/sloengeldage.dk\/index.php\/wp-json\/wp\/v2\/pages\/3415\/revisions\/5749"}],"wp:attachment":[{"href":"https:\/\/sloengeldage.dk\/index.php\/wp-json\/wp\/v2\/media?parent=3415"}],"wp:term":[{"taxonomy":"folder","embeddable":true,"href":"https:\/\/sloengeldage.dk\/index.php\/wp-json\/wp\/v2\/folder?post=3415"}],"curies":[{"name":"wp","href":"https:\/\/api.w.org\/{rel}","templated":true}]}}