{"id":3404,"date":"2026-02-18T11:06:04","date_gmt":"2026-02-18T11:06:04","guid":{"rendered":"https:\/\/sloengeldage.dk\/index.php\/srvertogt-mobil\/"},"modified":"2026-05-08T03:44:47","modified_gmt":"2026-05-08T03:44:47","slug":"srvertogt-mobil","status":"publish","type":"page","link":"https:\/\/sloengeldage.dk\/index.php\/srvertogt-mobil\/","title":{"rendered":"S\u00f8r\u00f8vertogt mobil"},"content":{"rendered":"<div class=\"brz brz-root__container brz-reset-all brz-root__container-page\">\n<section id=\"cKo6KwwDV_uO_cKo6KwwDV_uO\" class=\"brz-section brz-css-d-section brz-css-1k151a4\">\n<div class=\"brz-section__content brz-section--boxed brz-css-d-sectionitem-bg brz-css-1kdhb5v\" data-brz-custom-id=\"hfFDyTEdUTQk\">\n<div class=\"brz-container brz-css-d-sectionitem-container brz-css-xs4t7r\">\n<div class=\"brz-row__container brz-css-d-row-row brz-css-16eup3x\" data-brz-custom-id=\"tsLGYK7_Cnp9\">\n<div class=\"brz-row brz-css-d-row-container brz-css-r-row-container brz-css-1xmfiyl\">\n<div class=\"brz-columns brz-css-d-column-column brz-css-1gb4fv6\" data-brz-custom-id=\"xvu5i1gdDJBp\">\n<div class=\"brz-column__items brz-css-d-column-bg brz-css-1fl50bp\">\n<div id=\"\" class=\"brz-css-d-wrapper brz-css-1bj5y6g brz-wrapper\">\n<div class=\"brz-image brz-css-d-image-dh8j9of7uqwk-parent brz-css-rqnrnq\" data-brz-custom-id=\"dh8J9of7UQwk\"><a class=\"brz-a\" target=\"_self\" rel=\"noopener\" href=\"https:\/\/sloengeldage.dk\/index.php\/mobilforside\/\" data-brz-link-type=\"page\"><img decoding=\"async\" class=\"brz-img\" src=\"https:\/\/sloengeldage.dk\/wp-content\/uploads\/cropped-Gummi-Tarzan-2_512x512-1.png\" loading=\"lazy\" alt=\"\" title=\"cropped-Gummi-Tarzan-2_512x512-1.png\"><\/a><\/div>\n<\/div>\n<\/div>\n<\/div>\n<div class=\"brz-columns brz-css-d-column-column brz-css-a01cq3\" data-brz-custom-id=\"qHcy7j2gfLRJ\">\n<div class=\"brz-column__items brz-css-d-column-bg brz-css-1dtkhae\">\n<div id=\"\" class=\"brz-css-d-wrapper brz-css-ehouzb brz-wrapper\">\n<div class=\"brz-image brz-css-d-image-ibeyhpepmbtx-parent brz-css-1ke0c62\" data-brz-custom-id=\"ibEYhPepMBtx\"><a class=\"brz-a\" target=\"_self\" rel=\"noopener\" href=\"https:\/\/sloengeldage.dk\/index.php\/mobilforside\/\" data-brz-link-type=\"page\"><img decoding=\"async\" class=\"brz-img\" src=\"https:\/\/sloengeldage.dk\/wp-content\/uploads\/sloengeldage_nyt_logo.png\" loading=\"lazy\" alt=\"\" title=\"sloengeldage_nyt_logo\"><\/a><\/div>\n<\/div>\n<\/div>\n<\/div>\n<\/div>\n<\/div>\n<div class=\"brz-row__container brz-css-d-row-row brz-css-16qlbn1\" data-brz-custom-id=\"n04e6E8l0swy\">\n<div class=\"brz-row brz-css-d-row-container brz-css-r-row-container brz-css-r6tyzz\">\n<div class=\"brz-columns brz-css-d-column-column brz-css-4akbo6\" data-brz-custom-id=\"wOASnIagEAuE\">\n<div class=\"brz-column__items brz-css-d-column-bg brz-css-9zpae3\">\n<div class=\"brz-wrapper-clone brz-flex-xs-wrap brz-css-d-cloneable brz-css-g6qdz1\" data-brz-custom-id=\"u9yQgIKmkhrl\">\n<div class=\"brz-icon__container\" data-brz-custom-id=\"l7bT65MEfV5h\"><a class=\"brz-a\" target=\"_self\" rel=\"noopener\" href=\"history.go(-1)\" data-brz-link-type=\"external\"><span class=\"brz-icon brz-span brz-css-d-icon-icon brz-css-qkygxx\" data-brz-tooltip-wrapper-id=\"l7bT65MEfV5h\"><\/span><\/a><\/div>\n<p><span class=\"brz-tooltip brz-css-d-icon-tooltip brz-css-4yjs4o\" data-brz-tooltip-offset=\"10\" data-brz-tooltip-trigger=\"hover\" data-brz-tooltip-placement=\"top\" data-brz-element-id=\"l7bT65MEfV5h\">Tilbage<span class=\"brz-tooltip--arrow\"><\/span><\/span><\/div>\n<\/div>\n<\/div>\n<div class=\"brz-columns brz-css-d-column-column brz-css-yb07s4\" data-brz-custom-id=\"pB2JY0tkeCm2\">\n<div class=\"brz-column__items brz-css-d-column-bg brz-css-13uwty6\">\n<div class=\"brz-wrapper-clone brz-flex-xs-wrap brz-css-d-cloneable brz-css-5014a5\" data-brz-custom-id=\"gtpLZlbI9Fgh\">\n<div class=\"brz-icon__container\" data-brz-custom-id=\"onn0s0rD8VYc\"><a class=\"brz-a\" target=\"_self\" rel=\"noopener\" href=\"https:\/\/sloengeldage.dk\/index.php\/mobilforside\/\" data-brz-link-type=\"page\"><span class=\"brz-icon brz-span brz-css-d-icon-icon brz-css-1a67ena\" data-brz-tooltip-wrapper-id=\"onn0s0rD8VYc\"><\/span><\/a><\/div>\n<p><span class=\"brz-tooltip brz-css-d-icon-tooltip brz-css-n2u450\" data-brz-tooltip-offset=\"10\" data-brz-tooltip-trigger=\"hover\" data-brz-tooltip-placement=\"top\" data-brz-element-id=\"onn0s0rD8VYc\">Forside<span class=\"brz-tooltip--arrow\"><\/span><\/span><\/div>\n<\/div>\n<\/div>\n<div class=\"brz-columns brz-css-d-column-column brz-css-rxga4w\" data-brz-custom-id=\"b14wIkW5DA0d\">\n<div class=\"brz-column__items brz-css-d-column-bg brz-css-13lz5zh\">\n<div id=\"\" class=\"brz-css-d-wrapper brz-css-1g8ae5w brz-wrapper\">\n<div class=\"brz-rich-text brz-rich-text__custom brz-css-d-richtext brz-css-7s7h78\" data-brz-custom-id=\"iLZYkr3RZtGQ\">\n<div data-brz-translate-text=\"1\">\n<p data-uniq-id=\"jHlMU\" data-generated-css=\"brz-css-slCbq\" class=\"brz-tp-lg-empty brz-ff-y0gaF530ilv7 brz-ft-upload brz-fs-lg-30 brz-fss-lg-px brz-fw-lg-700 brz-ls-lg-1_5 brz-lh-lg-1_3 brz-vfw-lg-400 brz-fwdth-lg-100 brz-fsft-lg-0 brz-text-lg-center brz-tp-xs-heading4 brz-css-r96Gi\"><a class=\"link--page brz-cp-color3\" href=\"https:\/\/sloengeldage.dk\/index.php\/program-kulturhuset-mobil\/\" data-brz-link-type=\"page\">Kultur-huset<\/a><\/p>\n<\/div>\n<\/div>\n<\/div>\n<\/div>\n<\/div>\n<div class=\"brz-columns brz-css-d-column-column brz-css-2umpgg\" data-brz-custom-id=\"miK23TZeGZC7\">\n<div class=\"brz-column__items brz-css-d-column-bg brz-css-1r3504m\">\n<div id=\"\" class=\"brz-css-d-wrapper brz-css-1hes77u brz-wrapper\">\n<div class=\"brz-rich-text brz-rich-text__custom brz-css-d-richtext brz-css-37fcgc\" data-brz-custom-id=\"h9GQ8wCPY2al\">\n<div data-brz-translate-text=\"1\">\n<p class=\"brz-fsft-lg-0 brz-fwdth-lg-100 brz-vfw-lg-400 brz-lh-lg-1_3 brz-ls-lg-1_5 brz-fw-lg-700 brz-fss-lg-px brz-fs-lg-30 brz-ft-upload brz-ff-y0gaF530ilv7 brz-tp-lg-empty brz-text-lg-center brz-tp-xs-heading4 brz-css-f0M9O\" data-generated-css=\"brz-css-q_ItY\" data-uniq-id=\"qCoJa\"><a class=\"link--page brz-cp-color3\" href=\"https:\/\/sloengeldage.dk\/index.php\/program-byparken-mobil\/\" data-brz-link-type=\"page\">By-parken<\/a><\/p>\n<\/div>\n<\/div>\n<\/div>\n<\/div>\n<\/div>\n<div class=\"brz-columns brz-css-d-column-column brz-css-16pxzmj\" data-brz-custom-id=\"aadQywr8MKwr\">\n<div class=\"brz-column__items brz-css-d-column-bg brz-css-1ehffm8\">\n<div id=\"\" class=\"brz-css-d-wrapper brz-css-1x3fvw7 brz-wrapper\">\n<div class=\"brz-rich-text brz-rich-text__custom brz-css-d-richtext brz-css-1jtxmah\" data-brz-custom-id=\"brWn03nvnHRB\">\n<div data-brz-translate-text=\"1\">\n<p class=\"brz-fsft-lg-0 brz-fwdth-lg-100 brz-vfw-lg-400 brz-lh-lg-1_3 brz-ls-lg-1_5 brz-fw-lg-700 brz-fss-lg-px brz-fs-lg-30 brz-ft-upload brz-ff-y0gaF530ilv7 brz-tp-lg-empty brz-text-lg-center brz-tp-xs-heading4 brz-css-mbd75\" data-generated-css=\"brz-css-gu8_M\" data-uniq-id=\"jPlWQ\"><a class=\"link--page brz-cp-color3\" href=\"https:\/\/sloengeldage.dk\/index.php\/program-kulturtorv-mobil\/\" data-brz-link-type=\"page\">Kultur-torvet<\/a><\/p>\n<\/div>\n<\/div>\n<\/div>\n<\/div>\n<\/div>\n<\/div>\n<\/div>\n<\/div>\n<\/div>\n<\/section>\n<section id=\"z9Ek2bqyiVGm_z9Ek2bqyiVGm\" class=\"brz-section brz-css-d-section brz-css-12vp7ig\">\n<div class=\"brz-section__content brz-section--boxed brz-css-d-sectionitem-bg brz-css-1fky7iu\" data-brz-custom-id=\"aAidTJ6LokHh\">\n<div class=\"brz-bg\">\n<div class=\"brz-bg-color\"><\/div>\n<\/div>\n<div class=\"brz-container brz-css-d-sectionitem-container brz-css-14fkjdr\">\n<div class=\"brz-row__container brz-css-d-row-row brz-css-usaimn\" data-brz-custom-id=\"pwRgBXGM3z5Q\">\n<div class=\"brz-row brz-css-d-row-container brz-css-r-row-container brz-css-1j78y5f\">\n<div class=\"brz-columns brz-css-d-column-column brz-css-1vt1qd\" data-brz-custom-id=\"dInfEWzcPYwe\">\n<div class=\"brz-column__items brz-css-d-column-bg brz-css-19pncbc\">\n<div id=\"\" class=\"brz-css-d-wrapper brz-css-1wpu06r brz-wrapper\">\n<div class=\"brz-rich-text brz-rich-text__custom brz-css-d-richtext brz-css-8yxv9f\" data-brz-custom-id=\"zjFsFj5rxL5y\">\n<div data-brz-translate-text=\"1\">\n<h1 class=\"brz-ls-xs-1_5 brz-fw-xs-700 brz-fss-xs-px brz-fs-xs-40 brz-tp-xs-empty brz-fsft-xs-0 brz-fwdth-xs-100 brz-vfw-xs-400 brz-lh-xs-1_3 brz-fsft-sm-0 brz-fwdth-sm-100 brz-vfw-sm-400 brz-lh-sm-1_3 brz-ls-sm-m_1 brz-fw-sm-700 brz-fss-sm-px brz-fs-sm-40 brz-tp-sm-empty brz-fs-lg-40 brz-ft-google brz-ff-roboto ql-align-center brz-text-lg-center brz-fss-lg-px brz-fw-lg-700 brz-ls-lg-m_1_5 brz-lh-lg-1_3 brz-vfw-lg-400 brz-fwdth-lg-100 brz-fsft-lg-0 brz-tp-lg-heading1 brz-css-m75BI\" data-generated-css=\"brz-css-lvXcf\" data-uniq-id=\"tDKBI\"><span class=\"brz-cp-color5\">S\u00f8r\u00f8vertogt: <\/span><\/h1>\n<h1 class=\"brz-ls-xs-1_5 brz-fw-xs-700 brz-fss-xs-px brz-fs-xs-40 brz-tp-xs-empty brz-fsft-xs-0 brz-fwdth-xs-100 brz-vfw-xs-400 brz-lh-xs-1_3 brz-fsft-sm-0 brz-fwdth-sm-100 brz-vfw-sm-400 brz-lh-sm-1_3 brz-ls-sm-m_1 brz-fw-sm-700 brz-fss-sm-px brz-fs-sm-40 brz-tp-sm-empty brz-fs-lg-40 brz-ft-google brz-ff-roboto ql-align-center brz-text-lg-center brz-fss-lg-px brz-fw-lg-700 brz-ls-lg-m_1_5 brz-lh-lg-1_3 brz-vfw-lg-400 brz-fwdth-lg-100 brz-fsft-lg-0 brz-tp-lg-heading1 brz-css-eOvvx\" data-generated-css=\"brz-css-zgJId\" data-uniq-id=\"s7tEy\"><span class=\"brz-cp-color5\">Kom an pirater!<\/span><\/h1>\n<\/div>\n<\/div>\n<\/div>\n<div id=\"\" class=\"brz-css-d-wrapper brz-css-19ulpjt brz-wrapper\">\n<div class=\"brz-rich-text brz-rich-text__custom brz-css-d-richtext brz-css-1yo8kde\" data-brz-custom-id=\"wImNDUyBkP3K\">\n<div data-brz-translate-text=\"1\">\n<p class=\"brz-tp-lg-paragraph brz-fss-lg-px brz-ft-google brz-ff-roboto brz-vfw-lg-400 brz-fwdth-lg-100 brz-fsft-lg-0 brz-css-gvndv\" data-uniq-id=\"oE6l7\" data-generated-css=\"brz-css-pZ7ad\"><span class=\"brz-cp-color3 brz-span\" style=\"background-color: transparent\"><strong>Kl. 10.45-11.20&nbsp;Bybadet \u2013&nbsp;<\/strong><\/span><span class=\"brz-cp-color4 brz-span\" style=\"background-color: transparent\"><strong>udsolgt<\/strong><\/span><\/p>\n<p class=\"brz-tp-lg-paragraph brz-fss-lg-px brz-ft-google brz-ff-roboto brz-vfw-lg-400 brz-fwdth-lg-100 brz-fsft-lg-0 brz-css-fV_tP\" data-uniq-id=\"bp7KV\" data-generated-css=\"brz-css-nciwo\"><span class=\"brz-cp-color3 brz-span\" style=\"background-color: transparent\"><strong>Kl. 12.05-12.40&nbsp;Bybadet \u2013&nbsp;<\/strong><\/span><span class=\"brz-cp-color4 brz-span\" style=\"background-color: transparent\"><strong>udsolgt<\/strong><\/span><\/p>\n<p class=\"brz-tp-lg-paragraph brz-fss-lg-px brz-ft-google brz-ff-roboto brz-vfw-lg-400 brz-fwdth-lg-100 brz-fsft-lg-0 brz-css-uGrIw\" data-uniq-id=\"d7ysD\" data-generated-css=\"brz-css-w3YtT\"><span class=\"brz-cp-color3 brz-span\" style=\"background-color: transparent\"><strong>Kl. 13.30-14.05&nbsp;Bybadet \u2013&nbsp;<\/strong><\/span><span class=\"brz-cp-color4 brz-span\" style=\"background-color: transparent\"><strong>udsolgt<\/strong><\/span><\/p>\n<p data-uniq-id=\"sFzWh\" data-generated-css=\"brz-css-m_24x\" class=\"brz-tp-lg-paragraph brz-fss-lg-px brz-ft-google brz-ff-roboto brz-vfw-lg-400 brz-fwdth-lg-100 brz-fsft-lg-0 brz-bcp-color3 brz-css-cXFfm\"><span class=\"brz-cp-color3 brz-span\" style=\"background-color: transparent\"><strong>Kl. 14.45-15.20&nbsp;Bybadet \u2013&nbsp;<\/strong><\/span><span class=\"brz-cp-color4 brz-span\" style=\"background-color: transparent\"><strong>udsolgt<\/strong><\/span><span class=\"brz-cp-color3 brz-span\" style=\"background-color: transparent\"><strong> <\/strong><\/span><\/p>\n<p class=\"brz-tp-lg-paragraph brz-fss-lg-px brz-ft-google brz-ff-roboto brz-vfw-lg-400 brz-fwdth-lg-100 brz-fsft-lg-0 brz-css-tg0zr\" data-uniq-id=\"agq8d\" data-generated-css=\"brz-css-px1Sa\"><span class=\"brz-cp-color1 brz-span\" style=\"background-color: transparent\">P\u00e5 s\u00f8r\u00f8verskibet Dagmar m\u00f8der du Kaptajn Gr\u00e5sk\u00e6g, piraten Jimmy, S\u00f8r\u00f8ver Sally, syngepiraten Sille med harmonika og papeg\u00f8jer. Kom bare an pirater!<\/span><\/p>\n<p class=\"brz-tp-lg-paragraph brz-fss-lg-px brz-ft-google brz-ff-roboto brz-vfw-lg-400 brz-fwdth-lg-100 brz-fsft-lg-0 brz-css-gvigT\" data-uniq-id=\"sCatD\" data-generated-css=\"brz-css-buPIW\"><span class=\"brz-cp-color1 brz-span\" style=\"background-color: transparent\"> <\/span><\/p>\n<p class=\"brz-tp-lg-paragraph brz-fss-lg-px brz-ft-google brz-ff-roboto brz-vfw-lg-400 brz-fwdth-lg-100 brz-fsft-lg-0 brz-css-vp8mi\" data-uniq-id=\"k8T3g\" data-generated-css=\"brz-css-tCDHy\"><span class=\"brz-cp-color1 brz-span\" style=\"background-color: transparent\">Du bliver udfordret og skal udvise vovemod som pirat, n\u00e5r skattekisten skal findes p\u00e5 de syv have. Splitte mine bramsejl\u2026 T\u00f8r du det?&nbsp;<\/span><\/p>\n<p class=\"brz-tp-lg-paragraph brz-fss-lg-px brz-ft-google brz-ff-roboto brz-vfw-lg-400 brz-fwdth-lg-100 brz-fsft-lg-0 brz-css-dSglj\" data-uniq-id=\"pkfo2\" data-generated-css=\"brz-css-wPxHg\"><span class=\"brz-cp-color1 brz-span\" style=\"background-color: transparent\">Du kan vinde en \u00e6gte guldm\u00f8nt og f\u00e5 et piratbevis, hvis du klarer udfordringerne. Hiv o\u00b4h\u00f8j\u2026<\/span><\/p>\n<p class=\"brz-tp-lg-paragraph brz-fss-lg-px brz-ft-google brz-ff-roboto brz-vfw-lg-400 brz-fwdth-lg-100 brz-fsft-lg-0 brz-css-aqTkT\" data-uniq-id=\"qLr2W\" data-generated-css=\"brz-css-cNIAV\"><span class=\"brz-cp-color1 brz-span\" style=\"background-color: transparent\">Tag en voksen med p\u00e5 sejladsen og deltag i jagten p\u00e5 guldet.&nbsp;<\/span><\/p>\n<p class=\"brz-tp-lg-paragraph brz-fss-lg-px brz-ft-google brz-ff-roboto brz-vfw-lg-400 brz-fwdth-lg-100 brz-fsft-lg-0 brz-css-t6JYE\" data-uniq-id=\"p6hXP\" data-generated-css=\"brz-css-dHxQP\"><span class=\"brz-cp-color1 brz-span\" style=\"background-color: transparent\"> <\/span><\/p>\n<p class=\"brz-tp-lg-paragraph brz-ff-roboto brz-ft-google brz-fss-lg-px brz-vfw-lg-400 brz-fwdth-lg-100 brz-fsft-lg-0 brz-css-bMDBK\" data-uniq-id=\"elgZg\" data-generated-css=\"brz-css-eqazw\"><span class=\"brz-cp-color1 brz-span\" style=\"background-color: transparent\">Sejlturen varer ca. 30 min., og b\u00e5de barn og voksen skal have billet. <\/span><\/p>\n<\/div>\n<\/div>\n<\/div>\n<\/div>\n<\/div>\n<\/div>\n<\/div>\n<\/div>\n<\/div>\n<\/section>\n<section id=\"fyhGHGegLgW1_fyhGHGegLgW1\" class=\"brz-section brz-css-d-section brz-css-t5574i\">\n<div class=\"brz-section__content brz-section--boxed brz-css-d-sectionitem-bg brz-css-ki2wc3\" data-brz-custom-id=\"kh3r8bfttkoJ\">\n<div class=\"brz-container brz-css-d-sectionitem-container brz-css-dlh3a0\">\n<div id=\"\" class=\"brz-css-d-wrapper brz-css-p88mmy brz-wrapper\">\n<div class=\"brz-image brz-css-d-image-ou1rknkahzky-parent brz-css-507wco\" data-brz-custom-id=\"oU1RkNKAHZkY\"><img decoding=\"async\" class=\"brz-img\" src=\"https:\/\/sloengeldage.dk\/wp-content\/uploads\/23-22.webp\" loading=\"lazy\" alt=\"\" title=\"23-22\"><\/div>\n<\/div>\n<\/div>\n<\/div>\n<\/section>\n<section id=\"zrU4kqmzPhs2_zrU4kqmzPhs2\" class=\"brz-section brz-css-d-section brz-css-xjch3n\">\n<div class=\"brz-section__content brz-section--boxed brz-css-d-sectionitem-bg brz-css-1ujvkif\" data-brz-custom-id=\"bN3cAZG88oWE\">\n<div class=\"brz-bg\">\n<div class=\"brz-bg-color\"><\/div>\n<\/div>\n<div class=\"brz-container brz-css-d-sectionitem-container brz-css-7ceb2h\">\n<div class=\"brz-row__container brz-css-d-row-row brz-css-xd2wjw\" data-brz-custom-id=\"dXzSv_k6AbSj\">\n<div class=\"brz-row brz-css-d-row-container brz-css-r-row-container brz-css-1lv9ekd\">\n<div class=\"brz-columns brz-css-d-column-column brz-css-1qmfjaz\" data-brz-custom-id=\"ki_H5YIQp5qa\">\n<div class=\"brz-column__items brz-css-d-column-bg brz-css-1ec8qvz\">\n<div id=\"\" class=\"brz-css-d-wrapper brz-css-1vegoe0 brz-wrapper\">\n<div class=\"brz-rich-text brz-rich-text__custom brz-css-d-richtext brz-css-1n3uc3q\" data-brz-custom-id=\"oWP64PgUrCb6\">\n<div data-brz-translate-text=\"1\">\n<p class=\"brz-tp-lg-paragraph brz-text-lg-center brz-css-ibzr8\" data-uniq-id=\"ojPnU\" data-generated-css=\"brz-css-v_9Gl\"><a class=\"link--page brz-cp-color1 brz-bgp-color8\" href=\"https:\/\/sloengeldage.dk\/index.php\/kontakt\/\" data-brz-link-type=\"page\">Kontakt Di Heslige Sl\u00f8nglers Klup<\/a><\/p>\n<\/div>\n<\/div>\n<\/div>\n<\/div>\n<\/div>\n<div class=\"brz-columns brz-css-d-column-column brz-css-1yk58t\" data-brz-custom-id=\"cmhE0XE45FDp\">\n<div class=\"brz-column__items brz-css-d-column-bg brz-css-14y0dua\">\n<div id=\"\" class=\"brz-css-d-wrapper brz-css-17ivf6g brz-wrapper\">\n<div class=\"brz-rich-text brz-rich-text__custom brz-css-d-richtext brz-css-qocjh\" data-brz-custom-id=\"cmO0xRfNhcGN\">\n<div data-brz-translate-text=\"1\">\n<p class=\"brz-tp-lg-paragraph brz-text-lg-center brz-css-tNOZM\" data-uniq-id=\"zIrET\" data-generated-css=\"brz-css-mSOvL\"><a class=\"link--page brz-cp-color1 brz-bgp-color8\" href=\"https:\/\/sloengeldage.dk\/index.php\/privatslivserklaering\/\" data-brz-link-type=\"page\">Privatlivserkl\u00e6ring<\/a><\/p>\n<\/div>\n<\/div>\n<\/div>\n<\/div>\n<\/div>\n<\/div>\n<\/div>\n<\/div>\n<\/div>\n<\/section><\/div>\n<p><!-- version:1775556291 --><\/p>\n","protected":false},"excerpt":{"rendered":"<p>Tilbage Forside Kultur-huset By-parken Kultur-torvet S\u00f8r\u00f8vertogt: Kom an pirater! Kl. 10.45-11.20&nbsp;Bybadet \u2013&nbsp;udsolgt Kl. 12.05-12.40&nbsp;Bybadet \u2013&nbsp;udsolgt Kl. 13.30-14.05&nbsp;Bybadet \u2013&nbsp;udsolgt Kl. 14.45-15.20&nbsp;Bybadet \u2013&nbsp;udsolgt P\u00e5 s\u00f8r\u00f8verskibet Dagmar m\u00f8der du Kaptajn Gr\u00e5sk\u00e6g, piraten Jimmy, S\u00f8r\u00f8ver Sally, syngepiraten Sille med harmonika og papeg\u00f8jer. Kom bare an pirater! Du bliver udfordret og skal udvise vovemod som pirat, n\u00e5r skattekisten skal findes &hellip; <\/p>\n<p class=\"link-more\"><a href=\"https:\/\/sloengeldage.dk\/index.php\/srvertogt-mobil\/\" class=\"more-link\">Continue reading<span class=\"screen-reader-text\"> &#8220;S\u00f8r\u00f8vertogt mobil&#8221;<\/span><\/a><\/p>\n","protected":false},"author":1,"featured_media":0,"parent":0,"menu_order":0,"comment_status":"closed","ping_status":"closed","template":"brizy-blank-template.php","meta":{"footnotes":""},"folder":[115],"class_list":["post-3404","page","type-page","status-publish","hentry","entry"],"brizy_media":[{"id":2230,"url":"https:\/\/sloengeldage.dk\/wp-content\/uploads\/23-22.webp","name":"23-22.webp","meta":{"brizy_attachment_uid":"wp-c36a80bb1c8d92036dc3be69b05c5f4b.webp","brizy_post_uid":["dcea96e3e28cd6a03924c8ae1b3f640f","76f312a750a629ccd217ab429bfddc3a"]}}],"_links":{"self":[{"href":"https:\/\/sloengeldage.dk\/index.php\/wp-json\/wp\/v2\/pages\/3404","targetHints":{"allow":["GET"]}}],"collection":[{"href":"https:\/\/sloengeldage.dk\/index.php\/wp-json\/wp\/v2\/pages"}],"about":[{"href":"https:\/\/sloengeldage.dk\/index.php\/wp-json\/wp\/v2\/types\/page"}],"author":[{"embeddable":true,"href":"https:\/\/sloengeldage.dk\/index.php\/wp-json\/wp\/v2\/users\/1"}],"replies":[{"embeddable":true,"href":"https:\/\/sloengeldage.dk\/index.php\/wp-json\/wp\/v2\/comments?post=3404"}],"version-history":[{"count":9,"href":"https:\/\/sloengeldage.dk\/index.php\/wp-json\/wp\/v2\/pages\/3404\/revisions"}],"predecessor-version":[{"id":5751,"href":"https:\/\/sloengeldage.dk\/index.php\/wp-json\/wp\/v2\/pages\/3404\/revisions\/5751"}],"wp:attachment":[{"href":"https:\/\/sloengeldage.dk\/index.php\/wp-json\/wp\/v2\/media?parent=3404"}],"wp:term":[{"taxonomy":"folder","embeddable":true,"href":"https:\/\/sloengeldage.dk\/index.php\/wp-json\/wp\/v2\/folder?post=3404"}],"curies":[{"name":"wp","href":"https:\/\/api.w.org\/{rel}","templated":true}]}}