{"id":3397,"date":"2026-02-18T11:03:21","date_gmt":"2026-02-18T11:03:21","guid":{"rendered":"https:\/\/sloengeldage.dk\/index.php\/volantes-mob\/"},"modified":"2026-05-08T03:36:00","modified_gmt":"2026-05-08T03:36:00","slug":"volantes-mob","status":"publish","type":"page","link":"https:\/\/sloengeldage.dk\/index.php\/volantes-mob\/","title":{"rendered":"Volantes Boksekamp og akrobatik mobil"},"content":{"rendered":"<div class=\"brz brz-root__container brz-reset-all brz-root__container-page\">\n<section id=\"vSLePfahqngn_vSLePfahqngn\" class=\"brz-section brz-css-d-section brz-css-jj7nl\">\n<div class=\"brz-section__content brz-section--boxed brz-css-d-sectionitem-bg brz-css-sj413e\" data-brz-custom-id=\"xZTtXxkrt_ny\">\n<div class=\"brz-container brz-css-d-sectionitem-container brz-css-zcj388\">\n<div class=\"brz-row__container brz-css-d-row-row brz-css-vmaxe0\" data-brz-custom-id=\"seUzh3IcbWca\">\n<div class=\"brz-row brz-css-d-row-container brz-css-r-row-container brz-css-v8s9wu\">\n<div class=\"brz-columns brz-css-d-column-column brz-css-1m0xrvp\" data-brz-custom-id=\"rf7e8qfqYyeB\">\n<div class=\"brz-column__items brz-css-d-column-bg brz-css-izs1nr\">\n<div id=\"\" class=\"brz-css-d-wrapper brz-css-381sj3 brz-wrapper\">\n<div class=\"brz-image brz-css-d-image-t0c8ln0tbwgk-parent brz-css-1hvpgmm\" data-brz-custom-id=\"t0C8ln0tBWGk\"><a class=\"brz-a\" target=\"_self\" rel=\"noopener\" href=\"https:\/\/sloengeldage.dk\/index.php\/mobilforside\/\" data-brz-link-type=\"page\"><img decoding=\"async\" class=\"brz-img\" src=\"https:\/\/sloengeldage.dk\/wp-content\/uploads\/cropped-Gummi-Tarzan-2_512x512-1.png\" loading=\"lazy\" alt=\"\" title=\"cropped-Gummi-Tarzan-2_512x512-1.png\"><\/a><\/div>\n<\/div>\n<\/div>\n<\/div>\n<div class=\"brz-columns brz-css-d-column-column brz-css-1ho6anh\" data-brz-custom-id=\"nb3gvDNea01w\">\n<div class=\"brz-column__items brz-css-d-column-bg brz-css-fthiil\">\n<div id=\"\" class=\"brz-css-d-wrapper brz-css-djbn66 brz-wrapper\">\n<div class=\"brz-image brz-css-d-image-nqeoiqrplqso-parent brz-css-13vjikl\" data-brz-custom-id=\"nQeOIQRPlqsO\"><a class=\"brz-a\" target=\"_self\" rel=\"noopener\" href=\"https:\/\/sloengeldage.dk\/index.php\/mobilforside\/\" data-brz-link-type=\"page\"><img decoding=\"async\" class=\"brz-img\" src=\"https:\/\/sloengeldage.dk\/wp-content\/uploads\/sloengeldage_nyt_logo.png\" loading=\"lazy\" alt=\"\" title=\"sloengeldage_nyt_logo\"><\/a><\/div>\n<\/div>\n<\/div>\n<\/div>\n<\/div>\n<\/div>\n<div class=\"brz-row__container brz-css-d-row-row brz-css-2xxl9a\" data-brz-custom-id=\"vbAUoyJODohB\">\n<div class=\"brz-row brz-css-d-row-container brz-css-r-row-container brz-css-14qixl3\">\n<div class=\"brz-columns brz-css-d-column-column brz-css-1dvjvcp\" data-brz-custom-id=\"rNhYAJE1IaCP\">\n<div class=\"brz-column__items brz-css-d-column-bg brz-css-17nnuay\">\n<div class=\"brz-wrapper-clone brz-flex-xs-wrap brz-css-d-cloneable brz-css-1o0mpwb\" data-brz-custom-id=\"y3l6ihIWmuMI\">\n<div class=\"brz-icon__container\" data-brz-custom-id=\"eMb_Phnt2P4G\"><a class=\"brz-a\" target=\"_self\" rel=\"noopener\" href=\"history.go(-1)\" data-brz-link-type=\"external\"><span class=\"brz-icon brz-span brz-css-d-icon-icon brz-css-13b498y\" data-brz-tooltip-wrapper-id=\"eMb_Phnt2P4G\"><\/span><\/a><\/div>\n<p><span class=\"brz-tooltip brz-css-d-icon-tooltip brz-css-wiykr8\" data-brz-tooltip-offset=\"10\" data-brz-tooltip-trigger=\"hover\" data-brz-tooltip-placement=\"top\" data-brz-element-id=\"eMb_Phnt2P4G\">Tilbage<span class=\"brz-tooltip--arrow\"><\/span><\/span><\/div>\n<\/div>\n<\/div>\n<div class=\"brz-columns brz-css-d-column-column brz-css-96lsvy\" data-brz-custom-id=\"hi8YYKXVEUAc\">\n<div class=\"brz-column__items brz-css-d-column-bg brz-css-1swrn17\">\n<div class=\"brz-wrapper-clone brz-flex-xs-wrap brz-css-d-cloneable brz-css-j8bty9\" data-brz-custom-id=\"go5jGl9IUe8d\">\n<div class=\"brz-icon__container\" data-brz-custom-id=\"kWU78utFSqX4\"><a class=\"brz-a\" target=\"_self\" rel=\"noopener\" href=\"https:\/\/sloengeldage.dk\/index.php\/mobilforside\/\" data-brz-link-type=\"page\"><span class=\"brz-icon brz-span brz-css-d-icon-icon brz-css-78vgpb\" data-brz-tooltip-wrapper-id=\"kWU78utFSqX4\"><\/span><\/a><\/div>\n<p><span class=\"brz-tooltip brz-css-d-icon-tooltip brz-css-zy7vy7\" data-brz-tooltip-offset=\"10\" data-brz-tooltip-trigger=\"hover\" data-brz-tooltip-placement=\"top\" data-brz-element-id=\"kWU78utFSqX4\">Forside<span class=\"brz-tooltip--arrow\"><\/span><\/span><\/div>\n<\/div>\n<\/div>\n<div class=\"brz-columns brz-css-d-column-column brz-css-1ngapey\" data-brz-custom-id=\"sK_V_PWgqHRA\">\n<div class=\"brz-column__items brz-css-d-column-bg brz-css-z73tuh\">\n<div id=\"\" class=\"brz-css-d-wrapper brz-css-1s9dzgs brz-wrapper\">\n<div class=\"brz-rich-text brz-rich-text__custom brz-css-d-richtext brz-css-1am8mcy\" data-brz-custom-id=\"pbIc4Q_1vfMj\">\n<div data-brz-translate-text=\"1\">\n<p data-uniq-id=\"jHlMU\" data-generated-css=\"brz-css-slCbq\" class=\"brz-tp-lg-empty brz-ff-y0gaF530ilv7 brz-ft-upload brz-fs-lg-30 brz-fss-lg-px brz-fw-lg-700 brz-ls-lg-1_5 brz-lh-lg-1_3 brz-vfw-lg-400 brz-fwdth-lg-100 brz-fsft-lg-0 brz-text-lg-center brz-tp-xs-heading4 brz-css-zdOpK\"><a class=\"link--page brz-cp-color3\" href=\"https:\/\/sloengeldage.dk\/index.php\/program-kulturhuset-mobil\/\" data-brz-link-type=\"page\">Kultur-huset<\/a><\/p>\n<\/div>\n<\/div>\n<\/div>\n<\/div>\n<\/div>\n<div class=\"brz-columns brz-css-d-column-column brz-css-6q40wx\" data-brz-custom-id=\"o3vvZ0xgG6CP\">\n<div class=\"brz-column__items brz-css-d-column-bg brz-css-1g2ps42\">\n<div id=\"\" class=\"brz-css-d-wrapper brz-css-130155g brz-wrapper\">\n<div class=\"brz-rich-text brz-rich-text__custom brz-css-d-richtext brz-css-1wq707o\" data-brz-custom-id=\"xMBehoHhNTFs\">\n<div data-brz-translate-text=\"1\">\n<p class=\"brz-fsft-lg-0 brz-fwdth-lg-100 brz-vfw-lg-400 brz-lh-lg-1_3 brz-ls-lg-1_5 brz-fw-lg-700 brz-fss-lg-px brz-fs-lg-30 brz-ft-upload brz-ff-y0gaF530ilv7 brz-tp-lg-empty brz-text-lg-center brz-tp-xs-heading4 brz-css-pP5_Y\" data-generated-css=\"brz-css-q_ItY\" data-uniq-id=\"qCoJa\"><a class=\"link--page brz-cp-color3\" href=\"https:\/\/sloengeldage.dk\/index.php\/program-byparken-mobil\/\" data-brz-link-type=\"page\">By-parken<\/a><\/p>\n<\/div>\n<\/div>\n<\/div>\n<\/div>\n<\/div>\n<div class=\"brz-columns brz-css-d-column-column brz-css-26g1rn\" data-brz-custom-id=\"iEr2CgwqQ4QF\">\n<div class=\"brz-column__items brz-css-d-column-bg brz-css-mz2w1h\">\n<div id=\"\" class=\"brz-css-d-wrapper brz-css-zu4knc brz-wrapper\">\n<div class=\"brz-rich-text brz-rich-text__custom brz-css-d-richtext brz-css-r3ycle\" data-brz-custom-id=\"jThwgnJnD2ZY\">\n<div data-brz-translate-text=\"1\">\n<p class=\"brz-fsft-lg-0 brz-fwdth-lg-100 brz-vfw-lg-400 brz-lh-lg-1_3 brz-ls-lg-1_5 brz-fw-lg-700 brz-fss-lg-px brz-fs-lg-30 brz-ft-upload brz-ff-y0gaF530ilv7 brz-tp-lg-empty brz-text-lg-center brz-tp-xs-heading4 brz-css-q_KPL\" data-generated-css=\"brz-css-gu8_M\" data-uniq-id=\"jPlWQ\"><a class=\"link--page brz-cp-color3\" href=\"https:\/\/sloengeldage.dk\/index.php\/program-kulturtorv-mobil\/\" data-brz-link-type=\"page\">Kultur-torvet<\/a><\/p>\n<\/div>\n<\/div>\n<\/div>\n<\/div>\n<\/div>\n<\/div>\n<\/div>\n<\/div>\n<\/div>\n<\/section>\n<section id=\"l5t66UhOsU0e_l5t66UhOsU0e\" class=\"brz-section brz-css-d-section brz-css-14dhglx\">\n<div class=\"brz-section__content brz-section--boxed brz-css-d-sectionitem-bg brz-css-1r34pfl\" data-brz-custom-id=\"jBLPTyXJZv_F\">\n<div class=\"brz-bg\">\n<div class=\"brz-bg-color\"><\/div>\n<\/div>\n<div class=\"brz-container brz-css-d-sectionitem-container brz-css-1o3wjkq\">\n<div class=\"brz-row__container brz-css-d-row-row brz-css-1ybhtb3\" data-brz-custom-id=\"guwwH8glKFWr\">\n<div class=\"brz-row brz-css-d-row-container brz-css-r-row-container brz-css-w5lvhl\">\n<div class=\"brz-columns brz-css-d-column-column brz-css-rsuy8p\" data-brz-custom-id=\"sZtEB987yuwv\">\n<div class=\"brz-column__items brz-css-d-column-bg brz-css-1jmaot3\">\n<div id=\"\" class=\"brz-css-d-wrapper brz-css-1glczt8 brz-wrapper\">\n<div class=\"brz-rich-text brz-rich-text__custom brz-css-d-richtext brz-css-1e4nhyf\" data-brz-custom-id=\"d1uYrfdAK4o5\">\n<div data-brz-translate-text=\"1\">\n<h1 class=\"brz-text-lg-justify brz-tp-lg-heading1 brz-fsft-lg-0 brz-fwdth-lg-100 brz-vfw-lg-400 brz-lh-lg-1_3 brz-ls-lg-m_1_5 brz-fw-lg-700 brz-fss-lg-px ql-align-center brz-ff-roboto brz-ft-google brz-fs-lg-40 brz-text-xs-center brz-css-p5ECI\" data-uniq-id=\"eOyb5\" data-generated-css=\"brz-css-fDNFc\"><span class=\"brz-cp-color5\">Volantes &#8211; Boksekamp og akrobatik<\/span><\/h1>\n<\/div>\n<\/div>\n<\/div>\n<div id=\"\" class=\"brz-css-d-wrapper brz-css-1nhfi9h brz-wrapper\">\n<div class=\"brz-rich-text brz-rich-text__custom brz-css-d-richtext brz-css-1gxhipv\" data-brz-custom-id=\"iHqlf97voZSN\">\n<div data-brz-translate-text=\"1\">\n<p class=\"brz-tp-lg-empty brz-ff-roboto brz-ft-google brz-fs-lg-20 brz-fss-lg-px brz-fw-lg-400 brz-ls-lg-0 brz-lh-lg-1_7 brz-vfw-lg-400 brz-fwdth-lg-100 brz-fsft-lg-0 brz-css-eeM00\" data-uniq-id=\"pY1cY\" data-generated-css=\"brz-css-qW1WF\"><span class=\"brz-cp-color3 brz-span\"><strong>Kl. 14.00-14.30, <\/strong><\/span><span class=\"brz-cp-color3 brz-span\" style=\"background-color: transparent\"><strong>Byparken, Kulturl\u00f8beren<\/strong><\/span><\/p>\n<p class=\"brz-tp-lg-empty brz-ff-roboto brz-ft-google brz-fs-lg-20 brz-fss-lg-px brz-fw-lg-400 brz-ls-lg-0 brz-lh-lg-1_7 brz-vfw-lg-400 brz-fwdth-lg-100 brz-fsft-lg-0 brz-css-a3abv\" data-uniq-id=\"b6sLP\" data-generated-css=\"brz-css-hhRP0\"><span class=\"brz-cp-color1 brz-span\" style=\"background-color: transparent\">Oplev en akrobatisk boksekamp mellem disse balstyriske n\u00e6vefightere, der k\u00e6mper med en intensitet, s\u00e5 selv publikum bliver svedt. De tre boksere leverer humor, spas og \u00e6gte stunts\u2026\u2026.det er b\u00e5de sjovt og nervepirrende!!<\/span><\/p>\n<p class=\"brz-tp-lg-empty brz-ff-roboto brz-ft-google brz-fs-lg-20 brz-fss-lg-px brz-fw-lg-400 brz-ls-lg-0 brz-lh-lg-1_7 brz-vfw-lg-400 brz-fwdth-lg-100 brz-fsft-lg-0 brz-css-aw7M1\" data-uniq-id=\"j17kB\" data-generated-css=\"brz-css-i7SMZ\"><\/p>\n<\/div>\n<\/div>\n<\/div>\n<\/div>\n<\/div>\n<\/div>\n<\/div>\n<\/div>\n<\/div>\n<\/section>\n<section id=\"roO32qNro6sY_roO32qNro6sY\" class=\"brz-section brz-css-d-section brz-css-1g7j164\">\n<div class=\"brz-section__content brz-section--boxed brz-css-d-sectionitem-bg brz-css-1ek09xo\" data-brz-custom-id=\"yM7gncyo_dh7\">\n<div class=\"brz-container brz-css-d-sectionitem-container brz-css-19mba5v\">\n<div class=\"brz-row__container brz-css-d-row-row brz-css-5k83n\" data-brz-custom-id=\"wNV2ttqmn862\">\n<div class=\"brz-row brz-css-d-row-container brz-css-r-row-container brz-css-awd4pm\">\n<div class=\"brz-columns brz-css-d-column-column brz-css-e508d3\" data-brz-custom-id=\"mS5OebUdOx3f\">\n<div class=\"brz-bg\">\n<div class=\"brz-bg-color\"><\/div>\n<\/div>\n<div class=\"brz-column__items brz-css-d-column-bg brz-css-myfzvs\">\n<div id=\"\" class=\"brz-css-d-wrapper brz-css-t28x93 brz-wrapper\">\n<div class=\"brz-image brz-css-d-image-sluqr61mvuch-parent brz-css-l3krqq\" data-brz-custom-id=\"sluQr61mVuch\"><img decoding=\"async\" class=\"brz-img\" src=\"https:\/\/sloengeldage.dk\/wp-content\/uploads\/Volantes-boksekamp-brug-denne-scaled.jpg\" loading=\"lazy\" alt=\"\" title=\"Volantes, boksekamp, brug denne\"><\/div>\n<\/div>\n<\/div>\n<\/div>\n<\/div>\n<\/div>\n<\/div>\n<\/div>\n<\/section>\n<section id=\"zo8Wbom7LdWo_zo8Wbom7LdWo\" class=\"brz-section brz-css-d-section brz-css-1g4s05o\">\n<div class=\"brz-section__content brz-section--boxed brz-css-d-sectionitem-bg brz-css-6jwibb\" data-brz-custom-id=\"bDKkj9d5u0ap\">\n<div class=\"brz-bg\">\n<div class=\"brz-bg-color\"><\/div>\n<\/div>\n<div class=\"brz-container brz-css-d-sectionitem-container brz-css-8m48c6\">\n<div class=\"brz-row__container brz-css-d-row-row brz-css-3h0qzm\" data-brz-custom-id=\"fDWVMErdULE7\">\n<div class=\"brz-row brz-css-d-row-container brz-css-r-row-container brz-css-fhttd4\">\n<div class=\"brz-columns brz-css-d-column-column brz-css-1ev3y63\" data-brz-custom-id=\"cStDPotHkyAy\">\n<div class=\"brz-column__items brz-css-d-column-bg brz-css-7nzuv2\">\n<div id=\"\" class=\"brz-css-d-wrapper brz-css-1997skg brz-wrapper\">\n<div class=\"brz-rich-text brz-rich-text__custom brz-css-d-richtext brz-css-1b2vlup\" data-brz-custom-id=\"h84cKu7ZXJMN\">\n<div data-brz-translate-text=\"1\">\n<p class=\"brz-tp-lg-paragraph brz-text-lg-center brz-css-iWzJM\" data-uniq-id=\"ojPnU\" data-generated-css=\"brz-css-v_9Gl\"><a class=\"link--page brz-cp-color1 brz-bgp-color8\" href=\"https:\/\/sloengeldage.dk\/index.php\/kontakt\/\" data-brz-link-type=\"page\">Kontakt Di Heslige Sl\u00f8nglers Klup<\/a><\/p>\n<\/div>\n<\/div>\n<\/div>\n<\/div>\n<\/div>\n<div class=\"brz-columns brz-css-d-column-column brz-css-w0y3na\" data-brz-custom-id=\"c4BdS_FvTFD6\">\n<div class=\"brz-column__items brz-css-d-column-bg brz-css-1vm0zfd\">\n<div id=\"\" class=\"brz-css-d-wrapper brz-css-7ri94c brz-wrapper\">\n<div class=\"brz-rich-text brz-rich-text__custom brz-css-d-richtext brz-css-1u2xtt8\" data-brz-custom-id=\"wmuyG_m4uOpe\">\n<div data-brz-translate-text=\"1\">\n<p class=\"brz-tp-lg-paragraph brz-text-lg-center brz-css-hqfXS\" data-uniq-id=\"zIrET\" data-generated-css=\"brz-css-mSOvL\"><a class=\"link--page brz-cp-color1 brz-bgp-color8\" href=\"https:\/\/sloengeldage.dk\/index.php\/privatslivserklaering\/\" data-brz-link-type=\"page\">Privatlivserkl\u00e6ring<\/a><\/p>\n<\/div>\n<\/div>\n<\/div>\n<\/div>\n<\/div>\n<\/div>\n<\/div>\n<\/div>\n<\/div>\n<\/section><\/div>\n<p><!-- version:1775556356 --><\/p>\n","protected":false},"excerpt":{"rendered":"<p>Tilbage Forside Kultur-huset By-parken Kultur-torvet Volantes &#8211; Boksekamp og akrobatik Kl. 14.00-14.30, Byparken, Kulturl\u00f8beren Oplev en akrobatisk boksekamp mellem disse balstyriske n\u00e6vefightere, der k\u00e6mper med en intensitet, s\u00e5 selv publikum bliver svedt. De tre boksere leverer humor, spas og \u00e6gte stunts\u2026\u2026.det er b\u00e5de sjovt og nervepirrende!! Kontakt Di Heslige Sl\u00f8nglers Klup Privatlivserkl\u00e6ring<\/p>\n","protected":false},"author":1,"featured_media":0,"parent":0,"menu_order":0,"comment_status":"closed","ping_status":"closed","template":"brizy-blank-template.php","meta":{"footnotes":""},"folder":[115],"class_list":["post-3397","page","type-page","status-publish","hentry","entry"],"brizy_media":[{"id":1255,"url":"https:\/\/sloengeldage.dk\/wp-content\/uploads\/Sloengeldage-24-web-Fotograf-Per-Bille-20240525DSC07688.jpg","name":"Sloengeldage-24-web-Fotograf-Per-Bille-20240525DSC07688.jpg","meta":{"brizy_attachment_uid":"wp-99bc3e20db176d2f1055601a4f056ee2.jpg","brizy_post_uid":["9be1c736802318713b19dfcea16bf880","dae103838889b56f4caf02bd81650a2e","5b4cd7c710be89d80008f661b59a849d"]}},{"id":2273,"url":"https:\/\/sloengeldage.dk\/wp-content\/uploads\/22.24.webp","name":"22.24.webp","meta":{"brizy_attachment_uid":"wp-59a37d88a885deb54a7d1e05d7b5e553.webp","brizy_post_uid":["20e8833a538e2d0d4835b1bc76a3ba97","dae103838889b56f4caf02bd81650a2e"]}},{"id":2780,"url":"https:\/\/sloengeldage.dk\/wp-content\/uploads\/Volantes2023boksekamp.webp","name":"Volantes2023boksekamp.webp","meta":{"brizy_attachment_uid":"wp-8d78cbfbbc663c9418771d6b128a0b49.webp","brizy_post_uid":["dae103838889b56f4caf02bd81650a2e"]}},{"id":2932,"url":"https:\/\/sloengeldage.dk\/wp-content\/uploads\/Volantes.jpg","name":"Volantes.jpg","meta":{"brizy_attachment_uid":"wp-1c19184f683b22fb5667a66285d57dab.jpg","brizy_post_uid":["dab9dd26ac9865dcf3e113c0cdce6cfa","dae103838889b56f4caf02bd81650a2e"]}},{"id":3751,"url":"https:\/\/sloengeldage.dk\/wp-content\/uploads\/Volantes-boksekamp.jpg","name":"Volantes-boksekamp.jpg","meta":{"brizy_attachment_uid":"wp-e7006caa3bb1fd0f37d9b7ee17e43aae.jpg","brizy_post_uid":["5b4cd7c710be89d80008f661b59a849d","dae103838889b56f4caf02bd81650a2e"]}},{"id":4765,"url":"https:\/\/sloengeldage.dk\/wp-content\/uploads\/Volantes-ildkamp.png","name":"Volantes-ildkamp.png","meta":{"brizy_attachment_uid":"wp-f11534c28644ed23fa93708ee5136a19.png","brizy_post_uid":["5b4cd7c710be89d80008f661b59a849d","dae103838889b56f4caf02bd81650a2e"]}},{"id":4939,"url":"https:\/\/sloengeldage.dk\/wp-content\/uploads\/Volantes-boksekamp-brug-denne-scaled.jpg","name":"Volantes-boksekamp-brug-denne.jpg","meta":{"brizy_attachment_uid":"wp-ac8ec16c2e0b1f8640ce0586d3571136.jpg","brizy_post_uid":["dae103838889b56f4caf02bd81650a2e"]}}],"_links":{"self":[{"href":"https:\/\/sloengeldage.dk\/index.php\/wp-json\/wp\/v2\/pages\/3397","targetHints":{"allow":["GET"]}}],"collection":[{"href":"https:\/\/sloengeldage.dk\/index.php\/wp-json\/wp\/v2\/pages"}],"about":[{"href":"https:\/\/sloengeldage.dk\/index.php\/wp-json\/wp\/v2\/types\/page"}],"author":[{"embeddable":true,"href":"https:\/\/sloengeldage.dk\/index.php\/wp-json\/wp\/v2\/users\/1"}],"replies":[{"embeddable":true,"href":"https:\/\/sloengeldage.dk\/index.php\/wp-json\/wp\/v2\/comments?post=3397"}],"version-history":[{"count":10,"href":"https:\/\/sloengeldage.dk\/index.php\/wp-json\/wp\/v2\/pages\/3397\/revisions"}],"predecessor-version":[{"id":5757,"href":"https:\/\/sloengeldage.dk\/index.php\/wp-json\/wp\/v2\/pages\/3397\/revisions\/5757"}],"wp:attachment":[{"href":"https:\/\/sloengeldage.dk\/index.php\/wp-json\/wp\/v2\/media?parent=3397"}],"wp:term":[{"taxonomy":"folder","embeddable":true,"href":"https:\/\/sloengeldage.dk\/index.php\/wp-json\/wp\/v2\/folder?post=3397"}],"curies":[{"name":"wp","href":"https:\/\/api.w.org\/{rel}","templated":true}]}}