{"id":3360,"date":"2026-02-17T12:04:25","date_gmt":"2026-02-17T12:04:25","guid":{"rendered":"https:\/\/sloengeldage.dk\/index.php\/om-slngeldage-mob\/"},"modified":"2026-05-07T05:36:12","modified_gmt":"2026-05-07T05:36:12","slug":"om-slngeldage-mob","status":"publish","type":"page","link":"https:\/\/sloengeldage.dk\/index.php\/om-slngeldage-mob\/","title":{"rendered":"Om Sl\u00f8ngeldage"},"content":{"rendered":"<div class=\"brz brz-root__container brz-reset-all brz-root__container-page\">\n<section id=\"rdpXDWROB25U_rdpXDWROB25U\" class=\"brz-section brz-css-d-section brz-css-1ix69dz\">\n<div class=\"brz-section__content brz-section--boxed brz-css-d-sectionitem-bg brz-css-1g8fcrz\" data-brz-custom-id=\"p4ePWACZUuyT\">\n<div class=\"brz-container brz-css-d-sectionitem-container brz-css-dsnjxk\">\n<div class=\"brz-row__container brz-css-d-row-row brz-css-1eyfz5m\" data-brz-custom-id=\"na2zU1DzlSv1\">\n<div class=\"brz-row brz-css-d-row-container brz-css-r-row-container brz-css-bo4txv\">\n<div class=\"brz-columns brz-css-d-column-column brz-css-18libxt\" data-brz-custom-id=\"y6DaQmBvQIy_\">\n<div class=\"brz-column__items brz-css-d-column-bg brz-css-1s8gsq\">\n<div id=\"\" class=\"brz-css-d-wrapper brz-css-1x8j818 brz-wrapper\">\n<div class=\"brz-image brz-css-d-image-iwl_nv4tzrli-parent brz-css-71bnbj\" data-brz-custom-id=\"iWl_nV4tZRLI\"><a class=\"brz-a\" target=\"_self\" rel=\"noopener\" href=\"https:\/\/sloengeldage.dk\/index.php\/mobilforside\/\" data-brz-link-type=\"page\"><img decoding=\"async\" class=\"brz-img\" src=\"https:\/\/sloengeldage.dk\/wp-content\/uploads\/cropped-Gummi-Tarzan-2_512x512-1.png\" loading=\"lazy\" alt=\"\" title=\"cropped-Gummi-Tarzan-2_512x512-1.png\"><\/a><\/div>\n<\/div>\n<\/div>\n<\/div>\n<div class=\"brz-columns brz-css-d-column-column brz-css-hn8q9f\" data-brz-custom-id=\"kTyruGRTgDn_\">\n<div class=\"brz-column__items brz-css-d-column-bg brz-css-1jeiou6\">\n<div id=\"\" class=\"brz-css-d-wrapper brz-css-88lxoh brz-wrapper\">\n<div class=\"brz-image brz-css-d-image-druknc9imsei-parent brz-css-15wa9to\" data-brz-custom-id=\"dRuknc9iMsEI\"><a class=\"brz-a\" target=\"_self\" rel=\"noopener\" href=\"https:\/\/sloengeldage.dk\/index.php\/mobilforside\/\" data-brz-link-type=\"page\"><img decoding=\"async\" class=\"brz-img\" src=\"https:\/\/sloengeldage.dk\/wp-content\/uploads\/sloengeldage_nyt_logo.png\" loading=\"lazy\" alt=\"\" title=\"sloengeldage_nyt_logo\"><\/a><\/div>\n<\/div>\n<\/div>\n<\/div>\n<\/div>\n<\/div>\n<div class=\"brz-row__container brz-css-d-row-row brz-css-l6c1xa\" data-brz-custom-id=\"pMl2U7z_bfhs\">\n<div class=\"brz-row brz-css-d-row-container brz-css-r-row-container brz-css-fiics9\">\n<div class=\"brz-columns brz-css-d-column-column brz-css-l2n51g\" data-brz-custom-id=\"bhChyQc2mMBQ\">\n<div class=\"brz-column__items brz-css-d-column-bg brz-css-1y3m5v7\">\n<div class=\"brz-wrapper-clone brz-flex-xs-wrap brz-css-d-cloneable brz-css-ye7dj7\" data-brz-custom-id=\"rSQTHrad1oc8\">\n<div class=\"brz-icon__container\" data-brz-custom-id=\"f5vqdHc1xK7z\"><a class=\"brz-a\" target=\"_self\" rel=\"noopener\" href=\"history.go(-1)\" data-brz-link-type=\"external\"><span class=\"brz-icon brz-span brz-css-d-icon-icon brz-css-1u8c96e\" data-brz-tooltip-wrapper-id=\"f5vqdHc1xK7z\"><\/span><\/a><\/div>\n<p><span class=\"brz-tooltip brz-css-d-icon-tooltip brz-css-1n1s674\" data-brz-tooltip-offset=\"10\" data-brz-tooltip-trigger=\"hover\" data-brz-tooltip-placement=\"top\" data-brz-element-id=\"f5vqdHc1xK7z\">Tilbage<span class=\"brz-tooltip--arrow\"><\/span><\/span><\/div>\n<\/div>\n<\/div>\n<div class=\"brz-columns brz-css-d-column-column brz-css-1u88g4w\" data-brz-custom-id=\"krFqUTcf3ADV\">\n<div class=\"brz-column__items brz-css-d-column-bg brz-css-a0fxib\">\n<div class=\"brz-wrapper-clone brz-flex-xs-wrap brz-css-d-cloneable brz-css-zwujka\" data-brz-custom-id=\"r09s1f845lHI\">\n<div class=\"brz-icon__container\" data-brz-custom-id=\"nd_fUZwIHXZj\"><a class=\"brz-a\" target=\"_self\" rel=\"noopener\" href=\"https:\/\/sloengeldage.dk\/index.php\/mobilforside\/\" data-brz-link-type=\"page\"><span class=\"brz-icon brz-span brz-css-d-icon-icon brz-css-1yphx3v\" data-brz-tooltip-wrapper-id=\"nd_fUZwIHXZj\"><\/span><\/a><\/div>\n<p><span class=\"brz-tooltip brz-css-d-icon-tooltip brz-css-1aslwau\" data-brz-tooltip-offset=\"10\" data-brz-tooltip-trigger=\"hover\" data-brz-tooltip-placement=\"top\" data-brz-element-id=\"nd_fUZwIHXZj\">Forside<span class=\"brz-tooltip--arrow\"><\/span><\/span><\/div>\n<\/div>\n<\/div>\n<div class=\"brz-columns brz-css-d-column-column brz-css-zv0x2t\" data-brz-custom-id=\"gbFFmaDK_hSY\">\n<div class=\"brz-column__items brz-css-d-column-bg brz-css-1kdkvqn\">\n<div id=\"\" class=\"brz-css-d-wrapper brz-css-1fk6srl brz-wrapper\">\n<div class=\"brz-rich-text brz-rich-text__custom brz-css-d-richtext brz-css-12nopcg\" data-brz-custom-id=\"i50BTbj2CSmE\">\n<div data-brz-translate-text=\"1\">\n<p data-uniq-id=\"jHlMU\" data-generated-css=\"brz-css-slCbq\" class=\"brz-tp-lg-empty brz-ff-y0gaF530ilv7 brz-ft-upload brz-fs-lg-30 brz-fss-lg-px brz-fw-lg-700 brz-ls-lg-1_5 brz-lh-lg-1_3 brz-vfw-lg-400 brz-fwdth-lg-100 brz-fsft-lg-0 brz-text-lg-center brz-tp-xs-heading4 brz-css-w3MTn\"><a class=\"link--page brz-cp-color3\" href=\"https:\/\/sloengeldage.dk\/index.php\/program-kulturhuset-mobil\/\" data-brz-link-type=\"page\">Kultur-huset<\/a><\/p>\n<\/div>\n<\/div>\n<\/div>\n<\/div>\n<\/div>\n<div class=\"brz-columns brz-css-d-column-column brz-css-1lz5mr0\" data-brz-custom-id=\"jko70nfk12_l\">\n<div class=\"brz-column__items brz-css-d-column-bg brz-css-hene9g\">\n<div id=\"\" class=\"brz-css-d-wrapper brz-css-1ei8db4 brz-wrapper\">\n<div class=\"brz-rich-text brz-rich-text__custom brz-css-d-richtext brz-css-103q3ce\" data-brz-custom-id=\"w10Uxjbu0Ufk\">\n<div data-brz-translate-text=\"1\">\n<p class=\"brz-fsft-lg-0 brz-fwdth-lg-100 brz-vfw-lg-400 brz-lh-lg-1_3 brz-ls-lg-1_5 brz-fw-lg-700 brz-fss-lg-px brz-fs-lg-30 brz-ft-upload brz-ff-y0gaF530ilv7 brz-tp-lg-empty brz-text-lg-center brz-tp-xs-heading4 brz-css-t4v2h\" data-generated-css=\"brz-css-q_ItY\" data-uniq-id=\"qCoJa\"><a class=\"link--page brz-cp-color3\" href=\"https:\/\/sloengeldage.dk\/index.php\/program-byparken-mobil\/\" data-brz-link-type=\"page\">By-parken<\/a><\/p>\n<\/div>\n<\/div>\n<\/div>\n<\/div>\n<\/div>\n<div class=\"brz-columns brz-css-d-column-column brz-css-g2yjb1\" data-brz-custom-id=\"drfNNlVnkJM4\">\n<div class=\"brz-column__items brz-css-d-column-bg brz-css-1kfwlgo\">\n<div id=\"\" class=\"brz-css-d-wrapper brz-css-1jxk08p brz-wrapper\">\n<div class=\"brz-rich-text brz-rich-text__custom brz-css-d-richtext brz-css-arlc58\" data-brz-custom-id=\"wg7uUKuIBx7a\">\n<div data-brz-translate-text=\"1\">\n<p class=\"brz-fsft-lg-0 brz-fwdth-lg-100 brz-vfw-lg-400 brz-lh-lg-1_3 brz-ls-lg-1_5 brz-fw-lg-700 brz-fss-lg-px brz-fs-lg-30 brz-ft-upload brz-ff-y0gaF530ilv7 brz-tp-lg-empty brz-text-lg-center brz-tp-xs-heading4 brz-css-fmUGm\" data-generated-css=\"brz-css-gu8_M\" data-uniq-id=\"jPlWQ\"><a class=\"link--page brz-cp-color3\" href=\"https:\/\/sloengeldage.dk\/index.php\/program-kulturtorv-mobil\/\" data-brz-link-type=\"page\">Kultur-torvet<\/a><\/p>\n<\/div>\n<\/div>\n<\/div>\n<\/div>\n<\/div>\n<\/div>\n<\/div>\n<\/div>\n<\/div>\n<\/section>\n<section id=\"onrWZ3IAfxfO_onrWZ3IAfxfO\" class=\"brz-section brz-css-d-section brz-css-1adh4yy\">\n<div class=\"brz-section__content brz-section--boxed brz-css-d-sectionitem-bg brz-css-12ps9fk\" data-brz-custom-id=\"zFhfwvswouqj\">\n<div class=\"brz-bg\">\n<div class=\"brz-bg-color\"><\/div>\n<\/div>\n<div class=\"brz-container brz-css-d-sectionitem-container brz-css-b34tpu\">\n<div class=\"brz-row__container brz-css-d-row-row brz-css-2i0lnt\" data-brz-custom-id=\"iQOapl4Py4As\">\n<div class=\"brz-row brz-css-d-row-container brz-css-r-row-container brz-css-1vg6q1v\">\n<div class=\"brz-columns brz-css-d-column-column brz-css-15kgmdr\" data-brz-custom-id=\"fASDh0vocTKn\">\n<div class=\"brz-column__items brz-css-d-column-bg brz-css-2c0cgt\">\n<div id=\"\" class=\"brz-css-d-wrapper brz-css-1e1u9e9 brz-wrapper\">\n<div class=\"brz-rich-text brz-rich-text__custom brz-css-d-richtext brz-css-1aammvc\" data-brz-custom-id=\"dgYoS4C82_V9\">\n<div data-brz-translate-text=\"1\">\n<h1 class=\"brz-tp-lg-heading1 brz-text-lg-center brz-ff-roboto brz-ft-google brz-fs-lg-36 brz-fss-lg-px brz-fw-lg-700 brz-ls-lg-m_1_5 brz-lh-lg-1_3 brz-vfw-lg-400 brz-fwdth-lg-100 brz-fsft-lg-0 brz-css-qlDTl\" data-generated-css=\"brz-css-ugDVO\" data-uniq-id=\"eMfp3\"><span class=\"brz-cp-color4\">Sl\u00f8ngeldage er arrangeret af <\/span><\/h1>\n<h1 class=\"brz-tp-lg-heading1 brz-text-lg-center brz-ff-roboto brz-ft-google brz-fs-lg-36 brz-fss-lg-px brz-fw-lg-700 brz-ls-lg-m_1_5 brz-lh-lg-1_3 brz-vfw-lg-400 brz-fwdth-lg-100 brz-fsft-lg-0 brz-css-w3rqp\" data-generated-css=\"brz-css-ugDVO\" data-uniq-id=\"eMfp3\"><span class=\"brz-cp-color4\">Di Heslige Sl\u00f8nglers Klup<\/span><\/h1>\n<\/div>\n<\/div>\n<\/div>\n<div id=\"\" class=\"brz-css-d-wrapper brz-css-1sqxkvc brz-wrapper\">\n<div class=\"brz-rich-text brz-rich-text__custom brz-css-d-richtext brz-css-qqd256\" data-brz-custom-id=\"yYLx4zbCNQjr\">\n<div data-brz-translate-text=\"1\">\n<p class=\"brz-tp-lg-paragraph brz-tp-sm-paragraph brz-ff-roboto brz-ft-google brz-fs-lg-25 brz-fss-lg-px brz-fw-lg-700 brz-ls-lg-m_1_5 brz-lh-lg-1_3 brz-vfw-lg-400 brz-fwdth-lg-100 brz-fsft-lg-0 brz-css-kALSX\" data-generated-css=\"brz-css-wA5lZ\" data-uniq-id=\"ekKso\"><span class=\"brz-cp-color1\">Sl\u00f8ngeldage best\u00e5r b\u00e5de af en r\u00e6kke aktiviteter for b\u00f8rn og b\u00f8rnefamilier samt et skoletilbud m\u00e5lrettet folkeskolens 3. klasser.<\/span><\/p>\n<\/div>\n<\/div>\n<\/div>\n<div id=\"\" class=\"brz-css-d-wrapper brz-css-12sk1ns brz-wrapper\">\n<div class=\"brz-rich-text brz-rich-text__custom brz-css-d-richtext brz-css-12ib2yv\" data-brz-custom-id=\"evIIGSzl1zmK\">\n<div data-brz-translate-text=\"1\">\n<p class=\"brz-tp-lg-paragraph brz-ff-roboto brz-ft-google brz-fs-lg-20 brz-fss-lg-px brz-fw-lg-400 brz-ls-lg-0 brz-lh-lg-1_7 brz-vfw-lg-400 brz-fwdth-lg-100 brz-fsft-lg-0 brz-css-yOnAR\" data-uniq-id=\"gNCzJ\" data-generated-css=\"brz-css-rXQpL\"><span class=\"brz-cp-color1 brz-span\">Di Heslige Sl\u00f8nglers Klup&nbsp;blev etableret i 2006. Foreningen har det form\u00e5l at skabe \u00e5rlige Sl\u00f8ngeldage, der skal s\u00e6tte fokus p\u00e5 Ole Lund Kirkegaards tidl\u00f8se forfatterskab, den gode b\u00f8rnelitteratur og det frie, fantasirige og skabende b\u00f8rneliv.&nbsp;<\/span><\/p>\n<\/div>\n<\/div>\n<\/div>\n<div class=\"brz-wrapper-clone brz-flex-xs-wrap brz-css-d-cloneable brz-css-1ghzggj\" data-brz-custom-id=\"czz8w1fyUmmG\"><a class=\"brz-a brz-btn brz-css-d-button brz-css-fu4u4s brz-css-d-button-bg brz-css-1boulhm\" target=\"_self\" rel=\"noopener\" href=\"https:\/\/sloengeldage.dk\/index.php\/bliv-frivillig\/\" data-brz-link-type=\"page\" data-brz-custom-id=\"lZjHSrYEk1Qg\"><span data-brz-translate-text=\"1\" class=\"brz-span brz-text__editor\">Bliv selv en sl\u00f8ngel<\/span><\/a><\/div>\n<div id=\"\" class=\"brz-css-d-wrapper brz-css-z1gxj2 brz-wrapper\">\n<div class=\"brz-rich-text brz-rich-text__custom brz-css-d-richtext brz-css-1x2su9z\" data-brz-custom-id=\"c19dxn6L5eBr\">\n<div data-brz-translate-text=\"1\">\n<p class=\"brz-fw-lg-400 brz-fss-lg-px brz-fs-lg-20 brz-ft-google brz-ff-roboto brz-fsft-lg-0 brz-fwdth-lg-100 brz-vfw-lg-400 brz-lh-lg-1_7 brz-ls-lg-0 brz-tp-lg-paragraph brz-css-lTygA\" data-uniq-id=\"yeE38\" data-generated-css=\"brz-css-zG6BI\"><span class=\"brz-cp-color1\">Di Heslige Sl\u00f8nglers Klup arrangerer Sl\u00f8ngeldage i samarbejde med Skanderborg Bibliotek, Kulturhuset Skanderborg, Skanderborg Kommune, Skanderborg Kulturskole, FGU Syd\u00f8stjylland, Museum Skanderborg og mange flere. <\/span><\/p>\n<p class=\"brz-fw-lg-400 brz-fss-lg-px brz-fs-lg-20 brz-ft-google brz-ff-roboto brz-fsft-lg-0 brz-fwdth-lg-100 brz-vfw-lg-400 brz-lh-lg-1_7 brz-ls-lg-0 brz-tp-lg-paragraph brz-css-ySlZ_\" data-uniq-id=\"eWANs\" data-generated-css=\"brz-css-kksFM\"><span class=\"brz-cp-color1\">Meld dig ind her. Kontingentet er p\u00e5 100 kroner om \u00e5ret. Send pengene via MobilePay #886253 eller inds\u00e6t dem p\u00e5 vores konto reg: 2640 konto 5499214997. Angiv gerne navn, mailadresse og telefonnummer.<\/span><\/p>\n<\/div>\n<\/div>\n<\/div>\n<div id=\"\" class=\"brz-css-d-wrapper brz-css-vbcxe1 brz-wrapper\">\n<div class=\"brz-rich-text brz-rich-text__custom brz-css-d-richtext brz-css-1l5il20\" data-brz-custom-id=\"y_jWjkcxKFVi\">\n<div data-brz-translate-text=\"1\">\n<p class=\"brz-text-lg-center brz-ff-roboto brz-ft-google brz-fs-lg-18 brz-fss-lg-px brz-fw-lg-400 brz-ls-lg-0_5 brz-lh-lg-1_7 brz-vfw-lg-400 brz-fwdth-lg-100 brz-fsft-lg-0 brz-tp-lg-paragraph brz-css-sAkmg\" data-generated-css=\"brz-css-h2mLs\" data-uniq-id=\"mxYCP\"><a class=\"link--upload brz-cp-color4 brz-underline-true\" href=\"https:\/\/sloengeldage.dk\/wp-content\/uploads\/Vedtaegter-Heslige-Sloenglers-Forening.pdf\" data-brz-link-type=\"upload\">Se foreningens vedt\u00e6gter <\/a><\/p>\n<p class=\"brz-ls-lg-0_5 brz-fs-lg-18 brz-fsft-lg-0 brz-fwdth-lg-100 brz-vfw-lg-400 brz-lh-lg-1_7 brz-fw-lg-400 brz-fss-lg-px brz-ft-google brz-ff-roboto brz-text-lg-center brz-tp-lg-paragraph brz-css-r9jXw\" data-generated-css=\"brz-css-mkcU2\" data-uniq-id=\"ggGWB\"><a class=\"link--upload brz-underline-true brz-cp-color4\" href=\"https:\/\/sloengeldage.dk\/wp-content\/uploads\/Vedtaegter-Heslige-Sloenglers-Forening.pdf\" data-brz-link-type=\"upload\"> <\/a><\/p>\n<p class=\"brz-fsft-lg-0 brz-fwdth-lg-100 brz-vfw-lg-400 brz-lh-lg-1_7 brz-ls-lg-0 brz-fw-lg-400 brz-fss-lg-px brz-fs-lg-20 brz-ft-google brz-ff-roboto brz-text-lg-center brz-tp-lg-paragraph brz-css-fDtSS\" data-generated-css=\"brz-css-qhlAN\" data-uniq-id=\"dp_86\"><a class=\"brz-cp-color4 link--page\" href=\"https:\/\/sloengeldage.dk\/index.php\/bestyrelsen-mob\/\" data-brz-link-type=\"page\">M\u00f8d Di Heslige Sl\u00f8ngler Klups bestyrelse<\/a><\/p>\n<\/div>\n<\/div>\n<\/div>\n<\/div>\n<\/div>\n<\/div>\n<\/div>\n<\/div>\n<\/div>\n<\/section>\n<section id=\"tRdjSu6Igw2l_tRdjSu6Igw2l\" class=\"brz-section brz-css-d-section brz-css-3jviym\">\n<div class=\"brz-section__content brz-section--boxed brz-css-d-sectionitem-bg brz-css-ojcfsz\" data-brz-custom-id=\"moWtvLigY1pL\">\n<div class=\"brz-bg\">\n<div class=\"brz-bg-color\"><\/div>\n<\/div>\n<div class=\"brz-container brz-css-d-sectionitem-container brz-css-1q1q3e3\">\n<div class=\"brz-row__container brz-css-d-row-row brz-css-4d4m1t\" data-brz-custom-id=\"ijLCWAX4Wwj9\">\n<div class=\"brz-row brz-css-d-row-container brz-css-r-row-container brz-css-zwcw5m\">\n<div class=\"brz-columns brz-css-d-column-column brz-css-1qmy58x\" data-brz-custom-id=\"v0q2fhrY8KHV\">\n<div class=\"brz-column__items brz-css-d-column-bg brz-css-9el4hd\">\n<div id=\"\" class=\"brz-css-d-wrapper brz-css-yoib5o brz-wrapper\">\n<div class=\"brz-rich-text brz-rich-text__custom brz-css-d-richtext brz-css-c0h2jx\" data-brz-custom-id=\"aVSUwqLfzRVM\">\n<div data-brz-translate-text=\"1\">\n<p class=\"brz-tp-lg-paragraph brz-text-lg-center brz-css-tqqAC\" data-uniq-id=\"ojPnU\" data-generated-css=\"brz-css-v_9Gl\"><a class=\"link--page brz-cp-color1 brz-bgp-color8\" href=\"https:\/\/sloengeldage.dk\/index.php\/kontakt\/\" data-brz-link-type=\"page\">Kontakt Di Heslige Sl\u00f8nglers Klup<\/a><\/p>\n<\/div>\n<\/div>\n<\/div>\n<\/div>\n<\/div>\n<div class=\"brz-columns brz-css-d-column-column brz-css-i2tjb3\" data-brz-custom-id=\"dhptRCWbb0Na\">\n<div class=\"brz-column__items brz-css-d-column-bg brz-css-aqwyya\">\n<div id=\"\" class=\"brz-css-d-wrapper brz-css-15x6a7l brz-wrapper\">\n<div class=\"brz-rich-text brz-rich-text__custom brz-css-d-richtext brz-css-16ocb1s\" data-brz-custom-id=\"nLEia0pYZYAd\">\n<div data-brz-translate-text=\"1\">\n<p class=\"brz-tp-lg-paragraph brz-text-lg-center brz-css-v8Uad\" data-uniq-id=\"zIrET\" data-generated-css=\"brz-css-mSOvL\"><a class=\"link--page brz-cp-color1 brz-bgp-color8\" href=\"https:\/\/sloengeldage.dk\/index.php\/privatslivserklaering\/\" data-brz-link-type=\"page\">Privatlivserkl\u00e6ring<\/a><\/p>\n<\/div>\n<\/div>\n<\/div>\n<\/div>\n<\/div>\n<\/div>\n<\/div>\n<\/div>\n<\/div>\n<\/section><\/div>\n<p><!-- version:1775554032 --><\/p>\n","protected":false},"excerpt":{"rendered":"<p>Tilbage Forside Kultur-huset By-parken Kultur-torvet Sl\u00f8ngeldage er arrangeret af Di Heslige Sl\u00f8nglers Klup Sl\u00f8ngeldage best\u00e5r b\u00e5de af en r\u00e6kke aktiviteter for b\u00f8rn og b\u00f8rnefamilier samt et skoletilbud m\u00e5lrettet folkeskolens 3. klasser. Di Heslige Sl\u00f8nglers Klup&nbsp;blev etableret i 2006. Foreningen har det form\u00e5l at skabe \u00e5rlige Sl\u00f8ngeldage, der skal s\u00e6tte fokus p\u00e5 Ole Lund Kirkegaards tidl\u00f8se &hellip; <\/p>\n<p class=\"link-more\"><a href=\"https:\/\/sloengeldage.dk\/index.php\/om-slngeldage-mob\/\" class=\"more-link\">Continue reading<span class=\"screen-reader-text\"> &#8220;Om Sl\u00f8ngeldage&#8221;<\/span><\/a><\/p>\n","protected":false},"author":1,"featured_media":0,"parent":0,"menu_order":0,"comment_status":"closed","ping_status":"closed","template":"brizy-blank-template.php","meta":{"footnotes":""},"folder":[114],"class_list":["post-3360","page","type-page","status-publish","hentry","entry"],"brizy_media":[{"id":874,"url":"https:\/\/sloengeldage.dk\/wp-content\/uploads\/Sloengeldag-Om-os.jpg","name":"Sloengeldag-Om-os.jpg","meta":{"brizy_attachment_uid":"wp-91abc97c9568727343d4e6655f96a7a9.jpg","brizy_post_uid":["920eb415ee9573d489c15b906072073a"]}},{"id":878,"url":"https:\/\/sloengeldage.dk\/wp-content\/uploads\/MP-qr.png","name":"MP-qr.png","meta":{"brizy_attachment_uid":"wp-02c002b0582d9d2f6a308baa43d13d6b.png","brizy_post_uid":["920eb415ee9573d489c15b906072073a"]}}],"_links":{"self":[{"href":"https:\/\/sloengeldage.dk\/index.php\/wp-json\/wp\/v2\/pages\/3360","targetHints":{"allow":["GET"]}}],"collection":[{"href":"https:\/\/sloengeldage.dk\/index.php\/wp-json\/wp\/v2\/pages"}],"about":[{"href":"https:\/\/sloengeldage.dk\/index.php\/wp-json\/wp\/v2\/types\/page"}],"author":[{"embeddable":true,"href":"https:\/\/sloengeldage.dk\/index.php\/wp-json\/wp\/v2\/users\/1"}],"replies":[{"embeddable":true,"href":"https:\/\/sloengeldage.dk\/index.php\/wp-json\/wp\/v2\/comments?post=3360"}],"version-history":[{"count":5,"href":"https:\/\/sloengeldage.dk\/index.php\/wp-json\/wp\/v2\/pages\/3360\/revisions"}],"predecessor-version":[{"id":5651,"href":"https:\/\/sloengeldage.dk\/index.php\/wp-json\/wp\/v2\/pages\/3360\/revisions\/5651"}],"wp:attachment":[{"href":"https:\/\/sloengeldage.dk\/index.php\/wp-json\/wp\/v2\/media?parent=3360"}],"wp:term":[{"taxonomy":"folder","embeddable":true,"href":"https:\/\/sloengeldage.dk\/index.php\/wp-json\/wp\/v2\/folder?post=3360"}],"curies":[{"name":"wp","href":"https:\/\/api.w.org\/{rel}","templated":true}]}}