{"id":3340,"date":"2026-02-17T11:43:38","date_gmt":"2026-02-17T11:43:38","guid":{"rendered":"https:\/\/sloengeldage.dk\/index.php\/pakke-h-mob\/"},"modified":"2026-05-08T03:37:24","modified_gmt":"2026-05-08T03:37:24","slug":"pakke-h-mob","status":"publish","type":"page","link":"https:\/\/sloengeldage.dk\/index.php\/pakke-h-mob\/","title":{"rendered":"Pakke H mobil"},"content":{"rendered":"<div class=\"brz brz-root__container brz-reset-all brz-root__container-page\">\n<section id=\"yxWW1Nno_DNO_yxWW1Nno_DNO\" class=\"brz-section brz-css-d-section brz-css-v5k8ke\">\n<div class=\"brz-section__content brz-section--boxed brz-css-d-sectionitem-bg brz-css-rxmton\" data-brz-custom-id=\"qjFDrmJPIFd8\">\n<div class=\"brz-container brz-css-d-sectionitem-container brz-css-4sz04l\">\n<div class=\"brz-row__container brz-css-d-row-row brz-css-ac5sre\" data-brz-custom-id=\"mosSKnvqM1TZ\">\n<div class=\"brz-row brz-css-d-row-container brz-css-r-row-container brz-css-1830yoh\">\n<div class=\"brz-columns brz-css-d-column-column brz-css-1mdj29k\" data-brz-custom-id=\"aKRMIuSC_Mxw\">\n<div class=\"brz-column__items brz-css-d-column-bg brz-css-efw8jd\">\n<div id=\"\" class=\"brz-css-d-wrapper brz-css-ebq993 brz-wrapper\">\n<div class=\"brz-image brz-css-d-image-j4ebfzigxnyd-parent brz-css-1g0c8wo\" data-brz-custom-id=\"j4EbFZIGXNyD\"><a class=\"brz-a\" target=\"_self\" rel=\"noopener\" href=\"https:\/\/sloengeldage.dk\/index.php\/mobilforside\/\" data-brz-link-type=\"page\"><img decoding=\"async\" class=\"brz-img\" src=\"https:\/\/sloengeldage.dk\/wp-content\/uploads\/cropped-Gummi-Tarzan-2_512x512-1.png\" loading=\"lazy\" alt=\"\" title=\"cropped-Gummi-Tarzan-2_512x512-1.png\"><\/a><\/div>\n<\/div>\n<\/div>\n<\/div>\n<div class=\"brz-columns brz-css-d-column-column brz-css-14rnuhc\" data-brz-custom-id=\"sIVDFlDQOBFk\">\n<div class=\"brz-column__items brz-css-d-column-bg brz-css-luemap\">\n<div id=\"\" class=\"brz-css-d-wrapper brz-css-bkrrh5 brz-wrapper\">\n<div class=\"brz-image brz-css-d-image-s27tv4l2hqkd-parent brz-css-17hbw3i\" data-brz-custom-id=\"s27tV4l2hQkd\"><a class=\"brz-a\" target=\"_self\" rel=\"noopener\" href=\"https:\/\/sloengeldage.dk\/index.php\/mobilforside\/\" data-brz-link-type=\"page\"><img decoding=\"async\" class=\"brz-img\" src=\"https:\/\/sloengeldage.dk\/wp-content\/uploads\/sloengeldage_nyt_logo.png\" loading=\"lazy\" alt=\"\" title=\"sloengeldage_nyt_logo\"><\/a><\/div>\n<\/div>\n<\/div>\n<\/div>\n<\/div>\n<\/div>\n<\/div>\n<\/div>\n<\/section>\n<section id=\"rOEhTWYnz6xI_rOEhTWYnz6xI\" class=\"brz-section brz-css-d-section brz-css-j0yikv\">\n<div class=\"brz-section__content brz-section--boxed brz-css-d-sectionitem-bg brz-css-11texsg\" data-brz-custom-id=\"it4I4k6yXMzx\">\n<div class=\"brz-bg\">\n<div class=\"brz-bg-color\"><\/div>\n<\/div>\n<div class=\"brz-container brz-css-d-sectionitem-container brz-css-iccfl4\">\n<div class=\"brz-row__container brz-css-d-row-row brz-css-1k6on3n\" data-brz-custom-id=\"t6ZTDCg92k5I\">\n<div class=\"brz-row brz-css-d-row-container brz-css-r-row-container brz-css-vzoyt2\">\n<div class=\"brz-columns brz-css-d-column-column brz-css-1ore5wb\" data-brz-custom-id=\"nSrkF1d8HeYd\">\n<div class=\"brz-column__items brz-css-d-column-bg brz-css-7zkiag\">\n<div id=\"\" class=\"brz-css-d-wrapper brz-css-ilob10 brz-wrapper\">\n<div class=\"brz-rich-text brz-rich-text__custom brz-css-d-richtext brz-css-qtf4hy\" data-brz-custom-id=\"eJaxfeSDRM8E\">\n<div data-brz-translate-text=\"1\">\n<p class=\"brz-tp-lg-empty brz-ff-roboto brz-ft-google brz-fs-lg-25 brz-fss-lg-px brz-fw-lg-700 brz-ls-lg-m_1_5 brz-lh-lg-1_3 brz-vfw-lg-400 brz-fwdth-lg-100 brz-fsft-lg-0 brz-css-ldPjx\" data-generated-css=\"brz-css-v1K9b\" data-uniq-id=\"zH1QN\"><span class=\"brz-cp-color5\"> <\/span><a class=\"brz-cp-color3 link--page\" href=\"https:\/\/sloengeldage.dk\/index.php\/mob-skoler\/\" data-brz-link-type=\"page\"><strong>Retur til Sl\u00f8ngeldag for skoler<\/strong><\/a><\/p>\n<p class=\"brz-tp-lg-empty brz-ff-roboto brz-ft-google brz-fs-lg-25 brz-fss-lg-px brz-fw-lg-700 brz-ls-lg-m_1_5 brz-lh-lg-1_3 brz-vfw-lg-400 brz-fwdth-lg-100 brz-fsft-lg-0 brz-css-bZcXs\" data-generated-css=\"brz-css-rbzuu\" data-uniq-id=\"ysPUl\"><span class=\"brz-cp-color5\"> <\/span><\/p>\n<p class=\"brz-tp-lg-empty brz-ff-roboto brz-ft-google brz-fs-lg-25 brz-fss-lg-px brz-fw-lg-700 brz-ls-lg-m_1_5 brz-lh-lg-1_3 brz-vfw-lg-400 brz-fwdth-lg-100 brz-fsft-lg-0 brz-css-ptWRL\" data-generated-css=\"brz-css-bE2_d\" data-uniq-id=\"wzWGC\"><span class=\"brz-cp-color5\">Pakke H: <\/span><span class=\"brz-cp-color5 brz-span\">Sommerb\u00e6k Skolen og Den Fri Hestehaveskole<\/span><\/p>\n<\/div>\n<\/div>\n<\/div>\n<div id=\"\" class=\"brz-css-d-wrapper brz-css-z2gqja brz-wrapper\">\n<div class=\"brz-rich-text brz-rich-text__custom brz-css-d-richtext brz-css-c0xrjt\" data-brz-custom-id=\"iju_cpyGS5qi\">\n<div data-brz-translate-text=\"1\">\n<p class=\"brz-tp-lg-paragraph brz-css-oq7ki\" data-uniq-id=\"oLcs9\" data-generated-css=\"brz-css-ggguP\"><span class=\"brz-cp-color1\">Program (Pakke H)<\/span><\/p>\n<\/div>\n<\/div>\n<\/div>\n<div class=\"brz-row__container brz-css-d-row-row brz-css-1tm0jaq\" data-brz-custom-id=\"iPXwWS_IiKTl\">\n<div class=\"brz-row brz-row--inner brz-css-d-row-container brz-css-r-row-container brz-css-xlzlau\">\n<div class=\"brz-columns brz-css-d-column-column brz-css-190snih\" data-brz-custom-id=\"tAxhWCLoYqp8\">\n<div class=\"brz-column__items brz-css-d-column-bg brz-css-5d4xct\">\n<div id=\"\" class=\"brz-css-d-wrapper brz-css-1smng2x brz-wrapper\">\n<div class=\"brz-rich-text brz-rich-text__custom brz-css-d-richtext brz-css-pch747\" data-brz-custom-id=\"z2RTGgjjKmZs\">\n<div data-brz-translate-text=\"1\">\n<p class=\"brz-tp-lg-paragraph brz-css-gIgS2\" data-uniq-id=\"iuUqg\" data-generated-css=\"brz-css-dKnAP\"><span class=\"brz-cp-color7\">09.30 &#8211; 10.15&nbsp;<\/span><\/p>\n<\/div>\n<\/div>\n<\/div>\n<\/div>\n<\/div>\n<div class=\"brz-columns brz-css-d-column-column brz-css-1iec6y7\" data-brz-custom-id=\"r4urXNu9JGLb\">\n<div class=\"brz-column__items brz-css-d-column-bg brz-css-7ze5ln\">\n<div id=\"\" class=\"brz-css-d-wrapper brz-css-154tqa3 brz-wrapper\">\n<div class=\"brz-rich-text brz-rich-text__custom brz-css-d-richtext brz-css-1srtgez\" data-brz-custom-id=\"q364dLnQyNnT\">\n<div data-brz-translate-text=\"1\">\n<p class=\"brz-tp-lg-empty brz-ff-roboto brz-ft-google brz-fs-lg-18 brz-fss-lg-px brz-fw-lg-700 brz-ls-lg-0_5 brz-lh-lg-1_7 brz-vfw-lg-400 brz-fwdth-lg-100 brz-fsft-lg-0 brz-css-gzhET\" data-uniq-id=\"w_9Y2\" data-generated-css=\"brz-css-hWRLE\"><span class=\"brz-cp-color1\">Andreas Boeskov<\/span><\/p>\n<p class=\"brz-tp-lg-paragraph brz-css-qP5Bb\" data-uniq-id=\"bMVYq\" data-generated-css=\"brz-css-sDuL1\"><span class=\"brz-cp-color1\"> <\/span><\/p>\n<p class=\"brz-tp-lg-paragraph brz-css-w9IlY\" data-uniq-id=\"bAFAd\" data-generated-css=\"brz-css-qmcsa\"><span class=\"brz-cp-color1\">Bibliotek<\/span><\/p>\n<p class=\"brz-tp-lg-paragraph brz-css-hMgbv\" data-uniq-id=\"tJrZu\" data-generated-css=\"brz-css-w3uXT\"><span class=\"brz-cp-color1\"> <\/span><\/p>\n<p class=\"brz-tp-lg-paragraph brz-css-b1W7C\" data-uniq-id=\"a7OOw\" data-generated-css=\"brz-css-iAnv6\"><a class=\"brz-cp-color1 link--page\" href=\"https:\/\/sloengeldage.dk\/index.php\/andreas-boeskov\/\" data-brz-link-type=\"page\">L\u00e6s mere <\/a><\/p>\n<\/div>\n<\/div>\n<\/div>\n<\/div>\n<\/div>\n<div class=\"brz-columns brz-css-d-column-column brz-css-1xkej88\" data-brz-custom-id=\"gfz4QW1FGJkV\">\n<div class=\"brz-column__items brz-css-d-column-bg brz-css-ktwze5\">\n<div id=\"\" class=\"brz-css-d-wrapper brz-css-1p90jf1 brz-wrapper\">\n<div class=\"brz-image brz-css-d-image-feuztrybrefz-parent brz-css-1rwguhg\" data-brz-custom-id=\"feUZTrybREFZ\"><a class=\"brz-a\" target=\"_self\" rel=\"noopener\" href=\"https:\/\/sloengeldage.dk\/index.php\/sigurd-barrett\/\" data-brz-link-type=\"page\"><img decoding=\"async\" class=\"brz-img\" src=\"https:\/\/sloengeldage.dk\/wp-content\/uploads\/Andreas-Boeskov.jpg\" loading=\"lazy\" alt=\"\" title=\"Andreas Boeskov\"><\/a><\/div>\n<\/div>\n<\/div>\n<\/div>\n<\/div>\n<\/div>\n<\/div>\n<\/div>\n<\/div>\n<\/div>\n<div id=\"\" class=\"brz-css-d-wrapper brz-css-14p6lbx brz-wrapper\">\n<div class=\"brz-rich-text brz-rich-text__custom brz-css-d-richtext brz-css-1mwf2b2\" data-brz-custom-id=\"ugxdy5g2iDZy\">\n<div data-brz-translate-text=\"1\">\n<p class=\"brz-tp-lg-paragraph brz-css-yzUqx\" data-generated-css=\"brz-css-e3I1J\" data-uniq-id=\"cYFG7\"><span class=\"brz-cp-color1\">10.15 &#8211; 10.45 Pause (30 min)<\/span><\/p>\n<\/div>\n<\/div>\n<\/div>\n<div class=\"brz-row__container brz-css-d-row-row brz-css-14c0km6\" data-brz-custom-id=\"qMRI4ZzW3Tzs\">\n<div class=\"brz-row brz-css-d-row-container brz-css-r-row-container brz-css-71zrkc\">\n<div class=\"brz-columns brz-css-d-column-column brz-css-ukxj3y\" data-brz-custom-id=\"p03GV2quokI2\">\n<div class=\"brz-column__items brz-css-d-column-bg brz-css-dq3m46\">\n<div class=\"brz-row__container brz-css-d-row-row brz-css-n3tfbj\" data-brz-custom-id=\"qx6rPi7MyRMT\">\n<div class=\"brz-row brz-row--inner brz-css-d-row-container brz-css-r-row-container brz-css-rzbwis\">\n<div class=\"brz-columns brz-css-d-column-column brz-css-1pro8ir\" data-brz-custom-id=\"eT8CWwVPBjEv\">\n<div class=\"brz-column__items brz-css-d-column-bg brz-css-ooxhtn\">\n<div id=\"\" class=\"brz-css-d-wrapper brz-css-1k8kpy0 brz-wrapper\">\n<div class=\"brz-rich-text brz-rich-text__custom brz-css-d-richtext brz-css-1eixdka\" data-brz-custom-id=\"kNiYDRzg3kJI\">\n<div data-brz-translate-text=\"1\">\n<p class=\"brz-tp-lg-paragraph brz-css-xa7DA\" data-generated-css=\"brz-css-rjiZA\" data-uniq-id=\"i7Bb8\"><span class=\"brz-cp-color7\">10.45 &#8211; 11.30<\/span><\/p>\n<\/div>\n<\/div>\n<\/div>\n<\/div>\n<\/div>\n<div class=\"brz-columns brz-css-d-column-column brz-css-1vtmgg4\" data-brz-custom-id=\"rutZtvY5OqPR\">\n<div class=\"brz-column__items brz-css-d-column-bg brz-css-1va3ysg\">\n<div id=\"\" class=\"brz-css-d-wrapper brz-css-ou38m1 brz-wrapper\">\n<div class=\"brz-rich-text brz-rich-text__custom brz-css-d-richtext brz-css-133ix8b\" data-brz-custom-id=\"vCleqFb3hxMu\">\n<div data-brz-translate-text=\"1\">\n<p class=\"brz-tp-lg-empty brz-ff-roboto brz-ft-google brz-fs-lg-18 brz-fss-lg-px brz-fw-lg-700 brz-ls-lg-0_5 brz-lh-lg-1_7 brz-vfw-lg-400 brz-fwdth-lg-100 brz-fsft-lg-0 brz-css-bJVCB\" data-generated-css=\"brz-css-qqS0c\" data-uniq-id=\"bGi4e\"><span class=\"brz-cp-color1\">Benni B\u00f8dker<\/span><\/p>\n<p class=\"brz-tp-lg-paragraph brz-css-mxiiv\" data-generated-css=\"brz-css-fug_A\" data-uniq-id=\"e8MF2\"><span class=\"brz-cp-color1\"> <\/span><\/p>\n<p class=\"brz-tp-lg-paragraph brz-css-pqxVg\" data-generated-css=\"brz-css-kiN4R\" data-uniq-id=\"uZLy4\"><span class=\"brz-cp-color1\">Kulturskolen<\/span><\/p>\n<p class=\"brz-tp-lg-paragraph brz-css-esAnp\" data-generated-css=\"brz-css-rp8DB\" data-uniq-id=\"kkxku\"><span class=\"brz-cp-color1\"> <\/span><\/p>\n<p class=\"brz-tp-lg-paragraph brz-css-iiERf\" data-generated-css=\"brz-css-qTUzO\" data-uniq-id=\"ljafn\"><a class=\"brz-cp-color1 link--page\" href=\"https:\/\/sloengeldage.dk\/index.php\/benni-boedker\/\" data-brz-link-type=\"page\">L\u00e6s mere <\/a><\/p>\n<\/div>\n<\/div>\n<\/div>\n<\/div>\n<\/div>\n<div class=\"brz-columns brz-css-d-column-column brz-css-113lkkv\" data-brz-custom-id=\"yyAcoNRZJG9l\">\n<div class=\"brz-column__items brz-css-d-column-bg brz-css-1wikkg4\">\n<div id=\"\" class=\"brz-css-d-wrapper brz-css-g43wpr brz-wrapper\">\n<div class=\"brz-image brz-css-d-image-v1mcgfsavxfl-parent brz-css-gdsslp\" data-brz-custom-id=\"v1MCgfSAvxfL\"><a class=\"brz-a\" target=\"_self\" rel=\"noopener\" href=\"https:\/\/sloengeldage.dk\/index.php\/nor-og-far\/\" data-brz-link-type=\"page\"><img decoding=\"async\" class=\"brz-img\" src=\"https:\/\/sloengeldage.dk\/wp-content\/uploads\/BennyBoedker.jpg\" loading=\"lazy\" alt=\"\" title=\"Benny+B\u00f8dker\"><\/a><\/div>\n<\/div>\n<\/div>\n<\/div>\n<\/div>\n<\/div>\n<\/div>\n<\/div>\n<\/div>\n<\/div>\n<div id=\"\" class=\"brz-css-d-wrapper brz-css-1rnx5kn brz-wrapper\">\n<div class=\"brz-rich-text brz-rich-text__custom brz-css-d-richtext brz-css-1h7iod3\" data-brz-custom-id=\"cjPtHkbKmjjZ\">\n<div data-brz-translate-text=\"1\">\n<p class=\"brz-tp-lg-paragraph brz-css-tCV2b\" data-generated-css=\"brz-css-wNkPH\" data-uniq-id=\"gDdnp\"><span class=\"brz-cp-color7\">11.30 &#8211; 12.15 Spisepause (45 min)<\/span><\/p>\n<\/div>\n<\/div>\n<\/div>\n<div class=\"brz-row__container brz-css-d-row-row brz-css-1k44sq1\" data-brz-custom-id=\"nPctzHdx2GBl\">\n<div class=\"brz-row brz-css-d-row-container brz-css-r-row-container brz-css-p4d5mk\">\n<div class=\"brz-columns brz-css-d-column-column brz-css-1lo3hw8\" data-brz-custom-id=\"hN6Lq_qgNWwe\">\n<div class=\"brz-column__items brz-css-d-column-bg brz-css-1nn3v5j\">\n<div class=\"brz-row__container brz-css-d-row-row brz-css-1i2r0kh\" data-brz-custom-id=\"fvGE7Fo2pdXc\">\n<div class=\"brz-row brz-row--inner brz-css-d-row-container brz-css-r-row-container brz-css-1900c0z\">\n<div class=\"brz-columns brz-css-d-column-column brz-css-cqbmm\" data-brz-custom-id=\"bTpomXIQz5YM\">\n<div class=\"brz-column__items brz-css-d-column-bg brz-css-bl4vj9\">\n<div id=\"\" class=\"brz-css-d-wrapper brz-css-1twd89l brz-wrapper\">\n<div class=\"brz-rich-text brz-rich-text__custom brz-css-d-richtext brz-css-8l4k9a\" data-brz-custom-id=\"xsxLGc8JqgW1\">\n<div data-brz-translate-text=\"1\">\n<p class=\"brz-tp-lg-paragraph brz-css-pYX0V\" data-generated-css=\"brz-css-ieGFO\" data-uniq-id=\"c6YIw\"><span class=\"brz-cp-color7\">12.15 &#8211; 13.00<\/span><\/p>\n<\/div>\n<\/div>\n<\/div>\n<\/div>\n<\/div>\n<div class=\"brz-columns brz-css-d-column-column brz-css-1omc01l\" data-brz-custom-id=\"bihuJUpc5OGH\">\n<div class=\"brz-column__items brz-css-d-column-bg brz-css-os1ne7\">\n<div id=\"\" class=\"brz-css-d-wrapper brz-css-1xcccwu brz-wrapper\">\n<div class=\"brz-rich-text brz-rich-text__custom brz-css-d-richtext brz-css-1c6h5hn\" data-brz-custom-id=\"rGx8w_nVgD0W\">\n<div data-brz-translate-text=\"1\">\n<p class=\"brz-fsft-lg-0 brz-fwdth-lg-100 brz-vfw-lg-400 brz-lh-lg-1_7 brz-ls-lg-0_5 brz-fw-lg-700 brz-fss-lg-px brz-fs-lg-18 brz-ft-google brz-ff-roboto brz-tp-lg-empty brz-css-pOFmW\" data-generated-css=\"brz-css-gmuJK\" data-uniq-id=\"dFOv7\"><span class=\"brz-cp-color1\">Sigurd Barrett<\/span><\/p>\n<p class=\"brz-tp-lg-paragraph brz-css-rhtp8\" data-generated-css=\"brz-css-tE7G1\" data-uniq-id=\"klULA\"><span class=\"brz-cp-color1\"> <\/span><\/p>\n<p class=\"brz-tp-lg-paragraph brz-css-joQzd\" data-generated-css=\"brz-css-vqDiL\" data-uniq-id=\"req8l\"><span class=\"brz-cp-color1\">Store Sal<\/span><span class=\"brz-cp-color1\">, Kulturhuset<\/span><span class=\"brz-cp-color1\"> <\/span><\/p>\n<p class=\"brz-tp-lg-paragraph brz-css-buQ9D\" data-generated-css=\"brz-css-yehsO\" data-uniq-id=\"lZo_1\"><span class=\"brz-cp-color1\"> <\/span><\/p>\n<p class=\"brz-tp-lg-paragraph brz-css-scykd\" data-generated-css=\"brz-css-sMp_A\" data-uniq-id=\"swCoO\"><a class=\"link--page brz-cp-color1\" href=\"https:\/\/sloengeldage.dk\/index.php\/sigurd-barrett\/\" data-brz-link-type=\"page\">L\u00e6s mere <\/a><\/p>\n<\/div>\n<\/div>\n<\/div>\n<\/div>\n<\/div>\n<div class=\"brz-columns brz-css-d-column-column brz-css-eyfdky\" data-brz-custom-id=\"z5Hi2Bh14tF2\">\n<div class=\"brz-column__items brz-css-d-column-bg brz-css-apn2bw\">\n<div id=\"\" class=\"brz-css-d-wrapper brz-css-x47k7l brz-wrapper\">\n<div class=\"brz-image brz-css-d-image-eketongcjk3l-parent brz-css-1o8ctd9\" data-brz-custom-id=\"eKETONGcjk3L\"><a class=\"brz-a\" target=\"_self\" rel=\"noopener\" href=\"https:\/\/sloengeldage.dk\/index.php\/sophie-souid-thomas-hjorthaab\/\" data-brz-link-type=\"page\"><img decoding=\"async\" class=\"brz-img\" src=\"https:\/\/sloengeldage.dk\/wp-content\/uploads\/SB_Sigurd-fortaeller-om-Rummet.jpg\" loading=\"lazy\" alt=\"\" title=\"SB_Sigurd-fortaeller-om-Rummet\"><\/a><\/div>\n<\/div>\n<\/div>\n<\/div>\n<\/div>\n<\/div>\n<\/div>\n<\/div>\n<\/div>\n<\/div>\n<\/div>\n<\/div>\n<\/section>\n<section id=\"s06LtCb1FW6m_s06LtCb1FW6m\" class=\"brz-section brz-css-d-section brz-css-yv8e7z\">\n<div class=\"brz-section__content brz-section--boxed brz-css-d-sectionitem-bg brz-css-1o4f10s\" data-brz-custom-id=\"ewinYm_jtbDH\">\n<div class=\"brz-bg\">\n<div class=\"brz-bg-color\"><\/div>\n<\/div>\n<div class=\"brz-container brz-css-d-sectionitem-container brz-css-1us8wx1\">\n<div class=\"brz-row__container brz-css-d-row-row brz-css-1mpeae6\" data-brz-custom-id=\"lsB5ApTlqm6i\">\n<div class=\"brz-row brz-css-d-row-container brz-css-r-row-container brz-css-13f6hi1\">\n<div class=\"brz-columns brz-css-d-column-column brz-css-1qtllkp\" data-brz-custom-id=\"mdyBGWDFVJ0m\">\n<div class=\"brz-column__items brz-css-d-column-bg brz-css-1kxb5f4\">\n<div id=\"\" class=\"brz-css-d-wrapper brz-css-z7acit brz-wrapper\">\n<div class=\"brz-rich-text brz-rich-text__custom brz-css-d-richtext brz-css-17lgfls\" data-brz-custom-id=\"vyASvEiKYkIN\">\n<div data-brz-translate-text=\"1\">\n<p class=\"brz-tp-lg-paragraph brz-text-lg-center brz-css-llSLH\" data-uniq-id=\"ojPnU\" data-generated-css=\"brz-css-v_9Gl\"><a class=\"link--page brz-cp-color1 brz-bgp-color8\" href=\"https:\/\/sloengeldage.dk\/index.php\/kontakt\/\" data-brz-link-type=\"page\">Kontakt Di Heslige Sl\u00f8nglers Klup<\/a><\/p>\n<\/div>\n<\/div>\n<\/div>\n<\/div>\n<\/div>\n<div class=\"brz-columns brz-css-d-column-column brz-css-1ly1yyf\" data-brz-custom-id=\"wbE811W5HDd6\">\n<div class=\"brz-column__items brz-css-d-column-bg brz-css-1pdfq3d\">\n<div id=\"\" class=\"brz-css-d-wrapper brz-css-4v1nc2 brz-wrapper\">\n<div class=\"brz-rich-text brz-rich-text__custom brz-css-d-richtext brz-css-109lu4c\" data-brz-custom-id=\"kAzCI2w_p6Nh\">\n<div data-brz-translate-text=\"1\">\n<p class=\"brz-tp-lg-paragraph brz-text-lg-center brz-css-lPMsp\" data-uniq-id=\"zIrET\" data-generated-css=\"brz-css-mSOvL\"><a class=\"link--page brz-cp-color1 brz-bgp-color8\" href=\"https:\/\/sloengeldage.dk\/index.php\/privatslivserklaering\/\" data-brz-link-type=\"page\">Privatlivserkl\u00e6ring<\/a><\/p>\n<\/div>\n<\/div>\n<\/div>\n<\/div>\n<\/div>\n<\/div>\n<\/div>\n<\/div>\n<\/div>\n<\/section><\/div>\n<p><!-- version:1775556764 --><\/p>\n","protected":false},"excerpt":{"rendered":"<p>Retur til Sl\u00f8ngeldag for skoler Pakke H: Sommerb\u00e6k Skolen og Den Fri Hestehaveskole Program (Pakke H) 09.30 &#8211; 10.15&nbsp; Andreas Boeskov Bibliotek L\u00e6s mere 10.15 &#8211; 10.45 Pause (30 min) 10.45 &#8211; 11.30 Benni B\u00f8dker Kulturskolen L\u00e6s mere 11.30 &#8211; 12.15 Spisepause (45 min) 12.15 &#8211; 13.00 Sigurd Barrett Store Sal, Kulturhuset L\u00e6s mere Kontakt &hellip; <\/p>\n<p class=\"link-more\"><a href=\"https:\/\/sloengeldage.dk\/index.php\/pakke-h-mob\/\" class=\"more-link\">Continue reading<span class=\"screen-reader-text\"> &#8220;Pakke H mobil&#8221;<\/span><\/a><\/p>\n","protected":false},"author":1,"featured_media":0,"parent":0,"menu_order":0,"comment_status":"closed","ping_status":"closed","template":"brizy-blank-template.php","meta":{"footnotes":""},"folder":[112],"class_list":["post-3340","page","type-page","status-publish","hentry","entry"],"brizy_media":[{"id":1794,"url":"https:\/\/sloengeldage.dk\/wp-content\/uploads\/SB_Sigurd-fortaeller-om-Rummet.jpg","name":"SB_Sigurd-fortaeller-om-Rummet.jpg","meta":{"brizy_attachment_uid":"wp-7a9b8a38722d703f22fa3030cf08f895.jpg","brizy_post_uid":["bc14acae54e3aea3130c1a34f9364120","a5ac2a14150c9ddf743b9eedf0cb1807","c6b87f3569faba4004b93f9ea00cb254","8188b2cae34aeb45536f747697c7511f","5554cc041f8759477609c1e7723d9013","c01d2e30a9326151559940b52cf26a89","01535875b694cabb84a3e7e5cebf38e9","b1db65effdd867fba92448bfc41bd833"]}},{"id":2536,"url":"https:\/\/sloengeldage.dk\/wp-content\/uploads\/BennyBoedker.jpg","name":"BennyBoedker.jpg","meta":{"brizy_attachment_uid":"wp-331ebb04da14c423ab02902d7359be46.jpg","brizy_post_uid":["faf191a54f72df432408c91907290cb4","8188b2cae34aeb45536f747697c7511f","b1db65effdd867fba92448bfc41bd833"]}},{"id":2543,"url":"https:\/\/sloengeldage.dk\/wp-content\/uploads\/Andreas-Boeskov.jpg","name":"Andreas-Boeskov.jpg","meta":{"brizy_attachment_uid":"wp-a8179c6824879c880f7c244b75e6d6c0.jpg","brizy_post_uid":["419e1d630dcf47f11f11f4836bd7cea4","8569fa31b2378c30331d17bb3c182451","b1db65effdd867fba92448bfc41bd833"]}}],"_links":{"self":[{"href":"https:\/\/sloengeldage.dk\/index.php\/wp-json\/wp\/v2\/pages\/3340","targetHints":{"allow":["GET"]}}],"collection":[{"href":"https:\/\/sloengeldage.dk\/index.php\/wp-json\/wp\/v2\/pages"}],"about":[{"href":"https:\/\/sloengeldage.dk\/index.php\/wp-json\/wp\/v2\/types\/page"}],"author":[{"embeddable":true,"href":"https:\/\/sloengeldage.dk\/index.php\/wp-json\/wp\/v2\/users\/1"}],"replies":[{"embeddable":true,"href":"https:\/\/sloengeldage.dk\/index.php\/wp-json\/wp\/v2\/comments?post=3340"}],"version-history":[{"count":4,"href":"https:\/\/sloengeldage.dk\/index.php\/wp-json\/wp\/v2\/pages\/3340\/revisions"}],"predecessor-version":[{"id":5779,"href":"https:\/\/sloengeldage.dk\/index.php\/wp-json\/wp\/v2\/pages\/3340\/revisions\/5779"}],"wp:attachment":[{"href":"https:\/\/sloengeldage.dk\/index.php\/wp-json\/wp\/v2\/media?parent=3340"}],"wp:term":[{"taxonomy":"folder","embeddable":true,"href":"https:\/\/sloengeldage.dk\/index.php\/wp-json\/wp\/v2\/folder?post=3340"}],"curies":[{"name":"wp","href":"https:\/\/api.w.org\/{rel}","templated":true}]}}