{"id":3331,"date":"2026-02-17T11:40:02","date_gmt":"2026-02-17T11:40:02","guid":{"rendered":"https:\/\/sloengeldage.dk\/index.php\/pakke-g-mob\/"},"modified":"2026-05-06T11:04:38","modified_gmt":"2026-05-06T11:04:38","slug":"pakke-g-mob","status":"publish","type":"page","link":"https:\/\/sloengeldage.dk\/index.php\/pakke-g-mob\/","title":{"rendered":"Pakke G mobil"},"content":{"rendered":"<div class=\"brz brz-root__container brz-reset-all brz-root__container-page\">\n<section id=\"mC4HL6yCqGFC_mC4HL6yCqGFC\" class=\"brz-section brz-css-d-section brz-css-uzp648\">\n<div class=\"brz-section__content brz-section--boxed brz-css-d-sectionitem-bg brz-css-rpzve4\" data-brz-custom-id=\"cBizePWaZiN9\">\n<div class=\"brz-container brz-css-d-sectionitem-container brz-css-9nunhn\">\n<div class=\"brz-row__container brz-css-d-row-row brz-css-wfcddy\" data-brz-custom-id=\"o4DdAa7_rqh_\">\n<div class=\"brz-row brz-css-d-row-container brz-css-r-row-container brz-css-173es3d\">\n<div class=\"brz-columns brz-css-d-column-column brz-css-d49nmb\" data-brz-custom-id=\"qFOuo3G7jti_\">\n<div class=\"brz-column__items brz-css-d-column-bg brz-css-1hvapgt\">\n<div id=\"\" class=\"brz-css-d-wrapper brz-css-14p3xma brz-wrapper\">\n<div class=\"brz-image brz-css-d-image-c_iiy5p0rywv-parent brz-css-1ltnsnl\" data-brz-custom-id=\"c_iiY5p0rYWV\"><a class=\"brz-a\" target=\"_self\" rel=\"noopener\" href=\"https:\/\/sloengeldage.dk\/index.php\/mobilforside\/\" data-brz-link-type=\"page\"><img decoding=\"async\" class=\"brz-img\" src=\"https:\/\/sloengeldage.dk\/wp-content\/uploads\/cropped-Gummi-Tarzan-2_512x512-1.png\" loading=\"lazy\" alt=\"\" title=\"cropped-Gummi-Tarzan-2_512x512-1.png\"><\/a><\/div>\n<\/div>\n<\/div>\n<\/div>\n<div class=\"brz-columns brz-css-d-column-column brz-css-o944nl\" data-brz-custom-id=\"f_vKZ7Hwx2sN\">\n<div class=\"brz-column__items brz-css-d-column-bg brz-css-hepa3\">\n<div id=\"\" class=\"brz-css-d-wrapper brz-css-w7h6aj brz-wrapper\">\n<div class=\"brz-image brz-css-d-image-naoz2gbhsyix-parent brz-css-1rkdxyd\" data-brz-custom-id=\"nAOZ2GBhSYix\"><a class=\"brz-a\" target=\"_self\" rel=\"noopener\" href=\"https:\/\/sloengeldage.dk\/index.php\/mobilforside\/\" data-brz-link-type=\"page\"><img decoding=\"async\" class=\"brz-img\" src=\"https:\/\/sloengeldage.dk\/wp-content\/uploads\/sloengeldage_nyt_logo.png\" loading=\"lazy\" alt=\"\" title=\"sloengeldage_nyt_logo\"><\/a><\/div>\n<\/div>\n<\/div>\n<\/div>\n<\/div>\n<\/div>\n<\/div>\n<\/div>\n<\/section>\n<section id=\"mENL7s4XNTzj_mENL7s4XNTzj\" class=\"brz-section brz-css-d-section brz-css-1bbrg8z\">\n<div class=\"brz-section__content brz-section--boxed brz-css-d-sectionitem-bg brz-css-1hbcxkv\" data-brz-custom-id=\"qzy2J7xYFY0B\">\n<div class=\"brz-bg\">\n<div class=\"brz-bg-color\"><\/div>\n<\/div>\n<div class=\"brz-container brz-css-d-sectionitem-container brz-css-1ruv5bg\">\n<div class=\"brz-row__container brz-css-d-row-row brz-css-1dsr9es\" data-brz-custom-id=\"fCD3XRn5vANq\">\n<div class=\"brz-row brz-css-d-row-container brz-css-r-row-container brz-css-1ak319y\">\n<div class=\"brz-columns brz-css-d-column-column brz-css-1ugcqr3\" data-brz-custom-id=\"sdbCWnGka7bY\">\n<div class=\"brz-column__items brz-css-d-column-bg brz-css-m9ao8x\">\n<div id=\"\" class=\"brz-css-d-wrapper brz-css-n4vzoi brz-wrapper\">\n<div class=\"brz-rich-text brz-rich-text__custom brz-css-d-richtext brz-css-54ighd\" data-brz-custom-id=\"bTL5zEZeHU3O\">\n<div data-brz-translate-text=\"1\">\n<p class=\"brz-tp-lg-empty brz-ff-roboto brz-ft-google brz-fs-lg-25 brz-fss-lg-px brz-fw-lg-700 brz-ls-lg-m_1_5 brz-lh-lg-1_3 brz-vfw-lg-400 brz-fwdth-lg-100 brz-fsft-lg-0 brz-css-dnTWR\" data-generated-css=\"brz-css-wCrUO\" data-uniq-id=\"nHwsl\"><span class=\"brz-cp-color5\"> <\/span><a class=\"brz-cp-color3 link--page\" href=\"https:\/\/sloengeldage.dk\/index.php\/mob-skoler\/\" data-brz-link-type=\"page\"><strong>Retur til Sl\u00f8ngeldag for skoler<\/strong><\/a><\/p>\n<p class=\"brz-tp-lg-empty brz-ff-roboto brz-ft-google brz-fs-lg-25 brz-fss-lg-px brz-fw-lg-700 brz-ls-lg-m_1_5 brz-lh-lg-1_3 brz-vfw-lg-400 brz-fwdth-lg-100 brz-fsft-lg-0 brz-css-y7E2v\" data-generated-css=\"brz-css-cziSz\" data-uniq-id=\"dAs1B\"><span class=\"brz-cp-color5\"> <\/span><\/p>\n<p class=\"brz-tp-lg-empty brz-ff-roboto brz-ft-google brz-fs-lg-25 brz-fss-lg-px brz-fw-lg-700 brz-ls-lg-m_1_5 brz-lh-lg-1_3 brz-vfw-lg-400 brz-fwdth-lg-100 brz-fsft-lg-0 brz-css-fgrU_\" data-generated-css=\"brz-css-ng_RZ\" data-uniq-id=\"kMWec\"><span class=\"brz-cp-color5\">Pakke G: <\/span><span class=\"brz-cp-color5 brz-span\">Skanderborg Realskole og L\u00e5sby Skole<\/span><\/p>\n<\/div>\n<\/div>\n<\/div>\n<div id=\"\" class=\"brz-css-d-wrapper brz-css-g4yl44 brz-wrapper\">\n<div class=\"brz-rich-text brz-rich-text__custom brz-css-d-richtext brz-css-1766hxp\" data-brz-custom-id=\"fCS9MDjMvJbn\">\n<div data-brz-translate-text=\"1\">\n<p class=\"brz-tp-lg-paragraph brz-css-hPes2\" data-uniq-id=\"zFOnh\" data-generated-css=\"brz-css-fQksv\"><span class=\"brz-cp-color1\">Program (Pakke G)<\/span><\/p>\n<\/div>\n<\/div>\n<\/div>\n<div class=\"brz-row__container brz-css-d-row-row brz-css-1s58cef\" data-brz-custom-id=\"x9p2CgDMZZrF\">\n<div class=\"brz-row brz-row--inner brz-css-d-row-container brz-css-r-row-container brz-css-17mie8a\">\n<div class=\"brz-columns brz-css-d-column-column brz-css-nu6xiu\" data-brz-custom-id=\"a13a4Xv1vtU3\">\n<div class=\"brz-column__items brz-css-d-column-bg brz-css-fa18s\">\n<div id=\"\" class=\"brz-css-d-wrapper brz-css-jpvz7k brz-wrapper\">\n<div class=\"brz-rich-text brz-rich-text__custom brz-css-d-richtext brz-css-1ggiddp\" data-brz-custom-id=\"qlNz3AtI4VnF\">\n<div data-brz-translate-text=\"1\">\n<p class=\"brz-tp-lg-paragraph brz-css-cGxtJ\" data-uniq-id=\"iuUqg\" data-generated-css=\"brz-css-dKnAP\"><span class=\"brz-cp-color7\">09.30 &#8211; 10.15&nbsp;<\/span><\/p>\n<\/div>\n<\/div>\n<\/div>\n<\/div>\n<\/div>\n<div class=\"brz-columns brz-css-d-column-column brz-css-x6en07\" data-brz-custom-id=\"e4rbJy2hN08o\">\n<div class=\"brz-column__items brz-css-d-column-bg brz-css-92d8i8\">\n<div id=\"\" class=\"brz-css-d-wrapper brz-css-17eovxa brz-wrapper\">\n<div class=\"brz-rich-text brz-rich-text__custom brz-css-d-richtext brz-css-iwo7dm\" data-brz-custom-id=\"bc72vjwKIcwK\">\n<div data-brz-translate-text=\"1\">\n<p class=\"brz-tp-lg-empty brz-ff-roboto brz-ft-google brz-fs-lg-18 brz-fss-lg-px brz-fw-lg-700 brz-ls-lg-0_5 brz-lh-lg-1_7 brz-vfw-lg-400 brz-fwdth-lg-100 brz-fsft-lg-0 brz-css-kN6FW\" data-uniq-id=\"knEyJ\" data-generated-css=\"brz-css-jwbWV\"><span class=\"brz-cp-color1\">Mette Veds\u00f8<\/span><\/p>\n<p class=\"brz-tp-lg-paragraph brz-css-ilWvJ\" data-uniq-id=\"fj4eP\" data-generated-css=\"brz-css-hSpw_\"><span class=\"brz-cp-color1\"> <\/span><\/p>\n<p class=\"brz-tp-lg-paragraph brz-css-uBfTw\" data-uniq-id=\"agh3W\" data-generated-css=\"brz-css-b1Z5M\"><span class=\"brz-cp-color1\">Realskolen<\/span><\/p>\n<p class=\"brz-tp-lg-paragraph brz-css-gykxj\" data-uniq-id=\"jHJzq\" data-generated-css=\"brz-css-dzpfJ\"><span class=\"brz-cp-color1\"> <\/span><\/p>\n<p class=\"brz-tp-lg-paragraph brz-css-i2NQ9\" data-uniq-id=\"ruWlZ\" data-generated-css=\"brz-css-g2mig\"><a class=\"brz-cp-color1 link--page\" href=\"https:\/\/sloengeldage.dk\/index.php\/mette-vedsoe\/\" data-brz-link-type=\"page\">L\u00e6s mere <\/a><\/p>\n<\/div>\n<\/div>\n<\/div>\n<\/div>\n<\/div>\n<div class=\"brz-columns brz-css-d-column-column brz-css-15ebgab\" data-brz-custom-id=\"h9V3dNbqNECS\">\n<div class=\"brz-column__items brz-css-d-column-bg brz-css-shuvyh\">\n<div id=\"\" class=\"brz-css-d-wrapper brz-css-yti34u brz-wrapper\">\n<div class=\"brz-image brz-css-d-image-woyyvzi9lp1l-parent brz-css-1moc791\" data-brz-custom-id=\"woyYVZI9LP1L\"><img decoding=\"async\" class=\"brz-img\" src=\"https:\/\/sloengeldage.dk\/wp-content\/uploads\/MetteVedsoeLP20181019mettevedsoe1_3373.jpg\" loading=\"lazy\" alt=\"\" title=\"Mette+Veds\u00f8,+LP20181019mettevedsoe1_3373\"><\/div>\n<\/div>\n<\/div>\n<\/div>\n<\/div>\n<\/div>\n<\/div>\n<\/div>\n<\/div>\n<\/div>\n<div id=\"\" class=\"brz-css-d-wrapper brz-css-176h7zd brz-wrapper\">\n<div class=\"brz-rich-text brz-rich-text__custom brz-css-d-richtext brz-css-wbyexy\" data-brz-custom-id=\"e_pcQz3Sl3fj\">\n<div data-brz-translate-text=\"1\">\n<p class=\"brz-tp-lg-paragraph brz-css-yN8hL\" data-generated-css=\"brz-css-e3I1J\" data-uniq-id=\"cYFG7\"><span class=\"brz-cp-color1\">10.15 &#8211; 10.45 Pause (30 min)<\/span><\/p>\n<\/div>\n<\/div>\n<\/div>\n<div class=\"brz-row__container brz-css-d-row-row brz-css-736rx0\" data-brz-custom-id=\"ysKESY9fJXXK\">\n<div class=\"brz-row brz-css-d-row-container brz-css-r-row-container brz-css-4r8uk6\">\n<div class=\"brz-columns brz-css-d-column-column brz-css-1egeh1x\" data-brz-custom-id=\"yOrCxDvXM_Bi\">\n<div class=\"brz-column__items brz-css-d-column-bg brz-css-1e1p4zv\">\n<div class=\"brz-row__container brz-css-d-row-row brz-css-imao6z\" data-brz-custom-id=\"d46a0ToPArAX\">\n<div class=\"brz-row brz-row--inner brz-css-d-row-container brz-css-r-row-container brz-css-1hirzn4\">\n<div class=\"brz-columns brz-css-d-column-column brz-css-w32573\" data-brz-custom-id=\"bNrTFXWyClK0\">\n<div class=\"brz-column__items brz-css-d-column-bg brz-css-380jvo\">\n<div id=\"\" class=\"brz-css-d-wrapper brz-css-182rugy brz-wrapper\">\n<div class=\"brz-rich-text brz-rich-text__custom brz-css-d-richtext brz-css-hl9djm\" data-brz-custom-id=\"aebUuPsje6nI\">\n<div data-brz-translate-text=\"1\">\n<p class=\"brz-tp-lg-paragraph brz-css-oYgQL\" data-generated-css=\"brz-css-rjiZA\" data-uniq-id=\"i7Bb8\"><span class=\"brz-cp-color7\">10.45 &#8211; 11.30<\/span><\/p>\n<\/div>\n<\/div>\n<\/div>\n<\/div>\n<\/div>\n<div class=\"brz-columns brz-css-d-column-column brz-css-1ftq51a\" data-brz-custom-id=\"gHoTFhbuaCjl\">\n<div class=\"brz-column__items brz-css-d-column-bg brz-css-1a8mpcw\">\n<div id=\"\" class=\"brz-css-d-wrapper brz-css-1a98yih brz-wrapper\">\n<div class=\"brz-rich-text brz-rich-text__custom brz-css-d-richtext brz-css-1jwiksj\" data-brz-custom-id=\"w1MqUEDGwS8d\">\n<div data-brz-translate-text=\"1\">\n<p class=\"brz-tp-lg-empty brz-ff-roboto brz-ft-google brz-fs-lg-18 brz-fss-lg-px brz-fw-lg-700 brz-ls-lg-0_5 brz-lh-lg-1_7 brz-vfw-lg-400 brz-fwdth-lg-100 brz-fsft-lg-0 brz-css-lCRgb\" data-generated-css=\"brz-css-uzcTP\" data-uniq-id=\"rpkvg\"><span class=\"brz-cp-color1\">Jan Kj\u00e6r<\/span><\/p>\n<p class=\"brz-tp-lg-paragraph brz-css-a74j6\" data-generated-css=\"brz-css-z2nPh\" data-uniq-id=\"pDBCx\"><span class=\"brz-cp-color1\"> <\/span><\/p>\n<p class=\"brz-tp-lg-paragraph brz-css-n2D_g\" data-generated-css=\"brz-css-xbd4k\" data-uniq-id=\"tHAVu\"><span class=\"brz-cp-color1\">Sl\u00f8ngelsal<\/span><\/p>\n<p class=\"brz-tp-lg-paragraph brz-css-i_4zj\" data-generated-css=\"brz-css-btEOP\" data-uniq-id=\"k8u2x\"><span class=\"brz-cp-color1\"> <\/span><\/p>\n<p class=\"brz-tp-lg-paragraph brz-css-toUUD\" data-generated-css=\"brz-css-odUmW\" data-uniq-id=\"bFj53\"><a class=\"brz-cp-color1 link--page\" href=\"https:\/\/sloengeldage.dk\/index.php\/jan-kjaer\/\" data-brz-link-type=\"page\">L\u00e6s mere <\/a><\/p>\n<\/div>\n<\/div>\n<\/div>\n<\/div>\n<\/div>\n<div class=\"brz-columns brz-css-d-column-column brz-css-vg88pg\" data-brz-custom-id=\"fnembK06WbWZ\">\n<div class=\"brz-column__items brz-css-d-column-bg brz-css-1mijots\">\n<div id=\"\" class=\"brz-css-d-wrapper brz-css-1jpq2y6 brz-wrapper\">\n<div class=\"brz-image brz-css-d-image-frcwacu2jptm-parent brz-css-11a6y3k\" data-brz-custom-id=\"frCWacu2JpTM\"><a class=\"brz-a\" target=\"_self\" rel=\"noopener\" href=\"https:\/\/sloengeldage.dk\/index.php\/nor-og-far\/\" data-brz-link-type=\"page\"><img decoding=\"async\" class=\"brz-img\" src=\"https:\/\/sloengeldage.dk\/wp-content\/uploads\/JanKjaerJK3_SH_300ppi_25cm.jpg\" loading=\"lazy\" alt=\"\" title=\"Jan+Kj\u00e6r,+JK3_SH_300ppi_25cm\"><\/a><\/div>\n<\/div>\n<\/div>\n<\/div>\n<\/div>\n<\/div>\n<\/div>\n<\/div>\n<\/div>\n<\/div>\n<div id=\"\" class=\"brz-css-d-wrapper brz-css-6477wb brz-wrapper\">\n<div class=\"brz-rich-text brz-rich-text__custom brz-css-d-richtext brz-css-1u3xun8\" data-brz-custom-id=\"jToCfvMylps2\">\n<div data-brz-translate-text=\"1\">\n<p class=\"brz-tp-lg-paragraph brz-css-vQYT9\" data-generated-css=\"brz-css-wNkPH\" data-uniq-id=\"gDdnp\"><span class=\"brz-cp-color7\">11.30 &#8211; 12.15 Spisepause (45 min)<\/span><\/p>\n<\/div>\n<\/div>\n<\/div>\n<div class=\"brz-row__container brz-css-d-row-row brz-css-4gk0dc\" data-brz-custom-id=\"awbVKbE5Zb15\">\n<div class=\"brz-row brz-css-d-row-container brz-css-r-row-container brz-css-in0ilp\">\n<div class=\"brz-columns brz-css-d-column-column brz-css-15kult1\" data-brz-custom-id=\"pe4pWuInNlla\">\n<div class=\"brz-column__items brz-css-d-column-bg brz-css-10dhu94\">\n<div class=\"brz-row__container brz-css-d-row-row brz-css-jse5l\" data-brz-custom-id=\"kPKiNmjt4eCo\">\n<div class=\"brz-row brz-row--inner brz-css-d-row-container brz-css-r-row-container brz-css-k768uv\">\n<div class=\"brz-columns brz-css-d-column-column brz-css-b6478\" data-brz-custom-id=\"wizLzKTfNjBE\">\n<div class=\"brz-column__items brz-css-d-column-bg brz-css-1558uz9\">\n<div id=\"\" class=\"brz-css-d-wrapper brz-css-11mdqph brz-wrapper\">\n<div class=\"brz-rich-text brz-rich-text__custom brz-css-d-richtext brz-css-oyp6vu\" data-brz-custom-id=\"m1PnJMlWYS6w\">\n<div data-brz-translate-text=\"1\">\n<p class=\"brz-tp-lg-paragraph brz-css-eRJAI\" data-generated-css=\"brz-css-ieGFO\" data-uniq-id=\"c6YIw\"><span class=\"brz-cp-color7\">12.15 &#8211; 13.00<\/span><\/p>\n<\/div>\n<\/div>\n<\/div>\n<\/div>\n<\/div>\n<div class=\"brz-columns brz-css-d-column-column brz-css-c98e5s\" data-brz-custom-id=\"yAJJogR5qG_s\">\n<div class=\"brz-column__items brz-css-d-column-bg brz-css-13xxr9c\">\n<div id=\"\" class=\"brz-css-d-wrapper brz-css-1jlhz7t brz-wrapper\">\n<div class=\"brz-rich-text brz-rich-text__custom brz-css-d-richtext brz-css-1lak28y\" data-brz-custom-id=\"vRkanE7DN7x7\">\n<div data-brz-translate-text=\"1\">\n<p class=\"brz-tp-lg-empty brz-ff-roboto brz-ft-google brz-fs-lg-18 brz-fss-lg-px brz-fw-lg-700 brz-ls-lg-0_5 brz-lh-lg-1_7 brz-vfw-lg-400 brz-fwdth-lg-100 brz-fsft-lg-0 brz-css-hdH4f\" data-uniq-id=\"knEyJ\" data-generated-css=\"brz-css-jwbWV\"><span class=\"brz-cp-color1\">Sigurd Barrett<\/span><\/p>\n<p class=\"brz-tp-lg-paragraph brz-css-zNgt9\" data-uniq-id=\"fj4eP\" data-generated-css=\"brz-css-hSpw_\"><span class=\"brz-cp-color1\"> <\/span><\/p>\n<p class=\"brz-tp-lg-paragraph brz-css-enNRQ\" data-uniq-id=\"agh3W\" data-generated-css=\"brz-css-b1Z5M\"><span class=\"brz-cp-color1\">Store Sal<\/span><span class=\"brz-cp-color1\">, Kulturhuset<\/span><span class=\"brz-cp-color1\"> <\/span><\/p>\n<p class=\"brz-tp-lg-paragraph brz-css-nTmDw\" data-uniq-id=\"jHJzq\" data-generated-css=\"brz-css-dzpfJ\"><span class=\"brz-cp-color1\"> <\/span><\/p>\n<p class=\"brz-tp-lg-paragraph brz-css-qPfPv\" data-uniq-id=\"ruWlZ\" data-generated-css=\"brz-css-g2mig\"><a class=\"link--page brz-cp-color1\" href=\"https:\/\/sloengeldage.dk\/index.php\/sigurd-barrett\/\" data-brz-link-type=\"page\">L\u00e6s mere <\/a><\/p>\n<p class=\"brz-tp-lg-paragraph brz-css-fK97W\" data-uniq-id=\"pFmYJ\" data-generated-css=\"brz-css-nuLDG\"><\/p>\n<\/div>\n<\/div>\n<\/div>\n<\/div>\n<\/div>\n<div class=\"brz-columns brz-css-d-column-column brz-css-1nhj89m\" data-brz-custom-id=\"bCE2mpxbLwzC\">\n<div class=\"brz-column__items brz-css-d-column-bg brz-css-6bfb3\">\n<div id=\"\" class=\"brz-css-d-wrapper brz-css-flkudn brz-wrapper\">\n<div class=\"brz-image brz-css-d-image-xyxjf1vtteyg-parent brz-css-vqe47w\" data-brz-custom-id=\"xYXjF1VtTEYg\"><a class=\"brz-a\" target=\"_self\" rel=\"noopener\" href=\"https:\/\/sloengeldage.dk\/index.php\/sigurd-barrett\/\" data-brz-link-type=\"page\"><img decoding=\"async\" class=\"brz-img\" src=\"https:\/\/sloengeldage.dk\/wp-content\/uploads\/SB_Sigurd-fortaeller-om-Rummet.jpg\" loading=\"lazy\" alt=\"\" title=\"SB_Sigurd-fortaeller-om-Rummet\"><\/a><\/div>\n<\/div>\n<\/div>\n<\/div>\n<\/div>\n<\/div>\n<\/div>\n<\/div>\n<\/div>\n<\/div>\n<\/div>\n<\/div>\n<\/section>\n<section id=\"izqCCWfLEUT6_izqCCWfLEUT6\" class=\"brz-section brz-css-d-section brz-css-157zgls\">\n<div class=\"brz-section__content brz-section--boxed brz-css-d-sectionitem-bg brz-css-1xa71ft\" data-brz-custom-id=\"duxnLJIRmhcR\">\n<div class=\"brz-bg\">\n<div class=\"brz-bg-color\"><\/div>\n<\/div>\n<div class=\"brz-container brz-css-d-sectionitem-container brz-css-18l8i3a\">\n<div class=\"brz-row__container brz-css-d-row-row brz-css-1ksu3eg\" data-brz-custom-id=\"bjyKfeooGmSM\">\n<div class=\"brz-row brz-css-d-row-container brz-css-r-row-container brz-css-1k83jqu\">\n<div class=\"brz-columns brz-css-d-column-column brz-css-1ppcsxq\" data-brz-custom-id=\"kHWsXfp_qEVZ\">\n<div class=\"brz-column__items brz-css-d-column-bg brz-css-2y019e\">\n<div id=\"\" class=\"brz-css-d-wrapper brz-css-1e08gd8 brz-wrapper\">\n<div class=\"brz-rich-text brz-rich-text__custom brz-css-d-richtext brz-css-1oktaxp\" data-brz-custom-id=\"tYAFpDn2isZt\">\n<div data-brz-translate-text=\"1\">\n<p class=\"brz-tp-lg-paragraph brz-text-lg-center brz-css-lpnmx\" data-uniq-id=\"ojPnU\" data-generated-css=\"brz-css-v_9Gl\"><a class=\"link--page brz-cp-color1 brz-bgp-color8\" href=\"https:\/\/sloengeldage.dk\/index.php\/kontakt\/\" data-brz-link-type=\"page\">Kontakt Di Heslige Sl\u00f8nglers Klup<\/a><\/p>\n<\/div>\n<\/div>\n<\/div>\n<\/div>\n<\/div>\n<div class=\"brz-columns brz-css-d-column-column brz-css-1rk52h4\" data-brz-custom-id=\"vKPWrpGBYVf2\">\n<div class=\"brz-column__items brz-css-d-column-bg brz-css-1fp21me\">\n<div id=\"\" class=\"brz-css-d-wrapper brz-css-82lxdc brz-wrapper\">\n<div class=\"brz-rich-text brz-rich-text__custom brz-css-d-richtext brz-css-t8xqlv\" data-brz-custom-id=\"ctrb2faT7Osg\">\n<div data-brz-translate-text=\"1\">\n<p class=\"brz-tp-lg-paragraph brz-text-lg-center brz-css-fvkRv\" data-uniq-id=\"zIrET\" data-generated-css=\"brz-css-mSOvL\"><a class=\"link--page brz-cp-color1 brz-bgp-color8\" href=\"https:\/\/sloengeldage.dk\/index.php\/privatslivserklaering\/\" data-brz-link-type=\"page\">Privatlivserkl\u00e6ring<\/a><\/p>\n<\/div>\n<\/div>\n<\/div>\n<\/div>\n<\/div>\n<\/div>\n<\/div>\n<\/div>\n<\/div>\n<\/section><\/div>\n<p><!-- version:1775556735 --><\/p>\n","protected":false},"excerpt":{"rendered":"<p>Retur til Sl\u00f8ngeldag for skoler Pakke G: Skanderborg Realskole og L\u00e5sby Skole Program (Pakke G) 09.30 &#8211; 10.15&nbsp; Mette Veds\u00f8 Realskolen L\u00e6s mere 10.15 &#8211; 10.45 Pause (30 min) 10.45 &#8211; 11.30 Jan Kj\u00e6r Sl\u00f8ngelsal L\u00e6s mere 11.30 &#8211; 12.15 Spisepause (45 min) 12.15 &#8211; 13.00 Sigurd Barrett Store Sal, Kulturhuset L\u00e6s mere Kontakt Di &hellip; <\/p>\n<p class=\"link-more\"><a href=\"https:\/\/sloengeldage.dk\/index.php\/pakke-g-mob\/\" class=\"more-link\">Continue reading<span class=\"screen-reader-text\"> &#8220;Pakke G mobil&#8221;<\/span><\/a><\/p>\n","protected":false},"author":1,"featured_media":0,"parent":0,"menu_order":0,"comment_status":"closed","ping_status":"closed","template":"brizy-blank-template.php","meta":{"footnotes":""},"folder":[112],"class_list":["post-3331","page","type-page","status-publish","hentry","entry"],"brizy_media":[{"id":1794,"url":"https:\/\/sloengeldage.dk\/wp-content\/uploads\/SB_Sigurd-fortaeller-om-Rummet.jpg","name":"SB_Sigurd-fortaeller-om-Rummet.jpg","meta":{"brizy_attachment_uid":"wp-7a9b8a38722d703f22fa3030cf08f895.jpg","brizy_post_uid":["bc14acae54e3aea3130c1a34f9364120","a5ac2a14150c9ddf743b9eedf0cb1807","c6b87f3569faba4004b93f9ea00cb254","8188b2cae34aeb45536f747697c7511f","5554cc041f8759477609c1e7723d9013","c01d2e30a9326151559940b52cf26a89","01535875b694cabb84a3e7e5cebf38e9","b1db65effdd867fba92448bfc41bd833"]}},{"id":2507,"url":"https:\/\/sloengeldage.dk\/wp-content\/uploads\/JanKjaerJK3_SH_300ppi_25cm.jpg","name":"JanKjaerJK3_SH_300ppi_25cm.jpg","meta":{"brizy_attachment_uid":"wp-7943a69f3c631b8a41bf7936e65e4294.jpg","brizy_post_uid":["93ec730e1abc8ff9b600f8541eef2801","c01d2e30a9326151559940b52cf26a89","01535875b694cabb84a3e7e5cebf38e9"]}},{"id":2518,"url":"https:\/\/sloengeldage.dk\/wp-content\/uploads\/MetteVedsoeLP20181019mettevedsoe1_3373.jpg","name":"MetteVedsoeLP20181019mettevedsoe1_3373.jpg","meta":{"brizy_attachment_uid":"wp-dae92d696650c5eef37a5898fa6066bf.jpg","brizy_post_uid":["db79c9fa92112bcd144310aafbdfd2c7","c01d2e30a9326151559940b52cf26a89","01535875b694cabb84a3e7e5cebf38e9"]}}],"_links":{"self":[{"href":"https:\/\/sloengeldage.dk\/index.php\/wp-json\/wp\/v2\/pages\/3331","targetHints":{"allow":["GET"]}}],"collection":[{"href":"https:\/\/sloengeldage.dk\/index.php\/wp-json\/wp\/v2\/pages"}],"about":[{"href":"https:\/\/sloengeldage.dk\/index.php\/wp-json\/wp\/v2\/types\/page"}],"author":[{"embeddable":true,"href":"https:\/\/sloengeldage.dk\/index.php\/wp-json\/wp\/v2\/users\/1"}],"replies":[{"embeddable":true,"href":"https:\/\/sloengeldage.dk\/index.php\/wp-json\/wp\/v2\/comments?post=3331"}],"version-history":[{"count":4,"href":"https:\/\/sloengeldage.dk\/index.php\/wp-json\/wp\/v2\/pages\/3331\/revisions"}],"predecessor-version":[{"id":5777,"href":"https:\/\/sloengeldage.dk\/index.php\/wp-json\/wp\/v2\/pages\/3331\/revisions\/5777"}],"wp:attachment":[{"href":"https:\/\/sloengeldage.dk\/index.php\/wp-json\/wp\/v2\/media?parent=3331"}],"wp:term":[{"taxonomy":"folder","embeddable":true,"href":"https:\/\/sloengeldage.dk\/index.php\/wp-json\/wp\/v2\/folder?post=3331"}],"curies":[{"name":"wp","href":"https:\/\/api.w.org\/{rel}","templated":true}]}}