{"id":3322,"date":"2026-02-17T11:36:12","date_gmt":"2026-02-17T11:36:12","guid":{"rendered":"https:\/\/sloengeldage.dk\/index.php\/pakke-f-mob\/"},"modified":"2026-05-06T08:36:32","modified_gmt":"2026-05-06T08:36:32","slug":"pakke-f-mob","status":"publish","type":"page","link":"https:\/\/sloengeldage.dk\/index.php\/pakke-f-mob\/","title":{"rendered":"Pakke F mobil"},"content":{"rendered":"<div class=\"brz brz-root__container brz-reset-all brz-root__container-page\">\n<section id=\"cS8VNuVvFExg_cS8VNuVvFExg\" class=\"brz-section brz-css-d-section brz-css-1e4mfm3\">\n<div class=\"brz-section__content brz-section--boxed brz-css-d-sectionitem-bg brz-css-18qad0t\" data-brz-custom-id=\"g2NJzNBEXK7y\">\n<div class=\"brz-container brz-css-d-sectionitem-container brz-css-pmh72x\">\n<div class=\"brz-row__container brz-css-d-row-row brz-css-h939fl\" data-brz-custom-id=\"h2OANFBtNkFF\">\n<div class=\"brz-row brz-css-d-row-container brz-css-r-row-container brz-css-vattrc\">\n<div class=\"brz-columns brz-css-d-column-column brz-css-iefdl1\" data-brz-custom-id=\"ztIuXBDzuJdC\">\n<div class=\"brz-column__items brz-css-d-column-bg brz-css-dt4bf3\">\n<div id=\"\" class=\"brz-css-d-wrapper brz-css-1a8tq03 brz-wrapper\">\n<div class=\"brz-image brz-css-d-image-fyqzgd18tckl-parent brz-css-1l3dq36\" data-brz-custom-id=\"fyqzgD18TCkL\"><a class=\"brz-a\" target=\"_self\" rel=\"noopener\" href=\"https:\/\/sloengeldage.dk\/index.php\/mobilforside\/\" data-brz-link-type=\"page\"><img decoding=\"async\" class=\"brz-img\" src=\"https:\/\/sloengeldage.dk\/wp-content\/uploads\/cropped-Gummi-Tarzan-2_512x512-1.png\" loading=\"lazy\" alt=\"\" title=\"cropped-Gummi-Tarzan-2_512x512-1.png\"><\/a><\/div>\n<\/div>\n<\/div>\n<\/div>\n<div class=\"brz-columns brz-css-d-column-column brz-css-tnjxek\" data-brz-custom-id=\"wbuJCcsmAxxR\">\n<div class=\"brz-column__items brz-css-d-column-bg brz-css-1g208ld\">\n<div id=\"\" class=\"brz-css-d-wrapper brz-css-1nyp7yx brz-wrapper\">\n<div class=\"brz-image brz-css-d-image-vt7pqfr8dkqu-parent brz-css-d9f32o\" data-brz-custom-id=\"vT7pqfR8dKqU\"><a class=\"brz-a\" target=\"_self\" rel=\"noopener\" href=\"https:\/\/sloengeldage.dk\/index.php\/mobilforside\/\" data-brz-link-type=\"page\"><img decoding=\"async\" class=\"brz-img\" src=\"https:\/\/sloengeldage.dk\/wp-content\/uploads\/sloengeldage_nyt_logo.png\" loading=\"lazy\" alt=\"\" title=\"sloengeldage_nyt_logo\"><\/a><\/div>\n<\/div>\n<\/div>\n<\/div>\n<\/div>\n<\/div>\n<\/div>\n<\/div>\n<\/section>\n<section id=\"r8MuCmNKfV7X_r8MuCmNKfV7X\" class=\"brz-section brz-css-d-section brz-css-4f0hoz\">\n<div class=\"brz-section__content brz-section--boxed brz-css-d-sectionitem-bg brz-css-1htyr5c\" data-brz-custom-id=\"is3bAKzHjrRB\">\n<div class=\"brz-bg\">\n<div class=\"brz-bg-color\"><\/div>\n<\/div>\n<div class=\"brz-container brz-css-d-sectionitem-container brz-css-1e79dys\">\n<div class=\"brz-row__container brz-css-d-row-row brz-css-1e0f486\" data-brz-custom-id=\"xXxTYbz08Obl\">\n<div class=\"brz-row brz-css-d-row-container brz-css-r-row-container brz-css-12cmujb\">\n<div class=\"brz-columns brz-css-d-column-column brz-css-m3ph18\" data-brz-custom-id=\"uPAWKq6NM150\">\n<div class=\"brz-column__items brz-css-d-column-bg brz-css-w3yqkj\">\n<div id=\"\" class=\"brz-css-d-wrapper brz-css-b7by1z brz-wrapper\">\n<div class=\"brz-rich-text brz-rich-text__custom brz-css-d-richtext brz-css-1b7q7fa\" data-brz-custom-id=\"a4Ef7GzyHVUu\">\n<div data-brz-translate-text=\"1\">\n<p class=\"brz-tp-lg-empty brz-ff-roboto brz-ft-google brz-fs-lg-25 brz-fss-lg-px brz-fw-lg-700 brz-ls-lg-m_1_5 brz-lh-lg-1_3 brz-vfw-lg-400 brz-fwdth-lg-100 brz-fsft-lg-0 brz-css-wovUB\" data-generated-css=\"brz-css-za0dx\" data-uniq-id=\"dYxWE\"><span class=\"brz-cp-color5\"> <\/span><a class=\"brz-cp-color3 link--page\" href=\"https:\/\/sloengeldage.dk\/index.php\/mob-skoler\/\" data-brz-link-type=\"page\"><strong>Retur til Sl\u00f8ngeldag for skoler<\/strong><\/a><\/p>\n<p class=\"brz-tp-lg-empty brz-ff-roboto brz-ft-google brz-fs-lg-25 brz-fss-lg-px brz-fw-lg-700 brz-ls-lg-m_1_5 brz-lh-lg-1_3 brz-vfw-lg-400 brz-fwdth-lg-100 brz-fsft-lg-0 brz-css-rSitv\" data-generated-css=\"brz-css-fhQ4N\" data-uniq-id=\"pWWd6\"><span class=\"brz-cp-color5\"> <\/span><\/p>\n<p class=\"brz-tp-lg-empty brz-ff-roboto brz-ft-google brz-fs-lg-25 brz-fss-lg-px brz-fw-lg-700 brz-ls-lg-m_1_5 brz-lh-lg-1_3 brz-vfw-lg-400 brz-fwdth-lg-100 brz-fsft-lg-0 brz-css-rpkNH\" data-generated-css=\"brz-css-aqfpO\" data-uniq-id=\"nKa2b\"><span class=\"brz-cp-color5\">Pakke F: <\/span><span class=\"brz-cp-color5 brz-span\">Niels Ebbesen Skolen og Knuds\u00f8skolen<\/span><\/p>\n<\/div>\n<\/div>\n<\/div>\n<div id=\"\" class=\"brz-css-d-wrapper brz-css-jwg1e6 brz-wrapper\">\n<div class=\"brz-rich-text brz-rich-text__custom brz-css-d-richtext brz-css-1t0ro2r\" data-brz-custom-id=\"sVnrdz5SMIK0\">\n<div data-brz-translate-text=\"1\">\n<p class=\"brz-tp-lg-paragraph brz-css-brA2L\" data-uniq-id=\"exvaw\" data-generated-css=\"brz-css-qXdYf\"><span class=\"brz-cp-color1\">Program (Pakke F)<\/span><\/p>\n<\/div>\n<\/div>\n<\/div>\n<div class=\"brz-row__container brz-css-d-row-row brz-css-n23bpl\" data-brz-custom-id=\"s0Jc_IqqVK2m\">\n<div class=\"brz-row brz-row--inner brz-css-d-row-container brz-css-r-row-container brz-css-dewkc0\">\n<div class=\"brz-columns brz-css-d-column-column brz-css-1rywre6\" data-brz-custom-id=\"m2I7yNbPiuSs\">\n<div class=\"brz-column__items brz-css-d-column-bg brz-css-10zcwr8\">\n<div id=\"\" class=\"brz-css-d-wrapper brz-css-2lhj74 brz-wrapper\">\n<div class=\"brz-rich-text brz-rich-text__custom brz-css-d-richtext brz-css-h8rc7o\" data-brz-custom-id=\"d22WjIcgTOre\">\n<div data-brz-translate-text=\"1\">\n<p class=\"brz-tp-lg-paragraph brz-css-vcQAz\" data-uniq-id=\"iuUqg\" data-generated-css=\"brz-css-dKnAP\"><span class=\"brz-cp-color7\">09.30 &#8211; 10.15&nbsp;<\/span><\/p>\n<\/div>\n<\/div>\n<\/div>\n<\/div>\n<\/div>\n<div class=\"brz-columns brz-css-d-column-column brz-css-88vio5\" data-brz-custom-id=\"qNJrSqVfMXgj\">\n<div class=\"brz-column__items brz-css-d-column-bg brz-css-7uyiek\">\n<div id=\"\" class=\"brz-css-d-wrapper brz-css-y9c8nh brz-wrapper\">\n<div class=\"brz-rich-text brz-rich-text__custom brz-css-d-richtext brz-css-1198uuu\" data-brz-custom-id=\"vSuX71jHSStw\">\n<div data-brz-translate-text=\"1\">\n<p class=\"brz-tp-lg-empty brz-ff-roboto brz-ft-google brz-fs-lg-18 brz-fss-lg-px brz-fw-lg-700 brz-ls-lg-0_5 brz-lh-lg-1_7 brz-vfw-lg-400 brz-fwdth-lg-100 brz-fsft-lg-0 brz-css-fSHrD\" data-uniq-id=\"jY6Tp\" data-generated-css=\"brz-css-p5v8b\"><span class=\"brz-cp-color1\">Jan Kj\u00e6r<\/span><\/p>\n<p class=\"brz-tp-lg-paragraph brz-css-okGuw\" data-uniq-id=\"ijRtZ\" data-generated-css=\"brz-css-k3CWj\"><span class=\"brz-cp-color1\"> <\/span><\/p>\n<p class=\"brz-tp-lg-paragraph brz-css-eH1QF\" data-uniq-id=\"uAOfn\" data-generated-css=\"brz-css-ry_tf\"><span class=\"brz-cp-color1\">Biograf<\/span><span class=\"brz-cp-color1\">, Kulturhuset<\/span><span class=\"brz-cp-color1\"> <\/span><\/p>\n<p class=\"brz-tp-lg-paragraph brz-css-d4Jjm\" data-uniq-id=\"bIyCj\" data-generated-css=\"brz-css-zmpVx\"><span class=\"brz-cp-color1\"> <\/span><\/p>\n<p class=\"brz-tp-lg-paragraph brz-css-sO0qn\" data-uniq-id=\"qhmEY\" data-generated-css=\"brz-css-eBOWL\"><a class=\"brz-cp-color1 link--page\" href=\"https:\/\/sloengeldage.dk\/index.php\/jan-kjaer\/\" data-brz-link-type=\"page\">L\u00e6s mere <\/a><\/p>\n<\/div>\n<\/div>\n<\/div>\n<\/div>\n<\/div>\n<div class=\"brz-columns brz-css-d-column-column brz-css-mg1dvv\" data-brz-custom-id=\"kbLTzTIfuaVR\">\n<div class=\"brz-column__items brz-css-d-column-bg brz-css-1nb1lwl\">\n<div id=\"\" class=\"brz-css-d-wrapper brz-css-22vsb4 brz-wrapper\">\n<div class=\"brz-image brz-css-d-image-dqof5rkaxqo6-parent brz-css-1o40gjb\" data-brz-custom-id=\"dqoF5RkAxqO6\"><a class=\"brz-a\" target=\"_self\" rel=\"noopener\" href=\"https:\/\/sloengeldage.dk\/index.php\/sigurd-barrett\/\" data-brz-link-type=\"page\"><img decoding=\"async\" class=\"brz-img\" src=\"https:\/\/sloengeldage.dk\/wp-content\/uploads\/JanKjaerJK3_SH_300ppi_25cm.jpg\" loading=\"lazy\" alt=\"\" title=\"Jan+Kj\u00e6r,+JK3_SH_300ppi_25cm\"><\/a><\/div>\n<\/div>\n<\/div>\n<\/div>\n<\/div>\n<\/div>\n<\/div>\n<\/div>\n<\/div>\n<\/div>\n<div id=\"\" class=\"brz-css-d-wrapper brz-css-x96hdl brz-wrapper\">\n<div class=\"brz-rich-text brz-rich-text__custom brz-css-d-richtext brz-css-1u5exu7\" data-brz-custom-id=\"cTttH59U5hX1\">\n<div data-brz-translate-text=\"1\">\n<p class=\"brz-tp-lg-paragraph brz-css-hjzNM\" data-generated-css=\"brz-css-e3I1J\" data-uniq-id=\"cYFG7\"><span class=\"brz-cp-color1\">10.15 &#8211; 10.45 Pause (30 min)<\/span><\/p>\n<\/div>\n<\/div>\n<\/div>\n<div class=\"brz-row__container brz-css-d-row-row brz-css-jcz5o6\" data-brz-custom-id=\"oSQyMFUhbTgE\">\n<div class=\"brz-row brz-css-d-row-container brz-css-r-row-container brz-css-qiip4w\">\n<div class=\"brz-columns brz-css-d-column-column brz-css-wyaw2a\" data-brz-custom-id=\"pxofDwxQfAH5\">\n<div class=\"brz-column__items brz-css-d-column-bg brz-css-1x15pyg\">\n<div class=\"brz-row__container brz-css-d-row-row brz-css-1la9hix\" data-brz-custom-id=\"mVKS9ZEl2Vpu\">\n<div class=\"brz-row brz-row--inner brz-css-d-row-container brz-css-r-row-container brz-css-b4nxou\">\n<div class=\"brz-columns brz-css-d-column-column brz-css-9ai1bn\" data-brz-custom-id=\"iBtFDOqU0ku8\">\n<div class=\"brz-column__items brz-css-d-column-bg brz-css-f8z4tt\">\n<div id=\"\" class=\"brz-css-d-wrapper brz-css-14fikbn brz-wrapper\">\n<div class=\"brz-rich-text brz-rich-text__custom brz-css-d-richtext brz-css-kpbt7n\" data-brz-custom-id=\"wO1tlf25ZcLj\">\n<div data-brz-translate-text=\"1\">\n<p class=\"brz-tp-lg-paragraph brz-css-xXVm5\" data-generated-css=\"brz-css-rjiZA\" data-uniq-id=\"i7Bb8\"><span class=\"brz-cp-color7\">10.45 &#8211; 11.30<\/span><\/p>\n<\/div>\n<\/div>\n<\/div>\n<\/div>\n<\/div>\n<div class=\"brz-columns brz-css-d-column-column brz-css-1okyps7\" data-brz-custom-id=\"iCyd3XwJ1QQQ\">\n<div class=\"brz-column__items brz-css-d-column-bg brz-css-yp9kvp\">\n<div id=\"\" class=\"brz-css-d-wrapper brz-css-17tsp4s brz-wrapper\">\n<div class=\"brz-rich-text brz-rich-text__custom brz-css-d-richtext brz-css-14q07u7\" data-brz-custom-id=\"wE3pST54BFho\">\n<div data-brz-translate-text=\"1\">\n<p class=\"brz-tp-lg-empty brz-ff-roboto brz-ft-google brz-fs-lg-18 brz-fss-lg-px brz-fw-lg-700 brz-ls-lg-0_5 brz-lh-lg-1_7 brz-vfw-lg-400 brz-fwdth-lg-100 brz-fsft-lg-0 brz-css-ixqpU\" data-generated-css=\"brz-css-myPU0\" data-uniq-id=\"h5Yya\"><span class=\"brz-cp-color1\">Mette Veds\u00f8<\/span><\/p>\n<p class=\"brz-tp-lg-paragraph brz-css-c3mn4\" data-generated-css=\"brz-css-ivfOO\" data-uniq-id=\"ezJhp\"><span class=\"brz-cp-color1\"> <\/span><\/p>\n<p class=\"brz-tp-lg-paragraph brz-css-q5Msm\" data-generated-css=\"brz-css-hLo2n\" data-uniq-id=\"zP4wi\"><span class=\"brz-cp-color1\">Realskolen<\/span><\/p>\n<p class=\"brz-tp-lg-paragraph brz-css-eeOB5\" data-generated-css=\"brz-css-fu2Ly\" data-uniq-id=\"duc_2\"><span class=\"brz-cp-color1\"> <\/span><\/p>\n<p class=\"brz-tp-lg-paragraph brz-css-fZm92\" data-generated-css=\"brz-css-xbIGm\" data-uniq-id=\"v9YL5\"><a class=\"brz-cp-color1 link--page\" href=\"https:\/\/sloengeldage.dk\/index.php\/mette-vedsoe\/\" data-brz-link-type=\"page\">L\u00e6s mere <\/a><\/p>\n<\/div>\n<\/div>\n<\/div>\n<\/div>\n<\/div>\n<div class=\"brz-columns brz-css-d-column-column brz-css-j12mus\" data-brz-custom-id=\"rhAxgR5LoVAf\">\n<div class=\"brz-column__items brz-css-d-column-bg brz-css-1ott6n4\">\n<div id=\"\" class=\"brz-css-d-wrapper brz-css-wsr92n brz-wrapper\">\n<div class=\"brz-image brz-css-d-image-ilvrqmdhgpur-parent brz-css-xfwski\" data-brz-custom-id=\"iLvRQMdHGPuR\"><a class=\"brz-a\" target=\"_self\" rel=\"noopener\" href=\"https:\/\/sloengeldage.dk\/index.php\/nor-og-far\/\" data-brz-link-type=\"page\"><img decoding=\"async\" class=\"brz-img\" src=\"https:\/\/sloengeldage.dk\/wp-content\/uploads\/MetteVedsoeLP20181019mettevedsoe1_3373.jpg\" loading=\"lazy\" alt=\"\" title=\"Mette+Veds\u00f8,+LP20181019mettevedsoe1_3373\"><\/a><\/div>\n<\/div>\n<\/div>\n<\/div>\n<\/div>\n<\/div>\n<\/div>\n<\/div>\n<\/div>\n<\/div>\n<div id=\"\" class=\"brz-css-d-wrapper brz-css-xybwm2 brz-wrapper\">\n<div class=\"brz-rich-text brz-rich-text__custom brz-css-d-richtext brz-css-io9zu1\" data-brz-custom-id=\"s2zhbJSct_H8\">\n<div data-brz-translate-text=\"1\">\n<p class=\"brz-tp-lg-paragraph brz-css-pvDER\" data-generated-css=\"brz-css-wNkPH\" data-uniq-id=\"gDdnp\"><span class=\"brz-cp-color7\">11.30 &#8211; 12.15 Spisepause (45 min)<\/span><\/p>\n<\/div>\n<\/div>\n<\/div>\n<div class=\"brz-row__container brz-css-d-row-row brz-css-qvco3z\" data-brz-custom-id=\"tyPwYxNyyya0\">\n<div class=\"brz-row brz-css-d-row-container brz-css-r-row-container brz-css-11ptbak\">\n<div class=\"brz-columns brz-css-d-column-column brz-css-dm4ajb\" data-brz-custom-id=\"m9IErJelK3v6\">\n<div class=\"brz-column__items brz-css-d-column-bg brz-css-h21z20\">\n<div class=\"brz-row__container brz-css-d-row-row brz-css-1c0tg9i\" data-brz-custom-id=\"dwncEjaPRSKC\">\n<div class=\"brz-row brz-row--inner brz-css-d-row-container brz-css-r-row-container brz-css-1u54tw3\">\n<div class=\"brz-columns brz-css-d-column-column brz-css-gvbt9w\" data-brz-custom-id=\"d6INDYQwPTu1\">\n<div class=\"brz-column__items brz-css-d-column-bg brz-css-daipp5\">\n<div id=\"\" class=\"brz-css-d-wrapper brz-css-796fv8 brz-wrapper\">\n<div class=\"brz-rich-text brz-rich-text__custom brz-css-d-richtext brz-css-kdafxp\" data-brz-custom-id=\"euNKDrWGyimO\">\n<div data-brz-translate-text=\"1\">\n<p class=\"brz-tp-lg-paragraph brz-css-oiSco\" data-generated-css=\"brz-css-ieGFO\" data-uniq-id=\"c6YIw\"><span class=\"brz-cp-color7\">12.15 &#8211; 13.00<\/span><\/p>\n<\/div>\n<\/div>\n<\/div>\n<\/div>\n<\/div>\n<div class=\"brz-columns brz-css-d-column-column brz-css-1ubg1pf\" data-brz-custom-id=\"iefQLfY5imEo\">\n<div class=\"brz-column__items brz-css-d-column-bg brz-css-ebfxq9\">\n<div id=\"\" class=\"brz-css-d-wrapper brz-css-elfjg0 brz-wrapper\">\n<div class=\"brz-rich-text brz-rich-text__custom brz-css-d-richtext brz-css-swbg6x\" data-brz-custom-id=\"sH8HSqtINHwk\">\n<div data-brz-translate-text=\"1\">\n<p class=\"brz-fsft-lg-0 brz-fwdth-lg-100 brz-vfw-lg-400 brz-lh-lg-1_7 brz-ls-lg-0_5 brz-fw-lg-700 brz-fss-lg-px brz-fs-lg-18 brz-ft-google brz-ff-roboto brz-tp-lg-empty brz-css-pCR27\" data-generated-css=\"brz-css-o3s1X\" data-uniq-id=\"skHEb\"><span class=\"brz-cp-color1\">Sigurd Barrett<\/span><\/p>\n<p class=\"brz-tp-lg-paragraph brz-css-aEG3K\" data-generated-css=\"brz-css-fq9gZ\" data-uniq-id=\"lJI5P\"><span class=\"brz-cp-color1\"> <\/span><\/p>\n<p class=\"brz-tp-lg-paragraph brz-css-cMZat\" data-generated-css=\"brz-css-knjb4\" data-uniq-id=\"t2Jwh\"><span class=\"brz-cp-color1\">Store Sal<\/span><span class=\"brz-cp-color1\">, Kulturhuset<\/span><span class=\"brz-cp-color1\"> <\/span><\/p>\n<p class=\"brz-tp-lg-paragraph brz-css-lyHDi\" data-generated-css=\"brz-css-eTzY3\" data-uniq-id=\"fDbg6\"><span class=\"brz-cp-color1\"> <\/span><\/p>\n<p class=\"brz-tp-lg-paragraph brz-css-xfZQy\" data-generated-css=\"brz-css-rR2Zy\" data-uniq-id=\"dThoj\"><a class=\"link--page brz-cp-color1\" href=\"https:\/\/sloengeldage.dk\/index.php\/sigurd-barrett\/\" data-brz-link-type=\"page\">L\u00e6s mere <\/a><\/p>\n<\/div>\n<\/div>\n<\/div>\n<\/div>\n<\/div>\n<div class=\"brz-columns brz-css-d-column-column brz-css-1gsynf7\" data-brz-custom-id=\"vP_o8RahYFyb\">\n<div class=\"brz-column__items brz-css-d-column-bg brz-css-1dn5le\">\n<div id=\"\" class=\"brz-css-d-wrapper brz-css-5cyzn6 brz-wrapper\">\n<div class=\"brz-image brz-css-d-image-f89djkqibc1_-parent brz-css-1mfc3vz\" data-brz-custom-id=\"f89djKqIbC1_\"><a class=\"brz-a\" target=\"_self\" rel=\"noopener\" href=\"https:\/\/sloengeldage.dk\/index.php\/sophie-souid-thomas-hjorthaab\/\" data-brz-link-type=\"page\"><img decoding=\"async\" class=\"brz-img\" src=\"https:\/\/sloengeldage.dk\/wp-content\/uploads\/SB_Sigurd-fortaeller-om-Rummet.jpg\" loading=\"lazy\" alt=\"\" title=\"SB_Sigurd-fortaeller-om-Rummet\"><\/a><\/div>\n<\/div>\n<\/div>\n<\/div>\n<\/div>\n<\/div>\n<\/div>\n<\/div>\n<\/div>\n<\/div>\n<\/div>\n<\/div>\n<\/section>\n<section id=\"bo6sZKQUi9IV_bo6sZKQUi9IV\" class=\"brz-section brz-css-d-section brz-css-g1g1ju\">\n<div class=\"brz-section__content brz-section--boxed brz-css-d-sectionitem-bg brz-css-197yt0f\" data-brz-custom-id=\"g7z7lyf4zcrm\">\n<div class=\"brz-bg\">\n<div class=\"brz-bg-color\"><\/div>\n<\/div>\n<div class=\"brz-container brz-css-d-sectionitem-container brz-css-vayi5o\">\n<div class=\"brz-row__container brz-css-d-row-row brz-css-jrpjjh\" data-brz-custom-id=\"hyENxuVqEatA\">\n<div class=\"brz-row brz-css-d-row-container brz-css-r-row-container brz-css-1o3qbe\">\n<div class=\"brz-columns brz-css-d-column-column brz-css-vshz6r\" data-brz-custom-id=\"zJQGhxZwfoME\">\n<div class=\"brz-column__items brz-css-d-column-bg brz-css-7imfik\">\n<div id=\"\" class=\"brz-css-d-wrapper brz-css-6smboz brz-wrapper\">\n<div class=\"brz-rich-text brz-rich-text__custom brz-css-d-richtext brz-css-1whpvou\" data-brz-custom-id=\"u6nGY6OdZHoO\">\n<div data-brz-translate-text=\"1\">\n<p class=\"brz-tp-lg-paragraph brz-text-lg-center brz-css-cupOP\" data-uniq-id=\"ojPnU\" data-generated-css=\"brz-css-v_9Gl\"><a class=\"link--page brz-cp-color1 brz-bgp-color8\" href=\"https:\/\/sloengeldage.dk\/index.php\/kontakt\/\" data-brz-link-type=\"page\">Kontakt Di Heslige Sl\u00f8nglers Klup<\/a><\/p>\n<\/div>\n<\/div>\n<\/div>\n<\/div>\n<\/div>\n<div class=\"brz-columns brz-css-d-column-column brz-css-gmp8n3\" data-brz-custom-id=\"ditW9hUmphCK\">\n<div class=\"brz-column__items brz-css-d-column-bg brz-css-1imy5dj\">\n<div id=\"\" class=\"brz-css-d-wrapper brz-css-txgd3e brz-wrapper\">\n<div class=\"brz-rich-text brz-rich-text__custom brz-css-d-richtext brz-css-10tico\" data-brz-custom-id=\"f95y6eNlssZ1\">\n<div data-brz-translate-text=\"1\">\n<p class=\"brz-tp-lg-paragraph brz-text-lg-center brz-css-kWczQ\" data-uniq-id=\"zIrET\" data-generated-css=\"brz-css-mSOvL\"><a class=\"link--page brz-cp-color1 brz-bgp-color8\" href=\"https:\/\/sloengeldage.dk\/index.php\/privatslivserklaering\/\" data-brz-link-type=\"page\">Privatlivserkl\u00e6ring<\/a><\/p>\n<\/div>\n<\/div>\n<\/div>\n<\/div>\n<\/div>\n<\/div>\n<\/div>\n<\/div>\n<\/div>\n<\/section><\/div>\n<p><!-- version:1775556705 --><\/p>\n","protected":false},"excerpt":{"rendered":"<p>Retur til Sl\u00f8ngeldag for skoler Pakke F: Niels Ebbesen Skolen og Knuds\u00f8skolen Program (Pakke F) 09.30 &#8211; 10.15&nbsp; Jan Kj\u00e6r Biograf, Kulturhuset L\u00e6s mere 10.15 &#8211; 10.45 Pause (30 min) 10.45 &#8211; 11.30 Mette Veds\u00f8 Realskolen L\u00e6s mere 11.30 &#8211; 12.15 Spisepause (45 min) 12.15 &#8211; 13.00 Sigurd Barrett Store Sal, Kulturhuset L\u00e6s mere Kontakt &hellip; <\/p>\n<p class=\"link-more\"><a href=\"https:\/\/sloengeldage.dk\/index.php\/pakke-f-mob\/\" class=\"more-link\">Continue reading<span class=\"screen-reader-text\"> &#8220;Pakke F mobil&#8221;<\/span><\/a><\/p>\n","protected":false},"author":1,"featured_media":0,"parent":0,"menu_order":0,"comment_status":"closed","ping_status":"closed","template":"brizy-blank-template.php","meta":{"footnotes":""},"folder":[112],"class_list":["post-3322","page","type-page","status-publish","hentry","entry"],"brizy_media":[{"id":1794,"url":"https:\/\/sloengeldage.dk\/wp-content\/uploads\/SB_Sigurd-fortaeller-om-Rummet.jpg","name":"SB_Sigurd-fortaeller-om-Rummet.jpg","meta":{"brizy_attachment_uid":"wp-7a9b8a38722d703f22fa3030cf08f895.jpg","brizy_post_uid":["bc14acae54e3aea3130c1a34f9364120","a5ac2a14150c9ddf743b9eedf0cb1807","c6b87f3569faba4004b93f9ea00cb254","8188b2cae34aeb45536f747697c7511f","5554cc041f8759477609c1e7723d9013","c01d2e30a9326151559940b52cf26a89","01535875b694cabb84a3e7e5cebf38e9","b1db65effdd867fba92448bfc41bd833"]}},{"id":2507,"url":"https:\/\/sloengeldage.dk\/wp-content\/uploads\/JanKjaerJK3_SH_300ppi_25cm.jpg","name":"JanKjaerJK3_SH_300ppi_25cm.jpg","meta":{"brizy_attachment_uid":"wp-7943a69f3c631b8a41bf7936e65e4294.jpg","brizy_post_uid":["93ec730e1abc8ff9b600f8541eef2801","c01d2e30a9326151559940b52cf26a89","01535875b694cabb84a3e7e5cebf38e9"]}},{"id":2518,"url":"https:\/\/sloengeldage.dk\/wp-content\/uploads\/MetteVedsoeLP20181019mettevedsoe1_3373.jpg","name":"MetteVedsoeLP20181019mettevedsoe1_3373.jpg","meta":{"brizy_attachment_uid":"wp-dae92d696650c5eef37a5898fa6066bf.jpg","brizy_post_uid":["db79c9fa92112bcd144310aafbdfd2c7","c01d2e30a9326151559940b52cf26a89","01535875b694cabb84a3e7e5cebf38e9"]}}],"_links":{"self":[{"href":"https:\/\/sloengeldage.dk\/index.php\/wp-json\/wp\/v2\/pages\/3322","targetHints":{"allow":["GET"]}}],"collection":[{"href":"https:\/\/sloengeldage.dk\/index.php\/wp-json\/wp\/v2\/pages"}],"about":[{"href":"https:\/\/sloengeldage.dk\/index.php\/wp-json\/wp\/v2\/types\/page"}],"author":[{"embeddable":true,"href":"https:\/\/sloengeldage.dk\/index.php\/wp-json\/wp\/v2\/users\/1"}],"replies":[{"embeddable":true,"href":"https:\/\/sloengeldage.dk\/index.php\/wp-json\/wp\/v2\/comments?post=3322"}],"version-history":[{"count":4,"href":"https:\/\/sloengeldage.dk\/index.php\/wp-json\/wp\/v2\/pages\/3322\/revisions"}],"predecessor-version":[{"id":5775,"href":"https:\/\/sloengeldage.dk\/index.php\/wp-json\/wp\/v2\/pages\/3322\/revisions\/5775"}],"wp:attachment":[{"href":"https:\/\/sloengeldage.dk\/index.php\/wp-json\/wp\/v2\/media?parent=3322"}],"wp:term":[{"taxonomy":"folder","embeddable":true,"href":"https:\/\/sloengeldage.dk\/index.php\/wp-json\/wp\/v2\/folder?post=3322"}],"curies":[{"name":"wp","href":"https:\/\/api.w.org\/{rel}","templated":true}]}}