{"id":3304,"date":"2026-02-17T11:28:38","date_gmt":"2026-02-17T11:28:38","guid":{"rendered":"https:\/\/sloengeldage.dk\/index.php\/pakke-d-mob\/"},"modified":"2026-05-09T14:08:07","modified_gmt":"2026-05-09T14:08:07","slug":"pakke-d-mob","status":"publish","type":"page","link":"https:\/\/sloengeldage.dk\/index.php\/pakke-d-mob\/","title":{"rendered":"Pakke D mobil"},"content":{"rendered":"<div class=\"brz brz-root__container brz-reset-all brz-root__container-page\">\n<section id=\"rENuHQFWnJbr_rENuHQFWnJbr\" class=\"brz-section brz-css-d-section brz-css-1efs85j\">\n<div class=\"brz-section__content brz-section--boxed brz-css-d-sectionitem-bg brz-css-byqegl\" data-brz-custom-id=\"pvLWyWL3WLSE\">\n<div class=\"brz-container brz-css-d-sectionitem-container brz-css-1ar6fn8\">\n<div class=\"brz-row__container brz-css-d-row-row brz-css-1xouho5\" data-brz-custom-id=\"nWfku2Xb8kS1\">\n<div class=\"brz-row brz-css-d-row-container brz-css-r-row-container brz-css-gh0m9y\">\n<div class=\"brz-columns brz-css-d-column-column brz-css-l6xsd2\" data-brz-custom-id=\"r27_b3iHwoHH\">\n<div class=\"brz-column__items brz-css-d-column-bg brz-css-4no076\">\n<div id=\"\" class=\"brz-css-d-wrapper brz-css-15yyivh brz-wrapper\">\n<div class=\"brz-image brz-css-d-image-dzjrnvlzcztz-parent brz-css-1yrmxyp\" data-brz-custom-id=\"dZJrNvLzcztz\"><a class=\"brz-a\" target=\"_self\" rel=\"noopener\" href=\"https:\/\/sloengeldage.dk\/index.php\/mobilforside\/\" data-brz-link-type=\"page\"><img decoding=\"async\" class=\"brz-img\" src=\"https:\/\/sloengeldage.dk\/wp-content\/uploads\/cropped-Gummi-Tarzan-2_512x512-1.png\" loading=\"lazy\" alt=\"\" title=\"cropped-Gummi-Tarzan-2_512x512-1.png\"><\/a><\/div>\n<\/div>\n<\/div>\n<\/div>\n<div class=\"brz-columns brz-css-d-column-column brz-css-12iqpi1\" data-brz-custom-id=\"yHHMOu9VyUEc\">\n<div class=\"brz-column__items brz-css-d-column-bg brz-css-3w369u\">\n<div id=\"\" class=\"brz-css-d-wrapper brz-css-5vg830 brz-wrapper\">\n<div class=\"brz-image brz-css-d-image-vezl5xbxyd5d-parent brz-css-r8bamr\" data-brz-custom-id=\"veZL5xBXYd5d\"><a class=\"brz-a\" target=\"_self\" rel=\"noopener\" href=\"https:\/\/sloengeldage.dk\/index.php\/mobilforside\/\" data-brz-link-type=\"page\"><img decoding=\"async\" class=\"brz-img\" src=\"https:\/\/sloengeldage.dk\/wp-content\/uploads\/sloengeldage_nyt_logo.png\" loading=\"lazy\" alt=\"\" title=\"sloengeldage_nyt_logo\"><\/a><\/div>\n<\/div>\n<\/div>\n<\/div>\n<\/div>\n<\/div>\n<\/div>\n<\/div>\n<\/section>\n<section id=\"g_YmiH2zqjPy_g_YmiH2zqjPy\" class=\"brz-section brz-css-d-section brz-css-1ascr5l\">\n<div class=\"brz-section__content brz-section--boxed brz-css-d-sectionitem-bg brz-css-1587lo7\" data-brz-custom-id=\"ytzKpwBPcXTd\">\n<div class=\"brz-bg\">\n<div class=\"brz-bg-color\"><\/div>\n<\/div>\n<div class=\"brz-container brz-css-d-sectionitem-container brz-css-9j3bs2\">\n<div class=\"brz-row__container brz-css-d-row-row brz-css-11a986o\" data-brz-custom-id=\"r2CQy2OdBkbF\">\n<div class=\"brz-row brz-css-d-row-container brz-css-r-row-container brz-css-1hdeyxn\">\n<div class=\"brz-columns brz-css-d-column-column brz-css-y6bira\" data-brz-custom-id=\"vLG_DSxO5x5T\">\n<div class=\"brz-column__items brz-css-d-column-bg brz-css-jnnm38\">\n<div id=\"\" class=\"brz-css-d-wrapper brz-css-50h5hl brz-wrapper\">\n<div class=\"brz-rich-text brz-rich-text__custom brz-css-d-richtext brz-css-t8koxa\" data-brz-custom-id=\"bAdzWBIX5jdJ\">\n<div data-brz-translate-text=\"1\">\n<p class=\"brz-tp-lg-empty brz-ff-roboto brz-ft-google brz-fs-lg-25 brz-fss-lg-px brz-fw-lg-700 brz-ls-lg-m_1_5 brz-lh-lg-1_3 brz-vfw-lg-400 brz-fwdth-lg-100 brz-fsft-lg-0 brz-css-pCRgt\" data-generated-css=\"brz-css-mpzWp\" data-uniq-id=\"ytVw9\"><span class=\"brz-cp-color5\"> <\/span><a class=\"brz-cp-color3 link--page\" href=\"https:\/\/sloengeldage.dk\/index.php\/mob-skoler\/\" data-brz-link-type=\"page\"><strong>Retur til Sl\u00f8ngeldag for skoler<\/strong><\/a><\/p>\n<p class=\"brz-tp-lg-empty brz-ff-roboto brz-ft-google brz-fs-lg-25 brz-fss-lg-px brz-fw-lg-700 brz-ls-lg-m_1_5 brz-lh-lg-1_3 brz-vfw-lg-400 brz-fwdth-lg-100 brz-fsft-lg-0 brz-css-dJm4p\" data-generated-css=\"brz-css-uSuhT\" data-uniq-id=\"yIg5Z\"><span class=\"brz-cp-color5\"> <\/span><\/p>\n<p class=\"brz-tp-lg-empty brz-ff-roboto brz-ft-google brz-fs-lg-25 brz-fss-lg-px brz-fw-lg-700 brz-ls-lg-m_1_5 brz-lh-lg-1_3 brz-vfw-lg-400 brz-fwdth-lg-100 brz-fsft-lg-0 brz-css-ihhu7\" data-generated-css=\"brz-css-eHqYk\" data-uniq-id=\"aryHl\"><span class=\"brz-cp-color5\">Pakke D: <\/span><span class=\"brz-cp-color5 brz-span\">Skovbyskolen og Bjedstrup skole<\/span><\/p>\n<\/div>\n<\/div>\n<\/div>\n<div id=\"\" class=\"brz-css-d-wrapper brz-css-ch5vcr brz-wrapper\">\n<div class=\"brz-rich-text brz-rich-text__custom brz-css-d-richtext brz-css-177yfkb\" data-brz-custom-id=\"pw7xfTrK_xL3\">\n<div data-brz-translate-text=\"1\">\n<p class=\"brz-tp-lg-paragraph brz-css-l3jjx\" data-uniq-id=\"zxxGY\" data-generated-css=\"brz-css-jNSnX\"><span class=\"brz-cp-color1\">Program (Pakke D)<\/span><\/p>\n<\/div>\n<\/div>\n<\/div>\n<div class=\"brz-row__container brz-css-d-row-row brz-css-nb4ntu\" data-brz-custom-id=\"ymy8QN0i5_Dj\">\n<div class=\"brz-row brz-row--inner brz-css-d-row-container brz-css-r-row-container brz-css-dwpog9\">\n<div class=\"brz-columns brz-css-d-column-column brz-css-1lpb2pw\" data-brz-custom-id=\"b2ROBjxDsse6\">\n<div class=\"brz-column__items brz-css-d-column-bg brz-css-2b63jc\">\n<div id=\"\" class=\"brz-css-d-wrapper brz-css-1d0027y brz-wrapper\">\n<div class=\"brz-rich-text brz-rich-text__custom brz-css-d-richtext brz-css-143yc5a\" data-brz-custom-id=\"u6e6_V1eRFNH\">\n<div data-brz-translate-text=\"1\">\n<p class=\"brz-tp-lg-paragraph brz-css-cIi8X\" data-uniq-id=\"iuUqg\" data-generated-css=\"brz-css-dKnAP\"><span class=\"brz-cp-color7\">09.30 &#8211; 10.15&nbsp;<\/span><\/p>\n<\/div>\n<\/div>\n<\/div>\n<\/div>\n<\/div>\n<div class=\"brz-columns brz-css-d-column-column brz-css-1291wxk\" data-brz-custom-id=\"iR_F8AfkoEZp\">\n<div class=\"brz-column__items brz-css-d-column-bg brz-css-53gguz\">\n<div id=\"\" class=\"brz-css-d-wrapper brz-css-1nvy8l4 brz-wrapper\">\n<div class=\"brz-rich-text brz-rich-text__custom brz-css-d-richtext brz-css-l9rwc1\" data-brz-custom-id=\"jtt5QR0nmj0U\">\n<div data-brz-translate-text=\"1\">\n<p class=\"brz-fsft-lg-0 brz-fwdth-lg-100 brz-vfw-lg-400 brz-lh-lg-1_7 brz-ls-lg-0_5 brz-fw-lg-700 brz-fss-lg-px brz-fs-lg-18 brz-ft-google brz-ff-roboto brz-tp-lg-empty brz-css-eGf1z\" data-generated-css=\"brz-css-pqCtn\" data-uniq-id=\"qX3IM\"><span class=\"brz-cp-color1\">Sigurd Barrett<\/span><\/p>\n<p class=\"brz-tp-lg-paragraph brz-css-nQNlb\" data-generated-css=\"brz-css-icWS1\" data-uniq-id=\"imRRr\"><span class=\"brz-cp-color1\"> <\/span><\/p>\n<p class=\"brz-tp-lg-paragraph brz-css-guNjm\" data-generated-css=\"brz-css-ykkZ0\" data-uniq-id=\"syKkC\"><span class=\"brz-cp-color1\">Store Sal<\/span><span class=\"brz-cp-color1\">, Kulturhuset<\/span><span class=\"brz-cp-color1\"> <\/span><\/p>\n<p class=\"brz-tp-lg-paragraph brz-css-euGkO\" data-generated-css=\"brz-css-jvXDb\" data-uniq-id=\"rLPKg\"><span class=\"brz-cp-color1\"> <\/span><\/p>\n<p class=\"brz-tp-lg-paragraph brz-css-ztj7O\" data-generated-css=\"brz-css-im_zh\" data-uniq-id=\"cOlLj\"><a class=\"brz-cp-color1 link--page\" href=\"https:\/\/sloengeldage.dk\/index.php\/sigurd-barrett\/\" data-brz-link-type=\"page\">L\u00e6s mere <\/a><\/p>\n<\/div>\n<\/div>\n<\/div>\n<\/div>\n<\/div>\n<div class=\"brz-columns brz-css-d-column-column brz-css-1wiwxbf\" data-brz-custom-id=\"yJ2o2FiC_U0e\">\n<div class=\"brz-column__items brz-css-d-column-bg brz-css-1jxy48h\">\n<div id=\"\" class=\"brz-css-d-wrapper brz-css-1w9hgxp brz-wrapper\">\n<div class=\"brz-image brz-css-d-image-jdcoxjfcoppz-parent brz-css-1j37g2\" data-brz-custom-id=\"jDcOXJFCopPz\"><a class=\"brz-a\" target=\"_self\" rel=\"noopener\" href=\"https:\/\/sloengeldage.dk\/index.php\/sigurd-barrett\/\" data-brz-link-type=\"page\"><img decoding=\"async\" class=\"brz-img\" src=\"https:\/\/sloengeldage.dk\/wp-content\/uploads\/SB_Sigurd-fortaeller-om-Rummet.jpg\" loading=\"lazy\" alt=\"\" title=\"SB_Sigurd-fortaeller-om-Rummet\"><\/a><\/div>\n<\/div>\n<\/div>\n<\/div>\n<\/div>\n<\/div>\n<\/div>\n<\/div>\n<\/div>\n<\/div>\n<div id=\"\" class=\"brz-css-d-wrapper brz-css-1s4egge brz-wrapper\">\n<div class=\"brz-rich-text brz-rich-text__custom brz-css-d-richtext brz-css-10zuhzl\" data-brz-custom-id=\"zYblXNFpjUgq\">\n<div data-brz-translate-text=\"1\">\n<p class=\"brz-tp-lg-paragraph brz-css-ugwT0\" data-generated-css=\"brz-css-e3I1J\" data-uniq-id=\"cYFG7\"><span class=\"brz-cp-color1\">10.15 &#8211; 10.45 Pause (30 min)<\/span><\/p>\n<\/div>\n<\/div>\n<\/div>\n<div class=\"brz-row__container brz-css-d-row-row brz-css-1586i5g\" data-brz-custom-id=\"opWD0ICntJ7y\">\n<div class=\"brz-row brz-css-d-row-container brz-css-r-row-container brz-css-x56ldk\">\n<div class=\"brz-columns brz-css-d-column-column brz-css-1dy8shd\" data-brz-custom-id=\"hkQ1MGX1_VaF\">\n<div class=\"brz-column__items brz-css-d-column-bg brz-css-1e2quu3\">\n<div class=\"brz-row__container brz-css-d-row-row brz-css-oex57n\" data-brz-custom-id=\"vePAHavyszYJ\">\n<div class=\"brz-row brz-row--inner brz-css-d-row-container brz-css-r-row-container brz-css-12pwvkb\">\n<div class=\"brz-columns brz-css-d-column-column brz-css-1nutsy8\" data-brz-custom-id=\"rF0WSEVVrJs3\">\n<div class=\"brz-column__items brz-css-d-column-bg brz-css-11y58oq\">\n<div id=\"\" class=\"brz-css-d-wrapper brz-css-1dkqbhn brz-wrapper\">\n<div class=\"brz-rich-text brz-rich-text__custom brz-css-d-richtext brz-css-has51w\" data-brz-custom-id=\"e8R_oREpCAWW\">\n<div data-brz-translate-text=\"1\">\n<p class=\"brz-tp-lg-paragraph brz-css-m0SDx\" data-generated-css=\"brz-css-rjiZA\" data-uniq-id=\"i7Bb8\"><span class=\"brz-cp-color7\">10.45 &#8211; 11.30<\/span><\/p>\n<\/div>\n<\/div>\n<\/div>\n<\/div>\n<\/div>\n<div class=\"brz-columns brz-css-d-column-column brz-css-qyyimn\" data-brz-custom-id=\"pD96HE1rMb07\">\n<div class=\"brz-column__items brz-css-d-column-bg brz-css-169gygr\">\n<div id=\"\" class=\"brz-css-d-wrapper brz-css-8zbr19 brz-wrapper\">\n<div class=\"brz-rich-text brz-rich-text__custom brz-css-d-richtext brz-css-1mcs52q\" data-brz-custom-id=\"x1bqgqVtuNBM\">\n<div data-brz-translate-text=\"1\">\n<p class=\"brz-fsft-lg-0 brz-fwdth-lg-100 brz-vfw-lg-400 brz-lh-lg-1_7 brz-ls-lg-0_5 brz-fw-lg-700 brz-fss-lg-px brz-fs-lg-18 brz-ft-google brz-ff-roboto brz-tp-lg-empty brz-css-xchWh\" data-uniq-id=\"r3pzR\" data-generated-css=\"brz-css-c07vS\"><strong style=\"background-color: transparent\" class=\"brz-cp-color1\">Sophie Souid &amp; Thomas Hjorthaab<\/strong><\/p>\n<p class=\"brz-tp-lg-paragraph brz-css-iJ7uA\" data-uniq-id=\"qeCgR\" data-generated-css=\"brz-css-nngjI\"><span class=\"brz-cp-color1\"> <\/span><\/p>\n<p class=\"brz-tp-lg-paragraph brz-css-oGZtb\" data-uniq-id=\"xe2rn\" data-generated-css=\"brz-css-sCluY\"><span class=\"brz-cp-color1\">Bibliotek<\/span><\/p>\n<p class=\"brz-tp-lg-paragraph brz-css-x5Ij0\" data-uniq-id=\"vdJN4\" data-generated-css=\"brz-css-lRMCO\"><span class=\"brz-cp-color1\"> <\/span><\/p>\n<p class=\"brz-tp-lg-paragraph brz-css-uqKpC\" data-uniq-id=\"mhmr5\" data-generated-css=\"brz-css-isRq9\"><a class=\"brz-cp-color1 link--page\" href=\"https:\/\/sloengeldage.dk\/index.php\/sophie-souid-thomas-hjorthaab\/\" data-brz-link-type=\"page\">L\u00e6s mere <\/a><\/p>\n<\/div>\n<\/div>\n<\/div>\n<\/div>\n<\/div>\n<div class=\"brz-columns brz-css-d-column-column brz-css-1fop7v0\" data-brz-custom-id=\"p7KxDZEUyRUB\">\n<div class=\"brz-column__items brz-css-d-column-bg brz-css-p3bqgq\">\n<div id=\"\" class=\"brz-css-d-wrapper brz-css-66k3iz brz-wrapper\">\n<div class=\"brz-image brz-css-d-image-qsef0tbhmrzh-parent brz-css-1p4lzrm\" data-brz-custom-id=\"qSef0tbhMrzH\"><a class=\"brz-a\" target=\"_self\" rel=\"noopener\" href=\"https:\/\/sloengeldage.dk\/index.php\/nor-og-far\/\" data-brz-link-type=\"page\"><img decoding=\"async\" class=\"brz-img\" src=\"https:\/\/sloengeldage.dk\/wp-content\/uploads\/PresseFoto_SophieThomas-scaled.jpg\" loading=\"lazy\" alt=\"\" title=\"PresseFoto_SophieThomas\"><\/a><\/div>\n<\/div>\n<\/div>\n<\/div>\n<\/div>\n<\/div>\n<\/div>\n<\/div>\n<\/div>\n<\/div>\n<div id=\"\" class=\"brz-css-d-wrapper brz-css-1be2v8f brz-wrapper\">\n<div class=\"brz-rich-text brz-rich-text__custom brz-css-d-richtext brz-css-u5pj1x\" data-brz-custom-id=\"mo25APKdmZHo\">\n<div data-brz-translate-text=\"1\">\n<p class=\"brz-tp-lg-paragraph brz-css-oJXng\" data-generated-css=\"brz-css-wNkPH\" data-uniq-id=\"gDdnp\"><span class=\"brz-cp-color7\">11.30 &#8211; 12.15 Spisepause (45 min)<\/span><\/p>\n<\/div>\n<\/div>\n<\/div>\n<div class=\"brz-row__container brz-css-d-row-row brz-css-1n71q98\" data-brz-custom-id=\"m1SYu_A7FHQQ\">\n<div class=\"brz-row brz-css-d-row-container brz-css-r-row-container brz-css-ubrjye\">\n<div class=\"brz-columns brz-css-d-column-column brz-css-1uyqlct\" data-brz-custom-id=\"yWkqYv7ziD7y\">\n<div class=\"brz-column__items brz-css-d-column-bg brz-css-1qvqrz4\">\n<div class=\"brz-row__container brz-css-d-row-row brz-css-10gmmae\" data-brz-custom-id=\"s0oevvgszZuk\">\n<div class=\"brz-row brz-row--inner brz-css-d-row-container brz-css-r-row-container brz-css-1da6cmb\">\n<div class=\"brz-columns brz-css-d-column-column brz-css-1hx4qic\" data-brz-custom-id=\"dlX6jnLi2Cy_\">\n<div class=\"brz-column__items brz-css-d-column-bg brz-css-1vl726a\">\n<div id=\"\" class=\"brz-css-d-wrapper brz-css-b323mx brz-wrapper\">\n<div class=\"brz-rich-text brz-rich-text__custom brz-css-d-richtext brz-css-1rq5s6v\" data-brz-custom-id=\"uclKmzl8OUyC\">\n<div data-brz-translate-text=\"1\">\n<p class=\"brz-tp-lg-paragraph brz-css-avg1G\" data-generated-css=\"brz-css-ieGFO\" data-uniq-id=\"c6YIw\"><span class=\"brz-cp-color7\">12.15 &#8211; 13.00<\/span><\/p>\n<\/div>\n<\/div>\n<\/div>\n<\/div>\n<\/div>\n<div class=\"brz-columns brz-css-d-column-column brz-css-tba9pa\" data-brz-custom-id=\"gKXvbkJAsRDt\">\n<div class=\"brz-column__items brz-css-d-column-bg brz-css-7czmz0\">\n<div id=\"\" class=\"brz-css-d-wrapper brz-css-10ejuke brz-wrapper\">\n<div class=\"brz-rich-text brz-rich-text__custom brz-css-d-richtext brz-css-al0c1h\" data-brz-custom-id=\"itVpy16TQcTr\">\n<div data-brz-translate-text=\"1\">\n<p class=\"brz-tp-lg-empty brz-ff-roboto brz-ft-google brz-fs-lg-18 brz-fss-lg-px brz-fw-lg-700 brz-ls-lg-0_5 brz-lh-lg-1_7 brz-vfw-lg-400 brz-fwdth-lg-100 brz-fsft-lg-0 brz-css-sLA82\" data-uniq-id=\"s38l3\" data-generated-css=\"brz-css-xuR7i\"><span class=\"brz-cp-color1\">Maria R\u00f8rb\u00e6k<\/span><\/p>\n<p class=\"brz-tp-lg-paragraph brz-css-fXnbc\" data-uniq-id=\"oHOBl\" data-generated-css=\"brz-css-rZy9A\"><span class=\"brz-cp-color1\"> <\/span><\/p>\n<p class=\"brz-tp-lg-paragraph brz-css-ekaSW\" data-uniq-id=\"oMJJN\" data-generated-css=\"brz-css-pbanC\"><span class=\"brz-cp-color1\">Cirkustelt<\/span><\/p>\n<p class=\"brz-tp-lg-paragraph brz-css-gUuzm\" data-uniq-id=\"vIdTM\" data-generated-css=\"brz-css-eOHdh\"><span class=\"brz-cp-color1\"> <\/span><\/p>\n<p class=\"brz-tp-lg-paragraph brz-css-gq7lE\" data-uniq-id=\"xl750\" data-generated-css=\"brz-css-xdZtC\"><a class=\"brz-cp-color1 link--page\" href=\"https:\/\/sloengeldage.dk\/index.php\/maria-roerbaek\/\" data-brz-link-type=\"page\">L\u00e6s mere <\/a><\/p>\n<\/div>\n<\/div>\n<\/div>\n<\/div>\n<\/div>\n<div class=\"brz-columns brz-css-d-column-column brz-css-yksjj9\" data-brz-custom-id=\"nrDcPggiyCG_\">\n<div class=\"brz-column__items brz-css-d-column-bg brz-css-f3msli\">\n<div id=\"\" class=\"brz-css-d-wrapper brz-css-qv7bkh brz-wrapper\">\n<div class=\"brz-image brz-css-d-image-k7lwwu_yymbd-parent brz-css-18qm34d\" data-brz-custom-id=\"k7Lwwu_YyMbd\"><a class=\"brz-a\" target=\"_self\" rel=\"noopener\" href=\"https:\/\/sloengeldage.dk\/index.php\/sophie-souid-thomas-hjorthaab\/\" data-brz-link-type=\"page\"><img decoding=\"async\" class=\"brz-img\" src=\"https:\/\/sloengeldage.dk\/wp-content\/uploads\/MariaRoerbaek.jpg\" loading=\"lazy\" alt=\"\" title=\"Maria+R\u00f8rb\u00e6k\"><\/a><\/div>\n<\/div>\n<\/div>\n<\/div>\n<\/div>\n<\/div>\n<\/div>\n<\/div>\n<\/div>\n<\/div>\n<\/div>\n<\/div>\n<\/section>\n<section id=\"ucCjQD_s8tQG_ucCjQD_s8tQG\" class=\"brz-section brz-css-d-section brz-css-192i5d\">\n<div class=\"brz-section__content brz-section--boxed brz-css-d-sectionitem-bg brz-css-1axzdbp\" data-brz-custom-id=\"alCTXjoPg7Vz\">\n<div class=\"brz-bg\">\n<div class=\"brz-bg-color\"><\/div>\n<\/div>\n<div class=\"brz-container brz-css-d-sectionitem-container brz-css-ews52f\">\n<div class=\"brz-row__container brz-css-d-row-row brz-css-59j5s\" data-brz-custom-id=\"dfKdynOE_u2j\">\n<div class=\"brz-row brz-css-d-row-container brz-css-r-row-container brz-css-b6c6dl\">\n<div class=\"brz-columns brz-css-d-column-column brz-css-1yo8o1c\" data-brz-custom-id=\"bn2oD4noG7kf\">\n<div class=\"brz-column__items brz-css-d-column-bg brz-css-cacw24\">\n<div id=\"\" class=\"brz-css-d-wrapper brz-css-n22jjk brz-wrapper\">\n<div class=\"brz-rich-text brz-rich-text__custom brz-css-d-richtext brz-css-1qxaet4\" data-brz-custom-id=\"yB6KJ1GohHze\">\n<div data-brz-translate-text=\"1\">\n<p class=\"brz-tp-lg-paragraph brz-text-lg-center brz-css-xrlJv\" data-uniq-id=\"ojPnU\" data-generated-css=\"brz-css-v_9Gl\"><a class=\"link--page brz-cp-color1 brz-bgp-color8\" href=\"https:\/\/sloengeldage.dk\/index.php\/kontakt\/\" data-brz-link-type=\"page\">Kontakt Di Heslige Sl\u00f8nglers Klup<\/a><\/p>\n<\/div>\n<\/div>\n<\/div>\n<\/div>\n<\/div>\n<div class=\"brz-columns brz-css-d-column-column brz-css-1pjbxcg\" data-brz-custom-id=\"oH9Xq2JMc6O4\">\n<div class=\"brz-column__items brz-css-d-column-bg brz-css-s8iwff\">\n<div id=\"\" class=\"brz-css-d-wrapper brz-css-10i55qb brz-wrapper\">\n<div class=\"brz-rich-text brz-rich-text__custom brz-css-d-richtext brz-css-171s0rp\" data-brz-custom-id=\"ywckOJciAi48\">\n<div data-brz-translate-text=\"1\">\n<p class=\"brz-tp-lg-paragraph brz-text-lg-center brz-css-qGkSg\" data-uniq-id=\"zIrET\" data-generated-css=\"brz-css-mSOvL\"><a class=\"link--page brz-cp-color1 brz-bgp-color8\" href=\"https:\/\/sloengeldage.dk\/index.php\/privatslivserklaering\/\" data-brz-link-type=\"page\">Privatlivserkl\u00e6ring<\/a><\/p>\n<\/div>\n<\/div>\n<\/div>\n<\/div>\n<\/div>\n<\/div>\n<\/div>\n<\/div>\n<\/div>\n<\/section><\/div>\n<p><!-- version:1775556648 --><\/p>\n","protected":false},"excerpt":{"rendered":"<p>Retur til Sl\u00f8ngeldag for skoler Pakke D: Skovbyskolen og Bjedstrup skole Program (Pakke D) 09.30 &#8211; 10.15&nbsp; Sigurd Barrett Store Sal, Kulturhuset L\u00e6s mere 10.15 &#8211; 10.45 Pause (30 min) 10.45 &#8211; 11.30 Sophie Souid &amp; Thomas Hjorthaab Bibliotek L\u00e6s mere 11.30 &#8211; 12.15 Spisepause (45 min) 12.15 &#8211; 13.00 Maria R\u00f8rb\u00e6k Cirkustelt L\u00e6s mere &hellip; <\/p>\n<p class=\"link-more\"><a href=\"https:\/\/sloengeldage.dk\/index.php\/pakke-d-mob\/\" class=\"more-link\">Continue reading<span class=\"screen-reader-text\"> &#8220;Pakke D mobil&#8221;<\/span><\/a><\/p>\n","protected":false},"author":1,"featured_media":0,"parent":0,"menu_order":0,"comment_status":"closed","ping_status":"closed","template":"brizy-blank-template.php","meta":{"footnotes":""},"folder":[112],"class_list":["post-3304","page","type-page","status-publish","hentry","entry"],"brizy_media":[{"id":1835,"url":"https:\/\/sloengeldage.dk\/wp-content\/uploads\/MariaRoerbaek.jpg","name":"MariaRoerbaek.jpg","meta":{"brizy_attachment_uid":"wp-7c606ed3125f14e8fea043a536e05653.jpg","brizy_post_uid":["8693e6427cc92969460825557a533d27","8188b2cae34aeb45536f747697c7511f","af924bd788f23a0f409d9d8b64a69932"]}},{"id":2528,"url":"https:\/\/sloengeldage.dk\/wp-content\/uploads\/PresseFoto_SophieThomas-scaled.jpg","name":"PresseFoto_SophieThomas.jpg","meta":{"brizy_attachment_uid":"wp-4be28784a8d4623754a4ef4af7540e36.jpg","brizy_post_uid":["89ad8b69406ca7aeb0e4761988d6201b","a5ac2a14150c9ddf743b9eedf0cb1807","af924bd788f23a0f409d9d8b64a69932","b912b4ebb3e6b129a44d16d98cc5c09d"]}}],"_links":{"self":[{"href":"https:\/\/sloengeldage.dk\/index.php\/wp-json\/wp\/v2\/pages\/3304","targetHints":{"allow":["GET"]}}],"collection":[{"href":"https:\/\/sloengeldage.dk\/index.php\/wp-json\/wp\/v2\/pages"}],"about":[{"href":"https:\/\/sloengeldage.dk\/index.php\/wp-json\/wp\/v2\/types\/page"}],"author":[{"embeddable":true,"href":"https:\/\/sloengeldage.dk\/index.php\/wp-json\/wp\/v2\/users\/1"}],"replies":[{"embeddable":true,"href":"https:\/\/sloengeldage.dk\/index.php\/wp-json\/wp\/v2\/comments?post=3304"}],"version-history":[{"count":4,"href":"https:\/\/sloengeldage.dk\/index.php\/wp-json\/wp\/v2\/pages\/3304\/revisions"}],"predecessor-version":[{"id":5771,"href":"https:\/\/sloengeldage.dk\/index.php\/wp-json\/wp\/v2\/pages\/3304\/revisions\/5771"}],"wp:attachment":[{"href":"https:\/\/sloengeldage.dk\/index.php\/wp-json\/wp\/v2\/media?parent=3304"}],"wp:term":[{"taxonomy":"folder","embeddable":true,"href":"https:\/\/sloengeldage.dk\/index.php\/wp-json\/wp\/v2\/folder?post=3304"}],"curies":[{"name":"wp","href":"https:\/\/api.w.org\/{rel}","templated":true}]}}