{"id":3295,"date":"2026-02-17T11:24:55","date_gmt":"2026-02-17T11:24:55","guid":{"rendered":"https:\/\/sloengeldage.dk\/index.php\/pakke-c-mob\/"},"modified":"2026-05-09T14:08:29","modified_gmt":"2026-05-09T14:08:29","slug":"pakke-c-mob","status":"publish","type":"page","link":"https:\/\/sloengeldage.dk\/index.php\/pakke-c-mob\/","title":{"rendered":"Pakke C mobil"},"content":{"rendered":"<div class=\"brz brz-root__container brz-reset-all brz-root__container-page\">\n<section id=\"m68OGU49h0JE_m68OGU49h0JE\" class=\"brz-section brz-css-d-section brz-css-1lnkv4h\">\n<div class=\"brz-section__content brz-section--boxed brz-css-d-sectionitem-bg brz-css-1gy7ozv\" data-brz-custom-id=\"lJO4p2ehwbOf\">\n<div class=\"brz-container brz-css-d-sectionitem-container brz-css-1eck1\">\n<div class=\"brz-row__container brz-css-d-row-row brz-css-1b1ze9k\" data-brz-custom-id=\"vSk0pb0Nw1by\">\n<div class=\"brz-row brz-css-d-row-container brz-css-r-row-container brz-css-ci8ap3\">\n<div class=\"brz-columns brz-css-d-column-column brz-css-1p6hzcg\" data-brz-custom-id=\"kjjqRLvPwQUG\">\n<div class=\"brz-column__items brz-css-d-column-bg brz-css-1r8dsbm\">\n<div id=\"\" class=\"brz-css-d-wrapper brz-css-xuil04 brz-wrapper\">\n<div class=\"brz-image brz-css-d-image-r5mpiuon6zrp-parent brz-css-1ey5544\" data-brz-custom-id=\"r5mPiuOn6zrp\"><a class=\"brz-a\" target=\"_self\" rel=\"noopener\" href=\"https:\/\/sloengeldage.dk\/index.php\/mobilforside\/\" data-brz-link-type=\"page\"><img decoding=\"async\" class=\"brz-img\" src=\"https:\/\/sloengeldage.dk\/wp-content\/uploads\/cropped-Gummi-Tarzan-2_512x512-1.png\" loading=\"lazy\" alt=\"\" title=\"cropped-Gummi-Tarzan-2_512x512-1.png\"><\/a><\/div>\n<\/div>\n<\/div>\n<\/div>\n<div class=\"brz-columns brz-css-d-column-column brz-css-1px13av\" data-brz-custom-id=\"hMGrFepcMEBm\">\n<div class=\"brz-column__items brz-css-d-column-bg brz-css-1d2dsdy\">\n<div id=\"\" class=\"brz-css-d-wrapper brz-css-1sjlibv brz-wrapper\">\n<div class=\"brz-image brz-css-d-image-iffhsjl6wr2n-parent brz-css-7yqjmy\" data-brz-custom-id=\"ifFhsjl6Wr2n\"><a class=\"brz-a\" target=\"_self\" rel=\"noopener\" href=\"https:\/\/sloengeldage.dk\/index.php\/mobilforside\/\" data-brz-link-type=\"page\"><img decoding=\"async\" class=\"brz-img\" src=\"https:\/\/sloengeldage.dk\/wp-content\/uploads\/sloengeldage_nyt_logo.png\" loading=\"lazy\" alt=\"\" title=\"sloengeldage_nyt_logo\"><\/a><\/div>\n<\/div>\n<\/div>\n<\/div>\n<\/div>\n<\/div>\n<\/div>\n<\/div>\n<\/section>\n<section id=\"wtgTezCZgcAD_wtgTezCZgcAD\" class=\"brz-section brz-css-d-section brz-css-1sg3n8m\">\n<div class=\"brz-section__content brz-section--boxed brz-css-d-sectionitem-bg brz-css-13o4wu0\" data-brz-custom-id=\"rp15_vWcCtS4\">\n<div class=\"brz-bg\">\n<div class=\"brz-bg-color\"><\/div>\n<\/div>\n<div class=\"brz-container brz-css-d-sectionitem-container brz-css-1niaezy\">\n<div class=\"brz-row__container brz-css-d-row-row brz-css-1advlbm\" data-brz-custom-id=\"l0mSadfpryuT\">\n<div class=\"brz-row brz-css-d-row-container brz-css-r-row-container brz-css-1yynblz\">\n<div class=\"brz-columns brz-css-d-column-column brz-css-a66o9l\" data-brz-custom-id=\"mte_JPD0lZQn\">\n<div class=\"brz-column__items brz-css-d-column-bg brz-css-1lqs8wh\">\n<div id=\"\" class=\"brz-css-d-wrapper brz-css-10s2rg7 brz-wrapper\">\n<div class=\"brz-rich-text brz-rich-text__custom brz-css-d-richtext brz-css-cpxhik\" data-brz-custom-id=\"kB2oFenzTvDd\">\n<div data-brz-translate-text=\"1\">\n<p class=\"brz-tp-lg-empty brz-ff-roboto brz-ft-google brz-fs-lg-25 brz-fss-lg-px brz-fw-lg-700 brz-ls-lg-m_1_5 brz-lh-lg-1_3 brz-vfw-lg-400 brz-fwdth-lg-100 brz-fsft-lg-0 brz-css-eBy7p\" data-generated-css=\"brz-css-fvYta\" data-uniq-id=\"cbGqm\"><a class=\"link--page brz-cp-color5\" href=\"https:\/\/sloengeldage.dk\/index.php\/mob-skoler\/\" data-brz-link-type=\"page\"> <\/a><a class=\"brz-cp-color3 link--page\" href=\"https:\/\/sloengeldage.dk\/index.php\/mob-skoler\/\" data-brz-link-type=\"page\"><strong>Retur til Sl\u00f8ngeldag for skoler<\/strong><\/a><\/p>\n<p class=\"brz-tp-lg-empty brz-ff-roboto brz-ft-google brz-fs-lg-25 brz-fss-lg-px brz-fw-lg-700 brz-ls-lg-m_1_5 brz-lh-lg-1_3 brz-vfw-lg-400 brz-fwdth-lg-100 brz-fsft-lg-0 brz-css-yNTq4\" data-generated-css=\"brz-css-t2AJx\" data-uniq-id=\"p7JN2\"><span class=\"brz-cp-color5\"> <\/span><\/p>\n<p class=\"brz-tp-lg-empty brz-ff-roboto brz-ft-google brz-fs-lg-25 brz-fss-lg-px brz-fw-lg-700 brz-ls-lg-m_1_5 brz-lh-lg-1_3 brz-vfw-lg-400 brz-fwdth-lg-100 brz-fsft-lg-0 brz-css-eOcGn\" data-generated-css=\"brz-css-zi4ZH\" data-uniq-id=\"jxbQF\"><span class=\"brz-cp-color5\">Pakke C: <\/span><span class=\"brz-cp-color5 brz-span\">Voerladeg\u00e5rd Skole, Ejer Bavneh\u00f8jskolen, Gyvelh\u00f8jskolen og Virring Skole<\/span><\/p>\n<\/div>\n<\/div>\n<\/div>\n<div id=\"\" class=\"brz-css-d-wrapper brz-css-1pm2i2p brz-wrapper\">\n<div class=\"brz-rich-text brz-rich-text__custom brz-css-d-richtext brz-css-bwyu0y\" data-brz-custom-id=\"atKwHFcMSfKI\">\n<div data-brz-translate-text=\"1\">\n<p class=\"brz-tp-lg-paragraph brz-css-v_6QA\" data-uniq-id=\"u2qyQ\" data-generated-css=\"brz-css-fX25s\"><span class=\"brz-cp-color1\">Program (Pakke C)<\/span><\/p>\n<\/div>\n<\/div>\n<\/div>\n<div class=\"brz-row__container brz-css-d-row-row brz-css-12u2j22\" data-brz-custom-id=\"suL8xeK1M6mf\">\n<div class=\"brz-row brz-row--inner brz-css-d-row-container brz-css-r-row-container brz-css-1oqphp8\">\n<div class=\"brz-columns brz-css-d-column-column brz-css-1jxow6k\" data-brz-custom-id=\"eGYAz9NYGUV0\">\n<div class=\"brz-column__items brz-css-d-column-bg brz-css-sksqnk\">\n<div id=\"\" class=\"brz-css-d-wrapper brz-css-mwutgg brz-wrapper\">\n<div class=\"brz-rich-text brz-rich-text__custom brz-css-d-richtext brz-css-z3dbnm\" data-brz-custom-id=\"irKVdSV5yC4i\">\n<div data-brz-translate-text=\"1\">\n<p class=\"brz-tp-lg-paragraph brz-css-tZcKz\" data-uniq-id=\"iuUqg\" data-generated-css=\"brz-css-dKnAP\"><span class=\"brz-cp-color7\">09.30 &#8211; 10.15&nbsp;<\/span><\/p>\n<\/div>\n<\/div>\n<\/div>\n<\/div>\n<\/div>\n<div class=\"brz-columns brz-css-d-column-column brz-css-11o6y7c\" data-brz-custom-id=\"jZoUAw5G0Uum\">\n<div class=\"brz-column__items brz-css-d-column-bg brz-css-nuz87e\">\n<div id=\"\" class=\"brz-css-d-wrapper brz-css-1xu49k7 brz-wrapper\">\n<div class=\"brz-rich-text brz-rich-text__custom brz-css-d-richtext brz-css-k4m5z6\" data-brz-custom-id=\"piJe5Be75rJV\">\n<div data-brz-translate-text=\"1\">\n<p class=\"brz-fsft-lg-0 brz-fwdth-lg-100 brz-vfw-lg-400 brz-lh-lg-1_7 brz-ls-lg-0_5 brz-fw-lg-700 brz-fss-lg-px brz-fs-lg-18 brz-ft-google brz-ff-roboto brz-tp-lg-empty brz-css-cmq9i\" data-generated-css=\"brz-css-pqCtn\" data-uniq-id=\"qX3IM\"><span class=\"brz-cp-color1\">Sigurd Barrett<\/span><\/p>\n<p class=\"brz-tp-lg-paragraph brz-css-x4O6i\" data-generated-css=\"brz-css-icWS1\" data-uniq-id=\"imRRr\"><span class=\"brz-cp-color1\"> <\/span><\/p>\n<p class=\"brz-tp-lg-paragraph brz-css-xO7O2\" data-generated-css=\"brz-css-ykkZ0\" data-uniq-id=\"syKkC\"><span class=\"brz-cp-color1\">Store Sal<\/span><span class=\"brz-cp-color1\">, Kulturhuset<\/span><span class=\"brz-cp-color1\"> <\/span><\/p>\n<p class=\"brz-tp-lg-paragraph brz-css-vd8uy\" data-generated-css=\"brz-css-jvXDb\" data-uniq-id=\"rLPKg\"><span class=\"brz-cp-color1\"> <\/span><\/p>\n<p class=\"brz-tp-lg-paragraph brz-css-snIB1\" data-generated-css=\"brz-css-im_zh\" data-uniq-id=\"cOlLj\"><a class=\"brz-cp-color1 link--page\" href=\"https:\/\/sloengeldage.dk\/index.php\/sigurd-barrett\/\" data-brz-link-type=\"page\">L\u00e6s mere <\/a><\/p>\n<\/div>\n<\/div>\n<\/div>\n<\/div>\n<\/div>\n<div class=\"brz-columns brz-css-d-column-column brz-css-maqc8x\" data-brz-custom-id=\"nnqewvgApPYO\">\n<div class=\"brz-column__items brz-css-d-column-bg brz-css-4bvz5y\">\n<div id=\"\" class=\"brz-css-d-wrapper brz-css-1kp6ryi brz-wrapper\">\n<div class=\"brz-image brz-css-d-image-abkjf9yjtyc7-parent brz-css-1ie2tk6\" data-brz-custom-id=\"abKJf9yjtYc7\"><a class=\"brz-a\" target=\"_self\" rel=\"noopener\" href=\"https:\/\/sloengeldage.dk\/index.php\/sigurd-barrett\/\" data-brz-link-type=\"page\"><img decoding=\"async\" class=\"brz-img\" src=\"https:\/\/sloengeldage.dk\/wp-content\/uploads\/SB_Sigurd-fortaeller-om-Rummet.jpg\" loading=\"lazy\" alt=\"\" title=\"SB_Sigurd-fortaeller-om-Rummet\"><\/a><\/div>\n<\/div>\n<\/div>\n<\/div>\n<\/div>\n<\/div>\n<\/div>\n<\/div>\n<\/div>\n<\/div>\n<div id=\"\" class=\"brz-css-d-wrapper brz-css-x16fih brz-wrapper\">\n<div class=\"brz-rich-text brz-rich-text__custom brz-css-d-richtext brz-css-1th02iz\" data-brz-custom-id=\"n96uHY2IqPWX\">\n<div data-brz-translate-text=\"1\">\n<p class=\"brz-tp-lg-paragraph brz-css-rTAog\" data-generated-css=\"brz-css-e3I1J\" data-uniq-id=\"cYFG7\"><span class=\"brz-cp-color1\">10.15 &#8211; 10.45 Pause (30 min)<\/span><\/p>\n<\/div>\n<\/div>\n<\/div>\n<div class=\"brz-row__container brz-css-d-row-row brz-css-loylib\" data-brz-custom-id=\"f9DxQAHaRxAW\">\n<div class=\"brz-row brz-css-d-row-container brz-css-r-row-container brz-css-1wy7z6s\">\n<div class=\"brz-columns brz-css-d-column-column brz-css-1b2ckfd\" data-brz-custom-id=\"c8IWiAixLP3T\">\n<div class=\"brz-column__items brz-css-d-column-bg brz-css-1dtisw8\">\n<div class=\"brz-row__container brz-css-d-row-row brz-css-kof4f\" data-brz-custom-id=\"gy033QMV7psQ\">\n<div class=\"brz-row brz-row--inner brz-css-d-row-container brz-css-r-row-container brz-css-t5rkht\">\n<div class=\"brz-columns brz-css-d-column-column brz-css-15gyizg\" data-brz-custom-id=\"amaJgVajJBxn\">\n<div class=\"brz-column__items brz-css-d-column-bg brz-css-14lta9k\">\n<div id=\"\" class=\"brz-css-d-wrapper brz-css-10nwva8 brz-wrapper\">\n<div class=\"brz-rich-text brz-rich-text__custom brz-css-d-richtext brz-css-ibba92\" data-brz-custom-id=\"xSdci5DLgwSz\">\n<div data-brz-translate-text=\"1\">\n<p class=\"brz-tp-lg-paragraph brz-css-rFhKT\" data-generated-css=\"brz-css-rjiZA\" data-uniq-id=\"i7Bb8\"><span class=\"brz-cp-color7\">10.45 &#8211; 11.30<\/span><\/p>\n<\/div>\n<\/div>\n<\/div>\n<\/div>\n<\/div>\n<div class=\"brz-columns brz-css-d-column-column brz-css-et8f2b\" data-brz-custom-id=\"jniqWUaGXp0K\">\n<div class=\"brz-column__items brz-css-d-column-bg brz-css-35y5f7\">\n<div id=\"\" class=\"brz-css-d-wrapper brz-css-1iwc74d brz-wrapper\">\n<div class=\"brz-rich-text brz-rich-text__custom brz-css-d-richtext brz-css-b1r969\" data-brz-custom-id=\"pxmHuHfw3_5t\">\n<div data-brz-translate-text=\"1\">\n<p class=\"brz-tp-lg-empty brz-ff-roboto brz-ft-google brz-fs-lg-18 brz-fss-lg-px brz-fw-lg-700 brz-ls-lg-0_5 brz-lh-lg-1_7 brz-vfw-lg-400 brz-fwdth-lg-100 brz-fsft-lg-0 brz-css-z5LFI\" data-generated-css=\"brz-css-eaiMb\" data-uniq-id=\"w8urv\"><span class=\"brz-cp-color1\">Andreas Boeskov<\/span><\/p>\n<p class=\"brz-tp-lg-paragraph brz-css-eTU9K\" data-generated-css=\"brz-css-pZ_WV\" data-uniq-id=\"lE0X8\"><span class=\"brz-cp-color1\"> <\/span><\/p>\n<p class=\"brz-tp-lg-paragraph brz-css-xREqL\" data-generated-css=\"brz-css-u6lw1\" data-uniq-id=\"jr5UR\"><span class=\"brz-cp-color1\">Bibliotek<\/span><\/p>\n<p class=\"brz-tp-lg-paragraph brz-css-hOcc6\" data-generated-css=\"brz-css-yVGun\" data-uniq-id=\"nBXbz\"><span class=\"brz-cp-color1\"> <\/span><\/p>\n<p class=\"brz-tp-lg-paragraph brz-css-fFQ28\" data-generated-css=\"brz-css-xvszj\" data-uniq-id=\"x2b9M\"><a class=\"brz-cp-color1 link--page\" href=\"https:\/\/sloengeldage.dk\/index.php\/andreas-boeskov\/\" data-brz-link-type=\"page\">L\u00e6s mere <\/a><\/p>\n<\/div>\n<\/div>\n<\/div>\n<\/div>\n<\/div>\n<div class=\"brz-columns brz-css-d-column-column brz-css-10wwxjf\" data-brz-custom-id=\"iHNsBEZOCAr8\">\n<div class=\"brz-column__items brz-css-d-column-bg brz-css-37pq8s\">\n<div id=\"\" class=\"brz-css-d-wrapper brz-css-18z0brx brz-wrapper\">\n<div class=\"brz-image brz-css-d-image-uu1oj0hl_fdd-parent brz-css-1m24nqa\" data-brz-custom-id=\"uu1OJ0hL_FDD\"><a class=\"brz-a\" target=\"_self\" rel=\"noopener\" href=\"https:\/\/sloengeldage.dk\/index.php\/nor-og-far\/\" data-brz-link-type=\"page\"><img decoding=\"async\" class=\"brz-img\" src=\"https:\/\/sloengeldage.dk\/wp-content\/uploads\/Andreas-Boeskov.jpg\" loading=\"lazy\" alt=\"\" title=\"Andreas Boeskov\"><\/a><\/div>\n<\/div>\n<\/div>\n<\/div>\n<\/div>\n<\/div>\n<\/div>\n<\/div>\n<\/div>\n<\/div>\n<div id=\"\" class=\"brz-css-d-wrapper brz-css-1nprz0f brz-wrapper\">\n<div class=\"brz-rich-text brz-rich-text__custom brz-css-d-richtext brz-css-qttsij\" data-brz-custom-id=\"tUn75uv6SJYm\">\n<div data-brz-translate-text=\"1\">\n<p class=\"brz-tp-lg-paragraph brz-css-s1FCF\" data-generated-css=\"brz-css-wNkPH\" data-uniq-id=\"gDdnp\"><span class=\"brz-cp-color7\">11.30 &#8211; 12.15 Spisepause (45 min)<\/span><\/p>\n<\/div>\n<\/div>\n<\/div>\n<div class=\"brz-row__container brz-css-d-row-row brz-css-11vt9ha\" data-brz-custom-id=\"ooyLNPYTQdIY\">\n<div class=\"brz-row brz-css-d-row-container brz-css-r-row-container brz-css-1jt37yl\">\n<div class=\"brz-columns brz-css-d-column-column brz-css-1fgehg2\" data-brz-custom-id=\"fPEJlD9Sasqo\">\n<div class=\"brz-column__items brz-css-d-column-bg brz-css-1jjoqgd\">\n<div class=\"brz-row__container brz-css-d-row-row brz-css-vy4sl5\" data-brz-custom-id=\"spOIiU9qhvWU\">\n<div class=\"brz-row brz-row--inner brz-css-d-row-container brz-css-r-row-container brz-css-zn5i00\">\n<div class=\"brz-columns brz-css-d-column-column brz-css-1yic8jn\" data-brz-custom-id=\"lTpluolfWcD1\">\n<div class=\"brz-column__items brz-css-d-column-bg brz-css-1vrsul7\">\n<div id=\"\" class=\"brz-css-d-wrapper brz-css-u25u5j brz-wrapper\">\n<div class=\"brz-rich-text brz-rich-text__custom brz-css-d-richtext brz-css-pifv4q\" data-brz-custom-id=\"eNBWCAV4W1ez\">\n<div data-brz-translate-text=\"1\">\n<p class=\"brz-tp-lg-paragraph brz-css-qSkOv\" data-generated-css=\"brz-css-ieGFO\" data-uniq-id=\"c6YIw\"><span class=\"brz-cp-color7\">12.15 &#8211; 13.00<\/span><\/p>\n<\/div>\n<\/div>\n<\/div>\n<\/div>\n<\/div>\n<div class=\"brz-columns brz-css-d-column-column brz-css-196c81k\" data-brz-custom-id=\"chWR89eizXxk\">\n<div class=\"brz-column__items brz-css-d-column-bg brz-css-1v2uq83\">\n<div id=\"\" class=\"brz-css-d-wrapper brz-css-plup5g brz-wrapper\">\n<div class=\"brz-rich-text brz-rich-text__custom brz-css-d-richtext brz-css-1fn5dna\" data-brz-custom-id=\"xbH3hkzDPPgZ\">\n<div data-brz-translate-text=\"1\">\n<p class=\"brz-tp-lg-empty brz-ff-roboto brz-ft-google brz-fs-lg-18 brz-fss-lg-px brz-fw-lg-700 brz-ls-lg-0_5 brz-lh-lg-1_7 brz-vfw-lg-400 brz-fwdth-lg-100 brz-fsft-lg-0 brz-css-qQCpX\" data-uniq-id=\"ajbyI\" data-generated-css=\"brz-css-kcTIY\"><span class=\"brz-cp-color1\">Nor &amp; Far<\/span><\/p>\n<p class=\"brz-tp-lg-paragraph brz-css-pJH5x\" data-uniq-id=\"yxG6X\" data-generated-css=\"brz-css-x2fjF\"><span class=\"brz-cp-color1\"> <\/span><\/p>\n<p class=\"brz-tp-lg-paragraph brz-css-j_1RU\" data-uniq-id=\"ovJ5C\" data-generated-css=\"brz-css-kmza6\"><span class=\"brz-cp-color1\">Bibliotek<\/span><\/p>\n<p class=\"brz-tp-lg-paragraph brz-css-xv9XF\" data-uniq-id=\"k9MOt\" data-generated-css=\"brz-css-n1Eit\"><span class=\"brz-cp-color1\"> <\/span><\/p>\n<p class=\"brz-tp-lg-paragraph brz-css-pfadA\" data-uniq-id=\"cugaT\" data-generated-css=\"brz-css-r_crJ\"><a class=\"brz-cp-color1 link--page\" href=\"https:\/\/sloengeldage.dk\/index.php\/nor-og-far\/\" data-brz-link-type=\"page\">L\u00e6s mere <\/a><\/p>\n<\/div>\n<\/div>\n<\/div>\n<\/div>\n<\/div>\n<div class=\"brz-columns brz-css-d-column-column brz-css-v3gu8q\" data-brz-custom-id=\"ks5pbz257GSr\">\n<div class=\"brz-column__items brz-css-d-column-bg brz-css-jrkxaq\">\n<div id=\"\" class=\"brz-css-d-wrapper brz-css-1qo5pp8 brz-wrapper\">\n<div class=\"brz-image brz-css-d-image-gfqlf5qi2kcb-parent brz-css-b83xus\" data-brz-custom-id=\"gFQlF5Qi2kCB\"><a class=\"brz-a\" target=\"_self\" rel=\"noopener\" href=\"https:\/\/sloengeldage.dk\/index.php\/sophie-souid-thomas-hjorthaab\/\" data-brz-link-type=\"page\"><img decoding=\"async\" class=\"brz-img\" src=\"https:\/\/sloengeldage.dk\/wp-content\/uploads\/Nor-og-Far-scaled.jpeg\" loading=\"lazy\" alt=\"\" title=\"Nor og Far\"><\/a><\/div>\n<\/div>\n<\/div>\n<\/div>\n<\/div>\n<\/div>\n<\/div>\n<\/div>\n<\/div>\n<\/div>\n<\/div>\n<\/div>\n<\/section>\n<section id=\"t7TInIp61tuh_t7TInIp61tuh\" class=\"brz-section brz-css-d-section brz-css-1alvfbd\">\n<div class=\"brz-section__content brz-section--boxed brz-css-d-sectionitem-bg brz-css-19es7c9\" data-brz-custom-id=\"qRAsSprgKs_3\">\n<div class=\"brz-bg\">\n<div class=\"brz-bg-color\"><\/div>\n<\/div>\n<div class=\"brz-container brz-css-d-sectionitem-container brz-css-1p3fnkp\">\n<div class=\"brz-row__container brz-css-d-row-row brz-css-63cxtb\" data-brz-custom-id=\"ta7siLBuBrBh\">\n<div class=\"brz-row brz-css-d-row-container brz-css-r-row-container brz-css-1b0vl61\">\n<div class=\"brz-columns brz-css-d-column-column brz-css-129p3yw\" data-brz-custom-id=\"niv81MFLcAwc\">\n<div class=\"brz-column__items brz-css-d-column-bg brz-css-16mkcfn\">\n<div id=\"\" class=\"brz-css-d-wrapper brz-css-h7l1fi brz-wrapper\">\n<div class=\"brz-rich-text brz-rich-text__custom brz-css-d-richtext brz-css-9ydy1j\" data-brz-custom-id=\"gf5m2prSovIJ\">\n<div data-brz-translate-text=\"1\">\n<p class=\"brz-tp-lg-paragraph brz-text-lg-center brz-css-nkfEV\" data-uniq-id=\"ojPnU\" data-generated-css=\"brz-css-v_9Gl\"><a class=\"link--page brz-cp-color1 brz-bgp-color8\" href=\"https:\/\/sloengeldage.dk\/index.php\/kontakt\/\" data-brz-link-type=\"page\">Kontakt Di Heslige Sl\u00f8nglers Klup<\/a><\/p>\n<\/div>\n<\/div>\n<\/div>\n<\/div>\n<\/div>\n<div class=\"brz-columns brz-css-d-column-column brz-css-1a8syeb\" data-brz-custom-id=\"uP8Hw78kuj8x\">\n<div class=\"brz-column__items brz-css-d-column-bg brz-css-12fodur\">\n<div id=\"\" class=\"brz-css-d-wrapper brz-css-dztjf8 brz-wrapper\">\n<div class=\"brz-rich-text brz-rich-text__custom brz-css-d-richtext brz-css-1s5zpgl\" data-brz-custom-id=\"qWLaQMPaFcPW\">\n<div data-brz-translate-text=\"1\">\n<p class=\"brz-tp-lg-paragraph brz-text-lg-center brz-css-qlWON\" data-uniq-id=\"zIrET\" data-generated-css=\"brz-css-mSOvL\"><a class=\"link--page brz-cp-color1 brz-bgp-color8\" href=\"https:\/\/sloengeldage.dk\/index.php\/privatslivserklaering\/\" data-brz-link-type=\"page\">Privatlivserkl\u00e6ring<\/a><\/p>\n<\/div>\n<\/div>\n<\/div>\n<\/div>\n<\/div>\n<\/div>\n<\/div>\n<\/div>\n<\/div>\n<\/section><\/div>\n<p><!-- version:1775556607 --><\/p>\n","protected":false},"excerpt":{"rendered":"<p>Retur til Sl\u00f8ngeldag for skoler Pakke C: Voerladeg\u00e5rd Skole, Ejer Bavneh\u00f8jskolen, Gyvelh\u00f8jskolen og Virring Skole Program (Pakke C) 09.30 &#8211; 10.15&nbsp; Sigurd Barrett Store Sal, Kulturhuset L\u00e6s mere 10.15 &#8211; 10.45 Pause (30 min) 10.45 &#8211; 11.30 Andreas Boeskov Bibliotek L\u00e6s mere 11.30 &#8211; 12.15 Spisepause (45 min) 12.15 &#8211; 13.00 Nor &amp; Far Bibliotek &hellip; <\/p>\n<p class=\"link-more\"><a href=\"https:\/\/sloengeldage.dk\/index.php\/pakke-c-mob\/\" class=\"more-link\">Continue reading<span class=\"screen-reader-text\"> &#8220;Pakke C mobil&#8221;<\/span><\/a><\/p>\n","protected":false},"author":1,"featured_media":0,"parent":0,"menu_order":0,"comment_status":"closed","ping_status":"closed","template":"brizy-blank-template.php","meta":{"footnotes":""},"folder":[112],"class_list":["post-3295","page","type-page","status-publish","hentry","entry"],"brizy_media":[{"id":1775,"url":"https:\/\/sloengeldage.dk\/wp-content\/uploads\/Nor-og-Far-scaled.jpeg","name":"Nor-og-Far.jpeg","meta":{"brizy_attachment_uid":"wp-a689c90d6288f1c0aa8ff658a3c70474.jpeg","brizy_post_uid":["04e743ae5e76ee50df5dace3386b43f5","8569fa31b2378c30331d17bb3c182451","b912b4ebb3e6b129a44d16d98cc5c09d"]}},{"id":2543,"url":"https:\/\/sloengeldage.dk\/wp-content\/uploads\/Andreas-Boeskov.jpg","name":"Andreas-Boeskov.jpg","meta":{"brizy_attachment_uid":"wp-a8179c6824879c880f7c244b75e6d6c0.jpg","brizy_post_uid":["419e1d630dcf47f11f11f4836bd7cea4","8569fa31b2378c30331d17bb3c182451","b1db65effdd867fba92448bfc41bd833"]}}],"_links":{"self":[{"href":"https:\/\/sloengeldage.dk\/index.php\/wp-json\/wp\/v2\/pages\/3295","targetHints":{"allow":["GET"]}}],"collection":[{"href":"https:\/\/sloengeldage.dk\/index.php\/wp-json\/wp\/v2\/pages"}],"about":[{"href":"https:\/\/sloengeldage.dk\/index.php\/wp-json\/wp\/v2\/types\/page"}],"author":[{"embeddable":true,"href":"https:\/\/sloengeldage.dk\/index.php\/wp-json\/wp\/v2\/users\/1"}],"replies":[{"embeddable":true,"href":"https:\/\/sloengeldage.dk\/index.php\/wp-json\/wp\/v2\/comments?post=3295"}],"version-history":[{"count":4,"href":"https:\/\/sloengeldage.dk\/index.php\/wp-json\/wp\/v2\/pages\/3295\/revisions"}],"predecessor-version":[{"id":5769,"href":"https:\/\/sloengeldage.dk\/index.php\/wp-json\/wp\/v2\/pages\/3295\/revisions\/5769"}],"wp:attachment":[{"href":"https:\/\/sloengeldage.dk\/index.php\/wp-json\/wp\/v2\/media?parent=3295"}],"wp:term":[{"taxonomy":"folder","embeddable":true,"href":"https:\/\/sloengeldage.dk\/index.php\/wp-json\/wp\/v2\/folder?post=3295"}],"curies":[{"name":"wp","href":"https:\/\/api.w.org\/{rel}","templated":true}]}}