{"id":3269,"date":"2026-02-17T10:24:17","date_gmt":"2026-02-17T10:24:17","guid":{"rendered":"https:\/\/sloengeldage.dk\/index.php\/pakke-a-mob\/"},"modified":"2026-05-06T11:04:19","modified_gmt":"2026-05-06T11:04:19","slug":"pakke-a-mob","status":"publish","type":"page","link":"https:\/\/sloengeldage.dk\/index.php\/pakke-a-mob\/","title":{"rendered":"Pakke A mobil"},"content":{"rendered":"<div class=\"brz brz-root__container brz-reset-all brz-root__container-page\">\n<section id=\"pK0ZTRAjNP6R_pK0ZTRAjNP6R\" class=\"brz-section brz-css-d-section brz-css-lti5nh\">\n<div class=\"brz-section__content brz-section--boxed brz-css-d-sectionitem-bg brz-css-1wkpgq0\" data-brz-custom-id=\"fuiIoQw5RU3o\">\n<div class=\"brz-container brz-css-d-sectionitem-container brz-css-zw4n4h\">\n<div class=\"brz-row__container brz-css-d-row-row brz-css-1kbgi36\" data-brz-custom-id=\"iEhc1UBBYM8A\">\n<div class=\"brz-row brz-css-d-row-container brz-css-r-row-container brz-css-nyigm5\">\n<div class=\"brz-columns brz-css-d-column-column brz-css-1w3a6xx\" data-brz-custom-id=\"fwnM_yU5Djqd\">\n<div class=\"brz-column__items brz-css-d-column-bg brz-css-y4ldbu\">\n<div id=\"\" class=\"brz-css-d-wrapper brz-css-mxb4wm brz-wrapper\">\n<div class=\"brz-image brz-css-d-image-yhmprigfxgqx-parent brz-css-gmylhq\" data-brz-custom-id=\"yHmpRIGFxgQX\"><a class=\"brz-a\" target=\"_self\" rel=\"noopener\" href=\"https:\/\/sloengeldage.dk\/index.php\/mobilforside\/\" data-brz-link-type=\"page\"><img decoding=\"async\" class=\"brz-img\" src=\"https:\/\/sloengeldage.dk\/wp-content\/uploads\/cropped-Gummi-Tarzan-2_512x512-1.png\" loading=\"lazy\" alt=\"\" title=\"cropped-Gummi-Tarzan-2_512x512-1.png\"><\/a><\/div>\n<\/div>\n<\/div>\n<\/div>\n<div class=\"brz-columns brz-css-d-column-column brz-css-am1n6k\" data-brz-custom-id=\"xK9SCdOuYZma\">\n<div class=\"brz-column__items brz-css-d-column-bg brz-css-ebn1fm\">\n<div id=\"\" class=\"brz-css-d-wrapper brz-css-1pl18x9 brz-wrapper\">\n<div class=\"brz-image brz-css-d-image-dqeq2sfg34rv-parent brz-css-1e690jn\" data-brz-custom-id=\"dQEq2Sfg34Rv\"><a class=\"brz-a\" target=\"_self\" rel=\"noopener\" href=\"https:\/\/sloengeldage.dk\/index.php\/mobilforside\/\" data-brz-link-type=\"page\"><img decoding=\"async\" class=\"brz-img\" src=\"https:\/\/sloengeldage.dk\/wp-content\/uploads\/sloengeldage_nyt_logo.png\" loading=\"lazy\" alt=\"\" title=\"sloengeldage_nyt_logo\"><\/a><\/div>\n<\/div>\n<\/div>\n<\/div>\n<\/div>\n<\/div>\n<\/div>\n<\/div>\n<\/section>\n<section id=\"rvf7K9cbbX8Q_rvf7K9cbbX8Q\" class=\"brz-section brz-css-d-section brz-css-1iv6eq0\">\n<div class=\"brz-section__content brz-section--boxed brz-css-d-sectionitem-bg brz-css-12r88ym\" data-brz-custom-id=\"lgBAXTdlGkuF\">\n<div class=\"brz-bg\">\n<div class=\"brz-bg-color\"><\/div>\n<\/div>\n<div class=\"brz-container brz-css-d-sectionitem-container brz-css-1sg6w2r\">\n<div class=\"brz-row__container brz-css-d-row-row brz-css-10catca\" data-brz-custom-id=\"wrjWSKk__hmt\">\n<div class=\"brz-row brz-css-d-row-container brz-css-r-row-container brz-css-12ibivv\">\n<div class=\"brz-columns brz-css-d-column-column brz-css-scuc8b\" data-brz-custom-id=\"e6MCScJVChBd\">\n<div class=\"brz-column__items brz-css-d-column-bg brz-css-r7ctf4\">\n<div id=\"\" class=\"brz-css-d-wrapper brz-css-1u6keia brz-wrapper\">\n<div class=\"brz-rich-text brz-rich-text__custom brz-css-d-richtext brz-css-8mqen9\" data-brz-custom-id=\"tv4hcCHvaSrU\">\n<div data-brz-translate-text=\"1\">\n<p class=\"brz-fsft-lg-0 brz-fwdth-lg-100 brz-vfw-lg-400 brz-lh-lg-1_3 brz-ls-lg-m_1_5 brz-fw-lg-700 brz-fss-lg-px brz-fs-lg-25 brz-ft-google brz-ff-roboto brz-tp-lg-empty brz-css-wGmyX\" data-uniq-id=\"fVh45\" data-generated-css=\"brz-css-hT_5t\"><a class=\"link--page brz-cp-color3\" href=\"https:\/\/sloengeldage.dk\/index.php\/mob-skoler\/\" data-brz-link-type=\"page\"> Retur til Sl\u00f8ngeldag for skoler<\/a><\/p>\n<p class=\"brz-fsft-lg-0 brz-fwdth-lg-100 brz-vfw-lg-400 brz-lh-lg-1_3 brz-ls-lg-m_1_5 brz-fw-lg-700 brz-fss-lg-px brz-fs-lg-25 brz-ft-google brz-ff-roboto brz-tp-lg-empty brz-css-odZGS\" data-uniq-id=\"uqf5L\" data-generated-css=\"brz-css-n4wMr\"><a class=\"link--page brz-cp-color3\" href=\"https:\/\/sloengeldage.dk\/index.php\/skoledag\/\" data-brz-link-type=\"page\"> <\/a><\/p>\n<p class=\"brz-fsft-lg-0 brz-fwdth-lg-100 brz-vfw-lg-400 brz-lh-lg-1_3 brz-ls-lg-m_1_5 brz-fw-lg-700 brz-fss-lg-px brz-fs-lg-25 brz-ft-google brz-ff-roboto brz-tp-lg-empty brz-css-hFnQV\" data-uniq-id=\"j80fP\" data-generated-css=\"brz-css-lh48Q\"><span class=\"brz-cp-color5\">Pakke A: M\u00f8lleskolen og Herskindskolen<\/span><\/p>\n<\/div>\n<\/div>\n<\/div>\n<div id=\"\" class=\"brz-css-d-wrapper brz-css-1fslbbw brz-wrapper\">\n<div class=\"brz-rich-text brz-rich-text__custom brz-css-d-richtext brz-css-1e5qwpm\" data-brz-custom-id=\"swFcKZW4pknx\">\n<div data-brz-translate-text=\"1\">\n<p class=\"brz-tp-lg-paragraph brz-css-fQnw7\" data-uniq-id=\"pj9r9\" data-generated-css=\"brz-css-jU9UK\"><span class=\"brz-cp-color1\">Program (Pakke A)<\/span><\/p>\n<\/div>\n<\/div>\n<\/div>\n<div class=\"brz-row__container brz-css-d-row-row brz-css-13t561h\" data-brz-custom-id=\"dgCGnx8v2f2c\">\n<div class=\"brz-row brz-row--inner brz-css-d-row-container brz-css-r-row-container brz-css-obc5th\">\n<div class=\"brz-columns brz-css-d-column-column brz-css-qs1owp\" data-brz-custom-id=\"zguK79lJMDKO\">\n<div class=\"brz-column__items brz-css-d-column-bg brz-css-os22vs\">\n<div id=\"\" class=\"brz-css-d-wrapper brz-css-48x1kt brz-wrapper\">\n<div class=\"brz-rich-text brz-rich-text__custom brz-css-d-richtext brz-css-1gmqpip\" data-brz-custom-id=\"fynQCYqRpNgC\">\n<div data-brz-translate-text=\"1\">\n<p class=\"brz-tp-lg-paragraph brz-css-t0dSc\" data-uniq-id=\"iuUqg\" data-generated-css=\"brz-css-dKnAP\"><span class=\"brz-cp-color7\">09.30 &#8211; 10.15&nbsp;<\/span><\/p>\n<\/div>\n<\/div>\n<\/div>\n<\/div>\n<\/div>\n<div class=\"brz-columns brz-css-d-column-column brz-css-7c8tba\" data-brz-custom-id=\"f3eCD_txxDUR\">\n<div class=\"brz-column__items brz-css-d-column-bg brz-css-1sg5g2a\">\n<div id=\"\" class=\"brz-css-d-wrapper brz-css-vaw8pg brz-wrapper\">\n<div class=\"brz-rich-text brz-rich-text__custom brz-css-d-richtext brz-css-1o5m15w\" data-brz-custom-id=\"g6VyKIXDM8cb\">\n<div data-brz-translate-text=\"1\">\n<p data-uniq-id=\"nef37\" data-generated-css=\"brz-css-toYPH\" class=\"brz-tp-lg-empty brz-ff-roboto brz-ft-google brz-fs-lg-18 brz-fss-lg-px brz-fw-lg-700 brz-ls-lg-0_5 brz-lh-lg-1_7 brz-vfw-lg-400 brz-fwdth-lg-100 brz-fsft-lg-0 brz-css-kYEpr\"><span class=\"brz-cp-color1\">Sigurd Barrett<\/span><\/p>\n<p class=\"brz-tp-lg-paragraph brz-css-c7d2S\" data-uniq-id=\"daHhj\" data-generated-css=\"brz-css-feuNQ\"><span class=\"brz-cp-color1\"> <\/span><\/p>\n<p class=\"brz-tp-lg-paragraph brz-css-eaKO6\" data-uniq-id=\"wsHa_\" data-generated-css=\"brz-css-j5wiM\"><span class=\"brz-cp-color1\">Store Sal<\/span><span class=\"brz-cp-color1\">, Kulturhuset<\/span><span class=\"brz-cp-color1\"> <\/span><\/p>\n<p class=\"brz-tp-lg-paragraph brz-css-rdYmg\" data-uniq-id=\"pXdpZ\" data-generated-css=\"brz-css-tcDd2\"><span class=\"brz-cp-color1\"> <\/span><\/p>\n<p class=\"brz-tp-lg-paragraph brz-css-hhPbC\" data-uniq-id=\"fqBla\" data-generated-css=\"brz-css-teog3\"><a class=\"brz-cp-color1 link--page\" href=\"https:\/\/sloengeldage.dk\/index.php\/sigurd-barrett\/\" data-brz-link-type=\"page\">L\u00e6s mere <\/a><\/p>\n<\/div>\n<\/div>\n<\/div>\n<\/div>\n<\/div>\n<div class=\"brz-columns brz-css-d-column-column brz-css-196wss0\" data-brz-custom-id=\"v3lDpCNmO2Do\">\n<div class=\"brz-column__items brz-css-d-column-bg brz-css-zcf9v1\">\n<div id=\"\" class=\"brz-css-d-wrapper brz-css-zxhpwm brz-wrapper\">\n<div class=\"brz-image brz-css-d-image-ctoyolo3etgw-parent brz-css-12t6cq0\" data-brz-custom-id=\"ctoyOLo3EtGw\"><a class=\"brz-a\" target=\"_self\" rel=\"noopener\" href=\"https:\/\/sloengeldage.dk\/index.php\/sigurd-barrett\/\" data-brz-link-type=\"page\"><img decoding=\"async\" class=\"brz-img\" src=\"https:\/\/sloengeldage.dk\/wp-content\/uploads\/SB_Sigurd-fortaeller-om-Rummet.jpg\" loading=\"lazy\" alt=\"\" title=\"SB_Sigurd-fortaeller-om-Rummet\"><\/a><\/div>\n<\/div>\n<\/div>\n<\/div>\n<\/div>\n<\/div>\n<\/div>\n<\/div>\n<\/div>\n<\/div>\n<div id=\"\" class=\"brz-css-d-wrapper brz-css-p7buey brz-wrapper\">\n<div class=\"brz-rich-text brz-rich-text__custom brz-css-d-richtext brz-css-1vvai7w\" data-brz-custom-id=\"qL6et0zxF0iT\">\n<div data-brz-translate-text=\"1\">\n<p class=\"brz-tp-lg-paragraph brz-css-v4Qnc\" data-generated-css=\"brz-css-e3I1J\" data-uniq-id=\"cYFG7\"><span class=\"brz-cp-color1\">10.15 &#8211; 10.45 Pause (30 min)<\/span><\/p>\n<\/div>\n<\/div>\n<\/div>\n<div class=\"brz-row__container brz-css-d-row-row brz-css-zxrv21\" data-brz-custom-id=\"dlBBnBk83Bio\">\n<div class=\"brz-row brz-css-d-row-container brz-css-r-row-container brz-css-22xlvg\">\n<div class=\"brz-columns brz-css-d-column-column brz-css-d21iir\" data-brz-custom-id=\"zY3G6AwsSIzV\">\n<div class=\"brz-column__items brz-css-d-column-bg brz-css-18wdohc\">\n<div class=\"brz-row__container brz-css-d-row-row brz-css-1hmvyun\" data-brz-custom-id=\"wONYTm9TKeiU\">\n<div class=\"brz-row brz-row--inner brz-css-d-row-container brz-css-r-row-container brz-css-lfrrvs\">\n<div class=\"brz-columns brz-css-d-column-column brz-css-xqtwrq\" data-brz-custom-id=\"bJyjyK8gH2sf\">\n<div class=\"brz-column__items brz-css-d-column-bg brz-css-1ji7wii\">\n<div id=\"\" class=\"brz-css-d-wrapper brz-css-13685ao brz-wrapper\">\n<div class=\"brz-rich-text brz-rich-text__custom brz-css-d-richtext brz-css-dat097\" data-brz-custom-id=\"rdtul7awYTif\">\n<div data-brz-translate-text=\"1\">\n<p class=\"brz-tp-lg-paragraph brz-css-wDBUQ\" data-generated-css=\"brz-css-rjiZA\" data-uniq-id=\"i7Bb8\"><span class=\"brz-cp-color7\">10.45 &#8211; 11.30<\/span><\/p>\n<\/div>\n<\/div>\n<\/div>\n<\/div>\n<\/div>\n<div class=\"brz-columns brz-css-d-column-column brz-css-38aux7\" data-brz-custom-id=\"oKl81CyUsXdG\">\n<div class=\"brz-column__items brz-css-d-column-bg brz-css-1ylkfwm\">\n<div id=\"\" class=\"brz-css-d-wrapper brz-css-xc54s brz-wrapper\">\n<div class=\"brz-rich-text brz-rich-text__custom brz-css-d-richtext brz-css-tni0i6\" data-brz-custom-id=\"x3wR5S9C_75e\">\n<div data-brz-translate-text=\"1\">\n<p data-generated-css=\"brz-css-ag3gc\" data-uniq-id=\"cKwCe\" class=\"brz-tp-lg-empty brz-ff-roboto brz-ft-google brz-fs-lg-18 brz-fss-lg-px brz-fw-lg-700 brz-ls-lg-0_5 brz-lh-lg-1_7 brz-vfw-lg-400 brz-fwdth-lg-100 brz-fsft-lg-0 brz-css-jWZs0\"><span class=\"brz-cp-color1\">Nor og Far <\/span><\/p>\n<p class=\"brz-tp-lg-paragraph brz-css-vkJwT\" data-generated-css=\"brz-css-xqmMU\" data-uniq-id=\"xlLR9\"><span class=\"brz-cp-color1\"> <\/span><\/p>\n<p class=\"brz-tp-lg-paragraph brz-css-hofUq\" data-generated-css=\"brz-css-fUgd3\" data-uniq-id=\"cRk0d\"><span class=\"brz-cp-color1\">Store Sal, Kulturhuset<\/span><\/p>\n<p data-generated-css=\"brz-css-sJvU_\" data-uniq-id=\"thKSW\" class=\"brz-tp-lg-paragraph brz-css-vaJzM\"><span class=\"brz-cp-color1\"> <\/span><\/p>\n<p data-generated-css=\"brz-css-udmuB\" data-uniq-id=\"foTLU\" class=\"brz-tp-lg-paragraph brz-css-oslC9\"><a class=\"brz-cp-color1 link--page\" href=\"https:\/\/sloengeldage.dk\/index.php\/nor-og-far\/\" data-brz-link-type=\"page\">L\u00e6s mere<\/a><span class=\"brz-cp-color1\"> <\/span><\/p>\n<\/div>\n<\/div>\n<\/div>\n<\/div>\n<\/div>\n<div class=\"brz-columns brz-css-d-column-column brz-css-1jf0w16\" data-brz-custom-id=\"ny6IlAIiPqU1\">\n<div class=\"brz-column__items brz-css-d-column-bg brz-css-r952lf\">\n<div id=\"\" class=\"brz-css-d-wrapper brz-css-15a3oy8 brz-wrapper\">\n<div class=\"brz-image brz-css-d-image-ruxrgxcmdvxg-parent brz-css-15j1k0r\" data-brz-custom-id=\"ruXrgxcmdvxG\"><a class=\"brz-a\" target=\"_self\" rel=\"noopener\" href=\"https:\/\/sloengeldage.dk\/index.php\/nor-og-far\/\" data-brz-link-type=\"page\"><img decoding=\"async\" class=\"brz-img\" src=\"https:\/\/sloengeldage.dk\/wp-content\/uploads\/Nor-og-Far2-scaled.jpeg\" loading=\"lazy\" alt=\"\" title=\"Nor og Far2,\"><\/a><\/div>\n<\/div>\n<\/div>\n<\/div>\n<\/div>\n<\/div>\n<\/div>\n<\/div>\n<\/div>\n<\/div>\n<div id=\"\" class=\"brz-css-d-wrapper brz-css-gu0sqo brz-wrapper\">\n<div class=\"brz-rich-text brz-rich-text__custom brz-css-d-richtext brz-css-1tto1lw\" data-brz-custom-id=\"qgimdXDXAS_q\">\n<div data-brz-translate-text=\"1\">\n<p class=\"brz-tp-lg-paragraph brz-css-l0le9\" data-generated-css=\"brz-css-wNkPH\" data-uniq-id=\"gDdnp\"><span class=\"brz-cp-color7\">11.30 &#8211; 12.15 Spisepause (45 min)<\/span><\/p>\n<\/div>\n<\/div>\n<\/div>\n<div class=\"brz-row__container brz-css-d-row-row brz-css-1s2r1ij\" data-brz-custom-id=\"jy9DaNatbWx1\">\n<div class=\"brz-row brz-css-d-row-container brz-css-r-row-container brz-css-1aqi720\">\n<div class=\"brz-columns brz-css-d-column-column brz-css-1rno60\" data-brz-custom-id=\"eIiDLIUauRlu\">\n<div class=\"brz-column__items brz-css-d-column-bg brz-css-1hqjalw\">\n<div class=\"brz-row__container brz-css-d-row-row brz-css-3ch4gk\" data-brz-custom-id=\"pjsVNS27QaAR\">\n<div class=\"brz-row brz-row--inner brz-css-d-row-container brz-css-r-row-container brz-css-a15j45\">\n<div class=\"brz-columns brz-css-d-column-column brz-css-152w6xn\" data-brz-custom-id=\"eWI867Nwrz9E\">\n<div class=\"brz-column__items brz-css-d-column-bg brz-css-14ps50b\">\n<div id=\"\" class=\"brz-css-d-wrapper brz-css-1oidwy6 brz-wrapper\">\n<div class=\"brz-rich-text brz-rich-text__custom brz-css-d-richtext brz-css-1ubnort\" data-brz-custom-id=\"u3hCTqJdv5GR\">\n<div data-brz-translate-text=\"1\">\n<p class=\"brz-tp-lg-paragraph brz-css-dsQe5\" data-generated-css=\"brz-css-ieGFO\" data-uniq-id=\"c6YIw\"><span class=\"brz-cp-color7\">12.15 &#8211; 13.00<\/span><\/p>\n<\/div>\n<\/div>\n<\/div>\n<\/div>\n<\/div>\n<div class=\"brz-columns brz-css-d-column-column brz-css-1owuw8j\" data-brz-custom-id=\"gg7002yqdiNz\">\n<div class=\"brz-column__items brz-css-d-column-bg brz-css-10pfgxc\">\n<div id=\"\" class=\"brz-css-d-wrapper brz-css-16st1oq brz-wrapper\">\n<div class=\"brz-rich-text brz-rich-text__custom brz-css-d-richtext brz-css-namwyo\" data-brz-custom-id=\"wtn6zbK04dU8\">\n<div data-brz-translate-text=\"1\">\n<p data-uniq-id=\"go5Po\" data-generated-css=\"brz-css-arjuQ\" class=\"brz-tp-lg-empty brz-ff-roboto brz-ft-google brz-fs-lg-18 brz-fss-lg-px brz-fw-lg-700 brz-ls-lg-0_5 brz-lh-lg-1_7 brz-vfw-lg-400 brz-fwdth-lg-100 brz-fsft-lg-0 brz-css-ixvHN\"><span class=\"brz-cp-color1\">Sophie Souid og Thomas Hjorthaab<\/span><\/p>\n<p class=\"brz-tp-lg-paragraph brz-css-fJ3xK\" data-uniq-id=\"dwuJw\" data-generated-css=\"brz-css-fBO0Y\"><span class=\"brz-cp-color1\"> <\/span><\/p>\n<p class=\"brz-tp-lg-paragraph brz-css-c9IoG\" data-uniq-id=\"aACNX\" data-generated-css=\"brz-css-qwjCH\"><span class=\"brz-cp-color1\">Biograf, Kulturhuset<\/span><\/p>\n<p class=\"brz-tp-lg-paragraph brz-css-n8IUN\" data-uniq-id=\"w7MI7\" data-generated-css=\"brz-css-j1jjP\"><span class=\"brz-cp-color1\"> <\/span><\/p>\n<p class=\"brz-tp-lg-paragraph brz-css-hOJml\" data-uniq-id=\"iFZDX\" data-generated-css=\"brz-css-tnXGF\"><a class=\"brz-cp-color1 link--page\" href=\"https:\/\/sloengeldage.dk\/index.php\/sophie-souid-thomas-hjorthaab\/\" data-brz-link-type=\"page\">L\u00e6s mere <\/a><\/p>\n<\/div>\n<\/div>\n<\/div>\n<\/div>\n<\/div>\n<div class=\"brz-columns brz-css-d-column-column brz-css-1synxtl\" data-brz-custom-id=\"yX6Sx8vgJffr\">\n<div class=\"brz-column__items brz-css-d-column-bg brz-css-gut1lu\">\n<div id=\"\" class=\"brz-css-d-wrapper brz-css-127kv0h brz-wrapper\">\n<div class=\"brz-image brz-css-d-image-h3xyauxmp4or-parent brz-css-jdjqq9\" data-brz-custom-id=\"h3xyaUXmP4Or\"><a class=\"brz-a\" target=\"_self\" rel=\"noopener\" href=\"https:\/\/sloengeldage.dk\/index.php\/sophie-souid-thomas-hjorthaab\/\" data-brz-link-type=\"page\"><img decoding=\"async\" class=\"brz-img\" src=\"https:\/\/sloengeldage.dk\/wp-content\/uploads\/PresseFoto_SophieThomas-scaled.jpg\" loading=\"lazy\" alt=\"\" title=\"PresseFoto_SophieThomas\"><\/a><\/div>\n<\/div>\n<\/div>\n<\/div>\n<\/div>\n<\/div>\n<\/div>\n<\/div>\n<\/div>\n<\/div>\n<\/div>\n<\/div>\n<\/section>\n<section id=\"d9Ne62qu1mFM_d9Ne62qu1mFM\" class=\"brz-section brz-css-d-section brz-css-1qr6vrw\">\n<div class=\"brz-section__content brz-section--boxed brz-css-d-sectionitem-bg brz-css-l7h0di\" data-brz-custom-id=\"xPCuMyCpMRM0\">\n<div class=\"brz-bg\">\n<div class=\"brz-bg-color\"><\/div>\n<\/div>\n<div class=\"brz-container brz-css-d-sectionitem-container brz-css-7ig0p3\">\n<div class=\"brz-row__container brz-css-d-row-row brz-css-9dlp6f\" data-brz-custom-id=\"xuFaM2TGi93d\">\n<div class=\"brz-row brz-css-d-row-container brz-css-r-row-container brz-css-swhxn7\">\n<div class=\"brz-columns brz-css-d-column-column brz-css-1vn23b9\" data-brz-custom-id=\"xikdde_IhJY4\">\n<div class=\"brz-column__items brz-css-d-column-bg brz-css-1uc3pvz\">\n<div id=\"\" class=\"brz-css-d-wrapper brz-css-c2r2fm brz-wrapper\">\n<div class=\"brz-rich-text brz-rich-text__custom brz-css-d-richtext brz-css-1yome16\" data-brz-custom-id=\"rgHnSYIIodRs\">\n<div data-brz-translate-text=\"1\">\n<p class=\"brz-tp-lg-paragraph brz-text-lg-center brz-css-gGOC5\" data-uniq-id=\"ojPnU\" data-generated-css=\"brz-css-v_9Gl\"><a class=\"link--page brz-cp-color1 brz-bgp-color8\" href=\"https:\/\/sloengeldage.dk\/index.php\/kontakt\/\" data-brz-link-type=\"page\">Kontakt Di Heslige Sl\u00f8nglers Klup<\/a><\/p>\n<\/div>\n<\/div>\n<\/div>\n<\/div>\n<\/div>\n<div class=\"brz-columns brz-css-d-column-column brz-css-1lahu70\" data-brz-custom-id=\"rZhlCcrr2DRp\">\n<div class=\"brz-column__items brz-css-d-column-bg brz-css-1dbxl1a\">\n<div id=\"\" class=\"brz-css-d-wrapper brz-css-1iguf98 brz-wrapper\">\n<div class=\"brz-rich-text brz-rich-text__custom brz-css-d-richtext brz-css-q9pfnp\" data-brz-custom-id=\"nz_fVn9wQfJj\">\n<div data-brz-translate-text=\"1\">\n<p class=\"brz-tp-lg-paragraph brz-text-lg-center brz-css-tDLlh\" data-uniq-id=\"zIrET\" data-generated-css=\"brz-css-mSOvL\"><a class=\"link--page brz-cp-color1 brz-bgp-color8\" href=\"https:\/\/sloengeldage.dk\/index.php\/privatslivserklaering\/\" data-brz-link-type=\"page\">Privatlivserkl\u00e6ring<\/a><\/p>\n<\/div>\n<\/div>\n<\/div>\n<\/div>\n<\/div>\n<\/div>\n<\/div>\n<\/div>\n<\/div>\n<\/section><\/div>\n<p><!-- version:1775556545 --><\/p>\n","protected":false},"excerpt":{"rendered":"<p>Retur til Sl\u00f8ngeldag for skoler Pakke A: M\u00f8lleskolen og Herskindskolen Program (Pakke A) 09.30 &#8211; 10.15&nbsp; Sigurd Barrett Store Sal, Kulturhuset L\u00e6s mere 10.15 &#8211; 10.45 Pause (30 min) 10.45 &#8211; 11.30 Nor og Far Store Sal, Kulturhuset L\u00e6s mere 11.30 &#8211; 12.15 Spisepause (45 min) 12.15 &#8211; 13.00 Sophie Souid og Thomas Hjorthaab Biograf, &hellip; <\/p>\n<p class=\"link-more\"><a href=\"https:\/\/sloengeldage.dk\/index.php\/pakke-a-mob\/\" class=\"more-link\">Continue reading<span class=\"screen-reader-text\"> &#8220;Pakke A mobil&#8221;<\/span><\/a><\/p>\n","protected":false},"author":1,"featured_media":0,"parent":0,"menu_order":0,"comment_status":"closed","ping_status":"closed","template":"brizy-blank-template.php","meta":{"footnotes":""},"folder":[112],"class_list":["post-3269","page","type-page","status-publish","hentry","entry"],"brizy_media":[{"id":1775,"url":"https:\/\/sloengeldage.dk\/wp-content\/uploads\/Nor-og-Far-scaled.jpeg","name":"Nor-og-Far.jpeg","meta":{"brizy_attachment_uid":"wp-a689c90d6288f1c0aa8ff658a3c70474.jpeg","brizy_post_uid":["04e743ae5e76ee50df5dace3386b43f5","8569fa31b2378c30331d17bb3c182451","b912b4ebb3e6b129a44d16d98cc5c09d"]}},{"id":1776,"url":"https:\/\/sloengeldage.dk\/wp-content\/uploads\/Nor-og-Far2-scaled.jpeg","name":"Nor-og-Far2.jpeg","meta":{"brizy_attachment_uid":"wp-9b4d761f52c2c65dcb67835f1c600c24.jpeg","brizy_post_uid":["04e743ae5e76ee50df5dace3386b43f5","a5ac2a14150c9ddf743b9eedf0cb1807","b912b4ebb3e6b129a44d16d98cc5c09d"]}},{"id":2528,"url":"https:\/\/sloengeldage.dk\/wp-content\/uploads\/PresseFoto_SophieThomas-scaled.jpg","name":"PresseFoto_SophieThomas.jpg","meta":{"brizy_attachment_uid":"wp-4be28784a8d4623754a4ef4af7540e36.jpg","brizy_post_uid":["89ad8b69406ca7aeb0e4761988d6201b","a5ac2a14150c9ddf743b9eedf0cb1807","af924bd788f23a0f409d9d8b64a69932","b912b4ebb3e6b129a44d16d98cc5c09d"]}}],"_links":{"self":[{"href":"https:\/\/sloengeldage.dk\/index.php\/wp-json\/wp\/v2\/pages\/3269","targetHints":{"allow":["GET"]}}],"collection":[{"href":"https:\/\/sloengeldage.dk\/index.php\/wp-json\/wp\/v2\/pages"}],"about":[{"href":"https:\/\/sloengeldage.dk\/index.php\/wp-json\/wp\/v2\/types\/page"}],"author":[{"embeddable":true,"href":"https:\/\/sloengeldage.dk\/index.php\/wp-json\/wp\/v2\/users\/1"}],"replies":[{"embeddable":true,"href":"https:\/\/sloengeldage.dk\/index.php\/wp-json\/wp\/v2\/comments?post=3269"}],"version-history":[{"count":5,"href":"https:\/\/sloengeldage.dk\/index.php\/wp-json\/wp\/v2\/pages\/3269\/revisions"}],"predecessor-version":[{"id":5765,"href":"https:\/\/sloengeldage.dk\/index.php\/wp-json\/wp\/v2\/pages\/3269\/revisions\/5765"}],"wp:attachment":[{"href":"https:\/\/sloengeldage.dk\/index.php\/wp-json\/wp\/v2\/media?parent=3269"}],"wp:term":[{"taxonomy":"folder","embeddable":true,"href":"https:\/\/sloengeldage.dk\/index.php\/wp-json\/wp\/v2\/folder?post=3269"}],"curies":[{"name":"wp","href":"https:\/\/api.w.org\/{rel}","templated":true}]}}