{"id":3096,"date":"2026-01-19T10:48:36","date_gmt":"2026-01-19T10:48:36","guid":{"rendered":"https:\/\/sloengeldage.dk\/?page_id=3096"},"modified":"2026-04-07T07:43:49","modified_gmt":"2026-04-07T07:43:49","slug":"rasmus-walter","status":"publish","type":"page","link":"https:\/\/sloengeldage.dk\/index.php\/rasmus-walter\/","title":{"rendered":"Rasmus Walter"},"content":{"rendered":"<div class=\"brz brz-root__container brz-reset-all brz-root__container-page\">\n<section id=\"g7ZHo0fX2hpg_g7ZHo0fX2hpg\" class=\"brz-section brz-css-d-section brz-css-wct6fv\">\n<div class=\"brz-section__content brz-section--boxed brz-css-d-sectionitem-bg brz-css-5sgfp5\" data-brz-custom-id=\"cPe6Cr1u5BDA\">\n<div class=\"brz-bg\">\n<div class=\"brz-bg-color\"><\/div>\n<\/div>\n<div class=\"brz-container brz-css-d-sectionitem-container brz-css-9pg0x7\">\n<div class=\"brz-row__container brz-css-d-row-row brz-css-10933a8\" data-brz-custom-id=\"u_xWY5yaAPoY\">\n<div class=\"brz-row brz-css-d-row-container brz-css-r-row-container brz-css-105emw1\">\n<div class=\"brz-columns brz-css-d-column-column brz-css-l9agsc\" data-brz-custom-id=\"gR1EvIdytLle\">\n<div class=\"brz-column__items brz-css-d-column-bg brz-css-3tn3mv\">\n<div id=\"\" class=\"brz-css-d-wrapper brz-css-6el4dx brz-wrapper\">\n<div class=\"brz-menu__container brz-css-d-menu-menu-container brz-css-14kbmtu\" data-mmenu-id=\"#nKkPdN9uj8fx_b98d2f075dae7bb842bd\" data-mmenu-position=\"position-left\" data-mmenu-title=\"Menu\" data-mmenu-stickytitle=\"off\" data-mmenu-isslider=\"false\" data-mmenu-closingicon=\"%7B%22desktop%22%3A%22off%22%2C%22tablet%22%3A%22off%22%2C%22mobile%22%3A%22off%22%7D\" data-brz-menu-accessible=\"true\" data-brz-custom-id=\"nKkPdN9uj8fx\">\n<nav data-mods=\"%7B%22desktop%22%3A%22vertical%22%2C%22tablet%22%3A%22vertical%22%2C%22mobile%22%3A%22vertical%22%7D\" class=\"brz-menu brz-menu__preview brz-css-d-menu-menu brz-css-vnd6xo\">\n<ul class=\"brz-menu__ul\" data-menu-items-active=\"\">\n<li data-menu-item-id=\"b17711062da0e911e93f36c58153b947\" class=\"brz-menu__item menu-item menu-item-type-post_type menu-item-object-page\"><a class=\"brz-a\" target=\"\" href=\"https:\/\/sloengeldage.dk\/index.php\/basseralle\/\"><span class=\"brz-span\">Basseralle<\/span><\/a><\/li>\n<li data-menu-item-id=\"3ed9e5cb01358d0823626d03c00408a3\" class=\"brz-menu__item menu-item menu-item-type-post_type menu-item-object-page\"><a class=\"brz-a\" target=\"\" href=\"https:\/\/sloengeldage.dk\/index.php\/bennys-lirekasse\/\"><span class=\"brz-span\">Bennys lirekasse<\/span><\/a><\/li>\n<li data-menu-item-id=\"397c4d7e9a211ed69996c55e1ae371c4\" class=\"brz-menu__item menu-item menu-item-type-post_type menu-item-object-page\"><a class=\"brz-a\" target=\"\" href=\"https:\/\/sloengeldage.dk\/index.php\/cirkus-fyr-flamme\/\"><span class=\"brz-span\">Cirkus Fyr &amp; Flamme<\/span><\/a><\/li>\n<li data-menu-item-id=\"01c675aa9e71c5144a1203119f414047\" class=\"brz-menu__item menu-item menu-item-type-post_type menu-item-object-page\"><a class=\"brz-a\" target=\"\" href=\"https:\/\/sloengeldage.dk\/index.php\/drengestreger\/\"><span class=\"brz-span\">Drengestreger<\/span><\/a><\/li>\n<li data-menu-item-id=\"6f06080a05565598621fe55805e0be47\" class=\"brz-menu__item menu-item menu-item-type-post_type menu-item-object-page\"><a class=\"brz-a\" target=\"\" href=\"https:\/\/sloengeldage.dk\/index.php\/lykkesholm\/\"><span class=\"brz-span\">Lykkesholm Pony Rideklub<\/span><\/a><\/li>\n<li data-menu-item-id=\"69b4fd0ec946dfd53672e2089074e71f\" class=\"brz-menu__item menu-item menu-item-type-post_type menu-item-object-page\"><a class=\"brz-a\" target=\"\" href=\"https:\/\/sloengeldage.dk\/index.php\/rasmus-walter\/\"><span class=\"brz-span\">Rasmus Walter<\/span><\/a><\/li>\n<li data-menu-item-id=\"e8bb22798aac3c598d79bc0df259fe57\" class=\"brz-menu__item menu-item menu-item-type-post_type menu-item-object-page\"><a class=\"brz-a\" target=\"\" href=\"https:\/\/sloengeldage.dk\/index.php\/skanderborg-amatoerteater\/\"><span class=\"brz-span\">Skanderborg Amat\u00f8rteater<\/span><\/a><\/li>\n<li data-menu-item-id=\"ce77cd9205ea14fabd8b8fe0960aebc8\" class=\"brz-menu__item menu-item menu-item-type-post_type menu-item-object-page\"><a class=\"brz-a\" target=\"\" href=\"https:\/\/sloengeldage.dk\/index.php\/stomp-2\/\"><span class=\"brz-span\">Stomp<\/span><\/a><\/li>\n<li data-menu-item-id=\"1aa60df61961edd9b6660eaa00f10d76\" class=\"brz-menu__item menu-item menu-item-type-post_type menu-item-object-page\"><a class=\"brz-a\" target=\"\" href=\"https:\/\/sloengeldage.dk\/index.php\/soeroevertogt\/\"><span class=\"brz-span\">S\u00f8r\u00f8vertogt<\/span><\/a><\/li>\n<li data-menu-item-id=\"c61a75cc22eefd219815c6aa2a722485\" class=\"brz-menu__item menu-item menu-item-type-post_type menu-item-object-page\"><a class=\"brz-a\" target=\"\" href=\"https:\/\/sloengeldage.dk\/index.php\/volantes\/\"><span class=\"brz-span\">Volantes \u2013 boksekamp og akrobatik<\/span><\/a><\/li>\n<li data-menu-item-id=\"9e681d0320a71a832bb34f6a92afea30\" class=\"brz-menu__item menu-item menu-item-type-post_type menu-item-object-page\"><a class=\"brz-a\" target=\"\" href=\"https:\/\/sloengeldage.dk\/index.php\/volantes-ildshow\/\"><span class=\"brz-span\">Volantes Ildshow<\/span><\/a><\/li>\n<li data-menu-item-id=\"114f9f0de9f2041a578e703174b30946\" class=\"brz-menu__item menu-item menu-item-type-post_type menu-item-object-page\"><a class=\"brz-a\" target=\"\" href=\"https:\/\/sloengeldage.dk\/index.php\/volantes-sljderbrt\/\"><span class=\"brz-span\">Volantes Sl\u00f8jderbr\u00e6t<\/span><\/a><\/li>\n<li data-menu-item-id=\"7db16b842da3d3bf75bfeb8a2ca5548c\" class=\"brz-menu__item menu-item menu-item-type-post_type menu-item-object-page\"><a class=\"brz-a\" target=\"\" href=\"https:\/\/sloengeldage.dk\/index.php\/aeblerov\/\"><span class=\"brz-span\">\u00c6blerov<\/span><\/a><\/li>\n<li data-menu-item-id=\"5887f294cb69767d902bb67758de8e55\" class=\"brz-menu__item menu-item menu-item-type-post_type menu-item-object-page\"><a class=\"brz-a\" target=\"\" href=\"https:\/\/sloengeldage.dk\/index.php\/bning\/\"><span class=\"brz-span\">\u00c5bning<\/span><\/a><\/li>\n<\/ul>\n<\/nav>\n<div class=\"brz-mm-menu__icon\" data-brz-brz-mmenu-icon=\"off\"><\/div>\n<nav data-mods=\"%7B%22desktop%22%3A%22vertical%22%2C%22tablet%22%3A%22vertical%22%2C%22mobile%22%3A%22vertical%22%7D\" id=\"nKkPdN9uj8fx_b98d2f075dae7bb842bd\" class=\"brz-menu brz-menu__preview brz-menu__mmenu brz-css-d-menu-mmenu brz-css-v33x86\">\n<ul class=\"brz-menu__ul\" data-menu-items-active=\"\">\n<li data-menu-item-id=\"b17711062da0e911e93f36c58153b947\" class=\"brz-menu__item menu-item menu-item-type-post_type menu-item-object-page\"><a class=\"brz-a\" target=\"\" href=\"https:\/\/sloengeldage.dk\/index.php\/basseralle\/\"><span class=\"brz-span\">Basseralle<\/span><\/a><\/li>\n<li data-menu-item-id=\"3ed9e5cb01358d0823626d03c00408a3\" class=\"brz-menu__item menu-item menu-item-type-post_type menu-item-object-page\"><a class=\"brz-a\" target=\"\" href=\"https:\/\/sloengeldage.dk\/index.php\/bennys-lirekasse\/\"><span class=\"brz-span\">Bennys lirekasse<\/span><\/a><\/li>\n<li data-menu-item-id=\"397c4d7e9a211ed69996c55e1ae371c4\" class=\"brz-menu__item menu-item menu-item-type-post_type menu-item-object-page\"><a class=\"brz-a\" target=\"\" href=\"https:\/\/sloengeldage.dk\/index.php\/cirkus-fyr-flamme\/\"><span class=\"brz-span\">Cirkus Fyr &amp; Flamme<\/span><\/a><\/li>\n<li data-menu-item-id=\"01c675aa9e71c5144a1203119f414047\" class=\"brz-menu__item menu-item menu-item-type-post_type menu-item-object-page\"><a class=\"brz-a\" target=\"\" href=\"https:\/\/sloengeldage.dk\/index.php\/drengestreger\/\"><span class=\"brz-span\">Drengestreger<\/span><\/a><\/li>\n<li data-menu-item-id=\"6f06080a05565598621fe55805e0be47\" class=\"brz-menu__item menu-item menu-item-type-post_type menu-item-object-page\"><a class=\"brz-a\" target=\"\" href=\"https:\/\/sloengeldage.dk\/index.php\/lykkesholm\/\"><span class=\"brz-span\">Lykkesholm Pony Rideklub<\/span><\/a><\/li>\n<li data-menu-item-id=\"69b4fd0ec946dfd53672e2089074e71f\" class=\"brz-menu__item menu-item menu-item-type-post_type menu-item-object-page\"><a class=\"brz-a\" target=\"\" href=\"https:\/\/sloengeldage.dk\/index.php\/rasmus-walter\/\"><span class=\"brz-span\">Rasmus Walter<\/span><\/a><\/li>\n<li data-menu-item-id=\"e8bb22798aac3c598d79bc0df259fe57\" class=\"brz-menu__item menu-item menu-item-type-post_type menu-item-object-page\"><a class=\"brz-a\" target=\"\" href=\"https:\/\/sloengeldage.dk\/index.php\/skanderborg-amatoerteater\/\"><span class=\"brz-span\">Skanderborg Amat\u00f8rteater<\/span><\/a><\/li>\n<li data-menu-item-id=\"ce77cd9205ea14fabd8b8fe0960aebc8\" class=\"brz-menu__item menu-item menu-item-type-post_type menu-item-object-page\"><a class=\"brz-a\" target=\"\" href=\"https:\/\/sloengeldage.dk\/index.php\/stomp-2\/\"><span class=\"brz-span\">Stomp<\/span><\/a><\/li>\n<li data-menu-item-id=\"1aa60df61961edd9b6660eaa00f10d76\" class=\"brz-menu__item menu-item menu-item-type-post_type menu-item-object-page\"><a class=\"brz-a\" target=\"\" href=\"https:\/\/sloengeldage.dk\/index.php\/soeroevertogt\/\"><span class=\"brz-span\">S\u00f8r\u00f8vertogt<\/span><\/a><\/li>\n<li data-menu-item-id=\"c61a75cc22eefd219815c6aa2a722485\" class=\"brz-menu__item menu-item menu-item-type-post_type menu-item-object-page\"><a class=\"brz-a\" target=\"\" href=\"https:\/\/sloengeldage.dk\/index.php\/volantes\/\"><span class=\"brz-span\">Volantes \u2013 boksekamp og akrobatik<\/span><\/a><\/li>\n<li data-menu-item-id=\"9e681d0320a71a832bb34f6a92afea30\" class=\"brz-menu__item menu-item menu-item-type-post_type menu-item-object-page\"><a class=\"brz-a\" target=\"\" href=\"https:\/\/sloengeldage.dk\/index.php\/volantes-ildshow\/\"><span class=\"brz-span\">Volantes Ildshow<\/span><\/a><\/li>\n<li data-menu-item-id=\"114f9f0de9f2041a578e703174b30946\" class=\"brz-menu__item menu-item menu-item-type-post_type menu-item-object-page\"><a class=\"brz-a\" target=\"\" href=\"https:\/\/sloengeldage.dk\/index.php\/volantes-sljderbrt\/\"><span class=\"brz-span\">Volantes Sl\u00f8jderbr\u00e6t<\/span><\/a><\/li>\n<li data-menu-item-id=\"7db16b842da3d3bf75bfeb8a2ca5548c\" class=\"brz-menu__item menu-item menu-item-type-post_type menu-item-object-page\"><a class=\"brz-a\" target=\"\" href=\"https:\/\/sloengeldage.dk\/index.php\/aeblerov\/\"><span class=\"brz-span\">\u00c6blerov<\/span><\/a><\/li>\n<li data-menu-item-id=\"5887f294cb69767d902bb67758de8e55\" class=\"brz-menu__item menu-item menu-item-type-post_type menu-item-object-page\"><a class=\"brz-a\" target=\"\" href=\"https:\/\/sloengeldage.dk\/index.php\/bning\/\"><span class=\"brz-span\">\u00c5bning<\/span><\/a><\/li>\n<\/ul>\n<\/nav>\n<\/div>\n<\/div>\n<\/div>\n<\/div>\n<div class=\"brz-columns brz-css-d-column-column brz-css-ukdw6k\" data-brz-custom-id=\"aIgOCCYG4usR\">\n<div class=\"brz-column__items brz-css-d-column-bg brz-css-hm0rcs\">\n<div class=\"brz-wrapper-clone brz-flex-xs-wrap brz-css-d-cloneable brz-css-hj3on3\" data-brz-custom-id=\"m1Zs7i7Nvhwn\"><a class=\"brz-a brz-btn brz-css-d-button brz-css-tm9v3g brz-css-d-button-bg brz-css-141bdp9\" target=\"_self\" rel=\"noopener\" href=\"history.go(-1)\" data-brz-link-type=\"external\" data-brz-custom-id=\"peRmCJpTfQ6M\"><span data-brz-translate-text=\"1\" class=\"brz-span brz-text__editor\">Tilbage<\/span><\/a><\/div>\n<div id=\"\" class=\"brz-css-d-wrapper brz-css-gccl2q brz-wrapper\">\n<div class=\"brz-rich-text brz-rich-text__custom brz-css-d-richtext brz-css-xat0r4\" data-brz-custom-id=\"btx8GcflbScq\">\n<div data-brz-translate-text=\"1\">\n<h1 class=\"brz-text-lg-justify brz-fsft-lg-0 brz-fwdth-lg-100 brz-vfw-lg-400 brz-lh-lg-1_3 brz-ls-lg-m_1_5 brz-fw-lg-700 brz-fss-lg-px ql-align-center brz-ff-roboto brz-ft-google brz-fs-lg-40 brz-tp-lg-heading1 brz-css-zvpUU\" data-uniq-id=\"kqcoi\" data-generated-css=\"brz-css-sKfg2\"><span class=\"brz-cp-color5\">Rasmus Walter Duo, koncert<\/span><\/h1>\n<\/div>\n<\/div>\n<\/div>\n<div id=\"\" class=\"brz-css-d-wrapper brz-css-102w0fs brz-wrapper\">\n<div class=\"brz-rich-text brz-rich-text__custom brz-css-d-richtext brz-css-12207u\" data-brz-custom-id=\"iRi1LB3p_cLm\">\n<div data-brz-translate-text=\"1\">\n<p class=\"brz-tp-lg-paragraph brz-css-iTgIg\" data-uniq-id=\"kXeSh\" data-generated-css=\"brz-css-s4WE5\"><span class=\"brz-cp-color1\"> <\/span><span class=\"brz-cp-color3 brz-span\"><strong>Kl. 14.45-15.25, <\/strong><\/span><span class=\"brz-cp-color3 brz-span\"><strong>Byparken<\/strong><\/span><\/p>\n<p class=\"brz-tp-lg-paragraph brz-css-a2PYd\" data-uniq-id=\"fOgvF\" data-generated-css=\"brz-css-lVpfO\"><span class=\"brz-cp-color1\">Med sange fra bagkataloget \u2013 og m\u00e5ske et par nye, s\u00e6tter Rasmus Walter og Paw Eriksen stemningen til en l\u00e6kker koncert med udsigt over s\u00f8en.&nbsp;<\/span><\/p>\n<p class=\"brz-tp-lg-paragraph brz-css-k0HPf\" data-uniq-id=\"jMbuC\" data-generated-css=\"brz-css-iDb2n\"><span class=\"brz-cp-color1\">Find Amfiscenen i Byparken og fold \u00f8rerne ud til \u00e5rets Sl\u00f8ngelkoncert, m\u00e5ske mest for de voksne.&nbsp;<\/span><\/p>\n<p class=\"brz-tp-lg-paragraph brz-fsft-lg-0 brz-fwdth-lg-100 brz-vfw-lg-400 brz-lh-lg-1_7 brz-ls-lg-0 brz-fw-lg-400 brz-fss-lg-px brz-fs-lg-20 brz-ft-google brz-ff-roboto brz-css-jMVVg\" data-generated-css=\"brz-css-qjq6C\" data-uniq-id=\"ws7GH\"><span class=\"brz-cp-color1\">Rasmus Walter st\u00e5r bag hits som:<\/span><strong class=\"brz-cp-color1\" style=\"background-color: transparent\"> <\/strong><span class=\"brz-cp-color1\">Endel\u00f8st, Verden I St\u00e5, Dybt Vand, Nyt Lys, Knust Glas, P\u00e5 En Dag m.fl. \u2013 og har flere planlagte live-koncerter med band i 2026. <\/span><\/p>\n<\/div>\n<\/div>\n<\/div>\n<div class=\"brz-wrapper-clone brz-flex-xs-wrap brz-css-d-cloneable brz-css-13h2eya\" data-brz-custom-id=\"a4cNx1OSI6la\"><a class=\"brz-a brz-btn brz-css-d-button brz-css-1pjnbq7 brz-css-d-button-bg brz-css-1086zs\" target=\"_blank\" rel=\"noopener noreferrer\" href=\"https:\/\/www.youtube.com\/channel\/UC7Po0k7Bijrykx-XGCuD0tQ\" data-brz-link-type=\"external\" data-brz-custom-id=\"bztcusPzjNJt\"><span data-brz-translate-text=\"1\" class=\"brz-span brz-text__editor\">Rasmus Walters videokanal<\/span><\/a><\/div>\n<div id=\"\" class=\"brz-css-d-wrapper brz-css-m5vzq8 brz-wrapper\">\n<div class=\"brz-image brz-css-d-image-udn_hr4xn2ne-parent brz-css-1t6zo1l\" data-brz-custom-id=\"uDn_hr4xN2Ne\"><img decoding=\"async\" class=\"brz-img\" src=\"https:\/\/sloengeldage.dk\/wp-content\/uploads\/Rasmus-Walter-scaled.jpg\" loading=\"lazy\" alt=\"\" title=\"Rasmus Walter\"><\/div>\n<\/div>\n<\/div>\n<\/div>\n<\/div>\n<\/div>\n<\/div>\n<\/div>\n<\/section><\/div>\n<p><!-- version:1774858697 --><\/p>\n","protected":false},"excerpt":{"rendered":"<p>Basseralle Bennys lirekasse Cirkus Fyr &amp; Flamme Drengestreger Lykkesholm Pony Rideklub Rasmus Walter Skanderborg Amat\u00f8rteater Stomp S\u00f8r\u00f8vertogt Volantes \u2013 boksekamp og akrobatik Volantes Ildshow Volantes Sl\u00f8jderbr\u00e6t \u00c6blerov \u00c5bning Basseralle Bennys lirekasse Cirkus Fyr &amp; Flamme Drengestreger Lykkesholm Pony Rideklub Rasmus Walter Skanderborg Amat\u00f8rteater Stomp S\u00f8r\u00f8vertogt Volantes \u2013 boksekamp og akrobatik Volantes Ildshow Volantes Sl\u00f8jderbr\u00e6t \u00c6blerov &hellip; <\/p>\n<p class=\"link-more\"><a href=\"https:\/\/sloengeldage.dk\/index.php\/rasmus-walter\/\" class=\"more-link\">Continue reading<span class=\"screen-reader-text\"> &#8220;Rasmus Walter&#8221;<\/span><\/a><\/p>\n","protected":false},"author":1,"featured_media":0,"parent":0,"menu_order":0,"comment_status":"closed","ping_status":"closed","template":"brizy-blank-template.php","meta":{"footnotes":""},"folder":[103],"class_list":["post-3096","page","type-page","status-publish","hentry","entry"],"brizy_media":[{"id":3100,"url":"https:\/\/sloengeldage.dk\/wp-content\/uploads\/Rasmus-Walter-scaled.jpg","name":"Rasmus-Walter.jpg","meta":{"brizy_attachment_uid":"wp-6dbb41a4205e51b65c12a52019175668.jpg","brizy_post_uid":["320952bd32a9609d595208e41300a0f0","5b4cd7c710be89d80008f661b59a849d"]}},{"id":3642,"url":"https:\/\/sloengeldage.dk\/wp-content\/uploads\/rasmus-walter-booking-1.webp","name":"rasmus-walter-booking-1.webp","meta":{"brizy_attachment_uid":"wp-52ade89284fa181a6a19f55f6410373f.webp","brizy_post_uid":["320952bd32a9609d595208e41300a0f0"]}}],"_links":{"self":[{"href":"https:\/\/sloengeldage.dk\/index.php\/wp-json\/wp\/v2\/pages\/3096","targetHints":{"allow":["GET"]}}],"collection":[{"href":"https:\/\/sloengeldage.dk\/index.php\/wp-json\/wp\/v2\/pages"}],"about":[{"href":"https:\/\/sloengeldage.dk\/index.php\/wp-json\/wp\/v2\/types\/page"}],"author":[{"embeddable":true,"href":"https:\/\/sloengeldage.dk\/index.php\/wp-json\/wp\/v2\/users\/1"}],"replies":[{"embeddable":true,"href":"https:\/\/sloengeldage.dk\/index.php\/wp-json\/wp\/v2\/comments?post=3096"}],"version-history":[{"count":18,"href":"https:\/\/sloengeldage.dk\/index.php\/wp-json\/wp\/v2\/pages\/3096\/revisions"}],"predecessor-version":[{"id":5461,"href":"https:\/\/sloengeldage.dk\/index.php\/wp-json\/wp\/v2\/pages\/3096\/revisions\/5461"}],"wp:attachment":[{"href":"https:\/\/sloengeldage.dk\/index.php\/wp-json\/wp\/v2\/media?parent=3096"}],"wp:term":[{"taxonomy":"folder","embeddable":true,"href":"https:\/\/sloengeldage.dk\/index.php\/wp-json\/wp\/v2\/folder?post=3096"}],"curies":[{"name":"wp","href":"https:\/\/api.w.org\/{rel}","templated":true}]}}