{"id":2801,"date":"2025-11-24T07:55:33","date_gmt":"2025-11-24T07:55:33","guid":{"rendered":"https:\/\/sloengeldage.dk\/?page_id=2801"},"modified":"2026-04-07T16:58:20","modified_gmt":"2026-04-07T16:58:20","slug":"bennys-lirekasse","status":"publish","type":"page","link":"https:\/\/sloengeldage.dk\/index.php\/bennys-lirekasse\/","title":{"rendered":"Bennys lirekasse"},"content":{"rendered":"<div class=\"brz brz-root__container brz-reset-all brz-root__container-page\">\n<section id=\"zRGq0E845ecO_zRGq0E845ecO\" class=\"brz-section brz-css-d-section brz-css-1jsj7y3\">\n<div class=\"brz-section__content brz-section--boxed brz-css-d-sectionitem-bg brz-css-wkrcaa\" data-brz-custom-id=\"bNfZ8RCAfuiO\">\n<div class=\"brz-container brz-css-d-sectionitem-container brz-css-1prx6ki\">\n<div class=\"brz-row__container brz-css-d-row-row brz-css-17ua87y\" data-brz-custom-id=\"bBhaTBCC7Vbl\">\n<div class=\"brz-row brz-css-d-row-container brz-css-r-row-container brz-css-ahxu1k\">\n<div class=\"brz-columns brz-css-d-column-column brz-css-137ntxa\" data-brz-custom-id=\"kjynTgG0av3g\">\n<div class=\"brz-bg\">\n<div class=\"brz-bg-color\"><\/div>\n<\/div>\n<div class=\"brz-column__items brz-css-d-column-bg brz-css-186qs28\">\n<div id=\"\" class=\"brz-css-d-wrapper brz-css-16tngt5 brz-wrapper\">\n<div class=\"brz-image brz-css-d-image-j4jpvnmxevpd-parent brz-css-mq54fd\" data-brz-custom-id=\"j4JpvNMXeVpd\"><img decoding=\"async\" class=\"brz-img\" src=\"https:\/\/sloengeldage.dk\/wp-content\/uploads\/Sloengeldage-24-web-Fotograf-Per-Bille-20240525DSC07375.jpg\" loading=\"lazy\" alt=\"\" title=\"Sl\u00f8ngeldage 24-web-Lirekasse\"><\/div>\n<\/div>\n<\/div>\n<\/div>\n<div class=\"brz-columns brz-css-d-column-column brz-css-l5pnmn\" data-brz-custom-id=\"kFMom8jZO4Ql\">\n<div class=\"brz-bg\">\n<div class=\"brz-bg-color\"><\/div>\n<\/div>\n<div class=\"brz-column__items brz-css-d-column-bg brz-css-fw3nwl\">\n<div id=\"\" class=\"brz-css-d-wrapper brz-css-14vy9wc brz-wrapper\">\n<div class=\"brz-rich-text brz-rich-text__custom brz-css-d-richtext brz-css-ee62qu\" data-brz-custom-id=\"gpvFH6byyxH1\">\n<div data-brz-translate-text=\"1\">\n<p class=\"brz-text-lg-center brz-tp-lg-p6v2dfHnW29e brz-css-zn3IZ\" data-generated-css=\"brz-css-pd6LK\" data-uniq-id=\"sGPKk\"><span class=\"brz-cp-color5\">Bennys lirekasse<\/span><\/p>\n<\/div>\n<\/div>\n<\/div>\n<\/div>\n<\/div>\n<div class=\"brz-columns brz-css-d-column-column brz-css-cb1j96\" data-brz-custom-id=\"m3YDAuevx7JM\">\n<div class=\"brz-bg\">\n<div class=\"brz-bg-color\"><\/div>\n<\/div>\n<div class=\"brz-column__items brz-css-d-column-bg brz-css-uwgyzj\">\n<div id=\"\" class=\"brz-css-d-wrapper brz-css-snxwz brz-wrapper\">\n<div class=\"brz-image brz-css-d-image-ky503eu0fjc1-parent brz-css-1io7sjh\" data-brz-custom-id=\"kY503eu0fjc1\"><img decoding=\"async\" class=\"brz-img\" src=\"https:\/\/sloengeldage.dk\/wp-content\/uploads\/22-12.webp\" loading=\"lazy\" alt=\"\" title=\"22-12\"><\/div>\n<\/div>\n<\/div>\n<\/div>\n<\/div>\n<\/div>\n<\/div>\n<\/div>\n<\/section>\n<section id=\"fME1L_rjU4hT_fME1L_rjU4hT\" class=\"brz-section brz-css-d-section brz-css-1ps2g9q\">\n<div class=\"brz-section__content brz-section--boxed brz-css-d-sectionitem-bg brz-css-1r3l1mh\" data-brz-custom-id=\"fmHfhIxSEIJJ\">\n<div class=\"brz-bg\">\n<div class=\"brz-bg-color\"><\/div>\n<\/div>\n<div class=\"brz-container brz-css-d-sectionitem-container brz-css-8zqriv\">\n<div class=\"brz-row__container brz-css-d-row-row brz-css-173xl8f\" data-brz-custom-id=\"a7Vdy94P5oUW\">\n<div class=\"brz-row brz-css-d-row-container brz-css-r-row-container brz-css-1x9cnuw\">\n<div class=\"brz-columns brz-css-d-column-column brz-css-2hfwwu\" data-brz-custom-id=\"ex9AGwDj5J2H\">\n<div class=\"brz-column__items brz-css-d-column-bg brz-css-ggiqhh\">\n<div id=\"\" class=\"brz-css-d-wrapper brz-css-s68x72 brz-wrapper\">\n<div class=\"brz-menu__container brz-css-d-menu-menu-container brz-css-1veio0l\" data-mmenu-id=\"#xPCFmFvp7bRD_7f471405309fbda368e5\" data-mmenu-position=\"position-left\" data-mmenu-title=\"Menu\" data-mmenu-stickytitle=\"off\" data-mmenu-isslider=\"false\" data-mmenu-closingicon=\"%7B%22desktop%22%3A%22off%22%2C%22tablet%22%3A%22off%22%2C%22mobile%22%3A%22off%22%7D\" data-brz-menu-accessible=\"true\" data-brz-custom-id=\"xPCFmFvp7bRD\">\n<nav data-mods=\"%7B%22desktop%22%3A%22vertical%22%2C%22tablet%22%3A%22vertical%22%2C%22mobile%22%3A%22vertical%22%7D\" class=\"brz-menu brz-menu__preview brz-css-d-menu-menu brz-css-uore7v\">\n<ul class=\"brz-menu__ul\" data-menu-items-active=\"\">\n<li data-menu-item-id=\"b17711062da0e911e93f36c58153b947\" class=\"brz-menu__item menu-item menu-item-type-post_type menu-item-object-page\"><a class=\"brz-a\" target=\"\" href=\"https:\/\/sloengeldage.dk\/index.php\/basseralle\/\"><span class=\"brz-span\">Basseralle<\/span><\/a><\/li>\n<li data-menu-item-id=\"3ed9e5cb01358d0823626d03c00408a3\" class=\"brz-menu__item menu-item menu-item-type-post_type menu-item-object-page\"><a class=\"brz-a\" target=\"\" href=\"https:\/\/sloengeldage.dk\/index.php\/bennys-lirekasse\/\"><span class=\"brz-span\">Bennys lirekasse<\/span><\/a><\/li>\n<li data-menu-item-id=\"397c4d7e9a211ed69996c55e1ae371c4\" class=\"brz-menu__item menu-item menu-item-type-post_type menu-item-object-page\"><a class=\"brz-a\" target=\"\" href=\"https:\/\/sloengeldage.dk\/index.php\/cirkus-fyr-flamme\/\"><span class=\"brz-span\">Cirkus Fyr &amp; Flamme<\/span><\/a><\/li>\n<li data-menu-item-id=\"01c675aa9e71c5144a1203119f414047\" class=\"brz-menu__item menu-item menu-item-type-post_type menu-item-object-page\"><a class=\"brz-a\" target=\"\" href=\"https:\/\/sloengeldage.dk\/index.php\/drengestreger\/\"><span class=\"brz-span\">Drengestreger<\/span><\/a><\/li>\n<li data-menu-item-id=\"6f06080a05565598621fe55805e0be47\" class=\"brz-menu__item menu-item menu-item-type-post_type menu-item-object-page\"><a class=\"brz-a\" target=\"\" href=\"https:\/\/sloengeldage.dk\/index.php\/lykkesholm\/\"><span class=\"brz-span\">Lykkesholm Pony Rideklub<\/span><\/a><\/li>\n<li data-menu-item-id=\"69b4fd0ec946dfd53672e2089074e71f\" class=\"brz-menu__item menu-item menu-item-type-post_type menu-item-object-page\"><a class=\"brz-a\" target=\"\" href=\"https:\/\/sloengeldage.dk\/index.php\/rasmus-walter\/\"><span class=\"brz-span\">Rasmus Walter<\/span><\/a><\/li>\n<li data-menu-item-id=\"e8bb22798aac3c598d79bc0df259fe57\" class=\"brz-menu__item menu-item menu-item-type-post_type menu-item-object-page\"><a class=\"brz-a\" target=\"\" href=\"https:\/\/sloengeldage.dk\/index.php\/skanderborg-amatoerteater\/\"><span class=\"brz-span\">Skanderborg Amat\u00f8rteater<\/span><\/a><\/li>\n<li data-menu-item-id=\"ce77cd9205ea14fabd8b8fe0960aebc8\" class=\"brz-menu__item menu-item menu-item-type-post_type menu-item-object-page\"><a class=\"brz-a\" target=\"\" href=\"https:\/\/sloengeldage.dk\/index.php\/stomp-2\/\"><span class=\"brz-span\">Stomp<\/span><\/a><\/li>\n<li data-menu-item-id=\"1aa60df61961edd9b6660eaa00f10d76\" class=\"brz-menu__item menu-item menu-item-type-post_type menu-item-object-page\"><a class=\"brz-a\" target=\"\" href=\"https:\/\/sloengeldage.dk\/index.php\/soeroevertogt\/\"><span class=\"brz-span\">S\u00f8r\u00f8vertogt<\/span><\/a><\/li>\n<li data-menu-item-id=\"c61a75cc22eefd219815c6aa2a722485\" class=\"brz-menu__item menu-item menu-item-type-post_type menu-item-object-page\"><a class=\"brz-a\" target=\"\" href=\"https:\/\/sloengeldage.dk\/index.php\/volantes\/\"><span class=\"brz-span\">Volantes \u2013 boksekamp og akrobatik<\/span><\/a><\/li>\n<li data-menu-item-id=\"9e681d0320a71a832bb34f6a92afea30\" class=\"brz-menu__item menu-item menu-item-type-post_type menu-item-object-page\"><a class=\"brz-a\" target=\"\" href=\"https:\/\/sloengeldage.dk\/index.php\/volantes-ildshow\/\"><span class=\"brz-span\">Volantes Ildshow<\/span><\/a><\/li>\n<li data-menu-item-id=\"114f9f0de9f2041a578e703174b30946\" class=\"brz-menu__item menu-item menu-item-type-post_type menu-item-object-page\"><a class=\"brz-a\" target=\"\" href=\"https:\/\/sloengeldage.dk\/index.php\/volantes-sljderbrt\/\"><span class=\"brz-span\">Volantes Sl\u00f8jderbr\u00e6t<\/span><\/a><\/li>\n<li data-menu-item-id=\"7db16b842da3d3bf75bfeb8a2ca5548c\" class=\"brz-menu__item menu-item menu-item-type-post_type menu-item-object-page\"><a class=\"brz-a\" target=\"\" href=\"https:\/\/sloengeldage.dk\/index.php\/aeblerov\/\"><span class=\"brz-span\">\u00c6blerov<\/span><\/a><\/li>\n<li data-menu-item-id=\"5887f294cb69767d902bb67758de8e55\" class=\"brz-menu__item menu-item menu-item-type-post_type menu-item-object-page\"><a class=\"brz-a\" target=\"\" href=\"https:\/\/sloengeldage.dk\/index.php\/bning\/\"><span class=\"brz-span\">\u00c5bning<\/span><\/a><\/li>\n<\/ul>\n<\/nav>\n<div class=\"brz-mm-menu__icon\" data-brz-brz-mmenu-icon=\"off\"><\/div>\n<nav data-mods=\"%7B%22desktop%22%3A%22vertical%22%2C%22tablet%22%3A%22vertical%22%2C%22mobile%22%3A%22vertical%22%7D\" id=\"xPCFmFvp7bRD_7f471405309fbda368e5\" class=\"brz-menu brz-menu__preview brz-menu__mmenu brz-css-d-menu-mmenu brz-css-qu8wvt\">\n<ul class=\"brz-menu__ul\" data-menu-items-active=\"\">\n<li data-menu-item-id=\"b17711062da0e911e93f36c58153b947\" class=\"brz-menu__item menu-item menu-item-type-post_type menu-item-object-page\"><a class=\"brz-a\" target=\"\" href=\"https:\/\/sloengeldage.dk\/index.php\/basseralle\/\"><span class=\"brz-span\">Basseralle<\/span><\/a><\/li>\n<li data-menu-item-id=\"3ed9e5cb01358d0823626d03c00408a3\" class=\"brz-menu__item menu-item menu-item-type-post_type menu-item-object-page\"><a class=\"brz-a\" target=\"\" href=\"https:\/\/sloengeldage.dk\/index.php\/bennys-lirekasse\/\"><span class=\"brz-span\">Bennys lirekasse<\/span><\/a><\/li>\n<li data-menu-item-id=\"397c4d7e9a211ed69996c55e1ae371c4\" class=\"brz-menu__item menu-item menu-item-type-post_type menu-item-object-page\"><a class=\"brz-a\" target=\"\" href=\"https:\/\/sloengeldage.dk\/index.php\/cirkus-fyr-flamme\/\"><span class=\"brz-span\">Cirkus Fyr &amp; Flamme<\/span><\/a><\/li>\n<li data-menu-item-id=\"01c675aa9e71c5144a1203119f414047\" class=\"brz-menu__item menu-item menu-item-type-post_type menu-item-object-page\"><a class=\"brz-a\" target=\"\" href=\"https:\/\/sloengeldage.dk\/index.php\/drengestreger\/\"><span class=\"brz-span\">Drengestreger<\/span><\/a><\/li>\n<li data-menu-item-id=\"6f06080a05565598621fe55805e0be47\" class=\"brz-menu__item menu-item menu-item-type-post_type menu-item-object-page\"><a class=\"brz-a\" target=\"\" href=\"https:\/\/sloengeldage.dk\/index.php\/lykkesholm\/\"><span class=\"brz-span\">Lykkesholm Pony Rideklub<\/span><\/a><\/li>\n<li data-menu-item-id=\"69b4fd0ec946dfd53672e2089074e71f\" class=\"brz-menu__item menu-item menu-item-type-post_type menu-item-object-page\"><a class=\"brz-a\" target=\"\" href=\"https:\/\/sloengeldage.dk\/index.php\/rasmus-walter\/\"><span class=\"brz-span\">Rasmus Walter<\/span><\/a><\/li>\n<li data-menu-item-id=\"e8bb22798aac3c598d79bc0df259fe57\" class=\"brz-menu__item menu-item menu-item-type-post_type menu-item-object-page\"><a class=\"brz-a\" target=\"\" href=\"https:\/\/sloengeldage.dk\/index.php\/skanderborg-amatoerteater\/\"><span class=\"brz-span\">Skanderborg Amat\u00f8rteater<\/span><\/a><\/li>\n<li data-menu-item-id=\"ce77cd9205ea14fabd8b8fe0960aebc8\" class=\"brz-menu__item menu-item menu-item-type-post_type menu-item-object-page\"><a class=\"brz-a\" target=\"\" href=\"https:\/\/sloengeldage.dk\/index.php\/stomp-2\/\"><span class=\"brz-span\">Stomp<\/span><\/a><\/li>\n<li data-menu-item-id=\"1aa60df61961edd9b6660eaa00f10d76\" class=\"brz-menu__item menu-item menu-item-type-post_type menu-item-object-page\"><a class=\"brz-a\" target=\"\" href=\"https:\/\/sloengeldage.dk\/index.php\/soeroevertogt\/\"><span class=\"brz-span\">S\u00f8r\u00f8vertogt<\/span><\/a><\/li>\n<li data-menu-item-id=\"c61a75cc22eefd219815c6aa2a722485\" class=\"brz-menu__item menu-item menu-item-type-post_type menu-item-object-page\"><a class=\"brz-a\" target=\"\" href=\"https:\/\/sloengeldage.dk\/index.php\/volantes\/\"><span class=\"brz-span\">Volantes \u2013 boksekamp og akrobatik<\/span><\/a><\/li>\n<li data-menu-item-id=\"9e681d0320a71a832bb34f6a92afea30\" class=\"brz-menu__item menu-item menu-item-type-post_type menu-item-object-page\"><a class=\"brz-a\" target=\"\" href=\"https:\/\/sloengeldage.dk\/index.php\/volantes-ildshow\/\"><span class=\"brz-span\">Volantes Ildshow<\/span><\/a><\/li>\n<li data-menu-item-id=\"114f9f0de9f2041a578e703174b30946\" class=\"brz-menu__item menu-item menu-item-type-post_type menu-item-object-page\"><a class=\"brz-a\" target=\"\" href=\"https:\/\/sloengeldage.dk\/index.php\/volantes-sljderbrt\/\"><span class=\"brz-span\">Volantes Sl\u00f8jderbr\u00e6t<\/span><\/a><\/li>\n<li data-menu-item-id=\"7db16b842da3d3bf75bfeb8a2ca5548c\" class=\"brz-menu__item menu-item menu-item-type-post_type menu-item-object-page\"><a class=\"brz-a\" target=\"\" href=\"https:\/\/sloengeldage.dk\/index.php\/aeblerov\/\"><span class=\"brz-span\">\u00c6blerov<\/span><\/a><\/li>\n<li data-menu-item-id=\"5887f294cb69767d902bb67758de8e55\" class=\"brz-menu__item menu-item menu-item-type-post_type menu-item-object-page\"><a class=\"brz-a\" target=\"\" href=\"https:\/\/sloengeldage.dk\/index.php\/bning\/\"><span class=\"brz-span\">\u00c5bning<\/span><\/a><\/li>\n<\/ul>\n<\/nav>\n<\/div>\n<\/div>\n<\/div>\n<\/div>\n<div class=\"brz-columns brz-css-d-column-column brz-css-10q5yvc\" data-brz-custom-id=\"frFYXXozXYe8\">\n<div class=\"brz-column__items brz-css-d-column-bg brz-css-3rj4ky\">\n<div class=\"brz-wrapper-clone brz-flex-xs-wrap brz-css-d-cloneable brz-css-v9pl4o\" data-brz-custom-id=\"zg_ZWDhQ0xIV\"><a class=\"brz-a brz-btn brz-css-d-button brz-css-b8k5m3 brz-css-d-button-bg brz-css-1wobekf\" target=\"_self\" rel=\"noopener\" href=\"history.go(-1)\" data-brz-link-type=\"external\" data-brz-custom-id=\"ppFz0ROgaJvX\"><span data-brz-translate-text=\"1\" class=\"brz-span brz-text__editor\">Tilbage<\/span><\/a><\/div>\n<div id=\"\" class=\"brz-css-d-wrapper brz-css-10mphuq brz-wrapper\">\n<div class=\"brz-rich-text brz-rich-text__custom brz-css-d-richtext brz-css-1vxrpek\" data-brz-custom-id=\"o0PCCf6MEp7C\">\n<div data-brz-translate-text=\"1\">\n<h1 data-generated-css=\"brz-css-cVdo9\" data-uniq-id=\"qW1fG\" class=\"brz-fs-lg-40 brz-ft-google brz-ff-roboto ql-align-center brz-fss-lg-px brz-fw-lg-700 brz-ls-lg-m_1_5 brz-lh-lg-1_3 brz-vfw-lg-400 brz-fwdth-lg-100 brz-fsft-lg-0 brz-text-lg-justify brz-tp-lg-heading1 brz-css-hHjdk\"><span class=\"brz-cp-color5\">Bennys lirekasse<\/span><\/h1>\n<\/div>\n<\/div>\n<\/div>\n<div id=\"\" class=\"brz-css-d-wrapper brz-css-fd5ukg brz-wrapper\">\n<div class=\"brz-rich-text brz-rich-text__custom brz-css-d-richtext brz-css-8yfu4r\" data-brz-custom-id=\"xCs0qVYEj8ZT\">\n<div data-brz-translate-text=\"1\">\n<h3 class=\"brz-tp-lg-heading3 brz-ff-roboto brz-ft-google brz-fs-lg-20 brz-fss-lg-px brz-fw-lg-400 brz-ls-lg-0 brz-lh-lg-1_7 brz-vfw-lg-400 brz-fwdth-lg-100 brz-fsft-lg-0 brz-css-zBNz8\" data-uniq-id=\"txdEJ\" data-generated-css=\"brz-css-eDBuS\"><span class=\"brz-cp-color3 brz-span\"><strong>Kl. 11.00-14.00, <\/strong><\/span><span class=\"brz-cp-color3 brz-span\" style=\"background-color: transparent\"><strong>Byparken<\/strong>, Hist og pist<\/span><\/h3>\n<p class=\"brz-ff-roboto brz-ft-google brz-fs-lg-20 brz-fss-lg-px brz-fw-lg-400 brz-ls-lg-0 brz-lh-lg-1_7 brz-vfw-lg-400 brz-fwdth-lg-100 brz-fsft-lg-0 brz-tp-lg-paragraph brz-css-ib5Yu\" data-uniq-id=\"qPaLg\" data-generated-css=\"brz-css-n3__N\"><span class=\"brz-cp-color1 brz-span\" style=\"background-color: transparent\">Tonerne fra en lirekasse kan h\u00f8res vidt omkring, n\u00e5r lirekasseparret Helle og Benny \u00d8stergaard svinger drejet p\u00e5 deres lirekasse og spreder solskinshum\u00f8r hist og pist p\u00e5 Store Sl\u00f8ngeldag.<\/span><\/p>\n<p class=\"brz-tp-lg-empty brz-ff-roboto brz-ft-google brz-fs-lg-20 brz-fss-lg-px brz-fw-lg-400 brz-ls-lg-0 brz-lh-lg-1_7 brz-vfw-lg-400 brz-fwdth-lg-100 brz-fsft-lg-0 brz-css-yqlc0\" data-uniq-id=\"zLh_M\" data-generated-css=\"brz-css-gRx_U\"><span class=\"brz-cp-color1 brz-span\" style=\"background-color: transparent\"> <\/span><\/p>\n<p class=\"brz-ff-roboto brz-ft-google brz-fs-lg-20 brz-fss-lg-px brz-fw-lg-400 brz-ls-lg-0 brz-lh-lg-1_7 brz-vfw-lg-400 brz-fwdth-lg-100 brz-fsft-lg-0 brz-tp-lg-paragraph brz-css-qquY3\" data-uniq-id=\"kwj59\" data-generated-css=\"brz-css-un_vf\"><span class=\"brz-cp-color1 brz-span\" style=\"background-color: transparent\">Lirekasseparret har optr\u00e5dt sammen i snart et kvart \u00e5rhundrede og lirekassen har bragt dem Jylland rundt, lige fra T\u00f8nder til Hjallerup.<\/span><\/p>\n<\/div>\n<\/div>\n<\/div>\n<div class=\"brz-wrapper-clone brz-flex-xs-wrap brz-css-d-cloneable brz-css-kax9xx\" data-brz-custom-id=\"xsxu76cEpCmZ\"><a class=\"brz-a brz-btn brz-css-d-button brz-css-s2t0lq brz-css-d-button-bg brz-css-r3wf6w\" target=\"_self\" rel=\"noopener\" href=\"https:\/\/lirekassevenner.dk\/solskinsparret-fra-solbjerg\/\" data-brz-link-type=\"external\" data-brz-custom-id=\"iugOHo4Aobg8\"><span data-brz-translate-text=\"1\" class=\"brz-span brz-text__editor\">L\u00e6s mere om Bennys lirekasse<\/span><\/a><\/div>\n<\/div>\n<\/div>\n<\/div>\n<\/div>\n<\/div>\n<\/div>\n<\/section><\/div>\n<p><!-- version:1774530356 --><\/p>\n","protected":false},"excerpt":{"rendered":"<p>Bennys lirekasse Basseralle Bennys lirekasse Cirkus Fyr &amp; Flamme Drengestreger Lykkesholm Pony Rideklub Rasmus Walter Skanderborg Amat\u00f8rteater Stomp S\u00f8r\u00f8vertogt Volantes \u2013 boksekamp og akrobatik Volantes Ildshow Volantes Sl\u00f8jderbr\u00e6t \u00c6blerov \u00c5bning Basseralle Bennys lirekasse Cirkus Fyr &amp; Flamme Drengestreger Lykkesholm Pony Rideklub Rasmus Walter Skanderborg Amat\u00f8rteater Stomp S\u00f8r\u00f8vertogt Volantes \u2013 boksekamp og akrobatik Volantes Ildshow Volantes &hellip; <\/p>\n<p class=\"link-more\"><a href=\"https:\/\/sloengeldage.dk\/index.php\/bennys-lirekasse\/\" class=\"more-link\">Continue reading<span class=\"screen-reader-text\"> &#8220;Bennys lirekasse&#8221;<\/span><\/a><\/p>\n","protected":false},"author":1,"featured_media":0,"parent":0,"menu_order":0,"comment_status":"closed","ping_status":"closed","template":"brizy-blank-template.php","meta":{"footnotes":""},"folder":[103],"class_list":["post-2801","page","type-page","status-publish","hentry","entry"],"brizy_media":[{"id":1260,"url":"https:\/\/sloengeldage.dk\/wp-content\/uploads\/Sloengeldage-24-web-Fotograf-Per-Bille-20240525DSC07375.jpg","name":"Sloengeldage-24-web-Fotograf-Per-Bille-20240525DSC07375.jpg","meta":{"brizy_attachment_uid":"wp-7c19b26c130662d7df5739cf7137b0af.jpg","brizy_post_uid":["9be1c736802318713b19dfcea16bf880","f44a5932a103f0262ce98a529de2cfa2","5b4cd7c710be89d80008f661b59a849d"]}},{"id":2285,"url":"https:\/\/sloengeldage.dk\/wp-content\/uploads\/22-12.webp","name":"22-12.webp","meta":{"brizy_attachment_uid":"wp-396a3c6baccba8b4175e347366bbb9e7.webp","brizy_post_uid":["20e8833a538e2d0d4835b1bc76a3ba97","f44a5932a103f0262ce98a529de2cfa2"]}}],"_links":{"self":[{"href":"https:\/\/sloengeldage.dk\/index.php\/wp-json\/wp\/v2\/pages\/2801","targetHints":{"allow":["GET"]}}],"collection":[{"href":"https:\/\/sloengeldage.dk\/index.php\/wp-json\/wp\/v2\/pages"}],"about":[{"href":"https:\/\/sloengeldage.dk\/index.php\/wp-json\/wp\/v2\/types\/page"}],"author":[{"embeddable":true,"href":"https:\/\/sloengeldage.dk\/index.php\/wp-json\/wp\/v2\/users\/1"}],"replies":[{"embeddable":true,"href":"https:\/\/sloengeldage.dk\/index.php\/wp-json\/wp\/v2\/comments?post=2801"}],"version-history":[{"count":9,"href":"https:\/\/sloengeldage.dk\/index.php\/wp-json\/wp\/v2\/pages\/2801\/revisions"}],"predecessor-version":[{"id":5345,"href":"https:\/\/sloengeldage.dk\/index.php\/wp-json\/wp\/v2\/pages\/2801\/revisions\/5345"}],"wp:attachment":[{"href":"https:\/\/sloengeldage.dk\/index.php\/wp-json\/wp\/v2\/media?parent=2801"}],"wp:term":[{"taxonomy":"folder","embeddable":true,"href":"https:\/\/sloengeldage.dk\/index.php\/wp-json\/wp\/v2\/folder?post=2801"}],"curies":[{"name":"wp","href":"https:\/\/api.w.org\/{rel}","templated":true}]}}