{"id":2786,"date":"2025-11-24T07:45:40","date_gmt":"2025-11-24T07:45:40","guid":{"rendered":"https:\/\/sloengeldage.dk\/?page_id=2786"},"modified":"2026-04-07T10:01:00","modified_gmt":"2026-04-07T10:01:00","slug":"basseralle","status":"publish","type":"page","link":"https:\/\/sloengeldage.dk\/index.php\/basseralle\/","title":{"rendered":"Basseralle"},"content":{"rendered":"<div class=\"brz brz-root__container brz-reset-all brz-root__container-page\">\n<section id=\"uMJUwA9IufMW_uMJUwA9IufMW\" class=\"brz-section brz-css-d-section brz-css-19v4gdi\">\n<div class=\"brz-section__content brz-section--boxed brz-css-d-sectionitem-bg brz-css-fp24ek\" data-brz-custom-id=\"wGVDumxButJx\">\n<div class=\"brz-container brz-css-d-sectionitem-container brz-css-167nhp7\">\n<div class=\"brz-row__container brz-css-d-row-row brz-css-gx4qzv\" data-brz-custom-id=\"l44ZjGZNr27F\">\n<div class=\"brz-row brz-css-d-row-container brz-css-r-row-container brz-css-1mzoojz\">\n<div class=\"brz-columns brz-css-d-column-column brz-css-8qoyru\" data-brz-custom-id=\"z6M3u9XDGlde\">\n<div class=\"brz-bg\">\n<div class=\"brz-bg-color\"><\/div>\n<\/div>\n<div class=\"brz-column__items brz-css-d-column-bg brz-css-7f2xyb\">\n<div id=\"\" class=\"brz-css-d-wrapper brz-css-1i4dwer brz-wrapper\">\n<div class=\"brz-image brz-css-d-image-fzvg47kwocqd-parent brz-css-1dnnzui\" data-brz-custom-id=\"fzvg47KwOcqD\"><img decoding=\"async\" class=\"brz-img\" src=\"https:\/\/sloengeldage.dk\/wp-content\/uploads\/Sloengeldage-24-web-Fotograf-Per-Bille-20240525DSC01391.jpg\" loading=\"lazy\" alt=\"\" title=\"Sl\u00f8ngeldage 24-web-Basseralle\"><\/div>\n<\/div>\n<\/div>\n<\/div>\n<div class=\"brz-columns brz-css-d-column-column brz-css-35ep6g\" data-brz-custom-id=\"wBWBnzauvD8H\">\n<div class=\"brz-bg\">\n<div class=\"brz-bg-color\"><\/div>\n<\/div>\n<div class=\"brz-column__items brz-css-d-column-bg brz-css-138cl01\">\n<div id=\"\" class=\"brz-css-d-wrapper brz-css-1jy033s brz-wrapper\">\n<div class=\"brz-rich-text brz-rich-text__custom brz-css-d-richtext brz-css-1jm2hak\" data-brz-custom-id=\"oiSchsnw73j2\">\n<div data-brz-translate-text=\"1\">\n<p class=\"brz-text-lg-center brz-tp-lg-p6v2dfHnW29e brz-css-jVya9\" data-generated-css=\"brz-css-uBdRG\" data-uniq-id=\"pKSDg\"><span class=\"brz-cp-color5\">Basseralle<\/span><\/p>\n<\/div>\n<\/div>\n<\/div>\n<\/div>\n<\/div>\n<div class=\"brz-columns brz-css-d-column-column brz-css-1phjp3l\" data-brz-custom-id=\"zNYthsUSyEXG\">\n<div class=\"brz-bg\">\n<div class=\"brz-bg-color\"><\/div>\n<\/div>\n<div class=\"brz-column__items brz-css-d-column-bg brz-css-9suq3r\">\n<div id=\"\" class=\"brz-css-d-wrapper brz-css-1ilsgr9 brz-wrapper\">\n<div class=\"brz-image brz-css-d-image-ibrdzl2obei0-parent brz-css-yqfsn5\" data-brz-custom-id=\"iBRDZl2obei0\"><img decoding=\"async\" class=\"brz-img\" src=\"https:\/\/sloengeldage.dk\/wp-content\/uploads\/Basseralle-tre-paa-stribe-BRUG-denne.jpg\" loading=\"lazy\" alt=\"\" title=\"Basseralle, tre p\u00e5 stribe, BRUG denne\"><\/div>\n<\/div>\n<\/div>\n<\/div>\n<\/div>\n<\/div>\n<\/div>\n<\/div>\n<\/section>\n<section id=\"eNkyTYqdaudU_eNkyTYqdaudU\" class=\"brz-section brz-css-d-section brz-css-c2z76o\">\n<div class=\"brz-section__content brz-section--boxed brz-css-d-sectionitem-bg brz-css-qdrcun\" data-brz-custom-id=\"auJqmmN9ah_0\">\n<div class=\"brz-bg\">\n<div class=\"brz-bg-color\"><\/div>\n<\/div>\n<div class=\"brz-container brz-css-d-sectionitem-container brz-css-qgc83m\">\n<div class=\"brz-row__container brz-css-d-row-row brz-css-ly8fgw\" data-brz-custom-id=\"jBrZpDOxpeSb\">\n<div class=\"brz-row brz-css-d-row-container brz-css-r-row-container brz-css-1qbnvuj\">\n<div class=\"brz-columns brz-css-d-column-column brz-css-s9kz28\" data-brz-custom-id=\"xcfIrTYoZlgu\">\n<div class=\"brz-column__items brz-css-d-column-bg brz-css-gle19f\">\n<div id=\"\" class=\"brz-css-d-wrapper brz-css-7596eb brz-wrapper\">\n<div class=\"brz-menu__container brz-css-d-menu-menu-container brz-css-uzvscv\" data-mmenu-id=\"#vuMW5tMdBrlr_4a3ab884d6b00ed256f7\" data-mmenu-position=\"position-left\" data-mmenu-title=\"Menu\" data-mmenu-stickytitle=\"off\" data-mmenu-isslider=\"false\" data-mmenu-closingicon=\"%7B%22desktop%22%3A%22off%22%2C%22tablet%22%3A%22off%22%2C%22mobile%22%3A%22off%22%7D\" data-brz-menu-accessible=\"true\" data-brz-custom-id=\"vuMW5tMdBrlr\">\n<nav data-mods=\"%7B%22desktop%22%3A%22vertical%22%2C%22tablet%22%3A%22vertical%22%2C%22mobile%22%3A%22vertical%22%7D\" class=\"brz-menu brz-menu__preview brz-css-d-menu-menu brz-css-108eqxo\">\n<ul class=\"brz-menu__ul\" data-menu-items-active=\"\">\n<li data-menu-item-id=\"b17711062da0e911e93f36c58153b947\" class=\"brz-menu__item menu-item menu-item-type-post_type menu-item-object-page\"><a class=\"brz-a\" target=\"\" href=\"https:\/\/sloengeldage.dk\/index.php\/basseralle\/\"><span class=\"brz-span\">Basseralle<\/span><\/a><\/li>\n<li data-menu-item-id=\"3ed9e5cb01358d0823626d03c00408a3\" class=\"brz-menu__item menu-item menu-item-type-post_type menu-item-object-page\"><a class=\"brz-a\" target=\"\" href=\"https:\/\/sloengeldage.dk\/index.php\/bennys-lirekasse\/\"><span class=\"brz-span\">Bennys lirekasse<\/span><\/a><\/li>\n<li data-menu-item-id=\"397c4d7e9a211ed69996c55e1ae371c4\" class=\"brz-menu__item menu-item menu-item-type-post_type menu-item-object-page\"><a class=\"brz-a\" target=\"\" href=\"https:\/\/sloengeldage.dk\/index.php\/cirkus-fyr-flamme\/\"><span class=\"brz-span\">Cirkus Fyr &amp; Flamme<\/span><\/a><\/li>\n<li data-menu-item-id=\"01c675aa9e71c5144a1203119f414047\" class=\"brz-menu__item menu-item menu-item-type-post_type menu-item-object-page\"><a class=\"brz-a\" target=\"\" href=\"https:\/\/sloengeldage.dk\/index.php\/drengestreger\/\"><span class=\"brz-span\">Drengestreger<\/span><\/a><\/li>\n<li data-menu-item-id=\"6f06080a05565598621fe55805e0be47\" class=\"brz-menu__item menu-item menu-item-type-post_type menu-item-object-page\"><a class=\"brz-a\" target=\"\" href=\"https:\/\/sloengeldage.dk\/index.php\/lykkesholm\/\"><span class=\"brz-span\">Lykkesholm Pony Rideklub<\/span><\/a><\/li>\n<li data-menu-item-id=\"69b4fd0ec946dfd53672e2089074e71f\" class=\"brz-menu__item menu-item menu-item-type-post_type menu-item-object-page\"><a class=\"brz-a\" target=\"\" href=\"https:\/\/sloengeldage.dk\/index.php\/rasmus-walter\/\"><span class=\"brz-span\">Rasmus Walter<\/span><\/a><\/li>\n<li data-menu-item-id=\"e8bb22798aac3c598d79bc0df259fe57\" class=\"brz-menu__item menu-item menu-item-type-post_type menu-item-object-page\"><a class=\"brz-a\" target=\"\" href=\"https:\/\/sloengeldage.dk\/index.php\/skanderborg-amatoerteater\/\"><span class=\"brz-span\">Skanderborg Amat\u00f8rteater<\/span><\/a><\/li>\n<li data-menu-item-id=\"ce77cd9205ea14fabd8b8fe0960aebc8\" class=\"brz-menu__item menu-item menu-item-type-post_type menu-item-object-page\"><a class=\"brz-a\" target=\"\" href=\"https:\/\/sloengeldage.dk\/index.php\/stomp-2\/\"><span class=\"brz-span\">Stomp<\/span><\/a><\/li>\n<li data-menu-item-id=\"1aa60df61961edd9b6660eaa00f10d76\" class=\"brz-menu__item menu-item menu-item-type-post_type menu-item-object-page\"><a class=\"brz-a\" target=\"\" href=\"https:\/\/sloengeldage.dk\/index.php\/soeroevertogt\/\"><span class=\"brz-span\">S\u00f8r\u00f8vertogt<\/span><\/a><\/li>\n<li data-menu-item-id=\"c61a75cc22eefd219815c6aa2a722485\" class=\"brz-menu__item menu-item menu-item-type-post_type menu-item-object-page\"><a class=\"brz-a\" target=\"\" href=\"https:\/\/sloengeldage.dk\/index.php\/volantes\/\"><span class=\"brz-span\">Volantes \u2013 boksekamp og akrobatik<\/span><\/a><\/li>\n<li data-menu-item-id=\"9e681d0320a71a832bb34f6a92afea30\" class=\"brz-menu__item menu-item menu-item-type-post_type menu-item-object-page\"><a class=\"brz-a\" target=\"\" href=\"https:\/\/sloengeldage.dk\/index.php\/volantes-ildshow\/\"><span class=\"brz-span\">Volantes Ildshow<\/span><\/a><\/li>\n<li data-menu-item-id=\"114f9f0de9f2041a578e703174b30946\" class=\"brz-menu__item menu-item menu-item-type-post_type menu-item-object-page\"><a class=\"brz-a\" target=\"\" href=\"https:\/\/sloengeldage.dk\/index.php\/volantes-sljderbrt\/\"><span class=\"brz-span\">Volantes Sl\u00f8jderbr\u00e6t<\/span><\/a><\/li>\n<li data-menu-item-id=\"7db16b842da3d3bf75bfeb8a2ca5548c\" class=\"brz-menu__item menu-item menu-item-type-post_type menu-item-object-page\"><a class=\"brz-a\" target=\"\" href=\"https:\/\/sloengeldage.dk\/index.php\/aeblerov\/\"><span class=\"brz-span\">\u00c6blerov<\/span><\/a><\/li>\n<li data-menu-item-id=\"5887f294cb69767d902bb67758de8e55\" class=\"brz-menu__item menu-item menu-item-type-post_type menu-item-object-page\"><a class=\"brz-a\" target=\"\" href=\"https:\/\/sloengeldage.dk\/index.php\/bning\/\"><span class=\"brz-span\">\u00c5bning<\/span><\/a><\/li>\n<\/ul>\n<\/nav>\n<div class=\"brz-mm-menu__icon\" data-brz-brz-mmenu-icon=\"off\"><\/div>\n<nav data-mods=\"%7B%22desktop%22%3A%22vertical%22%2C%22tablet%22%3A%22vertical%22%2C%22mobile%22%3A%22vertical%22%7D\" id=\"vuMW5tMdBrlr_4a3ab884d6b00ed256f7\" class=\"brz-menu brz-menu__preview brz-menu__mmenu brz-css-d-menu-mmenu brz-css-ifrnpf\">\n<ul class=\"brz-menu__ul\" data-menu-items-active=\"\">\n<li data-menu-item-id=\"b17711062da0e911e93f36c58153b947\" class=\"brz-menu__item menu-item menu-item-type-post_type menu-item-object-page\"><a class=\"brz-a\" target=\"\" href=\"https:\/\/sloengeldage.dk\/index.php\/basseralle\/\"><span class=\"brz-span\">Basseralle<\/span><\/a><\/li>\n<li data-menu-item-id=\"3ed9e5cb01358d0823626d03c00408a3\" class=\"brz-menu__item menu-item menu-item-type-post_type menu-item-object-page\"><a class=\"brz-a\" target=\"\" href=\"https:\/\/sloengeldage.dk\/index.php\/bennys-lirekasse\/\"><span class=\"brz-span\">Bennys lirekasse<\/span><\/a><\/li>\n<li data-menu-item-id=\"397c4d7e9a211ed69996c55e1ae371c4\" class=\"brz-menu__item menu-item menu-item-type-post_type menu-item-object-page\"><a class=\"brz-a\" target=\"\" href=\"https:\/\/sloengeldage.dk\/index.php\/cirkus-fyr-flamme\/\"><span class=\"brz-span\">Cirkus Fyr &amp; Flamme<\/span><\/a><\/li>\n<li data-menu-item-id=\"01c675aa9e71c5144a1203119f414047\" class=\"brz-menu__item menu-item menu-item-type-post_type menu-item-object-page\"><a class=\"brz-a\" target=\"\" href=\"https:\/\/sloengeldage.dk\/index.php\/drengestreger\/\"><span class=\"brz-span\">Drengestreger<\/span><\/a><\/li>\n<li data-menu-item-id=\"6f06080a05565598621fe55805e0be47\" class=\"brz-menu__item menu-item menu-item-type-post_type menu-item-object-page\"><a class=\"brz-a\" target=\"\" href=\"https:\/\/sloengeldage.dk\/index.php\/lykkesholm\/\"><span class=\"brz-span\">Lykkesholm Pony Rideklub<\/span><\/a><\/li>\n<li data-menu-item-id=\"69b4fd0ec946dfd53672e2089074e71f\" class=\"brz-menu__item menu-item menu-item-type-post_type menu-item-object-page\"><a class=\"brz-a\" target=\"\" href=\"https:\/\/sloengeldage.dk\/index.php\/rasmus-walter\/\"><span class=\"brz-span\">Rasmus Walter<\/span><\/a><\/li>\n<li data-menu-item-id=\"e8bb22798aac3c598d79bc0df259fe57\" class=\"brz-menu__item menu-item menu-item-type-post_type menu-item-object-page\"><a class=\"brz-a\" target=\"\" href=\"https:\/\/sloengeldage.dk\/index.php\/skanderborg-amatoerteater\/\"><span class=\"brz-span\">Skanderborg Amat\u00f8rteater<\/span><\/a><\/li>\n<li data-menu-item-id=\"ce77cd9205ea14fabd8b8fe0960aebc8\" class=\"brz-menu__item menu-item menu-item-type-post_type menu-item-object-page\"><a class=\"brz-a\" target=\"\" href=\"https:\/\/sloengeldage.dk\/index.php\/stomp-2\/\"><span class=\"brz-span\">Stomp<\/span><\/a><\/li>\n<li data-menu-item-id=\"1aa60df61961edd9b6660eaa00f10d76\" class=\"brz-menu__item menu-item menu-item-type-post_type menu-item-object-page\"><a class=\"brz-a\" target=\"\" href=\"https:\/\/sloengeldage.dk\/index.php\/soeroevertogt\/\"><span class=\"brz-span\">S\u00f8r\u00f8vertogt<\/span><\/a><\/li>\n<li data-menu-item-id=\"c61a75cc22eefd219815c6aa2a722485\" class=\"brz-menu__item menu-item menu-item-type-post_type menu-item-object-page\"><a class=\"brz-a\" target=\"\" href=\"https:\/\/sloengeldage.dk\/index.php\/volantes\/\"><span class=\"brz-span\">Volantes \u2013 boksekamp og akrobatik<\/span><\/a><\/li>\n<li data-menu-item-id=\"9e681d0320a71a832bb34f6a92afea30\" class=\"brz-menu__item menu-item menu-item-type-post_type menu-item-object-page\"><a class=\"brz-a\" target=\"\" href=\"https:\/\/sloengeldage.dk\/index.php\/volantes-ildshow\/\"><span class=\"brz-span\">Volantes Ildshow<\/span><\/a><\/li>\n<li data-menu-item-id=\"114f9f0de9f2041a578e703174b30946\" class=\"brz-menu__item menu-item menu-item-type-post_type menu-item-object-page\"><a class=\"brz-a\" target=\"\" href=\"https:\/\/sloengeldage.dk\/index.php\/volantes-sljderbrt\/\"><span class=\"brz-span\">Volantes Sl\u00f8jderbr\u00e6t<\/span><\/a><\/li>\n<li data-menu-item-id=\"7db16b842da3d3bf75bfeb8a2ca5548c\" class=\"brz-menu__item menu-item menu-item-type-post_type menu-item-object-page\"><a class=\"brz-a\" target=\"\" href=\"https:\/\/sloengeldage.dk\/index.php\/aeblerov\/\"><span class=\"brz-span\">\u00c6blerov<\/span><\/a><\/li>\n<li data-menu-item-id=\"5887f294cb69767d902bb67758de8e55\" class=\"brz-menu__item menu-item menu-item-type-post_type menu-item-object-page\"><a class=\"brz-a\" target=\"\" href=\"https:\/\/sloengeldage.dk\/index.php\/bning\/\"><span class=\"brz-span\">\u00c5bning<\/span><\/a><\/li>\n<\/ul>\n<\/nav>\n<\/div>\n<\/div>\n<\/div>\n<\/div>\n<div class=\"brz-columns brz-css-d-column-column brz-css-r11c8w\" data-brz-custom-id=\"kWmuPCMbLS1Q\">\n<div class=\"brz-column__items brz-css-d-column-bg brz-css-19y9ga6\">\n<div class=\"brz-wrapper-clone brz-flex-xs-wrap brz-css-d-cloneable brz-css-176i0mc\" data-brz-custom-id=\"jUFzxkhQDiLO\"><a class=\"brz-a brz-btn brz-css-d-button brz-css-wvi9hg brz-css-d-button-bg brz-css-m0jd0f\" target=\"_self\" rel=\"noopener\" href=\"history.go(-1)\" data-brz-link-type=\"external\" data-brz-custom-id=\"bnInU5U8AIZh\"><span data-brz-translate-text=\"1\" class=\"brz-span brz-text__editor\">Tilbage<\/span><\/a><\/div>\n<div id=\"\" class=\"brz-css-d-wrapper brz-css-c9mcsz brz-wrapper\">\n<div class=\"brz-rich-text brz-rich-text__custom brz-css-d-richtext brz-css-pby06c\" data-brz-custom-id=\"up97tZpBXQ_D\">\n<div data-brz-translate-text=\"1\">\n<h1 data-uniq-id=\"rOSDh\" data-generated-css=\"brz-css-dmu28\" class=\"brz-fsft-lg-0 brz-fwdth-lg-100 brz-vfw-lg-400 brz-lh-lg-1_3 brz-ls-lg-m_1_5 brz-fw-lg-700 brz-fss-lg-px ql-align-center brz-ff-roboto brz-ft-google brz-fs-lg-40 brz-text-lg-justify brz-tp-lg-heading1 brz-css-jCgKb\"><span class=\"brz-cp-color5\">Basseralle<\/span><\/h1>\n<\/div>\n<\/div>\n<\/div>\n<div id=\"\" class=\"brz-css-d-wrapper brz-css-1sadizh brz-wrapper\">\n<div class=\"brz-rich-text brz-rich-text__custom brz-css-d-richtext brz-css-18cjns7\" data-brz-custom-id=\"h7btI3eTAzOF\">\n<div data-brz-translate-text=\"1\">\n<h3 class=\"brz-ff-roboto brz-ft-google brz-fs-lg-20 brz-fss-lg-px brz-fw-lg-400 brz-ls-lg-0 brz-lh-lg-1_7 brz-vfw-lg-400 brz-fwdth-lg-100 brz-fsft-lg-0 brz-tp-lg-heading3 brz-css-lIKzO\" data-uniq-id=\"wtEqL\" data-generated-css=\"brz-css-gy3PY\"><span class=\"brz-cp-color3 brz-span\" style=\"background-color: transparent\">Kl. 11.30-12.00, \u00d8repinen, koncert <\/span><\/h3>\n<p class=\"brz-tp-lg-empty brz-ff-roboto brz-ft-google brz-fs-lg-20 brz-fss-lg-px brz-fw-lg-400 brz-ls-lg-0 brz-lh-lg-1_7 brz-vfw-lg-400 brz-fwdth-lg-100 brz-fsft-lg-0 brz-css-eTGgu\" data-uniq-id=\"bF03W\" data-generated-css=\"brz-css-gjrzR\"><span class=\"brz-cp-color3 brz-span\"><strong>Kl. 12.00-16.00, <\/strong><\/span><span class=\"brz-cp-color3 brz-span\" style=\"background-color: transparent\"><strong>Byparken, Hist og pist<\/strong><\/span><\/p>\n<p class=\"brz-ff-roboto brz-ft-google brz-fs-lg-20 brz-fss-lg-px brz-fw-lg-400 brz-ls-lg-0 brz-lh-lg-1_7 brz-vfw-lg-400 brz-fwdth-lg-100 brz-fsft-lg-0 brz-css-idC5G\" data-uniq-id=\"hMKxB\" data-generated-css=\"brz-css-iK8QR\"><span class=\"brz-cp-color1 brz-span\" style=\"background-color: transparent\">Basseralle er g\u00e5rdsangere og spillem\u00e6nd, hvis musik er \u201dslidt til\u201d i bagg\u00e5rde og v\u00e6rtshuse gennem mange \u00e5r. Med glimt i \u00f8jet og smittende hum\u00f8r bydes der op til lystigt gilde. Kom og oplev den festlige trio bringe gl\u00e6de rundt i Byparken.<\/span><\/p>\n<p class=\"brz-ff-roboto brz-ft-google brz-fs-lg-20 brz-fss-lg-px brz-fw-lg-400 brz-ls-lg-0 brz-lh-lg-1_7 brz-vfw-lg-400 brz-fwdth-lg-100 brz-fsft-lg-0 brz-css-ezJri\" data-uniq-id=\"o1SGU\" data-generated-css=\"brz-css-zEQF7\"><span class=\"brz-cp-color1 brz-span\" style=\"background-color: transparent\"> <\/span><\/p>\n<p class=\"brz-tp-lg-empty brz-ff-roboto brz-ft-google brz-fs-lg-20 brz-fss-lg-px brz-fw-lg-400 brz-ls-lg-0 brz-lh-lg-1_7 brz-vfw-lg-400 brz-fwdth-lg-100 brz-fsft-lg-0 brz-css-m8KWj\" data-uniq-id=\"ewvry\" data-generated-css=\"brz-css-qQa7X\"><span class=\"brz-cp-color1 brz-span\" style=\"background-color: transparent\">Basseralle best\u00e5r af Ole Spillemand (sang, guitar, violin, sav). Stefan Groot (sang, kontrabas, guitar, ukulele, harmonika) og Lene Riis (sang, harmonika, bas).<\/span><\/p>\n<\/div>\n<\/div>\n<\/div>\n<div class=\"brz-wrapper-clone brz-flex-xs-wrap brz-css-d-cloneable brz-css-seqcro\" data-brz-custom-id=\"rgrdMeY6WsMh\"><a class=\"brz-a brz-btn brz-css-d-button brz-css-ysbq5i brz-css-d-button-bg brz-css-6vzs8f\" target=\"_self\" rel=\"noopener\" href=\"https:\/\/basseralle.dk\/\" data-brz-link-type=\"external\" data-brz-custom-id=\"eA_R4JPxrTp4\"><span data-brz-translate-text=\"1\" class=\"brz-span brz-text__editor\">L\u00e6s mere om Basseralle<\/span><\/a><\/div>\n<\/div>\n<\/div>\n<\/div>\n<\/div>\n<\/div>\n<\/div>\n<\/section><\/div>\n<p><!-- version:1774530281 --><\/p>\n","protected":false},"excerpt":{"rendered":"<p>Basseralle Basseralle Bennys lirekasse Cirkus Fyr &amp; Flamme Drengestreger Lykkesholm Pony Rideklub Rasmus Walter Skanderborg Amat\u00f8rteater Stomp S\u00f8r\u00f8vertogt Volantes \u2013 boksekamp og akrobatik Volantes Ildshow Volantes Sl\u00f8jderbr\u00e6t \u00c6blerov \u00c5bning Basseralle Bennys lirekasse Cirkus Fyr &amp; Flamme Drengestreger Lykkesholm Pony Rideklub Rasmus Walter Skanderborg Amat\u00f8rteater Stomp S\u00f8r\u00f8vertogt Volantes \u2013 boksekamp og akrobatik Volantes Ildshow Volantes Sl\u00f8jderbr\u00e6t &hellip; <\/p>\n<p class=\"link-more\"><a href=\"https:\/\/sloengeldage.dk\/index.php\/basseralle\/\" class=\"more-link\">Continue reading<span class=\"screen-reader-text\"> &#8220;Basseralle&#8221;<\/span><\/a><\/p>\n","protected":false},"author":1,"featured_media":0,"parent":0,"menu_order":0,"comment_status":"closed","ping_status":"closed","template":"brizy-blank-template.php","meta":{"footnotes":""},"folder":[103],"class_list":["post-2786","page","type-page","status-publish","hentry","entry"],"brizy_media":[{"id":1240,"url":"https:\/\/sloengeldage.dk\/wp-content\/uploads\/Sloengeldage-24-web-Fotograf-Per-Bille-20240525DSC01391.jpg","name":"Sloengeldage-24-web-Fotograf-Per-Bille-20240525DSC01391.jpg","meta":{"brizy_attachment_uid":"wp-d044353696956aa285ead38787058019.jpg","brizy_post_uid":["9be1c736802318713b19dfcea16bf880","5c4c2fe80e24f8622762bac90259db7e","c0282ee2214458f75df994ec1c4812cf","5b4cd7c710be89d80008f661b59a849d"]}},{"id":1258,"url":"https:\/\/sloengeldage.dk\/wp-content\/uploads\/Sloengeldage-24-web-Fotograf-Per-Bille-20240525DSC07836.jpg","name":"Sloengeldage-24-web-Fotograf-Per-Bille-20240525DSC07836.jpg","meta":{"brizy_attachment_uid":"wp-4341e5efdeee99ae03bdd32cc939a54f.jpg","brizy_post_uid":["9be1c736802318713b19dfcea16bf880","5c4c2fe80e24f8622762bac90259db7e","4b87d37b0f84c6ddfc2e1e5790590d11"]}},{"id":1422,"url":"https:\/\/sloengeldage.dk\/wp-content\/uploads\/sSloengeldage-web-230513-DSC06234.webp","name":"sSloengeldage-web-230513-DSC06234.webp","meta":{"brizy_attachment_uid":"wp-23fc8cf183c76475a7240c990e40757b.webp","brizy_post_uid":["c0bc46f0eb763ff5fc4850249079d91c","ed9ce3ec8bcc4f9e0040ecf37cfa12b5","5c4c2fe80e24f8622762bac90259db7e"]}},{"id":2235,"url":"https:\/\/sloengeldage.dk\/wp-content\/uploads\/23-17.webp","name":"23-17.webp","meta":{"brizy_attachment_uid":"wp-521970815952543d26441bf4f778bc83.webp","brizy_post_uid":["dcea96e3e28cd6a03924c8ae1b3f640f","5c4c2fe80e24f8622762bac90259db7e"]}},{"id":2236,"url":"https:\/\/sloengeldage.dk\/wp-content\/uploads\/23-16.webp","name":"23-16.webp","meta":{"brizy_attachment_uid":"wp-8bb4be9d3bec952e5e320292e8a564b3.webp","brizy_post_uid":["dcea96e3e28cd6a03924c8ae1b3f640f","5c4c2fe80e24f8622762bac90259db7e"]}},{"id":2384,"url":"https:\/\/sloengeldage.dk\/wp-content\/uploads\/21-12.webp","name":"21-12.webp","meta":{"brizy_attachment_uid":"wp-db278f6ae8b8b9492ade63d62c430b8a.webp","brizy_post_uid":["15e9c4fa431a9ae42154e22b82134bc8","5c4c2fe80e24f8622762bac90259db7e"]}},{"id":2914,"url":"https:\/\/sloengeldage.dk\/wp-content\/uploads\/Tombola.jpg","name":"Tombola.jpg","meta":{"brizy_attachment_uid":"wp-1a7d04cb9e02b0d1bf8644de8a663a1c.jpg","brizy_post_uid":["dab9dd26ac9865dcf3e113c0cdce6cfa","5c4c2fe80e24f8622762bac90259db7e","c0282ee2214458f75df994ec1c4812cf"]}},{"id":2919,"url":"https:\/\/sloengeldage.dk\/wp-content\/uploads\/Moelle.jpg","name":"Moelle.jpg","meta":{"brizy_attachment_uid":"wp-29fc1945e865cee6e3b878f9dd6aa587.jpg","brizy_post_uid":["dab9dd26ac9865dcf3e113c0cdce6cfa","5c4c2fe80e24f8622762bac90259db7e","4b87d37b0f84c6ddfc2e1e5790590d11"]}},{"id":2922,"url":"https:\/\/sloengeldage.dk\/wp-content\/uploads\/torv-bro.jpg","name":"torv-bro.jpg","meta":{"brizy_attachment_uid":"wp-b1225fcc6e3f9e5f7a2b618840b4030e.jpg","brizy_post_uid":["dab9dd26ac9865dcf3e113c0cdce6cfa","5c4c2fe80e24f8622762bac90259db7e","4b87d37b0f84c6ddfc2e1e5790590d11"]}},{"id":2929,"url":"https:\/\/sloengeldage.dk\/wp-content\/uploads\/Skrallebang-Orla.jpg","name":"Skrallebang-Orla.jpg","meta":{"brizy_attachment_uid":"wp-b44064878e4294ac8fd33168f6ca9d0b.jpg","brizy_post_uid":["dab9dd26ac9865dcf3e113c0cdce6cfa","4b87d37b0f84c6ddfc2e1e5790590d11","c0282ee2214458f75df994ec1c4812cf","5c4c2fe80e24f8622762bac90259db7e"]}},{"id":2931,"url":"https:\/\/sloengeldage.dk\/wp-content\/uploads\/Oerepinen.jpg","name":"Oerepinen.jpg","meta":{"brizy_attachment_uid":"wp-781e84090171c1d0c1ad558fa52be131.jpg","brizy_post_uid":["dab9dd26ac9865dcf3e113c0cdce6cfa","5c4c2fe80e24f8622762bac90259db7e","c0282ee2214458f75df994ec1c4812cf"]}},{"id":2940,"url":"https:\/\/sloengeldage.dk\/wp-content\/uploads\/Skrallebang.jpg","name":"Skrallebang.jpg","meta":{"brizy_attachment_uid":"wp-b369af4e8409f26800dae5907da6a770.jpg","brizy_post_uid":["dab9dd26ac9865dcf3e113c0cdce6cfa","5c4c2fe80e24f8622762bac90259db7e"]}},{"id":3724,"url":"https:\/\/sloengeldage.dk\/wp-content\/uploads\/fodbold.jpg","name":"fodbold.jpg","meta":{"brizy_attachment_uid":"wp-a7306fdacdb6f4592f6b5561d209c434.jpg","brizy_post_uid":["c0282ee2214458f75df994ec1c4812cf","5c4c2fe80e24f8622762bac90259db7e"]}},{"id":3806,"url":"https:\/\/sloengeldage.dk\/wp-content\/uploads\/Tombola-lykkehjul-m.-Heidi-scaled.jpg","name":"Tombola-lykkehjul-m.-Heidi.jpg","meta":{"brizy_attachment_uid":"wp-b043d22d41d42b9b0e70e7cf25cece8f.jpg","brizy_post_uid":["c0282ee2214458f75df994ec1c4812cf","5c4c2fe80e24f8622762bac90259db7e"]}},{"id":3826,"url":"https:\/\/sloengeldage.dk\/wp-content\/uploads\/Hodjas-Boghule.jpg","name":"Hodjas-Boghule.jpg","meta":{"brizy_attachment_uid":"wp-5ec87e76458e8abd55eac3870b1837ce.jpg","brizy_post_uid":["9b5f29d05a2c519c2e0b5d9eee63fd66","583c923eed38b04f44000e2ff3593cd9","5c4c2fe80e24f8622762bac90259db7e"]}},{"id":3892,"url":"https:\/\/sloengeldage.dk\/wp-content\/uploads\/Basseralle-front.jpg","name":"Basseralle-front.jpg","meta":{"brizy_attachment_uid":"wp-155931c0f9c5a1e2ce9da1e74d7f5303.jpg","brizy_post_uid":["5c4c2fe80e24f8622762bac90259db7e"]}},{"id":4507,"url":"https:\/\/sloengeldage.dk\/wp-content\/uploads\/Kulturtorvet-Fc-Skanderborg.jpg","name":"Kulturtorvet-Fc-Skanderborg.jpg","meta":{"brizy_attachment_uid":"wp-d03500a8a3f93c0c9d25e5f92839c841.jpg","brizy_post_uid":["5c4c2fe80e24f8622762bac90259db7e","c0282ee2214458f75df994ec1c4812cf"]}},{"id":4762,"url":"https:\/\/sloengeldage.dk\/wp-content\/uploads\/Basseralle-tre-paa-stribe-BRUG-denne.jpg","name":"Basseralle-tre-paa-stribe-BRUG-denne.jpg","meta":{"brizy_attachment_uid":"wp-ce0973c8f754727dadb63c8ad9f3f368.jpg","brizy_post_uid":["5c4c2fe80e24f8622762bac90259db7e","c0282ee2214458f75df994ec1c4812cf"]}}],"_links":{"self":[{"href":"https:\/\/sloengeldage.dk\/index.php\/wp-json\/wp\/v2\/pages\/2786","targetHints":{"allow":["GET"]}}],"collection":[{"href":"https:\/\/sloengeldage.dk\/index.php\/wp-json\/wp\/v2\/pages"}],"about":[{"href":"https:\/\/sloengeldage.dk\/index.php\/wp-json\/wp\/v2\/types\/page"}],"author":[{"embeddable":true,"href":"https:\/\/sloengeldage.dk\/index.php\/wp-json\/wp\/v2\/users\/1"}],"replies":[{"embeddable":true,"href":"https:\/\/sloengeldage.dk\/index.php\/wp-json\/wp\/v2\/comments?post=2786"}],"version-history":[{"count":17,"href":"https:\/\/sloengeldage.dk\/index.php\/wp-json\/wp\/v2\/pages\/2786\/revisions"}],"predecessor-version":[{"id":5343,"href":"https:\/\/sloengeldage.dk\/index.php\/wp-json\/wp\/v2\/pages\/2786\/revisions\/5343"}],"wp:attachment":[{"href":"https:\/\/sloengeldage.dk\/index.php\/wp-json\/wp\/v2\/media?parent=2786"}],"wp:term":[{"taxonomy":"folder","embeddable":true,"href":"https:\/\/sloengeldage.dk\/index.php\/wp-json\/wp\/v2\/folder?post=2786"}],"curies":[{"name":"wp","href":"https:\/\/api.w.org\/{rel}","templated":true}]}}