{"id":2774,"date":"2025-11-24T07:26:17","date_gmt":"2025-11-24T07:26:17","guid":{"rendered":"https:\/\/sloengeldage.dk\/?page_id=2774"},"modified":"2026-04-07T22:35:22","modified_gmt":"2026-04-07T22:35:22","slug":"volantes","status":"publish","type":"page","link":"https:\/\/sloengeldage.dk\/index.php\/volantes\/","title":{"rendered":"Volantes &#8211; boksekamp og akrobatik"},"content":{"rendered":"<div class=\"brz brz-root__container brz-reset-all brz-root__container-page\">\n<section id=\"l5t66UhOsU0e_l5t66UhOsU0e\" class=\"brz-section brz-css-d-section brz-css-14dhglx\">\n<div class=\"brz-section__content brz-section--boxed brz-css-d-sectionitem-bg brz-css-1r34pfl\" data-brz-custom-id=\"jBLPTyXJZv_F\">\n<div class=\"brz-bg\">\n<div class=\"brz-bg-color\"><\/div>\n<\/div>\n<div class=\"brz-container brz-css-d-sectionitem-container brz-css-1o3wjkq\">\n<div class=\"brz-row__container brz-css-d-row-row brz-css-1ybhtb3\" data-brz-custom-id=\"guwwH8glKFWr\">\n<div class=\"brz-row brz-css-d-row-container brz-css-r-row-container brz-css-w5lvhl\">\n<div class=\"brz-columns brz-css-d-column-column brz-css-p2wujv\" data-brz-custom-id=\"hVohDD7JTNkw\">\n<div class=\"brz-column__items brz-css-d-column-bg brz-css-mgkqeq\">\n<div id=\"\" class=\"brz-css-d-wrapper brz-css-3clmm4 brz-wrapper\">\n<div class=\"brz-menu__container brz-css-d-menu-menu-container brz-css-8bupac\" data-mmenu-id=\"#gODdn_ySpG_c_173f20f643fd220eb633\" data-mmenu-position=\"position-left\" data-mmenu-title=\"Menu\" data-mmenu-stickytitle=\"off\" data-mmenu-isslider=\"false\" data-mmenu-closingicon=\"%7B%22desktop%22%3A%22off%22%2C%22tablet%22%3A%22off%22%2C%22mobile%22%3A%22off%22%7D\" data-brz-menu-accessible=\"true\" data-brz-custom-id=\"gODdn_ySpG_c\">\n<nav data-mods=\"%7B%22desktop%22%3A%22vertical%22%2C%22tablet%22%3A%22vertical%22%2C%22mobile%22%3A%22vertical%22%7D\" class=\"brz-menu brz-menu__preview brz-css-d-menu-menu brz-css-rop1s4\">\n<ul class=\"brz-menu__ul\" data-menu-items-active=\"\">\n<li data-menu-item-id=\"b17711062da0e911e93f36c58153b947\" class=\"brz-menu__item menu-item menu-item-type-post_type menu-item-object-page\"><a class=\"brz-a\" target=\"\" href=\"https:\/\/sloengeldage.dk\/index.php\/basseralle\/\"><span class=\"brz-span\">Basseralle<\/span><\/a><\/li>\n<li data-menu-item-id=\"3ed9e5cb01358d0823626d03c00408a3\" class=\"brz-menu__item menu-item menu-item-type-post_type menu-item-object-page\"><a class=\"brz-a\" target=\"\" href=\"https:\/\/sloengeldage.dk\/index.php\/bennys-lirekasse\/\"><span class=\"brz-span\">Bennys lirekasse<\/span><\/a><\/li>\n<li data-menu-item-id=\"397c4d7e9a211ed69996c55e1ae371c4\" class=\"brz-menu__item menu-item menu-item-type-post_type menu-item-object-page\"><a class=\"brz-a\" target=\"\" href=\"https:\/\/sloengeldage.dk\/index.php\/cirkus-fyr-flamme\/\"><span class=\"brz-span\">Cirkus Fyr &amp; Flamme<\/span><\/a><\/li>\n<li data-menu-item-id=\"01c675aa9e71c5144a1203119f414047\" class=\"brz-menu__item menu-item menu-item-type-post_type menu-item-object-page\"><a class=\"brz-a\" target=\"\" href=\"https:\/\/sloengeldage.dk\/index.php\/drengestreger\/\"><span class=\"brz-span\">Drengestreger<\/span><\/a><\/li>\n<li data-menu-item-id=\"6f06080a05565598621fe55805e0be47\" class=\"brz-menu__item menu-item menu-item-type-post_type menu-item-object-page\"><a class=\"brz-a\" target=\"\" href=\"https:\/\/sloengeldage.dk\/index.php\/lykkesholm\/\"><span class=\"brz-span\">Lykkesholm Pony Rideklub<\/span><\/a><\/li>\n<li data-menu-item-id=\"69b4fd0ec946dfd53672e2089074e71f\" class=\"brz-menu__item menu-item menu-item-type-post_type menu-item-object-page\"><a class=\"brz-a\" target=\"\" href=\"https:\/\/sloengeldage.dk\/index.php\/rasmus-walter\/\"><span class=\"brz-span\">Rasmus Walter<\/span><\/a><\/li>\n<li data-menu-item-id=\"e8bb22798aac3c598d79bc0df259fe57\" class=\"brz-menu__item menu-item menu-item-type-post_type menu-item-object-page\"><a class=\"brz-a\" target=\"\" href=\"https:\/\/sloengeldage.dk\/index.php\/skanderborg-amatoerteater\/\"><span class=\"brz-span\">Skanderborg Amat\u00f8rteater<\/span><\/a><\/li>\n<li data-menu-item-id=\"ce77cd9205ea14fabd8b8fe0960aebc8\" class=\"brz-menu__item menu-item menu-item-type-post_type menu-item-object-page\"><a class=\"brz-a\" target=\"\" href=\"https:\/\/sloengeldage.dk\/index.php\/stomp-2\/\"><span class=\"brz-span\">Stomp<\/span><\/a><\/li>\n<li data-menu-item-id=\"1aa60df61961edd9b6660eaa00f10d76\" class=\"brz-menu__item menu-item menu-item-type-post_type menu-item-object-page\"><a class=\"brz-a\" target=\"\" href=\"https:\/\/sloengeldage.dk\/index.php\/soeroevertogt\/\"><span class=\"brz-span\">S\u00f8r\u00f8vertogt<\/span><\/a><\/li>\n<li data-menu-item-id=\"c61a75cc22eefd219815c6aa2a722485\" class=\"brz-menu__item menu-item menu-item-type-post_type menu-item-object-page\"><a class=\"brz-a\" target=\"\" href=\"https:\/\/sloengeldage.dk\/index.php\/volantes\/\"><span class=\"brz-span\">Volantes \u2013 boksekamp og akrobatik<\/span><\/a><\/li>\n<li data-menu-item-id=\"9e681d0320a71a832bb34f6a92afea30\" class=\"brz-menu__item menu-item menu-item-type-post_type menu-item-object-page\"><a class=\"brz-a\" target=\"\" href=\"https:\/\/sloengeldage.dk\/index.php\/volantes-ildshow\/\"><span class=\"brz-span\">Volantes Ildshow<\/span><\/a><\/li>\n<li data-menu-item-id=\"114f9f0de9f2041a578e703174b30946\" class=\"brz-menu__item menu-item menu-item-type-post_type menu-item-object-page\"><a class=\"brz-a\" target=\"\" href=\"https:\/\/sloengeldage.dk\/index.php\/volantes-sljderbrt\/\"><span class=\"brz-span\">Volantes Sl\u00f8jderbr\u00e6t<\/span><\/a><\/li>\n<li data-menu-item-id=\"7db16b842da3d3bf75bfeb8a2ca5548c\" class=\"brz-menu__item menu-item menu-item-type-post_type menu-item-object-page\"><a class=\"brz-a\" target=\"\" href=\"https:\/\/sloengeldage.dk\/index.php\/aeblerov\/\"><span class=\"brz-span\">\u00c6blerov<\/span><\/a><\/li>\n<li data-menu-item-id=\"5887f294cb69767d902bb67758de8e55\" class=\"brz-menu__item menu-item menu-item-type-post_type menu-item-object-page\"><a class=\"brz-a\" target=\"\" href=\"https:\/\/sloengeldage.dk\/index.php\/bning\/\"><span class=\"brz-span\">\u00c5bning<\/span><\/a><\/li>\n<\/ul>\n<\/nav>\n<div class=\"brz-mm-menu__icon\" data-brz-brz-mmenu-icon=\"off\"><\/div>\n<nav data-mods=\"%7B%22desktop%22%3A%22vertical%22%2C%22tablet%22%3A%22vertical%22%2C%22mobile%22%3A%22vertical%22%7D\" id=\"gODdn_ySpG_c_173f20f643fd220eb633\" class=\"brz-menu brz-menu__preview brz-menu__mmenu brz-css-d-menu-mmenu brz-css-l2z7g4\">\n<ul class=\"brz-menu__ul\" data-menu-items-active=\"\">\n<li data-menu-item-id=\"b17711062da0e911e93f36c58153b947\" class=\"brz-menu__item menu-item menu-item-type-post_type menu-item-object-page\"><a class=\"brz-a\" target=\"\" href=\"https:\/\/sloengeldage.dk\/index.php\/basseralle\/\"><span class=\"brz-span\">Basseralle<\/span><\/a><\/li>\n<li data-menu-item-id=\"3ed9e5cb01358d0823626d03c00408a3\" class=\"brz-menu__item menu-item menu-item-type-post_type menu-item-object-page\"><a class=\"brz-a\" target=\"\" href=\"https:\/\/sloengeldage.dk\/index.php\/bennys-lirekasse\/\"><span class=\"brz-span\">Bennys lirekasse<\/span><\/a><\/li>\n<li data-menu-item-id=\"397c4d7e9a211ed69996c55e1ae371c4\" class=\"brz-menu__item menu-item menu-item-type-post_type menu-item-object-page\"><a class=\"brz-a\" target=\"\" href=\"https:\/\/sloengeldage.dk\/index.php\/cirkus-fyr-flamme\/\"><span class=\"brz-span\">Cirkus Fyr &amp; Flamme<\/span><\/a><\/li>\n<li data-menu-item-id=\"01c675aa9e71c5144a1203119f414047\" class=\"brz-menu__item menu-item menu-item-type-post_type menu-item-object-page\"><a class=\"brz-a\" target=\"\" href=\"https:\/\/sloengeldage.dk\/index.php\/drengestreger\/\"><span class=\"brz-span\">Drengestreger<\/span><\/a><\/li>\n<li data-menu-item-id=\"6f06080a05565598621fe55805e0be47\" class=\"brz-menu__item menu-item menu-item-type-post_type menu-item-object-page\"><a class=\"brz-a\" target=\"\" href=\"https:\/\/sloengeldage.dk\/index.php\/lykkesholm\/\"><span class=\"brz-span\">Lykkesholm Pony Rideklub<\/span><\/a><\/li>\n<li data-menu-item-id=\"69b4fd0ec946dfd53672e2089074e71f\" class=\"brz-menu__item menu-item menu-item-type-post_type menu-item-object-page\"><a class=\"brz-a\" target=\"\" href=\"https:\/\/sloengeldage.dk\/index.php\/rasmus-walter\/\"><span class=\"brz-span\">Rasmus Walter<\/span><\/a><\/li>\n<li data-menu-item-id=\"e8bb22798aac3c598d79bc0df259fe57\" class=\"brz-menu__item menu-item menu-item-type-post_type menu-item-object-page\"><a class=\"brz-a\" target=\"\" href=\"https:\/\/sloengeldage.dk\/index.php\/skanderborg-amatoerteater\/\"><span class=\"brz-span\">Skanderborg Amat\u00f8rteater<\/span><\/a><\/li>\n<li data-menu-item-id=\"ce77cd9205ea14fabd8b8fe0960aebc8\" class=\"brz-menu__item menu-item menu-item-type-post_type menu-item-object-page\"><a class=\"brz-a\" target=\"\" href=\"https:\/\/sloengeldage.dk\/index.php\/stomp-2\/\"><span class=\"brz-span\">Stomp<\/span><\/a><\/li>\n<li data-menu-item-id=\"1aa60df61961edd9b6660eaa00f10d76\" class=\"brz-menu__item menu-item menu-item-type-post_type menu-item-object-page\"><a class=\"brz-a\" target=\"\" href=\"https:\/\/sloengeldage.dk\/index.php\/soeroevertogt\/\"><span class=\"brz-span\">S\u00f8r\u00f8vertogt<\/span><\/a><\/li>\n<li data-menu-item-id=\"c61a75cc22eefd219815c6aa2a722485\" class=\"brz-menu__item menu-item menu-item-type-post_type menu-item-object-page\"><a class=\"brz-a\" target=\"\" href=\"https:\/\/sloengeldage.dk\/index.php\/volantes\/\"><span class=\"brz-span\">Volantes \u2013 boksekamp og akrobatik<\/span><\/a><\/li>\n<li data-menu-item-id=\"9e681d0320a71a832bb34f6a92afea30\" class=\"brz-menu__item menu-item menu-item-type-post_type menu-item-object-page\"><a class=\"brz-a\" target=\"\" href=\"https:\/\/sloengeldage.dk\/index.php\/volantes-ildshow\/\"><span class=\"brz-span\">Volantes Ildshow<\/span><\/a><\/li>\n<li data-menu-item-id=\"114f9f0de9f2041a578e703174b30946\" class=\"brz-menu__item menu-item menu-item-type-post_type menu-item-object-page\"><a class=\"brz-a\" target=\"\" href=\"https:\/\/sloengeldage.dk\/index.php\/volantes-sljderbrt\/\"><span class=\"brz-span\">Volantes Sl\u00f8jderbr\u00e6t<\/span><\/a><\/li>\n<li data-menu-item-id=\"7db16b842da3d3bf75bfeb8a2ca5548c\" class=\"brz-menu__item menu-item menu-item-type-post_type menu-item-object-page\"><a class=\"brz-a\" target=\"\" href=\"https:\/\/sloengeldage.dk\/index.php\/aeblerov\/\"><span class=\"brz-span\">\u00c6blerov<\/span><\/a><\/li>\n<li data-menu-item-id=\"5887f294cb69767d902bb67758de8e55\" class=\"brz-menu__item menu-item menu-item-type-post_type menu-item-object-page\"><a class=\"brz-a\" target=\"\" href=\"https:\/\/sloengeldage.dk\/index.php\/bning\/\"><span class=\"brz-span\">\u00c5bning<\/span><\/a><\/li>\n<\/ul>\n<\/nav>\n<\/div>\n<\/div>\n<\/div>\n<\/div>\n<div class=\"brz-columns brz-css-d-column-column brz-css-rsuy8p\" data-brz-custom-id=\"sZtEB987yuwv\">\n<div class=\"brz-column__items brz-css-d-column-bg brz-css-1jmaot3\">\n<div class=\"brz-wrapper-clone brz-flex-xs-wrap brz-css-d-cloneable brz-css-3nueto\" data-brz-custom-id=\"ynBWLZnh4eUa\"><a class=\"brz-a brz-btn brz-css-d-button brz-css-1gpnipe brz-css-d-button-bg brz-css-bmcjkf\" target=\"_self\" rel=\"noopener\" href=\"history.go(-1)\" data-brz-link-type=\"external\" data-brz-custom-id=\"gmyn__M3RkB_\"><span data-brz-translate-text=\"1\" class=\"brz-span brz-text__editor\">Tilbage<\/span><\/a><\/div>\n<div id=\"\" class=\"brz-css-d-wrapper brz-css-1glczt8 brz-wrapper\">\n<div class=\"brz-rich-text brz-rich-text__custom brz-css-d-richtext brz-css-1e4nhyf\" data-brz-custom-id=\"d1uYrfdAK4o5\">\n<div data-brz-translate-text=\"1\">\n<h1 class=\"brz-text-lg-justify brz-tp-lg-heading1 brz-fsft-lg-0 brz-fwdth-lg-100 brz-vfw-lg-400 brz-lh-lg-1_3 brz-ls-lg-m_1_5 brz-fw-lg-700 brz-fss-lg-px ql-align-center brz-ff-roboto brz-ft-google brz-fs-lg-40 brz-css-rU36V\" data-uniq-id=\"vcHdV\" data-generated-css=\"brz-css-uqI0j\"><span class=\"brz-cp-color5\">Volantes &#8211; boksekamp og akrobatik<\/span><\/h1>\n<\/div>\n<\/div>\n<\/div>\n<div id=\"\" class=\"brz-css-d-wrapper brz-css-1nhfi9h brz-wrapper\">\n<div class=\"brz-rich-text brz-rich-text__custom brz-css-d-richtext brz-css-1gxhipv\" data-brz-custom-id=\"iHqlf97voZSN\">\n<div data-brz-translate-text=\"1\">\n<p class=\"brz-fsft-lg-0 brz-fwdth-lg-100 brz-vfw-lg-400 brz-lh-lg-1_7 brz-ls-lg-0 brz-fw-lg-400 brz-fss-lg-px brz-fs-lg-20 brz-ft-google brz-ff-roboto brz-tp-lg-empty brz-css-iPvX4\" data-generated-css=\"brz-css-gHrPq\" data-uniq-id=\"uBNzt\"><span class=\"brz-cp-color3 brz-span\"><strong>Kl. 14.00-14.30, <\/strong><\/span><span class=\"brz-cp-color3 brz-span\"><strong>Byparken, Kulturl\u00f8beren <\/strong><\/span><\/p>\n<p class=\"brz-tp-lg-paragraph brz-fsft-lg-0 brz-fwdth-lg-100 brz-vfw-lg-400 brz-lh-lg-1_7 brz-ls-lg-0 brz-fw-lg-400 brz-fss-lg-px brz-fs-lg-20 brz-ft-google brz-ff-roboto brz-css-bP6Om\" data-generated-css=\"brz-css-lP9GL\" data-uniq-id=\"d8fCU\"><span class=\"brz-cp-color1 brz-span\" style=\"background-color: transparent\">Oplev en akrobatisk boksekamp mellem disse balstyriske n\u00e6vefightere, der k\u00e6mper med en intensitet, s\u00e5 selv publikum bliver svedt. De tre boksere leverer humor, spas og \u00e6gte stunts\u2026\u2026.det er b\u00e5de sjovt og nervepirrende!!<\/span><\/p>\n<\/div>\n<\/div>\n<\/div>\n<div id=\"\" class=\"brz-css-d-wrapper brz-css-15jt67o brz-wrapper\">\n<div class=\"brz-image brz-css-d-image-qba2tfiexvkh-parent brz-css-1nvhxzx\" data-brz-custom-id=\"qBA2TfIExVkH\"><img decoding=\"async\" class=\"brz-img\" src=\"https:\/\/sloengeldage.dk\/wp-content\/uploads\/Volantes-boksekamp-brug-denne-scaled.jpg\" loading=\"lazy\" alt=\"\" title=\"Volantes, boksekamp, brug denne\"><\/div>\n<\/div>\n<\/div>\n<\/div>\n<\/div>\n<\/div>\n<\/div>\n<\/div>\n<\/section><\/div>\n<p><!-- version:1775045737 --><\/p>\n","protected":false},"excerpt":{"rendered":"<p>Basseralle Bennys lirekasse Cirkus Fyr &amp; Flamme Drengestreger Lykkesholm Pony Rideklub Rasmus Walter Skanderborg Amat\u00f8rteater Stomp S\u00f8r\u00f8vertogt Volantes \u2013 boksekamp og akrobatik Volantes Ildshow Volantes Sl\u00f8jderbr\u00e6t \u00c6blerov \u00c5bning Basseralle Bennys lirekasse Cirkus Fyr &amp; Flamme Drengestreger Lykkesholm Pony Rideklub Rasmus Walter Skanderborg Amat\u00f8rteater Stomp S\u00f8r\u00f8vertogt Volantes \u2013 boksekamp og akrobatik Volantes Ildshow Volantes Sl\u00f8jderbr\u00e6t \u00c6blerov &hellip; <\/p>\n<p class=\"link-more\"><a href=\"https:\/\/sloengeldage.dk\/index.php\/volantes\/\" class=\"more-link\">Continue reading<span class=\"screen-reader-text\"> &#8220;Volantes &#8211; boksekamp og akrobatik&#8221;<\/span><\/a><\/p>\n","protected":false},"author":1,"featured_media":0,"parent":0,"menu_order":0,"comment_status":"closed","ping_status":"closed","template":"brizy-blank-template.php","meta":{"footnotes":""},"folder":[103],"class_list":["post-2774","page","type-page","status-publish","hentry","entry"],"brizy_media":[{"id":1255,"url":"https:\/\/sloengeldage.dk\/wp-content\/uploads\/Sloengeldage-24-web-Fotograf-Per-Bille-20240525DSC07688.jpg","name":"Sloengeldage-24-web-Fotograf-Per-Bille-20240525DSC07688.jpg","meta":{"brizy_attachment_uid":"wp-99bc3e20db176d2f1055601a4f056ee2.jpg","brizy_post_uid":["9be1c736802318713b19dfcea16bf880","dae103838889b56f4caf02bd81650a2e","5b4cd7c710be89d80008f661b59a849d"]}},{"id":2273,"url":"https:\/\/sloengeldage.dk\/wp-content\/uploads\/22.24.webp","name":"22.24.webp","meta":{"brizy_attachment_uid":"wp-59a37d88a885deb54a7d1e05d7b5e553.webp","brizy_post_uid":["20e8833a538e2d0d4835b1bc76a3ba97","dae103838889b56f4caf02bd81650a2e"]}},{"id":2780,"url":"https:\/\/sloengeldage.dk\/wp-content\/uploads\/Volantes2023boksekamp.webp","name":"Volantes2023boksekamp.webp","meta":{"brizy_attachment_uid":"wp-8d78cbfbbc663c9418771d6b128a0b49.webp","brizy_post_uid":["dae103838889b56f4caf02bd81650a2e"]}},{"id":2932,"url":"https:\/\/sloengeldage.dk\/wp-content\/uploads\/Volantes.jpg","name":"Volantes.jpg","meta":{"brizy_attachment_uid":"wp-1c19184f683b22fb5667a66285d57dab.jpg","brizy_post_uid":["dab9dd26ac9865dcf3e113c0cdce6cfa","dae103838889b56f4caf02bd81650a2e"]}},{"id":3751,"url":"https:\/\/sloengeldage.dk\/wp-content\/uploads\/Volantes-boksekamp.jpg","name":"Volantes-boksekamp.jpg","meta":{"brizy_attachment_uid":"wp-e7006caa3bb1fd0f37d9b7ee17e43aae.jpg","brizy_post_uid":["5b4cd7c710be89d80008f661b59a849d","dae103838889b56f4caf02bd81650a2e"]}},{"id":4765,"url":"https:\/\/sloengeldage.dk\/wp-content\/uploads\/Volantes-ildkamp.png","name":"Volantes-ildkamp.png","meta":{"brizy_attachment_uid":"wp-f11534c28644ed23fa93708ee5136a19.png","brizy_post_uid":["5b4cd7c710be89d80008f661b59a849d","dae103838889b56f4caf02bd81650a2e"]}},{"id":4939,"url":"https:\/\/sloengeldage.dk\/wp-content\/uploads\/Volantes-boksekamp-brug-denne-scaled.jpg","name":"Volantes-boksekamp-brug-denne.jpg","meta":{"brizy_attachment_uid":"wp-ac8ec16c2e0b1f8640ce0586d3571136.jpg","brizy_post_uid":["dae103838889b56f4caf02bd81650a2e"]}}],"_links":{"self":[{"href":"https:\/\/sloengeldage.dk\/index.php\/wp-json\/wp\/v2\/pages\/2774","targetHints":{"allow":["GET"]}}],"collection":[{"href":"https:\/\/sloengeldage.dk\/index.php\/wp-json\/wp\/v2\/pages"}],"about":[{"href":"https:\/\/sloengeldage.dk\/index.php\/wp-json\/wp\/v2\/types\/page"}],"author":[{"embeddable":true,"href":"https:\/\/sloengeldage.dk\/index.php\/wp-json\/wp\/v2\/users\/1"}],"replies":[{"embeddable":true,"href":"https:\/\/sloengeldage.dk\/index.php\/wp-json\/wp\/v2\/comments?post=2774"}],"version-history":[{"count":15,"href":"https:\/\/sloengeldage.dk\/index.php\/wp-json\/wp\/v2\/pages\/2774\/revisions"}],"predecessor-version":[{"id":5472,"href":"https:\/\/sloengeldage.dk\/index.php\/wp-json\/wp\/v2\/pages\/2774\/revisions\/5472"}],"wp:attachment":[{"href":"https:\/\/sloengeldage.dk\/index.php\/wp-json\/wp\/v2\/media?parent=2774"}],"wp:term":[{"taxonomy":"folder","embeddable":true,"href":"https:\/\/sloengeldage.dk\/index.php\/wp-json\/wp\/v2\/folder?post=2774"}],"curies":[{"name":"wp","href":"https:\/\/api.w.org\/{rel}","templated":true}]}}