{"id":2539,"date":"2025-09-26T10:28:34","date_gmt":"2025-09-26T10:28:34","guid":{"rendered":"https:\/\/167.235.1.82\/~sloengel\/nyside\/?page_id=2539"},"modified":"2026-05-06T05:16:39","modified_gmt":"2026-05-06T05:16:39","slug":"andreas-boeskov","status":"publish","type":"page","link":"https:\/\/sloengeldage.dk\/index.php\/andreas-boeskov\/","title":{"rendered":"Andreas Boeskov"},"content":{"rendered":"<div class=\"brz brz-root__container brz-reset-all brz-root__container-page\">\n<section id=\"cURc1OP2czCc_cURc1OP2czCc\" class=\"brz-section brz-css-d-section brz-css-18p0zuu\">\n<div class=\"brz-section__content brz-section--boxed brz-css-d-sectionitem-bg brz-css-1vmw2sz\" data-brz-custom-id=\"jqMR9hywZssU\">\n<div class=\"brz-container brz-css-d-sectionitem-container brz-css-vnc4mc\">\n<div class=\"brz-row__container brz-css-d-row-row brz-css-1d79voy\" data-brz-custom-id=\"ccscfNybmImm\">\n<div class=\"brz-row brz-css-d-row-container brz-css-r-row-container brz-css-sqrtu9\">\n<div class=\"brz-columns brz-css-d-column-column brz-css-ai9ycr\" data-brz-custom-id=\"fx4q5n4U8Qxf\">\n<div class=\"brz-bg\">\n<div class=\"brz-bg-color\"><\/div>\n<\/div>\n<div class=\"brz-column__items brz-css-d-column-bg brz-css-1w1xw87\">\n<div id=\"\" class=\"brz-css-d-wrapper brz-css-1v2z33g brz-wrapper\">\n<div class=\"brz-image brz-css-d-image-gqgqoq0id5uo-parent brz-css-dqqg46\" data-brz-custom-id=\"gqgQoQ0iD5uO\"><img decoding=\"async\" class=\"brz-img\" src=\"https:\/\/sloengeldage.dk\/wp-content\/uploads\/AB-mand-hund-og-bog-Screenshot_20240626_150049_Instagram.jpg\" loading=\"lazy\" title=\"\"><\/div>\n<\/div>\n<\/div>\n<\/div>\n<div class=\"brz-columns brz-css-d-column-column brz-css-1v0iu15\" data-brz-custom-id=\"mt_YYlP7CAo2\">\n<div class=\"brz-bg\">\n<div class=\"brz-bg-color\"><\/div>\n<\/div>\n<div class=\"brz-column__items brz-css-d-column-bg brz-css-1uye4jg\">\n<div id=\"\" class=\"brz-css-d-wrapper brz-css-1jg6pk3 brz-wrapper\">\n<div class=\"brz-rich-text brz-rich-text__custom brz-css-d-richtext brz-css-it0t46\" data-brz-custom-id=\"xEVYv4JR1PQZ\">\n<div data-brz-translate-text=\"1\">\n<p class=\"brz-text-lg-center brz-tp-lg-p6v2dfHnW29e brz-css-sxHQl\" data-generated-css=\"brz-css-kI1Nz\" data-uniq-id=\"twiFH\"><span class=\"brz-cp-color5\">Andreas Boeskov<\/span><\/p>\n<h1 class=\"brz-tp-lg-heading1 brz-text-lg-center brz-css-urbDy\" data-generated-css=\"brz-css-wXmbC\" data-uniq-id=\"ifCjw\"><span class=\"brz-cp-color8\">foredrag<\/span><\/h1>\n<\/div>\n<\/div>\n<\/div>\n<\/div>\n<\/div>\n<div class=\"brz-columns brz-css-d-column-column brz-css-5ilzyo\" data-brz-custom-id=\"oGvkFiZx8OGP\">\n<div class=\"brz-bg\">\n<div class=\"brz-bg-color\"><\/div>\n<\/div>\n<div class=\"brz-column__items brz-css-d-column-bg brz-css-32uixk\">\n<div id=\"\" class=\"brz-css-d-wrapper brz-css-1x1g93r brz-wrapper\">\n<div class=\"brz-image brz-css-d-image-nhzdtrdgiam0-parent brz-css-8tromz\" data-brz-custom-id=\"nhZdtrdGiAM0\"><img decoding=\"async\" class=\"brz-img\" src=\"https:\/\/sloengeldage.dk\/wp-content\/uploads\/Boeskov-omslag.jpeg\" loading=\"lazy\" title=\"\"><\/div>\n<\/div>\n<\/div>\n<\/div>\n<\/div>\n<\/div>\n<\/div>\n<\/div>\n<\/section>\n<section id=\"mU9GVW4_Pojw_mU9GVW4_Pojw\" class=\"brz-section brz-css-v9me2e brz-css-1g2tva3\">\n<div class=\"brz-section__content brz-section--boxed brz-css-1586heo brz-css-ccoacp\" data-brz-custom-id=\"qin0q0xAmnuD\">\n<div class=\"brz-bg\">\n<div class=\"brz-bg-color\"><\/div>\n<\/div>\n<div class=\"brz-container brz-css-rmbrh brz-css-fxx32c\">\n<div class=\"brz-row__container brz-css-wfwd4s brz-css-4vourw\" data-brz-custom-id=\"u96NLV610_ry\">\n<div class=\"brz-row brz-css-7drhsk brz-css-1ucqj1p brz-css-5ejh2p\">\n<div class=\"brz-columns brz-css-4wqtkv brz-css-136zc4c\" data-brz-custom-id=\"bxutFpcAM6_W\">\n<div class=\"brz-column__items brz-css-d0oh9r brz-css-1ecdevl\">\n<div id=\"\" class=\"brz-css-1aypl0w brz-css-171wmp6 brz-wrapper\">\n<div class=\"brz-menu__container brz-css-14botf0 brz-css-vdcnil\" data-mmenu-id=\"#aNAL64b9w8jx_87b65d9070e520eb2654\" data-mmenu-position=\"position-left\" data-mmenu-title=\"Menu\" data-mmenu-stickytitle=\"off\" data-mmenu-isslider=\"false\" data-mmenu-closingicon=\"%7B%22desktop%22%3A%22off%22%2C%22tablet%22%3A%22off%22%2C%22mobile%22%3A%22off%22%7D\" data-brz-custom-id=\"aNAL64b9w8jx\">\n<nav data-mods=\"%7B%22desktop%22%3A%22vertical%22%2C%22tablet%22%3A%22vertical%22%2C%22mobile%22%3A%22vertical%22%7D\" class=\"brz-menu brz-menu__preview brz-css-1rhi268 brz-css-1fe97j\">\n<ul class=\"brz-menu__ul\" data-menu-items-active=\"\">\n<li data-menu-item-id=\"5a450b6d30ba7e4642c858270bb62ba6\" class=\"brz-menu__item menu-item menu-item-type-post_type menu-item-object-page\"><a class=\"brz-a\" target=\"\" href=\"https:\/\/sloengeldage.dk\/index.php\/andreas-boeskov\/\" title=\"\"><span class=\"brz-span\">Andreas Boeskov<\/span><\/a><\/li>\n<li data-menu-item-id=\"c3c1c17cda31133870aa517efb554875\" class=\"brz-menu__item menu-item menu-item-type-post_type menu-item-object-page\"><a class=\"brz-a\" target=\"\" href=\"https:\/\/sloengeldage.dk\/index.php\/benni-boedker\/\" title=\"\"><span class=\"brz-span\">Benni B\u00f8dker<\/span><\/a><\/li>\n<li data-menu-item-id=\"e3fc41b6702d64d170a01ef8858b8d70\" class=\"brz-menu__item menu-item menu-item-type-post_type menu-item-object-page\"><a class=\"brz-a\" target=\"\" href=\"https:\/\/sloengeldage.dk\/index.php\/jan-kjaer\/\" title=\"\"><span class=\"brz-span\">Jan Kj\u00e6r<\/span><\/a><\/li>\n<li data-menu-item-id=\"b02ac084ed53f26b0cc25032d03a24de\" class=\"brz-menu__item menu-item menu-item-type-post_type menu-item-object-page\"><a class=\"brz-a\" target=\"\" href=\"https:\/\/sloengeldage.dk\/index.php\/lg-jensen-og-sandra-schwartz\/\" title=\"\"><span class=\"brz-span\">LG Jensen og Sandra Schwartz<\/span><\/a><\/li>\n<li data-menu-item-id=\"7ebeac9dbd80ff03e7876f5b50217bb9\" class=\"brz-menu__item menu-item menu-item-type-post_type menu-item-object-page\"><a class=\"brz-a\" target=\"\" href=\"https:\/\/sloengeldage.dk\/index.php\/maria-roerbaek\/\" title=\"\"><span class=\"brz-span\">Maria R\u00f8rb\u00e6k<\/span><\/a><\/li>\n<li data-menu-item-id=\"2d7e0db76fc034d1aa775e33e6699439\" class=\"brz-menu__item menu-item menu-item-type-post_type menu-item-object-page\"><a class=\"brz-a\" target=\"\" href=\"https:\/\/sloengeldage.dk\/index.php\/mette-vedsoe\/\" title=\"\"><span class=\"brz-span\">Mette Veds\u00f8<\/span><\/a><\/li>\n<li data-menu-item-id=\"3105d905ba1fe3ef550f13742b49792a\" class=\"brz-menu__item menu-item menu-item-type-post_type menu-item-object-page\"><a class=\"brz-a\" target=\"\" href=\"https:\/\/sloengeldage.dk\/index.php\/nor-og-far\/\" title=\"\"><span class=\"brz-span\">Nor og Far<\/span><\/a><\/li>\n<li data-menu-item-id=\"a0c2762cbf263c8df0c1431957f6c889\" class=\"brz-menu__item menu-item menu-item-type-post_type menu-item-object-page\"><a class=\"brz-a\" target=\"\" href=\"https:\/\/sloengeldage.dk\/index.php\/sigurd-barrett\/\" title=\"\"><span class=\"brz-span\">Sigurd Barrett<\/span><\/a><\/li>\n<li data-menu-item-id=\"8a8afe0cfa396f9d52ec4ee51c97fb97\" class=\"brz-menu__item menu-item menu-item-type-post_type menu-item-object-page\"><a class=\"brz-a\" target=\"\" href=\"https:\/\/sloengeldage.dk\/index.php\/sophie-souid-thomas-hjorthaab\/\" title=\"\"><span class=\"brz-span\">Sophie Souid &amp; Thomas Hjorthaab<\/span><\/a><\/li>\n<\/ul>\n<\/nav>\n<div class=\"brz-mm-menu__icon\" data-brz-brz-mmenu-icon=\"off\"><\/div>\n<nav data-mods=\"%7B%22desktop%22%3A%22vertical%22%2C%22tablet%22%3A%22vertical%22%2C%22mobile%22%3A%22vertical%22%7D\" id=\"aNAL64b9w8jx_87b65d9070e520eb2654\" class=\"brz-menu brz-menu__preview brz-menu__mmenu brz-css-rw5tfd brz-css-nivzh7\">\n<ul class=\"brz-menu__ul\" data-menu-items-active=\"\">\n<li data-menu-item-id=\"5a450b6d30ba7e4642c858270bb62ba6\" class=\"brz-menu__item menu-item menu-item-type-post_type menu-item-object-page\"><a class=\"brz-a\" target=\"\" href=\"https:\/\/sloengeldage.dk\/index.php\/andreas-boeskov\/\" title=\"\"><span class=\"brz-span\">Andreas Boeskov<\/span><\/a><\/li>\n<li data-menu-item-id=\"c3c1c17cda31133870aa517efb554875\" class=\"brz-menu__item menu-item menu-item-type-post_type menu-item-object-page\"><a class=\"brz-a\" target=\"\" href=\"https:\/\/sloengeldage.dk\/index.php\/benni-boedker\/\" title=\"\"><span class=\"brz-span\">Benni B\u00f8dker<\/span><\/a><\/li>\n<li data-menu-item-id=\"e3fc41b6702d64d170a01ef8858b8d70\" class=\"brz-menu__item menu-item menu-item-type-post_type menu-item-object-page\"><a class=\"brz-a\" target=\"\" href=\"https:\/\/sloengeldage.dk\/index.php\/jan-kjaer\/\" title=\"\"><span class=\"brz-span\">Jan Kj\u00e6r<\/span><\/a><\/li>\n<li data-menu-item-id=\"b02ac084ed53f26b0cc25032d03a24de\" class=\"brz-menu__item menu-item menu-item-type-post_type menu-item-object-page\"><a class=\"brz-a\" target=\"\" href=\"https:\/\/sloengeldage.dk\/index.php\/lg-jensen-og-sandra-schwartz\/\" title=\"\"><span class=\"brz-span\">LG Jensen og Sandra Schwartz<\/span><\/a><\/li>\n<li data-menu-item-id=\"7ebeac9dbd80ff03e7876f5b50217bb9\" class=\"brz-menu__item menu-item menu-item-type-post_type menu-item-object-page\"><a class=\"brz-a\" target=\"\" href=\"https:\/\/sloengeldage.dk\/index.php\/maria-roerbaek\/\" title=\"\"><span class=\"brz-span\">Maria R\u00f8rb\u00e6k<\/span><\/a><\/li>\n<li data-menu-item-id=\"2d7e0db76fc034d1aa775e33e6699439\" class=\"brz-menu__item menu-item menu-item-type-post_type menu-item-object-page\"><a class=\"brz-a\" target=\"\" href=\"https:\/\/sloengeldage.dk\/index.php\/mette-vedsoe\/\" title=\"\"><span class=\"brz-span\">Mette Veds\u00f8<\/span><\/a><\/li>\n<li data-menu-item-id=\"3105d905ba1fe3ef550f13742b49792a\" class=\"brz-menu__item menu-item menu-item-type-post_type menu-item-object-page\"><a class=\"brz-a\" target=\"\" href=\"https:\/\/sloengeldage.dk\/index.php\/nor-og-far\/\" title=\"\"><span class=\"brz-span\">Nor og Far<\/span><\/a><\/li>\n<li data-menu-item-id=\"a0c2762cbf263c8df0c1431957f6c889\" class=\"brz-menu__item menu-item menu-item-type-post_type menu-item-object-page\"><a class=\"brz-a\" target=\"\" href=\"https:\/\/sloengeldage.dk\/index.php\/sigurd-barrett\/\" title=\"\"><span class=\"brz-span\">Sigurd Barrett<\/span><\/a><\/li>\n<li data-menu-item-id=\"8a8afe0cfa396f9d52ec4ee51c97fb97\" class=\"brz-menu__item menu-item menu-item-type-post_type menu-item-object-page\"><a class=\"brz-a\" target=\"\" href=\"https:\/\/sloengeldage.dk\/index.php\/sophie-souid-thomas-hjorthaab\/\" title=\"\"><span class=\"brz-span\">Sophie Souid &amp; Thomas Hjorthaab<\/span><\/a><\/li>\n<\/ul>\n<\/nav>\n<\/div>\n<\/div>\n<\/div>\n<\/div>\n<div class=\"brz-columns brz-css-4wqtkv brz-css-pgy7di\" data-brz-custom-id=\"keTkEca6XFg1\">\n<div class=\"brz-column__items brz-css-d0oh9r brz-css-1x66y5x\">\n<div id=\"\" class=\"brz-css-1aypl0w brz-css-1y3rdy8 brz-wrapper\">\n<div class=\"brz-rich-text brz-rich-text__custom brz-css-b9clkq brz-css-1iivsyo\" data-brz-custom-id=\"eo364HKq6kGk\">\n<div data-brz-translate-text=\"1\">\n<p class=\"brz-fs-lg-40 brz-ft-google brz-ff-roboto brz-tp-lg-empty ql-align-center brz-text-lg-center brz-fss-lg-px brz-fw-lg-700 brz-ls-lg-m_1_5 brz-lh-lg-1_3 brz-vfw-lg-400 brz-fwdth-lg-100 brz-fsft-lg-0 brz-css-xT0hK\" data-generated-css=\"brz-css-aOzpe\" data-uniq-id=\"tZEH3\"><span class=\"brz-cp-color4\">Andreas Boeskov<\/span><\/p>\n<h2 class=\"brz-fs-lg-40 brz-ft-google brz-ff-roboto ql-align-center brz-text-lg-center brz-fss-lg-px brz-fw-lg-700 brz-ls-lg-m_1_5 brz-lh-lg-1_3 brz-vfw-lg-400 brz-fwdth-lg-100 brz-fsft-lg-0 brz-tp-lg-heading2 brz-css-ygt5Z\" data-generated-css=\"brz-css-jdvDX\" data-uniq-id=\"dP8nm\"><span class=\"brz-cp-color5\">Mellem monstre og mysterier<\/span><span class=\"brz-cp-color4\"> <\/span><\/h2>\n<\/div>\n<\/div>\n<\/div>\n<div id=\"\" class=\"brz-css-1aypl0w brz-css-bqrjy9 brz-wrapper\">\n<div class=\"brz-rich-text brz-rich-text__custom brz-css-b9clkq brz-css-1m3l7tq\" data-brz-custom-id=\"etbLYJrcHsZg\">\n<div data-brz-translate-text=\"1\">\n<p class=\"brz-ff-roboto brz-ft-google brz-fs-lg-20 brz-fss-lg-px brz-fw-lg-400 brz-ls-lg-0 brz-lh-lg-1_7 brz-vfw-lg-400 brz-fwdth-lg-100 brz-fsft-lg-0 brz-tp-lg-paragraph brz-css-lLsTv\" data-uniq-id=\"dMsIC\" data-generated-css=\"brz-css-aFhma\"><span class=\"brz-cp-color1 brz-span\" style=\"background-color: transparent\">Forfatter Andreas Boeskov fort\u00e6ller om vejen til at blive forfatter, selvom han m\u00e5ske var ved at blive lidt for gammel til den slags &#8211; men dog ikke for gammel til at opfinde et monster som den B\u00e6lg\u00f8jede Fluemus med 1000 \u00f8jne, der alle stikker hver sin vej, og med en snabel, som nyser med smeltet ostesnot\u2026\u2026eller for gammel til at opfinde en b\u00f8rnedetektiv, der bander mere end Onkel Stewart fra Ternet Ninja.&nbsp;<\/span><\/p>\n<p class=\"brz-ff-roboto brz-ft-google brz-fs-lg-20 brz-fss-lg-px brz-fw-lg-400 brz-ls-lg-0 brz-lh-lg-1_7 brz-vfw-lg-400 brz-fwdth-lg-100 brz-fsft-lg-0 brz-tp-lg-paragraph brz-css-rgt65\" data-uniq-id=\"eNVqB\" data-generated-css=\"brz-css-l0P2p\"><span class=\"brz-cp-color1 brz-span\" style=\"background-color: transparent\">Andreas fort\u00e6ller ogs\u00e5 om det underlige arbejde det er, at pr\u00f8ve at leve af noget, som slet ikke findes andre steder end oppe i dit eget hoved.<\/span><\/p>\n<p class=\"brz-ff-roboto brz-ft-google brz-fs-lg-20 brz-fss-lg-px brz-fw-lg-400 brz-ls-lg-0 brz-lh-lg-1_7 brz-vfw-lg-400 brz-fwdth-lg-100 brz-fsft-lg-0 brz-tp-lg-paragraph brz-css-h38Xj\" data-uniq-id=\"ylpzp\" data-generated-css=\"brz-css-eJVvK\"><\/p>\n<p class=\"brz-ff-roboto brz-ft-google brz-fs-lg-20 brz-fss-lg-px brz-fw-lg-400 brz-ls-lg-0 brz-lh-lg-1_7 brz-vfw-lg-400 brz-fwdth-lg-100 brz-fsft-lg-0 brz-tp-lg-paragraph brz-css-abiiM\" data-uniq-id=\"lcm9F\" data-generated-css=\"brz-css-uXQCw\"><span class=\"brz-cp-color1 brz-span\" style=\"background-color: transparent\">Andreas Boeskov vandt Orlaprisen for sin debutbog i 2023, den f\u00f8rste bog i den popul\u00e6re fantasyserie &#8216;De glemte vogtere&#8217;. Han er ogs\u00e5 forfatter til serien &#8216;Skyggedetektiverne&#8217;, hvor en gruppe politin\u00f8rdede s\u00f8skende konstant bringer sig selv i livsfare i fors\u00f8get p\u00e5 at l\u00f8se de forbrydelser, som deres knap s\u00e5 dygtige detektivfar f\u00e5r ind ad d\u00f8ren i sit detektivbureau.<\/span><\/p>\n<\/div>\n<\/div>\n<\/div>\n<div class=\"brz-wrapper-clone brz-flex-xs-wrap brz-css-1oxfp24 brz-css-12nvwb0\" data-brz-custom-id=\"q_lER34D8uiD\"><a class=\"brz-a brz-btn brz-css-1dpwfpm brz-css-1imhb3d brz-css-f42565 brz-css-lue2tl\" href=\"https:\/\/andreasboeskov.dk\/\" target=\"_blank\" rel=\"noopener noreferrer\" data-brz-link-type=\"external\" data-brz-custom-id=\"mU561uaitK2o\"><span data-brz-translate-text=\"1\" class=\"brz-span brz-text__editor\">L\u00e6s mere om Andreas Boeskov<\/span><\/a><\/div>\n<\/div>\n<\/div>\n<\/div>\n<\/div>\n<\/div>\n<\/div>\n<\/section><\/div>\n<p><!-- version:1764012500 --><\/p>\n","protected":false},"excerpt":{"rendered":"<p>Andreas Boeskov foredrag Andreas Boeskov Benni B\u00f8dker Jan Kj\u00e6r LG Jensen og Sandra Schwartz Maria R\u00f8rb\u00e6k Mette Veds\u00f8 Nor og Far Sigurd Barrett Sophie Souid &amp; Thomas Hjorthaab Andreas Boeskov Benni B\u00f8dker Jan Kj\u00e6r LG Jensen og Sandra Schwartz Maria R\u00f8rb\u00e6k Mette Veds\u00f8 Nor og Far Sigurd Barrett Sophie Souid &amp; Thomas Hjorthaab Andreas Boeskov &hellip; <\/p>\n<p class=\"link-more\"><a href=\"https:\/\/sloengeldage.dk\/index.php\/andreas-boeskov\/\" class=\"more-link\">Continue reading<span class=\"screen-reader-text\"> &#8220;Andreas Boeskov&#8221;<\/span><\/a><\/p>\n","protected":false},"author":1,"featured_media":0,"parent":0,"menu_order":0,"comment_status":"closed","ping_status":"closed","template":"brizy-blank-template.php","meta":{"footnotes":""},"folder":[102],"class_list":["post-2539","page","type-page","status-publish","hentry","entry"],"brizy_media":[{"id":2543,"url":"https:\/\/sloengeldage.dk\/wp-content\/uploads\/Andreas-Boeskov.jpg","name":"Andreas-Boeskov.jpg","meta":{"brizy_attachment_uid":"wp-a8179c6824879c880f7c244b75e6d6c0.jpg","brizy_post_uid":["419e1d630dcf47f11f11f4836bd7cea4","8569fa31b2378c30331d17bb3c182451","b1db65effdd867fba92448bfc41bd833"]}},{"id":2544,"url":"https:\/\/sloengeldage.dk\/wp-content\/uploads\/Boeskov-omslag.jpeg","name":"Boeskov-omslag.jpeg","meta":{"brizy_attachment_uid":"wp-bc1901f0eb43fd959fdab11f0fef774a.jpeg","brizy_post_uid":["419e1d630dcf47f11f11f4836bd7cea4"]}},{"id":2901,"url":"https:\/\/sloengeldage.dk\/wp-content\/uploads\/AB-mand-hund-og-bog-Screenshot_20240626_150049_Instagram.jpg","name":"AB-mand-hund-og-bog-Screenshot_20240626_150049_Instagram.jpg","meta":{"brizy_attachment_uid":"wp-68e9a4a2cfb73b8d956a3cc964aef88f.jpg","brizy_post_uid":["419e1d630dcf47f11f11f4836bd7cea4"]}}],"_links":{"self":[{"href":"https:\/\/sloengeldage.dk\/index.php\/wp-json\/wp\/v2\/pages\/2539","targetHints":{"allow":["GET"]}}],"collection":[{"href":"https:\/\/sloengeldage.dk\/index.php\/wp-json\/wp\/v2\/pages"}],"about":[{"href":"https:\/\/sloengeldage.dk\/index.php\/wp-json\/wp\/v2\/types\/page"}],"author":[{"embeddable":true,"href":"https:\/\/sloengeldage.dk\/index.php\/wp-json\/wp\/v2\/users\/1"}],"replies":[{"embeddable":true,"href":"https:\/\/sloengeldage.dk\/index.php\/wp-json\/wp\/v2\/comments?post=2539"}],"version-history":[{"count":7,"href":"https:\/\/sloengeldage.dk\/index.php\/wp-json\/wp\/v2\/pages\/2539\/revisions"}],"predecessor-version":[{"id":2907,"href":"https:\/\/sloengeldage.dk\/index.php\/wp-json\/wp\/v2\/pages\/2539\/revisions\/2907"}],"wp:attachment":[{"href":"https:\/\/sloengeldage.dk\/index.php\/wp-json\/wp\/v2\/media?parent=2539"}],"wp:term":[{"taxonomy":"folder","embeddable":true,"href":"https:\/\/sloengeldage.dk\/index.php\/wp-json\/wp\/v2\/folder?post=2539"}],"curies":[{"name":"wp","href":"https:\/\/api.w.org\/{rel}","templated":true}]}}