{"id":2532,"date":"2025-09-26T10:20:55","date_gmt":"2025-09-26T10:20:55","guid":{"rendered":"https:\/\/167.235.1.82\/~sloengel\/nyside\/?page_id=2532"},"modified":"2026-05-06T05:16:21","modified_gmt":"2026-05-06T05:16:21","slug":"benni-boedker","status":"publish","type":"page","link":"https:\/\/sloengeldage.dk\/index.php\/benni-boedker\/","title":{"rendered":"Benni B\u00f8dker"},"content":{"rendered":"<div class=\"brz brz-root__container brz-reset-all brz-root__container-page\">\n<section id=\"jICjIWsB_w7H_jICjIWsB_w7H\" class=\"brz-section brz-css-84bxw2 brz-css-1ecilhq\">\n<div class=\"brz-section__content brz-section--boxed brz-css-w5kxzm brz-css-pz28yg\" data-brz-custom-id=\"mMClHBxXR3_c\">\n<div class=\"brz-container brz-css-dsc3w8 brz-css-q3rsvf\">\n<div class=\"brz-row__container brz-css-1albffx brz-css-1qqeeko\" data-brz-custom-id=\"kKSUoZ9ZroJL\">\n<div class=\"brz-row brz-css-19qjk1a brz-css-11wg1m0 brz-css-1tt9pno\">\n<div class=\"brz-columns brz-css-jzfnx9 brz-css-oaob7x\" data-brz-custom-id=\"xSsythf9NjYd\">\n<div class=\"brz-bg\">\n<div class=\"brz-bg-color\"><\/div>\n<\/div>\n<div class=\"brz-column__items brz-css-1f2c1up brz-css-m490oa\">\n<div id=\"\" class=\"brz-css-wxdkjx brz-css-dwzrbl brz-wrapper\">\n<div class=\"brz-image brz-css-1nxxid6 brz-css-1b5un82\" data-brz-custom-id=\"k__U3UYQ1xJG\"><img decoding=\"async\" class=\"brz-img\" src=\"https:\/\/167.235.1.82\/~sloengel\/nyside\/wp-content\/uploads\/BennyBoedker.jpg\" loading=\"lazy\" alt=\"\" title=\"Benny+B\u00f8dker\"><\/div>\n<\/div>\n<\/div>\n<\/div>\n<div class=\"brz-columns brz-css-jzfnx9 brz-css-1el2rdx\" data-brz-custom-id=\"kNESB1jRN5Xo\">\n<div class=\"brz-bg\">\n<div class=\"brz-bg-color\"><\/div>\n<\/div>\n<div class=\"brz-column__items brz-css-1f2c1up brz-css-1ue0p5\">\n<div id=\"\" class=\"brz-css-wxdkjx brz-css-ezfmwq brz-wrapper\">\n<div class=\"brz-rich-text brz-rich-text__custom brz-css-7rljyc brz-css-1mv23ep\" data-brz-custom-id=\"qyCYtpX5y_xr\">\n<div data-brz-translate-text=\"1\">\n<p class=\"brz-text-lg-center brz-tp-lg-p6v2dfHnW29e brz-css-pRpP_\" data-generated-css=\"brz-css-crnQB\" data-uniq-id=\"jvmLl\"><span class=\"brz-cp-color5\">Benni B\u00f8dker<\/span><\/p>\n<h1 class=\"brz-tp-lg-heading1 brz-text-lg-center brz-css-jVG6R\" data-generated-css=\"brz-css-kZDiB\" data-uniq-id=\"zgWK8\"><span class=\"brz-cp-color8\">foredrag med gys <\/span><\/h1>\n<h1 class=\"brz-tp-lg-heading1 brz-text-lg-center brz-css-cSHNJ\" data-generated-css=\"brz-css-kZDiB\" data-uniq-id=\"zgWK8\"><span class=\"brz-cp-color8\">og gru<\/span><\/h1>\n<\/div>\n<\/div>\n<\/div>\n<\/div>\n<\/div>\n<div class=\"brz-columns brz-css-jzfnx9 brz-css-zmka8l\" data-brz-custom-id=\"yP9YKi2Yrlgj\">\n<div class=\"brz-bg\">\n<div class=\"brz-bg-color\"><\/div>\n<\/div>\n<div class=\"brz-column__items brz-css-1f2c1up brz-css-1lnzl0e\">\n<div id=\"\" class=\"brz-css-wxdkjx brz-css-19360jx brz-wrapper\">\n<div class=\"brz-image brz-css-1d4i1r4 brz-css-18hwq1n\" data-brz-custom-id=\"kE8TafIH8zqe\"><img decoding=\"async\" class=\"brz-img\" src=\"https:\/\/167.235.1.82\/~sloengel\/nyside\/wp-content\/uploads\/Benni-Boedker-den-dobbelte-grav-omslag-web.jpg\" loading=\"lazy\" alt=\"\" title=\"Benni B\u00f8dker, den-dobbelte-grav-omslag-web\"><\/div>\n<\/div>\n<\/div>\n<\/div>\n<\/div>\n<\/div>\n<\/div>\n<\/div>\n<\/section>\n<section id=\"aZfMOZzBVuJT_aZfMOZzBVuJT\" class=\"brz-section brz-css-6qrj4b brz-css-10wibu0\">\n<div class=\"brz-section__content brz-section--boxed brz-css-1ew165s brz-css-feu7a3\" data-brz-custom-id=\"y0SXEf30lU4W\">\n<div class=\"brz-bg\">\n<div class=\"brz-bg-color\"><\/div>\n<\/div>\n<div class=\"brz-container brz-css-kdm68q brz-css-ijiqie\">\n<div class=\"brz-row__container brz-css-1pbt3l brz-css-6lrgs2\" data-brz-custom-id=\"c7h7TNKJTEGI\">\n<div class=\"brz-row brz-css-14rsus7 brz-css-zmq6w7 brz-css-162c5xm\">\n<div class=\"brz-columns brz-css-1nn51cq brz-css-84757j\" data-brz-custom-id=\"gz42BryecLfs\">\n<div class=\"brz-column__items brz-css-mtsen9 brz-css-rev9w4\">\n<div id=\"\" class=\"brz-css-2y3b62 brz-css-1ohtqrb brz-wrapper\">\n<div class=\"brz-menu__container brz-css-1gmgucx brz-css-1h6kdv7\" data-mmenu-id=\"#jItMUMIuocuD_b1e3894aae327d9a0165\" data-mmenu-position=\"position-left\" data-mmenu-title=\"Menu\" data-mmenu-stickytitle=\"off\" data-mmenu-isslider=\"false\" data-mmenu-closingicon=\"%7B%22desktop%22%3A%22off%22%2C%22tablet%22%3A%22off%22%2C%22mobile%22%3A%22off%22%7D\" data-brz-custom-id=\"jItMUMIuocuD\">\n<nav data-mods=\"%7B%22desktop%22%3A%22vertical%22%2C%22tablet%22%3A%22vertical%22%2C%22mobile%22%3A%22vertical%22%7D\" class=\"brz-menu brz-menu__preview brz-css-opkc0f brz-css-1yt5yr1\">\n<ul class=\"brz-menu__ul\" data-menu-items-active=\"\">\n<li data-menu-item-id=\"5a450b6d30ba7e4642c858270bb62ba6\" class=\"brz-menu__item menu-item menu-item-type-post_type menu-item-object-page\"><a class=\"brz-a\" target=\"\" href=\"https:\/\/167.235.1.82\/~sloengel\/nyside\/index.php\/andreas-boeskov\/\" title=\"\"><span class=\"brz-span\">Andreas Boeskov<\/span><\/a><\/li>\n<li data-menu-item-id=\"c3c1c17cda31133870aa517efb554875\" class=\"brz-menu__item menu-item menu-item-type-post_type menu-item-object-page\"><a class=\"brz-a\" target=\"\" href=\"https:\/\/167.235.1.82\/~sloengel\/nyside\/index.php\/benni-boedker\/\" title=\"\"><span class=\"brz-span\">Benni B\u00f8dker<\/span><\/a><\/li>\n<li data-menu-item-id=\"e3fc41b6702d64d170a01ef8858b8d70\" class=\"brz-menu__item menu-item menu-item-type-post_type menu-item-object-page\"><a class=\"brz-a\" target=\"\" href=\"https:\/\/167.235.1.82\/~sloengel\/nyside\/index.php\/jan-kjaer\/\" title=\"\"><span class=\"brz-span\">Jan Kj\u00e6r<\/span><\/a><\/li>\n<li data-menu-item-id=\"b02ac084ed53f26b0cc25032d03a24de\" class=\"brz-menu__item menu-item menu-item-type-post_type menu-item-object-page\"><a class=\"brz-a\" target=\"\" href=\"https:\/\/167.235.1.82\/~sloengel\/nyside\/index.php\/lg-jensen-og-sandra-schwartz\/\" title=\"\"><span class=\"brz-span\">LG Jensen og Sandra Schwartz<\/span><\/a><\/li>\n<li data-menu-item-id=\"7ebeac9dbd80ff03e7876f5b50217bb9\" class=\"brz-menu__item menu-item menu-item-type-post_type menu-item-object-page\"><a class=\"brz-a\" target=\"\" href=\"https:\/\/167.235.1.82\/~sloengel\/nyside\/index.php\/maria-roerbaek\/\" title=\"\"><span class=\"brz-span\">Maria R\u00f8rb\u00e6k<\/span><\/a><\/li>\n<li data-menu-item-id=\"2d7e0db76fc034d1aa775e33e6699439\" class=\"brz-menu__item menu-item menu-item-type-post_type menu-item-object-page\"><a class=\"brz-a\" target=\"\" href=\"https:\/\/167.235.1.82\/~sloengel\/nyside\/index.php\/mette-vedsoe\/\" title=\"\"><span class=\"brz-span\">Mette Veds\u00f8<\/span><\/a><\/li>\n<li data-menu-item-id=\"3105d905ba1fe3ef550f13742b49792a\" class=\"brz-menu__item menu-item menu-item-type-post_type menu-item-object-page\"><a class=\"brz-a\" target=\"\" href=\"https:\/\/167.235.1.82\/~sloengel\/nyside\/index.php\/nor-og-far\/\" title=\"\"><span class=\"brz-span\">Nor og Far<\/span><\/a><\/li>\n<li data-menu-item-id=\"a0c2762cbf263c8df0c1431957f6c889\" class=\"brz-menu__item menu-item menu-item-type-post_type menu-item-object-page\"><a class=\"brz-a\" target=\"\" href=\"https:\/\/167.235.1.82\/~sloengel\/nyside\/index.php\/sigurd-barrett\/\" title=\"\"><span class=\"brz-span\">Sigurd Barrett<\/span><\/a><\/li>\n<li data-menu-item-id=\"8a8afe0cfa396f9d52ec4ee51c97fb97\" class=\"brz-menu__item menu-item menu-item-type-post_type menu-item-object-page\"><a class=\"brz-a\" target=\"\" href=\"https:\/\/167.235.1.82\/~sloengel\/nyside\/index.php\/sophie-souid-thomas-hjorthaab\/\" title=\"\"><span class=\"brz-span\">Sophie Souid &amp; Thomas Hjorthaab<\/span><\/a><\/li>\n<\/ul>\n<\/nav>\n<div class=\"brz-mm-menu__icon\" data-brz-brz-mmenu-icon=\"off\"><\/div>\n<nav data-mods=\"%7B%22desktop%22%3A%22vertical%22%2C%22tablet%22%3A%22vertical%22%2C%22mobile%22%3A%22vertical%22%7D\" id=\"jItMUMIuocuD_b1e3894aae327d9a0165\" class=\"brz-menu brz-menu__preview brz-menu__mmenu brz-css-9sa3wf brz-css-czy5j\">\n<ul class=\"brz-menu__ul\" data-menu-items-active=\"\">\n<li data-menu-item-id=\"5a450b6d30ba7e4642c858270bb62ba6\" class=\"brz-menu__item menu-item menu-item-type-post_type menu-item-object-page\"><a class=\"brz-a\" target=\"\" href=\"https:\/\/167.235.1.82\/~sloengel\/nyside\/index.php\/andreas-boeskov\/\" title=\"\"><span class=\"brz-span\">Andreas Boeskov<\/span><\/a><\/li>\n<li data-menu-item-id=\"c3c1c17cda31133870aa517efb554875\" class=\"brz-menu__item menu-item menu-item-type-post_type menu-item-object-page\"><a class=\"brz-a\" target=\"\" href=\"https:\/\/167.235.1.82\/~sloengel\/nyside\/index.php\/benni-boedker\/\" title=\"\"><span class=\"brz-span\">Benni B\u00f8dker<\/span><\/a><\/li>\n<li data-menu-item-id=\"e3fc41b6702d64d170a01ef8858b8d70\" class=\"brz-menu__item menu-item menu-item-type-post_type menu-item-object-page\"><a class=\"brz-a\" target=\"\" href=\"https:\/\/167.235.1.82\/~sloengel\/nyside\/index.php\/jan-kjaer\/\" title=\"\"><span class=\"brz-span\">Jan Kj\u00e6r<\/span><\/a><\/li>\n<li data-menu-item-id=\"b02ac084ed53f26b0cc25032d03a24de\" class=\"brz-menu__item menu-item menu-item-type-post_type menu-item-object-page\"><a class=\"brz-a\" target=\"\" href=\"https:\/\/167.235.1.82\/~sloengel\/nyside\/index.php\/lg-jensen-og-sandra-schwartz\/\" title=\"\"><span class=\"brz-span\">LG Jensen og Sandra Schwartz<\/span><\/a><\/li>\n<li data-menu-item-id=\"7ebeac9dbd80ff03e7876f5b50217bb9\" class=\"brz-menu__item menu-item menu-item-type-post_type menu-item-object-page\"><a class=\"brz-a\" target=\"\" href=\"https:\/\/167.235.1.82\/~sloengel\/nyside\/index.php\/maria-roerbaek\/\" title=\"\"><span class=\"brz-span\">Maria R\u00f8rb\u00e6k<\/span><\/a><\/li>\n<li data-menu-item-id=\"2d7e0db76fc034d1aa775e33e6699439\" class=\"brz-menu__item menu-item menu-item-type-post_type menu-item-object-page\"><a class=\"brz-a\" target=\"\" href=\"https:\/\/167.235.1.82\/~sloengel\/nyside\/index.php\/mette-vedsoe\/\" title=\"\"><span class=\"brz-span\">Mette Veds\u00f8<\/span><\/a><\/li>\n<li data-menu-item-id=\"3105d905ba1fe3ef550f13742b49792a\" class=\"brz-menu__item menu-item menu-item-type-post_type menu-item-object-page\"><a class=\"brz-a\" target=\"\" href=\"https:\/\/167.235.1.82\/~sloengel\/nyside\/index.php\/nor-og-far\/\" title=\"\"><span class=\"brz-span\">Nor og Far<\/span><\/a><\/li>\n<li data-menu-item-id=\"a0c2762cbf263c8df0c1431957f6c889\" class=\"brz-menu__item menu-item menu-item-type-post_type menu-item-object-page\"><a class=\"brz-a\" target=\"\" href=\"https:\/\/167.235.1.82\/~sloengel\/nyside\/index.php\/sigurd-barrett\/\" title=\"\"><span class=\"brz-span\">Sigurd Barrett<\/span><\/a><\/li>\n<li data-menu-item-id=\"8a8afe0cfa396f9d52ec4ee51c97fb97\" class=\"brz-menu__item menu-item menu-item-type-post_type menu-item-object-page\"><a class=\"brz-a\" target=\"\" href=\"https:\/\/167.235.1.82\/~sloengel\/nyside\/index.php\/sophie-souid-thomas-hjorthaab\/\" title=\"\"><span class=\"brz-span\">Sophie Souid &amp; Thomas Hjorthaab<\/span><\/a><\/li>\n<\/ul>\n<\/nav>\n<\/div>\n<\/div>\n<\/div>\n<\/div>\n<div class=\"brz-columns brz-css-1nn51cq brz-css-xe53oc\" data-brz-custom-id=\"h87OAafIJuBY\">\n<div class=\"brz-column__items brz-css-mtsen9 brz-css-1orpbir\">\n<div id=\"\" class=\"brz-css-2y3b62 brz-css-1medhlf brz-wrapper\">\n<div class=\"brz-rich-text brz-rich-text__custom brz-css-la38qf brz-css-uaat40\" data-brz-custom-id=\"cmqGcrTIst5g\">\n<div data-brz-translate-text=\"1\">\n<h1 class=\"brz-fsft-lg-0 brz-fwdth-lg-100 brz-vfw-lg-400 brz-lh-lg-1_3 brz-ls-lg-m_1_5 brz-fw-lg-700 brz-fss-lg-px brz-text-lg-center ql-align-center brz-ff-roboto brz-ft-google brz-fs-lg-40 brz-tp-lg-heading1 brz-css-tfwyC\" data-uniq-id=\"sV7Rm\" data-generated-css=\"brz-css-m4V0_\"><span class=\"brz-cp-color4\">Benni B\u00f8dker<\/span><\/h1>\n<\/div>\n<\/div>\n<\/div>\n<div id=\"\" class=\"brz-css-2y3b62 brz-css-dxf3u6 brz-wrapper\">\n<div class=\"brz-rich-text brz-rich-text__custom brz-css-la38qf brz-css-1wx88hb\" data-brz-custom-id=\"yXiT4ZSenDzA\">\n<div data-brz-translate-text=\"1\">\n<p class=\"ql-align-center brz-ff-roboto brz-ft-google brz-fs-lg-20 brz-fss-lg-px brz-fw-lg-400 brz-ls-lg-0 brz-lh-lg-1_7 brz-vfw-lg-400 brz-fwdth-lg-100 brz-fsft-lg-0 brz-tp-lg-paragraph brz-css-uEJur\" data-uniq-id=\"nH_SW\" data-generated-css=\"brz-css-uTNo8\"><span class=\"brz-cp-color1 brz-span\" style=\"background-color: transparent\">Kom og m\u00f8d gys og gru-mesteren Benni B\u00f8dker, der fort\u00e6ller om sit forfatterskab \u2013 om at leve af at skr\u00e6mme og om hvordan hans historier bliver til. Benni B\u00f8dker st\u00e5r bag en lang r\u00e6kke popul\u00e6re b\u00f8rneb\u00f8ger og serier inden for genrerne gys, fantasy og science fiction.&nbsp;<\/span><\/p>\n<p class=\"ql-align-center brz-ff-roboto brz-ft-google brz-fs-lg-20 brz-fss-lg-px brz-fw-lg-400 brz-ls-lg-0 brz-lh-lg-1_7 brz-vfw-lg-400 brz-fwdth-lg-100 brz-fsft-lg-0 brz-tp-lg-paragraph brz-css-ouodt\" data-uniq-id=\"o15Q2\" data-generated-css=\"brz-css-hQqm_\"><span class=\"brz-cp-color1 brz-span\" style=\"background-color: transparent\"> <\/span><\/p>\n<p class=\"ql-align-center brz-ff-roboto brz-ft-google brz-fs-lg-20 brz-fss-lg-px brz-fw-lg-400 brz-ls-lg-0 brz-lh-lg-1_7 brz-vfw-lg-400 brz-fwdth-lg-100 brz-fsft-lg-0 brz-tp-lg-paragraph brz-css-iizG3\" data-uniq-id=\"rXTob\" data-generated-css=\"brz-css-ugwze\"><span class=\"brz-cp-color1 brz-span\" style=\"background-color: transparent\"><em>\u201dBenni B\u00f8dker skriver, s\u00e5 blodet flyder, t\u00e6nderne klaprer og h\u00e5rene p\u00e5 armene stritter. Og det g\u00f8r han godt. Han har p\u00e5 ganske kort tid opn\u00e5et stor popularitet blandt b\u00f8rn og unge, der ikke kan f\u00e5 nok af hans vampyrer, mystiske ordner og vanvittige eksperimenter. Ofte er hans hovedpersoner outsidere eller ensp\u00e6ndere, der enten ved sk\u00e6bnens eller sammensv\u00e6rgelsers mellemkomst ender i h\u00e5bl\u00f8se og livstruende situationer. Men midt i uhyggen, blodbadet og gruen skinner humoren, om end noget sort, dog altid igennem.\u201d&nbsp;<\/em><\/span><\/p>\n<p class=\"ql-align-center brz-ff-roboto brz-ft-google brz-fs-lg-20 brz-fss-lg-px brz-fw-lg-400 brz-ls-lg-0 brz-lh-lg-1_7 brz-vfw-lg-400 brz-fwdth-lg-100 brz-fsft-lg-0 brz-tp-lg-paragraph brz-css-wX_jp\" data-uniq-id=\"lqzds\" data-generated-css=\"brz-css-paV1W\"><span class=\"brz-cp-color1 brz-span\" style=\"background-color: transparent\"><em>(Kilde: <\/em><\/span><a class=\"brz-cp-color1 link--external\" style=\"background-color: transparent\" href=\"https:\/\/forfatterweb.dk\/oversigt\/boedker-benni\" data-brz-link-type=\"external\" target=\"_blank\" rel=\"noreferrer noopener\"><em>www.forfatterweb.dk<\/em><\/a><span class=\"brz-cp-color1 brz-span\" style=\"background-color: transparent\"><em>)<\/em><\/span><\/p>\n<p class=\"brz-tp-lg-empty brz-ff-roboto brz-ft-google brz-fs-lg-20 brz-fss-lg-px brz-fw-lg-400 brz-ls-lg-0 brz-lh-lg-1_7 brz-vfw-lg-400 brz-fwdth-lg-100 brz-fsft-lg-0 brz-css-qEAJr\" data-uniq-id=\"s9Pp7\" data-generated-css=\"brz-css-iyL1p\"><\/p>\n<p class=\"brz-tp-lg-empty brz-ff-roboto brz-ft-google brz-fs-lg-20 brz-fss-lg-px brz-fw-lg-400 brz-ls-lg-0 brz-lh-lg-1_7 brz-vfw-lg-400 brz-fwdth-lg-100 brz-fsft-lg-0 brz-css-uULhb\" data-uniq-id=\"sEWEr\" data-generated-css=\"brz-css-dWM4K\"><\/p>\n<\/div>\n<\/div>\n<\/div>\n<div class=\"brz-wrapper-clone brz-flex-xs-wrap brz-css-7pnfjq brz-css-lbaldm\" data-brz-custom-id=\"fFjaG7pwyLD9\"><a class=\"brz-a brz-btn brz-css-1w1fvj1 brz-css-uqrjsp brz-css-hzdrre brz-css-7woil4\" href=\"http:\/\/www.benniboedker.dk\/\" target=\"_blank\" rel=\"noopener noreferrer\" data-brz-link-type=\"external\" data-brz-custom-id=\"vCXcMM5oQqIz\"><span data-brz-translate-text=\"1\" class=\"brz-span brz-text__editor\">L\u00e6s mere om Benni B\u00f8dker<\/span><\/a><\/div>\n<\/div>\n<\/div>\n<\/div>\n<\/div>\n<\/div>\n<\/div>\n<\/section><\/div>\n<p><!-- version:1758883390 --><\/p>\n","protected":false},"excerpt":{"rendered":"<p>Benni B\u00f8dker foredrag med gys og gru Andreas Boeskov Benni B\u00f8dker Jan Kj\u00e6r LG Jensen og Sandra Schwartz Maria R\u00f8rb\u00e6k Mette Veds\u00f8 Nor og Far Sigurd Barrett Sophie Souid &amp; Thomas Hjorthaab Andreas Boeskov Benni B\u00f8dker Jan Kj\u00e6r LG Jensen og Sandra Schwartz Maria R\u00f8rb\u00e6k Mette Veds\u00f8 Nor og Far Sigurd Barrett Sophie Souid &amp; &hellip; <\/p>\n<p class=\"link-more\"><a href=\"https:\/\/sloengeldage.dk\/index.php\/benni-boedker\/\" class=\"more-link\">Continue reading<span class=\"screen-reader-text\"> &#8220;Benni B\u00f8dker&#8221;<\/span><\/a><\/p>\n","protected":false},"author":1,"featured_media":0,"parent":0,"menu_order":0,"comment_status":"closed","ping_status":"closed","template":"brizy-blank-template.php","meta":{"footnotes":""},"folder":[102],"class_list":["post-2532","page","type-page","status-publish","hentry","entry"],"brizy_media":[{"id":2536,"url":"https:\/\/sloengeldage.dk\/wp-content\/uploads\/BennyBoedker.jpg","name":"BennyBoedker.jpg","meta":{"brizy_attachment_uid":"wp-331ebb04da14c423ab02902d7359be46.jpg","brizy_post_uid":["faf191a54f72df432408c91907290cb4","8188b2cae34aeb45536f747697c7511f","b1db65effdd867fba92448bfc41bd833"]}},{"id":2537,"url":"https:\/\/sloengeldage.dk\/wp-content\/uploads\/Benni-Boedker-den-dobbelte-grav-omslag-web.jpg","name":"Benni-Boedker-den-dobbelte-grav-omslag-web.jpg","meta":{"brizy_attachment_uid":"wp-cd2ea73c641d2e46cca464918d28b5b0.jpg","brizy_post_uid":["faf191a54f72df432408c91907290cb4"]}}],"_links":{"self":[{"href":"https:\/\/sloengeldage.dk\/index.php\/wp-json\/wp\/v2\/pages\/2532","targetHints":{"allow":["GET"]}}],"collection":[{"href":"https:\/\/sloengeldage.dk\/index.php\/wp-json\/wp\/v2\/pages"}],"about":[{"href":"https:\/\/sloengeldage.dk\/index.php\/wp-json\/wp\/v2\/types\/page"}],"author":[{"embeddable":true,"href":"https:\/\/sloengeldage.dk\/index.php\/wp-json\/wp\/v2\/users\/1"}],"replies":[{"embeddable":true,"href":"https:\/\/sloengeldage.dk\/index.php\/wp-json\/wp\/v2\/comments?post=2532"}],"version-history":[{"count":4,"href":"https:\/\/sloengeldage.dk\/index.php\/wp-json\/wp\/v2\/pages\/2532\/revisions"}],"predecessor-version":[{"id":2560,"href":"https:\/\/sloengeldage.dk\/index.php\/wp-json\/wp\/v2\/pages\/2532\/revisions\/2560"}],"wp:attachment":[{"href":"https:\/\/sloengeldage.dk\/index.php\/wp-json\/wp\/v2\/media?parent=2532"}],"wp:term":[{"taxonomy":"folder","embeddable":true,"href":"https:\/\/sloengeldage.dk\/index.php\/wp-json\/wp\/v2\/folder?post=2532"}],"curies":[{"name":"wp","href":"https:\/\/api.w.org\/{rel}","templated":true}]}}