{"id":2523,"date":"2025-09-26T10:13:14","date_gmt":"2025-09-26T10:13:14","guid":{"rendered":"https:\/\/167.235.1.82\/~sloengel\/nyside\/?page_id=2523"},"modified":"2026-05-09T14:57:06","modified_gmt":"2026-05-09T14:57:06","slug":"sophie-souid-thomas-hjorthaab","status":"publish","type":"page","link":"https:\/\/sloengeldage.dk\/index.php\/sophie-souid-thomas-hjorthaab\/","title":{"rendered":"Sophie Souid &amp; Thomas Hjorthaab"},"content":{"rendered":"<div class=\"brz brz-root__container brz-reset-all brz-root__container-page\">\n<section id=\"j5h5ITPUJXoT_j5h5ITPUJXoT\" class=\"brz-section brz-css-d-section brz-css-1igqjcr\">\n<div class=\"brz-section__content brz-section--boxed brz-css-d-sectionitem-bg brz-css-f6qenq\" data-brz-custom-id=\"bZnyV9TGEzSO\">\n<div class=\"brz-container brz-css-d-sectionitem-container brz-css-b702wn\">\n<div class=\"brz-row__container brz-css-d-row-row brz-css-1evodez\" data-brz-custom-id=\"hyW0YHF0YnT2\">\n<div class=\"brz-row brz-css-d-row-container brz-css-r-row-container brz-css-hwsj9\">\n<div class=\"brz-columns brz-css-d-column-column brz-css-l2qv6r\" data-brz-custom-id=\"ojeJiOX7n3ra\">\n<div class=\"brz-bg\">\n<div class=\"brz-bg-color\"><\/div>\n<\/div>\n<div class=\"brz-column__items brz-css-d-column-bg brz-css-7nz2h6\">\n<div id=\"\" class=\"brz-css-d-wrapper brz-css-8yx8h9 brz-wrapper\">\n<div class=\"brz-image brz-css-d-image-ay7erxmjmjbl-parent brz-css-1j1cilg\" data-brz-custom-id=\"ay7ErXMJmjbl\"><img decoding=\"async\" class=\"brz-img\" src=\"https:\/\/sloengeldage.dk\/wp-content\/uploads\/PresseFoto_SophieThomas-scaled.jpg\" loading=\"lazy\" title=\"\"><\/div>\n<\/div>\n<\/div>\n<\/div>\n<div class=\"brz-columns brz-css-d-column-column brz-css-vdpitc\" data-brz-custom-id=\"n2OGEyjznMe3\">\n<div class=\"brz-bg\">\n<div class=\"brz-bg-color\"><\/div>\n<\/div>\n<div class=\"brz-column__items brz-css-d-column-bg brz-css-1euinp7\">\n<div id=\"\" class=\"brz-css-d-wrapper brz-css-gem7d1 brz-wrapper\">\n<div class=\"brz-rich-text brz-rich-text__custom brz-css-d-richtext brz-css-5d86d8\" data-brz-custom-id=\"x0TP5qaM_23J\">\n<div data-brz-translate-text=\"1\">\n<p class=\"brz-text-lg-center brz-tp-lg-p6v2dfHnW29e brz-css-sRA53\" data-generated-css=\"brz-css-pIjyB\" data-uniq-id=\"aYQKb\"><span class=\"brz-cp-color5\">Sophie Souid og<\/span><\/p>\n<p class=\"brz-text-lg-center brz-tp-lg-p6v2dfHnW29e brz-css-yldyo\" data-generated-css=\"brz-css-mVFQs\" data-uniq-id=\"uCDIW\"><span class=\"brz-cp-color5\">Thomas Hjorthaab<\/span><\/p>\n<h1 class=\"brz-tp-lg-heading1 brz-text-lg-center brz-css-djGnP\" data-generated-css=\"brz-css-ac6Na\" data-uniq-id=\"zYLR1\"><span class=\"brz-cp-color8\">Opl\u00e6sning, dialog og live-tegning<\/span><\/h1>\n<\/div>\n<\/div>\n<\/div>\n<\/div>\n<\/div>\n<div class=\"brz-columns brz-css-d-column-column brz-css-kkdssq\" data-brz-custom-id=\"uGNIWJK_jF2w\">\n<div class=\"brz-bg\">\n<div class=\"brz-bg-color\"><\/div>\n<\/div>\n<div class=\"brz-column__items brz-css-d-column-bg brz-css-1wxc118\">\n<div id=\"\" class=\"brz-css-d-wrapper brz-css-1ys2sjf brz-wrapper\">\n<div class=\"brz-image brz-css-d-image-wm0y5yp8wjcq-parent brz-css-1mzj22y\" data-brz-custom-id=\"wm0y5YP8WJcq\"><img decoding=\"async\" class=\"brz-img\" src=\"https:\/\/sloengeldage.dk\/wp-content\/uploads\/MOEGMIS_5_forside-scaled.png\" loading=\"lazy\" title=\"\"><\/div>\n<\/div>\n<\/div>\n<\/div>\n<\/div>\n<\/div>\n<\/div>\n<\/div>\n<\/section>\n<section id=\"ggotIY_1e7bn_ggotIY_1e7bn\" class=\"brz-section brz-css-d-section brz-css-o57cle\">\n<div class=\"brz-section__content brz-section--boxed brz-css-d-sectionitem-bg brz-css-1x1yaqr\" data-brz-custom-id=\"ecbroptlHxHo\">\n<div class=\"brz-bg\">\n<div class=\"brz-bg-color\"><\/div>\n<\/div>\n<div class=\"brz-container brz-css-d-sectionitem-container brz-css-14r2f75\">\n<div class=\"brz-row__container brz-css-d-row-row brz-css-1pffjoo\" data-brz-custom-id=\"hgch5VrYK2Qn\">\n<div class=\"brz-row brz-css-d-row-container brz-css-r-row-container brz-css-1x39aif\">\n<div class=\"brz-columns brz-css-d-column-column brz-css-n9844y\" data-brz-custom-id=\"bhdZyJncyI4i\">\n<div class=\"brz-column__items brz-css-d-column-bg brz-css-1jyx3rx\">\n<div id=\"\" class=\"brz-css-d-wrapper brz-css-117tjv2 brz-wrapper\">\n<div class=\"brz-menu__container brz-css-d-menu-menu-container brz-css-qhl8y3\" data-mmenu-id=\"#d6jNUjkbwNeS_2f25708ddb10d10f6bbf\" data-mmenu-position=\"position-left\" data-mmenu-title=\"Menu\" data-mmenu-stickytitle=\"off\" data-mmenu-isslider=\"false\" data-mmenu-closingicon=\"%7B%22desktop%22%3A%22off%22%2C%22tablet%22%3A%22off%22%2C%22mobile%22%3A%22off%22%7D\" data-brz-menu-accessible=\"true\" data-brz-custom-id=\"d6jNUjkbwNeS\">\n<nav data-mods=\"%7B%22desktop%22%3A%22vertical%22%2C%22tablet%22%3A%22vertical%22%2C%22mobile%22%3A%22vertical%22%7D\" class=\"brz-menu brz-menu__preview brz-css-d-menu-menu brz-css-1bspu4e\">\n<ul class=\"brz-menu__ul\" data-menu-items-active=\"\">\n<li data-menu-item-id=\"5a450b6d30ba7e4642c858270bb62ba6\" class=\"brz-menu__item menu-item menu-item-type-post_type menu-item-object-page\"><a class=\"brz-a\" target=\"\" href=\"https:\/\/sloengeldage.dk\/index.php\/andreas-boeskov\/\" title=\"\"><span class=\"brz-span\">Andreas Boeskov<\/span><\/a><\/li>\n<li data-menu-item-id=\"c3c1c17cda31133870aa517efb554875\" class=\"brz-menu__item menu-item menu-item-type-post_type menu-item-object-page\"><a class=\"brz-a\" target=\"\" href=\"https:\/\/sloengeldage.dk\/index.php\/benni-boedker\/\" title=\"\"><span class=\"brz-span\">Benni B\u00f8dker<\/span><\/a><\/li>\n<li data-menu-item-id=\"e3fc41b6702d64d170a01ef8858b8d70\" class=\"brz-menu__item menu-item menu-item-type-post_type menu-item-object-page\"><a class=\"brz-a\" target=\"\" href=\"https:\/\/sloengeldage.dk\/index.php\/jan-kjaer\/\" title=\"\"><span class=\"brz-span\">Jan Kj\u00e6r<\/span><\/a><\/li>\n<li data-menu-item-id=\"b02ac084ed53f26b0cc25032d03a24de\" class=\"brz-menu__item menu-item menu-item-type-post_type menu-item-object-page\"><a class=\"brz-a\" target=\"\" href=\"https:\/\/sloengeldage.dk\/index.php\/lg-jensen-og-sandra-schwartz\/\" title=\"\"><span class=\"brz-span\">LG Jensen og Sandra Schwartz<\/span><\/a><\/li>\n<li data-menu-item-id=\"7ebeac9dbd80ff03e7876f5b50217bb9\" class=\"brz-menu__item menu-item menu-item-type-post_type menu-item-object-page\"><a class=\"brz-a\" target=\"\" href=\"https:\/\/sloengeldage.dk\/index.php\/maria-roerbaek\/\" title=\"\"><span class=\"brz-span\">Maria R\u00f8rb\u00e6k<\/span><\/a><\/li>\n<li data-menu-item-id=\"2d7e0db76fc034d1aa775e33e6699439\" class=\"brz-menu__item menu-item menu-item-type-post_type menu-item-object-page\"><a class=\"brz-a\" target=\"\" href=\"https:\/\/sloengeldage.dk\/index.php\/mette-vedsoe\/\" title=\"\"><span class=\"brz-span\">Mette Veds\u00f8<\/span><\/a><\/li>\n<li data-menu-item-id=\"3105d905ba1fe3ef550f13742b49792a\" class=\"brz-menu__item menu-item menu-item-type-post_type menu-item-object-page\"><a class=\"brz-a\" target=\"\" href=\"https:\/\/sloengeldage.dk\/index.php\/nor-og-far\/\" title=\"\"><span class=\"brz-span\">Nor og Far<\/span><\/a><\/li>\n<li data-menu-item-id=\"a0c2762cbf263c8df0c1431957f6c889\" class=\"brz-menu__item menu-item menu-item-type-post_type menu-item-object-page\"><a class=\"brz-a\" target=\"\" href=\"https:\/\/sloengeldage.dk\/index.php\/sigurd-barrett\/\" title=\"\"><span class=\"brz-span\">Sigurd Barrett<\/span><\/a><\/li>\n<li data-menu-item-id=\"8a8afe0cfa396f9d52ec4ee51c97fb97\" class=\"brz-menu__item menu-item menu-item-type-post_type menu-item-object-page\"><a class=\"brz-a\" target=\"\" href=\"https:\/\/sloengeldage.dk\/index.php\/sophie-souid-thomas-hjorthaab\/\" title=\"\"><span class=\"brz-span\">Sophie Souid &amp; Thomas Hjorthaab<\/span><\/a><\/li>\n<\/ul>\n<\/nav>\n<div class=\"brz-mm-menu__icon\" data-brz-brz-mmenu-icon=\"off\"><\/div>\n<nav data-mods=\"%7B%22desktop%22%3A%22vertical%22%2C%22tablet%22%3A%22vertical%22%2C%22mobile%22%3A%22vertical%22%7D\" id=\"d6jNUjkbwNeS_2f25708ddb10d10f6bbf\" class=\"brz-menu brz-menu__preview brz-menu__mmenu brz-css-d-menu-mmenu brz-css-x0wruy\">\n<ul class=\"brz-menu__ul\" data-menu-items-active=\"\">\n<li data-menu-item-id=\"5a450b6d30ba7e4642c858270bb62ba6\" class=\"brz-menu__item menu-item menu-item-type-post_type menu-item-object-page\"><a class=\"brz-a\" target=\"\" href=\"https:\/\/sloengeldage.dk\/index.php\/andreas-boeskov\/\" title=\"\"><span class=\"brz-span\">Andreas Boeskov<\/span><\/a><\/li>\n<li data-menu-item-id=\"c3c1c17cda31133870aa517efb554875\" class=\"brz-menu__item menu-item menu-item-type-post_type menu-item-object-page\"><a class=\"brz-a\" target=\"\" href=\"https:\/\/sloengeldage.dk\/index.php\/benni-boedker\/\" title=\"\"><span class=\"brz-span\">Benni B\u00f8dker<\/span><\/a><\/li>\n<li data-menu-item-id=\"e3fc41b6702d64d170a01ef8858b8d70\" class=\"brz-menu__item menu-item menu-item-type-post_type menu-item-object-page\"><a class=\"brz-a\" target=\"\" href=\"https:\/\/sloengeldage.dk\/index.php\/jan-kjaer\/\" title=\"\"><span class=\"brz-span\">Jan Kj\u00e6r<\/span><\/a><\/li>\n<li data-menu-item-id=\"b02ac084ed53f26b0cc25032d03a24de\" class=\"brz-menu__item menu-item menu-item-type-post_type menu-item-object-page\"><a class=\"brz-a\" target=\"\" href=\"https:\/\/sloengeldage.dk\/index.php\/lg-jensen-og-sandra-schwartz\/\" title=\"\"><span class=\"brz-span\">LG Jensen og Sandra Schwartz<\/span><\/a><\/li>\n<li data-menu-item-id=\"7ebeac9dbd80ff03e7876f5b50217bb9\" class=\"brz-menu__item menu-item menu-item-type-post_type menu-item-object-page\"><a class=\"brz-a\" target=\"\" href=\"https:\/\/sloengeldage.dk\/index.php\/maria-roerbaek\/\" title=\"\"><span class=\"brz-span\">Maria R\u00f8rb\u00e6k<\/span><\/a><\/li>\n<li data-menu-item-id=\"2d7e0db76fc034d1aa775e33e6699439\" class=\"brz-menu__item menu-item menu-item-type-post_type menu-item-object-page\"><a class=\"brz-a\" target=\"\" href=\"https:\/\/sloengeldage.dk\/index.php\/mette-vedsoe\/\" title=\"\"><span class=\"brz-span\">Mette Veds\u00f8<\/span><\/a><\/li>\n<li data-menu-item-id=\"3105d905ba1fe3ef550f13742b49792a\" class=\"brz-menu__item menu-item menu-item-type-post_type menu-item-object-page\"><a class=\"brz-a\" target=\"\" href=\"https:\/\/sloengeldage.dk\/index.php\/nor-og-far\/\" title=\"\"><span class=\"brz-span\">Nor og Far<\/span><\/a><\/li>\n<li data-menu-item-id=\"a0c2762cbf263c8df0c1431957f6c889\" class=\"brz-menu__item menu-item menu-item-type-post_type menu-item-object-page\"><a class=\"brz-a\" target=\"\" href=\"https:\/\/sloengeldage.dk\/index.php\/sigurd-barrett\/\" title=\"\"><span class=\"brz-span\">Sigurd Barrett<\/span><\/a><\/li>\n<li data-menu-item-id=\"8a8afe0cfa396f9d52ec4ee51c97fb97\" class=\"brz-menu__item menu-item menu-item-type-post_type menu-item-object-page\"><a class=\"brz-a\" target=\"\" href=\"https:\/\/sloengeldage.dk\/index.php\/sophie-souid-thomas-hjorthaab\/\" title=\"\"><span class=\"brz-span\">Sophie Souid &amp; Thomas Hjorthaab<\/span><\/a><\/li>\n<\/ul>\n<\/nav>\n<\/div>\n<\/div>\n<\/div>\n<\/div>\n<div class=\"brz-columns brz-css-d-column-column brz-css-imv7yg\" data-brz-custom-id=\"iVYsFQrjQ3py\">\n<div class=\"brz-column__items brz-css-d-column-bg brz-css-1ogwx8n\">\n<div id=\"\" class=\"brz-css-d-wrapper brz-css-1ittnoz brz-wrapper\">\n<div class=\"brz-rich-text brz-rich-text__custom brz-css-d-richtext brz-css-r5t0v1\" data-brz-custom-id=\"iVhDvzQbyyjL\">\n<div data-brz-translate-text=\"1\">\n<p class=\"brz-fsft-lg-0 brz-fwdth-lg-100 brz-vfw-lg-400 brz-lh-lg-1_3 brz-ls-lg-m_1_5 brz-fw-lg-700 brz-fss-lg-px brz-text-lg-center ql-align-center brz-tp-lg-empty brz-ff-roboto brz-ft-google brz-fs-lg-40 brz-css-r0NuH\" data-uniq-id=\"wi4rF\" data-generated-css=\"brz-css-eCl4O\"><span class=\"brz-cp-color4\">Sophie Souid og Thomas Hjorthaab<\/span><\/p>\n<\/div>\n<\/div>\n<\/div>\n<div id=\"\" class=\"brz-css-d-wrapper brz-css-8rm7ju brz-wrapper\">\n<div class=\"brz-rich-text brz-rich-text__custom brz-css-d-richtext brz-css-9utt7i\" data-brz-custom-id=\"zetwmXUjOSRb\">\n<div data-brz-translate-text=\"1\">\n<p class=\"brz-ff-roboto brz-ft-google brz-fs-lg-20 brz-fss-lg-px brz-fw-lg-400 brz-ls-lg-0 brz-lh-lg-1_7 brz-vfw-lg-400 brz-fwdth-lg-100 brz-fsft-lg-0 brz-tp-lg-paragraph brz-css-cFqvj\" data-uniq-id=\"eX1OZ\" data-generated-css=\"brz-css-fqnwO\"><span class=\"brz-cp-color1 brz-span\" style=\"background-color: transparent\">Med udgangspunkt i tegneserien om Danmarks mest vanvittige, h\u00e6vnt\u00f8rstige kat, M\u00d8GMIS, vil Sophie Souid og Thomas Hjorthaab invitere b\u00f8rnene med p\u00e5 Engtoften, hvor M\u00f8gmis huserer med sine venner. Der skal tales om katte, hunde, k\u00e6ledyr og teenagere &#8211; og hvilken race, der fra naturens side mon er v\u00e6rst?&nbsp;<\/span><\/p>\n<p class=\"brz-ff-roboto brz-ft-google brz-fs-lg-20 brz-fss-lg-px brz-fw-lg-400 brz-ls-lg-0 brz-lh-lg-1_7 brz-vfw-lg-400 brz-fwdth-lg-100 brz-fsft-lg-0 brz-tp-lg-paragraph brz-css-bgjO7\" data-uniq-id=\"scUlS\" data-generated-css=\"brz-css-go5MO\"><span class=\"brz-cp-color1 brz-span\" style=\"background-color: transparent\">Sophie Souid vil b\u00e5de l\u00e6se h\u00f8jt og skabe dialog med b\u00f8rnene og vende de temaer, som historierne om M\u00f8gmis ogs\u00e5 gemmer p\u00e5: nemlig venskab, s\u00f8skendek\u00e6rlighed og (u)retf\u00e6rdighed, mens Thomas Hjorthaab vil live-tegne og dyste med b\u00f8rnene i at lave det ondeste, sjoveste M\u00f8gdyr.<\/span><\/p>\n<p class=\"brz-ff-roboto brz-ft-google brz-fs-lg-20 brz-fss-lg-px brz-fw-lg-400 brz-ls-lg-0 brz-lh-lg-1_7 brz-vfw-lg-400 brz-fwdth-lg-100 brz-fsft-lg-0 brz-tp-lg-paragraph brz-css-xLIum\" data-uniq-id=\"fOMBW\" data-generated-css=\"brz-css-lsEGR\"><\/p>\n<p class=\"brz-tp-lg-empty brz-ff-roboto brz-ft-google brz-fs-lg-20 brz-fss-lg-px brz-fw-lg-400 brz-ls-lg-0 brz-lh-lg-1_7 brz-vfw-lg-400 brz-fwdth-lg-100 brz-fsft-lg-0 brz-css-kKjNQ\" data-uniq-id=\"rtOjX\" data-generated-css=\"brz-css-nxpKX\"><\/p>\n<\/div>\n<\/div>\n<\/div>\n<div class=\"brz-wrapper-clone brz-flex-xs-wrap brz-css-d-cloneable brz-css-f5l42g\" data-brz-custom-id=\"wxZyQXtMz7Fs\"><a class=\"brz-a brz-btn brz-css-d-button brz-css-1hby4c6 brz-css-d-button-bg brz-css-1agv43j\" target=\"_blank\" rel=\"noopener noreferrer\" href=\"https:\/\/sophiesouid.dk\/pages\/sophie-souid\" data-brz-link-type=\"external\" data-brz-custom-id=\"ypEtZCL9YlN7\"><span data-brz-translate-text=\"1\" class=\"brz-span brz-text__editor\">L\u00e6s mere om Sophie Souid<\/span><\/a><a class=\"brz-a brz-btn brz-css-d-button brz-css-baafsw brz-css-d-button-bg brz-css-s2yl74\" target=\"_blank\" rel=\"noopener noreferrer\" href=\"https:\/\/gad.dk\/thomas-hjorthaab\" data-brz-link-type=\"external\" data-brz-custom-id=\"eDGWRsJ1dtbh\"><span data-brz-translate-text=\"1\" class=\"brz-span brz-text__editor\">L\u00e6s mere om Thomas Hjorthaab<\/span><\/a><\/div>\n<div class=\"brz-wrapper-clone brz-flex-xs-wrap brz-css-d-cloneable brz-css-1wujhxq\" data-brz-custom-id=\"gn49k8T1mlDO\"><a class=\"brz-a brz-btn brz-css-d-button brz-css-1sz79py brz-css-d-button-bg brz-css-1yeypgw\" target=\"_blank\" rel=\"noopener noreferrer\" href=\"https:\/\/gad.dk\/moegmisaktiviteter\" data-brz-link-type=\"external\" data-brz-custom-id=\"qXEP8Y5sQoOJ\"><span data-brz-translate-text=\"1\" class=\"brz-span brz-text__editor\">M\u00f8gmisaktiviteter<\/span><\/a><\/div>\n<\/div>\n<\/div>\n<\/div>\n<\/div>\n<\/div>\n<\/div>\n<\/section><\/div>\n<p><!-- version:1769332013 --><\/p>\n","protected":false},"excerpt":{"rendered":"<p>Sophie Souid og Thomas Hjorthaab Opl\u00e6sning, dialog og live-tegning Andreas Boeskov Benni B\u00f8dker Jan Kj\u00e6r LG Jensen og Sandra Schwartz Maria R\u00f8rb\u00e6k Mette Veds\u00f8 Nor og Far Sigurd Barrett Sophie Souid &amp; Thomas Hjorthaab Andreas Boeskov Benni B\u00f8dker Jan Kj\u00e6r LG Jensen og Sandra Schwartz Maria R\u00f8rb\u00e6k Mette Veds\u00f8 Nor og Far Sigurd Barrett Sophie &hellip; <\/p>\n<p class=\"link-more\"><a href=\"https:\/\/sloengeldage.dk\/index.php\/sophie-souid-thomas-hjorthaab\/\" class=\"more-link\">Continue reading<span class=\"screen-reader-text\"> &#8220;Sophie Souid &amp; Thomas Hjorthaab&#8221;<\/span><\/a><\/p>\n","protected":false},"author":1,"featured_media":0,"parent":0,"menu_order":0,"comment_status":"closed","ping_status":"closed","template":"brizy-blank-template.php","meta":{"footnotes":""},"folder":[102],"class_list":["post-2523","page","type-page","status-publish","hentry","entry"],"brizy_media":[{"id":2527,"url":"https:\/\/sloengeldage.dk\/wp-content\/uploads\/MOEGMIS_5_forside-scaled.png","name":"MOEGMIS_5_forside.png","meta":{"brizy_attachment_uid":"wp-f5d9fdb81bc2d74f447ae64f68dbc0ad.png","brizy_post_uid":["89ad8b69406ca7aeb0e4761988d6201b"]}},{"id":2528,"url":"https:\/\/sloengeldage.dk\/wp-content\/uploads\/PresseFoto_SophieThomas-scaled.jpg","name":"PresseFoto_SophieThomas.jpg","meta":{"brizy_attachment_uid":"wp-4be28784a8d4623754a4ef4af7540e36.jpg","brizy_post_uid":["89ad8b69406ca7aeb0e4761988d6201b","a5ac2a14150c9ddf743b9eedf0cb1807","af924bd788f23a0f409d9d8b64a69932","b912b4ebb3e6b129a44d16d98cc5c09d"]}}],"_links":{"self":[{"href":"https:\/\/sloengeldage.dk\/index.php\/wp-json\/wp\/v2\/pages\/2523","targetHints":{"allow":["GET"]}}],"collection":[{"href":"https:\/\/sloengeldage.dk\/index.php\/wp-json\/wp\/v2\/pages"}],"about":[{"href":"https:\/\/sloengeldage.dk\/index.php\/wp-json\/wp\/v2\/types\/page"}],"author":[{"embeddable":true,"href":"https:\/\/sloengeldage.dk\/index.php\/wp-json\/wp\/v2\/users\/1"}],"replies":[{"embeddable":true,"href":"https:\/\/sloengeldage.dk\/index.php\/wp-json\/wp\/v2\/comments?post=2523"}],"version-history":[{"count":5,"href":"https:\/\/sloengeldage.dk\/index.php\/wp-json\/wp\/v2\/pages\/2523\/revisions"}],"predecessor-version":[{"id":3112,"href":"https:\/\/sloengeldage.dk\/index.php\/wp-json\/wp\/v2\/pages\/2523\/revisions\/3112"}],"wp:attachment":[{"href":"https:\/\/sloengeldage.dk\/index.php\/wp-json\/wp\/v2\/media?parent=2523"}],"wp:term":[{"taxonomy":"folder","embeddable":true,"href":"https:\/\/sloengeldage.dk\/index.php\/wp-json\/wp\/v2\/folder?post=2523"}],"curies":[{"name":"wp","href":"https:\/\/api.w.org\/{rel}","templated":true}]}}