{"id":2514,"date":"2025-09-26T10:05:02","date_gmt":"2025-09-26T10:05:02","guid":{"rendered":"https:\/\/167.235.1.82\/~sloengel\/nyside\/?page_id=2514"},"modified":"2026-05-06T20:54:44","modified_gmt":"2026-05-06T20:54:44","slug":"mette-vedsoe","status":"publish","type":"page","link":"https:\/\/sloengeldage.dk\/index.php\/mette-vedsoe\/","title":{"rendered":"Mette Veds\u00f8"},"content":{"rendered":"<div class=\"brz brz-root__container brz-reset-all brz-root__container-page\">\n<section id=\"zo7fMM3lBvz4_zo7fMM3lBvz4\" class=\"brz-section brz-css-d-section brz-css-1d1d7bc\">\n<div class=\"brz-section__content brz-section--boxed brz-css-d-sectionitem-bg brz-css-1ofovn5\" data-brz-custom-id=\"j7mmP9e7mXzW\">\n<div class=\"brz-container brz-css-d-sectionitem-container brz-css-8libuq\">\n<div class=\"brz-row__container brz-css-d-row-row brz-css-1pojjui\" data-brz-custom-id=\"kxz9XJtw9Xfs\">\n<div class=\"brz-row brz-css-d-row-container brz-css-r-row-container brz-css-1dne8yu\">\n<div class=\"brz-columns brz-css-d-column-column brz-css-1u24kxb\" data-brz-custom-id=\"jfPPZx96VqQb\">\n<div class=\"brz-bg\">\n<div class=\"brz-bg-color\"><\/div>\n<\/div>\n<div class=\"brz-column__items brz-css-d-column-bg brz-css-ouskqd\">\n<div id=\"\" class=\"brz-css-d-wrapper brz-css-156mkro brz-wrapper\">\n<div class=\"brz-image brz-css-d-image-o51hj5fy5mi8-parent brz-css-vn54h7\" data-brz-custom-id=\"o51Hj5fY5mI8\"><img decoding=\"async\" class=\"brz-img\" src=\"https:\/\/sloengeldage.dk\/wp-content\/uploads\/Mette-Vedsoe-Bluebell-bogforside-scaled.jpeg\" loading=\"lazy\" title=\"\"><\/div>\n<\/div>\n<\/div>\n<\/div>\n<div class=\"brz-columns brz-css-d-column-column brz-css-2jrgup\" data-brz-custom-id=\"hUhy35dlSo5t\">\n<div class=\"brz-bg\">\n<div class=\"brz-bg-color\"><\/div>\n<\/div>\n<div class=\"brz-column__items brz-css-d-column-bg brz-css-1hwv1c3\">\n<div id=\"\" class=\"brz-css-d-wrapper brz-css-1nvd8qy brz-wrapper\">\n<div class=\"brz-rich-text brz-rich-text__custom brz-css-d-richtext brz-css-102778g\" data-brz-custom-id=\"sNm5mFnlt0hQ\">\n<div data-brz-translate-text=\"1\">\n<p class=\"brz-text-lg-center brz-tp-lg-p6v2dfHnW29e brz-css-dhm7T\" data-generated-css=\"brz-css-bFpL5\" data-uniq-id=\"wEKey\"><span class=\"brz-cp-color5\">Mette Veds\u00f8<\/span><\/p>\n<h1 class=\"brz-tp-lg-heading1 brz-text-lg-center brz-css-p7vDl\" data-generated-css=\"brz-css-dPykq\" data-uniq-id=\"j2cyo\"><span class=\"brz-cp-color8\">foredrag<\/span><\/h1>\n<\/div>\n<\/div>\n<\/div>\n<\/div>\n<\/div>\n<div class=\"brz-columns brz-css-d-column-column brz-css-1rpufi0\" data-brz-custom-id=\"t_cORdFlDCvr\">\n<div class=\"brz-bg\">\n<div class=\"brz-bg-color\"><\/div>\n<\/div>\n<div class=\"brz-column__items brz-css-d-column-bg brz-css-irtd2v\">\n<div id=\"\" class=\"brz-css-d-wrapper brz-css-mlcqhw brz-wrapper\">\n<div class=\"brz-image brz-css-d-image-uigudk8o5fep-parent brz-css-1vnrr7x\" data-brz-custom-id=\"uiGudk8O5fEp\"><img decoding=\"async\" class=\"brz-img\" src=\"https:\/\/sloengeldage.dk\/wp-content\/uploads\/MetteVedsoeLP20181019mettevedsoe1_3373.jpg\" loading=\"lazy\" title=\"\"><\/div>\n<\/div>\n<\/div>\n<\/div>\n<\/div>\n<\/div>\n<\/div>\n<\/div>\n<\/section>\n<section id=\"bO_msXxQFbgJ_bO_msXxQFbgJ\" class=\"brz-section brz-css-1r3yk5m brz-css-11ihn9j\">\n<div class=\"brz-section__content brz-section--boxed brz-css-1yavdm brz-css-dvlit2\" data-brz-custom-id=\"iKWlU2U_YEX5\">\n<div class=\"brz-bg\">\n<div class=\"brz-bg-color\"><\/div>\n<\/div>\n<div class=\"brz-container brz-css-io14fj brz-css-1ylszbx\">\n<div class=\"brz-row__container brz-css-150o6er brz-css-104t5sk\" data-brz-custom-id=\"hi8A0epOUDXQ\">\n<div class=\"brz-row brz-css-8b2dgn brz-css-1def8oj brz-css-4ol1w3\">\n<div class=\"brz-columns brz-css-72ot52 brz-css-acpfg7\" data-brz-custom-id=\"yv7WnSLQ3hEb\">\n<div class=\"brz-column__items brz-css-4ewww8 brz-css-1ulfm2d\">\n<div id=\"\" class=\"brz-css-1h96h4q brz-css-1p3oda8 brz-wrapper\">\n<div class=\"brz-menu__container brz-css-1tvj2pi brz-css-1dn610d\" data-mmenu-id=\"#w7eZ4rN1hZL0_a7e2839eb3056f8b7dc7\" data-mmenu-position=\"position-left\" data-mmenu-title=\"Menu\" data-mmenu-stickytitle=\"off\" data-mmenu-isslider=\"false\" data-mmenu-closingicon=\"%7B%22desktop%22%3A%22off%22%2C%22tablet%22%3A%22off%22%2C%22mobile%22%3A%22off%22%7D\" data-brz-custom-id=\"w7eZ4rN1hZL0\">\n<nav data-mods=\"%7B%22desktop%22%3A%22vertical%22%2C%22tablet%22%3A%22vertical%22%2C%22mobile%22%3A%22vertical%22%7D\" class=\"brz-menu brz-menu__preview brz-css-1ippe7v brz-css-11dsdks\">\n<ul class=\"brz-menu__ul\" data-menu-items-active=\"\">\n<li data-menu-item-id=\"5a450b6d30ba7e4642c858270bb62ba6\" class=\"brz-menu__item menu-item menu-item-type-post_type menu-item-object-page\"><a class=\"brz-a\" target=\"\" href=\"https:\/\/sloengeldage.dk\/index.php\/andreas-boeskov\/\" title=\"\"><span class=\"brz-span\">Andreas Boeskov<\/span><\/a><\/li>\n<li data-menu-item-id=\"c3c1c17cda31133870aa517efb554875\" class=\"brz-menu__item menu-item menu-item-type-post_type menu-item-object-page\"><a class=\"brz-a\" target=\"\" href=\"https:\/\/sloengeldage.dk\/index.php\/benni-boedker\/\" title=\"\"><span class=\"brz-span\">Benni B\u00f8dker<\/span><\/a><\/li>\n<li data-menu-item-id=\"e3fc41b6702d64d170a01ef8858b8d70\" class=\"brz-menu__item menu-item menu-item-type-post_type menu-item-object-page\"><a class=\"brz-a\" target=\"\" href=\"https:\/\/sloengeldage.dk\/index.php\/jan-kjaer\/\" title=\"\"><span class=\"brz-span\">Jan Kj\u00e6r<\/span><\/a><\/li>\n<li data-menu-item-id=\"b02ac084ed53f26b0cc25032d03a24de\" class=\"brz-menu__item menu-item menu-item-type-post_type menu-item-object-page\"><a class=\"brz-a\" target=\"\" href=\"https:\/\/sloengeldage.dk\/index.php\/lg-jensen-og-sandra-schwartz\/\" title=\"\"><span class=\"brz-span\">LG Jensen og Sandra Schwartz<\/span><\/a><\/li>\n<li data-menu-item-id=\"7ebeac9dbd80ff03e7876f5b50217bb9\" class=\"brz-menu__item menu-item menu-item-type-post_type menu-item-object-page\"><a class=\"brz-a\" target=\"\" href=\"https:\/\/sloengeldage.dk\/index.php\/maria-roerbaek\/\" title=\"\"><span class=\"brz-span\">Maria R\u00f8rb\u00e6k<\/span><\/a><\/li>\n<li data-menu-item-id=\"2d7e0db76fc034d1aa775e33e6699439\" class=\"brz-menu__item menu-item menu-item-type-post_type menu-item-object-page\"><a class=\"brz-a\" target=\"\" href=\"https:\/\/sloengeldage.dk\/index.php\/mette-vedsoe\/\" title=\"\"><span class=\"brz-span\">Mette Veds\u00f8<\/span><\/a><\/li>\n<li data-menu-item-id=\"3105d905ba1fe3ef550f13742b49792a\" class=\"brz-menu__item menu-item menu-item-type-post_type menu-item-object-page\"><a class=\"brz-a\" target=\"\" href=\"https:\/\/sloengeldage.dk\/index.php\/nor-og-far\/\" title=\"\"><span class=\"brz-span\">Nor og Far<\/span><\/a><\/li>\n<li data-menu-item-id=\"a0c2762cbf263c8df0c1431957f6c889\" class=\"brz-menu__item menu-item menu-item-type-post_type menu-item-object-page\"><a class=\"brz-a\" target=\"\" href=\"https:\/\/sloengeldage.dk\/index.php\/sigurd-barrett\/\" title=\"\"><span class=\"brz-span\">Sigurd Barrett<\/span><\/a><\/li>\n<li data-menu-item-id=\"8a8afe0cfa396f9d52ec4ee51c97fb97\" class=\"brz-menu__item menu-item menu-item-type-post_type menu-item-object-page\"><a class=\"brz-a\" target=\"\" href=\"https:\/\/sloengeldage.dk\/index.php\/sophie-souid-thomas-hjorthaab\/\" title=\"\"><span class=\"brz-span\">Sophie Souid &amp; Thomas Hjorthaab<\/span><\/a><\/li>\n<\/ul>\n<\/nav>\n<div class=\"brz-mm-menu__icon\" data-brz-brz-mmenu-icon=\"off\"><\/div>\n<nav data-mods=\"%7B%22desktop%22%3A%22vertical%22%2C%22tablet%22%3A%22vertical%22%2C%22mobile%22%3A%22vertical%22%7D\" id=\"w7eZ4rN1hZL0_a7e2839eb3056f8b7dc7\" class=\"brz-menu brz-menu__preview brz-menu__mmenu brz-css-1t1kdir brz-css-f3sy5r\">\n<ul class=\"brz-menu__ul\" data-menu-items-active=\"\">\n<li data-menu-item-id=\"5a450b6d30ba7e4642c858270bb62ba6\" class=\"brz-menu__item menu-item menu-item-type-post_type menu-item-object-page\"><a class=\"brz-a\" target=\"\" href=\"https:\/\/sloengeldage.dk\/index.php\/andreas-boeskov\/\" title=\"\"><span class=\"brz-span\">Andreas Boeskov<\/span><\/a><\/li>\n<li data-menu-item-id=\"c3c1c17cda31133870aa517efb554875\" class=\"brz-menu__item menu-item menu-item-type-post_type menu-item-object-page\"><a class=\"brz-a\" target=\"\" href=\"https:\/\/sloengeldage.dk\/index.php\/benni-boedker\/\" title=\"\"><span class=\"brz-span\">Benni B\u00f8dker<\/span><\/a><\/li>\n<li data-menu-item-id=\"e3fc41b6702d64d170a01ef8858b8d70\" class=\"brz-menu__item menu-item menu-item-type-post_type menu-item-object-page\"><a class=\"brz-a\" target=\"\" href=\"https:\/\/sloengeldage.dk\/index.php\/jan-kjaer\/\" title=\"\"><span class=\"brz-span\">Jan Kj\u00e6r<\/span><\/a><\/li>\n<li data-menu-item-id=\"b02ac084ed53f26b0cc25032d03a24de\" class=\"brz-menu__item menu-item menu-item-type-post_type menu-item-object-page\"><a class=\"brz-a\" target=\"\" href=\"https:\/\/sloengeldage.dk\/index.php\/lg-jensen-og-sandra-schwartz\/\" title=\"\"><span class=\"brz-span\">LG Jensen og Sandra Schwartz<\/span><\/a><\/li>\n<li data-menu-item-id=\"7ebeac9dbd80ff03e7876f5b50217bb9\" class=\"brz-menu__item menu-item menu-item-type-post_type menu-item-object-page\"><a class=\"brz-a\" target=\"\" href=\"https:\/\/sloengeldage.dk\/index.php\/maria-roerbaek\/\" title=\"\"><span class=\"brz-span\">Maria R\u00f8rb\u00e6k<\/span><\/a><\/li>\n<li data-menu-item-id=\"2d7e0db76fc034d1aa775e33e6699439\" class=\"brz-menu__item menu-item menu-item-type-post_type menu-item-object-page\"><a class=\"brz-a\" target=\"\" href=\"https:\/\/sloengeldage.dk\/index.php\/mette-vedsoe\/\" title=\"\"><span class=\"brz-span\">Mette Veds\u00f8<\/span><\/a><\/li>\n<li data-menu-item-id=\"3105d905ba1fe3ef550f13742b49792a\" class=\"brz-menu__item menu-item menu-item-type-post_type menu-item-object-page\"><a class=\"brz-a\" target=\"\" href=\"https:\/\/sloengeldage.dk\/index.php\/nor-og-far\/\" title=\"\"><span class=\"brz-span\">Nor og Far<\/span><\/a><\/li>\n<li data-menu-item-id=\"a0c2762cbf263c8df0c1431957f6c889\" class=\"brz-menu__item menu-item menu-item-type-post_type menu-item-object-page\"><a class=\"brz-a\" target=\"\" href=\"https:\/\/sloengeldage.dk\/index.php\/sigurd-barrett\/\" title=\"\"><span class=\"brz-span\">Sigurd Barrett<\/span><\/a><\/li>\n<li data-menu-item-id=\"8a8afe0cfa396f9d52ec4ee51c97fb97\" class=\"brz-menu__item menu-item menu-item-type-post_type menu-item-object-page\"><a class=\"brz-a\" target=\"\" href=\"https:\/\/sloengeldage.dk\/index.php\/sophie-souid-thomas-hjorthaab\/\" title=\"\"><span class=\"brz-span\">Sophie Souid &amp; Thomas Hjorthaab<\/span><\/a><\/li>\n<\/ul>\n<\/nav>\n<\/div>\n<\/div>\n<\/div>\n<\/div>\n<div class=\"brz-columns brz-css-72ot52 brz-css-1r5v3qn\" data-brz-custom-id=\"hMo_ZqBs7RIb\">\n<div class=\"brz-column__items brz-css-4ewww8 brz-css-1w1ojoe\">\n<div id=\"\" class=\"brz-css-1h96h4q brz-css-1dqxe24 brz-wrapper\">\n<div class=\"brz-rich-text brz-rich-text__custom brz-css-2s48qn brz-css-m2pqua\" data-brz-custom-id=\"jNxLsrwzigCD\">\n<div data-brz-translate-text=\"1\">\n<p class=\"brz-fsft-lg-0 brz-fwdth-lg-100 brz-vfw-lg-400 brz-lh-lg-1_3 brz-ls-lg-m_1_5 brz-fw-lg-700 brz-fss-lg-px brz-text-lg-center ql-align-center brz-tp-lg-empty brz-ff-roboto brz-ft-google brz-fs-lg-40 brz-css-xoe2b\" data-uniq-id=\"upLjd\" data-generated-css=\"brz-css-pLdPV\"><span class=\"brz-cp-color4\">Mette Veds\u00f8<\/span><\/p>\n<\/div>\n<\/div>\n<\/div>\n<div id=\"\" class=\"brz-css-1h96h4q brz-css-1n8tu3y brz-wrapper\">\n<div class=\"brz-rich-text brz-rich-text__custom brz-css-2s48qn brz-css-11v3aft\" data-brz-custom-id=\"lJf_5zwHKJ1U\">\n<div data-brz-translate-text=\"1\">\n<p class=\"brz-fsft-lg-0 brz-fwdth-lg-100 brz-vfw-lg-400 brz-lh-lg-1_7 brz-ls-lg-0 brz-fw-lg-400 brz-fss-lg-px brz-fs-lg-20 brz-ft-google brz-ff-roboto ql-align-center brz-tp-lg-paragraph brz-css-mg5ok\" data-generated-css=\"brz-css-pij1v\" data-uniq-id=\"fiqgn\"><span class=\"brz-cp-color1 brz-span\" style=\"background-color: transparent\">Kom og h\u00f8r Mette Veds\u00f8 fort\u00e6lle om nogle af sine mange b\u00f8ger til b\u00f8rn.<\/span><\/p>\n<p class=\"brz-fsft-lg-0 brz-fwdth-lg-100 brz-vfw-lg-400 brz-lh-lg-1_7 brz-ls-lg-0 brz-fw-lg-400 brz-fss-lg-px brz-fs-lg-20 brz-ft-google brz-ff-roboto ql-align-center brz-tp-lg-paragraph brz-css-ozvsG\" data-generated-css=\"brz-css-deIVt\" data-uniq-id=\"p1rGy\"><span class=\"brz-cp-color1 brz-span\" style=\"background-color: transparent\"><em>Om Bosse, Rio og Tof i &#8216;Team Vildmark&#8217; og f\u00f8dselsdagen, hvor alting g\u00e5r galt.&nbsp;Om \u00f8nskekuglen, der m\u00e5ske kan hj\u00e6lpe Vera efter for\u00e6ldrenes skilsmisse. Og om Babett i den skotske by, Bluebell, hvis s\u00e6rlige evne, f\u00e5r ul\u00f8ste mysterier til at dukke op.<\/em><\/span><\/p>\n<p class=\"brz-fsft-lg-0 brz-fwdth-lg-100 brz-vfw-lg-400 brz-lh-lg-1_7 brz-ls-lg-0 brz-fw-lg-400 brz-fss-lg-px brz-fs-lg-20 brz-ft-google brz-ff-roboto brz-tp-lg-paragraph ql-align-center brz-css-bT5cT\" data-generated-css=\"brz-css-iqUHX\" data-uniq-id=\"ojGdO\"><span class=\"brz-cp-color1 brz-span\" style=\"background-color: transparent\">Mette Veds\u00f8 elsker at vende og dreje ordene, og s\u00e5 kan hun godt lide at fort\u00e6lle om dem, der ikke har det helt nemt, men m\u00e5ske klarer det hele alligevel.<\/span><\/p>\n<\/div>\n<\/div>\n<\/div>\n<div class=\"brz-wrapper-clone brz-flex-xs-wrap brz-css-1c375p1 brz-css-mjyik1\" data-brz-custom-id=\"zJNTJkPfs7XI\"><a class=\"brz-a brz-btn brz-css-tuwb7z brz-css-dtnk02 brz-css-kshfrt brz-css-ptq4c7\" href=\"https:\/\/mettevedsoe.dk\/\" target=\"_blank\" rel=\"noopener noreferrer\" data-brz-link-type=\"external\" data-brz-custom-id=\"pZhXwUL1o7ml\"><span data-brz-translate-text=\"1\" class=\"brz-span brz-text__editor\">L\u00e6s mere om Mette Veds\u00f8<\/span><\/a><\/div>\n<\/div>\n<\/div>\n<\/div>\n<\/div>\n<\/div>\n<\/div>\n<\/section><\/div>\n<p><!-- version:1764012539 --><\/p>\n","protected":false},"excerpt":{"rendered":"<p>Mette Veds\u00f8 foredrag Andreas Boeskov Benni B\u00f8dker Jan Kj\u00e6r LG Jensen og Sandra Schwartz Maria R\u00f8rb\u00e6k Mette Veds\u00f8 Nor og Far Sigurd Barrett Sophie Souid &amp; Thomas Hjorthaab Andreas Boeskov Benni B\u00f8dker Jan Kj\u00e6r LG Jensen og Sandra Schwartz Maria R\u00f8rb\u00e6k Mette Veds\u00f8 Nor og Far Sigurd Barrett Sophie Souid &amp; Thomas Hjorthaab Mette Veds\u00f8 &hellip; <\/p>\n<p class=\"link-more\"><a href=\"https:\/\/sloengeldage.dk\/index.php\/mette-vedsoe\/\" class=\"more-link\">Continue reading<span class=\"screen-reader-text\"> &#8220;Mette Veds\u00f8&#8221;<\/span><\/a><\/p>\n","protected":false},"author":1,"featured_media":0,"parent":0,"menu_order":0,"comment_status":"closed","ping_status":"closed","template":"brizy-blank-template.php","meta":{"footnotes":""},"folder":[102],"class_list":["post-2514","page","type-page","status-publish","hentry","entry"],"brizy_media":[{"id":2518,"url":"https:\/\/sloengeldage.dk\/wp-content\/uploads\/MetteVedsoeLP20181019mettevedsoe1_3373.jpg","name":"MetteVedsoeLP20181019mettevedsoe1_3373.jpg","meta":{"brizy_attachment_uid":"wp-dae92d696650c5eef37a5898fa6066bf.jpg","brizy_post_uid":["db79c9fa92112bcd144310aafbdfd2c7","c01d2e30a9326151559940b52cf26a89","01535875b694cabb84a3e7e5cebf38e9"]}},{"id":2519,"url":"https:\/\/sloengeldage.dk\/wp-content\/uploads\/Mette-Vedsoe-bogforside-Team-Vildmark-scaled.jpg","name":"Mette-Vedsoe-bogforside-Team-Vildmark.jpg","meta":{"brizy_attachment_uid":"wp-6566977f04cbe8cb9c076ad363decab8.jpg","brizy_post_uid":["db79c9fa92112bcd144310aafbdfd2c7"]}},{"id":2900,"url":"https:\/\/sloengeldage.dk\/wp-content\/uploads\/Mette-Vedsoe-Bluebell-bogforside-scaled.jpeg","name":"Mette-Vedsoe-Bluebell-bogforside.jpeg","meta":{"brizy_attachment_uid":"wp-a68a9ac5aa476c6dd8670914b4bc594d.jpeg","brizy_post_uid":["db79c9fa92112bcd144310aafbdfd2c7"]}}],"_links":{"self":[{"href":"https:\/\/sloengeldage.dk\/index.php\/wp-json\/wp\/v2\/pages\/2514","targetHints":{"allow":["GET"]}}],"collection":[{"href":"https:\/\/sloengeldage.dk\/index.php\/wp-json\/wp\/v2\/pages"}],"about":[{"href":"https:\/\/sloengeldage.dk\/index.php\/wp-json\/wp\/v2\/types\/page"}],"author":[{"embeddable":true,"href":"https:\/\/sloengeldage.dk\/index.php\/wp-json\/wp\/v2\/users\/1"}],"replies":[{"embeddable":true,"href":"https:\/\/sloengeldage.dk\/index.php\/wp-json\/wp\/v2\/comments?post=2514"}],"version-history":[{"count":8,"href":"https:\/\/sloengeldage.dk\/index.php\/wp-json\/wp\/v2\/pages\/2514\/revisions"}],"predecessor-version":[{"id":2909,"href":"https:\/\/sloengeldage.dk\/index.php\/wp-json\/wp\/v2\/pages\/2514\/revisions\/2909"}],"wp:attachment":[{"href":"https:\/\/sloengeldage.dk\/index.php\/wp-json\/wp\/v2\/media?parent=2514"}],"wp:term":[{"taxonomy":"folder","embeddable":true,"href":"https:\/\/sloengeldage.dk\/index.php\/wp-json\/wp\/v2\/folder?post=2514"}],"curies":[{"name":"wp","href":"https:\/\/api.w.org\/{rel}","templated":true}]}}