{"id":2299,"date":"2025-09-25T10:13:34","date_gmt":"2025-09-25T10:13:34","guid":{"rendered":"https:\/\/167.235.1.82\/~sloengel\/nyside\/?page_id=2299"},"modified":"2026-05-06T12:16:58","modified_gmt":"2026-05-06T12:16:58","slug":"billeder-fra-sloengeldage","status":"publish","type":"page","link":"https:\/\/sloengeldage.dk\/index.php\/billeder-fra-sloengeldage\/","title":{"rendered":"Billeder fra Sl\u00f8ngeldage"},"content":{"rendered":"<div class=\"brz brz-root__container brz-reset-all brz-root__container-page\">\n<section id=\"b650J4JzjTGR_b650J4JzjTGR\" class=\"brz-section brz-css-d-section brz-css-26ugrv\">\n<div class=\"brz-slick-slider brz-slick-slider__section\" data-slides-to-show=\"1\" data-slides-to-scroll=\"1\" data-arrows=\"true\" data-dots=\"true\" data-dots-class=\"brz-slick-slider__dots brz-slick-slider__dots--circle\" data-fade=\"false\" data-vertical=\"false\" data-auto-play=\"true\" data-auto-play-speed=\"3000\" data-animation-speed=\"1500\" data-swipe=\"true\" data-responsive=\"%5B%7B%22breakpoint%22%3A767%2C%22settings%22%3A%7B%22slidesToShow%22%3A1%2C%22slidesToScroll%22%3A1%7D%7D%5D\">\n<div>\n<div class=\"brz-section__content brz-section--boxed brz-css-d-sectionitem-bg brz-css-x82ooi\" data-brz-custom-id=\"zWzlcuvHJS71\">\n<div class=\"brz-bg\">\n<div class=\"brz-bg-image\"><\/div>\n<\/div>\n<div class=\"brz-container brz-css-d-sectionitem-container brz-css-182s12z\"><\/div>\n<\/div>\n<\/div>\n<div>\n<div class=\"brz-section__content brz-section--boxed brz-css-d-sectionitem-bg brz-css-ibqwsf\" data-brz-custom-id=\"dfNrZXU3yY9h\">\n<div class=\"brz-bg\">\n<div class=\"brz-bg-image\"><\/div>\n<\/div>\n<div class=\"brz-container brz-css-d-sectionitem-container brz-css-1kxe3o1\">\n<div id=\"\" class=\"brz-css-d-wrapper brz-css-1sp6ylj brz-wrapper\">\n<div class=\"brz-rich-text brz-rich-text__custom brz-css-d-richtext brz-css-n4ede6\" data-brz-custom-id=\"oa0SjaKh4_DU\">\n<div data-brz-translate-text=\"1\">\n<p class=\"brz-text-lg-center brz-fss-lg-px brz-fw-lg-700 brz-ls-lg-0 brz-lh-lg-1_7 brz-vfw-lg-400 brz-fwdth-lg-100 brz-fsft-lg-0 brz-ff-roboto brz-ft-google brz-fs-lg-55 brz-tp-lg-p6v2dfHnW29e brz-css-n4y3E\" data-generated-css=\"brz-css-nNXW0\" data-uniq-id=\"lHktj\"><span class=\"brz-cp-color4\">Billeder fra Sl\u00f8ngeldage<\/span><\/p>\n<p class=\"brz-tp-lg-paragraph brz-css-cic9n\" data-generated-css=\"brz-css-a3IVi\" data-uniq-id=\"cf4pf\"><\/p>\n<\/div>\n<\/div>\n<\/div>\n<\/div>\n<\/div>\n<\/div>\n<div>\n<div class=\"brz-section__content brz-section--boxed brz-css-d-sectionitem-bg brz-css-10kp6ts\" data-brz-custom-id=\"xN9aAmGsA2NP\">\n<div class=\"brz-bg\">\n<div class=\"brz-bg-image\"><\/div>\n<\/div>\n<div class=\"brz-container brz-css-d-sectionitem-container brz-css-3ar60w\">\n<div id=\"\" class=\"brz-css-d-wrapper brz-css-5lz7ox brz-wrapper\">\n<div class=\"brz-rich-text brz-rich-text__custom brz-css-d-richtext brz-css-6dblvo\" data-brz-custom-id=\"qcs52ChX_aa_\">\n<div data-brz-translate-text=\"1\">\n<p class=\"brz-text-lg-center brz-fss-lg-px brz-fw-lg-700 brz-ls-lg-0 brz-lh-lg-1_7 brz-vfw-lg-400 brz-fwdth-lg-100 brz-fsft-lg-0 brz-ff-roboto brz-ft-google brz-fs-lg-55 brz-tp-lg-p6v2dfHnW29e brz-css-mbFVG\" data-generated-css=\"brz-css-nNXW0\" data-uniq-id=\"lHktj\"><span class=\"brz-cp-color4\">Billeder fra Sl\u00f8ngeldage<\/span><\/p>\n<p class=\"brz-tp-lg-paragraph brz-css-eSrdI\" data-generated-css=\"brz-css-a3IVi\" data-uniq-id=\"cf4pf\"><\/p>\n<\/div>\n<\/div>\n<\/div>\n<\/div>\n<\/div>\n<\/div>\n<div>\n<div class=\"brz-section__content brz-section--boxed brz-css-d-sectionitem-bg brz-css-nki50o\" data-brz-custom-id=\"xwJhnH2G2dNA\">\n<div class=\"brz-bg\">\n<div class=\"brz-bg-image\"><\/div>\n<\/div>\n<div class=\"brz-container brz-css-d-sectionitem-container brz-css-1s35l2a\">\n<div id=\"\" class=\"brz-css-d-wrapper brz-css-l5vgcj brz-wrapper\">\n<div class=\"brz-rich-text brz-rich-text__custom brz-css-d-richtext brz-css-yjtmh0\" data-brz-custom-id=\"y21WznEKAka5\">\n<div data-brz-translate-text=\"1\">\n<p class=\"brz-text-lg-center brz-fss-lg-px brz-fw-lg-700 brz-ls-lg-0 brz-lh-lg-1_7 brz-vfw-lg-400 brz-fwdth-lg-100 brz-fsft-lg-0 brz-ff-roboto brz-ft-google brz-fs-lg-55 brz-tp-lg-p6v2dfHnW29e brz-css-tSUPe\" data-generated-css=\"brz-css-eEOb5\" data-uniq-id=\"oT1_6\"><span class=\"brz-cp-color4\">Billeder fra Sl\u00f8ngeldage<\/span><\/p>\n<p class=\"brz-tp-lg-paragraph brz-css-hhXt1\" data-generated-css=\"brz-css-p0Ns3\" data-uniq-id=\"wdpNs\"><\/p>\n<\/div>\n<\/div>\n<\/div>\n<\/div>\n<\/div>\n<\/div>\n<\/div>\n<\/section>\n<section id=\"vVRUmyMg5Ogu_vVRUmyMg5Ogu\" class=\"brz-section brz-css-9kqs8w brz-css-mqnn74\">\n<div class=\"brz-section__content brz-section--boxed brz-css-12icez brz-css-1wib8xa\" data-brz-custom-id=\"yaAzc1raQPsZ\">\n<div class=\"brz-bg\">\n<div class=\"brz-bg-color\"><\/div>\n<\/div>\n<div class=\"brz-container brz-css-sf1my8 brz-css-1fbvgmv\">\n<div class=\"brz-row__container brz-css-1lpl0iw brz-css-8rbem6\" data-brz-custom-id=\"fEgFykKBvSqn\">\n<div class=\"brz-row brz-css-otho2a brz-css-279ava brz-css-16a2bg2\">\n<div class=\"brz-columns brz-css-1dyzio4 brz-css-19chkx9\" data-brz-custom-id=\"kIqjIgXVwjaq\">\n<div class=\"brz-column__items brz-css-1l4udvq brz-css-zkrdd3\">\n<div id=\"\" class=\"brz-css-1xkeol9 brz-css-858iej brz-wrapper\">\n<div class=\"brz-rich-text brz-rich-text__custom brz-css-1kb3uk8 brz-css-1mfgbwc\" data-brz-custom-id=\"vaaA1jFtphnF\">\n<div data-brz-translate-text=\"1\">\n<p class=\"brz-tp-lg-paragraph brz-css-kx82s\" data-uniq-id=\"xCxPY\" data-generated-css=\"brz-css-dwx9v\"><\/p>\n<p class=\"brz-tp-lg-paragraph brz-css-kL9Wg\" data-uniq-id=\"xCxPY\" data-generated-css=\"brz-css-dwx9v\">\n<\/div>\n<\/div>\n<\/div>\n<div id=\"\" class=\"brz-css-1xkeol9 brz-css-1kfpzlt brz-wrapper\">\n<div class=\"brz-menu__container brz-css-i3pp6r brz-css-27z69y\" data-mmenu-id=\"#vamQznoXuIpX_847286f7e9ed8ceb7292\" data-mmenu-position=\"position-left\" data-mmenu-title=\"Menu\" data-mmenu-stickytitle=\"off\" data-mmenu-isslider=\"false\" data-mmenu-closingicon=\"%7B%22desktop%22%3A%22off%22%2C%22tablet%22%3A%22off%22%2C%22mobile%22%3A%22off%22%7D\" data-brz-custom-id=\"vamQznoXuIpX\">\n<nav data-mods=\"%7B%22desktop%22%3A%22vertical%22%2C%22tablet%22%3A%22vertical%22%2C%22mobile%22%3A%22vertical%22%7D\" class=\"brz-menu brz-menu__preview brz-css-tje1xr brz-css-1bwkhaq\">\n<ul class=\"brz-menu__ul\" data-menu-items-active=\"\">\n<li data-menu-item-id=\"1efc73ea566b3d09cd667dc55a81f28b\" class=\"brz-menu__item menu-item menu-item-type-post_type menu-item-object-page\"><a class=\"brz-a\" target=\"\" href=\"https:\/\/sloengeldage.dk\/index.php\/galleri-2024\/\" title=\"\"><span class=\"brz-span\">Galleri 2024<\/span><\/a><\/li>\n<li data-menu-item-id=\"ffcce43d4570cf79a1815e06bf6aebff\" class=\"brz-menu__item menu-item menu-item-type-post_type menu-item-object-page\"><a class=\"brz-a\" target=\"\" href=\"https:\/\/sloengeldage.dk\/index.php\/galleri-2023\/\" title=\"\"><span class=\"brz-span\">Galleri 2023<\/span><\/a><\/li>\n<li data-menu-item-id=\"8178d976e39dcf1c83c95f6a3d230669\" class=\"brz-menu__item menu-item menu-item-type-post_type menu-item-object-page\"><a class=\"brz-a\" target=\"\" href=\"https:\/\/sloengeldage.dk\/index.php\/galleri-2022\/\" title=\"\"><span class=\"brz-span\">Galleri 2022<\/span><\/a><\/li>\n<li data-menu-item-id=\"2fd44ccb3399fb9742851f58d9cc1649\" class=\"brz-menu__item menu-item menu-item-type-post_type menu-item-object-page\"><a class=\"brz-a\" target=\"\" href=\"https:\/\/sloengeldage.dk\/index.php\/galleri-2021\/\" title=\"\"><span class=\"brz-span\">Galleri 2021<\/span><\/a><\/li>\n<li data-menu-item-id=\"c0fd0350c04455ff2d556e3232964d23\" class=\"brz-menu__item menu-item menu-item-type-post_type menu-item-object-page\"><a class=\"brz-a\" target=\"\" href=\"https:\/\/sloengeldage.dk\/index.php\/galleri-2019\/\" title=\"\"><span class=\"brz-span\">Galleri 2019<\/span><\/a><\/li>\n<li data-menu-item-id=\"accf7eccc460634daffdf605a60ea36a\" class=\"brz-menu__item menu-item menu-item-type-post_type menu-item-object-page\"><a class=\"brz-a\" target=\"\" href=\"https:\/\/sloengeldage.dk\/index.php\/galleri-2018\/\" title=\"\"><span class=\"brz-span\">Galleri 2018<\/span><\/a><\/li>\n<li data-menu-item-id=\"466d10165906b89df9b682787f407ac0\" class=\"brz-menu__item menu-item menu-item-type-post_type menu-item-object-page\"><a class=\"brz-a\" target=\"\" href=\"https:\/\/sloengeldage.dk\/index.php\/galleri-2017\/\" title=\"\"><span class=\"brz-span\">Galleri 2017<\/span><\/a><\/li>\n<li data-menu-item-id=\"bf41380f9cbb37e19a2a5622fb6c0a94\" class=\"brz-menu__item menu-item menu-item-type-post_type menu-item-object-page\"><a class=\"brz-a\" target=\"\" href=\"https:\/\/sloengeldage.dk\/index.php\/galleri-2016\/\" title=\"\"><span class=\"brz-span\">Galleri 2016<\/span><\/a><\/li>\n<li data-menu-item-id=\"f9fcd3b6b5bb05ff970a681005094622\" class=\"brz-menu__item menu-item menu-item-type-post_type menu-item-object-page\"><a class=\"brz-a\" target=\"\" href=\"https:\/\/sloengeldage.dk\/index.php\/galleri-2015\/\" title=\"\"><span class=\"brz-span\">Galleri 2015<\/span><\/a><\/li>\n<\/ul>\n<\/nav>\n<div class=\"brz-mm-menu__icon\" data-brz-brz-mmenu-icon=\"off\"><\/div>\n<nav data-mods=\"%7B%22desktop%22%3A%22vertical%22%2C%22tablet%22%3A%22vertical%22%2C%22mobile%22%3A%22vertical%22%7D\" id=\"vamQznoXuIpX_847286f7e9ed8ceb7292\" class=\"brz-menu brz-menu__preview brz-menu__mmenu brz-css-1gz1osu brz-css-w6f80j\">\n<ul class=\"brz-menu__ul\" data-menu-items-active=\"\">\n<li data-menu-item-id=\"1efc73ea566b3d09cd667dc55a81f28b\" class=\"brz-menu__item menu-item menu-item-type-post_type menu-item-object-page\"><a class=\"brz-a\" target=\"\" href=\"https:\/\/sloengeldage.dk\/index.php\/galleri-2024\/\" title=\"\"><span class=\"brz-span\">Galleri 2024<\/span><\/a><\/li>\n<li data-menu-item-id=\"ffcce43d4570cf79a1815e06bf6aebff\" class=\"brz-menu__item menu-item menu-item-type-post_type menu-item-object-page\"><a class=\"brz-a\" target=\"\" href=\"https:\/\/sloengeldage.dk\/index.php\/galleri-2023\/\" title=\"\"><span class=\"brz-span\">Galleri 2023<\/span><\/a><\/li>\n<li data-menu-item-id=\"8178d976e39dcf1c83c95f6a3d230669\" class=\"brz-menu__item menu-item menu-item-type-post_type menu-item-object-page\"><a class=\"brz-a\" target=\"\" href=\"https:\/\/sloengeldage.dk\/index.php\/galleri-2022\/\" title=\"\"><span class=\"brz-span\">Galleri 2022<\/span><\/a><\/li>\n<li data-menu-item-id=\"2fd44ccb3399fb9742851f58d9cc1649\" class=\"brz-menu__item menu-item menu-item-type-post_type menu-item-object-page\"><a class=\"brz-a\" target=\"\" href=\"https:\/\/sloengeldage.dk\/index.php\/galleri-2021\/\" title=\"\"><span class=\"brz-span\">Galleri 2021<\/span><\/a><\/li>\n<li data-menu-item-id=\"c0fd0350c04455ff2d556e3232964d23\" class=\"brz-menu__item menu-item menu-item-type-post_type menu-item-object-page\"><a class=\"brz-a\" target=\"\" href=\"https:\/\/sloengeldage.dk\/index.php\/galleri-2019\/\" title=\"\"><span class=\"brz-span\">Galleri 2019<\/span><\/a><\/li>\n<li data-menu-item-id=\"accf7eccc460634daffdf605a60ea36a\" class=\"brz-menu__item menu-item menu-item-type-post_type menu-item-object-page\"><a class=\"brz-a\" target=\"\" href=\"https:\/\/sloengeldage.dk\/index.php\/galleri-2018\/\" title=\"\"><span class=\"brz-span\">Galleri 2018<\/span><\/a><\/li>\n<li data-menu-item-id=\"466d10165906b89df9b682787f407ac0\" class=\"brz-menu__item menu-item menu-item-type-post_type menu-item-object-page\"><a class=\"brz-a\" target=\"\" href=\"https:\/\/sloengeldage.dk\/index.php\/galleri-2017\/\" title=\"\"><span class=\"brz-span\">Galleri 2017<\/span><\/a><\/li>\n<li data-menu-item-id=\"bf41380f9cbb37e19a2a5622fb6c0a94\" class=\"brz-menu__item menu-item menu-item-type-post_type menu-item-object-page\"><a class=\"brz-a\" target=\"\" href=\"https:\/\/sloengeldage.dk\/index.php\/galleri-2016\/\" title=\"\"><span class=\"brz-span\">Galleri 2016<\/span><\/a><\/li>\n<li data-menu-item-id=\"f9fcd3b6b5bb05ff970a681005094622\" class=\"brz-menu__item menu-item menu-item-type-post_type menu-item-object-page\"><a class=\"brz-a\" target=\"\" href=\"https:\/\/sloengeldage.dk\/index.php\/galleri-2015\/\" title=\"\"><span class=\"brz-span\">Galleri 2015<\/span><\/a><\/li>\n<\/ul>\n<\/nav>\n<\/div>\n<\/div>\n<\/div>\n<\/div>\n<div class=\"brz-columns brz-css-1dyzio4 brz-css-nt72wr\" data-brz-custom-id=\"uaWKGOS91ieW\">\n<div class=\"brz-column__items brz-css-1l4udvq brz-css-1jkburf\">\n<div id=\"\" class=\"brz-css-1xkeol9 brz-css-u7r8mw brz-wrapper\">\n<div class=\"brz-rich-text brz-rich-text__custom brz-css-1kb3uk8 brz-css-1vtiorq\" data-brz-custom-id=\"oEDc9aoVMfJ5\">\n<div data-brz-translate-text=\"1\">\n<h1 class=\"brz-text-lg-center brz-ff-roboto brz-ft-google brz-fs-lg-36 brz-fss-lg-px brz-fw-lg-700 brz-ls-lg-m_1_5 brz-lh-lg-1_3 brz-vfw-lg-400 brz-fwdth-lg-100 brz-fsft-lg-0 brz-tp-lg-heading1 brz-css-oE1cZ\" data-generated-css=\"brz-css-nP3xj\" data-uniq-id=\"tWclQ\"><span class=\"brz-cp-color4\">Billeder fra Sl\u00f8ngeldage<\/span><\/h1>\n<\/div>\n<\/div>\n<\/div>\n<div id=\"\" class=\"brz-css-1xkeol9 brz-css-tezow2 brz-wrapper\">\n<div class=\"brz-rich-text brz-rich-text__custom brz-css-1kb3uk8 brz-css-lzqkrm\" data-brz-custom-id=\"syAByF73v_SM\">\n<div data-brz-translate-text=\"1\">\n<p class=\"brz-tp-lg-paragraph brz-fsft-lg-0 brz-fwdth-lg-100 brz-vfw-lg-400 brz-fw-lg-400 brz-fss-lg-px brz-fs-lg-20 brz-ft-google brz-ff-roboto brz-lh-lg-1_3 brz-ls-lg-m_1 brz-css-kL9oQ\" data-generated-css=\"brz-css-xRrLO\" data-uniq-id=\"yNP0C\"><span>Lad blikket vandre og f\u00e5 et indtryk fra Sl\u00f8ngeldage. M\u00e5ske har du bes\u00f8gt Sl\u00f8ngeldage&#8230;&#8230;..eller m\u00e5ske er du p\u00e5 jagt efter at blive klogere p\u00e5, hvad Sl\u00f8ngeldage er.  <\/span><\/p>\n<p class=\"brz-tp-lg-paragraph brz-fsft-lg-0 brz-fwdth-lg-100 brz-vfw-lg-400 brz-fw-lg-400 brz-fss-lg-px brz-fs-lg-20 brz-ft-google brz-ff-roboto brz-lh-lg-1_3 brz-ls-lg-m_1 brz-css-fFWir\" data-generated-css=\"brz-css-xRrLO\" data-uniq-id=\"yNP0C\"><\/p>\n<p class=\"brz-tp-lg-paragraph brz-fsft-lg-0 brz-fwdth-lg-100 brz-vfw-lg-400 brz-fw-lg-400 brz-fss-lg-px brz-fs-lg-20 brz-ft-google brz-ff-roboto brz-lh-lg-1_3 brz-ls-lg-m_1 brz-css-zVc8c\" data-generated-css=\"brz-css-aeuam\" data-uniq-id=\"rHRQI\"><a class=\"link--external\" href=\"http:\/\/www.ry-foto.dk\/\" data-brz-link-type=\"external\" target=\"_blank\" rel=\"noreferrer noopener\">Per Bille<\/a><span> er den dygtige fotograf bag de fleste fotos, som kan findes i menuen i venstre side. Nyd dem her p\u00e5 siden, men kopier ikke.&nbsp;\u00d8nsker du at anvende et af disse fotos s\u00e5 <\/span><a class=\"link--page\" href=\"https:\/\/sloengeldage.dk\/index.php\/kontakt\/\" data-brz-link-type=\"page\">henvend dig til Sl\u00f8nglerne<\/a><span>.<\/span><\/p>\n<\/div>\n<\/div>\n<\/div>\n<\/div>\n<\/div>\n<\/div>\n<\/div>\n<\/div>\n<\/div>\n<\/section><\/div>\n<p><!-- version:1764010710 --><\/p>\n","protected":false},"excerpt":{"rendered":"<p>Billeder fra Sl\u00f8ngeldage Billeder fra Sl\u00f8ngeldage Billeder fra Sl\u00f8ngeldage Galleri 2024 Galleri 2023 Galleri 2022 Galleri 2021 Galleri 2019 Galleri 2018 Galleri 2017 Galleri 2016 Galleri 2015 Galleri 2024 Galleri 2023 Galleri 2022 Galleri 2021 Galleri 2019 Galleri 2018 Galleri 2017 Galleri 2016 Galleri 2015 Billeder fra Sl\u00f8ngeldage Lad blikket vandre og f\u00e5 et indtryk &hellip; <\/p>\n<p class=\"link-more\"><a href=\"https:\/\/sloengeldage.dk\/index.php\/billeder-fra-sloengeldage\/\" class=\"more-link\">Continue reading<span class=\"screen-reader-text\"> &#8220;Billeder fra Sl\u00f8ngeldage&#8221;<\/span><\/a><\/p>\n","protected":false},"author":1,"featured_media":0,"parent":0,"menu_order":0,"comment_status":"closed","ping_status":"closed","template":"brizy-blank-template.php","meta":{"footnotes":""},"folder":[44],"class_list":["post-2299","page","type-page","status-publish","hentry","entry"],"brizy_media":[{"id":1420,"url":"https:\/\/sloengeldage.dk\/wp-content\/uploads\/sSloengeldage-web-230513-DSC05498.webp","name":"sSloengeldage-web-230513-DSC05498.webp","meta":{"brizy_attachment_uid":"wp-2e22f8686ad42a6e7c6ede8d2a075998.webp","brizy_post_uid":["c0bc46f0eb763ff5fc4850249079d91c","ed9ce3ec8bcc4f9e0040ecf37cfa12b5"]}},{"id":1422,"url":"https:\/\/sloengeldage.dk\/wp-content\/uploads\/sSloengeldage-web-230513-DSC06234.webp","name":"sSloengeldage-web-230513-DSC06234.webp","meta":{"brizy_attachment_uid":"wp-23fc8cf183c76475a7240c990e40757b.webp","brizy_post_uid":["c0bc46f0eb763ff5fc4850249079d91c","ed9ce3ec8bcc4f9e0040ecf37cfa12b5","5c4c2fe80e24f8622762bac90259db7e"]}},{"id":2250,"url":"https:\/\/sloengeldage.dk\/wp-content\/uploads\/23-2.webp","name":"23-2.webp","meta":{"brizy_attachment_uid":"wp-d38fb0e9076cbbf203295a71115f3292.webp","brizy_post_uid":["dcea96e3e28cd6a03924c8ae1b3f640f","ed9ce3ec8bcc4f9e0040ecf37cfa12b5","6d227a1bae91fa73cc221ff7e925360f"]}},{"id":2251,"url":"https:\/\/sloengeldage.dk\/wp-content\/uploads\/23.1.webp","name":"23.1.webp","meta":{"brizy_attachment_uid":"wp-225ef75dd7c7649a415cde1efb420053.webp","brizy_post_uid":["dcea96e3e28cd6a03924c8ae1b3f640f","ed9ce3ec8bcc4f9e0040ecf37cfa12b5"]}},{"id":2294,"url":"https:\/\/sloengeldage.dk\/wp-content\/uploads\/22-3.webp","name":"22-3.webp","meta":{"brizy_attachment_uid":"wp-c046fb0197f4bb0dfe693576dedc75d1.webp","brizy_post_uid":["20e8833a538e2d0d4835b1bc76a3ba97","ed9ce3ec8bcc4f9e0040ecf37cfa12b5"]}},{"id":2296,"url":"https:\/\/sloengeldage.dk\/wp-content\/uploads\/22-1.webp","name":"22-1.webp","meta":{"brizy_attachment_uid":"wp-8edc431baeeae7e73fdcc4e55aeee15c.webp","brizy_post_uid":["20e8833a538e2d0d4835b1bc76a3ba97","ed9ce3ec8bcc4f9e0040ecf37cfa12b5"]}}],"_links":{"self":[{"href":"https:\/\/sloengeldage.dk\/index.php\/wp-json\/wp\/v2\/pages\/2299","targetHints":{"allow":["GET"]}}],"collection":[{"href":"https:\/\/sloengeldage.dk\/index.php\/wp-json\/wp\/v2\/pages"}],"about":[{"href":"https:\/\/sloengeldage.dk\/index.php\/wp-json\/wp\/v2\/types\/page"}],"author":[{"embeddable":true,"href":"https:\/\/sloengeldage.dk\/index.php\/wp-json\/wp\/v2\/users\/1"}],"replies":[{"embeddable":true,"href":"https:\/\/sloengeldage.dk\/index.php\/wp-json\/wp\/v2\/comments?post=2299"}],"version-history":[{"count":8,"href":"https:\/\/sloengeldage.dk\/index.php\/wp-json\/wp\/v2\/pages\/2299\/revisions"}],"predecessor-version":[{"id":2867,"href":"https:\/\/sloengeldage.dk\/index.php\/wp-json\/wp\/v2\/pages\/2299\/revisions\/2867"}],"wp:attachment":[{"href":"https:\/\/sloengeldage.dk\/index.php\/wp-json\/wp\/v2\/media?parent=2299"}],"wp:term":[{"taxonomy":"folder","embeddable":true,"href":"https:\/\/sloengeldage.dk\/index.php\/wp-json\/wp\/v2\/folder?post=2299"}],"curies":[{"name":"wp","href":"https:\/\/api.w.org\/{rel}","templated":true}]}}