{"id":1907,"date":"2025-09-13T10:38:12","date_gmt":"2025-09-13T10:38:12","guid":{"rendered":"http:\/\/167.235.1.82\/~sloengel\/nyside\/?page_id=1907"},"modified":"2026-04-07T08:22:47","modified_gmt":"2026-04-07T08:22:47","slug":"lykkesholm","status":"publish","type":"page","link":"https:\/\/sloengeldage.dk\/index.php\/lykkesholm\/","title":{"rendered":"Lykkesholm"},"content":{"rendered":"<div class=\"brz brz-root__container brz-reset-all brz-root__container-page\">\n<section id=\"wu2dEo8SMu0X_wu2dEo8SMu0X\" class=\"brz-section brz-css-d-section brz-css-1t4iamu\">\n<div class=\"brz-section__content brz-section--boxed brz-css-d-sectionitem-bg brz-css-16fwwgv\" data-brz-custom-id=\"ik0jrsND8kMW\">\n<div class=\"brz-container brz-css-d-sectionitem-container brz-css-41clbw\">\n<div class=\"brz-row__container brz-css-d-row-row brz-css-ct226z\" data-brz-custom-id=\"ksnhOOviz_vL\">\n<div class=\"brz-row brz-css-d-row-container brz-css-r-row-container brz-css-19p601k\">\n<div class=\"brz-columns brz-css-d-column-column brz-css-1s6746s\" data-brz-custom-id=\"hH8fsxA9kWf7\">\n<div class=\"brz-bg\">\n<div class=\"brz-bg-color\"><\/div>\n<\/div>\n<div class=\"brz-column__items brz-css-d-column-bg brz-css-1icbcdt\">\n<div id=\"\" class=\"brz-css-d-wrapper brz-css-11msq0w brz-wrapper\">\n<div class=\"brz-image brz-css-d-image-hljtnm38dtyu-parent brz-css-1l753gd\" data-brz-custom-id=\"hLjtnm38DtyU\"><img decoding=\"async\" class=\"brz-img\" src=\"https:\/\/sloengeldage.dk\/wp-content\/uploads\/Sloengeldage-24-web-Fotograf-Per-Bille-20240525DSC00929.jpg\" loading=\"lazy\" alt=\"\" title=\"Sl\u00f8ngeldage 24-web-Ponyridning\"><\/div>\n<\/div>\n<\/div>\n<\/div>\n<div class=\"brz-columns brz-css-d-column-column brz-css-2mkwmw\" data-brz-custom-id=\"s6ASraxOh0EY\">\n<div class=\"brz-bg\">\n<div class=\"brz-bg-color\"><\/div>\n<\/div>\n<div class=\"brz-column__items brz-css-d-column-bg brz-css-wl8shn\">\n<div id=\"\" class=\"brz-css-d-wrapper brz-css-kuxu96 brz-wrapper\">\n<div class=\"brz-rich-text brz-rich-text__custom brz-css-d-richtext brz-css-14cutoy\" data-brz-custom-id=\"sDrw5z51B5jQ\">\n<div data-brz-translate-text=\"1\">\n<p class=\"brz-text-lg-center brz-tp-lg-p6v2dfHnW29e brz-css-mit4D\" data-generated-css=\"brz-css-gmcyH\" data-uniq-id=\"mmUW_\"><span class=\"brz-cp-color5\">Ponytur<\/span><\/p>\n<\/div>\n<\/div>\n<\/div>\n<\/div>\n<\/div>\n<div class=\"brz-columns brz-css-d-column-column brz-css-pu6wkn\" data-brz-custom-id=\"bdufXiM_48wC\">\n<div class=\"brz-bg\">\n<div class=\"brz-bg-color\"><\/div>\n<\/div>\n<div class=\"brz-column__items brz-css-d-column-bg brz-css-1ugczwu\">\n<div id=\"\" class=\"brz-css-d-wrapper brz-css-1oxg13c brz-wrapper\">\n<div class=\"brz-image brz-css-d-image-moiausjus2a_-parent brz-css-1sz1vot\" data-brz-custom-id=\"moiAuSJus2A_\"><img decoding=\"async\" class=\"brz-img\" src=\"https:\/\/sloengeldage.dk\/wp-content\/uploads\/Lykkesholm-Ponyerideklub-fra-2024-bedst.jpg\" loading=\"lazy\" alt=\"\" title=\"Lykkesholm Ponyerideklub, fra 2024, bedst\"><\/div>\n<\/div>\n<\/div>\n<\/div>\n<\/div>\n<\/div>\n<\/div>\n<\/div>\n<\/section>\n<section id=\"cl3w6VuStAD1_cl3w6VuStAD1\" class=\"brz-section brz-css-d-section brz-css-1yv73im\">\n<div class=\"brz-section__content brz-section--boxed brz-css-d-sectionitem-bg brz-css-1ta0rs4\" data-brz-custom-id=\"wrD0cef1DklL\">\n<div class=\"brz-bg\">\n<div class=\"brz-bg-color\"><\/div>\n<\/div>\n<div class=\"brz-container brz-css-d-sectionitem-container brz-css-hdqg4g\">\n<div class=\"brz-row__container brz-css-d-row-row brz-css-1dcyrin\" data-brz-custom-id=\"hrmEguKsmRvO\">\n<div class=\"brz-row brz-css-d-row-container brz-css-r-row-container brz-css-1sue9ku\">\n<div class=\"brz-columns brz-css-d-column-column brz-css-pn9os2\" data-brz-custom-id=\"rPK6Bm2TeAuP\">\n<div class=\"brz-column__items brz-css-d-column-bg brz-css-6tyrzo\">\n<div id=\"\" class=\"brz-css-d-wrapper brz-css-11jqfba brz-wrapper\">\n<div class=\"brz-menu__container brz-css-d-menu-menu-container brz-css-ozohun\" data-mmenu-id=\"#gev25fmsvARQ_a82ae20e50358aa0798f\" data-mmenu-position=\"position-left\" data-mmenu-title=\"Menu\" data-mmenu-stickytitle=\"off\" data-mmenu-isslider=\"false\" data-mmenu-closingicon=\"%7B%22desktop%22%3A%22off%22%2C%22tablet%22%3A%22off%22%2C%22mobile%22%3A%22off%22%7D\" data-brz-menu-accessible=\"true\" data-brz-custom-id=\"gev25fmsvARQ\">\n<nav data-mods=\"%7B%22desktop%22%3A%22vertical%22%2C%22tablet%22%3A%22vertical%22%2C%22mobile%22%3A%22vertical%22%7D\" class=\"brz-menu brz-menu__preview brz-css-d-menu-menu brz-css-1w15ziu\">\n<ul class=\"brz-menu__ul\" data-menu-items-active=\"\">\n<li data-menu-item-id=\"b17711062da0e911e93f36c58153b947\" class=\"brz-menu__item menu-item menu-item-type-post_type menu-item-object-page\"><a class=\"brz-a\" target=\"\" href=\"https:\/\/sloengeldage.dk\/index.php\/basseralle\/\"><span class=\"brz-span\">Basseralle<\/span><\/a><\/li>\n<li data-menu-item-id=\"3ed9e5cb01358d0823626d03c00408a3\" class=\"brz-menu__item menu-item menu-item-type-post_type menu-item-object-page\"><a class=\"brz-a\" target=\"\" href=\"https:\/\/sloengeldage.dk\/index.php\/bennys-lirekasse\/\"><span class=\"brz-span\">Bennys lirekasse<\/span><\/a><\/li>\n<li data-menu-item-id=\"397c4d7e9a211ed69996c55e1ae371c4\" class=\"brz-menu__item menu-item menu-item-type-post_type menu-item-object-page\"><a class=\"brz-a\" target=\"\" href=\"https:\/\/sloengeldage.dk\/index.php\/cirkus-fyr-flamme\/\"><span class=\"brz-span\">Cirkus Fyr &amp; Flamme<\/span><\/a><\/li>\n<li data-menu-item-id=\"01c675aa9e71c5144a1203119f414047\" class=\"brz-menu__item menu-item menu-item-type-post_type menu-item-object-page\"><a class=\"brz-a\" target=\"\" href=\"https:\/\/sloengeldage.dk\/index.php\/drengestreger\/\"><span class=\"brz-span\">Drengestreger<\/span><\/a><\/li>\n<li data-menu-item-id=\"6f06080a05565598621fe55805e0be47\" class=\"brz-menu__item menu-item menu-item-type-post_type menu-item-object-page\"><a class=\"brz-a\" target=\"\" href=\"https:\/\/sloengeldage.dk\/index.php\/lykkesholm\/\"><span class=\"brz-span\">Lykkesholm Pony Rideklub<\/span><\/a><\/li>\n<li data-menu-item-id=\"69b4fd0ec946dfd53672e2089074e71f\" class=\"brz-menu__item menu-item menu-item-type-post_type menu-item-object-page\"><a class=\"brz-a\" target=\"\" href=\"https:\/\/sloengeldage.dk\/index.php\/rasmus-walter\/\"><span class=\"brz-span\">Rasmus Walter<\/span><\/a><\/li>\n<li data-menu-item-id=\"e8bb22798aac3c598d79bc0df259fe57\" class=\"brz-menu__item menu-item menu-item-type-post_type menu-item-object-page\"><a class=\"brz-a\" target=\"\" href=\"https:\/\/sloengeldage.dk\/index.php\/skanderborg-amatoerteater\/\"><span class=\"brz-span\">Skanderborg Amat\u00f8rteater<\/span><\/a><\/li>\n<li data-menu-item-id=\"ce77cd9205ea14fabd8b8fe0960aebc8\" class=\"brz-menu__item menu-item menu-item-type-post_type menu-item-object-page\"><a class=\"brz-a\" target=\"\" href=\"https:\/\/sloengeldage.dk\/index.php\/stomp-2\/\"><span class=\"brz-span\">Stomp<\/span><\/a><\/li>\n<li data-menu-item-id=\"1aa60df61961edd9b6660eaa00f10d76\" class=\"brz-menu__item menu-item menu-item-type-post_type menu-item-object-page\"><a class=\"brz-a\" target=\"\" href=\"https:\/\/sloengeldage.dk\/index.php\/soeroevertogt\/\"><span class=\"brz-span\">S\u00f8r\u00f8vertogt<\/span><\/a><\/li>\n<li data-menu-item-id=\"c61a75cc22eefd219815c6aa2a722485\" class=\"brz-menu__item menu-item menu-item-type-post_type menu-item-object-page\"><a class=\"brz-a\" target=\"\" href=\"https:\/\/sloengeldage.dk\/index.php\/volantes\/\"><span class=\"brz-span\">Volantes \u2013 boksekamp og akrobatik<\/span><\/a><\/li>\n<li data-menu-item-id=\"9e681d0320a71a832bb34f6a92afea30\" class=\"brz-menu__item menu-item menu-item-type-post_type menu-item-object-page\"><a class=\"brz-a\" target=\"\" href=\"https:\/\/sloengeldage.dk\/index.php\/volantes-ildshow\/\"><span class=\"brz-span\">Volantes Ildshow<\/span><\/a><\/li>\n<li data-menu-item-id=\"114f9f0de9f2041a578e703174b30946\" class=\"brz-menu__item menu-item menu-item-type-post_type menu-item-object-page\"><a class=\"brz-a\" target=\"\" href=\"https:\/\/sloengeldage.dk\/index.php\/volantes-sljderbrt\/\"><span class=\"brz-span\">Volantes Sl\u00f8jderbr\u00e6t<\/span><\/a><\/li>\n<li data-menu-item-id=\"7db16b842da3d3bf75bfeb8a2ca5548c\" class=\"brz-menu__item menu-item menu-item-type-post_type menu-item-object-page\"><a class=\"brz-a\" target=\"\" href=\"https:\/\/sloengeldage.dk\/index.php\/aeblerov\/\"><span class=\"brz-span\">\u00c6blerov<\/span><\/a><\/li>\n<li data-menu-item-id=\"5887f294cb69767d902bb67758de8e55\" class=\"brz-menu__item menu-item menu-item-type-post_type menu-item-object-page\"><a class=\"brz-a\" target=\"\" href=\"https:\/\/sloengeldage.dk\/index.php\/bning\/\"><span class=\"brz-span\">\u00c5bning<\/span><\/a><\/li>\n<\/ul>\n<\/nav>\n<div class=\"brz-mm-menu__icon\" data-brz-brz-mmenu-icon=\"off\"><\/div>\n<nav data-mods=\"%7B%22desktop%22%3A%22vertical%22%2C%22tablet%22%3A%22vertical%22%2C%22mobile%22%3A%22vertical%22%7D\" id=\"gev25fmsvARQ_a82ae20e50358aa0798f\" class=\"brz-menu brz-menu__preview brz-menu__mmenu brz-css-d-menu-mmenu brz-css-b3rvgd\">\n<ul class=\"brz-menu__ul\" data-menu-items-active=\"\">\n<li data-menu-item-id=\"b17711062da0e911e93f36c58153b947\" class=\"brz-menu__item menu-item menu-item-type-post_type menu-item-object-page\"><a class=\"brz-a\" target=\"\" href=\"https:\/\/sloengeldage.dk\/index.php\/basseralle\/\"><span class=\"brz-span\">Basseralle<\/span><\/a><\/li>\n<li data-menu-item-id=\"3ed9e5cb01358d0823626d03c00408a3\" class=\"brz-menu__item menu-item menu-item-type-post_type menu-item-object-page\"><a class=\"brz-a\" target=\"\" href=\"https:\/\/sloengeldage.dk\/index.php\/bennys-lirekasse\/\"><span class=\"brz-span\">Bennys lirekasse<\/span><\/a><\/li>\n<li data-menu-item-id=\"397c4d7e9a211ed69996c55e1ae371c4\" class=\"brz-menu__item menu-item menu-item-type-post_type menu-item-object-page\"><a class=\"brz-a\" target=\"\" href=\"https:\/\/sloengeldage.dk\/index.php\/cirkus-fyr-flamme\/\"><span class=\"brz-span\">Cirkus Fyr &amp; Flamme<\/span><\/a><\/li>\n<li data-menu-item-id=\"01c675aa9e71c5144a1203119f414047\" class=\"brz-menu__item menu-item menu-item-type-post_type menu-item-object-page\"><a class=\"brz-a\" target=\"\" href=\"https:\/\/sloengeldage.dk\/index.php\/drengestreger\/\"><span class=\"brz-span\">Drengestreger<\/span><\/a><\/li>\n<li data-menu-item-id=\"6f06080a05565598621fe55805e0be47\" class=\"brz-menu__item menu-item menu-item-type-post_type menu-item-object-page\"><a class=\"brz-a\" target=\"\" href=\"https:\/\/sloengeldage.dk\/index.php\/lykkesholm\/\"><span class=\"brz-span\">Lykkesholm Pony Rideklub<\/span><\/a><\/li>\n<li data-menu-item-id=\"69b4fd0ec946dfd53672e2089074e71f\" class=\"brz-menu__item menu-item menu-item-type-post_type menu-item-object-page\"><a class=\"brz-a\" target=\"\" href=\"https:\/\/sloengeldage.dk\/index.php\/rasmus-walter\/\"><span class=\"brz-span\">Rasmus Walter<\/span><\/a><\/li>\n<li data-menu-item-id=\"e8bb22798aac3c598d79bc0df259fe57\" class=\"brz-menu__item menu-item menu-item-type-post_type menu-item-object-page\"><a class=\"brz-a\" target=\"\" href=\"https:\/\/sloengeldage.dk\/index.php\/skanderborg-amatoerteater\/\"><span class=\"brz-span\">Skanderborg Amat\u00f8rteater<\/span><\/a><\/li>\n<li data-menu-item-id=\"ce77cd9205ea14fabd8b8fe0960aebc8\" class=\"brz-menu__item menu-item menu-item-type-post_type menu-item-object-page\"><a class=\"brz-a\" target=\"\" href=\"https:\/\/sloengeldage.dk\/index.php\/stomp-2\/\"><span class=\"brz-span\">Stomp<\/span><\/a><\/li>\n<li data-menu-item-id=\"1aa60df61961edd9b6660eaa00f10d76\" class=\"brz-menu__item menu-item menu-item-type-post_type menu-item-object-page\"><a class=\"brz-a\" target=\"\" href=\"https:\/\/sloengeldage.dk\/index.php\/soeroevertogt\/\"><span class=\"brz-span\">S\u00f8r\u00f8vertogt<\/span><\/a><\/li>\n<li data-menu-item-id=\"c61a75cc22eefd219815c6aa2a722485\" class=\"brz-menu__item menu-item menu-item-type-post_type menu-item-object-page\"><a class=\"brz-a\" target=\"\" href=\"https:\/\/sloengeldage.dk\/index.php\/volantes\/\"><span class=\"brz-span\">Volantes \u2013 boksekamp og akrobatik<\/span><\/a><\/li>\n<li data-menu-item-id=\"9e681d0320a71a832bb34f6a92afea30\" class=\"brz-menu__item menu-item menu-item-type-post_type menu-item-object-page\"><a class=\"brz-a\" target=\"\" href=\"https:\/\/sloengeldage.dk\/index.php\/volantes-ildshow\/\"><span class=\"brz-span\">Volantes Ildshow<\/span><\/a><\/li>\n<li data-menu-item-id=\"114f9f0de9f2041a578e703174b30946\" class=\"brz-menu__item menu-item menu-item-type-post_type menu-item-object-page\"><a class=\"brz-a\" target=\"\" href=\"https:\/\/sloengeldage.dk\/index.php\/volantes-sljderbrt\/\"><span class=\"brz-span\">Volantes Sl\u00f8jderbr\u00e6t<\/span><\/a><\/li>\n<li data-menu-item-id=\"7db16b842da3d3bf75bfeb8a2ca5548c\" class=\"brz-menu__item menu-item menu-item-type-post_type menu-item-object-page\"><a class=\"brz-a\" target=\"\" href=\"https:\/\/sloengeldage.dk\/index.php\/aeblerov\/\"><span class=\"brz-span\">\u00c6blerov<\/span><\/a><\/li>\n<li data-menu-item-id=\"5887f294cb69767d902bb67758de8e55\" class=\"brz-menu__item menu-item menu-item-type-post_type menu-item-object-page\"><a class=\"brz-a\" target=\"\" href=\"https:\/\/sloengeldage.dk\/index.php\/bning\/\"><span class=\"brz-span\">\u00c5bning<\/span><\/a><\/li>\n<\/ul>\n<\/nav>\n<\/div>\n<\/div>\n<\/div>\n<\/div>\n<div class=\"brz-columns brz-css-d-column-column brz-css-1nm5vt\" data-brz-custom-id=\"gLfwTp5L2aDD\">\n<div class=\"brz-column__items brz-css-d-column-bg brz-css-5is5p\">\n<div class=\"brz-wrapper-clone brz-flex-xs-wrap brz-css-d-cloneable brz-css-2jtxe2\" data-brz-custom-id=\"k4vNfSSM45e9\"><a class=\"brz-a brz-btn brz-css-d-button brz-css-115bcbu brz-css-d-button-bg brz-css-vtg5iq\" target=\"_self\" rel=\"noopener\" href=\"history.go(-1)\" data-brz-link-type=\"external\" data-brz-custom-id=\"sqJvB8pd_hyt\"><span data-brz-translate-text=\"1\" class=\"brz-span brz-text__editor\">Tilbage<\/span><\/a><\/div>\n<div id=\"\" class=\"brz-css-d-wrapper brz-css-15fj9ft brz-wrapper\">\n<div class=\"brz-rich-text brz-rich-text__custom brz-css-d-richtext brz-css-q1imzf\" data-brz-custom-id=\"gVQPdyRBEt8R\">\n<div data-brz-translate-text=\"1\">\n<h1 class=\"brz-fsft-lg-0 brz-fwdth-lg-100 brz-vfw-lg-400 brz-lh-lg-1_3 brz-ls-lg-m_1_5 brz-fw-lg-700 brz-fss-lg-px brz-fs-lg-36 brz-ft-google brz-ff-roboto brz-tp-lg-heading1 brz-text-lg-justify brz-css-fzH2J\" data-uniq-id=\"bOZNZ\" data-generated-css=\"brz-css-m8hu7\"><span class=\"brz-cp-color5\">Lykkesholm <\/span><\/h1>\n<h1 class=\"brz-fsft-lg-0 brz-fwdth-lg-100 brz-vfw-lg-400 brz-lh-lg-1_3 brz-ls-lg-m_1_5 brz-fw-lg-700 brz-fss-lg-px brz-fs-lg-36 brz-ft-google brz-ff-roboto brz-tp-lg-heading1 brz-text-lg-justify brz-css-qAgy9\" data-uniq-id=\"nk58T\" data-generated-css=\"brz-css-omIoj\"><span class=\"brz-cp-color5\">Pony Rideklub<\/span><\/h1>\n<\/div>\n<\/div>\n<\/div>\n<div id=\"\" class=\"brz-css-d-wrapper brz-css-13oyoxk brz-wrapper\">\n<div class=\"brz-rich-text brz-rich-text__custom brz-css-d-richtext brz-css-1ctx5yk\" data-brz-custom-id=\"xEOk3RlGN3yP\">\n<div data-brz-translate-text=\"1\">\n<p class=\"brz-tp-lg-paragraph brz-fsft-lg-0 brz-fwdth-lg-100 brz-vfw-lg-400 brz-lh-lg-1_7 brz-ls-lg-0 brz-fw-lg-400 brz-fss-lg-px brz-fs-lg-20 brz-ft-google brz-ff-roboto brz-css-f52e3\" data-generated-css=\"brz-css-vRWYO\" data-uniq-id=\"uWZ2N\"><span class=\"brz-cp-color3 brz-span\"><strong>Kl. 11.00-14.00, <\/strong><\/span><span class=\"brz-cp-color3 brz-span\"><strong>Byparken, M\u00f8llen<\/strong><\/span><\/p>\n<p class=\"brz-tp-lg-paragraph brz-fsft-lg-0 brz-fwdth-lg-100 brz-vfw-lg-400 brz-lh-lg-1_7 brz-ls-lg-0 brz-fw-lg-400 brz-fss-lg-px brz-fs-lg-20 brz-ft-google brz-ff-roboto brz-css-awgHj\" data-generated-css=\"brz-css-mfBl5\" data-uniq-id=\"uRW5F\"><span class=\"brz-cp-color1 brz-span\">F\u00e5 en tur p\u00e5 hesteryg p\u00e5 \u00e9n af Lykkesholms sm\u00e5, s\u00f8de ponyer.&nbsp;Ponyerne er vant til b\u00f8rn og mange mennesker, og der udl\u00e5nes sikkerhedsgodkendte ridehjelme. <\/span><\/p>\n<p class=\"brz-tp-lg-paragraph brz-fsft-lg-0 brz-fwdth-lg-100 brz-vfw-lg-400 brz-lh-lg-1_7 brz-ls-lg-0 brz-fw-lg-400 brz-fss-lg-px brz-fs-lg-20 brz-ft-google brz-ff-roboto brz-css-fLGJw\" data-generated-css=\"brz-css-ayGmy\" data-uniq-id=\"qbKdd\"><\/p>\n<p class=\"brz-tp-lg-paragraph brz-fsft-lg-0 brz-fwdth-lg-100 brz-vfw-lg-400 brz-lh-lg-1_7 brz-ls-lg-0 brz-fw-lg-400 brz-fss-lg-px brz-fs-lg-20 brz-ft-google brz-ff-roboto brz-css-t20tz\" data-generated-css=\"brz-css-vYTZR\" data-uniq-id=\"t4kmF\"><span class=\"brz-cp-color1 brz-span\">Det er ikke muligt at ride uden en tr\u00e6kker, men der vil v\u00e6re s\u00f8de voksne til stede, som arbejder med hestene til dagligt. <\/span><\/p>\n<p class=\"brz-tp-lg-paragraph brz-fsft-lg-0 brz-fwdth-lg-100 brz-vfw-lg-400 brz-lh-lg-1_7 brz-ls-lg-0 brz-fw-lg-400 brz-fss-lg-px brz-fs-lg-20 brz-ft-google brz-ff-roboto brz-css-gGx61\" data-generated-css=\"brz-css-oWzqq\" data-uniq-id=\"xUti3\"><span class=\"brz-cp-color1 brz-span\"> <\/span><\/p>\n<p class=\"brz-tp-lg-paragraph brz-fsft-lg-0 brz-fwdth-lg-100 brz-vfw-lg-400 brz-lh-lg-1_7 brz-ls-lg-0 brz-fw-lg-400 brz-fss-lg-px brz-fs-lg-20 brz-ft-google brz-ff-roboto brz-css-bXUUO\" data-generated-css=\"brz-css-qCkhg\" data-uniq-id=\"sb4vZ\"><span class=\"brz-cp-color1 brz-span\">Tr\u00e6kketurene er en popul\u00e6r aktivitet, og selvom der er indf\u00f8rt nummersystem, vil det v\u00e6re n\u00f8dvendigt at finde t\u00e5lmodighedskasketten frem.<\/span><\/p>\n<\/div>\n<\/div>\n<\/div>\n<div class=\"brz-wrapper-clone brz-flex-xs-wrap brz-css-d-cloneable brz-css-1qg5ukp\" data-brz-custom-id=\"h9jqDByL9kqR\"><a class=\"brz-a brz-btn brz-css-d-button brz-css-17pgduk brz-css-d-button-bg brz-css-9va4wt\" target=\"_blank\" rel=\"noopener noreferrer\" href=\"https:\/\/www.facebook.com\/Lykkesholms\/?locale=da_DK\" data-brz-link-type=\"external\" data-brz-custom-id=\"p5wWyIejlY_n\"><span data-brz-translate-text=\"1\" class=\"brz-span brz-text__editor\">Lykkesholm p\u00e5 Facebook<\/span><\/a><\/div>\n<\/div>\n<\/div>\n<\/div>\n<\/div>\n<\/div>\n<\/div>\n<\/section><\/div>\n<p><!-- version:1774530572 --><\/p>\n","protected":false},"excerpt":{"rendered":"<p>Ponytur Basseralle Bennys lirekasse Cirkus Fyr &amp; Flamme Drengestreger Lykkesholm Pony Rideklub Rasmus Walter Skanderborg Amat\u00f8rteater Stomp S\u00f8r\u00f8vertogt Volantes \u2013 boksekamp og akrobatik Volantes Ildshow Volantes Sl\u00f8jderbr\u00e6t \u00c6blerov \u00c5bning Basseralle Bennys lirekasse Cirkus Fyr &amp; Flamme Drengestreger Lykkesholm Pony Rideklub Rasmus Walter Skanderborg Amat\u00f8rteater Stomp S\u00f8r\u00f8vertogt Volantes \u2013 boksekamp og akrobatik Volantes Ildshow Volantes Sl\u00f8jderbr\u00e6t &hellip; <\/p>\n<p class=\"link-more\"><a href=\"https:\/\/sloengeldage.dk\/index.php\/lykkesholm\/\" class=\"more-link\">Continue reading<span class=\"screen-reader-text\"> &#8220;Lykkesholm&#8221;<\/span><\/a><\/p>\n","protected":false},"author":1,"featured_media":0,"parent":0,"menu_order":0,"comment_status":"closed","ping_status":"closed","template":"brizy-blank-template.php","meta":{"footnotes":""},"folder":[103],"class_list":["post-1907","page","type-page","status-publish","hentry","entry"],"brizy_media":[{"id":1244,"url":"https:\/\/sloengeldage.dk\/wp-content\/uploads\/Sloengeldage-24-web-Fotograf-Per-Bille-20240525DSC00929.jpg","name":"Sloengeldage-24-web-Fotograf-Per-Bille-20240525DSC00929.jpg","meta":{"brizy_attachment_uid":"wp-c5c82e475d928a21a7664495e35136af.jpg","brizy_post_uid":["9be1c736802318713b19dfcea16bf880","2066a9965db6ad94d0ae651393af1233"]}},{"id":2280,"url":"https:\/\/sloengeldage.dk\/wp-content\/uploads\/22-17.webp","name":"22-17.webp","meta":{"brizy_attachment_uid":"wp-5e720e792a6df1960a5c2bb2a802e5b6.webp","brizy_post_uid":["20e8833a538e2d0d4835b1bc76a3ba97","2066a9965db6ad94d0ae651393af1233","5b4cd7c710be89d80008f661b59a849d"]}},{"id":4692,"url":"https:\/\/sloengeldage.dk\/wp-content\/uploads\/Lykkesholm-Ponyerideklub-fra-2024-bedst.jpg","name":"Lykkesholm-Ponyerideklub-fra-2024-bedst.jpg","meta":{"brizy_attachment_uid":"wp-3f39015a9ab5469cadc4e0ac0bea6a36.jpg","brizy_post_uid":["5b4cd7c710be89d80008f661b59a849d","2066a9965db6ad94d0ae651393af1233"]}},{"id":4764,"url":"https:\/\/sloengeldage.dk\/wp-content\/uploads\/Drengestreger-tekst-2026-scaled.jpg","name":"Drengestreger-tekst-2026.jpg","meta":{"brizy_attachment_uid":"wp-40bd371d35739ed3a6076b555e91bc5c.jpg","brizy_post_uid":["2066a9965db6ad94d0ae651393af1233","b84704ace7784c5cc55c6b13006d8b98"]}}],"_links":{"self":[{"href":"https:\/\/sloengeldage.dk\/index.php\/wp-json\/wp\/v2\/pages\/1907","targetHints":{"allow":["GET"]}}],"collection":[{"href":"https:\/\/sloengeldage.dk\/index.php\/wp-json\/wp\/v2\/pages"}],"about":[{"href":"https:\/\/sloengeldage.dk\/index.php\/wp-json\/wp\/v2\/types\/page"}],"author":[{"embeddable":true,"href":"https:\/\/sloengeldage.dk\/index.php\/wp-json\/wp\/v2\/users\/1"}],"replies":[{"embeddable":true,"href":"https:\/\/sloengeldage.dk\/index.php\/wp-json\/wp\/v2\/comments?post=1907"}],"version-history":[{"count":16,"href":"https:\/\/sloengeldage.dk\/index.php\/wp-json\/wp\/v2\/pages\/1907\/revisions"}],"predecessor-version":[{"id":5353,"href":"https:\/\/sloengeldage.dk\/index.php\/wp-json\/wp\/v2\/pages\/1907\/revisions\/5353"}],"wp:attachment":[{"href":"https:\/\/sloengeldage.dk\/index.php\/wp-json\/wp\/v2\/media?parent=1907"}],"wp:term":[{"taxonomy":"folder","embeddable":true,"href":"https:\/\/sloengeldage.dk\/index.php\/wp-json\/wp\/v2\/folder?post=1907"}],"curies":[{"name":"wp","href":"https:\/\/api.w.org\/{rel}","templated":true}]}}