{"id":1892,"date":"2025-09-13T10:20:43","date_gmt":"2025-09-13T10:20:43","guid":{"rendered":"http:\/\/167.235.1.82\/~sloengel\/nyside\/?page_id=1892"},"modified":"2026-05-06T05:28:37","modified_gmt":"2026-05-06T05:28:37","slug":"drengestreger-mobil-2","status":"publish","type":"page","link":"https:\/\/sloengeldage.dk\/index.php\/drengestreger-mobil-2\/","title":{"rendered":"Drengestreger mobil"},"content":{"rendered":"<div class=\"brz brz-root__container brz-reset-all brz-root__container-page\">\n<section id=\"iknjadRvJsLm_iknjadRvJsLm\" class=\"brz-section brz-css-d-section brz-css-yi2e9p\">\n<div class=\"brz-section__content brz-section--boxed brz-css-d-sectionitem-bg brz-css-9py3yt\" data-brz-custom-id=\"fz4aQRVxEzQQ\">\n<div class=\"brz-container brz-css-d-sectionitem-container brz-css-13u8hhx\">\n<div class=\"brz-row__container brz-css-d-row-row brz-css-2apok4\" data-brz-custom-id=\"obvDEnuiaOAd\">\n<div class=\"brz-row brz-css-d-row-container brz-css-r-row-container brz-css-dv0tub\">\n<div class=\"brz-columns brz-css-d-column-column brz-css-miwf7d\" data-brz-custom-id=\"xLvotf61r_Il\">\n<div class=\"brz-column__items brz-css-d-column-bg brz-css-bbjxii\">\n<div id=\"\" class=\"brz-css-d-wrapper brz-css-4bbl8w brz-wrapper\">\n<div class=\"brz-image brz-css-d-image-cm79v0chb7zq-parent brz-css-mjv28\" data-brz-custom-id=\"cm79v0CHB7Zq\"><a class=\"brz-a\" target=\"_self\" rel=\"noopener\" href=\"https:\/\/sloengeldage.dk\/index.php\/mobilforside\/\" data-brz-link-type=\"page\"><img decoding=\"async\" class=\"brz-img\" src=\"https:\/\/sloengeldage.dk\/wp-content\/uploads\/cropped-Gummi-Tarzan-2_512x512-1.png\" loading=\"lazy\" alt=\"\" title=\"cropped-Gummi-Tarzan-2_512x512-1.png\"><\/a><\/div>\n<\/div>\n<\/div>\n<\/div>\n<div class=\"brz-columns brz-css-d-column-column brz-css-aw9kne\" data-brz-custom-id=\"rOczy6g6L5Nd\">\n<div class=\"brz-column__items brz-css-d-column-bg brz-css-7r7vnc\">\n<div id=\"\" class=\"brz-css-d-wrapper brz-css-2nj3ed brz-wrapper\">\n<div class=\"brz-image brz-css-d-image-oadolea9lf2i-parent brz-css-1qg7xzc\" data-brz-custom-id=\"oAdOLEa9lF2i\"><a class=\"brz-a\" target=\"_self\" rel=\"noopener\" href=\"https:\/\/sloengeldage.dk\/index.php\/mobilforside\/\" data-brz-link-type=\"page\"><img decoding=\"async\" class=\"brz-img\" src=\"https:\/\/sloengeldage.dk\/wp-content\/uploads\/sloengeldage_nyt_logo.png\" loading=\"lazy\" alt=\"\" title=\"sloengeldage_nyt_logo\"><\/a><\/div>\n<\/div>\n<\/div>\n<\/div>\n<\/div>\n<\/div>\n<div class=\"brz-row__container brz-css-d-row-row brz-css-jh8sbs\" data-brz-custom-id=\"ikfq4Fx9Lm11\">\n<div class=\"brz-row brz-css-d-row-container brz-css-r-row-container brz-css-4iob0\">\n<div class=\"brz-columns brz-css-d-column-column brz-css-1uwpk58\" data-brz-custom-id=\"fo7okcH_8II8\">\n<div class=\"brz-column__items brz-css-d-column-bg brz-css-dqtrsi\">\n<div class=\"brz-wrapper-clone brz-flex-xs-wrap brz-css-d-cloneable brz-css-1ctvghl\" data-brz-custom-id=\"oWpVDWTLABTb\">\n<div class=\"brz-icon__container\" data-brz-custom-id=\"yeq2Xrb0h1fT\"><a class=\"brz-a\" target=\"_self\" rel=\"noopener\" href=\"history.go(-1)\" data-brz-link-type=\"external\"><span class=\"brz-icon brz-span brz-css-d-icon-icon brz-css-1t4zf9q\" data-brz-tooltip-wrapper-id=\"yeq2Xrb0h1fT\"><\/span><\/a><\/div>\n<p><span class=\"brz-tooltip brz-css-d-icon-tooltip brz-css-f577gq\" data-brz-tooltip-offset=\"10\" data-brz-tooltip-trigger=\"hover\" data-brz-tooltip-placement=\"top\" data-brz-element-id=\"yeq2Xrb0h1fT\">Tilbage<span class=\"brz-tooltip--arrow\"><\/span><\/span><\/div>\n<\/div>\n<\/div>\n<div class=\"brz-columns brz-css-d-column-column brz-css-1mt6mkc\" data-brz-custom-id=\"jHISUZ6MP8J5\">\n<div class=\"brz-column__items brz-css-d-column-bg brz-css-1nyvyun\">\n<div class=\"brz-wrapper-clone brz-flex-xs-wrap brz-css-d-cloneable brz-css-15aqg9o\" data-brz-custom-id=\"ssQs6bLgCYU2\">\n<div class=\"brz-icon__container\" data-brz-custom-id=\"onkRkV1bV68a\"><a class=\"brz-a\" target=\"_self\" rel=\"noopener\" href=\"https:\/\/sloengeldage.dk\/index.php\/mobilforside\/\" data-brz-link-type=\"page\"><span class=\"brz-icon brz-span brz-css-d-icon-icon brz-css-sbx0qj\" data-brz-tooltip-wrapper-id=\"onkRkV1bV68a\"><\/span><\/a><\/div>\n<p><span class=\"brz-tooltip brz-css-d-icon-tooltip brz-css-c2on1i\" data-brz-tooltip-offset=\"10\" data-brz-tooltip-trigger=\"hover\" data-brz-tooltip-placement=\"top\" data-brz-element-id=\"onkRkV1bV68a\">Forside<span class=\"brz-tooltip--arrow\"><\/span><\/span><\/div>\n<\/div>\n<\/div>\n<div class=\"brz-columns brz-css-d-column-column brz-css-y72l6c\" data-brz-custom-id=\"zKuF0QEmQ84z\">\n<div class=\"brz-column__items brz-css-d-column-bg brz-css-1azc3p9\">\n<div id=\"\" class=\"brz-css-d-wrapper brz-css-1cw4ro3 brz-wrapper\">\n<div class=\"brz-rich-text brz-rich-text__custom brz-css-d-richtext brz-css-zni9uf\" data-brz-custom-id=\"fU44U5Vy1YoL\">\n<div data-brz-translate-text=\"1\">\n<p data-uniq-id=\"jHlMU\" data-generated-css=\"brz-css-slCbq\" class=\"brz-tp-lg-empty brz-ff-y0gaF530ilv7 brz-ft-upload brz-fs-lg-30 brz-fss-lg-px brz-fw-lg-700 brz-ls-lg-1_5 brz-lh-lg-1_3 brz-vfw-lg-400 brz-fwdth-lg-100 brz-fsft-lg-0 brz-text-lg-center brz-tp-xs-heading4 brz-css-vcOEf\"><a class=\"link--page brz-cp-color3\" href=\"https:\/\/sloengeldage.dk\/index.php\/program-kulturhuset-mobil\/\" data-brz-link-type=\"page\">Kultur-huset<\/a><\/p>\n<\/div>\n<\/div>\n<\/div>\n<\/div>\n<\/div>\n<div class=\"brz-columns brz-css-d-column-column brz-css-14p6td6\" data-brz-custom-id=\"xFdhYvcEDVZ7\">\n<div class=\"brz-column__items brz-css-d-column-bg brz-css-116ads6\">\n<div id=\"\" class=\"brz-css-d-wrapper brz-css-5stydn brz-wrapper\">\n<div class=\"brz-rich-text brz-rich-text__custom brz-css-d-richtext brz-css-nvgfuh\" data-brz-custom-id=\"fWohD5y1PpOZ\">\n<div data-brz-translate-text=\"1\">\n<p class=\"brz-fsft-lg-0 brz-fwdth-lg-100 brz-vfw-lg-400 brz-lh-lg-1_3 brz-ls-lg-1_5 brz-fw-lg-700 brz-fss-lg-px brz-fs-lg-30 brz-ft-upload brz-ff-y0gaF530ilv7 brz-tp-lg-empty brz-text-lg-center brz-tp-xs-heading4 brz-css-lX5HV\" data-generated-css=\"brz-css-q_ItY\" data-uniq-id=\"qCoJa\"><a class=\"link--page brz-cp-color3\" href=\"https:\/\/sloengeldage.dk\/index.php\/program-byparken-mobil\/\" data-brz-link-type=\"page\">By-parken<\/a><\/p>\n<\/div>\n<\/div>\n<\/div>\n<\/div>\n<\/div>\n<div class=\"brz-columns brz-css-d-column-column brz-css-1ug0uhk\" data-brz-custom-id=\"sypsoG0l_AC_\">\n<div class=\"brz-column__items brz-css-d-column-bg brz-css-um52q0\">\n<div id=\"\" class=\"brz-css-d-wrapper brz-css-1a9kdzs brz-wrapper\">\n<div class=\"brz-rich-text brz-rich-text__custom brz-css-d-richtext brz-css-1nns42z\" data-brz-custom-id=\"dI91ogNSH0jw\">\n<div data-brz-translate-text=\"1\">\n<p class=\"brz-fsft-lg-0 brz-fwdth-lg-100 brz-vfw-lg-400 brz-lh-lg-1_3 brz-ls-lg-1_5 brz-fw-lg-700 brz-fss-lg-px brz-fs-lg-30 brz-ft-upload brz-ff-y0gaF530ilv7 brz-tp-lg-empty brz-text-lg-center brz-tp-xs-heading4 brz-css-p1jye\" data-generated-css=\"brz-css-gu8_M\" data-uniq-id=\"jPlWQ\"><a class=\"link--page brz-cp-color3\" href=\"https:\/\/sloengeldage.dk\/index.php\/program-kulturtorv-mobil\/\" data-brz-link-type=\"page\">Kultur-torvet<\/a><\/p>\n<\/div>\n<\/div>\n<\/div>\n<\/div>\n<\/div>\n<\/div>\n<\/div>\n<\/div>\n<\/div>\n<\/section>\n<section id=\"cz_rcTTQxy8n_cz_rcTTQxy8n\" class=\"brz-section brz-css-d-section brz-css-g1mj5b\">\n<div class=\"brz-section__content brz-section--boxed brz-css-d-sectionitem-bg brz-css-lsjnzf\" data-brz-custom-id=\"luFd4V5vcVQF\">\n<div class=\"brz-bg\">\n<div class=\"brz-bg-color\"><\/div>\n<\/div>\n<div class=\"brz-container brz-css-d-sectionitem-container brz-css-7yjcuh\">\n<div class=\"brz-row__container brz-css-d-row-row brz-css-1v2974z\" data-brz-custom-id=\"sZzO9XIJ3eTA\">\n<div class=\"brz-row brz-css-d-row-container brz-css-r-row-container brz-css-1y6jpyd\">\n<div class=\"brz-columns brz-css-d-column-column brz-css-1my8d1d\" data-brz-custom-id=\"bT9YoHefKLlU\">\n<div class=\"brz-column__items brz-css-d-column-bg brz-css-wem9se\">\n<div id=\"\" class=\"brz-css-d-wrapper brz-css-r4lu8m brz-wrapper\">\n<div class=\"brz-rich-text brz-rich-text__custom brz-css-d-richtext brz-css-1msczn9\" data-brz-custom-id=\"rA1WT_i4zDYJ\">\n<div data-brz-translate-text=\"1\">\n<h1 class=\"brz-fsft-lg-0 brz-fwdth-lg-100 brz-vfw-lg-400 brz-lh-lg-1_3 brz-ls-lg-m_1_5 brz-fw-lg-700 brz-fss-lg-px brz-fs-lg-36 brz-ft-google brz-ff-roboto brz-tp-lg-heading1 brz-text-lg-justify brz-css-uuVjd\" data-uniq-id=\"vvbsd\" data-generated-css=\"brz-css-bXPaS\"><span class=\"brz-cp-color5\">Drengestreger <\/span><\/h1>\n<h1 class=\"brz-fsft-lg-0 brz-fwdth-lg-100 brz-vfw-lg-400 brz-lh-lg-1_3 brz-ls-lg-m_1_5 brz-fw-lg-700 brz-fss-lg-px brz-fs-lg-36 brz-ft-google brz-ff-roboto brz-tp-lg-heading1 brz-text-lg-justify brz-css-qMNlw\" data-uniq-id=\"vKIaL\" data-generated-css=\"brz-css-rFiOc\"><span class=\"brz-cp-color5\">&#8211; ogs\u00e5 for piger<\/span><\/h1>\n<\/div>\n<\/div>\n<\/div>\n<div id=\"\" class=\"brz-css-d-wrapper brz-css-bioohe brz-wrapper\">\n<div class=\"brz-rich-text brz-rich-text__custom brz-css-d-richtext brz-css-pmx3id\" data-brz-custom-id=\"erYYqrHecqWg\">\n<div data-brz-translate-text=\"1\">\n<p class=\"brz-ff-roboto brz-ft-google brz-fs-lg-20 brz-fss-lg-px brz-fw-lg-400 brz-ls-lg-0 brz-lh-lg-1_7 brz-vfw-lg-400 brz-fwdth-lg-100 brz-fsft-lg-0 brz-tp-lg-paragraph brz-css-xhUUP\" data-uniq-id=\"fY_uf\" data-generated-css=\"brz-css-cmgQG\"><span class=\"brz-cp-color3 brz-span\"><strong>Kl. 10.30-16.00, <\/strong><\/span><span class=\"brz-cp-color3 brz-span\"><strong>Byparken<\/strong><\/span><span class=\"brz-cp-color1 brz-span\"> <\/span><\/p>\n<p class=\"brz-ff-roboto brz-ft-google brz-fs-lg-20 brz-fss-lg-px brz-fw-lg-400 brz-ls-lg-0 brz-lh-lg-1_7 brz-vfw-lg-400 brz-fwdth-lg-100 brz-fsft-lg-0 brz-tp-lg-paragraph brz-css-kl9Su\" data-uniq-id=\"sqAId\" data-generated-css=\"brz-css-bDvr8\"><span class=\"brz-cp-color1 brz-span\" style=\"background-color: transparent\">Drengestreger \u2013 ogs\u00e5 for piger, inviterer til et v\u00e6ld af sk\u00e6ve aktiviteter i Byparken. Med en Modighedsseddel i h\u00e5nden kan du teste koordinationsevnerne i en k\u00e6mpe flippermaskine p\u00e5 bakken, kaste med remoulademadder i skolestuen, nakke en and i Bybadet eller fors\u00f8ge at ramme Orla med fr\u00f8er. Du kan ogs\u00e5 afpr\u00f8ve dine kr\u00e6fter med at drikke trylledrik eller se, om du kan sl\u00e5 rekorden i grenh\u00e6gning (find det v. Cirkusvognen) \u2013 eller hvad med at f\u00e5 \u00e6gte d\u00e5rlig voksen-\u00e5nde?<\/span><\/p>\n<p class=\"brz-ff-roboto brz-ft-google brz-fs-lg-20 brz-fss-lg-px brz-fw-lg-400 brz-ls-lg-0 brz-lh-lg-1_7 brz-vfw-lg-400 brz-fwdth-lg-100 brz-fsft-lg-0 brz-tp-lg-paragraph brz-css-l6mjX\" data-uniq-id=\"ygdjr\" data-generated-css=\"brz-css-b3PUQ\"><span class=\"brz-cp-color1 brz-span\" style=\"background-color: transparent\"> <\/span><\/p>\n<p class=\"brz-ff-roboto brz-ft-google brz-fs-lg-20 brz-fss-lg-px brz-fw-lg-400 brz-ls-lg-0 brz-lh-lg-1_7 brz-vfw-lg-400 brz-fwdth-lg-100 brz-fsft-lg-0 brz-tp-lg-paragraph brz-css-iXPJK\" data-uniq-id=\"hk_PM\" data-generated-css=\"brz-css-m__Wx\"><span class=\"brz-cp-color1 brz-span\" style=\"background-color: transparent\">N\u00e5r du har v\u00e6ret hele vejen rundt, kan du bes\u00f8ge cirkusvognen og f\u00e5 en \u00e6gte sl\u00f8ngel-tatovering.<\/span><\/p>\n<\/div>\n<\/div>\n<\/div>\n<div id=\"\" class=\"brz-css-d-wrapper brz-css-1cpchin brz-wrapper\">\n<div class=\"brz-image brz-css-d-image-ziwi6p9pink3-parent brz-css-1fw1di1\" data-brz-custom-id=\"ziWi6p9piNK3\"><img decoding=\"async\" class=\"brz-img\" src=\"https:\/\/sloengeldage.dk\/wp-content\/uploads\/Drengestreger-tekst-2026-scaled.jpg\" loading=\"lazy\" alt=\"\" title=\"Drengestreger tekst 2026\"><\/div>\n<\/div>\n<\/div>\n<\/div>\n<\/div>\n<\/div>\n<\/div>\n<\/div>\n<\/section>\n<section id=\"cuMRBZDxCHmF_cuMRBZDxCHmF\" class=\"brz-section brz-css-d-section brz-css-1xqcxys\">\n<div class=\"brz-section__content brz-section--boxed brz-css-d-sectionitem-bg brz-css-1fymlb2\" data-brz-custom-id=\"aTZa1rySkJFj\">\n<div class=\"brz-bg\">\n<div class=\"brz-bg-color\"><\/div>\n<\/div>\n<div class=\"brz-container brz-css-d-sectionitem-container brz-css-12xte24\">\n<div class=\"brz-row__container brz-css-d-row-row brz-css-1mfae7f\" data-brz-custom-id=\"hLghS2FU8Hdu\">\n<div class=\"brz-row brz-css-d-row-container brz-css-r-row-container brz-css-cjtit4\">\n<div class=\"brz-columns brz-css-d-column-column brz-css-9zfyo1\" data-brz-custom-id=\"idbOXed5KywH\">\n<div class=\"brz-column__items brz-css-d-column-bg brz-css-cnx4b0\">\n<div id=\"\" class=\"brz-css-d-wrapper brz-css-1e1zyrz brz-wrapper\">\n<div class=\"brz-rich-text brz-rich-text__custom brz-css-d-richtext brz-css-v62zjc\" data-brz-custom-id=\"vLyls30Xsh5H\">\n<div data-brz-translate-text=\"1\">\n<p class=\"brz-tp-lg-paragraph brz-text-lg-center brz-css-kHWOv\" data-uniq-id=\"ojPnU\" data-generated-css=\"brz-css-v_9Gl\"><a class=\"link--page brz-cp-color1 brz-bgp-color8\" href=\"https:\/\/sloengeldage.dk\/index.php\/kontakt\/\" data-brz-link-type=\"page\">Kontakt Di Heslige Sl\u00f8nglers Klup<\/a><\/p>\n<\/div>\n<\/div>\n<\/div>\n<\/div>\n<\/div>\n<div class=\"brz-columns brz-css-d-column-column brz-css-1xsho7\" data-brz-custom-id=\"uglAE6L_HN3S\">\n<div class=\"brz-column__items brz-css-d-column-bg brz-css-19did19\">\n<div id=\"\" class=\"brz-css-d-wrapper brz-css-1dktaj7 brz-wrapper\">\n<div class=\"brz-rich-text brz-rich-text__custom brz-css-d-richtext brz-css-1i95hk6\" data-brz-custom-id=\"mpGl3V_Ms_o1\">\n<div data-brz-translate-text=\"1\">\n<p class=\"brz-tp-lg-paragraph brz-text-lg-center brz-css-uUE47\" data-uniq-id=\"zIrET\" data-generated-css=\"brz-css-mSOvL\"><a class=\"link--page brz-cp-color1 brz-bgp-color8\" href=\"https:\/\/sloengeldage.dk\/index.php\/privatslivserklaering\/\" data-brz-link-type=\"page\">Privatlivserkl\u00e6ring<\/a><\/p>\n<\/div>\n<\/div>\n<\/div>\n<\/div>\n<\/div>\n<\/div>\n<\/div>\n<\/div>\n<\/div>\n<\/section><\/div>\n<p><!-- version:1775556032 --><\/p>\n","protected":false},"excerpt":{"rendered":"<p>Tilbage Forside Kultur-huset By-parken Kultur-torvet Drengestreger &#8211; ogs\u00e5 for piger Kl. 10.30-16.00, Byparken Drengestreger \u2013 ogs\u00e5 for piger, inviterer til et v\u00e6ld af sk\u00e6ve aktiviteter i Byparken. Med en Modighedsseddel i h\u00e5nden kan du teste koordinationsevnerne i en k\u00e6mpe flippermaskine p\u00e5 bakken, kaste med remoulademadder i skolestuen, nakke en and i Bybadet eller fors\u00f8ge at &hellip; <\/p>\n<p class=\"link-more\"><a href=\"https:\/\/sloengeldage.dk\/index.php\/drengestreger-mobil-2\/\" class=\"more-link\">Continue reading<span class=\"screen-reader-text\"> &#8220;Drengestreger mobil&#8221;<\/span><\/a><\/p>\n","protected":false},"author":1,"featured_media":0,"parent":0,"menu_order":0,"comment_status":"closed","ping_status":"closed","template":"brizy-blank-template.php","meta":{"footnotes":""},"folder":[115],"class_list":["post-1892","page","type-page","status-publish","hentry","entry"],"brizy_media":[{"id":1248,"url":"https:\/\/sloengeldage.dk\/wp-content\/uploads\/Sloengeldage-24-web-Fotograf-Per-Bille-20240525DSC07288.jpg","name":"Sloengeldage-24-web-Fotograf-Per-Bille-20240525DSC07288.jpg","meta":{"brizy_attachment_uid":"wp-a36ce7ba2c1e28a39679907307b720ce.jpg","brizy_post_uid":["9be1c736802318713b19dfcea16bf880","b84704ace7784c5cc55c6b13006d8b98","5b4cd7c710be89d80008f661b59a849d"]}},{"id":1249,"url":"https:\/\/sloengeldage.dk\/wp-content\/uploads\/Sloengeldage-24-web-Fotograf-Per-Bille-20240525DSC07274.jpg","name":"Sloengeldage-24-web-Fotograf-Per-Bille-20240525DSC07274.jpg","meta":{"brizy_attachment_uid":"wp-1420062942348d4b35e73a1ff99039bf.jpg","brizy_post_uid":["9be1c736802318713b19dfcea16bf880","b84704ace7784c5cc55c6b13006d8b98"]}},{"id":1250,"url":"https:\/\/sloengeldage.dk\/wp-content\/uploads\/Sloengeldage-24-web-Fotograf-Per-Bille-20240525DSC07308.jpg","name":"Sloengeldage-24-web-Fotograf-Per-Bille-20240525DSC07308.jpg","meta":{"brizy_attachment_uid":"wp-9ebf882e2152dadcad2769a6b189e488.jpg","brizy_post_uid":["9be1c736802318713b19dfcea16bf880","b84704ace7784c5cc55c6b13006d8b98"]}},{"id":2246,"url":"https:\/\/sloengeldage.dk\/wp-content\/uploads\/23-6.webp","name":"23-6.webp","meta":{"brizy_attachment_uid":"wp-c5da9dddffeebbda60389002eafb4a31.webp","brizy_post_uid":["dcea96e3e28cd6a03924c8ae1b3f640f","b84704ace7784c5cc55c6b13006d8b98"]}},{"id":2390,"url":"https:\/\/sloengeldage.dk\/wp-content\/uploads\/21-6.webp","name":"21-6.webp","meta":{"brizy_attachment_uid":"wp-a42a48eda59fb53b26eeae791e357681.webp","brizy_post_uid":["15e9c4fa431a9ae42154e22b82134bc8","b84704ace7784c5cc55c6b13006d8b98"]}},{"id":4764,"url":"https:\/\/sloengeldage.dk\/wp-content\/uploads\/Drengestreger-tekst-2026-scaled.jpg","name":"Drengestreger-tekst-2026.jpg","meta":{"brizy_attachment_uid":"wp-40bd371d35739ed3a6076b555e91bc5c.jpg","brizy_post_uid":["2066a9965db6ad94d0ae651393af1233","b84704ace7784c5cc55c6b13006d8b98"]}}],"_links":{"self":[{"href":"https:\/\/sloengeldage.dk\/index.php\/wp-json\/wp\/v2\/pages\/1892","targetHints":{"allow":["GET"]}}],"collection":[{"href":"https:\/\/sloengeldage.dk\/index.php\/wp-json\/wp\/v2\/pages"}],"about":[{"href":"https:\/\/sloengeldage.dk\/index.php\/wp-json\/wp\/v2\/types\/page"}],"author":[{"embeddable":true,"href":"https:\/\/sloengeldage.dk\/index.php\/wp-json\/wp\/v2\/users\/1"}],"replies":[{"embeddable":true,"href":"https:\/\/sloengeldage.dk\/index.php\/wp-json\/wp\/v2\/comments?post=1892"}],"version-history":[{"count":20,"href":"https:\/\/sloengeldage.dk\/index.php\/wp-json\/wp\/v2\/pages\/1892\/revisions"}],"predecessor-version":[{"id":5739,"href":"https:\/\/sloengeldage.dk\/index.php\/wp-json\/wp\/v2\/pages\/1892\/revisions\/5739"}],"wp:attachment":[{"href":"https:\/\/sloengeldage.dk\/index.php\/wp-json\/wp\/v2\/media?parent=1892"}],"wp:term":[{"taxonomy":"folder","embeddable":true,"href":"https:\/\/sloengeldage.dk\/index.php\/wp-json\/wp\/v2\/folder?post=1892"}],"curies":[{"name":"wp","href":"https:\/\/api.w.org\/{rel}","templated":true}]}}