{"id":1876,"date":"2025-09-13T10:05:56","date_gmt":"2025-09-13T10:05:56","guid":{"rendered":"http:\/\/167.235.1.82\/~sloengel\/nyside\/?page_id=1876"},"modified":"2026-04-07T09:29:08","modified_gmt":"2026-04-07T09:29:08","slug":"soeroevertogt","status":"publish","type":"page","link":"https:\/\/sloengeldage.dk\/index.php\/soeroevertogt\/","title":{"rendered":"S\u00f8r\u00f8vertogt"},"content":{"rendered":"<div class=\"brz brz-root__container brz-reset-all brz-root__container-page\">\n<section id=\"fql2zrl4Gf5u_fql2zrl4Gf5u\" class=\"brz-section brz-css-d-section brz-css-929ndi\">\n<div class=\"brz-section__content brz-section--boxed brz-css-d-sectionitem-bg brz-css-1vp4qjn\" data-brz-custom-id=\"ry9r_3ho7mkx\">\n<div class=\"brz-bg\">\n<div data-type=\"youtube\" data-key=\"2gNsB_qGKPw\" data-loop=\"true\" data-start=\"0\" class=\"brz-bg-video\"><\/div>\n<\/div>\n<div class=\"brz-container brz-css-d-sectionitem-container brz-css-1yykzut\">\n<div id=\"\" class=\"brz-css-d-wrapper brz-css-mzra0r brz-wrapper\">\n<div class=\"brz-rich-text brz-rich-text__custom brz-css-d-richtext brz-css-1efca5y\" data-brz-custom-id=\"oNSOqdn4zLcY\">\n<div data-brz-translate-text=\"1\">\n<p class=\"brz-tp-lg-p6v2dfHnW29e brz-text-lg-center brz-fss-lg-px brz-fw-lg-700 brz-ls-lg-0 brz-lh-lg-1_7 brz-vfw-lg-400 brz-fwdth-lg-100 brz-fsft-lg-0 brz-ff-roboto brz-ft-google brz-fs-lg-55 brz-css-s1UPb\" data-generated-css=\"brz-css-xrwRD\" data-uniq-id=\"jQUwE\"><span class=\"brz-cp-color5\">S\u00f8r\u00f8vertogt<\/span><\/p>\n<p class=\"brz-tp-lg-paragraph brz-css-ifz3j\" data-generated-css=\"brz-css-guAES\" data-uniq-id=\"bwH4e\"><\/p>\n<\/div>\n<\/div>\n<\/div>\n<\/div>\n<\/div>\n<\/section>\n<section id=\"z9Ek2bqyiVGm_z9Ek2bqyiVGm\" class=\"brz-section brz-css-d-section brz-css-12vp7ig\">\n<div class=\"brz-section__content brz-section--boxed brz-css-d-sectionitem-bg brz-css-1fky7iu\" data-brz-custom-id=\"aAidTJ6LokHh\">\n<div class=\"brz-bg\">\n<div class=\"brz-bg-color\"><\/div>\n<\/div>\n<div class=\"brz-container brz-css-d-sectionitem-container brz-css-14fkjdr\">\n<div class=\"brz-row__container brz-css-d-row-row brz-css-usaimn\" data-brz-custom-id=\"pwRgBXGM3z5Q\">\n<div class=\"brz-row brz-css-d-row-container brz-css-r-row-container brz-css-1j78y5f\">\n<div class=\"brz-columns brz-css-d-column-column brz-css-7v0lct\" data-brz-custom-id=\"pGpCZFH912FA\">\n<div class=\"brz-column__items brz-css-d-column-bg brz-css-v5zrlz\">\n<div id=\"\" class=\"brz-css-d-wrapper brz-css-11byk2s brz-wrapper\">\n<div class=\"brz-menu__container brz-css-d-menu-menu-container brz-css-1x795y2\" data-mmenu-id=\"#gllKdrlO43p0_8b527e4c28b4a2ee263a\" data-mmenu-position=\"position-left\" data-mmenu-title=\"Menu\" data-mmenu-stickytitle=\"off\" data-mmenu-isslider=\"false\" data-mmenu-closingicon=\"%7B%22desktop%22%3A%22off%22%2C%22tablet%22%3A%22off%22%2C%22mobile%22%3A%22off%22%7D\" data-brz-menu-accessible=\"true\" data-brz-custom-id=\"gllKdrlO43p0\">\n<nav data-mods=\"%7B%22desktop%22%3A%22vertical%22%2C%22tablet%22%3A%22vertical%22%2C%22mobile%22%3A%22vertical%22%7D\" class=\"brz-menu brz-menu__preview brz-css-d-menu-menu brz-css-1sg3hw7\">\n<ul class=\"brz-menu__ul\" data-menu-items-active=\"\">\n<li data-menu-item-id=\"b17711062da0e911e93f36c58153b947\" class=\"brz-menu__item menu-item menu-item-type-post_type menu-item-object-page\"><a class=\"brz-a\" target=\"\" href=\"https:\/\/sloengeldage.dk\/index.php\/basseralle\/\"><span class=\"brz-span\">Basseralle<\/span><\/a><\/li>\n<li data-menu-item-id=\"3ed9e5cb01358d0823626d03c00408a3\" class=\"brz-menu__item menu-item menu-item-type-post_type menu-item-object-page\"><a class=\"brz-a\" target=\"\" href=\"https:\/\/sloengeldage.dk\/index.php\/bennys-lirekasse\/\"><span class=\"brz-span\">Bennys lirekasse<\/span><\/a><\/li>\n<li data-menu-item-id=\"397c4d7e9a211ed69996c55e1ae371c4\" class=\"brz-menu__item menu-item menu-item-type-post_type menu-item-object-page\"><a class=\"brz-a\" target=\"\" href=\"https:\/\/sloengeldage.dk\/index.php\/cirkus-fyr-flamme\/\"><span class=\"brz-span\">Cirkus Fyr &amp; Flamme<\/span><\/a><\/li>\n<li data-menu-item-id=\"01c675aa9e71c5144a1203119f414047\" class=\"brz-menu__item menu-item menu-item-type-post_type menu-item-object-page\"><a class=\"brz-a\" target=\"\" href=\"https:\/\/sloengeldage.dk\/index.php\/drengestreger\/\"><span class=\"brz-span\">Drengestreger<\/span><\/a><\/li>\n<li data-menu-item-id=\"6f06080a05565598621fe55805e0be47\" class=\"brz-menu__item menu-item menu-item-type-post_type menu-item-object-page\"><a class=\"brz-a\" target=\"\" href=\"https:\/\/sloengeldage.dk\/index.php\/lykkesholm\/\"><span class=\"brz-span\">Lykkesholm Pony Rideklub<\/span><\/a><\/li>\n<li data-menu-item-id=\"69b4fd0ec946dfd53672e2089074e71f\" class=\"brz-menu__item menu-item menu-item-type-post_type menu-item-object-page\"><a class=\"brz-a\" target=\"\" href=\"https:\/\/sloengeldage.dk\/index.php\/rasmus-walter\/\"><span class=\"brz-span\">Rasmus Walter<\/span><\/a><\/li>\n<li data-menu-item-id=\"e8bb22798aac3c598d79bc0df259fe57\" class=\"brz-menu__item menu-item menu-item-type-post_type menu-item-object-page\"><a class=\"brz-a\" target=\"\" href=\"https:\/\/sloengeldage.dk\/index.php\/skanderborg-amatoerteater\/\"><span class=\"brz-span\">Skanderborg Amat\u00f8rteater<\/span><\/a><\/li>\n<li data-menu-item-id=\"ce77cd9205ea14fabd8b8fe0960aebc8\" class=\"brz-menu__item menu-item menu-item-type-post_type menu-item-object-page\"><a class=\"brz-a\" target=\"\" href=\"https:\/\/sloengeldage.dk\/index.php\/stomp-2\/\"><span class=\"brz-span\">Stomp<\/span><\/a><\/li>\n<li data-menu-item-id=\"1aa60df61961edd9b6660eaa00f10d76\" class=\"brz-menu__item menu-item menu-item-type-post_type menu-item-object-page\"><a class=\"brz-a\" target=\"\" href=\"https:\/\/sloengeldage.dk\/index.php\/soeroevertogt\/\"><span class=\"brz-span\">S\u00f8r\u00f8vertogt<\/span><\/a><\/li>\n<li data-menu-item-id=\"c61a75cc22eefd219815c6aa2a722485\" class=\"brz-menu__item menu-item menu-item-type-post_type menu-item-object-page\"><a class=\"brz-a\" target=\"\" href=\"https:\/\/sloengeldage.dk\/index.php\/volantes\/\"><span class=\"brz-span\">Volantes \u2013 boksekamp og akrobatik<\/span><\/a><\/li>\n<li data-menu-item-id=\"9e681d0320a71a832bb34f6a92afea30\" class=\"brz-menu__item menu-item menu-item-type-post_type menu-item-object-page\"><a class=\"brz-a\" target=\"\" href=\"https:\/\/sloengeldage.dk\/index.php\/volantes-ildshow\/\"><span class=\"brz-span\">Volantes Ildshow<\/span><\/a><\/li>\n<li data-menu-item-id=\"114f9f0de9f2041a578e703174b30946\" class=\"brz-menu__item menu-item menu-item-type-post_type menu-item-object-page\"><a class=\"brz-a\" target=\"\" href=\"https:\/\/sloengeldage.dk\/index.php\/volantes-sljderbrt\/\"><span class=\"brz-span\">Volantes Sl\u00f8jderbr\u00e6t<\/span><\/a><\/li>\n<li data-menu-item-id=\"7db16b842da3d3bf75bfeb8a2ca5548c\" class=\"brz-menu__item menu-item menu-item-type-post_type menu-item-object-page\"><a class=\"brz-a\" target=\"\" href=\"https:\/\/sloengeldage.dk\/index.php\/aeblerov\/\"><span class=\"brz-span\">\u00c6blerov<\/span><\/a><\/li>\n<li data-menu-item-id=\"5887f294cb69767d902bb67758de8e55\" class=\"brz-menu__item menu-item menu-item-type-post_type menu-item-object-page\"><a class=\"brz-a\" target=\"\" href=\"https:\/\/sloengeldage.dk\/index.php\/bning\/\"><span class=\"brz-span\">\u00c5bning<\/span><\/a><\/li>\n<\/ul>\n<\/nav>\n<div class=\"brz-mm-menu__icon\" data-brz-brz-mmenu-icon=\"off\"><\/div>\n<nav data-mods=\"%7B%22desktop%22%3A%22vertical%22%2C%22tablet%22%3A%22vertical%22%2C%22mobile%22%3A%22vertical%22%7D\" id=\"gllKdrlO43p0_8b527e4c28b4a2ee263a\" class=\"brz-menu brz-menu__preview brz-menu__mmenu brz-css-d-menu-mmenu brz-css-1agh3h9\">\n<ul class=\"brz-menu__ul\" data-menu-items-active=\"\">\n<li data-menu-item-id=\"b17711062da0e911e93f36c58153b947\" class=\"brz-menu__item menu-item menu-item-type-post_type menu-item-object-page\"><a class=\"brz-a\" target=\"\" href=\"https:\/\/sloengeldage.dk\/index.php\/basseralle\/\"><span class=\"brz-span\">Basseralle<\/span><\/a><\/li>\n<li data-menu-item-id=\"3ed9e5cb01358d0823626d03c00408a3\" class=\"brz-menu__item menu-item menu-item-type-post_type menu-item-object-page\"><a class=\"brz-a\" target=\"\" href=\"https:\/\/sloengeldage.dk\/index.php\/bennys-lirekasse\/\"><span class=\"brz-span\">Bennys lirekasse<\/span><\/a><\/li>\n<li data-menu-item-id=\"397c4d7e9a211ed69996c55e1ae371c4\" class=\"brz-menu__item menu-item menu-item-type-post_type menu-item-object-page\"><a class=\"brz-a\" target=\"\" href=\"https:\/\/sloengeldage.dk\/index.php\/cirkus-fyr-flamme\/\"><span class=\"brz-span\">Cirkus Fyr &amp; Flamme<\/span><\/a><\/li>\n<li data-menu-item-id=\"01c675aa9e71c5144a1203119f414047\" class=\"brz-menu__item menu-item menu-item-type-post_type menu-item-object-page\"><a class=\"brz-a\" target=\"\" href=\"https:\/\/sloengeldage.dk\/index.php\/drengestreger\/\"><span class=\"brz-span\">Drengestreger<\/span><\/a><\/li>\n<li data-menu-item-id=\"6f06080a05565598621fe55805e0be47\" class=\"brz-menu__item menu-item menu-item-type-post_type menu-item-object-page\"><a class=\"brz-a\" target=\"\" href=\"https:\/\/sloengeldage.dk\/index.php\/lykkesholm\/\"><span class=\"brz-span\">Lykkesholm Pony Rideklub<\/span><\/a><\/li>\n<li data-menu-item-id=\"69b4fd0ec946dfd53672e2089074e71f\" class=\"brz-menu__item menu-item menu-item-type-post_type menu-item-object-page\"><a class=\"brz-a\" target=\"\" href=\"https:\/\/sloengeldage.dk\/index.php\/rasmus-walter\/\"><span class=\"brz-span\">Rasmus Walter<\/span><\/a><\/li>\n<li data-menu-item-id=\"e8bb22798aac3c598d79bc0df259fe57\" class=\"brz-menu__item menu-item menu-item-type-post_type menu-item-object-page\"><a class=\"brz-a\" target=\"\" href=\"https:\/\/sloengeldage.dk\/index.php\/skanderborg-amatoerteater\/\"><span class=\"brz-span\">Skanderborg Amat\u00f8rteater<\/span><\/a><\/li>\n<li data-menu-item-id=\"ce77cd9205ea14fabd8b8fe0960aebc8\" class=\"brz-menu__item menu-item menu-item-type-post_type menu-item-object-page\"><a class=\"brz-a\" target=\"\" href=\"https:\/\/sloengeldage.dk\/index.php\/stomp-2\/\"><span class=\"brz-span\">Stomp<\/span><\/a><\/li>\n<li data-menu-item-id=\"1aa60df61961edd9b6660eaa00f10d76\" class=\"brz-menu__item menu-item menu-item-type-post_type menu-item-object-page\"><a class=\"brz-a\" target=\"\" href=\"https:\/\/sloengeldage.dk\/index.php\/soeroevertogt\/\"><span class=\"brz-span\">S\u00f8r\u00f8vertogt<\/span><\/a><\/li>\n<li data-menu-item-id=\"c61a75cc22eefd219815c6aa2a722485\" class=\"brz-menu__item menu-item menu-item-type-post_type menu-item-object-page\"><a class=\"brz-a\" target=\"\" href=\"https:\/\/sloengeldage.dk\/index.php\/volantes\/\"><span class=\"brz-span\">Volantes \u2013 boksekamp og akrobatik<\/span><\/a><\/li>\n<li data-menu-item-id=\"9e681d0320a71a832bb34f6a92afea30\" class=\"brz-menu__item menu-item menu-item-type-post_type menu-item-object-page\"><a class=\"brz-a\" target=\"\" href=\"https:\/\/sloengeldage.dk\/index.php\/volantes-ildshow\/\"><span class=\"brz-span\">Volantes Ildshow<\/span><\/a><\/li>\n<li data-menu-item-id=\"114f9f0de9f2041a578e703174b30946\" class=\"brz-menu__item menu-item menu-item-type-post_type menu-item-object-page\"><a class=\"brz-a\" target=\"\" href=\"https:\/\/sloengeldage.dk\/index.php\/volantes-sljderbrt\/\"><span class=\"brz-span\">Volantes Sl\u00f8jderbr\u00e6t<\/span><\/a><\/li>\n<li data-menu-item-id=\"7db16b842da3d3bf75bfeb8a2ca5548c\" class=\"brz-menu__item menu-item menu-item-type-post_type menu-item-object-page\"><a class=\"brz-a\" target=\"\" href=\"https:\/\/sloengeldage.dk\/index.php\/aeblerov\/\"><span class=\"brz-span\">\u00c6blerov<\/span><\/a><\/li>\n<li data-menu-item-id=\"5887f294cb69767d902bb67758de8e55\" class=\"brz-menu__item menu-item menu-item-type-post_type menu-item-object-page\"><a class=\"brz-a\" target=\"\" href=\"https:\/\/sloengeldage.dk\/index.php\/bning\/\"><span class=\"brz-span\">\u00c5bning<\/span><\/a><\/li>\n<\/ul>\n<\/nav>\n<\/div>\n<\/div>\n<\/div>\n<\/div>\n<div class=\"brz-columns brz-css-d-column-column brz-css-1vt1qd\" data-brz-custom-id=\"dInfEWzcPYwe\">\n<div class=\"brz-column__items brz-css-d-column-bg brz-css-19pncbc\">\n<div class=\"brz-wrapper-clone brz-flex-xs-wrap brz-css-d-cloneable brz-css-xx3qbl\" data-brz-custom-id=\"nQFENJiA2tOQ\"><a class=\"brz-a brz-btn brz-css-d-button brz-css-ujq819 brz-css-d-button-bg brz-css-1czdb0q\" target=\"_self\" rel=\"noopener\" href=\"history.go(-1)\" data-brz-link-type=\"external\" data-brz-custom-id=\"i2hGZC9XSjfl\"><span data-brz-translate-text=\"1\" class=\"brz-span brz-text__editor\">Tilbage<\/span><\/a><\/div>\n<div id=\"\" class=\"brz-css-d-wrapper brz-css-1wpu06r brz-wrapper\">\n<div class=\"brz-rich-text brz-rich-text__custom brz-css-d-richtext brz-css-8yxv9f\" data-brz-custom-id=\"zjFsFj5rxL5y\">\n<div data-brz-translate-text=\"1\">\n<h1 class=\"brz-ls-xs-1_5 brz-fw-xs-700 brz-fss-xs-px brz-fs-xs-40 brz-tp-xs-empty brz-fsft-xs-0 brz-fwdth-xs-100 brz-vfw-xs-400 brz-lh-xs-1_3 brz-fsft-sm-0 brz-fwdth-sm-100 brz-vfw-sm-400 brz-lh-sm-1_3 brz-ls-sm-m_1 brz-fw-sm-700 brz-fss-sm-px brz-fs-sm-40 brz-tp-sm-empty brz-fs-lg-40 brz-ft-google brz-ff-roboto ql-align-center brz-fss-lg-px brz-fw-lg-700 brz-ls-lg-m_1_5 brz-lh-lg-1_3 brz-vfw-lg-400 brz-fwdth-lg-100 brz-fsft-lg-0 brz-tp-lg-heading1 brz-text-lg-justify brz-css-uqeyT\" data-generated-css=\"brz-css-mGxDf\" data-uniq-id=\"yj4vM\"><span class=\"brz-cp-color5\">S\u00f8r\u00f8vertogt: <\/span><\/h1>\n<h1 class=\"brz-ls-xs-1_5 brz-fw-xs-700 brz-fss-xs-px brz-fs-xs-40 brz-tp-xs-empty brz-fsft-xs-0 brz-fwdth-xs-100 brz-vfw-xs-400 brz-lh-xs-1_3 brz-fsft-sm-0 brz-fwdth-sm-100 brz-vfw-sm-400 brz-lh-sm-1_3 brz-ls-sm-m_1 brz-fw-sm-700 brz-fss-sm-px brz-fs-sm-40 brz-tp-sm-empty brz-fs-lg-40 brz-ft-google brz-ff-roboto ql-align-center brz-fss-lg-px brz-fw-lg-700 brz-ls-lg-m_1_5 brz-lh-lg-1_3 brz-vfw-lg-400 brz-fwdth-lg-100 brz-fsft-lg-0 brz-tp-lg-heading1 brz-text-lg-justify brz-css-yUTji\" data-generated-css=\"brz-css-pqo2O\" data-uniq-id=\"qhGhd\"><span class=\"brz-cp-color5\">Kom an pirater!<\/span><\/h1>\n<\/div>\n<\/div>\n<\/div>\n<div id=\"\" class=\"brz-css-d-wrapper brz-css-19ulpjt brz-wrapper\">\n<div class=\"brz-rich-text brz-rich-text__custom brz-css-d-richtext brz-css-1yo8kde\" data-brz-custom-id=\"wImNDUyBkP3K\">\n<div data-brz-translate-text=\"1\">\n<p class=\"brz-fsft-lg-0 brz-fwdth-lg-100 brz-vfw-lg-400 brz-ff-roboto brz-ft-google brz-fss-lg-px brz-tp-lg-paragraph brz-css-ommk1\" data-generated-css=\"brz-css-bRM5t\" data-uniq-id=\"lXH2n\"><span class=\"brz-cp-color3 brz-span\" style=\"background-color: transparent\"><strong>Kl. 10.45-11.20&nbsp;Bybadet \u2013&nbsp;<\/strong><\/span><span class=\"brz-cp-color4 brz-span\" style=\"background-color: transparent\"><strong>udsolgt<\/strong><\/span><\/p>\n<p class=\"brz-fsft-lg-0 brz-fwdth-lg-100 brz-vfw-lg-400 brz-ff-roboto brz-ft-google brz-fss-lg-px brz-tp-lg-paragraph brz-css-cFR8J\" data-generated-css=\"brz-css-sjKzA\" data-uniq-id=\"w8Giy\"><span class=\"brz-cp-color3 brz-span\" style=\"background-color: transparent\"><strong>Kl. 12.05-12.40&nbsp;Bybadet \u2013&nbsp;<\/strong><\/span><span class=\"brz-cp-color4 brz-span\" style=\"background-color: transparent\"><strong>udsolgt<\/strong><\/span><\/p>\n<p class=\"brz-fsft-lg-0 brz-fwdth-lg-100 brz-vfw-lg-400 brz-ff-roboto brz-ft-google brz-fss-lg-px brz-tp-lg-paragraph brz-css-fIVXf\" data-generated-css=\"brz-css-oN8Td\" data-uniq-id=\"jknFO\"><span class=\"brz-cp-color3 brz-span\" style=\"background-color: transparent\"><strong>Kl. 13.30-14.05&nbsp;Bybadet \u2013&nbsp;<\/strong><\/span><span class=\"brz-cp-color4 brz-span\" style=\"background-color: transparent\"><strong>udsolgt<\/strong><\/span><\/p>\n<p class=\"brz-fsft-lg-0 brz-fwdth-lg-100 brz-vfw-lg-400 brz-ff-roboto brz-ft-google brz-fss-lg-px brz-tp-lg-paragraph brz-css-tuH0P\" data-generated-css=\"brz-css-x1jmL\" data-uniq-id=\"aljpS\"><span class=\"brz-cp-color3 brz-span\" style=\"background-color: transparent\"><strong>Kl. 14.45-15.20&nbsp;Bybadet \u2013&nbsp;<\/strong><\/span><span class=\"brz-cp-color4 brz-span\" style=\"background-color: transparent\"><strong>udsolgt<\/strong><\/span><\/p>\n<p class=\"brz-fsft-lg-0 brz-fwdth-lg-100 brz-vfw-lg-400 brz-ff-roboto brz-ft-google brz-fss-lg-px brz-tp-lg-paragraph brz-css-buinR\" data-generated-css=\"brz-css-ddaYc\" data-uniq-id=\"wnM4Z\"><span class=\"brz-cp-color3 brz-span\" style=\"background-color: transparent\"><strong> <\/strong><\/span><\/p>\n<p class=\"brz-fsft-lg-0 brz-fwdth-lg-100 brz-vfw-lg-400 brz-ff-roboto brz-ft-google brz-fss-lg-px brz-tp-lg-paragraph brz-css-hYdZE\" data-generated-css=\"brz-css-juKyH\" data-uniq-id=\"jswmE\"><span class=\"brz-cp-color1 brz-span\" style=\"background-color: transparent\">P\u00e5 s\u00f8r\u00f8verskibet Dagmar m\u00f8der du Kaptajn Gr\u00e5sk\u00e6g, piraten Jimmy, S\u00f8r\u00f8ver Sally, syngepiraten Sille med harmonika og papeg\u00f8jer. Kom bare an pirater!<\/span><\/p>\n<p class=\"brz-fsft-lg-0 brz-fwdth-lg-100 brz-vfw-lg-400 brz-ff-roboto brz-ft-google brz-fss-lg-px brz-tp-lg-paragraph brz-css-mVkQd\" data-generated-css=\"brz-css-lzYNy\" data-uniq-id=\"bAbpa\"><span class=\"brz-cp-color1 brz-span\" style=\"background-color: transparent\">Du bliver udfordret og skal udvise vovemod som pirat, n\u00e5r skattekisten skal findes p\u00e5 de syv have. Splitte mine bramsejl\u2026 T\u00f8r du det?&nbsp;<\/span><\/p>\n<p class=\"brz-fsft-lg-0 brz-fwdth-lg-100 brz-vfw-lg-400 brz-ff-roboto brz-ft-google brz-fss-lg-px brz-tp-lg-paragraph brz-css-v0Gmq\" data-generated-css=\"brz-css-hVdvX\" data-uniq-id=\"vuJ7J\"><span class=\"brz-cp-color1 brz-span\" style=\"background-color: transparent\"> <\/span><\/p>\n<p class=\"brz-fsft-lg-0 brz-fwdth-lg-100 brz-vfw-lg-400 brz-ff-roboto brz-ft-google brz-fss-lg-px brz-tp-lg-paragraph brz-css-tjV9_\" data-generated-css=\"brz-css-d3FMc\" data-uniq-id=\"w9TTG\"><span class=\"brz-cp-color1 brz-span\" style=\"background-color: transparent\">Du kan vinde en \u00e6gte guldm\u00f8nt og f\u00e5 et piratbevis, hvis du klarer udfordringerne. Hiv o\u00b4h\u00f8j\u2026<\/span><\/p>\n<p class=\"brz-fsft-lg-0 brz-fwdth-lg-100 brz-vfw-lg-400 brz-ff-roboto brz-ft-google brz-fss-lg-px brz-tp-lg-paragraph brz-css-dJCgI\" data-generated-css=\"brz-css-p3W8R\" data-uniq-id=\"deu16\"><span class=\"brz-cp-color1 brz-span\" style=\"background-color: transparent\">Tag en voksen med p\u00e5 sejladsen og deltag i jagten p\u00e5 guldet.&nbsp;<\/span><\/p>\n<p class=\"brz-fsft-lg-0 brz-fwdth-lg-100 brz-vfw-lg-400 brz-ff-roboto brz-ft-google brz-fss-lg-px brz-tp-lg-paragraph brz-css-fySOQ\" data-generated-css=\"brz-css-pVDQh\" data-uniq-id=\"mWfgB\"><span class=\"brz-cp-color1 brz-span\" style=\"background-color: transparent\"> <\/span><\/p>\n<p class=\"brz-fsft-lg-0 brz-fwdth-lg-100 brz-vfw-lg-400 brz-fss-lg-px brz-ft-google brz-ff-roboto brz-tp-lg-paragraph brz-css-rnkEG\" data-generated-css=\"brz-css-oxlqs\" data-uniq-id=\"ptNMd\"><span class=\"brz-cp-color1 brz-span\" style=\"background-color: transparent\">Sejlturen varer ca. 30 min., og b\u00e5de barn og voksen skal have billet. <\/span><\/p>\n<\/div>\n<\/div>\n<\/div>\n<\/div>\n<\/div>\n<\/div>\n<\/div>\n<\/div>\n<\/div>\n<\/section><\/div>\n<p><!-- version:1774531393 --><\/p>\n","protected":false},"excerpt":{"rendered":"<p>S\u00f8r\u00f8vertogt Basseralle Bennys lirekasse Cirkus Fyr &amp; Flamme Drengestreger Lykkesholm Pony Rideklub Rasmus Walter Skanderborg Amat\u00f8rteater Stomp S\u00f8r\u00f8vertogt Volantes \u2013 boksekamp og akrobatik Volantes Ildshow Volantes Sl\u00f8jderbr\u00e6t \u00c6blerov \u00c5bning Basseralle Bennys lirekasse Cirkus Fyr &amp; Flamme Drengestreger Lykkesholm Pony Rideklub Rasmus Walter Skanderborg Amat\u00f8rteater Stomp S\u00f8r\u00f8vertogt Volantes \u2013 boksekamp og akrobatik Volantes Ildshow Volantes Sl\u00f8jderbr\u00e6t &hellip; <\/p>\n<p class=\"link-more\"><a href=\"https:\/\/sloengeldage.dk\/index.php\/soeroevertogt\/\" class=\"more-link\">Continue reading<span class=\"screen-reader-text\"> &#8220;S\u00f8r\u00f8vertogt&#8221;<\/span><\/a><\/p>\n","protected":false},"author":1,"featured_media":0,"parent":0,"menu_order":0,"comment_status":"closed","ping_status":"closed","template":"brizy-blank-template.php","meta":{"footnotes":""},"folder":[103],"class_list":["post-1876","page","type-page","status-publish","hentry","entry"],"brizy_media":[{"id":2230,"url":"https:\/\/sloengeldage.dk\/wp-content\/uploads\/23-22.webp","name":"23-22.webp","meta":{"brizy_attachment_uid":"wp-c36a80bb1c8d92036dc3be69b05c5f4b.webp","brizy_post_uid":["dcea96e3e28cd6a03924c8ae1b3f640f","76f312a750a629ccd217ab429bfddc3a"]}}],"_links":{"self":[{"href":"https:\/\/sloengeldage.dk\/index.php\/wp-json\/wp\/v2\/pages\/1876","targetHints":{"allow":["GET"]}}],"collection":[{"href":"https:\/\/sloengeldage.dk\/index.php\/wp-json\/wp\/v2\/pages"}],"about":[{"href":"https:\/\/sloengeldage.dk\/index.php\/wp-json\/wp\/v2\/types\/page"}],"author":[{"embeddable":true,"href":"https:\/\/sloengeldage.dk\/index.php\/wp-json\/wp\/v2\/users\/1"}],"replies":[{"embeddable":true,"href":"https:\/\/sloengeldage.dk\/index.php\/wp-json\/wp\/v2\/comments?post=1876"}],"version-history":[{"count":14,"href":"https:\/\/sloengeldage.dk\/index.php\/wp-json\/wp\/v2\/pages\/1876\/revisions"}],"predecessor-version":[{"id":5369,"href":"https:\/\/sloengeldage.dk\/index.php\/wp-json\/wp\/v2\/pages\/1876\/revisions\/5369"}],"wp:attachment":[{"href":"https:\/\/sloengeldage.dk\/index.php\/wp-json\/wp\/v2\/media?parent=1876"}],"wp:term":[{"taxonomy":"folder","embeddable":true,"href":"https:\/\/sloengeldage.dk\/index.php\/wp-json\/wp\/v2\/folder?post=1876"}],"curies":[{"name":"wp","href":"https:\/\/api.w.org\/{rel}","templated":true}]}}