{"id":1824,"date":"2025-09-12T09:51:36","date_gmt":"2025-09-12T09:51:36","guid":{"rendered":"http:\/\/167.235.1.82\/~sloengel\/nyside\/?page_id=1824"},"modified":"2026-05-06T05:25:13","modified_gmt":"2026-05-06T05:25:13","slug":"maria-roerbaek","status":"publish","type":"page","link":"https:\/\/sloengeldage.dk\/index.php\/maria-roerbaek\/","title":{"rendered":"Maria R\u00f8rb\u00e6k"},"content":{"rendered":"<div class=\"brz brz-root__container brz-reset-all brz-root__container-page\">\n<section id=\"fOC9eMoByLYz_fOC9eMoByLYz\" class=\"brz-section brz-css-wr0lmj brz-css-1ak3u4c\">\n<div class=\"brz-section__content brz-section--boxed brz-css-8rveo8 brz-css-191znng\" data-brz-custom-id=\"y_en7YV9Gwir\">\n<div class=\"brz-container brz-css-1hdluk2 brz-css-fq4jco\">\n<div class=\"brz-row__container brz-css-wpbnfg brz-css-fzmwty\" data-brz-custom-id=\"b5AAP3tQ4GKG\">\n<div class=\"brz-row brz-css-10zgbou brz-css-anu5yr brz-css-1feqxm9\">\n<div class=\"brz-columns brz-css-1g8icpz brz-css-d8oyey\" data-brz-custom-id=\"thUXuba6RjqE\">\n<div class=\"brz-bg\">\n<div class=\"brz-bg-color\"><\/div>\n<\/div>\n<div class=\"brz-column__items brz-css-q3gzxu brz-css-aofxnv\">\n<div id=\"\" class=\"brz-css-a59dpa brz-css-1xvjehi brz-wrapper\">\n<div class=\"brz-image brz-css-bl0ljn brz-css-1e60j6t\" data-brz-custom-id=\"kIKfdfuNjql1\"><img decoding=\"async\" class=\"brz-img\" src=\"https:\/\/sloengeldage.dk\/wp-content\/uploads\/MariaRoerbaek.jpg\" loading=\"lazy\" alt=\"\" title=\"Maria+R\u00f8rb\u00e6k\"><\/div>\n<\/div>\n<\/div>\n<\/div>\n<div class=\"brz-columns brz-css-1g8icpz brz-css-12yj983\" data-brz-custom-id=\"qVFgGCI8IQUL\">\n<div class=\"brz-bg\">\n<div class=\"brz-bg-color\"><\/div>\n<\/div>\n<div class=\"brz-column__items brz-css-q3gzxu brz-css-qjaqty\">\n<div id=\"\" class=\"brz-css-a59dpa brz-css-vapd6l brz-wrapper\">\n<div class=\"brz-rich-text brz-rich-text__custom brz-css-seahc6 brz-css-1l1icov\" data-brz-custom-id=\"pClezxoiDucN\">\n<div data-brz-translate-text=\"1\">\n<p class=\"brz-fw-sm-700 brz-fss-sm-px brz-fs-sm-40 brz-tp-sm-empty brz-fsft-sm-0 brz-fwdth-sm-100 brz-vfw-sm-400 brz-lh-sm-1_6 brz-ls-sm-0 brz-tp-lg-p6v2dfHnW29e brz-text-lg-center brz-css-ihHgb\" data-uniq-id=\"q2JZM\" data-generated-css=\"brz-css-kjH5N\"><span class=\"brz-cp-color5\">Maria R\u00f8rb\u00e6k<\/span><\/p>\n<h1 class=\"brz-text-lg-center brz-tp-lg-heading1 brz-css-nS58T\" data-uniq-id=\"dhxya\" data-generated-css=\"brz-css-eXTkg\"><\/h1>\n<\/div>\n<\/div>\n<\/div>\n<\/div>\n<\/div>\n<div class=\"brz-columns brz-css-1g8icpz brz-css-hca1p1\" data-brz-custom-id=\"itC73eyOvoQK\">\n<div class=\"brz-bg\">\n<div class=\"brz-bg-color\"><\/div>\n<\/div>\n<div class=\"brz-column__items brz-css-q3gzxu brz-css-1lgyu9d\">\n<div id=\"\" class=\"brz-css-a59dpa brz-css-1yvxoki brz-wrapper\">\n<div class=\"brz-image brz-css-nplduz brz-css-1426hw6\" data-brz-custom-id=\"f2LxfxEimTiD\"><img decoding=\"async\" class=\"brz-img\" src=\"https:\/\/sloengeldage.dk\/wp-content\/uploads\/Maria-Roerbaek-De-hemmelige-Youtubere.jpg\" loading=\"lazy\" alt=\"\" title=\"Maria R\u00f8rb\u00e6k, De hemmelige Youtubere\"><\/div>\n<\/div>\n<\/div>\n<\/div>\n<\/div>\n<\/div>\n<\/div>\n<\/div>\n<\/section>\n<section id=\"gjqX4znqNv1H_gjqX4znqNv1H\" class=\"brz-section brz-css-1ww9ozu brz-css-1yecn74\">\n<div class=\"brz-section__content brz-section--boxed brz-css-vdphmn brz-css-1sug7af\" data-brz-custom-id=\"vb_npakq5lP8\">\n<div class=\"brz-bg\">\n<div class=\"brz-bg-color\"><\/div>\n<\/div>\n<div class=\"brz-container brz-css-1s3kyta brz-css-yi7ws4\">\n<div class=\"brz-row__container brz-css-v8loj brz-css-lzrzn5\" data-brz-custom-id=\"pCwx2UrgbkjT\">\n<div class=\"brz-row brz-css-14bshas brz-css-1d39lbk brz-css-1viwdxm\">\n<div class=\"brz-columns brz-css-lk5ynk brz-css-z0jr3n\" data-brz-custom-id=\"oE_zwg5kGnH2\">\n<div class=\"brz-column__items brz-css-1gmkph5 brz-css-h2qjc3\">\n<div id=\"\" class=\"brz-css-1jnylkn brz-css-1jsxyb0 brz-wrapper\">\n<div class=\"brz-menu__container brz-css-10ywtiq brz-css-1knpm36\" data-mmenu-id=\"#qXxbM9Zr6QVl_b598c61e7a4e88a0c298\" data-mmenu-position=\"position-left\" data-mmenu-title=\"Menu\" data-mmenu-stickytitle=\"off\" data-mmenu-isslider=\"false\" data-mmenu-closingicon=\"%7B%22desktop%22%3A%22off%22%2C%22tablet%22%3A%22off%22%2C%22mobile%22%3A%22off%22%7D\" data-brz-custom-id=\"qXxbM9Zr6QVl\">\n<nav data-mods=\"%7B%22desktop%22%3A%22vertical%22%2C%22tablet%22%3A%22vertical%22%2C%22mobile%22%3A%22vertical%22%7D\" class=\"brz-menu brz-menu__preview brz-css-8zzzpf brz-css-1tb8tww\">\n<ul class=\"brz-menu__ul\" data-menu-items-active=\"\">\n<li data-menu-item-id=\"5a450b6d30ba7e4642c858270bb62ba6\" class=\"brz-menu__item menu-item menu-item-type-post_type menu-item-object-page\"><a class=\"brz-a\" target=\"\" href=\"https:\/\/sloengeldage.dk\/index.php\/andreas-boeskov\/\" title=\"\"><span class=\"brz-span\">Andreas Boeskov<\/span><\/a><\/li>\n<li data-menu-item-id=\"c3c1c17cda31133870aa517efb554875\" class=\"brz-menu__item menu-item menu-item-type-post_type menu-item-object-page\"><a class=\"brz-a\" target=\"\" href=\"https:\/\/sloengeldage.dk\/index.php\/benni-boedker\/\" title=\"\"><span class=\"brz-span\">Benni B\u00f8dker<\/span><\/a><\/li>\n<li data-menu-item-id=\"e3fc41b6702d64d170a01ef8858b8d70\" class=\"brz-menu__item menu-item menu-item-type-post_type menu-item-object-page\"><a class=\"brz-a\" target=\"\" href=\"https:\/\/sloengeldage.dk\/index.php\/jan-kjaer\/\" title=\"\"><span class=\"brz-span\">Jan Kj\u00e6r<\/span><\/a><\/li>\n<li data-menu-item-id=\"b02ac084ed53f26b0cc25032d03a24de\" class=\"brz-menu__item menu-item menu-item-type-post_type menu-item-object-page\"><a class=\"brz-a\" target=\"\" href=\"https:\/\/sloengeldage.dk\/index.php\/lg-jensen-og-sandra-schwartz\/\" title=\"\"><span class=\"brz-span\">LG Jensen og Sandra Schwartz<\/span><\/a><\/li>\n<li data-menu-item-id=\"7ebeac9dbd80ff03e7876f5b50217bb9\" class=\"brz-menu__item menu-item menu-item-type-post_type menu-item-object-page\"><a class=\"brz-a\" target=\"\" href=\"https:\/\/sloengeldage.dk\/index.php\/maria-roerbaek\/\" title=\"\"><span class=\"brz-span\">Maria R\u00f8rb\u00e6k<\/span><\/a><\/li>\n<li data-menu-item-id=\"2d7e0db76fc034d1aa775e33e6699439\" class=\"brz-menu__item menu-item menu-item-type-post_type menu-item-object-page\"><a class=\"brz-a\" target=\"\" href=\"https:\/\/sloengeldage.dk\/index.php\/mette-vedsoe\/\" title=\"\"><span class=\"brz-span\">Mette Veds\u00f8<\/span><\/a><\/li>\n<li data-menu-item-id=\"3105d905ba1fe3ef550f13742b49792a\" class=\"brz-menu__item menu-item menu-item-type-post_type menu-item-object-page\"><a class=\"brz-a\" target=\"\" href=\"https:\/\/sloengeldage.dk\/index.php\/nor-og-far\/\" title=\"\"><span class=\"brz-span\">Nor og Far<\/span><\/a><\/li>\n<li data-menu-item-id=\"a0c2762cbf263c8df0c1431957f6c889\" class=\"brz-menu__item menu-item menu-item-type-post_type menu-item-object-page\"><a class=\"brz-a\" target=\"\" href=\"https:\/\/sloengeldage.dk\/index.php\/sigurd-barrett\/\" title=\"\"><span class=\"brz-span\">Sigurd Barrett<\/span><\/a><\/li>\n<li data-menu-item-id=\"8a8afe0cfa396f9d52ec4ee51c97fb97\" class=\"brz-menu__item menu-item menu-item-type-post_type menu-item-object-page\"><a class=\"brz-a\" target=\"\" href=\"https:\/\/sloengeldage.dk\/index.php\/sophie-souid-thomas-hjorthaab\/\" title=\"\"><span class=\"brz-span\">Sophie Souid &amp; Thomas Hjorthaab<\/span><\/a><\/li>\n<\/ul>\n<\/nav>\n<div class=\"brz-mm-menu__icon\" data-brz-brz-mmenu-icon=\"off\"><\/div>\n<nav data-mods=\"%7B%22desktop%22%3A%22vertical%22%2C%22tablet%22%3A%22vertical%22%2C%22mobile%22%3A%22vertical%22%7D\" id=\"qXxbM9Zr6QVl_b598c61e7a4e88a0c298\" class=\"brz-menu brz-menu__preview brz-menu__mmenu brz-css-xs3usx brz-css-dvn88x\">\n<ul class=\"brz-menu__ul\" data-menu-items-active=\"\">\n<li data-menu-item-id=\"5a450b6d30ba7e4642c858270bb62ba6\" class=\"brz-menu__item menu-item menu-item-type-post_type menu-item-object-page\"><a class=\"brz-a\" target=\"\" href=\"https:\/\/sloengeldage.dk\/index.php\/andreas-boeskov\/\" title=\"\"><span class=\"brz-span\">Andreas Boeskov<\/span><\/a><\/li>\n<li data-menu-item-id=\"c3c1c17cda31133870aa517efb554875\" class=\"brz-menu__item menu-item menu-item-type-post_type menu-item-object-page\"><a class=\"brz-a\" target=\"\" href=\"https:\/\/sloengeldage.dk\/index.php\/benni-boedker\/\" title=\"\"><span class=\"brz-span\">Benni B\u00f8dker<\/span><\/a><\/li>\n<li data-menu-item-id=\"e3fc41b6702d64d170a01ef8858b8d70\" class=\"brz-menu__item menu-item menu-item-type-post_type menu-item-object-page\"><a class=\"brz-a\" target=\"\" href=\"https:\/\/sloengeldage.dk\/index.php\/jan-kjaer\/\" title=\"\"><span class=\"brz-span\">Jan Kj\u00e6r<\/span><\/a><\/li>\n<li data-menu-item-id=\"b02ac084ed53f26b0cc25032d03a24de\" class=\"brz-menu__item menu-item menu-item-type-post_type menu-item-object-page\"><a class=\"brz-a\" target=\"\" href=\"https:\/\/sloengeldage.dk\/index.php\/lg-jensen-og-sandra-schwartz\/\" title=\"\"><span class=\"brz-span\">LG Jensen og Sandra Schwartz<\/span><\/a><\/li>\n<li data-menu-item-id=\"7ebeac9dbd80ff03e7876f5b50217bb9\" class=\"brz-menu__item menu-item menu-item-type-post_type menu-item-object-page\"><a class=\"brz-a\" target=\"\" href=\"https:\/\/sloengeldage.dk\/index.php\/maria-roerbaek\/\" title=\"\"><span class=\"brz-span\">Maria R\u00f8rb\u00e6k<\/span><\/a><\/li>\n<li data-menu-item-id=\"2d7e0db76fc034d1aa775e33e6699439\" class=\"brz-menu__item menu-item menu-item-type-post_type menu-item-object-page\"><a class=\"brz-a\" target=\"\" href=\"https:\/\/sloengeldage.dk\/index.php\/mette-vedsoe\/\" title=\"\"><span class=\"brz-span\">Mette Veds\u00f8<\/span><\/a><\/li>\n<li data-menu-item-id=\"3105d905ba1fe3ef550f13742b49792a\" class=\"brz-menu__item menu-item menu-item-type-post_type menu-item-object-page\"><a class=\"brz-a\" target=\"\" href=\"https:\/\/sloengeldage.dk\/index.php\/nor-og-far\/\" title=\"\"><span class=\"brz-span\">Nor og Far<\/span><\/a><\/li>\n<li data-menu-item-id=\"a0c2762cbf263c8df0c1431957f6c889\" class=\"brz-menu__item menu-item menu-item-type-post_type menu-item-object-page\"><a class=\"brz-a\" target=\"\" href=\"https:\/\/sloengeldage.dk\/index.php\/sigurd-barrett\/\" title=\"\"><span class=\"brz-span\">Sigurd Barrett<\/span><\/a><\/li>\n<li data-menu-item-id=\"8a8afe0cfa396f9d52ec4ee51c97fb97\" class=\"brz-menu__item menu-item menu-item-type-post_type menu-item-object-page\"><a class=\"brz-a\" target=\"\" href=\"https:\/\/sloengeldage.dk\/index.php\/sophie-souid-thomas-hjorthaab\/\" title=\"\"><span class=\"brz-span\">Sophie Souid &amp; Thomas Hjorthaab<\/span><\/a><\/li>\n<\/ul>\n<\/nav>\n<\/div>\n<\/div>\n<\/div>\n<\/div>\n<div class=\"brz-columns brz-css-lk5ynk brz-css-1u9gq02\" data-brz-custom-id=\"f1WgWmTrt7fY\">\n<div class=\"brz-column__items brz-css-1gmkph5 brz-css-1dy7y8k\">\n<div id=\"\" class=\"brz-css-1jnylkn brz-css-10r41uf brz-wrapper\">\n<div class=\"brz-rich-text brz-rich-text__custom brz-css-1vsyqgq brz-css-10sy86w\" data-brz-custom-id=\"gietz7M9QjVo\">\n<div data-brz-translate-text=\"1\">\n<h1 class=\"brz-ls-xs-1_5 brz-fw-xs-700 brz-fss-xs-px brz-fs-xs-40 brz-tp-xs-empty brz-fsft-xs-0 brz-fwdth-xs-100 brz-vfw-xs-400 brz-lh-xs-1_3 brz-fsft-sm-0 brz-fwdth-sm-100 brz-vfw-sm-400 brz-lh-sm-1_3 brz-ls-sm-m_1 brz-fw-sm-700 brz-fss-sm-px brz-fs-sm-40 brz-tp-sm-empty brz-fs-lg-40 brz-ft-google brz-ff-roboto ql-align-center brz-text-lg-center brz-fss-lg-px brz-fw-lg-700 brz-ls-lg-m_1_5 brz-lh-lg-1_3 brz-vfw-lg-400 brz-fwdth-lg-100 brz-fsft-lg-0 brz-tp-lg-heading1 brz-css-rPMbO\" data-generated-css=\"brz-css-o6XSc\" data-uniq-id=\"o6r9i\"><span class=\"brz-cp-color4\">Maria R\u00f8rb\u00e6k<\/span><\/h1>\n<\/div>\n<\/div>\n<\/div>\n<div id=\"\" class=\"brz-css-1jnylkn brz-css-lg30m7 brz-wrapper\">\n<div class=\"brz-rich-text brz-rich-text__custom brz-css-1vsyqgq brz-css-rn75d9\" data-brz-custom-id=\"nEdxXZiuBQch\">\n<div data-brz-translate-text=\"1\">\n<p class=\"ql-align-center brz-fsft-lg-0 brz-fwdth-lg-100 brz-vfw-lg-400 brz-ff-roboto brz-ft-google brz-fs-lg-20 brz-fss-lg-px brz-tp-lg-paragraph brz-css-btiZA\" data-generated-css=\"brz-css-zNhdf\" data-uniq-id=\"ux7ox\"><span class=\"brz-cp-color1 brz-span\" style=\"background-color: transparent\">De Hemmelige Youtubere handler den om 12-\u00e5rige Magnus, der bliver drillet med sit store, sorte moderm\u00e6rke. Sammen med klassekammeraten Selma, der ogs\u00e5 bliver drillet, laver han en hemmelig YouTube-kanal, hvor de er forkl\u00e6dt bag skibriller og store parykker \u2013 Magnus t\u00f8r nemlig ikke st\u00e5 frem som sig selv, fordi han er bange for at blive mobbet endnu mere. De to b\u00f8rn finder ud af, at de faktisk er sjove \u2013 og Magnus f\u00e5r modet til at st\u00e5 ved b\u00e5de sig selv og Selma.<\/span><\/p>\n<p class=\"ql-align-center brz-fsft-lg-0 brz-fwdth-lg-100 brz-vfw-lg-400 brz-ff-roboto brz-ft-google brz-fs-lg-20 brz-fss-lg-px brz-tp-lg-paragraph brz-css-b9rIO\" data-generated-css=\"brz-css-zNhdf\" data-uniq-id=\"ux7ox\"><\/p>\n<p class=\"ql-align-center brz-fsft-lg-0 brz-fwdth-lg-100 brz-vfw-lg-400 brz-ff-roboto brz-ft-google brz-fs-lg-20 brz-fss-lg-px brz-tp-lg-paragraph brz-css-wd9HM\" data-generated-css=\"brz-css-i2otS\" data-uniq-id=\"qHS6L\"><span class=\"brz-cp-color1 brz-span\" style=\"background-color: transparent\">Foredraget om De Hemmelige Youtubere tager udgangspunkt i romanen, men f\u00f8rer ogs\u00e5 eleverne med ind i forfatterens v\u00e6rksted. Det handler blandt andet om ideudvikling, opbygning af karakterer og dialog. Den r\u00f8de tr\u00e5d er forfatterens erfaringer med at skrive De Hemmelige Youtubere samtidig med, at eleverne ogs\u00e5 selv bliver aktive og fx skal pr\u00f8ve at lave sm\u00e5 dialoger og skabe deres egen, f\u00e6lles historie.<\/span><\/p>\n<p class=\"ql-align-center brz-fsft-lg-0 brz-fwdth-lg-100 brz-vfw-lg-400 brz-ff-roboto brz-ft-google brz-fs-lg-20 brz-fss-lg-px brz-tp-lg-paragraph brz-css-aKvL4\" data-generated-css=\"brz-css-i2otS\" data-uniq-id=\"qHS6L\"><\/p>\n<p class=\"ql-align-center brz-fsft-lg-0 brz-fwdth-lg-100 brz-vfw-lg-400 brz-ff-roboto brz-ft-google brz-fs-lg-20 brz-fss-lg-px brz-tp-lg-paragraph brz-css-sIwtt\" data-generated-css=\"brz-css-jm0qV\" data-uniq-id=\"uzshl\"><span class=\"brz-cp-color1 brz-span\" style=\"background-color: transparent\">Eleverne opfordres til at l\u00e6se en eller flere b\u00f8ger i serien: De Hemmelige Youtubere (som bog eller p\u00e5 eReolenGo, hvor den ogs\u00e5 er som lydbog.) Gennem CFU kan De Hemmelige Youtubere l\u00e6ses elektronisk af alle skoleelever, og der er udviklet undervisningsmateriale.<\/span><\/p>\n<p class=\"brz-tp-lg-paragraph brz-fsft-lg-0 brz-fwdth-lg-100 brz-vfw-lg-400 brz-fss-lg-px brz-fs-lg-20 brz-ft-google brz-ff-roboto brz-css-jN0WA\" data-generated-css=\"brz-css-wg5h2\" data-uniq-id=\"l4oh9\"><span class=\"brz-cp-color1 brz-span\" style=\"background-color: transparent\">De Hemmelige Youtubere 4, No Shame, vandt i 2024 Orlaprisen for \u00e5rets bedste bog om venskab.&nbsp;<\/span><\/p>\n<\/div>\n<\/div>\n<\/div>\n<div class=\"brz-wrapper-clone brz-flex-xs-wrap brz-css-16jukem brz-css-1nz07he\" data-brz-custom-id=\"bMlnXo5kLLKR\"><a class=\"brz-a brz-btn brz-css-zhhki9 brz-css-187ckcx brz-css-rhjkqi brz-css-16g12za\" href=\"https:\/\/www.mariar.dk\/forfatterbesoeg-hemmelige-youtubere\/\" target=\"_blank\" rel=\"noopener noreferrer\" data-brz-link-type=\"external\" data-brz-custom-id=\"h9EPMNnQzU0w\"><span data-brz-translate-text=\"1\" class=\"brz-span brz-text__editor\">L\u00e6s mere om Maria R\u00f8rb\u00e6k og De hemmelige Youtubere<\/span><\/a><\/div>\n<\/div>\n<\/div>\n<\/div>\n<\/div>\n<\/div>\n<\/div>\n<\/section><\/div>\n<p><!-- version:1759130930 --><\/p>\n","protected":false},"excerpt":{"rendered":"<p>Maria R\u00f8rb\u00e6k Andreas Boeskov Benni B\u00f8dker Jan Kj\u00e6r LG Jensen og Sandra Schwartz Maria R\u00f8rb\u00e6k Mette Veds\u00f8 Nor og Far Sigurd Barrett Sophie Souid &amp; Thomas Hjorthaab Andreas Boeskov Benni B\u00f8dker Jan Kj\u00e6r LG Jensen og Sandra Schwartz Maria R\u00f8rb\u00e6k Mette Veds\u00f8 Nor og Far Sigurd Barrett Sophie Souid &amp; Thomas Hjorthaab Maria R\u00f8rb\u00e6k De &hellip; <\/p>\n<p class=\"link-more\"><a href=\"https:\/\/sloengeldage.dk\/index.php\/maria-roerbaek\/\" class=\"more-link\">Continue reading<span class=\"screen-reader-text\"> &#8220;Maria R\u00f8rb\u00e6k&#8221;<\/span><\/a><\/p>\n","protected":false},"author":1,"featured_media":0,"parent":0,"menu_order":0,"comment_status":"closed","ping_status":"closed","template":"brizy-blank-template.php","meta":{"footnotes":""},"folder":[102],"class_list":["post-1824","page","type-page","status-publish","hentry","entry"],"brizy_media":[{"id":1835,"url":"https:\/\/sloengeldage.dk\/wp-content\/uploads\/MariaRoerbaek.jpg","name":"MariaRoerbaek.jpg","meta":{"brizy_attachment_uid":"wp-7c606ed3125f14e8fea043a536e05653.jpg","brizy_post_uid":["8693e6427cc92969460825557a533d27","8188b2cae34aeb45536f747697c7511f","af924bd788f23a0f409d9d8b64a69932"]}},{"id":1836,"url":"https:\/\/sloengeldage.dk\/wp-content\/uploads\/Maria-Roerbaek-De-hemmelige-Youtubere.jpg","name":"Maria-Roerbaek-De-hemmelige-Youtubere.jpg","meta":{"brizy_attachment_uid":"wp-ca811e3421e817f092f659743d99de27.jpg","brizy_post_uid":["8693e6427cc92969460825557a533d27"]}}],"_links":{"self":[{"href":"https:\/\/sloengeldage.dk\/index.php\/wp-json\/wp\/v2\/pages\/1824","targetHints":{"allow":["GET"]}}],"collection":[{"href":"https:\/\/sloengeldage.dk\/index.php\/wp-json\/wp\/v2\/pages"}],"about":[{"href":"https:\/\/sloengeldage.dk\/index.php\/wp-json\/wp\/v2\/types\/page"}],"author":[{"embeddable":true,"href":"https:\/\/sloengeldage.dk\/index.php\/wp-json\/wp\/v2\/users\/1"}],"replies":[{"embeddable":true,"href":"https:\/\/sloengeldage.dk\/index.php\/wp-json\/wp\/v2\/comments?post=1824"}],"version-history":[{"count":11,"href":"https:\/\/sloengeldage.dk\/index.php\/wp-json\/wp\/v2\/pages\/1824\/revisions"}],"predecessor-version":[{"id":2629,"href":"https:\/\/sloengeldage.dk\/index.php\/wp-json\/wp\/v2\/pages\/1824\/revisions\/2629"}],"wp:attachment":[{"href":"https:\/\/sloengeldage.dk\/index.php\/wp-json\/wp\/v2\/media?parent=1824"}],"wp:term":[{"taxonomy":"folder","embeddable":true,"href":"https:\/\/sloengeldage.dk\/index.php\/wp-json\/wp\/v2\/folder?post=1824"}],"curies":[{"name":"wp","href":"https:\/\/api.w.org\/{rel}","templated":true}]}}