{"id":1786,"date":"2025-09-11T13:54:12","date_gmt":"2025-09-11T13:54:12","guid":{"rendered":"http:\/\/167.235.1.82\/~sloengel\/nyside\/?page_id=1786"},"modified":"2026-05-06T05:17:05","modified_gmt":"2026-05-06T05:17:05","slug":"sigurd-barrett","status":"publish","type":"page","link":"https:\/\/sloengeldage.dk\/index.php\/sigurd-barrett\/","title":{"rendered":"Sigurd Barrett"},"content":{"rendered":"<div class=\"brz brz-root__container brz-reset-all brz-root__container-page\">\n<section id=\"mmM9G6K4y7au_mmM9G6K4y7au\" class=\"brz-section brz-css-1d53jd1 brz-css-1kf67k5\">\n<div class=\"brz-section__content brz-section--boxed brz-css-dd52xc brz-css-1l9poh3\" data-brz-custom-id=\"qEGiZzFT8gdg\">\n<div class=\"brz-container brz-css-anyik5 brz-css-1nn3k9n\">\n<div class=\"brz-row__container brz-css-13rk5dz brz-css-156fs6y\" data-brz-custom-id=\"mSViMwtKZUxx\">\n<div class=\"brz-row brz-css-m5v82v brz-css-a3pucn brz-css-p7xhaj\">\n<div class=\"brz-columns brz-css-5vnszy brz-css-5cifje\" data-brz-custom-id=\"jhKArMiOcdLK\">\n<div class=\"brz-bg\">\n<div class=\"brz-bg-color\"><\/div>\n<\/div>\n<div class=\"brz-column__items brz-css-1yk6xnq brz-css-kgatyr\">\n<div id=\"\" class=\"brz-css-1pehvn4 brz-css-1b9clyd brz-wrapper\">\n<div class=\"brz-image brz-css-ckephf brz-css-1hj64sz\" data-brz-custom-id=\"c2z8tOJMCGe2\"><img decoding=\"async\" class=\"brz-img\" src=\"https:\/\/sloengeldage.dk\/wp-content\/uploads\/Sigurd-fortaeller-om-rummet-bogforside-scaled.jpg\" loading=\"lazy\" alt=\"\" title=\"Sigurd fort\u00e6ller om rummet, bogforside\"><\/div>\n<\/div>\n<\/div>\n<\/div>\n<div class=\"brz-columns brz-css-5vnszy brz-css-zrry45\" data-brz-custom-id=\"v1un9x3U68oW\">\n<div class=\"brz-bg\">\n<div class=\"brz-bg-color\"><\/div>\n<\/div>\n<div class=\"brz-column__items brz-css-1yk6xnq brz-css-1rap6kt\">\n<div id=\"\" class=\"brz-css-1pehvn4 brz-css-krt8o0 brz-wrapper\">\n<div class=\"brz-rich-text brz-rich-text__custom brz-css-2e93zd brz-css-1uzu6x2\" data-brz-custom-id=\"rcYCVvDQpNvb\">\n<div data-brz-translate-text=\"1\">\n<p class=\"brz-tp-lg-p6v2dfHnW29e brz-text-lg-center brz-tp-sm-empty brz-fs-sm-40 brz-fss-sm-px brz-fw-sm-700 brz-ls-sm-0 brz-lh-sm-1_6 brz-vfw-sm-400 brz-fwdth-sm-100 brz-fsft-sm-0 brz-ls-xs-0 brz-lh-xs-1_6 brz-vfw-xs-400 brz-fwdth-xs-100 brz-fsft-xs-0 brz-tp-xs-empty brz-fs-xs-40 brz-fss-xs-px brz-fw-xs-700 brz-css-apUpK\" data-uniq-id=\"ucOiO\" data-generated-css=\"brz-css-faxVa\"><span class=\"brz-cp-color5\">Sigurd Barrett<\/span><\/p>\n<h1 class=\"brz-text-lg-center brz-tp-lg-heading1 brz-css-hDany\" data-uniq-id=\"iPeDB\" data-generated-css=\"brz-css-tRVNI\"><span class=\"brz-cp-color8\">fort\u00e6ller om rummet<\/span><\/h1>\n<\/div>\n<\/div>\n<\/div>\n<\/div>\n<\/div>\n<div class=\"brz-columns brz-css-5vnszy brz-css-1mpgth4\" data-brz-custom-id=\"fVi9n9AqbRAY\">\n<div class=\"brz-bg\">\n<div class=\"brz-bg-color\"><\/div>\n<\/div>\n<div class=\"brz-column__items brz-css-1yk6xnq brz-css-55mgsz\">\n<div id=\"\" class=\"brz-css-1pehvn4 brz-css-1808g7e brz-wrapper\">\n<div class=\"brz-image brz-css-1ovwvq brz-css-10expsn\" data-brz-custom-id=\"cvp21LhoctLr\"><img decoding=\"async\" class=\"brz-img\" src=\"https:\/\/sloengeldage.dk\/wp-content\/uploads\/SB_Sigurd-fortaeller-om-Rummet.jpg\" loading=\"lazy\" alt=\"\" title=\"SB_Sigurd-fortaeller-om-Rummet\"><\/div>\n<\/div>\n<\/div>\n<\/div>\n<\/div>\n<\/div>\n<\/div>\n<\/div>\n<\/section>\n<section id=\"rzFprqgDc_Tm_rzFprqgDc_Tm\" class=\"brz-section brz-css-1n4g1mn brz-css-jp41g\">\n<div class=\"brz-section__content brz-section--boxed brz-css-bfwqx3 brz-css-u61f1l\" data-brz-custom-id=\"taLKBD6lfupN\">\n<div class=\"brz-bg\">\n<div class=\"brz-bg-color\"><\/div>\n<\/div>\n<div class=\"brz-container brz-css-o05tnf brz-css-emangl\">\n<div class=\"brz-row__container brz-css-1g6nwej brz-css-27qnyu\" data-brz-custom-id=\"gCzgCd4XI4U6\">\n<div class=\"brz-row brz-css-14qducm brz-css-2ng94b brz-css-1t39e19\">\n<div class=\"brz-columns brz-css-1j34avg brz-css-19yazkb\" data-brz-custom-id=\"afK_GmoVQfUf\">\n<div class=\"brz-column__items brz-css-jbk6o1 brz-css-86kr04\">\n<div id=\"\" class=\"brz-css-1n7137s brz-css-1injt66 brz-wrapper\">\n<div class=\"brz-menu__container brz-css-ra53kf brz-css-1jc0t9w\" data-mmenu-id=\"#gCHqbMfndyC1_3de20f91af493f0e408b\" data-mmenu-position=\"position-left\" data-mmenu-title=\"Menu\" data-mmenu-stickytitle=\"off\" data-mmenu-isslider=\"false\" data-mmenu-closingicon=\"%7B%22desktop%22%3A%22off%22%2C%22tablet%22%3A%22off%22%2C%22mobile%22%3A%22off%22%7D\" data-brz-custom-id=\"gCHqbMfndyC1\">\n<nav data-mods=\"%7B%22desktop%22%3A%22vertical%22%2C%22tablet%22%3A%22vertical%22%2C%22mobile%22%3A%22vertical%22%7D\" class=\"brz-menu brz-menu__preview brz-css-dcmcg5 brz-css-9i4n5t\">\n<ul class=\"brz-menu__ul\" data-menu-items-active=\"\">\n<li data-menu-item-id=\"5a450b6d30ba7e4642c858270bb62ba6\" class=\"brz-menu__item menu-item menu-item-type-post_type menu-item-object-page\"><a class=\"brz-a\" target=\"\" href=\"https:\/\/sloengeldage.dk\/index.php\/andreas-boeskov\/\" title=\"\"><span class=\"brz-span\">Andreas Boeskov<\/span><\/a><\/li>\n<li data-menu-item-id=\"c3c1c17cda31133870aa517efb554875\" class=\"brz-menu__item menu-item menu-item-type-post_type menu-item-object-page\"><a class=\"brz-a\" target=\"\" href=\"https:\/\/sloengeldage.dk\/index.php\/benni-boedker\/\" title=\"\"><span class=\"brz-span\">Benni B\u00f8dker<\/span><\/a><\/li>\n<li data-menu-item-id=\"e3fc41b6702d64d170a01ef8858b8d70\" class=\"brz-menu__item menu-item menu-item-type-post_type menu-item-object-page\"><a class=\"brz-a\" target=\"\" href=\"https:\/\/sloengeldage.dk\/index.php\/jan-kjaer\/\" title=\"\"><span class=\"brz-span\">Jan Kj\u00e6r<\/span><\/a><\/li>\n<li data-menu-item-id=\"b02ac084ed53f26b0cc25032d03a24de\" class=\"brz-menu__item menu-item menu-item-type-post_type menu-item-object-page\"><a class=\"brz-a\" target=\"\" href=\"https:\/\/sloengeldage.dk\/index.php\/lg-jensen-og-sandra-schwartz\/\" title=\"\"><span class=\"brz-span\">LG Jensen og Sandra Schwartz<\/span><\/a><\/li>\n<li data-menu-item-id=\"7ebeac9dbd80ff03e7876f5b50217bb9\" class=\"brz-menu__item menu-item menu-item-type-post_type menu-item-object-page\"><a class=\"brz-a\" target=\"\" href=\"https:\/\/sloengeldage.dk\/index.php\/maria-roerbaek\/\" title=\"\"><span class=\"brz-span\">Maria R\u00f8rb\u00e6k<\/span><\/a><\/li>\n<li data-menu-item-id=\"2d7e0db76fc034d1aa775e33e6699439\" class=\"brz-menu__item menu-item menu-item-type-post_type menu-item-object-page\"><a class=\"brz-a\" target=\"\" href=\"https:\/\/sloengeldage.dk\/index.php\/mette-vedsoe\/\" title=\"\"><span class=\"brz-span\">Mette Veds\u00f8<\/span><\/a><\/li>\n<li data-menu-item-id=\"3105d905ba1fe3ef550f13742b49792a\" class=\"brz-menu__item menu-item menu-item-type-post_type menu-item-object-page\"><a class=\"brz-a\" target=\"\" href=\"https:\/\/sloengeldage.dk\/index.php\/nor-og-far\/\" title=\"\"><span class=\"brz-span\">Nor og Far<\/span><\/a><\/li>\n<li data-menu-item-id=\"a0c2762cbf263c8df0c1431957f6c889\" class=\"brz-menu__item menu-item menu-item-type-post_type menu-item-object-page\"><a class=\"brz-a\" target=\"\" href=\"https:\/\/sloengeldage.dk\/index.php\/sigurd-barrett\/\" title=\"\"><span class=\"brz-span\">Sigurd Barrett<\/span><\/a><\/li>\n<li data-menu-item-id=\"8a8afe0cfa396f9d52ec4ee51c97fb97\" class=\"brz-menu__item menu-item menu-item-type-post_type menu-item-object-page\"><a class=\"brz-a\" target=\"\" href=\"https:\/\/sloengeldage.dk\/index.php\/sophie-souid-thomas-hjorthaab\/\" title=\"\"><span class=\"brz-span\">Sophie Souid &amp; Thomas Hjorthaab<\/span><\/a><\/li>\n<\/ul>\n<\/nav>\n<div class=\"brz-mm-menu__icon\" data-brz-brz-mmenu-icon=\"off\"><\/div>\n<nav data-mods=\"%7B%22desktop%22%3A%22vertical%22%2C%22tablet%22%3A%22vertical%22%2C%22mobile%22%3A%22vertical%22%7D\" id=\"gCHqbMfndyC1_3de20f91af493f0e408b\" class=\"brz-menu brz-menu__preview brz-menu__mmenu brz-css-16w310n brz-css-vhyiov\">\n<ul class=\"brz-menu__ul\" data-menu-items-active=\"\">\n<li data-menu-item-id=\"5a450b6d30ba7e4642c858270bb62ba6\" class=\"brz-menu__item menu-item menu-item-type-post_type menu-item-object-page\"><a class=\"brz-a\" target=\"\" href=\"https:\/\/sloengeldage.dk\/index.php\/andreas-boeskov\/\" title=\"\"><span class=\"brz-span\">Andreas Boeskov<\/span><\/a><\/li>\n<li data-menu-item-id=\"c3c1c17cda31133870aa517efb554875\" class=\"brz-menu__item menu-item menu-item-type-post_type menu-item-object-page\"><a class=\"brz-a\" target=\"\" href=\"https:\/\/sloengeldage.dk\/index.php\/benni-boedker\/\" title=\"\"><span class=\"brz-span\">Benni B\u00f8dker<\/span><\/a><\/li>\n<li data-menu-item-id=\"e3fc41b6702d64d170a01ef8858b8d70\" class=\"brz-menu__item menu-item menu-item-type-post_type menu-item-object-page\"><a class=\"brz-a\" target=\"\" href=\"https:\/\/sloengeldage.dk\/index.php\/jan-kjaer\/\" title=\"\"><span class=\"brz-span\">Jan Kj\u00e6r<\/span><\/a><\/li>\n<li data-menu-item-id=\"b02ac084ed53f26b0cc25032d03a24de\" class=\"brz-menu__item menu-item menu-item-type-post_type menu-item-object-page\"><a class=\"brz-a\" target=\"\" href=\"https:\/\/sloengeldage.dk\/index.php\/lg-jensen-og-sandra-schwartz\/\" title=\"\"><span class=\"brz-span\">LG Jensen og Sandra Schwartz<\/span><\/a><\/li>\n<li data-menu-item-id=\"7ebeac9dbd80ff03e7876f5b50217bb9\" class=\"brz-menu__item menu-item menu-item-type-post_type menu-item-object-page\"><a class=\"brz-a\" target=\"\" href=\"https:\/\/sloengeldage.dk\/index.php\/maria-roerbaek\/\" title=\"\"><span class=\"brz-span\">Maria R\u00f8rb\u00e6k<\/span><\/a><\/li>\n<li data-menu-item-id=\"2d7e0db76fc034d1aa775e33e6699439\" class=\"brz-menu__item menu-item menu-item-type-post_type menu-item-object-page\"><a class=\"brz-a\" target=\"\" href=\"https:\/\/sloengeldage.dk\/index.php\/mette-vedsoe\/\" title=\"\"><span class=\"brz-span\">Mette Veds\u00f8<\/span><\/a><\/li>\n<li data-menu-item-id=\"3105d905ba1fe3ef550f13742b49792a\" class=\"brz-menu__item menu-item menu-item-type-post_type menu-item-object-page\"><a class=\"brz-a\" target=\"\" href=\"https:\/\/sloengeldage.dk\/index.php\/nor-og-far\/\" title=\"\"><span class=\"brz-span\">Nor og Far<\/span><\/a><\/li>\n<li data-menu-item-id=\"a0c2762cbf263c8df0c1431957f6c889\" class=\"brz-menu__item menu-item menu-item-type-post_type menu-item-object-page\"><a class=\"brz-a\" target=\"\" href=\"https:\/\/sloengeldage.dk\/index.php\/sigurd-barrett\/\" title=\"\"><span class=\"brz-span\">Sigurd Barrett<\/span><\/a><\/li>\n<li data-menu-item-id=\"8a8afe0cfa396f9d52ec4ee51c97fb97\" class=\"brz-menu__item menu-item menu-item-type-post_type menu-item-object-page\"><a class=\"brz-a\" target=\"\" href=\"https:\/\/sloengeldage.dk\/index.php\/sophie-souid-thomas-hjorthaab\/\" title=\"\"><span class=\"brz-span\">Sophie Souid &amp; Thomas Hjorthaab<\/span><\/a><\/li>\n<\/ul>\n<\/nav>\n<\/div>\n<\/div>\n<\/div>\n<\/div>\n<div class=\"brz-columns brz-css-1j34avg brz-css-zwhlnc\" data-brz-custom-id=\"cy2sUw2pJ4A6\">\n<div class=\"brz-column__items brz-css-jbk6o1 brz-css-2efgpm\">\n<div id=\"\" class=\"brz-css-1n7137s brz-css-1hq9dst brz-wrapper\">\n<div class=\"brz-rich-text brz-rich-text__custom brz-css-1fcycrm brz-css-6hj2ct\" data-brz-custom-id=\"keaigyUbupdh\">\n<div data-brz-translate-text=\"1\">\n<h1 class=\"brz-tp-lg-heading1 brz-fsft-lg-0 brz-fwdth-lg-100 brz-vfw-lg-400 brz-lh-lg-1_3 brz-ls-lg-m_1_5 brz-fw-lg-700 brz-fss-lg-px brz-text-lg-center ql-align-center brz-ff-roboto brz-ft-google brz-fs-lg-40 brz-tp-xs-empty brz-fs-xs-34 brz-fss-xs-px brz-fw-xs-700 brz-ls-xs-m_1 brz-lh-xs-1_3 brz-vfw-xs-400 brz-fwdth-xs-100 brz-fsft-xs-0 brz-tp-sm-empty brz-fs-sm-40 brz-fss-sm-px brz-fw-sm-700 brz-ls-sm-m_1 brz-lh-sm-1_3 brz-vfw-sm-400 brz-fwdth-sm-100 brz-fsft-sm-0 brz-css-lTphd\" data-uniq-id=\"u4mXy\" data-generated-css=\"brz-css-uWHnU\"><span class=\"brz-cp-color4\">Sigurd Barrett<\/span><\/h1>\n<\/div>\n<\/div>\n<\/div>\n<div id=\"\" class=\"brz-css-1n7137s brz-css-1k02j4j brz-wrapper\">\n<div class=\"brz-rich-text brz-rich-text__custom brz-css-1fcycrm brz-css-1vdloz4\" data-brz-custom-id=\"l3VVi6FN7fDQ\">\n<div data-brz-translate-text=\"1\">\n<p class=\"brz-fw-lg-400 brz-fss-lg-px brz-fs-lg-20 brz-ft-google brz-ff-roboto brz-fsft-lg-0 brz-fwdth-lg-100 brz-vfw-lg-400 ql-align-center brz-tp-lg-paragraph brz-css-xdoVD\" data-generated-css=\"brz-css-q3PoZ\" data-uniq-id=\"mj9wq\"><span class=\"brz-cp-color1 brz-span\">Hvad er et sort hul? Hvorfor skal vi rejse ud i rummet? Og hvad kan vi l\u00e6re af det? SIGURDS RUMREJSE er en helt ny fort\u00e6llekoncert for hele familien, hvor Sigurd sammen med sin guitarist Eskild Dohn tager b\u00f8rn i alle aldre med ud i rummet.<\/span><\/p>\n<p class=\"ql-align-center brz-fw-lg-400 brz-fss-lg-px brz-fs-lg-20 brz-ft-google brz-ff-roboto brz-fsft-lg-0 brz-fwdth-lg-100 brz-vfw-lg-400 brz-tp-lg-paragraph brz-css-xoMFd\" data-generated-css=\"brz-css-gykbK\" data-uniq-id=\"kQlTo\"><span class=\"brz-cp-color1 brz-span\"> <\/span><\/p>\n<p class=\"brz-fw-lg-400 brz-fss-lg-px brz-fs-lg-20 brz-ft-google brz-ff-roboto brz-fsft-lg-0 brz-fwdth-lg-100 brz-vfw-lg-400 brz-tp-lg-paragraph brz-css-jacoE\" data-generated-css=\"brz-css-caiII\" data-uniq-id=\"clz8v\"><span class=\"brz-cp-color1 brz-span\">P\u00e5 skuldrene af bogen SIGURD FORT\u00c6LLER OM RUMMET h\u00f8rer vi om vores eget solsystem, om universet og om alle dets m\u00e6rkelige f\u00e6nomener. Sigurd Barrett og Eskild Dohns familiekoncert SIGURD FORT\u00c6LLER OM NATURVIDENSKAB trak fulde huse ved flere end 100 koncerter, og denne gang har Sigurd og Eskild skrevet 16 helt nye sange om rummet, som b\u00f8rn i alle aldre kan l\u00e6re at synge med p\u00e5.<\/span><\/p>\n<p class=\"brz-fsft-lg-0 brz-fwdth-lg-100 brz-vfw-lg-400 brz-fw-lg-400 brz-fss-lg-px brz-fs-lg-20 brz-ft-google brz-ff-roboto brz-tp-lg-paragraph brz-css-pykZW\" data-generated-css=\"brz-css-fLQVT\" data-uniq-id=\"pBUPD\"><span class=\"brz-cp-color1 brz-span\"> <\/span><\/p>\n<p class=\"brz-fsft-lg-0 brz-fwdth-lg-100 brz-vfw-lg-400 brz-lh-lg-1_7 brz-ls-lg-0 brz-fw-lg-400 brz-fss-lg-px brz-fs-lg-20 brz-ft-google brz-ff-roboto brz-tp-lg-paragraph brz-css-yrR2p\" data-generated-css=\"brz-css-ei4MR\" data-uniq-id=\"vC_mp\"><span class=\"brz-cp-color1 brz-span\">Projektet er udviklet i samarbejde med DTU Space og Brorfelde Observatorium.<\/span><\/p>\n<\/div>\n<\/div>\n<\/div>\n<div class=\"brz-wrapper-clone brz-flex-xs-wrap brz-css-1npa930 brz-css-wr1dce\" data-brz-custom-id=\"bTK4a5tiefui\"><a class=\"brz-a brz-btn brz-css-17ces5y brz-css-16ybnaa brz-css-i5o69o brz-css-x8l7hb\" href=\"https:\/\/www.politikensforlag.dk\/sigurd-fortaeller-om-rummet\/t-4\/9788740082647\" target=\"_self\" rel=\"noopener\" data-brz-link-type=\"external\" data-brz-custom-id=\"bhVJT0XLkd01\"><span data-brz-translate-text=\"1\" class=\"brz-span brz-text__editor\">L\u00e6s mere om Sigurd fort\u00e6ller om rummet<\/span><\/a><\/div>\n<\/div>\n<\/div>\n<\/div>\n<\/div>\n<\/div>\n<\/div>\n<\/section><\/div>\n<p><!-- version:1759130997 --><\/p>\n","protected":false},"excerpt":{"rendered":"<p>Sigurd Barrett fort\u00e6ller om rummet Andreas Boeskov Benni B\u00f8dker Jan Kj\u00e6r LG Jensen og Sandra Schwartz Maria R\u00f8rb\u00e6k Mette Veds\u00f8 Nor og Far Sigurd Barrett Sophie Souid &amp; Thomas Hjorthaab Andreas Boeskov Benni B\u00f8dker Jan Kj\u00e6r LG Jensen og Sandra Schwartz Maria R\u00f8rb\u00e6k Mette Veds\u00f8 Nor og Far Sigurd Barrett Sophie Souid &amp; Thomas Hjorthaab &hellip; <\/p>\n<p class=\"link-more\"><a href=\"https:\/\/sloengeldage.dk\/index.php\/sigurd-barrett\/\" class=\"more-link\">Continue reading<span class=\"screen-reader-text\"> &#8220;Sigurd Barrett&#8221;<\/span><\/a><\/p>\n","protected":false},"author":1,"featured_media":0,"parent":0,"menu_order":0,"comment_status":"closed","ping_status":"closed","template":"brizy-blank-template.php","meta":{"footnotes":""},"folder":[102],"class_list":["post-1786","page","type-page","status-publish","hentry","entry"],"brizy_media":[{"id":1794,"url":"https:\/\/sloengeldage.dk\/wp-content\/uploads\/SB_Sigurd-fortaeller-om-Rummet.jpg","name":"SB_Sigurd-fortaeller-om-Rummet.jpg","meta":{"brizy_attachment_uid":"wp-7a9b8a38722d703f22fa3030cf08f895.jpg","brizy_post_uid":["bc14acae54e3aea3130c1a34f9364120","a5ac2a14150c9ddf743b9eedf0cb1807","c6b87f3569faba4004b93f9ea00cb254","8188b2cae34aeb45536f747697c7511f","5554cc041f8759477609c1e7723d9013","c01d2e30a9326151559940b52cf26a89","01535875b694cabb84a3e7e5cebf38e9","b1db65effdd867fba92448bfc41bd833"]}},{"id":1795,"url":"https:\/\/sloengeldage.dk\/wp-content\/uploads\/Sigurd-fortaeller-om-rummet-bogforside-scaled.jpg","name":"Sigurd-fortaeller-om-rummet-bogforside.jpg","meta":{"brizy_attachment_uid":"wp-4523976ede69796a4984534c77aa2d0e.jpg","brizy_post_uid":["bc14acae54e3aea3130c1a34f9364120"]}}],"_links":{"self":[{"href":"https:\/\/sloengeldage.dk\/index.php\/wp-json\/wp\/v2\/pages\/1786","targetHints":{"allow":["GET"]}}],"collection":[{"href":"https:\/\/sloengeldage.dk\/index.php\/wp-json\/wp\/v2\/pages"}],"about":[{"href":"https:\/\/sloengeldage.dk\/index.php\/wp-json\/wp\/v2\/types\/page"}],"author":[{"embeddable":true,"href":"https:\/\/sloengeldage.dk\/index.php\/wp-json\/wp\/v2\/users\/1"}],"replies":[{"embeddable":true,"href":"https:\/\/sloengeldage.dk\/index.php\/wp-json\/wp\/v2\/comments?post=1786"}],"version-history":[{"count":14,"href":"https:\/\/sloengeldage.dk\/index.php\/wp-json\/wp\/v2\/pages\/1786\/revisions"}],"predecessor-version":[{"id":2631,"href":"https:\/\/sloengeldage.dk\/index.php\/wp-json\/wp\/v2\/pages\/1786\/revisions\/2631"}],"wp:attachment":[{"href":"https:\/\/sloengeldage.dk\/index.php\/wp-json\/wp\/v2\/media?parent=1786"}],"wp:term":[{"taxonomy":"folder","embeddable":true,"href":"https:\/\/sloengeldage.dk\/index.php\/wp-json\/wp\/v2\/folder?post=1786"}],"curies":[{"name":"wp","href":"https:\/\/api.w.org\/{rel}","templated":true}]}}