{"id":1770,"date":"2025-09-11T13:27:29","date_gmt":"2025-09-11T13:27:29","guid":{"rendered":"http:\/\/167.235.1.82\/~sloengel\/nyside\/?page_id=1770"},"modified":"2026-05-06T11:24:04","modified_gmt":"2026-05-06T11:24:04","slug":"nor-og-far","status":"publish","type":"page","link":"https:\/\/sloengeldage.dk\/index.php\/nor-og-far\/","title":{"rendered":"Nor og Far"},"content":{"rendered":"<div class=\"brz brz-root__container brz-reset-all brz-root__container-page\">\n<section id=\"likpNQ0SSvGK_likpNQ0SSvGK\" class=\"brz-section brz-css-6tniyo brz-css-vmqlj0\">\n<div class=\"brz-section__content brz-section--boxed brz-css-18cy78 brz-css-3d71t9\" data-brz-custom-id=\"gWNmFNjmrK2I\">\n<div class=\"brz-container brz-css-1mmewyz brz-css-17a4zvc\">\n<div class=\"brz-row__container brz-css-1b26p6g brz-css-p8wjgc\" data-brz-custom-id=\"rxY9Jr6j9WI1\">\n<div class=\"brz-row brz-css-5belg brz-css-znoqul brz-css-1q3ed1y\">\n<div class=\"brz-columns brz-css-q5khh brz-css-1oyq0cf\" data-brz-custom-id=\"fP8wpBF4yZle\">\n<div class=\"brz-bg\">\n<div class=\"brz-bg-color\"><\/div>\n<\/div>\n<div class=\"brz-column__items brz-css-8zzwei brz-css-ibe2bz\">\n<div id=\"\" class=\"brz-css-1n2nh66 brz-css-j4mwp0 brz-wrapper\">\n<div class=\"brz-image brz-css-1nrcc55 brz-css-r2p7hv\" data-brz-custom-id=\"bqiv0dJmLo5m\"><img decoding=\"async\" class=\"brz-img\" src=\"https:\/\/sloengeldage.dk\/wp-content\/uploads\/Nor-og-Far2-scaled.jpeg\" loading=\"lazy\" title=\"\"><\/div>\n<\/div>\n<\/div>\n<\/div>\n<div class=\"brz-columns brz-css-q5khh brz-css-1lqdtlu\" data-brz-custom-id=\"nCNXJyEO3lAZ\">\n<div class=\"brz-bg\">\n<div class=\"brz-bg-color\"><\/div>\n<\/div>\n<div class=\"brz-column__items brz-css-8zzwei brz-css-t611fr\">\n<div id=\"\" class=\"brz-css-1n2nh66 brz-css-104qblq brz-wrapper\">\n<div class=\"brz-rich-text brz-rich-text__custom brz-css-8d3mke brz-css-1dhpbhu\" data-brz-custom-id=\"kS7wDUcSQKLD\">\n<div data-brz-translate-text=\"1\">\n<p class=\"brz-fw-sm-700 brz-fss-sm-px brz-fs-sm-40 brz-tp-sm-empty brz-fsft-sm-0 brz-fwdth-sm-100 brz-vfw-sm-400 brz-lh-sm-1_6 brz-ls-sm-0 brz-tp-lg-p6v2dfHnW29e brz-text-lg-center brz-css-xol8U\" data-uniq-id=\"djxK8\" data-generated-css=\"brz-css-cvvzZ\"><span class=\"brz-cp-color5\">Nor og Far<\/span><\/p>\n<h1 class=\"brz-text-lg-center brz-tp-lg-heading1 brz-css-rRK1y\" data-uniq-id=\"tWgfd\" data-generated-css=\"brz-css-nBlWk\"><span class=\"brz-cp-color8\">bogbloggere<\/span><\/h1>\n<\/div>\n<\/div>\n<\/div>\n<\/div>\n<\/div>\n<div class=\"brz-columns brz-css-q5khh brz-css-qo3mby\" data-brz-custom-id=\"wfsjH2T2IBb0\">\n<div class=\"brz-bg\">\n<div class=\"brz-bg-color\"><\/div>\n<\/div>\n<div class=\"brz-column__items brz-css-8zzwei brz-css-1xk0zz0\">\n<div id=\"\" class=\"brz-css-1n2nh66 brz-css-1wbtx5c brz-wrapper\">\n<div class=\"brz-image brz-css-e7yiq brz-css-1bzt8j9\" data-brz-custom-id=\"w2JJIKg49iCc\"><img decoding=\"async\" class=\"brz-img\" src=\"https:\/\/sloengeldage.dk\/wp-content\/uploads\/Nor-og-Far-scaled.jpeg\" loading=\"lazy\" title=\"\"><\/div>\n<\/div>\n<\/div>\n<\/div>\n<\/div>\n<\/div>\n<\/div>\n<\/div>\n<\/section>\n<section id=\"vcS_FI33sxFI_vcS_FI33sxFI\" class=\"brz-section brz-css-d-section brz-css-9nt8k5\">\n<div class=\"brz-section__content brz-section--boxed brz-css-d-sectionitem-bg brz-css-164o3vk\" data-brz-custom-id=\"j_IKwF2Ngddn\">\n<div class=\"brz-bg\">\n<div class=\"brz-bg-color\"><\/div>\n<\/div>\n<div class=\"brz-container brz-css-d-sectionitem-container brz-css-qspati\">\n<div class=\"brz-row__container brz-css-d-row-row brz-css-1f7ydw5\" data-brz-custom-id=\"kQMHOghwrjU4\">\n<div class=\"brz-row brz-css-d-row-container brz-css-r-row-container brz-css-vgtncw\">\n<div class=\"brz-columns brz-css-d-column-column brz-css-2xahy5\" data-brz-custom-id=\"hz7uqxd6RiJ7\">\n<div class=\"brz-column__items brz-css-d-column-bg brz-css-a9nevn\">\n<div id=\"\" class=\"brz-css-d-wrapper brz-css-7n1g7h brz-wrapper\">\n<div class=\"brz-menu__container brz-css-d-menu-menu-container brz-css-1tixv9i\" data-mmenu-id=\"#qmfyOrrrBYbl_0c6c1bb026c3049b0b26\" data-mmenu-position=\"position-left\" data-mmenu-title=\"Menu\" data-mmenu-stickytitle=\"off\" data-mmenu-isslider=\"false\" data-mmenu-closingicon=\"%7B%22desktop%22%3A%22off%22%2C%22tablet%22%3A%22off%22%2C%22mobile%22%3A%22off%22%7D\" data-brz-custom-id=\"qmfyOrrrBYbl\">\n<nav data-mods=\"%7B%22desktop%22%3A%22vertical%22%2C%22tablet%22%3A%22vertical%22%2C%22mobile%22%3A%22vertical%22%7D\" class=\"brz-menu brz-menu__preview brz-css-d-menu-menu brz-css-1086lxb\">\n<ul class=\"brz-menu__ul\" data-menu-items-active=\"\">\n<li data-menu-item-id=\"5a450b6d30ba7e4642c858270bb62ba6\" class=\"brz-menu__item menu-item menu-item-type-post_type menu-item-object-page\"><a class=\"brz-a\" target=\"\" href=\"https:\/\/sloengeldage.dk\/index.php\/andreas-boeskov\/\" title=\"\"><span class=\"brz-span\">Andreas Boeskov<\/span><\/a><\/li>\n<li data-menu-item-id=\"c3c1c17cda31133870aa517efb554875\" class=\"brz-menu__item menu-item menu-item-type-post_type menu-item-object-page\"><a class=\"brz-a\" target=\"\" href=\"https:\/\/sloengeldage.dk\/index.php\/benni-boedker\/\" title=\"\"><span class=\"brz-span\">Benni B\u00f8dker<\/span><\/a><\/li>\n<li data-menu-item-id=\"e3fc41b6702d64d170a01ef8858b8d70\" class=\"brz-menu__item menu-item menu-item-type-post_type menu-item-object-page\"><a class=\"brz-a\" target=\"\" href=\"https:\/\/sloengeldage.dk\/index.php\/jan-kjaer\/\" title=\"\"><span class=\"brz-span\">Jan Kj\u00e6r<\/span><\/a><\/li>\n<li data-menu-item-id=\"b02ac084ed53f26b0cc25032d03a24de\" class=\"brz-menu__item menu-item menu-item-type-post_type menu-item-object-page\"><a class=\"brz-a\" target=\"\" href=\"https:\/\/sloengeldage.dk\/index.php\/lg-jensen-og-sandra-schwartz\/\" title=\"\"><span class=\"brz-span\">LG Jensen og Sandra Schwartz<\/span><\/a><\/li>\n<li data-menu-item-id=\"7ebeac9dbd80ff03e7876f5b50217bb9\" class=\"brz-menu__item menu-item menu-item-type-post_type menu-item-object-page\"><a class=\"brz-a\" target=\"\" href=\"https:\/\/sloengeldage.dk\/index.php\/maria-roerbaek\/\" title=\"\"><span class=\"brz-span\">Maria R\u00f8rb\u00e6k<\/span><\/a><\/li>\n<li data-menu-item-id=\"2d7e0db76fc034d1aa775e33e6699439\" class=\"brz-menu__item menu-item menu-item-type-post_type menu-item-object-page\"><a class=\"brz-a\" target=\"\" href=\"https:\/\/sloengeldage.dk\/index.php\/mette-vedsoe\/\" title=\"\"><span class=\"brz-span\">Mette Veds\u00f8<\/span><\/a><\/li>\n<li data-menu-item-id=\"3105d905ba1fe3ef550f13742b49792a\" class=\"brz-menu__item menu-item menu-item-type-post_type menu-item-object-page\"><a class=\"brz-a\" target=\"\" href=\"https:\/\/sloengeldage.dk\/index.php\/nor-og-far\/\" title=\"\"><span class=\"brz-span\">Nor og Far<\/span><\/a><\/li>\n<li data-menu-item-id=\"a0c2762cbf263c8df0c1431957f6c889\" class=\"brz-menu__item menu-item menu-item-type-post_type menu-item-object-page\"><a class=\"brz-a\" target=\"\" href=\"https:\/\/sloengeldage.dk\/index.php\/sigurd-barrett\/\" title=\"\"><span class=\"brz-span\">Sigurd Barrett<\/span><\/a><\/li>\n<li data-menu-item-id=\"8a8afe0cfa396f9d52ec4ee51c97fb97\" class=\"brz-menu__item menu-item menu-item-type-post_type menu-item-object-page\"><a class=\"brz-a\" target=\"\" href=\"https:\/\/sloengeldage.dk\/index.php\/sophie-souid-thomas-hjorthaab\/\" title=\"\"><span class=\"brz-span\">Sophie Souid &amp; Thomas Hjorthaab<\/span><\/a><\/li>\n<\/ul>\n<\/nav>\n<div class=\"brz-mm-menu__icon\" data-brz-brz-mmenu-icon=\"off\"><\/div>\n<nav data-mods=\"%7B%22desktop%22%3A%22vertical%22%2C%22tablet%22%3A%22vertical%22%2C%22mobile%22%3A%22vertical%22%7D\" id=\"qmfyOrrrBYbl_0c6c1bb026c3049b0b26\" class=\"brz-menu brz-menu__preview brz-menu__mmenu brz-css-d-menu-mmenu brz-css-l3eihc\">\n<ul class=\"brz-menu__ul\" data-menu-items-active=\"\">\n<li data-menu-item-id=\"5a450b6d30ba7e4642c858270bb62ba6\" class=\"brz-menu__item menu-item menu-item-type-post_type menu-item-object-page\"><a class=\"brz-a\" target=\"\" href=\"https:\/\/sloengeldage.dk\/index.php\/andreas-boeskov\/\" title=\"\"><span class=\"brz-span\">Andreas Boeskov<\/span><\/a><\/li>\n<li data-menu-item-id=\"c3c1c17cda31133870aa517efb554875\" class=\"brz-menu__item menu-item menu-item-type-post_type menu-item-object-page\"><a class=\"brz-a\" target=\"\" href=\"https:\/\/sloengeldage.dk\/index.php\/benni-boedker\/\" title=\"\"><span class=\"brz-span\">Benni B\u00f8dker<\/span><\/a><\/li>\n<li data-menu-item-id=\"e3fc41b6702d64d170a01ef8858b8d70\" class=\"brz-menu__item menu-item menu-item-type-post_type menu-item-object-page\"><a class=\"brz-a\" target=\"\" href=\"https:\/\/sloengeldage.dk\/index.php\/jan-kjaer\/\" title=\"\"><span class=\"brz-span\">Jan Kj\u00e6r<\/span><\/a><\/li>\n<li data-menu-item-id=\"b02ac084ed53f26b0cc25032d03a24de\" class=\"brz-menu__item menu-item menu-item-type-post_type menu-item-object-page\"><a class=\"brz-a\" target=\"\" href=\"https:\/\/sloengeldage.dk\/index.php\/lg-jensen-og-sandra-schwartz\/\" title=\"\"><span class=\"brz-span\">LG Jensen og Sandra Schwartz<\/span><\/a><\/li>\n<li data-menu-item-id=\"7ebeac9dbd80ff03e7876f5b50217bb9\" class=\"brz-menu__item menu-item menu-item-type-post_type menu-item-object-page\"><a class=\"brz-a\" target=\"\" href=\"https:\/\/sloengeldage.dk\/index.php\/maria-roerbaek\/\" title=\"\"><span class=\"brz-span\">Maria R\u00f8rb\u00e6k<\/span><\/a><\/li>\n<li data-menu-item-id=\"2d7e0db76fc034d1aa775e33e6699439\" class=\"brz-menu__item menu-item menu-item-type-post_type menu-item-object-page\"><a class=\"brz-a\" target=\"\" href=\"https:\/\/sloengeldage.dk\/index.php\/mette-vedsoe\/\" title=\"\"><span class=\"brz-span\">Mette Veds\u00f8<\/span><\/a><\/li>\n<li data-menu-item-id=\"3105d905ba1fe3ef550f13742b49792a\" class=\"brz-menu__item menu-item menu-item-type-post_type menu-item-object-page\"><a class=\"brz-a\" target=\"\" href=\"https:\/\/sloengeldage.dk\/index.php\/nor-og-far\/\" title=\"\"><span class=\"brz-span\">Nor og Far<\/span><\/a><\/li>\n<li data-menu-item-id=\"a0c2762cbf263c8df0c1431957f6c889\" class=\"brz-menu__item menu-item menu-item-type-post_type menu-item-object-page\"><a class=\"brz-a\" target=\"\" href=\"https:\/\/sloengeldage.dk\/index.php\/sigurd-barrett\/\" title=\"\"><span class=\"brz-span\">Sigurd Barrett<\/span><\/a><\/li>\n<li data-menu-item-id=\"8a8afe0cfa396f9d52ec4ee51c97fb97\" class=\"brz-menu__item menu-item menu-item-type-post_type menu-item-object-page\"><a class=\"brz-a\" target=\"\" href=\"https:\/\/sloengeldage.dk\/index.php\/sophie-souid-thomas-hjorthaab\/\" title=\"\"><span class=\"brz-span\">Sophie Souid &amp; Thomas Hjorthaab<\/span><\/a><\/li>\n<\/ul>\n<\/nav>\n<\/div>\n<\/div>\n<\/div>\n<\/div>\n<div class=\"brz-columns brz-css-d-column-column brz-css-1n5ixql\" data-brz-custom-id=\"rExwc_CtMroL\">\n<div class=\"brz-column__items brz-css-d-column-bg brz-css-sb95xr\">\n<div id=\"\" class=\"brz-css-d-wrapper brz-css-u7dfxa brz-wrapper\">\n<div class=\"brz-rich-text brz-rich-text__custom brz-css-d-richtext brz-css-1rmwzjf\" data-brz-custom-id=\"wxVd3odeIRYV\">\n<div data-brz-translate-text=\"1\">\n<h1 class=\"brz-tp-lg-heading1 brz-fsft-lg-0 brz-fwdth-lg-100 brz-vfw-lg-400 brz-lh-lg-1_3 brz-ls-lg-m_1_5 brz-fw-lg-700 brz-fss-lg-px brz-text-lg-center ql-align-center brz-ff-roboto brz-ft-google brz-fs-lg-40 brz-tp-sm-empty brz-fs-sm-40 brz-fss-sm-px brz-fw-sm-700 brz-ls-sm-m_1 brz-lh-sm-1_3 brz-vfw-sm-400 brz-fwdth-sm-100 brz-fsft-sm-0 brz-lh-xs-1_3 brz-vfw-xs-400 brz-fwdth-xs-100 brz-fsft-xs-0 brz-tp-xs-empty brz-fs-xs-40 brz-fss-xs-px brz-fw-xs-700 brz-ls-xs-1_5 brz-css-v0UcV\" data-uniq-id=\"d1lX5\" data-generated-css=\"brz-css-jzPoG\"><span class=\"brz-cp-color4\">Nor og Far<\/span><\/h1>\n<\/div>\n<\/div>\n<\/div>\n<div id=\"\" class=\"brz-css-d-wrapper brz-css-47fn01 brz-wrapper\">\n<div class=\"brz-rich-text brz-rich-text__custom brz-css-d-richtext brz-css-1vzxxh3\" data-brz-custom-id=\"nbEL9DaBNdb8\">\n<div data-brz-translate-text=\"1\">\n<h2 class=\"brz-lh-lg-1_5 brz-ls-lg-1_5 brz-fw-lg-700 brz-fss-lg-px brz-fs-lg-20 brz-ft-google brz-ff-roboto brz-tp-sm-heading2 brz-fsft-sm-0 brz-fwdth-sm-100 brz-vfw-sm-400 brz-lh-sm-1_3 brz-ls-sm-m_0_5 brz-fw-sm-400 brz-fss-sm-px brz-fs-sm-35 brz-vfw-lg-400 brz-fwdth-lg-100 brz-fsft-lg-0 brz-tp-lg-heading2 brz-css-wRdE4\" data-uniq-id=\"ckhX5\" data-generated-css=\"brz-css-yiUjf\"><span class=\"brz-cp-color5 brz-span\" style=\"background-color: transparent\">S\u00e6t turbo p\u00e5 l\u00e6selysten med Nor og Far l\u00e6ser<\/span><\/h2>\n<p class=\"brz-vfw-lg-400 brz-fwdth-lg-100 brz-fsft-lg-0 brz-ff-roboto brz-ft-google brz-fs-lg-20 brz-fss-lg-px brz-fw-lg-400 brz-tp-lg-paragraph brz-css-p_0bu\" data-uniq-id=\"oA5db\" data-generated-css=\"brz-css-nbEWq\"><span class=\"brz-cp-color1 brz-span\" style=\"background-color: transparent\">M\u00f8d to af Danmarks skarpeste bogbloggere \u2013 duoen <strong>Nor og Far l\u00e6ser<\/strong> \u2013 og opdag b\u00f8ger p\u00e5 en helt ny m\u00e5de!<\/span><\/p>\n<p class=\"brz-vfw-lg-400 brz-fwdth-lg-100 brz-fsft-lg-0 brz-ff-roboto brz-ft-google brz-fs-lg-20 brz-fss-lg-px brz-fw-lg-400 brz-tp-lg-paragraph brz-css-gSJrM\" data-uniq-id=\"unVv0\" data-generated-css=\"brz-css-jZD8j\"><span class=\"brz-cp-color1 brz-span\" style=\"background-color: transparent\">F\u00f8rst og fremmest kan du opleve <strong>14-\u00e5rige Nor<\/strong>. Han er kendt fra TV, fik job hos et stort forlag som 10-\u00e5rig, har vundet Danmarks st\u00f8rste bogbloggerpris, har anmeldt over <strong>2.000 b\u00f8ger<\/strong>, udgivet <strong>to b\u00f8ger<\/strong>, og f\u00e5et over&nbsp;<strong>500.000 visninger<\/strong> p\u00e5 sin mest popul\u00e6re bogvideo.<\/span><\/p>\n<p class=\"brz-vfw-lg-400 brz-fwdth-lg-100 brz-fsft-lg-0 brz-ff-roboto brz-ft-google brz-fs-lg-20 brz-fss-lg-px brz-fw-lg-400 brz-tp-lg-paragraph brz-css-mwNCZ\" data-uniq-id=\"tPz3t\" data-generated-css=\"brz-css-r5wkY\"><span class=\"brz-cp-color1 brz-span\" style=\"background-color: transparent\">Og s\u00e5 har han dyrket <strong>karate i over seks \u00e5r<\/strong>, s\u00e5 han giver <strong>kedelige b\u00f8ger <\/strong>et <strong>cirkelspark <\/strong>direkte i <strong>papirkurven!<\/strong><\/span><\/p>\n<p class=\"brz-vfw-lg-400 brz-fwdth-lg-100 brz-fsft-lg-0 brz-ff-roboto brz-ft-google brz-fs-lg-20 brz-fss-lg-px brz-fw-lg-400 brz-tp-lg-paragraph brz-css-rKYAc\" data-uniq-id=\"d8mes\" data-generated-css=\"brz-css-aYG8_\"><span class=\"brz-cp-color1 brz-span\" style=\"background-color: transparent\">Sammen med sin far fort\u00e6ller Nor dig, hvorfor han elsker at l\u00e6se \u2013 og du f\u00e5r <strong>statsgaranti for<\/strong>, at de:<\/span><\/p>\n<ul>\n<li class=\"brz-vfw-lg-400 brz-fwdth-lg-100 brz-fsft-lg-0 brz-ff-roboto brz-ft-google brz-fs-lg-20 brz-fss-lg-px brz-fw-lg-400 brz-tp-lg-paragraph brz-bcp-color1 brz-css-aCa0A\" data-uniq-id=\"dbRrX\" data-generated-css=\"brz-css-x5xfG\"><span class=\"brz-cp-color1 brz-span\" style=\"background-color: transparent\">n\u00e6vner <strong>0 kedelige b\u00f8ger<\/strong><\/span><\/li>\n<li class=\"brz-vfw-lg-400 brz-fwdth-lg-100 brz-fsft-lg-0 brz-ff-roboto brz-ft-google brz-fs-lg-20 brz-fss-lg-px brz-fw-lg-400 brz-tp-lg-paragraph brz-bcp-color1 brz-css-raNjW\" data-uniq-id=\"qnwMv\" data-generated-css=\"brz-css-vpw75\"><span class=\"brz-cp-color1 brz-span\" style=\"background-color: transparent\">omtaler <strong>0 k\u00e6rlighedsb\u00f8ger (uff!)<\/strong><\/span><\/li>\n<li class=\"brz-vfw-lg-400 brz-fwdth-lg-100 brz-fsft-lg-0 brz-ff-roboto brz-ft-google brz-fs-lg-20 brz-fss-lg-px brz-fw-lg-400 brz-tp-lg-paragraph brz-bcp-color1 brz-css-i8f1h\" data-uniq-id=\"dgH5z\" data-generated-css=\"brz-css-iRBAu\"><span class=\"brz-cp-color1 brz-span\" style=\"background-color: transparent\">giver dig <strong>Nors bedste bogtips<\/strong> \u2013 helt uden voksenfilter<\/span><\/li>\n<li class=\"brz-vfw-lg-400 brz-fwdth-lg-100 brz-fsft-lg-0 brz-ff-roboto brz-ft-google brz-fs-lg-20 brz-fss-lg-px brz-fw-lg-400 brz-tp-lg-paragraph brz-bcp-color1 brz-css-wj3ZQ\" data-uniq-id=\"obiPE\" data-generated-css=\"brz-css-sOnz8\"><span class=\"brz-cp-color1 brz-span\" style=\"background-color: transparent\">deler deres <strong>vildeste l\u00e6seoplevelser<\/strong> med action, fantasy, gys og masser af grin<\/span><\/li>\n<li class=\"brz-vfw-lg-400 brz-fwdth-lg-100 brz-fsft-lg-0 brz-ff-roboto brz-ft-google brz-fs-lg-20 brz-fss-lg-px brz-fw-lg-400 brz-tp-lg-paragraph brz-bcp-color1 brz-css-qyaOI\" data-uniq-id=\"cFKdp\" data-generated-css=\"brz-css-u0S7U\"><span class=\"brz-cp-color1 brz-span\" style=\"background-color: transparent\">viser dig,&nbsp;<strong>hvordan l\u00e6sning bliver sjovere<\/strong><\/span><\/li>\n<li class=\"brz-vfw-lg-400 brz-fwdth-lg-100 brz-fsft-lg-0 brz-ff-roboto brz-ft-google brz-fs-lg-20 brz-fss-lg-px brz-fw-lg-400 brz-tp-lg-paragraph brz-bcp-color1 brz-css-hMpBV\" data-uniq-id=\"aybvN\" data-generated-css=\"brz-css-vMoBY\"><span class=\"brz-cp-color1 brz-span\" style=\"background-color: transparent\">og giver dig id\u00e9er til at f\u00e5 dine for\u00e6ldre med p\u00e5 l\u00e6sehyggen<strong> <\/strong>derhjemme.<\/span><\/li>\n<\/ul>\n<p class=\"brz-vfw-lg-400 brz-fwdth-lg-100 brz-fsft-lg-0 brz-ff-roboto brz-ft-google brz-fs-lg-20 brz-fss-lg-px brz-fw-lg-400 brz-tp-lg-paragraph brz-css-dSg9b\" data-uniq-id=\"pg0v7\" data-generated-css=\"brz-css-eLXqY\"><span class=\"brz-cp-color1 brz-span\" style=\"background-color: transparent\">Kort sagt:<\/span><\/p>\n<p class=\"brz-ff-roboto brz-ft-google brz-fs-lg-20 brz-fss-lg-px brz-fw-lg-400 brz-vfw-lg-400 brz-fwdth-lg-100 brz-fsft-lg-0 brz-tp-lg-paragraph brz-css-vpHXP\" data-uniq-id=\"o445B\" data-generated-css=\"brz-css-f7ofq\"><span class=\"brz-cp-color1 brz-span\" style=\"background-color: transparent\">Hvis du vil have de <strong>sejeste bogtips<\/strong>, er du landet det helt rigtige sted!<\/span><\/p>\n<\/div>\n<\/div>\n<\/div>\n<div class=\"brz-wrapper-clone brz-flex-xs-wrap brz-css-d-cloneable brz-css-1u26e7z\" data-brz-custom-id=\"onru2VXpRzfO\"><a class=\"brz-a brz-btn brz-css-d-button brz-css-kd0r5l brz-css-d-button-bg brz-css-13c4p7x\" target=\"_blank\" rel=\"noopener noreferrer\" href=\"https:\/\/www.instagram.com\/norogfarlaeser\/p\/C7UZt-zsR4_\/?img_index=1\" data-brz-link-type=\"external\" data-brz-custom-id=\"w0AZrIOe841E\"><span data-brz-translate-text=\"1\" class=\"brz-span brz-text__editor\">L\u00e6s mere om Nor og Far p\u00e5 Instagram<\/span><\/a><a class=\"brz-a brz-btn brz-css-d-button brz-css-1h3abgl brz-css-d-button-bg brz-css-zo017y\" target=\"_blank\" rel=\"noopener noreferrer\" href=\"https:\/\/www.youtube.com\/watch?v=ImvLZo1XVEI\" data-brz-link-type=\"external\" data-brz-custom-id=\"eLBuzdoFoTz_\"><span data-brz-translate-text=\"1\" class=\"brz-span brz-text__editor\">Se TV-indslag om Nor<\/span><\/a><\/div>\n<\/div>\n<\/div>\n<\/div>\n<\/div>\n<\/div>\n<\/div>\n<\/section><\/div>\n<p><!-- version:1764011476 --><\/p>\n","protected":false},"excerpt":{"rendered":"<p>Nor og Far bogbloggere Andreas Boeskov Benni B\u00f8dker Jan Kj\u00e6r LG Jensen og Sandra Schwartz Maria R\u00f8rb\u00e6k Mette Veds\u00f8 Nor og Far Sigurd Barrett Sophie Souid &amp; Thomas Hjorthaab Andreas Boeskov Benni B\u00f8dker Jan Kj\u00e6r LG Jensen og Sandra Schwartz Maria R\u00f8rb\u00e6k Mette Veds\u00f8 Nor og Far Sigurd Barrett Sophie Souid &amp; Thomas Hjorthaab Nor &hellip; <\/p>\n<p class=\"link-more\"><a href=\"https:\/\/sloengeldage.dk\/index.php\/nor-og-far\/\" class=\"more-link\">Continue reading<span class=\"screen-reader-text\"> &#8220;Nor og Far&#8221;<\/span><\/a><\/p>\n","protected":false},"author":1,"featured_media":0,"parent":0,"menu_order":0,"comment_status":"closed","ping_status":"closed","template":"brizy-blank-template.php","meta":{"footnotes":""},"folder":[102],"class_list":["post-1770","page","type-page","status-publish","hentry","entry"],"brizy_media":[{"id":1775,"url":"https:\/\/sloengeldage.dk\/wp-content\/uploads\/Nor-og-Far-scaled.jpeg","name":"Nor-og-Far.jpeg","meta":{"brizy_attachment_uid":"wp-a689c90d6288f1c0aa8ff658a3c70474.jpeg","brizy_post_uid":["04e743ae5e76ee50df5dace3386b43f5","8569fa31b2378c30331d17bb3c182451","b912b4ebb3e6b129a44d16d98cc5c09d"]}},{"id":1776,"url":"https:\/\/sloengeldage.dk\/wp-content\/uploads\/Nor-og-Far2-scaled.jpeg","name":"Nor-og-Far2.jpeg","meta":{"brizy_attachment_uid":"wp-9b4d761f52c2c65dcb67835f1c600c24.jpeg","brizy_post_uid":["04e743ae5e76ee50df5dace3386b43f5","a5ac2a14150c9ddf743b9eedf0cb1807","b912b4ebb3e6b129a44d16d98cc5c09d"]}}],"_links":{"self":[{"href":"https:\/\/sloengeldage.dk\/index.php\/wp-json\/wp\/v2\/pages\/1770","targetHints":{"allow":["GET"]}}],"collection":[{"href":"https:\/\/sloengeldage.dk\/index.php\/wp-json\/wp\/v2\/pages"}],"about":[{"href":"https:\/\/sloengeldage.dk\/index.php\/wp-json\/wp\/v2\/types\/page"}],"author":[{"embeddable":true,"href":"https:\/\/sloengeldage.dk\/index.php\/wp-json\/wp\/v2\/users\/1"}],"replies":[{"embeddable":true,"href":"https:\/\/sloengeldage.dk\/index.php\/wp-json\/wp\/v2\/comments?post=1770"}],"version-history":[{"count":18,"href":"https:\/\/sloengeldage.dk\/index.php\/wp-json\/wp\/v2\/pages\/1770\/revisions"}],"predecessor-version":[{"id":2882,"href":"https:\/\/sloengeldage.dk\/index.php\/wp-json\/wp\/v2\/pages\/1770\/revisions\/2882"}],"wp:attachment":[{"href":"https:\/\/sloengeldage.dk\/index.php\/wp-json\/wp\/v2\/media?parent=1770"}],"wp:term":[{"taxonomy":"folder","embeddable":true,"href":"https:\/\/sloengeldage.dk\/index.php\/wp-json\/wp\/v2\/folder?post=1770"}],"curies":[{"name":"wp","href":"https:\/\/api.w.org\/{rel}","templated":true}]}}