{"id":1105,"date":"2025-06-24T14:20:16","date_gmt":"2025-06-24T14:20:16","guid":{"rendered":"https:\/\/167.235.1.82\/~sloengel\/nyside\/?page_id=1105"},"modified":"2026-04-07T08:02:27","modified_gmt":"2026-04-07T08:02:27","slug":"kreaprojekt","status":"publish","type":"page","link":"https:\/\/sloengeldage.dk\/index.php\/kreaprojekt\/","title":{"rendered":"Kreaprojekt"},"content":{"rendered":"<div class=\"brz brz-root__container brz-reset-all brz-root__container-page\">\n<section id=\"msEq1lbIJeV3_msEq1lbIJeV3\" class=\"brz-section brz-css-d-section brz-css-1cltlik\">\n<div class=\"brz-section__content brz-section--boxed brz-css-d-sectionitem-bg brz-css-1snmj8f\" data-brz-custom-id=\"aSY7JWOltET9\">\n<div class=\"brz-container brz-css-d-sectionitem-container brz-css-8z96ac\">\n<div class=\"brz-row__container brz-css-d-row-row brz-css-hhqal3\" data-brz-custom-id=\"m69kkgG4oGSo\">\n<div class=\"brz-row brz-css-d-row-container brz-css-r-row-container brz-css-s4h8th\">\n<div class=\"brz-columns brz-css-d-column-column brz-css-17jfgq9\" data-brz-custom-id=\"eeJLTZRFclzg\">\n<div class=\"brz-column__items brz-css-d-column-bg brz-css-pemnvh\">\n<div id=\"\" class=\"brz-css-d-wrapper brz-css-afiahw brz-wrapper\">\n<div class=\"brz-image brz-css-d-image-r5ywcbzhe4o8-parent brz-css-3y0mh\" data-brz-custom-id=\"r5ywcBZHe4O8\"><img decoding=\"async\" class=\"brz-img\" src=\"https:\/\/sloengeldage.dk\/wp-content\/uploads\/1000023583-scaled.jpg\" loading=\"lazy\" title=\"\"><\/div>\n<\/div>\n<\/div>\n<\/div>\n<div class=\"brz-columns brz-css-d-column-column brz-css-xl5ors\" data-brz-custom-id=\"eCmPwb0A61wr\">\n<div class=\"brz-column__items brz-css-d-column-bg brz-css-1ygt2m0\">\n<div id=\"\" class=\"brz-css-d-wrapper brz-css-14hjazb brz-wrapper\">\n<div class=\"brz-image brz-css-d-image-qrejyhgulxcj-parent brz-css-1hy4lzb\" data-brz-custom-id=\"qRejyhgULxCj\"><img decoding=\"async\" class=\"brz-img\" src=\"https:\/\/sloengeldage.dk\/wp-content\/uploads\/1000023598-scaled.jpg\" loading=\"lazy\" title=\"\"><\/div>\n<\/div>\n<\/div>\n<\/div>\n<div class=\"brz-columns brz-css-d-column-column brz-css-ygupgb\" data-brz-custom-id=\"mCDt916vZDyA\">\n<div class=\"brz-column__items brz-css-d-column-bg brz-css-7me325\">\n<div id=\"\" class=\"brz-css-d-wrapper brz-css-1sdvt7t brz-wrapper\">\n<div class=\"brz-image brz-css-d-image-rmhvg4cpnctm-parent brz-css-1y01nyf\" data-brz-custom-id=\"rMHVG4CpnCtm\"><img decoding=\"async\" class=\"brz-img\" src=\"https:\/\/sloengeldage.dk\/wp-content\/uploads\/1000024440-scaled.jpg\" loading=\"lazy\" title=\"\"><\/div>\n<\/div>\n<\/div>\n<\/div>\n<div class=\"brz-columns brz-css-d-column-column brz-css-b0is9g\" data-brz-custom-id=\"ib8NfM2Pe4wF\">\n<div class=\"brz-column__items brz-css-d-column-bg brz-css-cak8dh\">\n<div id=\"\" class=\"brz-css-d-wrapper brz-css-lzlcr5 brz-wrapper\">\n<div class=\"brz-image brz-css-d-image-jtrtuxopkof1-parent brz-css-11vjson\" data-brz-custom-id=\"jtrTuxOpkof1\"><img decoding=\"async\" class=\"brz-img\" src=\"https:\/\/sloengeldage.dk\/wp-content\/uploads\/1000024277-scaled.jpg\" loading=\"lazy\" title=\"\"><\/div>\n<\/div>\n<\/div>\n<\/div>\n<div class=\"brz-columns brz-css-d-column-column brz-css-1vffd7t\" data-brz-custom-id=\"ij1ghstEDd66\">\n<div class=\"brz-column__items brz-css-d-column-bg brz-css-lzm9x7\">\n<div id=\"\" class=\"brz-css-d-wrapper brz-css-3wel2b brz-wrapper\">\n<div class=\"brz-image brz-css-d-image-axkuhrdfiak2-parent brz-css-d2ur8w\" data-brz-custom-id=\"aXkUhrDFiAk2\"><img decoding=\"async\" class=\"brz-img\" src=\"https:\/\/sloengeldage.dk\/wp-content\/uploads\/1000024443-scaled.jpg\" loading=\"lazy\" title=\"\"><\/div>\n<\/div>\n<\/div>\n<\/div>\n<\/div>\n<\/div>\n<\/div>\n<\/div>\n<\/section>\n<section id=\"uOSDs4pP_vNS_uOSDs4pP_vNS\" class=\"brz-section brz-css-d-section brz-css-167g9qw\">\n<div class=\"brz-section__content brz-section--boxed brz-css-d-sectionitem-bg brz-css-15zll2r\" data-brz-custom-id=\"xr0nKqqpMlOK\">\n<div class=\"brz-bg\">\n<div class=\"brz-bg-color\"><\/div>\n<\/div>\n<div class=\"brz-container brz-css-d-sectionitem-container brz-css-j3eske\">\n<div class=\"brz-row__container brz-css-d-row-row brz-css-78j5jm\" data-brz-custom-id=\"lvVsso95NtTZ\">\n<div class=\"brz-row brz-css-d-row-container brz-css-r-row-container brz-css-17ty69o\">\n<div class=\"brz-columns brz-css-d-column-column brz-css-1hrw5wg\" data-brz-custom-id=\"xNsc1V6KVaKW\">\n<div class=\"brz-column__items brz-css-d-column-bg brz-css-1czdj0u\">\n<div id=\"\" class=\"brz-css-d-wrapper brz-css-1vayepj brz-wrapper\">\n<div class=\"brz-menu__container brz-css-d-menu-menu-container brz-css-noy34x\" data-mmenu-id=\"#psOqdi_C2v78_1fcf3a38470888aad1e6\" data-mmenu-position=\"position-left\" data-mmenu-title=\"Menu\" data-mmenu-stickytitle=\"off\" data-mmenu-isslider=\"false\" data-mmenu-closingicon=\"%7B%22desktop%22%3A%22off%22%2C%22tablet%22%3A%22off%22%2C%22mobile%22%3A%22off%22%7D\" data-brz-custom-id=\"psOqdi_C2v78\">\n<nav data-mods=\"%7B%22desktop%22%3A%22vertical%22%2C%22tablet%22%3A%22vertical%22%2C%22mobile%22%3A%22vertical%22%7D\" class=\"brz-menu brz-menu__preview brz-css-d-menu-menu brz-css-35zajt\">\n<ul class=\"brz-menu__ul\" data-menu-items-active=\"\">\n<li data-menu-item-id=\"e3cf966af9033ea586d7c152fe6a1942\" class=\"brz-menu__item menu-item menu-item-type-post_type menu-item-object-page\"><a class=\"brz-a\" target=\"\" href=\"https:\/\/sloengeldage.dk\/index.php\/skoledag\/\" title=\"\"><span class=\"brz-span\">Sl\u00f8ngeldag for skoler<\/span><\/a><\/li>\n<li data-menu-item-id=\"dea22a51c29630aa9fbc9802ee7b72a5\" class=\"brz-menu__item menu-item menu-item-type-post_type menu-item-object-page\"><a class=\"brz-a\" target=\"\" href=\"https:\/\/sloengeldage.dk\/index.php\/kreaprojekt\/\" title=\"\"><span class=\"brz-span\">Kreaprojekt<\/span><\/a><\/li>\n<li data-menu-item-id=\"a0accd47aa0e2d841afc2b2e5e6d7a5b\" class=\"brz-menu__item menu-item menu-item-type-post_type menu-item-object-page\"><a class=\"brz-a\" target=\"\" href=\"https:\/\/sloengeldage.dk\/index.php\/skattejagt\/\" title=\"\"><span class=\"brz-span\">Skattejagt<\/span><\/a><\/li>\n<li data-menu-item-id=\"d9228d11a53ed9d80d15120beb3c328a\" class=\"brz-menu__item menu-item menu-item-type-post_type menu-item-object-page\"><a class=\"brz-a\" target=\"\" href=\"https:\/\/sloengeldage.dk\/index.php\/byvandring\/\" title=\"\"><span class=\"brz-span\">Byvandring<\/span><\/a><\/li>\n<li data-menu-item-id=\"7cf232e44dd95950aade955a28dd1d61\" class=\"brz-menu__item menu-item menu-item-type-post_type menu-item-object-page\"><a class=\"brz-a\" target=\"\" href=\"https:\/\/sloengeldage.dk\/index.php\/foredrag\/\" title=\"\"><span class=\"brz-span\">Foredrag<\/span><\/a><\/li>\n<\/ul>\n<\/nav>\n<div class=\"brz-mm-menu__icon\" data-brz-brz-mmenu-icon=\"off\"><\/div>\n<nav data-mods=\"%7B%22desktop%22%3A%22vertical%22%2C%22tablet%22%3A%22vertical%22%2C%22mobile%22%3A%22vertical%22%7D\" id=\"psOqdi_C2v78_1fcf3a38470888aad1e6\" class=\"brz-menu brz-menu__preview brz-menu__mmenu brz-css-d-menu-mmenu brz-css-11cbtus\">\n<ul class=\"brz-menu__ul\" data-menu-items-active=\"\">\n<li data-menu-item-id=\"e3cf966af9033ea586d7c152fe6a1942\" class=\"brz-menu__item menu-item menu-item-type-post_type menu-item-object-page\"><a class=\"brz-a\" target=\"\" href=\"https:\/\/sloengeldage.dk\/index.php\/skoledag\/\" title=\"\"><span class=\"brz-span\">Sl\u00f8ngeldag for skoler<\/span><\/a><\/li>\n<li data-menu-item-id=\"dea22a51c29630aa9fbc9802ee7b72a5\" class=\"brz-menu__item menu-item menu-item-type-post_type menu-item-object-page\"><a class=\"brz-a\" target=\"\" href=\"https:\/\/sloengeldage.dk\/index.php\/kreaprojekt\/\" title=\"\"><span class=\"brz-span\">Kreaprojekt<\/span><\/a><\/li>\n<li data-menu-item-id=\"a0accd47aa0e2d841afc2b2e5e6d7a5b\" class=\"brz-menu__item menu-item menu-item-type-post_type menu-item-object-page\"><a class=\"brz-a\" target=\"\" href=\"https:\/\/sloengeldage.dk\/index.php\/skattejagt\/\" title=\"\"><span class=\"brz-span\">Skattejagt<\/span><\/a><\/li>\n<li data-menu-item-id=\"d9228d11a53ed9d80d15120beb3c328a\" class=\"brz-menu__item menu-item menu-item-type-post_type menu-item-object-page\"><a class=\"brz-a\" target=\"\" href=\"https:\/\/sloengeldage.dk\/index.php\/byvandring\/\" title=\"\"><span class=\"brz-span\">Byvandring<\/span><\/a><\/li>\n<li data-menu-item-id=\"7cf232e44dd95950aade955a28dd1d61\" class=\"brz-menu__item menu-item menu-item-type-post_type menu-item-object-page\"><a class=\"brz-a\" target=\"\" href=\"https:\/\/sloengeldage.dk\/index.php\/foredrag\/\" title=\"\"><span class=\"brz-span\">Foredrag<\/span><\/a><\/li>\n<\/ul>\n<\/nav>\n<\/div>\n<\/div>\n<\/div>\n<\/div>\n<div class=\"brz-columns brz-css-d-column-column brz-css-addpmr\" data-brz-custom-id=\"ywtisW2Ml0OJ\">\n<div class=\"brz-column__items brz-css-d-column-bg brz-css-1exdjp4\">\n<div id=\"\" class=\"brz-css-d-wrapper brz-css-t9w28j brz-wrapper\">\n<div class=\"brz-rich-text brz-rich-text__custom brz-css-d-richtext brz-css-cgdebw\" data-brz-custom-id=\"pyfL_nHLBjl4\">\n<div data-brz-translate-text=\"1\">\n<h1 class=\"brz-fs-lg-40 brz-ft-google brz-ff-roboto brz-fsft-lg-0 brz-fwdth-lg-100 brz-vfw-lg-400 brz-lh-lg-1_3 brz-ls-lg-m_1_5 brz-fw-lg-700 brz-fss-lg-px ql-align-center brz-text-lg-center brz-tp-lg-heading1 brz-css-gCXnU\" data-uniq-id=\"oUoKU\" data-generated-css=\"brz-css-bOJrj\"><span class=\"brz-cp-color4\">Find din Superkraft!<\/span><\/h1>\n<h2 data-uniq-id=\"ou8I6\" data-generated-css=\"brz-css-wjRnk\" class=\"brz-bcp-color7 brz-fss-xs-px brz-fss-sm-px brz-fsft-lg-0 brz-fwdth-lg-100 brz-vfw-lg-400 brz-ls-lg-0 brz-lh-lg-1_3 brz-fw-lg-400 brz-fss-lg-px brz-fs-lg-16 brz-ft-google brz-ff-roboto ql-align-center brz-text-lg-center brz-tp-lg-heading2 brz-css-nupY2\"><span class=\"brz-cp-color5\">et kreativt undervisningstilbud <\/span><\/h2>\n<\/div>\n<\/div>\n<\/div>\n<div id=\"\" class=\"brz-css-d-wrapper brz-css-17yypty brz-wrapper\">\n<div class=\"brz-rich-text brz-rich-text__custom brz-css-d-richtext brz-css-ut3ekv\" data-brz-custom-id=\"vopmTm5cEwc7\">\n<div data-brz-translate-text=\"1\">\n<p class=\"brz-fsft-lg-0 brz-fwdth-lg-100 brz-vfw-lg-400 brz-lh-lg-1_7 brz-ls-lg-0 brz-fw-lg-400 brz-fss-lg-px brz-fs-lg-20 brz-ft-google brz-ff-roboto ql-align-center brz-tp-lg-paragraph brz-css-eEasA\" data-generated-css=\"brz-css-neeKi\" data-uniq-id=\"x4iu9\"><span class=\"brz-cp-color1 brz-span\">Tr\u00e6d ind i Ole Lund Kirkegaards forunderlige univers, hvor fantasi og humor er de st\u00e6rkeste<\/span><\/p>\n<p class=\"brz-fsft-lg-0 brz-fwdth-lg-100 brz-vfw-lg-400 brz-lh-lg-1_7 brz-ls-lg-0 brz-fw-lg-400 brz-fss-lg-px brz-fs-lg-20 brz-ft-google brz-ff-roboto ql-align-center brz-tp-lg-paragraph brz-css-vbGSG\" data-generated-css=\"brz-css-wRGVJ\" data-uniq-id=\"vxF8t\"><span class=\"brz-cp-color1 brz-span\">superkr\u00e6fter af dem alle. I bogen \u201dDen store bog om superkr\u00e6fter\u201d dykker vi ligesom Topper<\/span><\/p>\n<p class=\"brz-fsft-lg-0 brz-fwdth-lg-100 brz-vfw-lg-400 brz-lh-lg-1_7 brz-ls-lg-0 brz-fw-lg-400 brz-fss-lg-px brz-fs-lg-20 brz-ft-google brz-ff-roboto ql-align-center brz-tp-lg-paragraph brz-css-p9lY4\" data-generated-css=\"brz-css-gbgON\" data-uniq-id=\"pV1mz\"><span class=\"brz-cp-color1 brz-span\">fra Otto er et n\u00e6sehorn ned i fort\u00e6llinger om mod, magi og alt d\u00e9t, der g\u00f8r hver eneste elev<\/span><\/p>\n<p class=\"brz-fsft-lg-0 brz-fwdth-lg-100 brz-vfw-lg-400 brz-lh-lg-1_7 brz-ls-lg-0 brz-fw-lg-400 brz-fss-lg-px brz-fs-lg-20 brz-ft-google brz-ff-roboto ql-align-center brz-tp-lg-paragraph brz-css-u5pVe\" data-generated-css=\"brz-css-qUHs2\" data-uniq-id=\"lqB1T\"><span class=\"brz-cp-color1 brz-span\">helt unik.<\/span><\/p>\n<p class=\"brz-fsft-lg-0 brz-fwdth-lg-100 brz-vfw-lg-400 brz-lh-lg-1_7 brz-ls-lg-0 brz-fw-lg-400 brz-fss-lg-px brz-fs-lg-20 brz-ft-google brz-ff-roboto ql-align-center brz-tp-lg-paragraph brz-css-dBmWY\" data-generated-css=\"brz-css-dilFw\" data-uniq-id=\"ne2Vj\"><span class=\"brz-cp-color1 brz-span\">I skal l\u00e6se, skabe, digte og opdage \u2013 og til sidst forme jeres egne superkraft-figurer, der viser<\/span><\/p>\n<p class=\"brz-fsft-lg-0 brz-fwdth-lg-100 brz-vfw-lg-400 brz-lh-lg-1_7 brz-ls-lg-0 brz-fw-lg-400 brz-fss-lg-px brz-fs-lg-20 brz-ft-google brz-ff-roboto ql-align-center brz-tp-lg-paragraph brz-css-rqYHk\" data-generated-css=\"brz-css-tWHL7\" data-uniq-id=\"q8OXZ\"><span class=\"brz-cp-color1 brz-span\">netop jeres s\u00e6rlige superkraft. For i ethvert f\u00e6llesskab, i hver eneste klasse og i hvert barn bor der et helt fyrv\u00e6rkeri af superkr\u00e6fter. Sl\u00f8ngeldages skoletilbud er i 2026 lavet af dansk- og billedkunstl\u00e6rer Helle Juul Vilslev.<\/span><\/p>\n<p class=\"brz-fsft-lg-0 brz-fwdth-lg-100 brz-vfw-lg-400 brz-lh-lg-1_7 brz-ls-lg-0 brz-fw-lg-400 brz-fss-lg-px brz-fs-lg-20 brz-ft-google brz-ff-roboto ql-align-center brz-tp-lg-paragraph brz-css-bk3HZ\" data-generated-css=\"brz-css-mqLjb\" data-uniq-id=\"h8yWT\"><span class=\"brz-cp-color1 brz-span\">Er I klar til at slippe superkr\u00e6fterne l\u00f8s?<\/span><\/p>\n<p class=\"brz-fsft-lg-0 brz-fwdth-lg-100 brz-vfw-lg-400 brz-lh-lg-1_7 brz-ls-lg-0 brz-fw-lg-400 brz-fss-lg-px brz-fs-lg-20 brz-ft-google brz-ff-roboto brz-tp-lg-paragraph ql-align-center brz-css-r9g8Q\" data-generated-css=\"brz-css-ePZku\" data-uniq-id=\"nG0K2\"><span class=\"brz-cp-color1 brz-span\">L\u00e6s mere om undervisningsforl\u00f8bet her<\/span><\/p>\n<\/div>\n<\/div>\n<\/div>\n<div class=\"brz-wrapper-clone brz-flex-xs-wrap brz-css-d-cloneable brz-css-yinu6v\" data-brz-custom-id=\"gPr2o1ftekcO\"><a class=\"brz-a brz-btn brz-css-d-button brz-css-j0q67n brz-css-d-button-bg brz-css-1duqx3q\" target=\"_blank\" rel=\"noopener noreferrer\" href=\"https:\/\/sloengeldage.dk\/wp-content\/uploads\/Superkraefter-undervisningsforloeb-2026-af-Helle-Juul-Vilslev-.pdf\" data-brz-link-type=\"external\" data-brz-custom-id=\"gurC7dKODNTW\"><span data-brz-translate-text=\"1\" class=\"brz-span brz-text__editor\">Se undervisningsforl\u00f8bet<\/span><\/a><\/div>\n<div id=\"\" class=\"brz-css-d-wrapper brz-css-1vn9ud1 brz-wrapper\">\n<div class=\"brz-rich-text brz-rich-text__custom brz-css-d-richtext brz-css-sp3fx0\" data-brz-custom-id=\"ztsns1Btr9r8\">\n<div data-brz-translate-text=\"1\">\n<h2 class=\"brz-ls-lg-0 brz-lh-lg-1_7 brz-vfw-lg-400 brz-fwdth-lg-100 brz-fsft-lg-0 brz-ff-roboto brz-ft-google brz-fs-lg-20 brz-fss-lg-px brz-fw-lg-400 brz-tp-lg-heading2 brz-css-z4oyx\" data-generated-css=\"brz-css-ruzmr\" data-uniq-id=\"uKREA\">Praktisk info<\/h2>\n<p class=\"brz-ls-lg-0 brz-lh-lg-1_7 brz-vfw-lg-400 brz-fwdth-lg-100 brz-fsft-lg-0 brz-ff-roboto brz-ft-google brz-fs-lg-20 brz-fss-lg-px brz-fw-lg-400 brz-tp-lg-paragraph brz-css-qZciF\" data-generated-css=\"brz-css-rU1P_\" data-uniq-id=\"jIgI5\">Efter tilmelding vil de deltagende skoler i uge 5\/6 f\u00e5 udleveret bogen \u201dDen store bog om<\/p>\n<p class=\"brz-ls-lg-0 brz-lh-lg-1_7 brz-vfw-lg-400 brz-fwdth-lg-100 brz-fsft-lg-0 brz-ff-roboto brz-ft-google brz-fs-lg-20 brz-fss-lg-px brz-fw-lg-400 brz-tp-lg-paragraph brz-css-oIx1l\" data-generated-css=\"brz-css-g3nHM\" data-uniq-id=\"eUAU0\">superkr\u00e6fter\u201d samt udvalgte materialer, der skal benyttes til projektet. Kassen afleveres p\u00e5<\/p>\n<p class=\"brz-ls-lg-0 brz-lh-lg-1_7 brz-vfw-lg-400 brz-fwdth-lg-100 brz-fsft-lg-0 brz-ff-roboto brz-ft-google brz-fs-lg-20 brz-fss-lg-px brz-fw-lg-400 brz-tp-lg-paragraph brz-css-lRQsd\" data-generated-css=\"brz-css-spQNJ\" data-uniq-id=\"mzDfR\">skolens kontor. Herudover skal skolen selv s\u00f8rge for \u00f8vrige materialer (se beskrivelse i<\/p>\n<p class=\"brz-ls-lg-0 brz-lh-lg-1_7 brz-vfw-lg-400 brz-fwdth-lg-100 brz-fsft-lg-0 brz-ff-roboto brz-ft-google brz-fs-lg-20 brz-fss-lg-px brz-fw-lg-400 brz-tp-lg-paragraph brz-css-nE3Uq\" data-generated-css=\"brz-css-zPKs7\" data-uniq-id=\"tt2_D\">kompendium).<\/p>\n<p class=\"brz-ls-lg-0 brz-lh-lg-1_7 brz-vfw-lg-400 brz-fwdth-lg-100 brz-fsft-lg-0 brz-ff-roboto brz-ft-google brz-fs-lg-20 brz-fss-lg-px brz-fw-lg-400 brz-tp-lg-paragraph brz-css-eVwe8\" data-generated-css=\"brz-css-yf1dt\" data-uniq-id=\"neIhD\"><\/p>\n<p class=\"brz-ls-lg-0 brz-lh-lg-1_7 brz-vfw-lg-400 brz-fwdth-lg-100 brz-fsft-lg-0 brz-ff-roboto brz-ft-google brz-fs-lg-20 brz-fss-lg-px brz-fw-lg-400 brz-tp-lg-paragraph brz-css-j6jB3\" data-generated-css=\"brz-css-jpXcf\" data-uniq-id=\"beZp5\">I perioden indtil 23. april 2026 kan der arbejdes med projektet. N\u00e5r elevernes superkraft-<\/p>\n<p class=\"brz-ls-lg-0 brz-lh-lg-1_7 brz-vfw-lg-400 brz-fwdth-lg-100 brz-fsft-lg-0 brz-ff-roboto brz-ft-google brz-fs-lg-20 brz-fss-lg-px brz-fw-lg-400 brz-tp-lg-paragraph brz-css-z6uvL\" data-generated-css=\"brz-css-gm_Rf\" data-uniq-id=\"r4kD1\">figurer er f\u00e6rdige, skal den enkelte skole selv s\u00f8rge for at sende eller aflevere<\/p>\n<p class=\"brz-ls-lg-0 brz-lh-lg-1_7 brz-vfw-lg-400 brz-fwdth-lg-100 brz-fsft-lg-0 brz-ff-roboto brz-ft-google brz-fs-lg-20 brz-fss-lg-px brz-fw-lg-400 brz-tp-lg-paragraph brz-css-dp0Fj\" data-generated-css=\"brz-css-tMAkD\" data-uniq-id=\"fRfgk\">elevernes v\u00e6rker p\u00e5 et af de kommunale biblioteker i Galten, H\u00f8rning, Ry eller Skanderborg, s\u00e5 det er os i h\u00e6nde senest den 23. april 2026. Efter udstillingsperioden vil elevv\u00e6rkerne blive returneret til skolen.<\/p>\n<p data-generated-css=\"brz-css-iiwG1\" data-uniq-id=\"rwdig\" class=\"brz-ls-lg-0 brz-lh-lg-1_7 brz-vfw-lg-400 brz-fwdth-lg-100 brz-fsft-lg-0 brz-ff-roboto brz-ft-google brz-fs-lg-20 brz-fss-lg-px brz-fw-lg-400 brz-tp-lg-paragraph brz-css-vGRNB\">Tilmelding skal ske senest 15. januar 2026 p\u00e5:<\/p>\n<\/div>\n<\/div>\n<\/div>\n<div class=\"brz-wrapper-clone brz-flex-xs-wrap brz-css-d-cloneable brz-css-rwm5ix\" data-brz-custom-id=\"aq_H4ClDnyvy\"><a class=\"brz-a brz-btn brz-css-d-button brz-css-10owm8l brz-css-d-button-bg brz-css-myyrdn\" target=\"_blank\" rel=\"noopener noreferrer\" href=\"https:\/\/skanderborg.plan2learn.dk\/dl.aspx?xmg=03affd95-8220-428c-b36e-755c23a03164&amp;r=KursusValg.aspx?id=142044\" data-brz-link-type=\"external\" data-brz-custom-id=\"esFeCS_v0pMS\"><span data-brz-translate-text=\"1\" class=\"brz-span brz-text__editor\">Tilmelding til projektet<\/span><\/a><\/div>\n<\/div>\n<\/div>\n<\/div>\n<\/div>\n<\/div>\n<\/div>\n<\/section><\/div>\n<p><!-- version:1765441846 --><\/p>\n","protected":false},"excerpt":{"rendered":"<p>Sl\u00f8ngeldag for skoler Kreaprojekt Skattejagt Byvandring Foredrag Sl\u00f8ngeldag for skoler Kreaprojekt Skattejagt Byvandring Foredrag Find din Superkraft! et kreativt undervisningstilbud Tr\u00e6d ind i Ole Lund Kirkegaards forunderlige univers, hvor fantasi og humor er de st\u00e6rkeste superkr\u00e6fter af dem alle. I bogen \u201dDen store bog om superkr\u00e6fter\u201d dykker vi ligesom Topper fra Otto er et n\u00e6sehorn &hellip; <\/p>\n<p class=\"link-more\"><a href=\"https:\/\/sloengeldage.dk\/index.php\/kreaprojekt\/\" class=\"more-link\">Continue reading<span class=\"screen-reader-text\"> &#8220;Kreaprojekt&#8221;<\/span><\/a><\/p>\n","protected":false},"author":1,"featured_media":0,"parent":0,"menu_order":0,"comment_status":"closed","ping_status":"closed","template":"brizy-blank-template.php","meta":{"footnotes":""},"folder":[74],"class_list":["post-1105","page","type-page","status-publish","hentry","entry"],"brizy_media":[{"id":1109,"url":"https:\/\/sloengeldage.dk\/wp-content\/uploads\/Streg.jpg","name":"Streg.jpg","meta":{"brizy_attachment_uid":"wp-54d2876726b11708eb558549ec8e6a79.jpg","brizy_post_uid":["20fc8a6b52197bce370ed92991148215","6d227a1bae91fa73cc221ff7e925360f","4222ffb1a7654431728ebf24c370d792"]}},{"id":3047,"url":"https:\/\/sloengeldage.dk\/wp-content\/uploads\/1000024443-scaled.jpg","name":"1000024443.jpg","meta":{"brizy_attachment_uid":"wp-0d2e077a4f1505ebe5ac59c5a8f0b515.jpg","brizy_post_uid":["20fc8a6b52197bce370ed92991148215","4222ffb1a7654431728ebf24c370d792"]}},{"id":3048,"url":"https:\/\/sloengeldage.dk\/wp-content\/uploads\/1000024440-scaled.jpg","name":"1000024440.jpg","meta":{"brizy_attachment_uid":"wp-ba8ee796065a04d38def9e4fad6e9b97.jpg","brizy_post_uid":["20fc8a6b52197bce370ed92991148215"]}},{"id":3049,"url":"https:\/\/sloengeldage.dk\/wp-content\/uploads\/1000024277-scaled.jpg","name":"1000024277.jpg","meta":{"brizy_attachment_uid":"wp-3a7cf7356c6c6fd81342df773af933de.jpg","brizy_post_uid":["20fc8a6b52197bce370ed92991148215","583c923eed38b04f44000e2ff3593cd9"]}},{"id":3050,"url":"https:\/\/sloengeldage.dk\/wp-content\/uploads\/1000023583-scaled.jpg","name":"1000023583.jpg","meta":{"brizy_attachment_uid":"wp-0c4f9c53c10bce0cfb1fb249ca9fa034.jpg","brizy_post_uid":["20fc8a6b52197bce370ed92991148215","583c923eed38b04f44000e2ff3593cd9"]}},{"id":3051,"url":"https:\/\/sloengeldage.dk\/wp-content\/uploads\/1000023598-scaled.jpg","name":"1000023598.jpg","meta":{"brizy_attachment_uid":"wp-9e25c315869ad968c5be5e861714bd3d.jpg","brizy_post_uid":["20fc8a6b52197bce370ed92991148215","6d227a1bae91fa73cc221ff7e925360f","4222ffb1a7654431728ebf24c370d792"]}}],"_links":{"self":[{"href":"https:\/\/sloengeldage.dk\/index.php\/wp-json\/wp\/v2\/pages\/1105","targetHints":{"allow":["GET"]}}],"collection":[{"href":"https:\/\/sloengeldage.dk\/index.php\/wp-json\/wp\/v2\/pages"}],"about":[{"href":"https:\/\/sloengeldage.dk\/index.php\/wp-json\/wp\/v2\/types\/page"}],"author":[{"embeddable":true,"href":"https:\/\/sloengeldage.dk\/index.php\/wp-json\/wp\/v2\/users\/1"}],"replies":[{"embeddable":true,"href":"https:\/\/sloengeldage.dk\/index.php\/wp-json\/wp\/v2\/comments?post=1105"}],"version-history":[{"count":17,"href":"https:\/\/sloengeldage.dk\/index.php\/wp-json\/wp\/v2\/pages\/1105\/revisions"}],"predecessor-version":[{"id":3056,"href":"https:\/\/sloengeldage.dk\/index.php\/wp-json\/wp\/v2\/pages\/1105\/revisions\/3056"}],"wp:attachment":[{"href":"https:\/\/sloengeldage.dk\/index.php\/wp-json\/wp\/v2\/media?parent=1105"}],"wp:term":[{"taxonomy":"folder","embeddable":true,"href":"https:\/\/sloengeldage.dk\/index.php\/wp-json\/wp\/v2\/folder?post=1105"}],"curies":[{"name":"wp","href":"https:\/\/api.w.org\/{rel}","templated":true}]}}