{"id":1097,"date":"2025-06-24T14:07:05","date_gmt":"2025-06-24T14:07:05","guid":{"rendered":"https:\/\/167.235.1.82\/~sloengel\/nyside\/?page_id=1097"},"modified":"2026-04-07T09:36:32","modified_gmt":"2026-04-07T09:36:32","slug":"foredrag","status":"publish","type":"page","link":"https:\/\/sloengeldage.dk\/index.php\/foredrag\/","title":{"rendered":"Foredrag"},"content":{"rendered":"<div class=\"brz brz-root__container brz-reset-all brz-root__container-page\">\n<section id=\"kXnIyo7jjfJ7_kXnIyo7jjfJ7\" class=\"brz-section brz-css-d-section brz-css-xuk9np\">\n<div class=\"brz-section__content brz-section--boxed brz-css-d-sectionitem-bg brz-css-jspsar\" data-brz-custom-id=\"hOts2fg61t7_\">\n<div class=\"brz-bg\">\n<div class=\"brz-bg-image\"><\/div>\n<\/div>\n<div class=\"brz-container brz-css-d-sectionitem-container brz-css-13t6tqq\"><\/div>\n<\/div>\n<\/section>\n<section id=\"bJw8Byxqgd63_bJw8Byxqgd63\" class=\"brz-section brz-css-d-section brz-css-7c0zcs\">\n<div class=\"brz-section__content brz-section--boxed brz-css-d-sectionitem-bg brz-css-19wkn7g\" data-brz-custom-id=\"d1vdJLJ9eyRe\">\n<div class=\"brz-bg\">\n<div class=\"brz-bg-color\"><\/div>\n<\/div>\n<div class=\"brz-container brz-css-d-sectionitem-container brz-css-o01b4q\">\n<div class=\"brz-row__container brz-css-d-row-row brz-css-1rs9yqr\" data-brz-custom-id=\"iMN5nK8vC2c9\">\n<div class=\"brz-row brz-css-d-row-container brz-css-r-row-container brz-css-1wqti0a\">\n<div class=\"brz-columns brz-css-d-column-column brz-css-fl77sw\" data-brz-custom-id=\"sQFP9b8qaZOx\">\n<div class=\"brz-column__items brz-css-d-column-bg brz-css-1qe6lmu\">\n<div id=\"\" class=\"brz-css-d-wrapper brz-css-bbjabq brz-wrapper\">\n<div class=\"brz-menu__container brz-css-d-menu-menu-container brz-css-hvdmdk\" data-mmenu-id=\"#pRXptLA05jhq_94e58b1e249da5105056\" data-mmenu-position=\"position-left\" data-mmenu-title=\"Menu\" data-mmenu-stickytitle=\"off\" data-mmenu-isslider=\"false\" data-mmenu-closingicon=\"%7B%22desktop%22%3A%22off%22%2C%22tablet%22%3A%22off%22%2C%22mobile%22%3A%22off%22%7D\" data-brz-custom-id=\"pRXptLA05jhq\">\n<nav data-mods=\"%7B%22desktop%22%3A%22vertical%22%2C%22tablet%22%3A%22vertical%22%2C%22mobile%22%3A%22vertical%22%7D\" class=\"brz-menu brz-menu__preview brz-css-d-menu-menu brz-css-f1cf5i\">\n<ul class=\"brz-menu__ul\" data-menu-items-active=\"\">\n<li data-menu-item-id=\"e3cf966af9033ea586d7c152fe6a1942\" class=\"brz-menu__item menu-item menu-item-type-post_type menu-item-object-page\"><a class=\"brz-a\" target=\"\" href=\"https:\/\/sloengeldage.dk\/index.php\/skoledag\/\" title=\"\"><span class=\"brz-span\">Sl\u00f8ngeldag for skoler<\/span><\/a><\/li>\n<li data-menu-item-id=\"dea22a51c29630aa9fbc9802ee7b72a5\" class=\"brz-menu__item menu-item menu-item-type-post_type menu-item-object-page\"><a class=\"brz-a\" target=\"\" href=\"https:\/\/sloengeldage.dk\/index.php\/kreaprojekt\/\" title=\"\"><span class=\"brz-span\">Kreaprojekt<\/span><\/a><\/li>\n<li data-menu-item-id=\"a0accd47aa0e2d841afc2b2e5e6d7a5b\" class=\"brz-menu__item menu-item menu-item-type-post_type menu-item-object-page\"><a class=\"brz-a\" target=\"\" href=\"https:\/\/sloengeldage.dk\/index.php\/skattejagt\/\" title=\"\"><span class=\"brz-span\">Skattejagt<\/span><\/a><\/li>\n<li data-menu-item-id=\"d9228d11a53ed9d80d15120beb3c328a\" class=\"brz-menu__item menu-item menu-item-type-post_type menu-item-object-page\"><a class=\"brz-a\" target=\"\" href=\"https:\/\/sloengeldage.dk\/index.php\/byvandring\/\" title=\"\"><span class=\"brz-span\">Byvandring<\/span><\/a><\/li>\n<li data-menu-item-id=\"7cf232e44dd95950aade955a28dd1d61\" class=\"brz-menu__item menu-item menu-item-type-post_type menu-item-object-page\"><a class=\"brz-a\" target=\"\" href=\"https:\/\/sloengeldage.dk\/index.php\/foredrag\/\" title=\"\"><span class=\"brz-span\">Foredrag<\/span><\/a><\/li>\n<\/ul>\n<\/nav>\n<div class=\"brz-mm-menu__icon\" data-brz-brz-mmenu-icon=\"off\"><\/div>\n<nav data-mods=\"%7B%22desktop%22%3A%22vertical%22%2C%22tablet%22%3A%22vertical%22%2C%22mobile%22%3A%22vertical%22%7D\" id=\"pRXptLA05jhq_94e58b1e249da5105056\" class=\"brz-menu brz-menu__preview brz-menu__mmenu brz-css-d-menu-mmenu brz-css-m1bfcp\">\n<ul class=\"brz-menu__ul\" data-menu-items-active=\"\">\n<li data-menu-item-id=\"e3cf966af9033ea586d7c152fe6a1942\" class=\"brz-menu__item menu-item menu-item-type-post_type menu-item-object-page\"><a class=\"brz-a\" target=\"\" href=\"https:\/\/sloengeldage.dk\/index.php\/skoledag\/\" title=\"\"><span class=\"brz-span\">Sl\u00f8ngeldag for skoler<\/span><\/a><\/li>\n<li data-menu-item-id=\"dea22a51c29630aa9fbc9802ee7b72a5\" class=\"brz-menu__item menu-item menu-item-type-post_type menu-item-object-page\"><a class=\"brz-a\" target=\"\" href=\"https:\/\/sloengeldage.dk\/index.php\/kreaprojekt\/\" title=\"\"><span class=\"brz-span\">Kreaprojekt<\/span><\/a><\/li>\n<li data-menu-item-id=\"a0accd47aa0e2d841afc2b2e5e6d7a5b\" class=\"brz-menu__item menu-item menu-item-type-post_type menu-item-object-page\"><a class=\"brz-a\" target=\"\" href=\"https:\/\/sloengeldage.dk\/index.php\/skattejagt\/\" title=\"\"><span class=\"brz-span\">Skattejagt<\/span><\/a><\/li>\n<li data-menu-item-id=\"d9228d11a53ed9d80d15120beb3c328a\" class=\"brz-menu__item menu-item menu-item-type-post_type menu-item-object-page\"><a class=\"brz-a\" target=\"\" href=\"https:\/\/sloengeldage.dk\/index.php\/byvandring\/\" title=\"\"><span class=\"brz-span\">Byvandring<\/span><\/a><\/li>\n<li data-menu-item-id=\"7cf232e44dd95950aade955a28dd1d61\" class=\"brz-menu__item menu-item menu-item-type-post_type menu-item-object-page\"><a class=\"brz-a\" target=\"\" href=\"https:\/\/sloengeldage.dk\/index.php\/foredrag\/\" title=\"\"><span class=\"brz-span\">Foredrag<\/span><\/a><\/li>\n<\/ul>\n<\/nav>\n<\/div>\n<\/div>\n<\/div>\n<\/div>\n<div class=\"brz-columns brz-css-d-column-column brz-css-1xqq41t\" data-brz-custom-id=\"tbUPUSKE6Qvr\">\n<div class=\"brz-column__items brz-css-d-column-bg brz-css-1c7vt1d\">\n<div id=\"\" class=\"brz-css-d-wrapper brz-css-glotn0 brz-wrapper\">\n<div class=\"brz-rich-text brz-rich-text__custom brz-css-d-richtext brz-css-14x9ky7\" data-brz-custom-id=\"jLqTO_ciVjyW\">\n<div data-brz-translate-text=\"1\">\n<h1 class=\"brz-ft-upload brz-ff-eLfcc0Y4jS0p brz-text-lg-center brz-fss-lg-px brz-fw-lg-700 brz-ls-lg-m_1_5 brz-lh-lg-1_3 brz-vfw-lg-400 brz-fwdth-lg-100 brz-fsft-lg-0 ql-align-center brz-fs-lg-40 brz-tp-lg-heading1 brz-css-fYXqG\" data-generated-css=\"brz-css-b7MG0\" data-uniq-id=\"avzqp\"><span class=\"brz-cp-color4\">Foredrag om Ole Lund Kirkegaard<\/span><\/h1>\n<\/div>\n<\/div>\n<\/div>\n<div id=\"\" class=\"brz-css-d-wrapper brz-css-c7uiuc brz-wrapper\">\n<div class=\"brz-rich-text brz-rich-text__custom brz-css-d-richtext brz-css-13uyfog\" data-brz-custom-id=\"muRjsQZZ9NFt\">\n<div data-brz-translate-text=\"1\">\n<h2 class=\"brz-ft-upload brz-ff-eLfcc0Y4jS0p brz-fss-lg-px brz-fw-lg-700 brz-ls-lg-m_1_5 brz-lh-lg-1_3 brz-vfw-lg-400 brz-fwdth-lg-100 brz-fsft-lg-0 ql-align-center brz-text-lg-center brz-fs-lg-30 brz-tp-lg-heading2 brz-css-mL7AU\" data-generated-css=\"brz-css-jPlPY\" data-uniq-id=\"r57Md\"><span class=\"brz-cp-color5\">For 2. &#8211; 4. klasse<\/span><\/h2>\n<\/div>\n<\/div>\n<\/div>\n<div id=\"\" class=\"brz-css-d-wrapper brz-css-zautqr brz-wrapper\">\n<div class=\"brz-rich-text brz-rich-text__custom brz-css-d-richtext brz-css-16mnrhm\" data-brz-custom-id=\"jYdbVEK3mq28\">\n<div data-brz-translate-text=\"1\">\n<p class=\"brz-fsft-lg-0 brz-fwdth-lg-100 brz-vfw-lg-400 brz-lh-lg-1_7 brz-ls-lg-0 brz-fw-lg-400 brz-fss-lg-px brz-fs-lg-20 brz-ft-upload brz-ff-eLfcc0Y4jS0p brz-tp-lg-paragraph brz-css-lW45d\" data-uniq-id=\"yiA4q\" data-generated-css=\"brz-css-wYgv7\"><span class=\"brz-cp-color1 brz-span\">Ole Lund Kirkegaard har skrevet en r\u00e6kke kendte og elskede b\u00f8rneb\u00f8ger. B\u00f8gerne ligner hinanden p\u00e5 sprog og fort\u00e6lletone. Forfatteren, som voksede op i Skanderborg, er ikke blot kendt i Danmark. Hans b\u00f8ger er i dag oversat til 26 sprog.<\/span><\/p>\n<p class=\"brz-tp-lg-empty brz-ff-roboto brz-ft-google brz-fs-lg-20 brz-fss-lg-px brz-fw-lg-400 brz-ls-lg-0 brz-lh-lg-1_7 brz-vfw-lg-400 brz-fwdth-lg-100 brz-fsft-lg-0 brz-css-x8e5p\" data-uniq-id=\"moygz\" data-generated-css=\"brz-css-pe7f0\"><span class=\"brz-cp-color1 brz-span\"> <\/span><\/p>\n<p class=\"brz-fsft-lg-0 brz-fwdth-lg-100 brz-vfw-lg-400 brz-lh-lg-1_7 brz-ls-lg-0 brz-fw-lg-400 brz-fss-lg-px brz-fs-lg-20 brz-ft-upload brz-ff-eLfcc0Y4jS0p brz-tp-lg-paragraph brz-css-prgvK\" data-uniq-id=\"efyGv\" data-generated-css=\"brz-css-dDHCE\"><span class=\"brz-cp-color1 brz-span\">Uffe H\u00f8j, der fra 2015 til 2025 har v\u00e6ret formand for foreningen Di Heslige Sl\u00f8nglers Klup, tilbyder et foredrag om Ole Lund Kirkegaard, som afholdes p\u00e5 egen skole. M\u00e5lgruppen er 2.-4. klasses elever i Skanderborg Kommune. Der udbydes 5 foredrag, som bookes efter f\u00f8rst-til-m\u00f8lle-princippet.<\/span><\/p>\n<\/div>\n<\/div>\n<\/div>\n<div id=\"\" class=\"brz-css-d-wrapper brz-css-pt2dy6 brz-wrapper\">\n<div class=\"brz-rich-text brz-rich-text__custom brz-css-d-richtext brz-css-1rmtwf\" data-brz-custom-id=\"kDBIMwtJ80Jm\">\n<div data-brz-translate-text=\"1\">\n<h2 class=\"ql-align-center brz-text-lg-center brz-ff-eLfcc0Y4jS0p brz-ft-upload brz-fs-lg-30 brz-fss-lg-px brz-fw-lg-700 brz-ls-lg-m_1_5 brz-lh-lg-1_3 brz-vfw-lg-400 brz-fwdth-lg-100 brz-fsft-lg-0 brz-tp-lg-heading2 brz-css-fmJdY\" data-generated-css=\"brz-css-l_4LC\" data-uniq-id=\"dbLZ4\"><strong class=\"brz-cp-color5\">Om foredraget<\/strong><\/h2>\n<p class=\"brz-text-lg-center brz-ls-lg-0 brz-lh-lg-1_7 brz-vfw-lg-400 brz-fwdth-lg-100 brz-fsft-lg-0 brz-ff-roboto brz-ft-google brz-fs-lg-20 brz-fss-lg-px brz-fw-lg-400 brz-tp-lg-empty brz-css-uV67C\" data-generated-css=\"brz-css-iMNPU\" data-uniq-id=\"jzU3D\"><span class=\"brz-cp-color1\"> <\/span><\/p>\n<p class=\"brz-ff-eLfcc0Y4jS0p brz-ft-upload brz-fs-lg-20 brz-fss-lg-px brz-fw-lg-400 brz-ls-lg-0 brz-lh-lg-1_7 brz-vfw-lg-400 brz-fwdth-lg-100 brz-fsft-lg-0 brz-tp-lg-paragraph brz-css-b18MA\" data-generated-css=\"brz-css-ilJCo\" data-uniq-id=\"jnr20\"><strong class=\"brz-cp-color1\">Foredragets emne:<\/strong><span class=\"brz-cp-color1\"> Ole Lund Kirkegaard \u2013 en fort\u00e6lling i ord &amp; billeder<\/span><\/p>\n<p class=\"brz-ls-lg-0 brz-lh-lg-1_7 brz-vfw-lg-400 brz-fwdth-lg-100 brz-fsft-lg-0 brz-ff-roboto brz-ft-google brz-fs-lg-20 brz-fss-lg-px brz-fw-lg-400 brz-tp-lg-empty brz-css-kn0Qy\" data-generated-css=\"brz-css-lEgFq\" data-uniq-id=\"lVSMV\"><\/p>\n<p class=\"brz-ff-eLfcc0Y4jS0p brz-ft-upload brz-fs-lg-20 brz-fss-lg-px brz-fw-lg-400 brz-ls-lg-0 brz-lh-lg-1_7 brz-vfw-lg-400 brz-fwdth-lg-100 brz-fsft-lg-0 brz-tp-lg-paragraph brz-css-rR7vm\" data-generated-css=\"brz-css-md5s_\" data-uniq-id=\"u7ZfI\"><strong class=\"brz-cp-color1\">M\u00e5lgruppe:<\/strong><span class=\"brz-cp-color1\"> 2.- 4. klasse. Max. antal elever pr. foredrag: 120<\/span><\/p>\n<p class=\"brz-ls-lg-0 brz-lh-lg-1_7 brz-vfw-lg-400 brz-fwdth-lg-100 brz-fsft-lg-0 brz-ff-roboto brz-ft-google brz-fs-lg-20 brz-fss-lg-px brz-fw-lg-400 brz-tp-lg-empty brz-css-v0WHV\" data-generated-css=\"brz-css-uvlFl\" data-uniq-id=\"itpsP\"><\/p>\n<p class=\"brz-ff-eLfcc0Y4jS0p brz-ft-upload brz-fs-lg-20 brz-fss-lg-px brz-fw-lg-400 brz-ls-lg-0 brz-lh-lg-1_7 brz-vfw-lg-400 brz-fwdth-lg-100 brz-fsft-lg-0 brz-tp-lg-paragraph brz-css-nNR0i\" data-generated-css=\"brz-css-zpszn\" data-uniq-id=\"kEWHh\"><strong class=\"brz-cp-color1\">Varighed:<\/strong><span class=\"brz-cp-color1\"> 1\u00bd time \u2013 pause efter ca. 45 min. p\u00e5 10 minutter. <\/span><\/p>\n<p class=\"brz-ls-lg-0 brz-lh-lg-1_7 brz-vfw-lg-400 brz-fwdth-lg-100 brz-fsft-lg-0 brz-ff-roboto brz-ft-google brz-fs-lg-20 brz-fss-lg-px brz-fw-lg-400 brz-tp-lg-paragraph brz-css-pWihl\" data-generated-css=\"brz-css-uDaND\" data-uniq-id=\"rKP6V\"><\/p>\n<p class=\"brz-ff-eLfcc0Y4jS0p brz-ft-upload brz-fs-lg-20 brz-fss-lg-px brz-fw-lg-400 brz-ls-lg-0 brz-lh-lg-1_7 brz-vfw-lg-400 brz-fwdth-lg-100 brz-fsft-lg-0 brz-tp-lg-paragraph brz-css-qLMxK\" data-generated-css=\"brz-css-vd4_L\" data-uniq-id=\"ong1d\"><strong class=\"brz-cp-color1\">Datoer:<\/strong><span class=\"brz-cp-color1\"> 19\/03, 24\/03, 08\/04, 14\/04, 23\/04<\/span><\/p>\n<p class=\"brz-ls-lg-0 brz-lh-lg-1_7 brz-vfw-lg-400 brz-fwdth-lg-100 brz-fsft-lg-0 brz-ff-roboto brz-ft-google brz-fs-lg-20 brz-fss-lg-px brz-fw-lg-400 brz-tp-lg-paragraph brz-css-tVVAK\" data-generated-css=\"brz-css-uFnKB\" data-uniq-id=\"xotXb\"><\/p>\n<p class=\"brz-ff-eLfcc0Y4jS0p brz-ft-upload brz-fs-lg-20 brz-fss-lg-px brz-fw-lg-400 brz-ls-lg-0 brz-lh-lg-1_7 brz-vfw-lg-400 brz-fwdth-lg-100 brz-fsft-lg-0 brz-tp-lg-paragraph brz-css-k_ajx\" data-generated-css=\"brz-css-dNmN3\" data-uniq-id=\"yVyor\"><strong class=\"brz-cp-color1\">Honorar:<\/strong><span class=\"brz-cp-color1\"> Gratis<\/span><\/p>\n<p class=\"brz-ls-lg-0 brz-lh-lg-1_7 brz-vfw-lg-400 brz-fwdth-lg-100 brz-fsft-lg-0 brz-ff-roboto brz-ft-google brz-fs-lg-20 brz-fss-lg-px brz-fw-lg-400 brz-tp-lg-paragraph brz-css-q3LdP\" data-generated-css=\"brz-css-qIk7C\" data-uniq-id=\"d63Pc\"><\/p>\n<p class=\"brz-ff-eLfcc0Y4jS0p brz-ft-upload brz-fs-lg-20 brz-fss-lg-px brz-fw-lg-400 brz-ls-lg-0 brz-lh-lg-1_7 brz-vfw-lg-400 brz-fwdth-lg-100 brz-fsft-lg-0 brz-tp-lg-paragraph brz-css-oFJrY\" data-generated-css=\"brz-css-ukjy7\" data-uniq-id=\"yvzJ9\"><strong class=\"brz-cp-color1\">Teknik og lokalitet:<\/strong><span class=\"brz-cp-color1\"> Skolen s\u00f8rger for: Adgang til projektor og hj\u00e6lp til klarg\u00f8ring af billedfremvisning. Computeren skal bruge HDMI-stik. En foruds\u00e6tning for en vellykket afvikling af foredrag er ofte, at eleverne har stol at sidde p\u00e5.<\/span><\/p>\n<p class=\"brz-ff-eLfcc0Y4jS0p brz-ft-upload brz-ls-lg-0 brz-lh-lg-1_7 brz-vfw-lg-400 brz-fwdth-lg-100 brz-fsft-lg-0 brz-fs-lg-20 brz-fss-lg-px brz-fw-lg-400 brz-tp-lg-paragraph brz-css-d9_uH\" data-generated-css=\"brz-css-vFvAK\" data-uniq-id=\"p2cY_\"><span class=\"brz-cp-color1\">Uffe H\u00f8j ankommer ca. 30 minutter f\u00f8r foredraget begynder. <\/span><\/p>\n<p class=\"brz-ls-lg-0 brz-lh-lg-1_7 brz-vfw-lg-400 brz-fwdth-lg-100 brz-fsft-lg-0 brz-ff-roboto brz-ft-google brz-fs-lg-20 brz-fss-lg-px brz-fw-lg-400 brz-tp-lg-paragraph brz-css-l1UQd\" data-generated-css=\"brz-css-ihE1v\" data-uniq-id=\"oljYE\"><\/p>\n<p class=\"brz-tp-lg-paragraph brz-ls-lg-0 brz-lh-lg-1_7 brz-vfw-lg-400 brz-fwdth-lg-100 brz-fsft-lg-0 brz-fs-lg-20 brz-fss-lg-px brz-fw-lg-400 brz-ff-eLfcc0Y4jS0p brz-ft-upload brz-css-gcGZh\" data-generated-css=\"brz-css-mK66i\" data-uniq-id=\"ezuGl\"><strong class=\"brz-cp-color1\">Indhold:<\/strong><span class=\"brz-cp-color1\"> Eleverne tages med p\u00e5 en tur i Ole Lund Kirkegaards liv og forfatterskab og f\u00e5r fortalt historien om Ole Lund Kirkegaard som barn, ung, l\u00e6rer og forfatter. Undervejs l\u00e6ses op fra de vigtigste b\u00f8ger. Desuden fort\u00e6ller Uffe H\u00f8j om at v\u00e6re barn i perioden 1950 \u2013 1970 og om de forandringer, der opstod i synet p\u00e5 barnet, og de konsekvenser, det fik for elevernes skolegang. <\/span><\/p>\n<\/div>\n<\/div>\n<\/div>\n<div class=\"brz-wrapper-clone brz-flex-xs-wrap brz-css-d-cloneable brz-css-182hp3k\" data-brz-custom-id=\"tRBvWaD2768Q\"><a class=\"brz-a brz-btn brz-css-d-button brz-css-1g6jgn2 brz-css-d-button-bg brz-css-ognbyp\" target=\"_blank\" rel=\"noopener noreferrer\" href=\"https:\/\/skanderborg.plan2learn.dk\/dl.aspx?xmg=03affd95-8220-428c-b36e-755c23a03164&amp;r=KursusValg.aspx?id=142032\" data-brz-link-type=\"external\" data-brz-custom-id=\"qniw4EcY8pKJ\"><span data-brz-translate-text=\"1\" class=\"brz-span brz-text__editor\">Tilmelding til foredrag<\/span><\/a><\/div>\n<div id=\"\" class=\"brz-css-d-wrapper brz-css-k600i2 brz-wrapper\">\n<div class=\"brz-rich-text brz-rich-text__custom brz-css-d-richtext brz-css-4zoi33\" data-brz-custom-id=\"zT1FSoEOoWyj\">\n<div data-brz-translate-text=\"1\">\n<h2 data-generated-css=\"brz-css-fLecs\" data-uniq-id=\"oovt4\" class=\"brz-ff-roboto brz-ft-google brz-fs-lg-20 brz-fss-lg-px brz-fw-lg-400 brz-ls-lg-0 brz-lh-lg-1_7 brz-vfw-lg-400 brz-fwdth-lg-100 brz-fsft-lg-0 brz-text-lg-center brz-tp-lg-heading2 brz-css-z6NDE\"><span class=\"brz-cp-color5\">Referencer<\/span><\/h2>\n<p class=\"brz-tp-lg-paragraph brz-ls-lg-0 brz-lh-lg-1_7 brz-vfw-lg-400 brz-fwdth-lg-100 brz-fsft-lg-0 brz-ff-roboto brz-ft-google brz-fs-lg-20 brz-fss-lg-px brz-fw-lg-400 brz-css-ar6Yf\" data-generated-css=\"brz-css-wUGit\" data-uniq-id=\"jSXH7\"><span class=\"brz-cp-color1\"> <\/span><\/p>\n<p class=\"brz-tp-lg-paragraph brz-ff-eLfcc0Y4jS0p brz-ft-upload brz-fs-lg-20 brz-fss-lg-px brz-fw-lg-400 brz-ls-lg-0 brz-lh-lg-1_7 brz-vfw-lg-400 brz-fwdth-lg-100 brz-fsft-lg-0 brz-css-h0spN\" data-generated-css=\"brz-css-k4pcG\" data-uniq-id=\"xZVJL\"><strong class=\"brz-cp-color1 brz-bold-true\">Auning Skole:<\/strong><\/p>\n<blockquote class=\"brz-tp-lg-paragraph brz-ff-lato brz-ft-google brz-fs-lg-18 brz-fss-lg-px brz-fw-lg-400 brz-ls-lg-0 brz-lh-lg-1_3 brz-vfw-lg-400 brz-fwdth-lg-100 brz-fsft-lg-0\" data-generated-css=\"brz-css-uXujq\" data-uniq-id=\"hso0S\"><p><em class=\"brz-cp-color1 brz-italic-true\">\u201cDet er sin sag at holde 100 mellemtrinselevers opm\u00e6rksomhed i 1\u00bd time, men det kan Uffe H\u00f8j fra Di Heslige Sl\u00f8nglers Klup, n\u00e5r han med stor indlevelse og smittende begejstring i b\u00f8rneh\u00f8jde fort\u00e6ller om Ole Lund Kirkegaards liv og forfatterskab.\u201d <\/em><\/p><\/blockquote>\n<p class=\"brz-tp-lg-paragraph brz-ff-eLfcc0Y4jS0p brz-ft-upload brz-fs-lg-20 brz-fss-lg-px brz-fw-lg-400 brz-ls-lg-0 brz-lh-lg-1_7 brz-vfw-lg-400 brz-fwdth-lg-100 brz-fsft-lg-0 brz-css-zARrU\" data-generated-css=\"brz-css-hqzaa\" data-uniq-id=\"akRhh\"><span class=\"brz-cp-color1\">Varme anbefalinger fra l\u00e6ringsvejleder Camilla Storm, Auning Skole.<\/span><\/p>\n<p class=\"brz-tp-lg-paragraph brz-ls-lg-0 brz-lh-lg-1_7 brz-vfw-lg-400 brz-fwdth-lg-100 brz-fsft-lg-0 brz-ff-roboto brz-ft-google brz-fs-lg-20 brz-fss-lg-px brz-fw-lg-400 brz-css-jBEKW\" data-generated-css=\"brz-css-d4JZZ\" data-uniq-id=\"uar8m\"><span class=\"brz-cp-color1\"> <\/span><\/p>\n<p class=\"brz-tp-lg-paragraph brz-ff-eLfcc0Y4jS0p brz-ft-upload brz-fs-lg-20 brz-fss-lg-px brz-fw-lg-400 brz-ls-lg-0 brz-lh-lg-1_7 brz-vfw-lg-400 brz-fwdth-lg-100 brz-fsft-lg-0 brz-css-odcsq\" data-generated-css=\"brz-css-l5BGE\" data-uniq-id=\"eynua\"><strong class=\"brz-cp-color1 brz-bold-true\">Hornslet Skole:<\/strong><\/p>\n<blockquote class=\"brz-tp-lg-paragraph brz-ff-lato brz-ft-google brz-fs-lg-18 brz-fss-lg-px brz-fw-lg-400 brz-ls-lg-0 brz-lh-lg-1_3 brz-vfw-lg-400 brz-fwdth-lg-100 brz-fsft-lg-0\" data-generated-css=\"brz-css-kV0Un\" data-uniq-id=\"vUpVc\"><p><em class=\"brz-cp-color1 brz-italic-true\"> \u201cUffe H\u00f8j er en rigtig dygtig formidler, og han \u201cfangede\u201d eleverne ind i Ole Lund Kirkegaard-universet med begejstring og humor. Eleverne var meget glade for bes\u00f8get, og Uffe er allerede bestilt til kommende 3. \u00e5rgang i 2023.\u201d <\/em><\/p><\/blockquote>\n<p class=\"brz-tp-lg-paragraph brz-ff-eLfcc0Y4jS0p brz-ft-upload brz-fs-lg-20 brz-fss-lg-px brz-fw-lg-400 brz-ls-lg-0 brz-lh-lg-1_7 brz-vfw-lg-400 brz-fwdth-lg-100 brz-fsft-lg-0 brz-css-ywQ5x\" data-generated-css=\"brz-css-fV_yk\" data-uniq-id=\"jZUxD\"><span class=\"brz-cp-color1\">Karin Kjeldsen &#8211; P\u00e6dagogisk IT- og L\u00e6ringsvejleder, Hornslet Skole.<\/span><\/p>\n<p class=\"brz-tp-lg-paragraph brz-ls-lg-0 brz-lh-lg-1_7 brz-vfw-lg-400 brz-fwdth-lg-100 brz-fsft-lg-0 brz-ff-roboto brz-ft-google brz-fs-lg-20 brz-fss-lg-px brz-fw-lg-400 brz-css-dGmE7\" data-generated-css=\"brz-css-vmcz7\" data-uniq-id=\"mSnXQ\"><span class=\"brz-cp-color1\"> <\/span><\/p>\n<p class=\"brz-tp-lg-paragraph brz-ff-eLfcc0Y4jS0p brz-ft-upload brz-fs-lg-20 brz-fss-lg-px brz-fw-lg-400 brz-ls-lg-0 brz-lh-lg-1_7 brz-vfw-lg-400 brz-fwdth-lg-100 brz-fsft-lg-0 brz-css-pCt2y\" data-generated-css=\"brz-css-rcNFk\" data-uniq-id=\"smOWM\"><strong class=\"brz-cp-color1 brz-bold-true\">T\u00f8nning-Tr\u00e6den Friskole:<\/strong><span class=\"brz-cp-color1 brz-bold-true\"> <\/span><\/p>\n<blockquote class=\"brz-tp-lg-paragraph brz-fss-lg-px brz-fw-lg-400 brz-ls-lg-0 brz-lh-lg-1_3 brz-vfw-lg-400 brz-fwdth-lg-100 brz-fsft-lg-0 brz-ff-lato brz-ft-google brz-fs-lg-18\" data-generated-css=\"brz-css-kO6Fp\" data-uniq-id=\"jDfJw\"><p><em class=\"brz-cp-color1 brz-italic-true\">\u201cVi vil p\u00e5 det allervarmeste anbefale et bes\u00f8g af Uffe H\u00f8j. Vigtigheden af det levende ord blev tydeligt for os den dag, han bes\u00f8gte skolen.\u201d<\/em><\/p><\/blockquote>\n<p class=\"brz-ls-lg-0 brz-lh-lg-1_7 brz-vfw-lg-400 brz-fwdth-lg-100 brz-fsft-lg-0 brz-tp-lg-empty brz-ff-roboto brz-ft-google brz-fs-lg-20 brz-fss-lg-px brz-fw-lg-400 brz-css-ivqPM\" data-generated-css=\"brz-css-nAa8S\" data-uniq-id=\"uWW8q\"><span class=\"brz-cp-color1\"> <\/span><\/p>\n<\/div>\n<\/div>\n<\/div>\n<\/div>\n<\/div>\n<\/div>\n<\/div>\n<\/div>\n<\/div>\n<\/section><\/div>\n<p><!-- version:1765371758 --><\/p>\n","protected":false},"excerpt":{"rendered":"<p>Sl\u00f8ngeldag for skoler Kreaprojekt Skattejagt Byvandring Foredrag Sl\u00f8ngeldag for skoler Kreaprojekt Skattejagt Byvandring Foredrag Foredrag om Ole Lund Kirkegaard For 2. &#8211; 4. klasse Ole Lund Kirkegaard har skrevet en r\u00e6kke kendte og elskede b\u00f8rneb\u00f8ger. B\u00f8gerne ligner hinanden p\u00e5 sprog og fort\u00e6lletone. Forfatteren, som voksede op i Skanderborg, er ikke blot kendt i Danmark. Hans &hellip; <\/p>\n<p class=\"link-more\"><a href=\"https:\/\/sloengeldage.dk\/index.php\/foredrag\/\" class=\"more-link\">Continue reading<span class=\"screen-reader-text\"> &#8220;Foredrag&#8221;<\/span><\/a><\/p>\n","protected":false},"author":1,"featured_media":0,"parent":0,"menu_order":0,"comment_status":"closed","ping_status":"closed","template":"brizy-blank-template.php","meta":{"footnotes":""},"folder":[74],"class_list":["post-1097","page","type-page","status-publish","hentry","entry"],"brizy_media":[{"id":1101,"url":"https:\/\/sloengeldage.dk\/wp-content\/uploads\/ForedragomOleLundKirkegaard-foredragsortbaggrund.png","name":"ForedragomOleLundKirkegaard-foredragsortbaggrund.png","meta":{"brizy_attachment_uid":"wp-45975fe021dbdb5537376052251b1537.png","brizy_post_uid":["fb5606ce47476b65b7c1e977bd8b92a1"]}},{"id":2869,"url":"https:\/\/sloengeldage.dk\/wp-content\/uploads\/Ole-Lund-Kirkegaard.png","name":"Ole-Lund-Kirkegaard.png","meta":{"brizy_attachment_uid":"wp-ac9fdd68e71757083dfe990608a82654.png","brizy_post_uid":["fb5606ce47476b65b7c1e977bd8b92a1"]}}],"_links":{"self":[{"href":"https:\/\/sloengeldage.dk\/index.php\/wp-json\/wp\/v2\/pages\/1097","targetHints":{"allow":["GET"]}}],"collection":[{"href":"https:\/\/sloengeldage.dk\/index.php\/wp-json\/wp\/v2\/pages"}],"about":[{"href":"https:\/\/sloengeldage.dk\/index.php\/wp-json\/wp\/v2\/types\/page"}],"author":[{"embeddable":true,"href":"https:\/\/sloengeldage.dk\/index.php\/wp-json\/wp\/v2\/users\/1"}],"replies":[{"embeddable":true,"href":"https:\/\/sloengeldage.dk\/index.php\/wp-json\/wp\/v2\/comments?post=1097"}],"version-history":[{"count":18,"href":"https:\/\/sloengeldage.dk\/index.php\/wp-json\/wp\/v2\/pages\/1097\/revisions"}],"predecessor-version":[{"id":3044,"href":"https:\/\/sloengeldage.dk\/index.php\/wp-json\/wp\/v2\/pages\/1097\/revisions\/3044"}],"wp:attachment":[{"href":"https:\/\/sloengeldage.dk\/index.php\/wp-json\/wp\/v2\/media?parent=1097"}],"wp:term":[{"taxonomy":"folder","embeddable":true,"href":"https:\/\/sloengeldage.dk\/index.php\/wp-json\/wp\/v2\/folder?post=1097"}],"curies":[{"name":"wp","href":"https:\/\/api.w.org\/{rel}","templated":true}]}}