{"id":1088,"date":"2025-06-24T13:55:03","date_gmt":"2025-06-24T13:55:03","guid":{"rendered":"https:\/\/167.235.1.82\/~sloengel\/nyside\/?page_id=1088"},"modified":"2026-04-08T21:33:33","modified_gmt":"2026-04-08T21:33:33","slug":"byvandring","status":"publish","type":"page","link":"https:\/\/sloengeldage.dk\/index.php\/byvandring\/","title":{"rendered":"Byvandring"},"content":{"rendered":"<div class=\"brz brz-root__container brz-reset-all brz-root__container-page\">\n<section id=\"hvRERUL3Up4o_hvRERUL3Up4o\" class=\"brz-section brz-css-1omc4um brz-css-menxjw\">\n<div class=\"brz-section__content brz-section--boxed brz-css-v1ehb1 brz-css-54zpbu\" data-brz-custom-id=\"fYFaEufT0OaX\">\n<div class=\"brz-bg\">\n<div class=\"brz-bg-image\"><\/div>\n<\/div>\n<div class=\"brz-container brz-css-1gvug7b brz-css-jhgiqm\">\n<div id=\"\" class=\"brz-css-1brx5b9 brz-css-ubs5c2 brz-wrapper\">\n<div class=\"brz-rich-text brz-rich-text__custom brz-css-vl1b2u brz-css-164678l\" data-brz-custom-id=\"zH3TGkHnX1Hp\">\n<div data-brz-translate-text=\"1\">\n<p class=\"brz-fsft-lg-0 brz-fwdth-lg-100 brz-vfw-lg-400 brz-lh-lg-1_3 brz-ls-lg-m_1_5 brz-fw-lg-700 brz-fss-lg-px brz-fs-lg-56 brz-ft-upload brz-ff-eLfcc0Y4jS0p brz-text-lg-center brz-tp-lg-p6v2dfHnW29e brz-css-ujO2P\" data-uniq-id=\"vs8DQ\" data-generated-css=\"brz-css-mT2O5\"><span class=\"brz-cp-color5\">Byvandring <\/span><\/p>\n<p class=\"brz-ft-upload brz-ff-eLfcc0Y4jS0p brz-text-lg-center brz-fs-lg-35 brz-fss-lg-px brz-fw-lg-700 brz-ls-lg-m_1_5 brz-lh-lg-1_3 brz-vfw-lg-400 brz-fwdth-lg-100 brz-fsft-lg-0 brz-tp-lg-p6v2dfHnW29e brz-css-x7Irg\" data-uniq-id=\"gmHlZ\" data-generated-css=\"brz-css-hU_fF\"><span class=\"brz-cp-color8\">&#8211; i Ole Lund Kirkegaards fodspor<\/span><\/p>\n<\/div>\n<\/div>\n<\/div>\n<\/div>\n<\/div>\n<\/section>\n<section id=\"nK0auun0xVXe_nK0auun0xVXe\" class=\"brz-section brz-css-14b3i9o brz-css-p0dftn\">\n<div class=\"brz-section__content brz-section--boxed brz-css-1v3nihq brz-css-1dr0ka8\" data-brz-custom-id=\"kgPU5XgJCiIP\">\n<div class=\"brz-bg\">\n<div class=\"brz-bg-color\"><\/div>\n<\/div>\n<div class=\"brz-container brz-css-1f8mo0l brz-css-jyjzt2\">\n<div class=\"brz-row__container brz-css-j3t802 brz-css-l528d4\" data-brz-custom-id=\"usQDStXCEPNw\">\n<div class=\"brz-row brz-css-xs2xuf brz-css-1le3hm8 brz-css-ckxeyn\">\n<div class=\"brz-columns brz-css-1x67lu2 brz-css-1x99wwq\" data-brz-custom-id=\"nCFAGi7cY7j1\">\n<div class=\"brz-column__items brz-css-qkvp0i brz-css-1pj75cg\">\n<div id=\"\" class=\"brz-css-1degdje brz-css-1mtlsbn brz-wrapper\">\n<div class=\"brz-menu__container brz-css-1lakfyh brz-css-114vveh\" data-mmenu-id=\"#rLd7vqqSb91a_5162de12b555ac1b87cc\" data-mmenu-position=\"position-left\" data-mmenu-title=\"Menu\" data-mmenu-stickytitle=\"off\" data-mmenu-isslider=\"false\" data-mmenu-closingicon=\"%7B%22desktop%22%3A%22off%22%2C%22tablet%22%3A%22off%22%2C%22mobile%22%3A%22off%22%7D\" data-brz-custom-id=\"rLd7vqqSb91a\">\n<nav data-mods=\"%7B%22desktop%22%3A%22vertical%22%2C%22tablet%22%3A%22vertical%22%2C%22mobile%22%3A%22vertical%22%7D\" class=\"brz-menu brz-menu__preview brz-css-xq9qsb brz-css-1gyljw3\">\n<ul class=\"brz-menu__ul\" data-menu-items-active=\"\">\n<li data-menu-item-id=\"e3cf966af9033ea586d7c152fe6a1942\" class=\"brz-menu__item menu-item menu-item-type-post_type menu-item-object-page\"><a class=\"brz-a\" target=\"\" href=\"https:\/\/sloengeldage.dk\/index.php\/skoledag\/\" title=\"\"><span class=\"brz-span\">Skoledag<\/span><\/a><\/li>\n<li data-menu-item-id=\"dea22a51c29630aa9fbc9802ee7b72a5\" class=\"brz-menu__item menu-item menu-item-type-post_type menu-item-object-page\"><a class=\"brz-a\" target=\"\" href=\"https:\/\/sloengeldage.dk\/index.php\/kunstprojekt\/\" title=\"\"><span class=\"brz-span\">Kunstprojekt<\/span><\/a><\/li>\n<li data-menu-item-id=\"a0accd47aa0e2d841afc2b2e5e6d7a5b\" class=\"brz-menu__item menu-item menu-item-type-post_type menu-item-object-page\"><a class=\"brz-a\" target=\"\" href=\"https:\/\/sloengeldage.dk\/index.php\/skattejagt\/\" title=\"\"><span class=\"brz-span\">Skattejagt<\/span><\/a><\/li>\n<li data-menu-item-id=\"d9228d11a53ed9d80d15120beb3c328a\" class=\"brz-menu__item menu-item menu-item-type-post_type menu-item-object-page\"><a class=\"brz-a\" target=\"\" href=\"https:\/\/sloengeldage.dk\/index.php\/byvandring\/\" title=\"\"><span class=\"brz-span\">Byvandring<\/span><\/a><\/li>\n<li data-menu-item-id=\"7cf232e44dd95950aade955a28dd1d61\" class=\"brz-menu__item menu-item menu-item-type-post_type menu-item-object-page\"><a class=\"brz-a\" target=\"\" href=\"https:\/\/sloengeldage.dk\/index.php\/foredrag\/\" title=\"\"><span class=\"brz-span\">Foredrag<\/span><\/a><\/li>\n<\/ul>\n<\/nav>\n<div class=\"brz-mm-menu__icon\" data-brz-brz-mmenu-icon=\"off\"><\/div>\n<nav data-mods=\"%7B%22desktop%22%3A%22vertical%22%2C%22tablet%22%3A%22vertical%22%2C%22mobile%22%3A%22vertical%22%7D\" id=\"rLd7vqqSb91a_5162de12b555ac1b87cc\" class=\"brz-menu brz-menu__preview brz-menu__mmenu brz-css-wwfrzh brz-css-1t0n6vv\">\n<ul class=\"brz-menu__ul\" data-menu-items-active=\"\">\n<li data-menu-item-id=\"e3cf966af9033ea586d7c152fe6a1942\" class=\"brz-menu__item menu-item menu-item-type-post_type menu-item-object-page\"><a class=\"brz-a\" target=\"\" href=\"https:\/\/sloengeldage.dk\/index.php\/skoledag\/\" title=\"\"><span class=\"brz-span\">Skoledag<\/span><\/a><\/li>\n<li data-menu-item-id=\"dea22a51c29630aa9fbc9802ee7b72a5\" class=\"brz-menu__item menu-item menu-item-type-post_type menu-item-object-page\"><a class=\"brz-a\" target=\"\" href=\"https:\/\/sloengeldage.dk\/index.php\/kunstprojekt\/\" title=\"\"><span class=\"brz-span\">Kunstprojekt<\/span><\/a><\/li>\n<li data-menu-item-id=\"a0accd47aa0e2d841afc2b2e5e6d7a5b\" class=\"brz-menu__item menu-item menu-item-type-post_type menu-item-object-page\"><a class=\"brz-a\" target=\"\" href=\"https:\/\/sloengeldage.dk\/index.php\/skattejagt\/\" title=\"\"><span class=\"brz-span\">Skattejagt<\/span><\/a><\/li>\n<li data-menu-item-id=\"d9228d11a53ed9d80d15120beb3c328a\" class=\"brz-menu__item menu-item menu-item-type-post_type menu-item-object-page\"><a class=\"brz-a\" target=\"\" href=\"https:\/\/sloengeldage.dk\/index.php\/byvandring\/\" title=\"\"><span class=\"brz-span\">Byvandring<\/span><\/a><\/li>\n<li data-menu-item-id=\"7cf232e44dd95950aade955a28dd1d61\" class=\"brz-menu__item menu-item menu-item-type-post_type menu-item-object-page\"><a class=\"brz-a\" target=\"\" href=\"https:\/\/sloengeldage.dk\/index.php\/foredrag\/\" title=\"\"><span class=\"brz-span\">Foredrag<\/span><\/a><\/li>\n<\/ul>\n<\/nav>\n<\/div>\n<\/div>\n<\/div>\n<\/div>\n<div class=\"brz-columns brz-css-1x67lu2 brz-css-1lo00jj\" data-brz-custom-id=\"euPe19VF3nCF\">\n<div class=\"brz-column__items brz-css-qkvp0i brz-css-1cthx2t\">\n<div id=\"\" class=\"brz-css-1degdje brz-css-18rjdhb brz-wrapper\">\n<div class=\"brz-rich-text brz-rich-text__custom brz-css-1ys6hnq brz-css-pqmyel\" data-brz-custom-id=\"zKE3DrAc_0tn\">\n<div data-brz-translate-text=\"1\">\n<h1 class=\"brz-ft-upload brz-ff-eLfcc0Y4jS0p brz-text-lg-center brz-fss-lg-px brz-fw-lg-700 brz-ls-lg-m_1_5 brz-lh-lg-1_3 brz-vfw-lg-400 brz-fwdth-lg-100 brz-fsft-lg-0 ql-align-center brz-fs-lg-40 brz-tp-lg-heading1 brz-css-pAmoV\" data-generated-css=\"brz-css-mdOE0\" data-uniq-id=\"vWZtA\"><span class=\"brz-cp-color4\">Byvandring<\/span><\/h1>\n<\/div>\n<\/div>\n<\/div>\n<div id=\"\" class=\"brz-css-1degdje brz-css-16ren1m brz-wrapper\">\n<div class=\"brz-rich-text brz-rich-text__custom brz-css-1ys6hnq brz-css-zzfst3\" data-brz-custom-id=\"cqqr_2Wa40Yb\">\n<div data-brz-translate-text=\"1\">\n<h2 class=\"brz-ft-upload brz-ff-eLfcc0Y4jS0p brz-fsft-lg-0 brz-fwdth-lg-100 brz-vfw-lg-400 brz-lh-lg-1_3 brz-ls-lg-m_1_5 brz-fw-lg-700 brz-fss-lg-px brz-fs-lg-30 brz-text-lg-center ql-align-center brz-tp-lg-heading2 brz-css-ccFj_\" data-uniq-id=\"bQs5l\" data-generated-css=\"brz-css-ciSUe\"><span class=\"brz-cp-color5\">Tidspunkt aftales ved bestilling. <\/span><\/h2>\n<\/div>\n<\/div>\n<\/div>\n<div id=\"\" class=\"brz-css-1degdje brz-css-38xsee brz-wrapper\">\n<div class=\"brz-rich-text brz-rich-text__custom brz-css-1ys6hnq brz-css-287b7s\" data-brz-custom-id=\"a0mtXhwMeivo\">\n<div data-brz-translate-text=\"1\">\n<h3 class=\"brz-fw-lg-700 brz-fss-lg-px brz-fs-lg-20 brz-ft-upload brz-ff-eLfcc0Y4jS0p brz-fsft-lg-0 brz-fwdth-lg-100 brz-vfw-lg-400 brz-lh-lg-1_3 brz-ls-lg-m_1 ql-align-center brz-text-lg-center brz-tp-lg-heading3 brz-css-xWnAC\" data-generated-css=\"brz-css-lT7hl\" data-uniq-id=\"iPUag\"><span class=\"brz-cp-color3\">Kom med p\u00e5 byvandring i Ole Lund Kirkegaards fodspor<\/span><\/h3>\n<\/div>\n<\/div>\n<\/div>\n<div id=\"\" class=\"brz-css-1degdje brz-css-77fav3 brz-wrapper\">\n<div class=\"brz-rich-text brz-rich-text__custom brz-css-1ys6hnq brz-css-186u33\" data-brz-custom-id=\"lEeOaUl4BS8M\">\n<div data-brz-translate-text=\"1\">\n<p class=\"brz-fsft-lg-0 brz-fwdth-lg-100 brz-vfw-lg-400 brz-lh-lg-1_7 brz-ls-lg-0 brz-fw-lg-400 brz-fss-lg-px brz-fs-lg-18 brz-ft-upload brz-ff-eLfcc0Y4jS0p ql-align-center brz-tp-lg-paragraph brz-css-kzeUS\" data-uniq-id=\"rYiHc\" data-generated-css=\"brz-css-mZFU9\"><span class=\"brz-cp-color1 brz-span\">Museum Skanderborg byder 3. klasserne med p\u00e5 historisk byvandring i Ole Lund Kirkegaards fodspor i Skanderborg bymidte. Varighed ca. 1 time.<\/span><\/p>\n<p class=\"ql-align-center brz-ff-roboto brz-ft-google brz-fs-lg-20 brz-fss-lg-px brz-fw-lg-400 brz-ls-lg-0 brz-lh-lg-1_7 brz-vfw-lg-400 brz-fwdth-lg-100 brz-fsft-lg-0 brz-tp-lg-paragraph brz-css-a032S\" data-uniq-id=\"eYcaR\" data-generated-css=\"brz-css-hGY2F\"><\/p>\n<p class=\"brz-fs-lg-18 brz-ft-upload brz-ff-eLfcc0Y4jS0p brz-fsft-lg-0 brz-fwdth-lg-100 brz-vfw-lg-400 brz-lh-lg-1_7 brz-ls-lg-0 brz-fw-lg-400 brz-fss-lg-px ql-align-center brz-tp-lg-paragraph brz-css-wp_sQ\" data-uniq-id=\"vhlSX\" data-generated-css=\"brz-css-llF0Y\"><span class=\"brz-cp-color1 brz-span\">Tilmelding sker ved henvendelse til Charlotte A. Poulsen&nbsp;<\/span><span class=\"brz-cp-color1\">cap@museumskanderborg.dk<\/span><\/p>\n<p class=\"brz-fsft-lg-0 brz-fwdth-lg-100 brz-vfw-lg-400 brz-lh-lg-1_7 brz-ls-lg-0 brz-fw-lg-400 brz-fss-lg-px brz-fs-lg-18 brz-ft-upload brz-ff-eLfcc0Y4jS0p ql-align-center brz-tp-lg-paragraph brz-css-mUeVh\" data-uniq-id=\"fzavt\" data-generated-css=\"brz-css-f4dl2\"><span class=\"brz-cp-color1 brz-span\">N\u00e6rmere information findes p\u00e5 Museum Skanderborgs hjemmeside &#8211; tryk p\u00e5 knappen herunder.<\/span><\/p>\n<\/div>\n<\/div>\n<\/div>\n<div class=\"brz-wrapper-clone brz-flex-xs-wrap brz-css-pldxjk brz-css-1oyqecm\" data-brz-custom-id=\"bUAnZZithhAM\"><a class=\"brz-a brz-btn brz-css-1fbniwf brz-css-14vjus4 brz-css-9z5blr brz-css-xh9gmo\" href=\"https:\/\/www.museumskanderborg.dk\/i-ole-lund-kirkegaards-fodspor\" target=\"_blank\" rel=\"noopener noreferrer\" data-brz-link-type=\"external\" data-brz-custom-id=\"pMZxNplU7lYZ\"><span data-brz-translate-text=\"1\" class=\"brz-span brz-text__editor\">Tilmelding og information<\/span><\/a><\/div>\n<div id=\"\" class=\"brz-css-1degdje brz-css-129m99n brz-wrapper\">\n<div class=\"brz-rich-text brz-rich-text__custom brz-css-1ys6hnq brz-css-1ku0rut\" data-brz-custom-id=\"cE3XwtagLqGH\">\n<div data-brz-translate-text=\"1\">\n<p class=\"brz-tp-lg-paragraph brz-fss-lg-px brz-fw-lg-400 brz-ls-lg-0 brz-lh-lg-1_7 brz-vfw-lg-400 brz-fwdth-lg-100 brz-fsft-lg-0 brz-ff-eLfcc0Y4jS0p brz-ft-upload brz-fs-lg-18 brz-css-k6MnL\" data-uniq-id=\"edV9z\" data-generated-css=\"brz-css-sd4Qh\"><span class=\"brz-cp-color1\">Efter byvandringen kan elever og l\u00e6rere evt. selv tage p\u00e5 skattejagt i h\u00e6lene p\u00e5 Ole Lund Kirkegaard og deltage i konkurrencen om en bogpr\u00e6mie til klassen. <\/span><a class=\"link--page brz-cp-color1\" href=\"https:\/\/sloengeldage.dk\/index.php\/skattejagt\/\" data-brz-link-type=\"page\">L\u00e6s mere om skattejagten her.<\/a><\/p>\n<\/div>\n<\/div>\n<\/div>\n<\/div>\n<\/div>\n<\/div>\n<\/div>\n<\/div>\n<\/div>\n<\/section><\/div>\n<p><!-- version:1759130116 --><\/p>\n","protected":false},"excerpt":{"rendered":"<p>Byvandring &#8211; i Ole Lund Kirkegaards fodspor Skoledag Kunstprojekt Skattejagt Byvandring Foredrag Skoledag Kunstprojekt Skattejagt Byvandring Foredrag Byvandring Tidspunkt aftales ved bestilling. Kom med p\u00e5 byvandring i Ole Lund Kirkegaards fodspor Museum Skanderborg byder 3. klasserne med p\u00e5 historisk byvandring i Ole Lund Kirkegaards fodspor i Skanderborg bymidte. Varighed ca. 1 time. Tilmelding sker ved &hellip; <\/p>\n<p class=\"link-more\"><a href=\"https:\/\/sloengeldage.dk\/index.php\/byvandring\/\" class=\"more-link\">Continue reading<span class=\"screen-reader-text\"> &#8220;Byvandring&#8221;<\/span><\/a><\/p>\n","protected":false},"author":1,"featured_media":0,"parent":0,"menu_order":0,"comment_status":"closed","ping_status":"closed","template":"brizy-blank-template.php","meta":{"footnotes":""},"folder":[74],"class_list":["post-1088","page","type-page","status-publish","hentry","entry"],"brizy_media":[{"id":1039,"url":"https:\/\/sloengeldage.dk\/wp-content\/uploads\/dragentilweb.jpg","name":"dragentilweb.jpg","meta":{"brizy_attachment_uid":"wp-cfd4b8d74e786156223283b3e38f393a.jpg","brizy_post_uid":["e36a328443f0b90c2d38838d3f6c80e2","756f51cbb6f12fac96bf1362a2b04a55","6d227a1bae91fa73cc221ff7e925360f"]}}],"_links":{"self":[{"href":"https:\/\/sloengeldage.dk\/index.php\/wp-json\/wp\/v2\/pages\/1088","targetHints":{"allow":["GET"]}}],"collection":[{"href":"https:\/\/sloengeldage.dk\/index.php\/wp-json\/wp\/v2\/pages"}],"about":[{"href":"https:\/\/sloengeldage.dk\/index.php\/wp-json\/wp\/v2\/types\/page"}],"author":[{"embeddable":true,"href":"https:\/\/sloengeldage.dk\/index.php\/wp-json\/wp\/v2\/users\/1"}],"replies":[{"embeddable":true,"href":"https:\/\/sloengeldage.dk\/index.php\/wp-json\/wp\/v2\/comments?post=1088"}],"version-history":[{"count":17,"href":"https:\/\/sloengeldage.dk\/index.php\/wp-json\/wp\/v2\/pages\/1088\/revisions"}],"predecessor-version":[{"id":2597,"href":"https:\/\/sloengeldage.dk\/index.php\/wp-json\/wp\/v2\/pages\/1088\/revisions\/2597"}],"wp:attachment":[{"href":"https:\/\/sloengeldage.dk\/index.php\/wp-json\/wp\/v2\/media?parent=1088"}],"wp:term":[{"taxonomy":"folder","embeddable":true,"href":"https:\/\/sloengeldage.dk\/index.php\/wp-json\/wp\/v2\/folder?post=1088"}],"curies":[{"name":"wp","href":"https:\/\/api.w.org\/{rel}","templated":true}]}}