{"id":1009,"date":"2025-06-02T08:47:07","date_gmt":"2025-06-02T08:47:07","guid":{"rendered":"http:\/\/167.235.1.82\/~sloengel\/nyside\/?page_id=1009"},"modified":"2026-04-07T09:25:54","modified_gmt":"2026-04-07T09:25:54","slug":"skattejagt","status":"publish","type":"page","link":"https:\/\/sloengeldage.dk\/index.php\/skattejagt\/","title":{"rendered":"Skattejagt"},"content":{"rendered":"<div class=\"brz brz-root__container brz-reset-all brz-root__container-page\">\n<section id=\"xfiDv8NrrKNJ_xfiDv8NrrKNJ\" class=\"brz-section brz-css-d-section brz-css-1e731pd\">\n<div class=\"brz-section__content brz-section--boxed brz-css-d-sectionitem-bg brz-css-1owtm1q\" data-brz-custom-id=\"schgCdHx6wmU\">\n<div class=\"brz-bg\">\n<div class=\"brz-bg-image\"><\/div>\n<\/div>\n<div class=\"brz-container brz-css-d-sectionitem-container brz-css-15p0h9o\">\n<div id=\"\" class=\"brz-css-d-wrapper brz-css-1adasn8 brz-wrapper\">\n<div class=\"brz-rich-text brz-rich-text__custom brz-css-d-richtext brz-css-6pjjkx\" data-brz-custom-id=\"moKn2s1j9XhM\">\n<div data-brz-translate-text=\"1\">\n<p class=\"brz-tp-lg-p6v2dfHnW29e brz-fss-lg-px brz-fw-lg-700 brz-ls-lg-0 brz-lh-lg-1_7 brz-vfw-lg-400 brz-fwdth-lg-100 brz-fsft-lg-0 brz-ff-roboto brz-ft-google brz-fs-lg-55 brz-text-lg-right brz-css-fHihX\" data-generated-css=\"brz-css-zSS60\" data-uniq-id=\"q2nqn\"><span class=\"brz-cp-color5\"> <\/span><\/p>\n<p class=\"brz-tp-lg-p6v2dfHnW29e brz-fss-lg-px brz-fw-lg-700 brz-ls-lg-0 brz-lh-lg-1_7 brz-vfw-lg-400 brz-fwdth-lg-100 brz-fsft-lg-0 brz-ff-roboto brz-ft-google brz-fs-lg-55 brz-text-lg-right brz-css-zFoqq\" data-generated-css=\"brz-css-zSS60\" data-uniq-id=\"q2nqn\"><span class=\"brz-cp-color5\">En heslig skattejagt <\/span><\/p>\n<h1 class=\"brz-tp-lg-heading1 brz-text-lg-center brz-ff-roboto brz-ft-google brz-fs-lg-30 brz-fss-lg-px brz-fw-lg-700 brz-ls-lg-0 brz-lh-lg-1_7 brz-vfw-lg-400 brz-fwdth-lg-100 brz-fsft-lg-0 brz-css-lOPT3\" data-generated-css=\"brz-css-z1Ynr\" data-uniq-id=\"hex5l\"><\/h1>\n<p class=\"brz-tp-lg-paragraph brz-css-aeckU\" data-generated-css=\"brz-css-qhkTz\" data-uniq-id=\"jXLSG\"><\/p>\n<\/div>\n<\/div>\n<\/div>\n<\/div>\n<\/div>\n<\/section>\n<section id=\"ondngaO5vLu6_ondngaO5vLu6\" class=\"brz-section brz-css-d-section brz-css-1p0n60u\">\n<div class=\"brz-section__content brz-section--boxed brz-css-d-sectionitem-bg brz-css-10ckc14\" data-brz-custom-id=\"coAZGxBqPKEF\">\n<div class=\"brz-bg\">\n<div class=\"brz-bg-color\"><\/div>\n<\/div>\n<div class=\"brz-container brz-css-d-sectionitem-container brz-css-1fl6a7u\">\n<div class=\"brz-row__container brz-css-d-row-row brz-css-raw3ed\" data-brz-custom-id=\"tvxMvO2b6NFW\">\n<div class=\"brz-row brz-css-d-row-container brz-css-r-row-container brz-css-7x60an\">\n<div class=\"brz-columns brz-css-d-column-column brz-css-gvf3ag\" data-brz-custom-id=\"mFf7nGCwBiq5\">\n<div class=\"brz-column__items brz-css-d-column-bg brz-css-1v13rya\">\n<div id=\"\" class=\"brz-css-d-wrapper brz-css-r0sxjf brz-wrapper\">\n<div class=\"brz-menu__container brz-css-d-menu-menu-container brz-css-1o7flwd\" data-mmenu-id=\"#dML0i2wl9tCn_d76d04d0fc82c1f229bc\" data-mmenu-position=\"position-left\" data-mmenu-title=\"Menu\" data-mmenu-stickytitle=\"off\" data-mmenu-isslider=\"false\" data-mmenu-closingicon=\"%7B%22desktop%22%3A%22off%22%2C%22tablet%22%3A%22off%22%2C%22mobile%22%3A%22off%22%7D\" data-brz-custom-id=\"dML0i2wl9tCn\">\n<nav data-mods=\"%7B%22desktop%22%3A%22vertical%22%2C%22tablet%22%3A%22vertical%22%2C%22mobile%22%3A%22vertical%22%7D\" class=\"brz-menu brz-menu__preview brz-css-d-menu-menu brz-css-1rkvf7p\">\n<ul class=\"brz-menu__ul\" data-menu-items-active=\"\">\n<li data-menu-item-id=\"e3cf966af9033ea586d7c152fe6a1942\" class=\"brz-menu__item menu-item menu-item-type-post_type menu-item-object-page\"><a class=\"brz-a\" target=\"\" href=\"https:\/\/sloengeldage.dk\/index.php\/skoledag\/\" title=\"\"><span class=\"brz-span\">Sl\u00f8ngeldag for skoler<\/span><\/a><\/li>\n<li data-menu-item-id=\"dea22a51c29630aa9fbc9802ee7b72a5\" class=\"brz-menu__item menu-item menu-item-type-post_type menu-item-object-page\"><a class=\"brz-a\" target=\"\" href=\"https:\/\/sloengeldage.dk\/index.php\/kunstprojekt\/\" title=\"\"><span class=\"brz-span\">Kunstprojekt<\/span><\/a><\/li>\n<li data-menu-item-id=\"a0accd47aa0e2d841afc2b2e5e6d7a5b\" class=\"brz-menu__item menu-item menu-item-type-post_type menu-item-object-page\"><a class=\"brz-a\" target=\"\" href=\"https:\/\/sloengeldage.dk\/index.php\/skattejagt\/\" title=\"\"><span class=\"brz-span\">Skattejagt<\/span><\/a><\/li>\n<li data-menu-item-id=\"d9228d11a53ed9d80d15120beb3c328a\" class=\"brz-menu__item menu-item menu-item-type-post_type menu-item-object-page\"><a class=\"brz-a\" target=\"\" href=\"https:\/\/sloengeldage.dk\/index.php\/byvandring\/\" title=\"\"><span class=\"brz-span\">Byvandring<\/span><\/a><\/li>\n<li data-menu-item-id=\"7cf232e44dd95950aade955a28dd1d61\" class=\"brz-menu__item menu-item menu-item-type-post_type menu-item-object-page\"><a class=\"brz-a\" target=\"\" href=\"https:\/\/sloengeldage.dk\/index.php\/foredrag\/\" title=\"\"><span class=\"brz-span\">Foredrag<\/span><\/a><\/li>\n<\/ul>\n<\/nav>\n<div class=\"brz-mm-menu__icon\" data-brz-brz-mmenu-icon=\"off\"><\/div>\n<nav data-mods=\"%7B%22desktop%22%3A%22vertical%22%2C%22tablet%22%3A%22vertical%22%2C%22mobile%22%3A%22vertical%22%7D\" id=\"dML0i2wl9tCn_d76d04d0fc82c1f229bc\" class=\"brz-menu brz-menu__preview brz-menu__mmenu brz-css-d-menu-mmenu brz-css-mydi04\">\n<ul class=\"brz-menu__ul\" data-menu-items-active=\"\">\n<li data-menu-item-id=\"e3cf966af9033ea586d7c152fe6a1942\" class=\"brz-menu__item menu-item menu-item-type-post_type menu-item-object-page\"><a class=\"brz-a\" target=\"\" href=\"https:\/\/sloengeldage.dk\/index.php\/skoledag\/\" title=\"\"><span class=\"brz-span\">Sl\u00f8ngeldag for skoler<\/span><\/a><\/li>\n<li data-menu-item-id=\"dea22a51c29630aa9fbc9802ee7b72a5\" class=\"brz-menu__item menu-item menu-item-type-post_type menu-item-object-page\"><a class=\"brz-a\" target=\"\" href=\"https:\/\/sloengeldage.dk\/index.php\/kunstprojekt\/\" title=\"\"><span class=\"brz-span\">Kunstprojekt<\/span><\/a><\/li>\n<li data-menu-item-id=\"a0accd47aa0e2d841afc2b2e5e6d7a5b\" class=\"brz-menu__item menu-item menu-item-type-post_type menu-item-object-page\"><a class=\"brz-a\" target=\"\" href=\"https:\/\/sloengeldage.dk\/index.php\/skattejagt\/\" title=\"\"><span class=\"brz-span\">Skattejagt<\/span><\/a><\/li>\n<li data-menu-item-id=\"d9228d11a53ed9d80d15120beb3c328a\" class=\"brz-menu__item menu-item menu-item-type-post_type menu-item-object-page\"><a class=\"brz-a\" target=\"\" href=\"https:\/\/sloengeldage.dk\/index.php\/byvandring\/\" title=\"\"><span class=\"brz-span\">Byvandring<\/span><\/a><\/li>\n<li data-menu-item-id=\"7cf232e44dd95950aade955a28dd1d61\" class=\"brz-menu__item menu-item menu-item-type-post_type menu-item-object-page\"><a class=\"brz-a\" target=\"\" href=\"https:\/\/sloengeldage.dk\/index.php\/foredrag\/\" title=\"\"><span class=\"brz-span\">Foredrag<\/span><\/a><\/li>\n<\/ul>\n<\/nav>\n<\/div>\n<\/div>\n<\/div>\n<\/div>\n<div class=\"brz-columns brz-css-d-column-column brz-css-qtec1h\" data-brz-custom-id=\"msTGXH2gQoIw\">\n<div class=\"brz-column__items brz-css-d-column-bg brz-css-1gwzi8v\">\n<div id=\"\" class=\"brz-css-d-wrapper brz-css-wnmxnd brz-wrapper\">\n<div class=\"brz-rich-text brz-rich-text__custom brz-css-d-richtext brz-css-1b9dd5x\" data-brz-custom-id=\"hsAo92PfKB1K\">\n<div data-brz-translate-text=\"1\">\n<h1 class=\"brz-tp-lg-heading1 brz-fsft-lg-0 brz-fwdth-lg-100 brz-vfw-lg-400 brz-lh-lg-1_3 brz-ls-lg-m_1_5 brz-fw-lg-700 brz-fss-lg-px brz-fs-lg-36 brz-ft-google brz-ff-roboto brz-text-lg-center brz-css-iQ2hG\" data-uniq-id=\"wGCXx\" data-generated-css=\"brz-css-dfe0B\"><span class=\"brz-cp-color4\">Tag p\u00e5 skattejagt<\/span><\/h1>\n<h2 class=\"brz-fsft-lg-0 brz-fwdth-lg-100 brz-vfw-lg-400 brz-lh-lg-1_3 brz-ls-lg-m_1_5 brz-fw-lg-700 brz-fss-lg-px brz-fs-lg-36 brz-ft-google brz-ff-roboto brz-text-lg-center brz-tp-lg-heading2 brz-css-kEAR7\" data-uniq-id=\"ocms0\" data-generated-css=\"brz-css-fdI8X\"><span class=\"brz-cp-color5\">i Skanderborg &#8211; Ole Lund Kirkegaards hjemby<\/span><span class=\"brz-cp-color4\"> <\/span><\/h2>\n<\/div>\n<\/div>\n<\/div>\n<div id=\"\" class=\"brz-css-d-wrapper brz-css-1vc3a6r brz-wrapper\">\n<div class=\"brz-rich-text brz-rich-text__custom brz-css-d-richtext brz-css-frv7o9\" data-brz-custom-id=\"exG3v_LbGF3h\">\n<div data-brz-translate-text=\"1\">\n<p class=\"brz-ff-roboto brz-ft-google brz-fs-lg-20 brz-fss-lg-px brz-fw-lg-400 brz-ls-lg-0 brz-lh-lg-1_7 brz-vfw-lg-400 brz-fwdth-lg-100 brz-fsft-lg-0 brz-tp-lg-paragraph brz-css-vddzT\" data-uniq-id=\"q0CBG\" data-generated-css=\"brz-css-hRoCS\"><span class=\"brz-cp-color1 brz-span\">Test din paratviden om Ole Lund Kirkegaards univers og udfyld en tipskupon. S\u00e5 deltager du i lodtr\u00e6kningen om m\u00e5nedens bog fra Bog &amp; Id\u00e9. Skattejagten kan evt. kombineres med en byvandring, hvor du efterf\u00f8lgende kan tage p\u00e5 skattejagt i h\u00e6lene p\u00e5 Ole Lund Kirkegaard.<\/span><\/p>\n<\/div>\n<\/div>\n<\/div>\n<div class=\"brz-wrapper-clone brz-flex-xs-wrap brz-css-d-cloneable brz-css-vu7xwr\" data-brz-custom-id=\"cpC8Y119jixR\"><a class=\"brz-a brz-btn brz-css-d-button brz-css-1nybrhw brz-css-d-button-bg brz-css-f7sk0t\" target=\"_blank\" rel=\"noopener noreferrer\" href=\"https:\/\/sloengeldage.dk\/wp-content\/uploads\/Skattejagt_2024.pdf\" data-brz-link-type=\"upload\" data-brz-custom-id=\"eR49evWSxfFo\"><span data-brz-translate-text=\"1\" class=\"brz-span brz-text__editor\">Hent Skattekort<\/span><\/a><\/div>\n<div id=\"\" class=\"brz-css-d-wrapper brz-css-1g6hwf8 brz-wrapper\">\n<div class=\"brz-image brz-css-d-image-fbzwplg_pald-parent brz-css-hisus3\" data-brz-custom-id=\"fBZWplG_pald\"><a class=\"brz-a\" target=\"_blank\" rel=\"noopener noreferrer\" href=\"https:\/\/sloengeldage.dk\/wp-content\/uploads\/Skattejagt_2024.pdf\" data-brz-link-type=\"upload\"><img decoding=\"async\" class=\"brz-img\" src=\"https:\/\/sloengeldage.dk\/wp-content\/uploads\/skattejagt_forside.jpg\" loading=\"lazy\" title=\"\"><\/a><\/div>\n<\/div>\n<\/div>\n<\/div>\n<\/div>\n<\/div>\n<\/div>\n<\/div>\n<\/section><\/div>\n<p><!-- version:1763993370 --><\/p>\n","protected":false},"excerpt":{"rendered":"<p>En heslig skattejagt Sl\u00f8ngeldag for skoler Kunstprojekt Skattejagt Byvandring Foredrag Sl\u00f8ngeldag for skoler Kunstprojekt Skattejagt Byvandring Foredrag Tag p\u00e5 skattejagt i Skanderborg &#8211; Ole Lund Kirkegaards hjemby Test din paratviden om Ole Lund Kirkegaards univers og udfyld en tipskupon. S\u00e5 deltager du i lodtr\u00e6kningen om m\u00e5nedens bog fra Bog &amp; Id\u00e9. Skattejagten kan evt. kombineres &hellip; <\/p>\n<p class=\"link-more\"><a href=\"https:\/\/sloengeldage.dk\/index.php\/skattejagt\/\" class=\"more-link\">Continue reading<span class=\"screen-reader-text\"> &#8220;Skattejagt&#8221;<\/span><\/a><\/p>\n","protected":false},"author":1,"featured_media":0,"parent":0,"menu_order":0,"comment_status":"closed","ping_status":"closed","template":"brizy-blank-template.php","meta":{"footnotes":""},"folder":[74],"class_list":["post-1009","page","type-page","status-publish","hentry","entry"],"brizy_media":[{"id":1003,"url":"https:\/\/sloengeldage.dk\/wp-content\/uploads\/Gavl.jpeg","name":"Gavl.jpeg","meta":{"brizy_attachment_uid":"wp-ad7998596771fcde11e5ca004e9a5905.jpeg","brizy_post_uid":["f913192b7e2fd629064f0d005f0ea7e7","b0b5165ab2d2be8592c22070735c2047","6d227a1bae91fa73cc221ff7e925360f"]}},{"id":1022,"url":"https:\/\/sloengeldage.dk\/wp-content\/uploads\/skattejagt_forside.jpg","name":"skattejagt_forside.jpg","meta":{"brizy_attachment_uid":"wp-41ea9d0b61da5dfa580ce60dab1914bc.jpg","brizy_post_uid":["b0b5165ab2d2be8592c22070735c2047"]}}],"_links":{"self":[{"href":"https:\/\/sloengeldage.dk\/index.php\/wp-json\/wp\/v2\/pages\/1009","targetHints":{"allow":["GET"]}}],"collection":[{"href":"https:\/\/sloengeldage.dk\/index.php\/wp-json\/wp\/v2\/pages"}],"about":[{"href":"https:\/\/sloengeldage.dk\/index.php\/wp-json\/wp\/v2\/types\/page"}],"author":[{"embeddable":true,"href":"https:\/\/sloengeldage.dk\/index.php\/wp-json\/wp\/v2\/users\/1"}],"replies":[{"embeddable":true,"href":"https:\/\/sloengeldage.dk\/index.php\/wp-json\/wp\/v2\/comments?post=1009"}],"version-history":[{"count":15,"href":"https:\/\/sloengeldage.dk\/index.php\/wp-json\/wp\/v2\/pages\/1009\/revisions"}],"predecessor-version":[{"id":2841,"href":"https:\/\/sloengeldage.dk\/index.php\/wp-json\/wp\/v2\/pages\/1009\/revisions\/2841"}],"wp:attachment":[{"href":"https:\/\/sloengeldage.dk\/index.php\/wp-json\/wp\/v2\/media?parent=1009"}],"wp:term":[{"taxonomy":"folder","embeddable":true,"href":"https:\/\/sloengeldage.dk\/index.php\/wp-json\/wp\/v2\/folder?post=1009"}],"curies":[{"name":"wp","href":"https:\/\/api.w.org\/{rel}","templated":true}]}}